{"id":16,"date":"2025-01-03T17:26:40","date_gmt":"2025-01-03T17:26:40","guid":{"rendered":"https:\/\/jcj.qow.mybluehost.me\/cart\/"},"modified":"2025-01-05T19:16:39","modified_gmt":"2025-01-05T18:16:39","slug":"cart","status":"publish","type":"page","link":"https:\/\/la-cortigiana.it\/de\/cart\/","title":{"rendered":"Warenkorb"},"content":{"rendered":"<div data-block-name=\"woocommerce\/cart\" class=\"wp-block-woocommerce-cart alignwide is-loading\">\n<div data-block-name=\"woocommerce\/filled-cart-block\" class=\"wp-block-woocommerce-filled-cart-block\">\n<div data-block-name=\"woocommerce\/cart-items-block\" class=\"wp-block-woocommerce-cart-items-block\">\n<div data-block-name=\"woocommerce\/cart-line-items-block\" class=\"wp-block-woocommerce-cart-line-items-block\"><\/div>\n\n\n\n<div data-block-name=\"woocommerce\/cart-cross-sells-block\" class=\"wp-block-woocommerce-cart-cross-sells-block\">\n<h2 class=\"wp-block-heading has-large-font-size\">Das k\u00f6nnte Sie interessieren \u2026<\/h2>\n\n\n\n<div data-block-name=\"woocommerce\/cart-cross-sells-products-block\" class=\"wp-block-woocommerce-cart-cross-sells-products-block\"><\/div>\n<\/div>\n<\/div>\n\n\n\n<div data-block-name=\"woocommerce\/cart-totals-block\" class=\"wp-block-woocommerce-cart-totals-block\">\n<div data-block-name=\"woocommerce\/cart-order-summary-block\" class=\"wp-block-woocommerce-cart-order-summary-block\">\n<div data-block-name=\"woocommerce\/cart-order-summary-heading-block\" class=\"wp-block-woocommerce-cart-order-summary-heading-block\"><\/div><div data-block-name=\"woocommerce\/cart-order-summary-coupon-form-block\" class=\"wp-block-woocommerce-cart-order-summary-coupon-form-block\"><\/div><div data-block-name=\"woocommerce\/cart-order-summary-totals-block\" class=\"wp-block-woocommerce-cart-order-summary-totals-block\">\n<div data-block-name=\"woocommerce\/cart-order-summary-subtotal-block\" class=\"wp-block-woocommerce-cart-order-summary-subtotal-block\"><\/div>\n<div data-block-name=\"woocommerce\/cart-order-summary-discount-block\" class=\"wp-block-woocommerce-cart-order-summary-discount-block\"><\/div>\n<div data-block-name=\"woocommerce\/cart-order-summary-fee-block\" class=\"wp-block-woocommerce-cart-order-summary-fee-block\"><\/div>\n<div data-block-name=\"woocommerce\/cart-order-summary-shipping-block\" class=\"wp-block-woocommerce-cart-order-summary-shipping-block\"><\/div>\n<div data-block-name=\"woocommerce\/cart-order-summary-taxes-block\" class=\"wp-block-woocommerce-cart-order-summary-taxes-block\"><\/div><\/div>\n<\/div>\n\n\n\n<div data-block-name=\"woocommerce\/cart-express-payment-block\" class=\"wp-block-woocommerce-cart-express-payment-block\"><\/div>\n\n\n\n<div data-block-name=\"woocommerce\/proceed-to-checkout-block\" class=\"wp-block-woocommerce-proceed-to-checkout-block\"><\/div>\n\n\n\n<div data-block-name=\"woocommerce\/cart-accepted-payment-methods-block\" class=\"wp-block-woocommerce-cart-accepted-payment-methods-block\"><\/div>\n<\/div>\n<\/div>\n\n\n\n<div data-block-name=\"woocommerce\/empty-cart-block\" class=\"wp-block-woocommerce-empty-cart-block\">\n<h2 class=\"wp-block-heading has-text-align-center with-empty-cart-icon wc-block-cart__empty-cart__title\">Ihr Einkaufswagen ist derzeit leer!<\/h2>\n\n\n\n<hr class=\"wp-block-separator has-alpha-channel-opacity is-style-dots\"\/>\n\n\n\n<h2 class=\"wp-block-heading has-text-align-center\">Neu im Shop<\/h2>\n\n\n<div data-block-name=\"woocommerce\/product-new\" data-columns=\"4\" data-rows=\"1\" class=\"wc-block-grid wp-block-product-new wp-block-woocommerce-product-new wc-block-product-new has-4-columns\"><ul class=\"wc-block-grid__products\"><li class=\"wc-block-grid__product\">\n\t\t\t\t<a href=\"https:\/\/la-cortigiana.it\/de\/produkt\/the-deep-analysis-behavioral-strategy-power-dynamics\/\" class=\"wc-block-grid__product-link\">\n\t\t\t\t\t\n\t\t\t\t\t<div class=\"wc-block-grid__product-image\"><img fetchpriority=\"high\" decoding=\"async\" width=\"300\" height=\"300\" src=\"https:\/\/la-cortigiana.it\/wp-content\/uploads\/woocommerce-placeholder-300x300.png\" class=\"woocommerce-placeholder wp-post-image\" alt=\"\" srcset=\"https:\/\/la-cortigiana.it\/wp-content\/uploads\/woocommerce-placeholder-300x300.png 300w, https:\/\/la-cortigiana.it\/wp-content\/uploads\/woocommerce-placeholder-100x100.png 100w, https:\/\/la-cortigiana.it\/wp-content\/uploads\/woocommerce-placeholder-600x600.png 600w, https:\/\/la-cortigiana.it\/wp-content\/uploads\/woocommerce-placeholder-1024x1024.png 1024w, https:\/\/la-cortigiana.it\/wp-content\/uploads\/woocommerce-placeholder-150x150.png 150w, https:\/\/la-cortigiana.it\/wp-content\/uploads\/woocommerce-placeholder-768x768.png 768w, https:\/\/la-cortigiana.it\/wp-content\/uploads\/woocommerce-placeholder.png 1200w\" sizes=\"(max-width: 300px) 100vw, 300px\" \/><\/div>\n\t\t\t\t\t<div class=\"wc-block-grid__product-title\">Die Tiefenanalyse: Verhaltensstrategie &amp; Machtdynamik<\/div>\n\t\t\t\t<\/a>\n\t\t\t\t<div class=\"wc-block-grid__product-price price\"><span class=\"woocommerce-Price-amount amount\">42.00<span class=\"woocommerce-Price-currencySymbol\">\u20ac<\/span><\/span><\/div>\n\t\t\t\t\n\t\t\t\t<div class=\"wp-block-button wc-block-grid__product-add-to-cart\"><a href=\"\/de\/wp-json\/wp\/v2\/pages\/16?add-to-cart=2680\" aria-label=\"Zum Warenkorb hinzuf\u00fcgen: \u201eThe Deep Analysis: Behavioral Strategy &amp; Power Dynamics\u201c\" data-quantity=\"1\" data-product_id=\"2680\" data-product_sku=\"\" data-price=\"42\" rel=\"nofollow\" class=\"wp-block-button__link wp-element-button add_to_cart_button ajax_add_to_cart\" data-no-translation=\"\" data-trp-gettext=\"\" data-no-translation-aria-label=\"\">In den Warenkorb legen<\/a><\/div>\n\t\t\t<\/li><li class=\"wc-block-grid__product\">\n\t\t\t\t<a href=\"https:\/\/la-cortigiana.it\/de\/produkt\/the-open-marriage-safety-manual-a-structured-blueprint-for-ethical-non-monogamy-in-long-term-couples-digital-edition\/\" class=\"wc-block-grid__product-link\">\n\t\t\t\t\t\n\t\t\t\t\t<div class=\"wc-block-grid__product-image\"><img decoding=\"async\" width=\"300\" height=\"300\" src=\"https:\/\/la-cortigiana.it\/wp-content\/uploads\/2026\/02\/The-Open-Marriage-Safety-Manual-300x300.jpg\" class=\"attachment-woocommerce_thumbnail size-woocommerce_thumbnail\" alt=\"The Open Marriage Safety Manual\" srcset=\"https:\/\/la-cortigiana.it\/wp-content\/uploads\/2026\/02\/The-Open-Marriage-Safety-Manual-300x300.jpg 300w, https:\/\/la-cortigiana.it\/wp-content\/uploads\/2026\/02\/The-Open-Marriage-Safety-Manual-100x100.jpg 100w, https:\/\/la-cortigiana.it\/wp-content\/uploads\/2026\/02\/The-Open-Marriage-Safety-Manual-700x700.jpg 700w, https:\/\/la-cortigiana.it\/wp-content\/uploads\/2026\/02\/The-Open-Marriage-Safety-Manual-150x150.jpg 150w\" sizes=\"(max-width: 300px) 100vw, 300px\" \/><\/div>\n\t\t\t\t\t<div class=\"wc-block-grid__product-title\">Das Handbuch f\u00fcr sichere offene Ehen\u2122 Ein strukturierter Leitfaden f\u00fcr ethische Nicht-Monogamie in Langzeitbeziehungen (Digitale Ausgabe)<\/div>\n\t\t\t\t<\/a>\n\t\t\t\t<div class=\"wc-block-grid__product-price price\"><span class=\"woocommerce-Price-amount amount\">11.00<span class=\"woocommerce-Price-currencySymbol\">\u20ac<\/span><\/span><\/div>\n\t\t\t\t\n\t\t\t\t<div class=\"wp-block-button wc-block-grid__product-add-to-cart\"><a href=\"https:\/\/la-cortigiana.it\/de\/produkt\/the-open-marriage-safety-manual-a-structured-blueprint-for-ethical-non-monogamy-in-long-term-couples-digital-edition\/\" aria-label=\"Optionen f\u00fcr \u201eThe Open Marriage Safety Manual\u2122 A Structured Blueprint for Ethical Non-Monogamy in Long-Term Couples (Digital Edition)\u201c ausw\u00e4hlen\" data-quantity=\"1\" data-product_id=\"2557\" data-product_sku=\"\" data-price=\"11\" rel=\"nofollow\" class=\"wp-block-button__link wp-element-button add_to_cart_button\" data-no-translation=\"\" data-trp-gettext=\"\" data-no-translation-aria-label=\"\">Ausf\u00fchrung w\u00e4hlen<\/a><\/div>\n\t\t\t<\/li><li class=\"wc-block-grid__product\">\n\t\t\t\t<a href=\"https:\/\/la-cortigiana.it\/de\/produkt\/locking-steel-handcuffs\/\" class=\"wc-block-grid__product-link\">\n\t\t\t\t\t\n\t\t\t\t\t<div class=\"wc-block-grid__product-image\"><img decoding=\"async\" width=\"300\" height=\"300\" src=\"https:\/\/la-cortigiana.it\/wp-content\/uploads\/2026\/02\/DSCF9052-300x300.jpg\" class=\"attachment-woocommerce_thumbnail size-woocommerce_thumbnail\" alt=\"Locking Steel Handcuffs\" srcset=\"https:\/\/la-cortigiana.it\/wp-content\/uploads\/2026\/02\/DSCF9052-300x300.jpg 300w, https:\/\/la-cortigiana.it\/wp-content\/uploads\/2026\/02\/DSCF9052-100x100.jpg 100w, https:\/\/la-cortigiana.it\/wp-content\/uploads\/2026\/02\/DSCF9052-700x700.jpg 700w, https:\/\/la-cortigiana.it\/wp-content\/uploads\/2026\/02\/DSCF9052-150x150.jpg 150w\" sizes=\"(max-width: 300px) 100vw, 300px\" \/><\/div>\n\t\t\t\t\t<div class=\"wc-block-grid__product-title\">Abschlie\u00dfbare Stahlhandschellen<\/div>\n\t\t\t\t<\/a>\n\t\t\t\t<div class=\"wc-block-grid__product-price price\"><span class=\"woocommerce-Price-amount amount\">120.00<span class=\"woocommerce-Price-currencySymbol\">\u20ac<\/span><\/span><\/div>\n\t\t\t\t\n\t\t\t\t<div class=\"wp-block-button wc-block-grid__product-add-to-cart\"><a href=\"https:\/\/la-cortigiana.it\/de\/produkt\/locking-steel-handcuffs\/\" aria-label=\"Zum Warenkorb hinzuf\u00fcgen: \u201eLocking Steel Handcuffs\u201c\" data-quantity=\"1\" data-product_id=\"2403\" data-product_sku=\"\" data-price=\"120\" rel=\"nofollow\" class=\"wp-block-button__link wp-element-button add_to_cart_button\" data-no-translation-aria-label=\"\">Optionen ausw\u00e4hlen<\/a><\/div>\n\t\t\t<\/li><li class=\"wc-block-grid__product\">\n\t\t\t\t<a href=\"https:\/\/la-cortigiana.it\/de\/produkt\/private-frame-no-1-an-intimate-art-object\/\" class=\"wc-block-grid__product-link\">\n\t\t\t\t\t\n\t\t\t\t\t<div class=\"wc-block-grid__product-image\"><img loading=\"lazy\" decoding=\"async\" width=\"300\" height=\"300\" src=\"https:\/\/la-cortigiana.it\/wp-content\/uploads\/2026\/01\/DSCF1855-300x300.jpg\" class=\"attachment-woocommerce_thumbnail size-woocommerce_thumbnail\" alt=\"La Cortigiana Private Frame No. I An Intimate Art Object\" srcset=\"https:\/\/la-cortigiana.it\/wp-content\/uploads\/2026\/01\/DSCF1855-300x300.jpg 300w, https:\/\/la-cortigiana.it\/wp-content\/uploads\/2026\/01\/DSCF1855-100x100.jpg 100w, https:\/\/la-cortigiana.it\/wp-content\/uploads\/2026\/01\/DSCF1855-700x700.jpg 700w, https:\/\/la-cortigiana.it\/wp-content\/uploads\/2026\/01\/DSCF1855-150x150.jpg 150w\" sizes=\"(max-width: 300px) 100vw, 300px\" \/><\/div>\n\t\t\t\t\t<div class=\"wc-block-grid__product-title\">Privater Rahmen Nr. 1 Ein intimes Kunstobjekt<\/div>\n\t\t\t\t<\/a>\n\t\t\t\t<div class=\"wc-block-grid__product-price price\"><span class=\"woocommerce-Price-amount amount\">480.00<span class=\"woocommerce-Price-currencySymbol\">\u20ac<\/span><\/span><\/div>\n\t\t\t\t\n\t\t\t\t<div class=\"wp-block-button wc-block-grid__product-add-to-cart\"><a href=\"\/de\/wp-json\/wp\/v2\/pages\/16?add-to-cart=2369\" aria-label=\"Zum Warenkorb hinzuf\u00fcgen: \u201ePrivate Frame No. 1 An Intimate Art Object\u201c\" data-quantity=\"1\" data-product_id=\"2369\" data-product_sku=\"\" data-price=\"480\" rel=\"nofollow\" class=\"wp-block-button__link wp-element-button add_to_cart_button ajax_add_to_cart\" data-no-translation=\"\" data-trp-gettext=\"\" data-no-translation-aria-label=\"\">In den Warenkorb legen<\/a><\/div>\n\t\t\t<\/li><\/ul><\/div><\/div>\n<\/div>","protected":false},"excerpt":{"rendered":"","protected":false},"author":1,"featured_media":0,"parent":0,"menu_order":0,"comment_status":"closed","ping_status":"closed","template":"","meta":{"nf_dc_page":"","googlesitekit_rrm_CAowrc_CDA:productID":"","footnotes":""},"class_list":["post-16","page","type-page","status-publish","hentry"],"yoast_head":"<!-- This site is optimized with the Yoast SEO Premium plugin v25.6 (Yoast SEO v27.4) - https:\/\/yoast.com\/product\/yoast-seo-premium-wordpress\/ -->\n<title>Cart - La Cortigiana | Handcrafted Leather Accessories for Bold Desires<\/title>\n<meta name=\"robots\" content=\"index, follow, max-snippet:-1, max-image-preview:large, max-video-preview:-1\" \/>\n<link rel=\"canonical\" href=\"https:\/\/la-cortigiana.it\/de\/cart\/\" \/>\n<meta property=\"og:locale\" content=\"de_DE\" \/>\n<meta property=\"og:type\" content=\"article\" \/>\n<meta property=\"og:title\" content=\"Cart\" \/>\n<meta property=\"og:url\" content=\"https:\/\/la-cortigiana.it\/de\/cart\/\" \/>\n<meta property=\"og:site_name\" content=\"La Cortigiana | Handcrafted Leather Accessories for Bold Desires\" \/>\n<meta property=\"article:publisher\" content=\"https:\/\/www.facebook.com\/LaCortigiana\/\" \/>\n<meta property=\"article:modified_time\" content=\"2025-01-05T18:16:39+00:00\" \/>\n<meta property=\"og:image\" content=\"https:\/\/la-cortigiana.it\/wp-content\/uploads\/2026\/01\/three2.jpg\" \/>\n\t<meta property=\"og:image:width\" content=\"1000\" \/>\n\t<meta property=\"og:image:height\" content=\"667\" \/>\n\t<meta property=\"og:image:type\" content=\"image\/jpeg\" \/>\n<meta name=\"twitter:card\" content=\"summary_large_image\" \/>\n<meta name=\"twitter:site\" content=\"@la_cortigianait\" \/>\n<script type=\"application\/ld+json\" class=\"yoast-schema-graph\">{\"@context\":\"https:\\\/\\\/schema.org\",\"@graph\":[{\"@type\":\"WebPage\",\"@id\":\"https:\\\/\\\/la-cortigiana.it\\\/cart\\\/\",\"url\":\"https:\\\/\\\/la-cortigiana.it\\\/cart\\\/\",\"name\":\"Cart - La Cortigiana | Handcrafted Leather Accessories for Bold Desires\",\"isPartOf\":{\"@id\":\"https:\\\/\\\/la-cortigiana.it\\\/#website\"},\"datePublished\":\"2025-01-03T17:26:40+00:00\",\"dateModified\":\"2025-01-05T18:16:39+00:00\",\"breadcrumb\":{\"@id\":\"https:\\\/\\\/la-cortigiana.it\\\/cart\\\/#breadcrumb\"},\"inLanguage\":\"de\",\"potentialAction\":[{\"@type\":\"ReadAction\",\"target\":[\"https:\\\/\\\/la-cortigiana.it\\\/cart\\\/\"]}]},{\"@type\":\"BreadcrumbList\",\"@id\":\"https:\\\/\\\/la-cortigiana.it\\\/cart\\\/#breadcrumb\",\"itemListElement\":[{\"@type\":\"ListItem\",\"position\":1,\"name\":\"Home\",\"item\":\"https:\\\/\\\/la-cortigiana.it\\\/\"},{\"@type\":\"ListItem\",\"position\":2,\"name\":\"Cart\"}]},{\"@type\":\"WebSite\",\"@id\":\"https:\\\/\\\/la-cortigiana.it\\\/#website\",\"url\":\"https:\\\/\\\/la-cortigiana.it\\\/\",\"name\":\"La Cortigiana | Discreet Symbol Jewelry & Erotic Leather, Handmade in Italy\",\"description\":\"Quiet Marks of Chosen Desire\",\"publisher\":{\"@id\":\"https:\\\/\\\/la-cortigiana.it\\\/#organization\"},\"potentialAction\":[{\"@type\":\"SearchAction\",\"target\":{\"@type\":\"EntryPoint\",\"urlTemplate\":\"https:\\\/\\\/la-cortigiana.it\\\/?s={search_term_string}\"},\"query-input\":{\"@type\":\"PropertyValueSpecification\",\"valueRequired\":true,\"valueName\":\"search_term_string\"}}],\"inLanguage\":\"de\"},{\"@type\":\"Organization\",\"@id\":\"https:\\\/\\\/la-cortigiana.it\\\/#organization\",\"name\":\"La Cortigiana\",\"url\":\"https:\\\/\\\/la-cortigiana.it\\\/\",\"logo\":{\"@type\":\"ImageObject\",\"inLanguage\":\"de\",\"@id\":\"https:\\\/\\\/la-cortigiana.it\\\/#\\\/schema\\\/logo\\\/image\\\/\",\"url\":\"https:\\\/\\\/la-cortigiana.it\\\/wp-content\\\/uploads\\\/2025\\\/01\\\/La-Cortigiana.png\",\"contentUrl\":\"https:\\\/\\\/la-cortigiana.it\\\/wp-content\\\/uploads\\\/2025\\\/01\\\/La-Cortigiana.png\",\"width\":1646,\"height\":575,\"caption\":\"La Cortigiana\"},\"image\":{\"@id\":\"https:\\\/\\\/la-cortigiana.it\\\/#\\\/schema\\\/logo\\\/image\\\/\"},\"sameAs\":[\"https:\\\/\\\/www.facebook.com\\\/LaCortigiana\\\/\",\"https:\\\/\\\/x.com\\\/la_cortigianait\",\"https:\\\/\\\/www.instagram.com\\\/la_cortigiana.it\",\"https:\\\/\\\/substack.com\\\/@lacortigiana\"]}]}<\/script>\n<!-- \/ Yoast SEO Premium plugin. -->","yoast_head_json":{"title":"Warenkorb - La Cortigiana | Handgefertigte Lederaccessoires f\u00fcr k\u00fchne W\u00fcnsche","robots":{"index":"index","follow":"follow","max-snippet":"max-snippet:-1","max-image-preview":"max-image-preview:large","max-video-preview":"max-video-preview:-1"},"canonical":"https:\/\/la-cortigiana.it\/de\/cart\/","og_locale":"de_DE","og_type":"article","og_title":"Cart","og_url":"https:\/\/la-cortigiana.it\/de\/cart\/","og_site_name":"La Cortigiana | Handcrafted Leather Accessories for Bold Desires","article_publisher":"https:\/\/www.facebook.com\/LaCortigiana\/","article_modified_time":"2025-01-05T18:16:39+00:00","og_image":[{"width":1000,"height":667,"url":"https:\/\/la-cortigiana.it\/wp-content\/uploads\/2026\/01\/three2.jpg","type":"image\/jpeg"}],"twitter_card":"summary_large_image","twitter_site":"@la_cortigianait","schema":{"@context":"https:\/\/schema.org","@graph":[{"@type":"WebPage","@id":"https:\/\/la-cortigiana.it\/cart\/","url":"https:\/\/la-cortigiana.it\/cart\/","name":"Warenkorb - La Cortigiana | Handgefertigte Lederaccessoires f\u00fcr k\u00fchne W\u00fcnsche","isPartOf":{"@id":"https:\/\/la-cortigiana.it\/#website"},"datePublished":"2025-01-03T17:26:40+00:00","dateModified":"2025-01-05T18:16:39+00:00","breadcrumb":{"@id":"https:\/\/la-cortigiana.it\/cart\/#breadcrumb"},"inLanguage":"de","potentialAction":[{"@type":"ReadAction","target":["https:\/\/la-cortigiana.it\/cart\/"]}]},{"@type":"BreadcrumbList","@id":"https:\/\/la-cortigiana.it\/cart\/#breadcrumb","itemListElement":[{"@type":"ListItem","position":1,"name":"Home","item":"https:\/\/la-cortigiana.it\/"},{"@type":"ListItem","position":2,"name":"Cart"}]},{"@type":"WebSite","@id":"https:\/\/la-cortigiana.it\/#website","url":"https:\/\/la-cortigiana.it\/","name":"La Cortigiana | Diskret-symbolischer Schmuck &amp; erotisches Leder, handgefertigt in Italien","description":"Stille Zeichen erw\u00e4hlten Verlangens","publisher":{"@id":"https:\/\/la-cortigiana.it\/#organization"},"potentialAction":[{"@type":"SearchAction","target":{"@type":"EntryPoint","urlTemplate":"https:\/\/la-cortigiana.it\/?s={search_term_string}"},"query-input":{"@type":"PropertyValueSpecification","valueRequired":true,"valueName":"search_term_string"}}],"inLanguage":"de"},{"@type":"Organization","@id":"https:\/\/la-cortigiana.it\/#organization","name":"La Cortigiana","url":"https:\/\/la-cortigiana.it\/","logo":{"@type":"ImageObject","inLanguage":"de","@id":"https:\/\/la-cortigiana.it\/#\/schema\/logo\/image\/","url":"https:\/\/la-cortigiana.it\/wp-content\/uploads\/2025\/01\/La-Cortigiana.png","contentUrl":"https:\/\/la-cortigiana.it\/wp-content\/uploads\/2025\/01\/La-Cortigiana.png","width":1646,"height":575,"caption":"La Cortigiana"},"image":{"@id":"https:\/\/la-cortigiana.it\/#\/schema\/logo\/image\/"},"sameAs":["https:\/\/www.facebook.com\/LaCortigiana\/","https:\/\/x.com\/la_cortigianait","https:\/\/www.instagram.com\/la_cortigiana.it","https:\/\/substack.com\/@lacortigiana"]}]}},"_links":{"self":[{"href":"https:\/\/la-cortigiana.it\/de\/wp-json\/wp\/v2\/pages\/16","targetHints":{"allow":["GET"]}}],"collection":[{"href":"https:\/\/la-cortigiana.it\/de\/wp-json\/wp\/v2\/pages"}],"about":[{"href":"https:\/\/la-cortigiana.it\/de\/wp-json\/wp\/v2\/types\/page"}],"author":[{"embeddable":true,"href":"https:\/\/la-cortigiana.it\/de\/wp-json\/wp\/v2\/users\/1"}],"replies":[{"embeddable":true,"href":"https:\/\/la-cortigiana.it\/de\/wp-json\/wp\/v2\/comments?post=16"}],"version-history":[{"count":1,"href":"https:\/\/la-cortigiana.it\/de\/wp-json\/wp\/v2\/pages\/16\/revisions"}],"predecessor-version":[{"id":439,"href":"https:\/\/la-cortigiana.it\/de\/wp-json\/wp\/v2\/pages\/16\/revisions\/439"}],"wp:attachment":[{"href":"https:\/\/la-cortigiana.it\/de\/wp-json\/wp\/v2\/media?parent=16"}],"curies":[{"name":"wp","href":"https:\/\/api.w.org\/{rel}","templated":true}]}}