{"id":530,"date":"2022-09-30T12:26:37","date_gmt":"2022-09-30T12:26:37","guid":{"rendered":"https:\/\/la-cortigiana.it\/?page_id=17"},"modified":"2026-01-15T10:43:14","modified_gmt":"2026-01-15T09:43:14","slug":"contact-us","status":"publish","type":"page","link":"https:\/\/la-cortigiana.it\/de\/contact-us\/","title":{"rendered":"KONTAKTIEREN SIE UNS"},"content":{"rendered":"<div id=\"lc-contact-links\" style=\"  background:#f8f7f4;  color:#1a1a1a;  font-family:Inter,system-ui,-apple-system,Segoe UI,Roboto,Helvetica,Arial,sans-serif;  padding:56px 24px;  margin-top:72px;\">\n\n  <div style=\"max-width:1100px;margin:0 auto;\">\n\n    <h3 style=\"      font-size:20px;      font-weight:500;      margin-bottom:10px;      letter-spacing:0.2px;    \">\n      Wo Sie uns finden\n    <\/h3>\n\n    <p style=\"      max-width:520px;      font-size:14px;      line-height:1.6;      opacity:0.75;      margin-bottom:36px;    \">\n      Dies sind aktive Links. Klicken Sie darauf, um zu folgen, zu lesen, anzusehen oder an der Diskussion teilzunehmen.\n    <\/p>\n\n    <div style=\"      display:grid;      grid-template-columns:repeat(auto-fit,minmax(240px,1fr));      gap:18px;    \">\n\n      <a href=\"https:\/\/substack.com\/@lacortigiana\" target=\"_blank\" rel=\"noopener\"\n         class=\"lc-contact-btn\">\n        <span class=\"lc-btn-title\">Substack<\/span>\n        <span class=\"lc-btn-text\">Aufs\u00e4tze und ausf\u00fchrliche Notizen<\/span>\n        <span class=\"lc-btn-arrow\">\u2192<\/span>\n      <\/a>\n\n      <a href=\"https:\/\/www.instagram.com\/la_cortigiana.it\" target=\"_blank\" rel=\"noopener\"\n         class=\"lc-contact-btn\">\n        <span class=\"lc-btn-title\">Instagram<\/span>\n        <span class=\"lc-btn-text\">Visuelles Tagebuch und neue Werke<\/span>\n        <span class=\"lc-btn-arrow\">\u2192<\/span>\n      <\/a>\n\n      <a href=\"https:\/\/www.tiktok.com\/@lacortigianait\" target=\"_blank\" rel=\"noopener\"\n         class=\"lc-contact-btn\">\n        <span class=\"lc-btn-title\">TikTok<\/span>\n        <span class=\"lc-btn-text\">Prozess, Fragmente, Bewegung<\/span>\n        <span class=\"lc-btn-arrow\">\u2192<\/span>\n      <\/a>\n\n      <a href=\"https:\/\/t.me\/lacortigianait\" target=\"_blank\" rel=\"noopener\"\n         class=\"lc-contact-btn\">\n        <span class=\"lc-btn-title\">Telegramm<\/span>\n        <span class=\"lc-btn-text\">Direkte Updates und Vorschauen<\/span>\n        <span class=\"lc-btn-arrow\">\u2192<\/span>\n      <\/a>\n\n      <a href=\"https:\/\/fetlife.com\/LaCortigiana\" target=\"_blank\" rel=\"noopener\"\n         class=\"lc-contact-btn\">\n        <span class=\"lc-btn-title\">FetLife<\/span>\n        <span class=\"lc-btn-text\">Kontext und unzensierte Diskussion<\/span>\n        <span class=\"lc-btn-arrow\">\u2192<\/span>\n      <\/a>\n\n      <a href=\"https:\/\/www.reddit.com\/r\/LaCortigiana\/\" target=\"_blank\" rel=\"noopener\"\n         class=\"lc-contact-btn\">\n        <span class=\"lc-btn-title\">Reddit<\/span>\n        <span class=\"lc-btn-text\">Community-Beitr\u00e4ge und -Themen<\/span>\n        <span class=\"lc-btn-arrow\">\u2192<\/span>\n      <\/a>\n\n      <a href=\"https:\/\/www.x.com\/la_cortigianait\/\" target=\"_blank\" rel=\"noopener\"\n         class=\"lc-contact-btn\">\n        <span class=\"lc-btn-title\">X<\/span>\n        <span class=\"lc-btn-text\">Kurze Updates und Ank\u00fcndigungen<\/span>\n        <span class=\"lc-btn-arrow\">\u2192<\/span>\n      <\/a>\n\n    <\/div>\n  <\/div>\n<\/div>\n\n<style>\n  #lc-contact-links .lc-contact-btn {\n    display:grid;\n    grid-template-columns:1fr auto;\n    gap:6px 12px;\n    align-items:center;\n    padding:18px 20px;\n    background:#ffffff;\n    border:1.5px solid rgba(0,0,0,0.12);\n    border-radius:10px;\n    text-decoration:none;\n    color:inherit;\n    cursor:pointer;\n    transition:all 0.25s ease;\n  }\n\n  #lc-contact-links .lc-contact-btn:hover {\n    border-color:#000;\n    transform:translateY(-1px);\n  }\n\n  #lc-contact-links .lc-btn-title {\n    font-size:15px;\n    font-weight:500;\n    grid-column:1 \/ 2;\n  }\n\n  #lc-contact-links .lc-btn-text {\n    font-size:13px;\n    opacity:0.7;\n    grid-column:1 \/ 2;\n  }\n\n  #lc-contact-links .lc-btn-arrow {\n    font-size:18px;\n    opacity:0.6;\n    grid-row:1 \/ 3;\n    transition:transform 0.25s ease, opacity 0.25s ease;\n  }\n\n  #lc-contact-links .lc-contact-btn:hover .lc-btn-arrow {\n    transform:translateX(4px);\n    opacity:1;\n  }\n<\/style>","protected":false},"excerpt":{"rendered":"<p>Where to find us These are active links. Click to follow, read, watch, or join the conversation. Substack Essays and long-form notes \u2192 Instagram Visual diary and new pieces \u2192 TikTok Process, fragments, movement \u2192 Telegram Direct updates and previews \u2192 FetLife Context and uncensored discussion \u2192 Reddit Community posts and threads \u2192 X Short [&hellip;]<\/p>\n","protected":false},"author":2,"featured_media":18,"parent":0,"menu_order":0,"comment_status":"open","ping_status":"closed","template":"","meta":{"nf_dc_page":"","googlesitekit_rrm_CAowrc_CDA:productID":"","footnotes":""},"class_list":["post-530","page","type-page","status-publish","has-post-thumbnail","hentry"],"yoast_head":"<!-- This site is optimized with the Yoast SEO Premium plugin v25.6 (Yoast SEO v27.4) - https:\/\/yoast.com\/product\/yoast-seo-premium-wordpress\/ -->\n<title>CONTACT US - La Cortigiana | Handcrafted Leather Accessories for Bold Desires<\/title>\n<meta name=\"robots\" content=\"index, follow, max-snippet:-1, max-image-preview:large, max-video-preview:-1\" \/>\n<link rel=\"canonical\" href=\"https:\/\/la-cortigiana.it\/de\/contact-us\/\" \/>\n<meta property=\"og:locale\" content=\"de_DE\" \/>\n<meta property=\"og:type\" content=\"article\" \/>\n<meta property=\"og:title\" content=\"CONTACT US\" \/>\n<meta property=\"og:description\" content=\"Where to find us These are active links. Click to follow, read, watch, or join the conversation. Substack Essays and long-form notes \u2192 Instagram Visual diary and new pieces \u2192 TikTok Process, fragments, movement \u2192 Telegram Direct updates and previews \u2192 FetLife Context and uncensored discussion \u2192 Reddit Community posts and threads \u2192 X Short [&hellip;]\" \/>\n<meta property=\"og:url\" content=\"https:\/\/la-cortigiana.it\/de\/contact-us\/\" \/>\n<meta property=\"og:site_name\" content=\"La Cortigiana | Handcrafted Leather Accessories for Bold Desires\" \/>\n<meta property=\"article:publisher\" content=\"https:\/\/www.facebook.com\/LaCortigiana\/\" \/>\n<meta property=\"article:modified_time\" content=\"2026-01-15T09:43:14+00:00\" \/>\n<meta property=\"og:image\" content=\"https:\/\/la-cortigiana.it\/wp-content\/uploads\/2026\/01\/three2.jpg\" \/>\n\t<meta property=\"og:image:width\" content=\"1000\" \/>\n\t<meta property=\"og:image:height\" content=\"667\" \/>\n\t<meta property=\"og:image:type\" content=\"image\/jpeg\" \/>\n<meta name=\"twitter:card\" content=\"summary_large_image\" \/>\n<meta name=\"twitter:site\" content=\"@la_cortigianait\" \/>\n<meta name=\"twitter:label1\" content=\"Gesch\u00e4tzte Lesezeit\" \/>\n\t<meta name=\"twitter:data1\" content=\"1\u00a0Minute\" \/>\n<script type=\"application\/ld+json\" class=\"yoast-schema-graph\">{\"@context\":\"https:\\\/\\\/schema.org\",\"@graph\":[{\"@type\":\"WebPage\",\"@id\":\"https:\\\/\\\/la-cortigiana.it\\\/contact-us\\\/\",\"url\":\"https:\\\/\\\/la-cortigiana.it\\\/contact-us\\\/\",\"name\":\"CONTACT US - La Cortigiana | Handcrafted Leather Accessories for Bold Desires\",\"isPartOf\":{\"@id\":\"https:\\\/\\\/la-cortigiana.it\\\/#website\"},\"primaryImageOfPage\":{\"@id\":\"https:\\\/\\\/la-cortigiana.it\\\/contact-us\\\/#primaryimage\"},\"image\":{\"@id\":\"https:\\\/\\\/la-cortigiana.it\\\/contact-us\\\/#primaryimage\"},\"thumbnailUrl\":\"\",\"datePublished\":\"2022-09-30T12:26:37+00:00\",\"dateModified\":\"2026-01-15T09:43:14+00:00\",\"breadcrumb\":{\"@id\":\"https:\\\/\\\/la-cortigiana.it\\\/contact-us\\\/#breadcrumb\"},\"inLanguage\":\"de\",\"potentialAction\":[{\"@type\":\"ReadAction\",\"target\":[\"https:\\\/\\\/la-cortigiana.it\\\/contact-us\\\/\"]}]},{\"@type\":\"ImageObject\",\"inLanguage\":\"de\",\"@id\":\"https:\\\/\\\/la-cortigiana.it\\\/contact-us\\\/#primaryimage\",\"url\":\"\",\"contentUrl\":\"\"},{\"@type\":\"BreadcrumbList\",\"@id\":\"https:\\\/\\\/la-cortigiana.it\\\/contact-us\\\/#breadcrumb\",\"itemListElement\":[{\"@type\":\"ListItem\",\"position\":1,\"name\":\"Home\",\"item\":\"https:\\\/\\\/la-cortigiana.it\\\/\"},{\"@type\":\"ListItem\",\"position\":2,\"name\":\"CONTACT US\"}]},{\"@type\":\"WebSite\",\"@id\":\"https:\\\/\\\/la-cortigiana.it\\\/#website\",\"url\":\"https:\\\/\\\/la-cortigiana.it\\\/\",\"name\":\"La Cortigiana | Discreet Symbol Jewelry & Erotic Leather, Handmade in Italy\",\"description\":\"Quiet Marks of Chosen Desire\",\"publisher\":{\"@id\":\"https:\\\/\\\/la-cortigiana.it\\\/#organization\"},\"potentialAction\":[{\"@type\":\"SearchAction\",\"target\":{\"@type\":\"EntryPoint\",\"urlTemplate\":\"https:\\\/\\\/la-cortigiana.it\\\/?s={search_term_string}\"},\"query-input\":{\"@type\":\"PropertyValueSpecification\",\"valueRequired\":true,\"valueName\":\"search_term_string\"}}],\"inLanguage\":\"de\"},{\"@type\":\"Organization\",\"@id\":\"https:\\\/\\\/la-cortigiana.it\\\/#organization\",\"name\":\"La Cortigiana\",\"url\":\"https:\\\/\\\/la-cortigiana.it\\\/\",\"logo\":{\"@type\":\"ImageObject\",\"inLanguage\":\"de\",\"@id\":\"https:\\\/\\\/la-cortigiana.it\\\/#\\\/schema\\\/logo\\\/image\\\/\",\"url\":\"https:\\\/\\\/la-cortigiana.it\\\/wp-content\\\/uploads\\\/2025\\\/01\\\/La-Cortigiana.png\",\"contentUrl\":\"https:\\\/\\\/la-cortigiana.it\\\/wp-content\\\/uploads\\\/2025\\\/01\\\/La-Cortigiana.png\",\"width\":1646,\"height\":575,\"caption\":\"La Cortigiana\"},\"image\":{\"@id\":\"https:\\\/\\\/la-cortigiana.it\\\/#\\\/schema\\\/logo\\\/image\\\/\"},\"sameAs\":[\"https:\\\/\\\/www.facebook.com\\\/LaCortigiana\\\/\",\"https:\\\/\\\/x.com\\\/la_cortigianait\",\"https:\\\/\\\/www.instagram.com\\\/la_cortigiana.it\",\"https:\\\/\\\/substack.com\\\/@lacortigiana\"]}]}<\/script>\n<!-- \/ Yoast SEO Premium plugin. -->","yoast_head_json":{"title":"KONTAKTIEREN SIE UNS - La Cortigiana | Handgefertigte Lederaccessoires f\u00fcr k\u00fchne W\u00fcnsche","robots":{"index":"index","follow":"follow","max-snippet":"max-snippet:-1","max-image-preview":"max-image-preview:large","max-video-preview":"max-video-preview:-1"},"canonical":"https:\/\/la-cortigiana.it\/de\/contact-us\/","og_locale":"de_DE","og_type":"article","og_title":"CONTACT US","og_description":"Where to find us These are active links. Click to follow, read, watch, or join the conversation. Substack Essays and long-form notes \u2192 Instagram Visual diary and new pieces \u2192 TikTok Process, fragments, movement \u2192 Telegram Direct updates and previews \u2192 FetLife Context and uncensored discussion \u2192 Reddit Community posts and threads \u2192 X Short [&hellip;]","og_url":"https:\/\/la-cortigiana.it\/de\/contact-us\/","og_site_name":"La Cortigiana | Handcrafted Leather Accessories for Bold Desires","article_publisher":"https:\/\/www.facebook.com\/LaCortigiana\/","article_modified_time":"2026-01-15T09:43:14+00:00","og_image":[{"width":1000,"height":667,"url":"https:\/\/la-cortigiana.it\/wp-content\/uploads\/2026\/01\/three2.jpg","type":"image\/jpeg"}],"twitter_card":"summary_large_image","twitter_site":"@la_cortigianait","twitter_misc":{"Gesch\u00e4tzte Lesezeit":"1\u00a0Minute"},"schema":{"@context":"https:\/\/schema.org","@graph":[{"@type":"WebPage","@id":"https:\/\/la-cortigiana.it\/contact-us\/","url":"https:\/\/la-cortigiana.it\/contact-us\/","name":"KONTAKTIEREN SIE UNS - La Cortigiana | Handgefertigte Lederaccessoires f\u00fcr k\u00fchne W\u00fcnsche","isPartOf":{"@id":"https:\/\/la-cortigiana.it\/#website"},"primaryImageOfPage":{"@id":"https:\/\/la-cortigiana.it\/contact-us\/#primaryimage"},"image":{"@id":"https:\/\/la-cortigiana.it\/contact-us\/#primaryimage"},"thumbnailUrl":"","datePublished":"2022-09-30T12:26:37+00:00","dateModified":"2026-01-15T09:43:14+00:00","breadcrumb":{"@id":"https:\/\/la-cortigiana.it\/contact-us\/#breadcrumb"},"inLanguage":"de","potentialAction":[{"@type":"ReadAction","target":["https:\/\/la-cortigiana.it\/contact-us\/"]}]},{"@type":"ImageObject","inLanguage":"de","@id":"https:\/\/la-cortigiana.it\/contact-us\/#primaryimage","url":"","contentUrl":""},{"@type":"BreadcrumbList","@id":"https:\/\/la-cortigiana.it\/contact-us\/#breadcrumb","itemListElement":[{"@type":"ListItem","position":1,"name":"Home","item":"https:\/\/la-cortigiana.it\/"},{"@type":"ListItem","position":2,"name":"CONTACT US"}]},{"@type":"WebSite","@id":"https:\/\/la-cortigiana.it\/#website","url":"https:\/\/la-cortigiana.it\/","name":"La Cortigiana | Diskret-symbolischer Schmuck &amp; erotisches Leder, handgefertigt in Italien","description":"Stille Zeichen erw\u00e4hlten Verlangens","publisher":{"@id":"https:\/\/la-cortigiana.it\/#organization"},"potentialAction":[{"@type":"SearchAction","target":{"@type":"EntryPoint","urlTemplate":"https:\/\/la-cortigiana.it\/?s={search_term_string}"},"query-input":{"@type":"PropertyValueSpecification","valueRequired":true,"valueName":"search_term_string"}}],"inLanguage":"de"},{"@type":"Organization","@id":"https:\/\/la-cortigiana.it\/#organization","name":"La Cortigiana","url":"https:\/\/la-cortigiana.it\/","logo":{"@type":"ImageObject","inLanguage":"de","@id":"https:\/\/la-cortigiana.it\/#\/schema\/logo\/image\/","url":"https:\/\/la-cortigiana.it\/wp-content\/uploads\/2025\/01\/La-Cortigiana.png","contentUrl":"https:\/\/la-cortigiana.it\/wp-content\/uploads\/2025\/01\/La-Cortigiana.png","width":1646,"height":575,"caption":"La Cortigiana"},"image":{"@id":"https:\/\/la-cortigiana.it\/#\/schema\/logo\/image\/"},"sameAs":["https:\/\/www.facebook.com\/LaCortigiana\/","https:\/\/x.com\/la_cortigianait","https:\/\/www.instagram.com\/la_cortigiana.it","https:\/\/substack.com\/@lacortigiana"]}]}},"_links":{"self":[{"href":"https:\/\/la-cortigiana.it\/de\/wp-json\/wp\/v2\/pages\/530","targetHints":{"allow":["GET"]}}],"collection":[{"href":"https:\/\/la-cortigiana.it\/de\/wp-json\/wp\/v2\/pages"}],"about":[{"href":"https:\/\/la-cortigiana.it\/de\/wp-json\/wp\/v2\/types\/page"}],"author":[{"embeddable":true,"href":"https:\/\/la-cortigiana.it\/de\/wp-json\/wp\/v2\/users\/2"}],"replies":[{"embeddable":true,"href":"https:\/\/la-cortigiana.it\/de\/wp-json\/wp\/v2\/comments?post=530"}],"version-history":[{"count":9,"href":"https:\/\/la-cortigiana.it\/de\/wp-json\/wp\/v2\/pages\/530\/revisions"}],"predecessor-version":[{"id":2280,"href":"https:\/\/la-cortigiana.it\/de\/wp-json\/wp\/v2\/pages\/530\/revisions\/2280"}],"wp:featuredmedia":[{"embeddable":true,"href":"https:\/\/la-cortigiana.it\/de\/wp-json\/wp\/v2\/pages\/18"}],"wp:attachment":[{"href":"https:\/\/la-cortigiana.it\/de\/wp-json\/wp\/v2\/media?parent=530"}],"curies":[{"name":"wp","href":"https:\/\/api.w.org\/{rel}","templated":true}]}}