{"id":1069,"date":"2025-01-27T22:25:12","date_gmt":"2025-01-27T21:25:12","guid":{"rendered":"https:\/\/la-cortigiana.it\/?post_type=product&#038;p=1069"},"modified":"2025-12-21T19:40:15","modified_gmt":"2025-12-21T18:40:15","slug":"cuckold-bracelet-with-personalisation","status":"publish","type":"product","link":"https:\/\/la-cortigiana.it\/de\/produkt\/cuckold-bracelet-with-personalisation\/","title":{"rendered":"Cuckold-Armband \u2013 Personalisiertes Ledersymbol f\u00fcr geteilte Rollen"},"content":{"rendered":"<h3>Personalisierung<\/h3>\n<ul>\n<li>\n<p>Individuelle Gravur auf der Innen- oder Au\u00dfenseite m\u00f6glich \u2013 f\u00fcgen Sie ein Datum, einen Namen, einen Satz oder einen privaten Code hinzu, der Ihre Reise widerspiegelt.<\/p>\n<\/li>\n<li>\n<p>Ein optionales Emblem vertieft die Bedeutung und Verbindung zwischen Partnern.<\/p>\n<\/li>\n<\/ul>\n<h3>Design &amp; Materialien<\/h3>\n<ul>\n<li>\n<p><strong>Material:<\/strong> Hochwertiges, pflanzlich gegerbtes italienisches Vacchetta-Leder \u2013 weich, strapazierf\u00e4hig und mit der Zeit wundersch\u00f6n gealtert.<\/p>\n<\/li>\n<li>\n<p><strong>Schlie\u00dfe:<\/strong> Der glatte, polierte Metallverschluss sorgt f\u00fcr einen sicheren und bequemen Sitz.<\/p>\n<\/li>\n<li>\n<p><strong>Stil:<\/strong> Diskret und vielseitig \u2013 passt problemlos zu jedem Outfit und hat gleichzeitig eine tiefere, private Bedeutung.<\/p>\n<\/li>\n<\/ul>\n<p>Dieses Armband ist ein Zeichen gew\u00e4hlter Rollen und gegenseitigen Verst\u00e4ndnisses. Es kann als subtile t\u00e4gliche Erinnerung an die Verbundenheit dienen oder als privates Symbol, das mit Absicht getragen wird. Mehr als ein St\u00fcck Leder und Stahl spiegelt es die Tiefe, Komplexit\u00e4t und das Vertrauen wider, die Ihre Dynamik ausmachen.<\/p>","protected":false},"excerpt":{"rendered":"<p>Dieses Armband ist f\u00fcr Paare gedacht, die die Cuckold-Dynamik erkunden m\u00f6chten. Es ist als diskretes und bedeutungsvolles Symbol f\u00fcr Vertrauen, Offenheit und gemeinsame Erfahrungen konzipiert. Hergestellt aus hochwertigem <strong>Toskanisches Vacchetta-Leder<\/strong>, es verbindet zeitlose Eleganz mit emotionaler Tiefe. Die minimalistische Silhouette und das dezente Emblem sind eine stille Anspielung auf die Cuckold-Community \u2013 erkennbar f\u00fcr diejenigen, die es verstehen, unsichtbar f\u00fcr alle anderen.<\/p>","protected":false},"featured_media":1070,"comment_status":"open","ping_status":"closed","template":"","meta":{"nf_dc_page":"","googlesitekit_rrm_CAowrc_CDA:productID":""},"product_brand":[],"product_cat":[24],"product_tag":[36],"class_list":{"0":"post-1069","1":"product","2":"type-product","3":"status-publish","4":"has-post-thumbnail","6":"product_cat-bracelets","7":"product_tag-cuckold","9":"first","10":"instock","11":"shipping-taxable","12":"purchasable","13":"product-type-simple"},"yoast_head":"<!-- This site is optimized with the Yoast SEO Premium plugin v25.6 (Yoast SEO v27.4) - https:\/\/yoast.com\/product\/yoast-seo-premium-wordpress\/ -->\n<title>Cuckold Bracelet - Personalized Leather Symbol of Shared Roles | Symbol Jewelry &amp; Erotic Accessories \u2013 Handmade in Italy<\/title>\n<meta name=\"description\" content=\"Indulge in Cuckold Bracelet - Personalized Leather Symbol of Shared Roles \u2013 handcrafted in Italy. Discreet symbol jewelry, erotic leather accessories and intimate pieces for hotwife, cuckold and lifestyle dynamics. Worldwide shipping.\" \/>\n<meta name=\"robots\" content=\"index, follow, max-snippet:-1, max-image-preview:large, max-video-preview:-1\" \/>\n<link rel=\"canonical\" href=\"https:\/\/la-cortigiana.it\/de\/produkt\/cuckold-bracelet-with-personalisation\/\" \/>\n<meta property=\"og:locale\" content=\"de_DE\" \/>\n<meta property=\"og:type\" content=\"article\" \/>\n<meta property=\"og:title\" content=\"Cuckold Bracelet - Personalized Leather Symbol of Shared Roles | La Cortigiana \u2013 Handcrafted in Italy\" \/>\n<meta property=\"og:description\" content=\"Luxury handcrafted lingerie &amp; accessories from Italy. Sheer, sensual, made for bold desires. Discreet worldwide delivery.\" \/>\n<meta property=\"og:url\" content=\"https:\/\/la-cortigiana.it\/de\/produkt\/cuckold-bracelet-with-personalisation\/\" \/>\n<meta property=\"og:site_name\" content=\"La Cortigiana | Handcrafted Leather Accessories for Bold Desires\" \/>\n<meta property=\"article:publisher\" content=\"https:\/\/www.facebook.com\/LaCortigiana\/\" \/>\n<meta property=\"article:modified_time\" content=\"2025-12-21T18:40:15+00:00\" \/>\n<meta property=\"og:image\" content=\"https:\/\/la-cortigiana.it\/wp-content\/uploads\/2025\/01\/DSCF9450-scaled.jpg\" \/>\n\t<meta property=\"og:image:width\" content=\"2048\" \/>\n\t<meta property=\"og:image:height\" content=\"2560\" \/>\n\t<meta property=\"og:image:type\" content=\"image\/jpeg\" \/>\n<meta name=\"twitter:card\" content=\"summary_large_image\" \/>\n<meta name=\"twitter:site\" content=\"@la_cortigianait\" \/>\n<meta name=\"twitter:label1\" content=\"Gesch\u00e4tzte Lesezeit\" \/>\n\t<meta name=\"twitter:data1\" content=\"1\u00a0Minute\" \/>\n<script type=\"application\/ld+json\" class=\"yoast-schema-graph\">{\"@context\":\"https:\\\/\\\/schema.org\",\"@graph\":[{\"@type\":[\"WebPage\",\"ItemPage\"],\"@id\":\"https:\\\/\\\/la-cortigiana.it\\\/product\\\/cuckold-bracelet-with-personalisation\\\/\",\"url\":\"https:\\\/\\\/la-cortigiana.it\\\/product\\\/cuckold-bracelet-with-personalisation\\\/\",\"name\":\"Cuckold Bracelet - Personalized Leather Symbol of Shared Roles | Symbol Jewelry & Erotic Accessories \u2013 Handmade in Italy\",\"isPartOf\":{\"@id\":\"https:\\\/\\\/la-cortigiana.it\\\/#website\"},\"primaryImageOfPage\":{\"@id\":\"https:\\\/\\\/la-cortigiana.it\\\/product\\\/cuckold-bracelet-with-personalisation\\\/#primaryimage\"},\"image\":{\"@id\":\"https:\\\/\\\/la-cortigiana.it\\\/product\\\/cuckold-bracelet-with-personalisation\\\/#primaryimage\"},\"thumbnailUrl\":\"https:\\\/\\\/la-cortigiana.it\\\/wp-content\\\/uploads\\\/2025\\\/01\\\/DSCF9450-scaled.jpg\",\"datePublished\":\"2025-01-27T21:25:12+00:00\",\"dateModified\":\"2025-12-21T18:40:15+00:00\",\"description\":\"Indulge in Cuckold Bracelet - Personalized Leather Symbol of Shared Roles \u2013 handcrafted in Italy. Discreet symbol jewelry, erotic leather accessories and intimate pieces for hotwife, cuckold and lifestyle dynamics. Worldwide shipping.\",\"breadcrumb\":{\"@id\":\"https:\\\/\\\/la-cortigiana.it\\\/product\\\/cuckold-bracelet-with-personalisation\\\/#breadcrumb\"},\"inLanguage\":\"de\",\"potentialAction\":[{\"@type\":\"ReadAction\",\"target\":[\"https:\\\/\\\/la-cortigiana.it\\\/product\\\/cuckold-bracelet-with-personalisation\\\/\"]}]},{\"@type\":\"ImageObject\",\"inLanguage\":\"de\",\"@id\":\"https:\\\/\\\/la-cortigiana.it\\\/product\\\/cuckold-bracelet-with-personalisation\\\/#primaryimage\",\"url\":\"https:\\\/\\\/la-cortigiana.it\\\/wp-content\\\/uploads\\\/2025\\\/01\\\/DSCF9450-scaled.jpg\",\"contentUrl\":\"https:\\\/\\\/la-cortigiana.it\\\/wp-content\\\/uploads\\\/2025\\\/01\\\/DSCF9450-scaled.jpg\",\"width\":2048,\"height\":2560,\"caption\":\"Cuckold bracelet by La Cortigiana\"},{\"@type\":\"BreadcrumbList\",\"@id\":\"https:\\\/\\\/la-cortigiana.it\\\/product\\\/cuckold-bracelet-with-personalisation\\\/#breadcrumb\",\"itemListElement\":[{\"@type\":\"ListItem\",\"position\":1,\"name\":\"Home\",\"item\":\"https:\\\/\\\/la-cortigiana.it\\\/\"},{\"@type\":\"ListItem\",\"position\":2,\"name\":\"Shop\",\"item\":\"https:\\\/\\\/la-cortigiana.it\\\/shop\\\/\"},{\"@type\":\"ListItem\",\"position\":3,\"name\":\"Cuckold Bracelet &#8211; Personalized Leather Symbol of Shared Roles\"}]},{\"@type\":\"WebSite\",\"@id\":\"https:\\\/\\\/la-cortigiana.it\\\/#website\",\"url\":\"https:\\\/\\\/la-cortigiana.it\\\/\",\"name\":\"La Cortigiana | Discreet Symbol Jewelry & Erotic Leather, Handmade in Italy\",\"description\":\"Quiet Marks of Chosen Desire\",\"publisher\":{\"@id\":\"https:\\\/\\\/la-cortigiana.it\\\/#organization\"},\"potentialAction\":[{\"@type\":\"SearchAction\",\"target\":{\"@type\":\"EntryPoint\",\"urlTemplate\":\"https:\\\/\\\/la-cortigiana.it\\\/?s={search_term_string}\"},\"query-input\":{\"@type\":\"PropertyValueSpecification\",\"valueRequired\":true,\"valueName\":\"search_term_string\"}}],\"inLanguage\":\"de\"},{\"@type\":\"Organization\",\"@id\":\"https:\\\/\\\/la-cortigiana.it\\\/#organization\",\"name\":\"La Cortigiana\",\"url\":\"https:\\\/\\\/la-cortigiana.it\\\/\",\"logo\":{\"@type\":\"ImageObject\",\"inLanguage\":\"de\",\"@id\":\"https:\\\/\\\/la-cortigiana.it\\\/#\\\/schema\\\/logo\\\/image\\\/\",\"url\":\"https:\\\/\\\/la-cortigiana.it\\\/wp-content\\\/uploads\\\/2025\\\/01\\\/La-Cortigiana.png\",\"contentUrl\":\"https:\\\/\\\/la-cortigiana.it\\\/wp-content\\\/uploads\\\/2025\\\/01\\\/La-Cortigiana.png\",\"width\":1646,\"height\":575,\"caption\":\"La Cortigiana\"},\"image\":{\"@id\":\"https:\\\/\\\/la-cortigiana.it\\\/#\\\/schema\\\/logo\\\/image\\\/\"},\"sameAs\":[\"https:\\\/\\\/www.facebook.com\\\/LaCortigiana\\\/\",\"https:\\\/\\\/x.com\\\/la_cortigianait\",\"https:\\\/\\\/www.instagram.com\\\/la_cortigiana.it\",\"https:\\\/\\\/substack.com\\\/@lacortigiana\"]}]}<\/script>\n<!-- \/ Yoast SEO Premium plugin. -->","yoast_head_json":{"title":"Cuckold Armband \u2013 Personalisiertes Lederarmband als Symbol gemeinsamer Rollen | Symbolschmuck &amp; erotische Accessoires \u2013 Handgefertigt in Italien","description":"G\u00f6nnen Sie sich das Cuckold-Armband \u2013 ein personalisiertes Leder-Symbol f\u00fcr geteilte Rollen \u2013 handgefertigt in Italien. Diskret-symbolischer Schmuck, erotische Lederaccessoires und intime St\u00fccke f\u00fcr Hotwife, Cuckold und Lifestyle-Dynamiken. Weltweiter Versand.","robots":{"index":"index","follow":"follow","max-snippet":"max-snippet:-1","max-image-preview":"max-image-preview:large","max-video-preview":"max-video-preview:-1"},"canonical":"https:\/\/la-cortigiana.it\/de\/produkt\/cuckold-bracelet-with-personalisation\/","og_locale":"de_DE","og_type":"article","og_title":"Cuckold Bracelet - Personalized Leather Symbol of Shared Roles | La Cortigiana \u2013 Handcrafted in Italy","og_description":"Luxury handcrafted lingerie & accessories from Italy. Sheer, sensual, made for bold desires. Discreet worldwide delivery.","og_url":"https:\/\/la-cortigiana.it\/de\/produkt\/cuckold-bracelet-with-personalisation\/","og_site_name":"La Cortigiana | Handcrafted Leather Accessories for Bold Desires","article_publisher":"https:\/\/www.facebook.com\/LaCortigiana\/","article_modified_time":"2025-12-21T18:40:15+00:00","og_image":[{"width":2048,"height":2560,"url":"https:\/\/la-cortigiana.it\/wp-content\/uploads\/2025\/01\/DSCF9450-scaled.jpg","type":"image\/jpeg"}],"twitter_card":"summary_large_image","twitter_site":"@la_cortigianait","twitter_misc":{"Gesch\u00e4tzte Lesezeit":"1\u00a0Minute"},"schema":{"@context":"https:\/\/schema.org","@graph":[{"@type":["WebPage","ItemPage"],"@id":"https:\/\/la-cortigiana.it\/product\/cuckold-bracelet-with-personalisation\/","url":"https:\/\/la-cortigiana.it\/product\/cuckold-bracelet-with-personalisation\/","name":"Cuckold Armband \u2013 Personalisiertes Lederarmband als Symbol gemeinsamer Rollen | Symbolschmuck &amp; erotische Accessoires \u2013 Handgefertigt in Italien","isPartOf":{"@id":"https:\/\/la-cortigiana.it\/#website"},"primaryImageOfPage":{"@id":"https:\/\/la-cortigiana.it\/product\/cuckold-bracelet-with-personalisation\/#primaryimage"},"image":{"@id":"https:\/\/la-cortigiana.it\/product\/cuckold-bracelet-with-personalisation\/#primaryimage"},"thumbnailUrl":"https:\/\/la-cortigiana.it\/wp-content\/uploads\/2025\/01\/DSCF9450-scaled.jpg","datePublished":"2025-01-27T21:25:12+00:00","dateModified":"2025-12-21T18:40:15+00:00","description":"G\u00f6nnen Sie sich das Cuckold-Armband \u2013 ein personalisiertes Leder-Symbol f\u00fcr geteilte Rollen \u2013 handgefertigt in Italien. Diskret-symbolischer Schmuck, erotische Lederaccessoires und intime St\u00fccke f\u00fcr Hotwife, Cuckold und Lifestyle-Dynamiken. Weltweiter Versand.","breadcrumb":{"@id":"https:\/\/la-cortigiana.it\/product\/cuckold-bracelet-with-personalisation\/#breadcrumb"},"inLanguage":"de","potentialAction":[{"@type":"ReadAction","target":["https:\/\/la-cortigiana.it\/product\/cuckold-bracelet-with-personalisation\/"]}]},{"@type":"ImageObject","inLanguage":"de","@id":"https:\/\/la-cortigiana.it\/product\/cuckold-bracelet-with-personalisation\/#primaryimage","url":"https:\/\/la-cortigiana.it\/wp-content\/uploads\/2025\/01\/DSCF9450-scaled.jpg","contentUrl":"https:\/\/la-cortigiana.it\/wp-content\/uploads\/2025\/01\/DSCF9450-scaled.jpg","width":2048,"height":2560,"caption":"Cuckold bracelet by La Cortigiana"},{"@type":"BreadcrumbList","@id":"https:\/\/la-cortigiana.it\/product\/cuckold-bracelet-with-personalisation\/#breadcrumb","itemListElement":[{"@type":"ListItem","position":1,"name":"Home","item":"https:\/\/la-cortigiana.it\/"},{"@type":"ListItem","position":2,"name":"Shop","item":"https:\/\/la-cortigiana.it\/shop\/"},{"@type":"ListItem","position":3,"name":"Cuckold Bracelet &#8211; Personalized Leather Symbol of Shared Roles"}]},{"@type":"WebSite","@id":"https:\/\/la-cortigiana.it\/#website","url":"https:\/\/la-cortigiana.it\/","name":"La Cortigiana | Diskret-symbolischer Schmuck &amp; erotisches Leder, handgefertigt in Italien","description":"Stille Zeichen erw\u00e4hlten Verlangens","publisher":{"@id":"https:\/\/la-cortigiana.it\/#organization"},"potentialAction":[{"@type":"SearchAction","target":{"@type":"EntryPoint","urlTemplate":"https:\/\/la-cortigiana.it\/?s={search_term_string}"},"query-input":{"@type":"PropertyValueSpecification","valueRequired":true,"valueName":"search_term_string"}}],"inLanguage":"de"},{"@type":"Organization","@id":"https:\/\/la-cortigiana.it\/#organization","name":"La Cortigiana","url":"https:\/\/la-cortigiana.it\/","logo":{"@type":"ImageObject","inLanguage":"de","@id":"https:\/\/la-cortigiana.it\/#\/schema\/logo\/image\/","url":"https:\/\/la-cortigiana.it\/wp-content\/uploads\/2025\/01\/La-Cortigiana.png","contentUrl":"https:\/\/la-cortigiana.it\/wp-content\/uploads\/2025\/01\/La-Cortigiana.png","width":1646,"height":575,"caption":"La Cortigiana"},"image":{"@id":"https:\/\/la-cortigiana.it\/#\/schema\/logo\/image\/"},"sameAs":["https:\/\/www.facebook.com\/LaCortigiana\/","https:\/\/x.com\/la_cortigianait","https:\/\/www.instagram.com\/la_cortigiana.it","https:\/\/substack.com\/@lacortigiana"]}]}},"_links":{"self":[{"href":"https:\/\/la-cortigiana.it\/de\/wp-json\/wp\/v2\/product\/1069","targetHints":{"allow":["GET"]}}],"collection":[{"href":"https:\/\/la-cortigiana.it\/de\/wp-json\/wp\/v2\/product"}],"about":[{"href":"https:\/\/la-cortigiana.it\/de\/wp-json\/wp\/v2\/types\/product"}],"replies":[{"embeddable":true,"href":"https:\/\/la-cortigiana.it\/de\/wp-json\/wp\/v2\/comments?post=1069"}],"wp:featuredmedia":[{"embeddable":true,"href":"https:\/\/la-cortigiana.it\/de\/wp-json\/wp\/v2\/media\/1070"}],"wp:attachment":[{"href":"https:\/\/la-cortigiana.it\/de\/wp-json\/wp\/v2\/media?parent=1069"}],"wp:term":[{"taxonomy":"product_brand","embeddable":true,"href":"https:\/\/la-cortigiana.it\/de\/wp-json\/wp\/v2\/product_brand?post=1069"},{"taxonomy":"product_cat","embeddable":true,"href":"https:\/\/la-cortigiana.it\/de\/wp-json\/wp\/v2\/product_cat?post=1069"},{"taxonomy":"product_tag","embeddable":true,"href":"https:\/\/la-cortigiana.it\/de\/wp-json\/wp\/v2\/product_tag?post=1069"}],"curies":[{"name":"wp","href":"https:\/\/api.w.org\/{rel}","templated":true}]}}