{"id":1097,"date":"2025-01-28T19:22:48","date_gmt":"2025-01-28T18:22:48","guid":{"rendered":"https:\/\/la-cortigiana.it\/?post_type=product&#038;p=1097"},"modified":"2025-10-10T02:51:16","modified_gmt":"2025-10-10T01:51:16","slug":"florentine-leather-flogger-with-spiked-handle","status":"publish","type":"product","link":"https:\/\/la-cortigiana.it\/de\/produkt\/florentine-leather-flogger-with-spiked-handle\/","title":{"rendered":"Florentiner Lederpeitsche mit Stachelgriff \u2013 Handgefertigtes Schlagwerkzeug"},"content":{"rendered":"<h3>Design &amp; Materialien<\/h3>\n<ul>\n<li>\n<p><strong>Material:<\/strong> Luxuri\u00f6ses, pflanzlich gegerbtes Leder aus der Toskana \u2013 weich, strapazierf\u00e4hig und reaktionsschnell bei Bewegungen.<\/p>\n<\/li>\n<li>\n<p><strong>Handhaben:<\/strong> Starrer Kern mit polierten Metallspitzen f\u00fcr starken Halt und auff\u00e4llige visuelle Pr\u00e4senz.<\/p>\n<\/li>\n<li>\n<p><strong>L\u00e4nge:<\/strong> 55 cm (21,6 Zoll) \u2013 entwickelt f\u00fcr kontrollierte Schw\u00fcnge und fl\u00fcssige Bewegungen.<\/p>\n<\/li>\n<\/ul>\n<h3>Sensation &amp; Spiel<\/h3>\n<ul>\n<li>\n<p>Weiche, geschmeidige Schw\u00e4nze erm\u00f6glichen ein breites Wirkungsspektrum \u2013 vom zarten Necken bis hin zu scharfen, intensiven Schl\u00e4gen.<\/p>\n<\/li>\n<li>\n<p>Eine ausgewogene Gewichtsverteilung sorgt f\u00fcr Pr\u00e4zision und Komfort bei l\u00e4ngeren Sitzungen.<\/p>\n<\/li>\n<li>\n<p>Ideal f\u00fcr Dominante und Impact-Play-Praktiker, die eine Mischung aus Kunstfertigkeit und Leistung suchen.<\/p>\n<\/li>\n<\/ul>\n<h3>Personalisierung<\/h3>\n<ul>\n<li>\n<p>Individuelle Gravur \u00fcberall auf dem Leder m\u00f6glich \u2013 f\u00fcgen Sie einen Namen, einen Satz oder ein diskretes Symbol hinzu.<\/p>\n<\/li>\n<li>\n<p>Jede Gravur verleiht der Peitsche eine pers\u00f6nliche Bedeutungsebene und macht sie zu einem einzigartig bedeutsamen St\u00fcck.<\/p>\n<\/li>\n<\/ul>\n<p>Der <strong>Fl<\/p>\n<p>Messung <strong>55 cm (21,6 Zoll)<\/strong> In der Gesamtl\u00e4nge bietet dieser Flogger sowohl kontrollierte Pr\u00e4zision als auch fl\u00fcssige Bewegung. Die <strong>Der stabile Griff ist mit Metallspikes verst\u00e4rkt<\/strong>, bietet festen Halt und verleiht gleichzeitig eine k\u00fchne, dominante \u00c4sthetik. Die weichen, aber strapazierf\u00e4higen Lederschw\u00e4nze bieten ein vielseitiges Spektrum an Empfindungen \u2013 von sanftem Necken bis hin zu intensiver Sto\u00dfwirkung.<\/p>\n<p>F\u00fcr diejenigen, die eine <strong>pers\u00f6nliche Note<\/strong>, diese Peitsche kann angepasst werden mit <strong>Gravur \u00fcberall auf dem Leder \u2013 <\/strong>sei es ein Name, eine bedeutungsvolle Phrase oder ein dezentes Symbol, das seine Bedeutung verst\u00e4rkt.<\/p>\n<p>Entwickelt f\u00fcr <strong>Dominante und Impact-Play-Enthusiasten<\/strong>, diese handgefertigte Peitsche ist sowohl ein Kunstwerk als auch ein Werkzeug der Freude, perfekt ausbalanciert <strong>Sch\u00f6nheit, Handwerkskunst und BDSM-Intensit\u00e4t<\/strong>.<\/p>","protected":false},"excerpt":{"rendered":"<p>Diese handgefertigte Peitsche verbindet italienische Kunstfertigkeit mit kompromissloser Intensit\u00e4t. Hergestellt aus <strong>Hochwertiges toskanisches Vacchetta-Leder<\/strong>, es verf\u00fcgt \u00fcber eine detaillierte <strong>Florentiner Gravurmuster<\/strong> und ein verst\u00e4rkter Griff mit Spikes, der sowohl Halt als auch Haltung bietet. Entwickelt f\u00fcr Pr\u00e4zision, Kontrolle und Gef\u00fchl, ist es ein Statement f\u00fcr alle, die das Schlagspiel ernst nehmen.<\/p>","protected":false},"featured_media":1098,"comment_status":"open","ping_status":"closed","template":"","meta":{"nf_dc_page":"","googlesitekit_rrm_CAowrc_CDA:productID":""},"product_brand":[],"product_cat":[224],"product_tag":[31],"class_list":{"0":"post-1097","1":"product","2":"type-product","3":"status-publish","4":"has-post-thumbnail","6":"product_cat-whips-paddles","7":"product_tag-bdsm","9":"first","10":"instock","11":"shipping-taxable","12":"purchasable","13":"product-type-simple"},"yoast_head":"<!-- This site is optimized with the Yoast SEO Premium plugin v25.6 (Yoast SEO v27.4) - https:\/\/yoast.com\/product\/yoast-seo-premium-wordpress\/ -->\n<title>Florentine Leather Flogger with Spiked Handle - Handcrafted Impact Tool | Symbol Jewelry &amp; Erotic Accessories \u2013 Handmade in Italy<\/title>\n<meta name=\"description\" content=\"Indulge in Florentine Leather Flogger with Spiked Handle - Handcrafted Impact Tool \u2013 handcrafted in Italy. Discreet symbol jewelry, erotic leather accessories and intimate pieces for hotwife, cuckold and lifestyle dynamics. Worldwide shipping.\" \/>\n<meta name=\"robots\" content=\"index, follow, max-snippet:-1, max-image-preview:large, max-video-preview:-1\" \/>\n<link rel=\"canonical\" href=\"https:\/\/la-cortigiana.it\/de\/produkt\/florentine-leather-flogger-with-spiked-handle\/\" \/>\n<meta property=\"og:locale\" content=\"de_DE\" \/>\n<meta property=\"og:type\" content=\"article\" \/>\n<meta property=\"og:title\" content=\"Florentine Leather Flogger with Spiked Handle - Handcrafted Impact Tool | La Cortigiana \u2013 Handcrafted in Italy\" \/>\n<meta property=\"og:description\" content=\"Luxury handcrafted lingerie &amp; accessories from Italy. Sheer, sensual, made for bold desires. Discreet worldwide delivery.\" \/>\n<meta property=\"og:url\" content=\"https:\/\/la-cortigiana.it\/de\/produkt\/florentine-leather-flogger-with-spiked-handle\/\" \/>\n<meta property=\"og:site_name\" content=\"La Cortigiana | Handcrafted Leather Accessories for Bold Desires\" \/>\n<meta property=\"article:publisher\" content=\"https:\/\/www.facebook.com\/LaCortigiana\/\" \/>\n<meta property=\"article:modified_time\" content=\"2025-10-10T01:51:16+00:00\" \/>\n<meta property=\"og:image\" content=\"https:\/\/la-cortigiana.it\/wp-content\/uploads\/2025\/01\/DSCF6196-2-1-scaled.jpg\" \/>\n\t<meta property=\"og:image:width\" content=\"2048\" \/>\n\t<meta property=\"og:image:height\" content=\"2560\" \/>\n\t<meta property=\"og:image:type\" content=\"image\/jpeg\" \/>\n<meta name=\"twitter:card\" content=\"summary_large_image\" \/>\n<meta name=\"twitter:site\" content=\"@la_cortigianait\" \/>\n<meta name=\"twitter:label1\" content=\"Gesch\u00e4tzte Lesezeit\" \/>\n\t<meta name=\"twitter:data1\" content=\"1\u00a0Minute\" \/>\n<script type=\"application\/ld+json\" class=\"yoast-schema-graph\">{\"@context\":\"https:\\\/\\\/schema.org\",\"@graph\":[{\"@type\":[\"WebPage\",\"ItemPage\"],\"@id\":\"https:\\\/\\\/la-cortigiana.it\\\/product\\\/florentine-leather-flogger-with-spiked-handle\\\/\",\"url\":\"https:\\\/\\\/la-cortigiana.it\\\/product\\\/florentine-leather-flogger-with-spiked-handle\\\/\",\"name\":\"Florentine Leather Flogger with Spiked Handle - Handcrafted Impact Tool | Symbol Jewelry & Erotic Accessories \u2013 Handmade in Italy\",\"isPartOf\":{\"@id\":\"https:\\\/\\\/la-cortigiana.it\\\/#website\"},\"primaryImageOfPage\":{\"@id\":\"https:\\\/\\\/la-cortigiana.it\\\/product\\\/florentine-leather-flogger-with-spiked-handle\\\/#primaryimage\"},\"image\":{\"@id\":\"https:\\\/\\\/la-cortigiana.it\\\/product\\\/florentine-leather-flogger-with-spiked-handle\\\/#primaryimage\"},\"thumbnailUrl\":\"https:\\\/\\\/la-cortigiana.it\\\/wp-content\\\/uploads\\\/2025\\\/01\\\/DSCF6196-2-1-scaled.jpg\",\"datePublished\":\"2025-01-28T18:22:48+00:00\",\"dateModified\":\"2025-10-10T01:51:16+00:00\",\"description\":\"Indulge in Florentine Leather Flogger with Spiked Handle - Handcrafted Impact Tool \u2013 handcrafted in Italy. Discreet symbol jewelry, erotic leather accessories and intimate pieces for hotwife, cuckold and lifestyle dynamics. Worldwide shipping.\",\"breadcrumb\":{\"@id\":\"https:\\\/\\\/la-cortigiana.it\\\/product\\\/florentine-leather-flogger-with-spiked-handle\\\/#breadcrumb\"},\"inLanguage\":\"de\",\"potentialAction\":[{\"@type\":\"ReadAction\",\"target\":[\"https:\\\/\\\/la-cortigiana.it\\\/product\\\/florentine-leather-flogger-with-spiked-handle\\\/\"]}]},{\"@type\":\"ImageObject\",\"inLanguage\":\"de\",\"@id\":\"https:\\\/\\\/la-cortigiana.it\\\/product\\\/florentine-leather-flogger-with-spiked-handle\\\/#primaryimage\",\"url\":\"https:\\\/\\\/la-cortigiana.it\\\/wp-content\\\/uploads\\\/2025\\\/01\\\/DSCF6196-2-1-scaled.jpg\",\"contentUrl\":\"https:\\\/\\\/la-cortigiana.it\\\/wp-content\\\/uploads\\\/2025\\\/01\\\/DSCF6196-2-1-scaled.jpg\",\"width\":2048,\"height\":2560,\"caption\":\"Leather Flogger by La Cortigiana\"},{\"@type\":\"BreadcrumbList\",\"@id\":\"https:\\\/\\\/la-cortigiana.it\\\/product\\\/florentine-leather-flogger-with-spiked-handle\\\/#breadcrumb\",\"itemListElement\":[{\"@type\":\"ListItem\",\"position\":1,\"name\":\"Home\",\"item\":\"https:\\\/\\\/la-cortigiana.it\\\/\"},{\"@type\":\"ListItem\",\"position\":2,\"name\":\"Shop\",\"item\":\"https:\\\/\\\/la-cortigiana.it\\\/shop\\\/\"},{\"@type\":\"ListItem\",\"position\":3,\"name\":\"Florentine Leather Flogger with Spiked Handle &#8211; Handcrafted Impact Tool\"}]},{\"@type\":\"WebSite\",\"@id\":\"https:\\\/\\\/la-cortigiana.it\\\/#website\",\"url\":\"https:\\\/\\\/la-cortigiana.it\\\/\",\"name\":\"La Cortigiana | Discreet Symbol Jewelry & Erotic Leather, Handmade in Italy\",\"description\":\"Quiet Marks of Chosen Desire\",\"publisher\":{\"@id\":\"https:\\\/\\\/la-cortigiana.it\\\/#organization\"},\"potentialAction\":[{\"@type\":\"SearchAction\",\"target\":{\"@type\":\"EntryPoint\",\"urlTemplate\":\"https:\\\/\\\/la-cortigiana.it\\\/?s={search_term_string}\"},\"query-input\":{\"@type\":\"PropertyValueSpecification\",\"valueRequired\":true,\"valueName\":\"search_term_string\"}}],\"inLanguage\":\"de\"},{\"@type\":\"Organization\",\"@id\":\"https:\\\/\\\/la-cortigiana.it\\\/#organization\",\"name\":\"La Cortigiana\",\"url\":\"https:\\\/\\\/la-cortigiana.it\\\/\",\"logo\":{\"@type\":\"ImageObject\",\"inLanguage\":\"de\",\"@id\":\"https:\\\/\\\/la-cortigiana.it\\\/#\\\/schema\\\/logo\\\/image\\\/\",\"url\":\"https:\\\/\\\/la-cortigiana.it\\\/wp-content\\\/uploads\\\/2025\\\/01\\\/La-Cortigiana.png\",\"contentUrl\":\"https:\\\/\\\/la-cortigiana.it\\\/wp-content\\\/uploads\\\/2025\\\/01\\\/La-Cortigiana.png\",\"width\":1646,\"height\":575,\"caption\":\"La Cortigiana\"},\"image\":{\"@id\":\"https:\\\/\\\/la-cortigiana.it\\\/#\\\/schema\\\/logo\\\/image\\\/\"},\"sameAs\":[\"https:\\\/\\\/www.facebook.com\\\/LaCortigiana\\\/\",\"https:\\\/\\\/x.com\\\/la_cortigianait\",\"https:\\\/\\\/www.instagram.com\\\/la_cortigiana.it\",\"https:\\\/\\\/substack.com\\\/@lacortigiana\"]}]}<\/script>\n<!-- \/ Yoast SEO Premium plugin. -->","yoast_head_json":{"title":"Florentine Leather Flogger with Spiked Handle - Handcrafted Impact Tool | Symbol Jewelry & Erotic Accessories \u2013 Handmade in Italy","description":"Indulge in Florentine Leather Flogger with Spiked Handle - Handcrafted Impact Tool \u2013 handcrafted in Italy. Discreet symbol jewelry, erotic leather accessories and intimate pieces for hotwife, cuckold and lifestyle dynamics. Worldwide shipping.","robots":{"index":"index","follow":"follow","max-snippet":"max-snippet:-1","max-image-preview":"max-image-preview:large","max-video-preview":"max-video-preview:-1"},"canonical":"https:\/\/la-cortigiana.it\/de\/produkt\/florentine-leather-flogger-with-spiked-handle\/","og_locale":"de_DE","og_type":"article","og_title":"Florentine Leather Flogger with Spiked Handle - Handcrafted Impact Tool | La Cortigiana \u2013 Handcrafted in Italy","og_description":"Luxury handcrafted lingerie & accessories from Italy. Sheer, sensual, made for bold desires. Discreet worldwide delivery.","og_url":"https:\/\/la-cortigiana.it\/de\/produkt\/florentine-leather-flogger-with-spiked-handle\/","og_site_name":"La Cortigiana | Handcrafted Leather Accessories for Bold Desires","article_publisher":"https:\/\/www.facebook.com\/LaCortigiana\/","article_modified_time":"2025-10-10T01:51:16+00:00","og_image":[{"width":2048,"height":2560,"url":"https:\/\/la-cortigiana.it\/wp-content\/uploads\/2025\/01\/DSCF6196-2-1-scaled.jpg","type":"image\/jpeg"}],"twitter_card":"summary_large_image","twitter_site":"@la_cortigianait","twitter_misc":{"Gesch\u00e4tzte Lesezeit":"1\u00a0Minute"},"schema":{"@context":"https:\/\/schema.org","@graph":[{"@type":["WebPage","ItemPage"],"@id":"https:\/\/la-cortigiana.it\/product\/florentine-leather-flogger-with-spiked-handle\/","url":"https:\/\/la-cortigiana.it\/product\/florentine-leather-flogger-with-spiked-handle\/","name":"Florentine Leather Flogger with Spiked Handle - Handcrafted Impact Tool | Symbol Jewelry & Erotic Accessories \u2013 Handmade in Italy","isPartOf":{"@id":"https:\/\/la-cortigiana.it\/#website"},"primaryImageOfPage":{"@id":"https:\/\/la-cortigiana.it\/product\/florentine-leather-flogger-with-spiked-handle\/#primaryimage"},"image":{"@id":"https:\/\/la-cortigiana.it\/product\/florentine-leather-flogger-with-spiked-handle\/#primaryimage"},"thumbnailUrl":"https:\/\/la-cortigiana.it\/wp-content\/uploads\/2025\/01\/DSCF6196-2-1-scaled.jpg","datePublished":"2025-01-28T18:22:48+00:00","dateModified":"2025-10-10T01:51:16+00:00","description":"Indulge in Florentine Leather Flogger with Spiked Handle - Handcrafted Impact Tool \u2013 handcrafted in Italy. Discreet symbol jewelry, erotic leather accessories and intimate pieces for hotwife, cuckold and lifestyle dynamics. Worldwide shipping.","breadcrumb":{"@id":"https:\/\/la-cortigiana.it\/product\/florentine-leather-flogger-with-spiked-handle\/#breadcrumb"},"inLanguage":"de","potentialAction":[{"@type":"ReadAction","target":["https:\/\/la-cortigiana.it\/product\/florentine-leather-flogger-with-spiked-handle\/"]}]},{"@type":"ImageObject","inLanguage":"de","@id":"https:\/\/la-cortigiana.it\/product\/florentine-leather-flogger-with-spiked-handle\/#primaryimage","url":"https:\/\/la-cortigiana.it\/wp-content\/uploads\/2025\/01\/DSCF6196-2-1-scaled.jpg","contentUrl":"https:\/\/la-cortigiana.it\/wp-content\/uploads\/2025\/01\/DSCF6196-2-1-scaled.jpg","width":2048,"height":2560,"caption":"Leather Flogger by La Cortigiana"},{"@type":"BreadcrumbList","@id":"https:\/\/la-cortigiana.it\/product\/florentine-leather-flogger-with-spiked-handle\/#breadcrumb","itemListElement":[{"@type":"ListItem","position":1,"name":"Home","item":"https:\/\/la-cortigiana.it\/"},{"@type":"ListItem","position":2,"name":"Shop","item":"https:\/\/la-cortigiana.it\/shop\/"},{"@type":"ListItem","position":3,"name":"Florentine Leather Flogger with Spiked Handle &#8211; Handcrafted Impact Tool"}]},{"@type":"WebSite","@id":"https:\/\/la-cortigiana.it\/#website","url":"https:\/\/la-cortigiana.it\/","name":"La Cortigiana | Diskret-symbolischer Schmuck &amp; erotisches Leder, handgefertigt in Italien","description":"Stille Zeichen erw\u00e4hlten Verlangens","publisher":{"@id":"https:\/\/la-cortigiana.it\/#organization"},"potentialAction":[{"@type":"SearchAction","target":{"@type":"EntryPoint","urlTemplate":"https:\/\/la-cortigiana.it\/?s={search_term_string}"},"query-input":{"@type":"PropertyValueSpecification","valueRequired":true,"valueName":"search_term_string"}}],"inLanguage":"de"},{"@type":"Organization","@id":"https:\/\/la-cortigiana.it\/#organization","name":"La Cortigiana","url":"https:\/\/la-cortigiana.it\/","logo":{"@type":"ImageObject","inLanguage":"de","@id":"https:\/\/la-cortigiana.it\/#\/schema\/logo\/image\/","url":"https:\/\/la-cortigiana.it\/wp-content\/uploads\/2025\/01\/La-Cortigiana.png","contentUrl":"https:\/\/la-cortigiana.it\/wp-content\/uploads\/2025\/01\/La-Cortigiana.png","width":1646,"height":575,"caption":"La Cortigiana"},"image":{"@id":"https:\/\/la-cortigiana.it\/#\/schema\/logo\/image\/"},"sameAs":["https:\/\/www.facebook.com\/LaCortigiana\/","https:\/\/x.com\/la_cortigianait","https:\/\/www.instagram.com\/la_cortigiana.it","https:\/\/substack.com\/@lacortigiana"]}]}},"_links":{"self":[{"href":"https:\/\/la-cortigiana.it\/de\/wp-json\/wp\/v2\/product\/1097","targetHints":{"allow":["GET"]}}],"collection":[{"href":"https:\/\/la-cortigiana.it\/de\/wp-json\/wp\/v2\/product"}],"about":[{"href":"https:\/\/la-cortigiana.it\/de\/wp-json\/wp\/v2\/types\/product"}],"replies":[{"embeddable":true,"href":"https:\/\/la-cortigiana.it\/de\/wp-json\/wp\/v2\/comments?post=1097"}],"wp:featuredmedia":[{"embeddable":true,"href":"https:\/\/la-cortigiana.it\/de\/wp-json\/wp\/v2\/media\/1098"}],"wp:attachment":[{"href":"https:\/\/la-cortigiana.it\/de\/wp-json\/wp\/v2\/media?parent=1097"}],"wp:term":[{"taxonomy":"product_brand","embeddable":true,"href":"https:\/\/la-cortigiana.it\/de\/wp-json\/wp\/v2\/product_brand?post=1097"},{"taxonomy":"product_cat","embeddable":true,"href":"https:\/\/la-cortigiana.it\/de\/wp-json\/wp\/v2\/product_cat?post=1097"},{"taxonomy":"product_tag","embeddable":true,"href":"https:\/\/la-cortigiana.it\/de\/wp-json\/wp\/v2\/product_tag?post=1097"}],"curies":[{"name":"wp","href":"https:\/\/api.w.org\/{rel}","templated":true}]}}