{"id":1332,"date":"2025-03-23T13:46:04","date_gmt":"2025-03-23T12:46:04","guid":{"rendered":"https:\/\/la-cortigiana.it\/?post_type=product&#038;p=1332"},"modified":"2025-10-10T02:51:16","modified_gmt":"2025-10-10T01:51:16","slug":"structured-waist-corset-with-ribbon","status":"publish","type":"product","link":"https:\/\/la-cortigiana.it\/de\/produkt\/structured-waist-corset-with-ribbon\/","title":{"rendered":"Strukturiertes Taillenkorsett mit B\u00e4ndern"},"content":{"rendered":"<ul>\n<li>\n<h3 class=\"\" data-start=\"928\" data-end=\"944\"><strong data-start=\"935\" data-end=\"944\">GR\u00d6SSE:<\/strong><\/h3>\n<div class=\"overflow-x-auto contain-inline-size\">\n<table data-start=\"946\" data-end=\"1230\">\n<thead data-start=\"946\" data-end=\"987\">\n<tr data-start=\"946\" data-end=\"987\">\n<th data-start=\"946\" data-end=\"953\">Gr\u00f6\u00dfe<\/th>\n<th data-start=\"953\" data-end=\"965\">Unterbrust<\/th>\n<th data-start=\"965\" data-end=\"973\">Taille<\/th>\n<th data-start=\"973\" data-end=\"987\">Mittlere H\u00fcfte<\/th>\n<\/tr>\n<\/thead>\n<tbody data-start=\"1034\" data-end=\"1230\">\n<tr data-start=\"1034\" data-end=\"1073\">\n<td>Gr\u00f6\u00dfe<\/td>\n<td>68\u201372 cm<\/td>\n<td>60\u201364 cm<\/td>\n<td>75\u201379 cm<\/td>\n<\/tr>\n<tr data-start=\"1074\" data-end=\"1112\">\n<td>S<\/td>\n<td>73\u201377 cm<\/td>\n<td>65\u201369 cm<\/td>\n<td>80\u201384 cm<\/td>\n<\/tr>\n<tr data-start=\"1113\" data-end=\"1151\">\n<td>M<\/td>\n<td>78\u201382 cm<\/td>\n<td>70\u201374 cm<\/td>\n<td>85\u201389 cm<\/td>\n<\/tr>\n<tr data-start=\"1152\" data-end=\"1190\">\n<td>L<\/td>\n<td>83\u201387 cm<\/td>\n<td>75\u201379 cm<\/td>\n<td>90\u201394 cm<\/td>\n<\/tr>\n<tr data-start=\"1191\" data-end=\"1230\">\n<td>XL<\/td>\n<td>88\u201392 cm<\/td>\n<td>80\u201384 cm<\/td>\n<td>95\u201399 cm<\/td>\n<\/tr>\n<\/tbody>\n<\/table>\n<\/div>\n<hr class=\"\" data-start=\"1232\" data-end=\"1235\" \/>\n<h3 class=\"\" data-start=\"1237\" data-end=\"1272\">\u2702\ufe0f <strong data-start=\"1244\" data-end=\"1272\">So nehmen Sie Messungen vor<\/strong><\/h3>\n<p class=\"\" data-start=\"1274\" data-end=\"1336\">Um die richtige Gr\u00f6\u00dfe auszuw\u00e4hlen, nehmen Sie diese drei wichtigen Ma\u00dfe:<\/p>\n<ul data-start=\"1338\" data-end=\"1563\">\n<li class=\"\" data-start=\"1338\" data-end=\"1398\">\n<p class=\"\" data-start=\"1340\" data-end=\"1398\"><strong data-start=\"1340\" data-end=\"1349\">Taille<\/strong> \u2013 Messen Sie an der schmalsten Stelle Ihres Oberk\u00f6rpers.<\/p>\n<\/li>\n<li class=\"\" data-start=\"1399\" data-end=\"1481\">\n<p class=\"\" data-start=\"1401\" data-end=\"1481\"><strong data-start=\"1401\" data-end=\"1414\">Unterbrust<\/strong> \u2013 Messen Sie direkt unter Ihrer Brust und halten Sie das Ma\u00dfband horizontal.<\/p>\n<\/li>\n<li class=\"\" data-start=\"1482\" data-end=\"1563\">\n<p class=\"\" data-start=\"1484\" data-end=\"1563\"><strong data-start=\"1484\" data-end=\"1498\">Mittlere H\u00fcfte<\/strong> \u2013 Messen Sie den Umfang Ihrer oberen H\u00fcfte, etwa 8\u201310 cm unterhalb der Taille.<\/p>\n<\/li>\n<\/ul>\n<p class=\"\" data-start=\"1565\" data-end=\"1597\"><strong data-start=\"1565\" data-end=\"1597\">Tipps zum genauen Messen:<\/strong><\/p>\n<ul data-start=\"1598\" data-end=\"1734\">\n<li class=\"\" data-start=\"1598\" data-end=\"1646\">\n<p class=\"\" data-start=\"1600\" data-end=\"1646\">Messen Sie \u00fcber d\u00fcnner Unterw\u00e4sche oder auf nackter Haut.<\/p>\n<\/li>\n<li class=\"\" data-start=\"1647\" data-end=\"1681\">\n<p class=\"\" data-start=\"1649\" data-end=\"1681\">Halten Sie das Band fest, aber nicht zu straff.<\/p>\n<\/li>\n<li class=\"\" data-start=\"1682\" data-end=\"1734\">\n<p class=\"\" data-start=\"1684\" data-end=\"1734\">Stehen Sie aufrecht, benutzen Sie einen Spiegel oder bitten Sie um Hilfe.<\/p>\n<\/li>\n<\/ul>\n<hr class=\"\" data-start=\"1736\" data-end=\"1739\" \/>\n<h3 class=\"\" data-start=\"1741\" data-end=\"1764\">\ud83e\uddf5 <strong data-start=\"1748\" data-end=\"1764\">Benutzerdefinierte Gr\u00f6\u00dfe:<\/strong><\/h3>\n<p class=\"\" data-start=\"1766\" data-end=\"1986\">Wenn Ihre Ma\u00dfe mehrere Gr\u00f6\u00dfen umfassen (z. B. Taille = S, H\u00fcftmitte = L), bieten wir ma\u00dfgeschneiderte Anpassungen an.<br data-start=\"1886\" data-end=\"1889\" \/>Schreiben Sie uns vor der Bestellung eine Nachricht und wir helfen Ihnen, die perfekte Passform f\u00fcr Ihren K\u00f6rper und Ihre Fantasie sicherzustellen.<\/p>\n<hr class=\"\" data-start=\"1988\" data-end=\"1991\" \/>\n<h3 class=\"\" data-start=\"1993\" data-end=\"2018\">\ud83d\udd01 <strong data-start=\"2000\" data-end=\"2018\">R\u00fcckgaberecht:<\/strong><\/h3>\n<p class=\"\" data-start=\"2020\" data-end=\"2095\">Jedes Korsett wird auf Bestellung handgefertigt, daher k\u00f6nnen wir keine R\u00fcckgaben oder Umtausche akzeptieren.<\/p>\n<p class=\"\" data-start=\"2097\" data-end=\"2250\">Sollten Sie sich bez\u00fcglich der Gr\u00f6\u00dfe oder Passform unsicher sein, kontaktieren Sie uns bitte vor der Bestellung. Wir beraten Sie gerne und sorgen daf\u00fcr, dass Ihr Korsett perfekt sitzt.<\/p>\n<hr class=\"\" data-start=\"2252\" data-end=\"2255\" \/>\n<p class=\"\" data-start=\"2257\" data-end=\"2341\"><strong data-start=\"2257\" data-end=\"2339\">Vielen Dank f\u00fcr die Unterst\u00fctzung von Slow Fashion, Handwerkskunst und intimem Ausdruck.<\/strong><\/p>\n<\/li>\n<\/ul>","protected":false},"excerpt":{"rendered":"<p class=\"\" data-start=\"175\" data-end=\"270\"><strong data-start=\"175\" data-end=\"270\">Dieses Korsett wurde f\u00fcr Form, Eleganz und Komfort gefertigt und ist eine neu interpretierte zeitlose Silhouette.<\/strong><\/p>\n<p class=\"\" data-start=\"272\" data-end=\"526\">Dieses Korsett wurde sorgf\u00e4ltig von Hand aus hochwertigem Baumwolltwill gefertigt. Es ist strukturiert, atmungsaktiv und betont Ihre Kurven, ohne dabei an Flexibilit\u00e4t einzub\u00fc\u00dfen. Die doppelte seitliche Schn\u00fcrung und der vordere Busk-Verschluss bieten sowohl Verstellbarkeit als auch optische Wirkung.<\/p>\n<p class=\"\" data-start=\"528\" data-end=\"679\">Dieses in einer Reihe von Farben angebotene St\u00fcck kann individuell an Ihren pers\u00f6nlichen Stil angepasst werden \u2013 von zeremoniellem Wei\u00df bis hin zu provokantem Schwarz oder sanften Pastellt\u00f6nen.<\/p>\n<p class=\"\" data-start=\"681\" data-end=\"816\">Ob als Dessous, Mode oder Teil eines Rituals getragen, es wird zu einer zweiten Haut \u2013 elegant, langlebig und unwiderstehlich f\u00fchlbar.<\/p>\n<h3 class=\"\" data-start=\"823\" data-end=\"852\"><strong data-start=\"830\" data-end=\"850\">Bearbeitungsdauer:<\/strong><\/h3>\n<p class=\"\" data-start=\"853\" data-end=\"921\"><strong>2\u20133 Wochen, kann aber je nach Komplexit\u00e4t und Arbeitsaufwand auch l\u00e4nger dauern.<\/strong><\/p>","protected":false},"featured_media":1745,"comment_status":"open","ping_status":"closed","template":"","meta":{"nf_dc_page":"","googlesitekit_rrm_CAowrc_CDA:productID":""},"product_brand":[],"product_cat":[62],"product_tag":[230],"class_list":{"0":"post-1332","1":"product","2":"type-product","3":"status-publish","4":"has-post-thumbnail","6":"product_cat-corsets-lingerie","7":"product_tag-corsets","9":"first","10":"instock","11":"shipping-taxable","12":"purchasable","13":"product-type-simple"},"yoast_head":"<!-- This site is optimized with the Yoast SEO Premium plugin v25.6 (Yoast SEO v27.4) - https:\/\/yoast.com\/product\/yoast-seo-premium-wordpress\/ -->\n<title>Structured Waist Corset with Ribbon Ties | Symbol Jewelry &amp; Erotic Accessories \u2013 Handmade in Italy<\/title>\n<meta name=\"description\" content=\"Indulge in Structured Waist Corset with Ribbon Ties \u2013 handcrafted in Italy. Discreet symbol jewelry, erotic leather accessories and intimate pieces for hotwife, cuckold and lifestyle dynamics. Worldwide shipping.\" \/>\n<meta name=\"robots\" content=\"index, follow, max-snippet:-1, max-image-preview:large, max-video-preview:-1\" \/>\n<link rel=\"canonical\" href=\"https:\/\/la-cortigiana.it\/de\/produkt\/structured-waist-corset-with-ribbon\/\" \/>\n<meta property=\"og:locale\" content=\"de_DE\" \/>\n<meta property=\"og:type\" content=\"article\" \/>\n<meta property=\"og:title\" content=\"Structured Waist Corset with Ribbon Ties | La Cortigiana \u2013 Handcrafted in Italy\" \/>\n<meta property=\"og:description\" content=\"Luxury handcrafted lingerie &amp; accessories from Italy. Sheer, sensual, made for bold desires. Discreet worldwide delivery.\" \/>\n<meta property=\"og:url\" content=\"https:\/\/la-cortigiana.it\/de\/produkt\/structured-waist-corset-with-ribbon\/\" \/>\n<meta property=\"og:site_name\" content=\"La Cortigiana | Handcrafted Leather Accessories for Bold Desires\" \/>\n<meta property=\"article:publisher\" content=\"https:\/\/www.facebook.com\/LaCortigiana\/\" \/>\n<meta property=\"article:modified_time\" content=\"2025-10-10T01:51:16+00:00\" \/>\n<meta property=\"og:image\" content=\"https:\/\/la-cortigiana.it\/wp-content\/uploads\/2025\/03\/DSCF7332.jpg\" \/>\n\t<meta property=\"og:image:width\" content=\"1600\" \/>\n\t<meta property=\"og:image:height\" content=\"2000\" \/>\n\t<meta property=\"og:image:type\" content=\"image\/jpeg\" \/>\n<meta name=\"twitter:card\" content=\"summary_large_image\" \/>\n<meta name=\"twitter:site\" content=\"@la_cortigianait\" \/>\n<meta name=\"twitter:label1\" content=\"Gesch\u00e4tzte Lesezeit\" \/>\n\t<meta name=\"twitter:data1\" content=\"2\u00a0Minuten\" \/>\n<script type=\"application\/ld+json\" class=\"yoast-schema-graph\">{\"@context\":\"https:\\\/\\\/schema.org\",\"@graph\":[{\"@type\":[\"WebPage\",\"ItemPage\"],\"@id\":\"https:\\\/\\\/la-cortigiana.it\\\/product\\\/structured-waist-corset-with-ribbon\\\/\",\"url\":\"https:\\\/\\\/la-cortigiana.it\\\/product\\\/structured-waist-corset-with-ribbon\\\/\",\"name\":\"Structured Waist Corset with Ribbon Ties | Symbol Jewelry & Erotic Accessories \u2013 Handmade in Italy\",\"isPartOf\":{\"@id\":\"https:\\\/\\\/la-cortigiana.it\\\/#website\"},\"primaryImageOfPage\":{\"@id\":\"https:\\\/\\\/la-cortigiana.it\\\/product\\\/structured-waist-corset-with-ribbon\\\/#primaryimage\"},\"image\":{\"@id\":\"https:\\\/\\\/la-cortigiana.it\\\/product\\\/structured-waist-corset-with-ribbon\\\/#primaryimage\"},\"thumbnailUrl\":\"https:\\\/\\\/la-cortigiana.it\\\/wp-content\\\/uploads\\\/2025\\\/03\\\/DSCF7332.jpg\",\"datePublished\":\"2025-03-23T12:46:04+00:00\",\"dateModified\":\"2025-10-10T01:51:16+00:00\",\"description\":\"Indulge in Structured Waist Corset with Ribbon Ties \u2013 handcrafted in Italy. Discreet symbol jewelry, erotic leather accessories and intimate pieces for hotwife, cuckold and lifestyle dynamics. Worldwide shipping.\",\"breadcrumb\":{\"@id\":\"https:\\\/\\\/la-cortigiana.it\\\/product\\\/structured-waist-corset-with-ribbon\\\/#breadcrumb\"},\"inLanguage\":\"de\",\"potentialAction\":[{\"@type\":\"ReadAction\",\"target\":[\"https:\\\/\\\/la-cortigiana.it\\\/product\\\/structured-waist-corset-with-ribbon\\\/\"]}]},{\"@type\":\"ImageObject\",\"inLanguage\":\"de\",\"@id\":\"https:\\\/\\\/la-cortigiana.it\\\/product\\\/structured-waist-corset-with-ribbon\\\/#primaryimage\",\"url\":\"https:\\\/\\\/la-cortigiana.it\\\/wp-content\\\/uploads\\\/2025\\\/03\\\/DSCF7332.jpg\",\"contentUrl\":\"https:\\\/\\\/la-cortigiana.it\\\/wp-content\\\/uploads\\\/2025\\\/03\\\/DSCF7332.jpg\",\"width\":1600,\"height\":2000,\"caption\":\"corsette by La Cortigiana\"},{\"@type\":\"BreadcrumbList\",\"@id\":\"https:\\\/\\\/la-cortigiana.it\\\/product\\\/structured-waist-corset-with-ribbon\\\/#breadcrumb\",\"itemListElement\":[{\"@type\":\"ListItem\",\"position\":1,\"name\":\"Home\",\"item\":\"https:\\\/\\\/la-cortigiana.it\\\/\"},{\"@type\":\"ListItem\",\"position\":2,\"name\":\"Shop\",\"item\":\"https:\\\/\\\/la-cortigiana.it\\\/shop\\\/\"},{\"@type\":\"ListItem\",\"position\":3,\"name\":\"Structured Waist Corset with Ribbon Ties\"}]},{\"@type\":\"WebSite\",\"@id\":\"https:\\\/\\\/la-cortigiana.it\\\/#website\",\"url\":\"https:\\\/\\\/la-cortigiana.it\\\/\",\"name\":\"La Cortigiana | Discreet Symbol Jewelry & Erotic Leather, Handmade in Italy\",\"description\":\"Quiet Marks of Chosen Desire\",\"publisher\":{\"@id\":\"https:\\\/\\\/la-cortigiana.it\\\/#organization\"},\"potentialAction\":[{\"@type\":\"SearchAction\",\"target\":{\"@type\":\"EntryPoint\",\"urlTemplate\":\"https:\\\/\\\/la-cortigiana.it\\\/?s={search_term_string}\"},\"query-input\":{\"@type\":\"PropertyValueSpecification\",\"valueRequired\":true,\"valueName\":\"search_term_string\"}}],\"inLanguage\":\"de\"},{\"@type\":\"Organization\",\"@id\":\"https:\\\/\\\/la-cortigiana.it\\\/#organization\",\"name\":\"La Cortigiana\",\"url\":\"https:\\\/\\\/la-cortigiana.it\\\/\",\"logo\":{\"@type\":\"ImageObject\",\"inLanguage\":\"de\",\"@id\":\"https:\\\/\\\/la-cortigiana.it\\\/#\\\/schema\\\/logo\\\/image\\\/\",\"url\":\"https:\\\/\\\/la-cortigiana.it\\\/wp-content\\\/uploads\\\/2025\\\/01\\\/La-Cortigiana.png\",\"contentUrl\":\"https:\\\/\\\/la-cortigiana.it\\\/wp-content\\\/uploads\\\/2025\\\/01\\\/La-Cortigiana.png\",\"width\":1646,\"height\":575,\"caption\":\"La Cortigiana\"},\"image\":{\"@id\":\"https:\\\/\\\/la-cortigiana.it\\\/#\\\/schema\\\/logo\\\/image\\\/\"},\"sameAs\":[\"https:\\\/\\\/www.facebook.com\\\/LaCortigiana\\\/\",\"https:\\\/\\\/x.com\\\/la_cortigianait\",\"https:\\\/\\\/www.instagram.com\\\/la_cortigiana.it\",\"https:\\\/\\\/substack.com\\\/@lacortigiana\"]}]}<\/script>\n<!-- \/ Yoast SEO Premium plugin. -->","yoast_head_json":{"title":"Structured Waist Corset with Ribbon Ties | Symbol Jewelry & Erotic Accessories \u2013 Handmade in Italy","description":"Indulge in Structured Waist Corset with Ribbon Ties \u2013 handcrafted in Italy. Discreet symbol jewelry, erotic leather accessories and intimate pieces for hotwife, cuckold and lifestyle dynamics. Worldwide shipping.","robots":{"index":"index","follow":"follow","max-snippet":"max-snippet:-1","max-image-preview":"max-image-preview:large","max-video-preview":"max-video-preview:-1"},"canonical":"https:\/\/la-cortigiana.it\/de\/produkt\/structured-waist-corset-with-ribbon\/","og_locale":"de_DE","og_type":"article","og_title":"Structured Waist Corset with Ribbon Ties | La Cortigiana \u2013 Handcrafted in Italy","og_description":"Luxury handcrafted lingerie & accessories from Italy. Sheer, sensual, made for bold desires. Discreet worldwide delivery.","og_url":"https:\/\/la-cortigiana.it\/de\/produkt\/structured-waist-corset-with-ribbon\/","og_site_name":"La Cortigiana | Handcrafted Leather Accessories for Bold Desires","article_publisher":"https:\/\/www.facebook.com\/LaCortigiana\/","article_modified_time":"2025-10-10T01:51:16+00:00","og_image":[{"width":1600,"height":2000,"url":"https:\/\/la-cortigiana.it\/wp-content\/uploads\/2025\/03\/DSCF7332.jpg","type":"image\/jpeg"}],"twitter_card":"summary_large_image","twitter_site":"@la_cortigianait","twitter_misc":{"Gesch\u00e4tzte Lesezeit":"2\u00a0Minuten"},"schema":{"@context":"https:\/\/schema.org","@graph":[{"@type":["WebPage","ItemPage"],"@id":"https:\/\/la-cortigiana.it\/product\/structured-waist-corset-with-ribbon\/","url":"https:\/\/la-cortigiana.it\/product\/structured-waist-corset-with-ribbon\/","name":"Structured Waist Corset with Ribbon Ties | Symbol Jewelry & Erotic Accessories \u2013 Handmade in Italy","isPartOf":{"@id":"https:\/\/la-cortigiana.it\/#website"},"primaryImageOfPage":{"@id":"https:\/\/la-cortigiana.it\/product\/structured-waist-corset-with-ribbon\/#primaryimage"},"image":{"@id":"https:\/\/la-cortigiana.it\/product\/structured-waist-corset-with-ribbon\/#primaryimage"},"thumbnailUrl":"https:\/\/la-cortigiana.it\/wp-content\/uploads\/2025\/03\/DSCF7332.jpg","datePublished":"2025-03-23T12:46:04+00:00","dateModified":"2025-10-10T01:51:16+00:00","description":"Indulge in Structured Waist Corset with Ribbon Ties \u2013 handcrafted in Italy. Discreet symbol jewelry, erotic leather accessories and intimate pieces for hotwife, cuckold and lifestyle dynamics. Worldwide shipping.","breadcrumb":{"@id":"https:\/\/la-cortigiana.it\/product\/structured-waist-corset-with-ribbon\/#breadcrumb"},"inLanguage":"de","potentialAction":[{"@type":"ReadAction","target":["https:\/\/la-cortigiana.it\/product\/structured-waist-corset-with-ribbon\/"]}]},{"@type":"ImageObject","inLanguage":"de","@id":"https:\/\/la-cortigiana.it\/product\/structured-waist-corset-with-ribbon\/#primaryimage","url":"https:\/\/la-cortigiana.it\/wp-content\/uploads\/2025\/03\/DSCF7332.jpg","contentUrl":"https:\/\/la-cortigiana.it\/wp-content\/uploads\/2025\/03\/DSCF7332.jpg","width":1600,"height":2000,"caption":"corsette by La Cortigiana"},{"@type":"BreadcrumbList","@id":"https:\/\/la-cortigiana.it\/product\/structured-waist-corset-with-ribbon\/#breadcrumb","itemListElement":[{"@type":"ListItem","position":1,"name":"Home","item":"https:\/\/la-cortigiana.it\/"},{"@type":"ListItem","position":2,"name":"Shop","item":"https:\/\/la-cortigiana.it\/shop\/"},{"@type":"ListItem","position":3,"name":"Structured Waist Corset with Ribbon Ties"}]},{"@type":"WebSite","@id":"https:\/\/la-cortigiana.it\/#website","url":"https:\/\/la-cortigiana.it\/","name":"La Cortigiana | Diskret-symbolischer Schmuck &amp; erotisches Leder, handgefertigt in Italien","description":"Stille Zeichen erw\u00e4hlten Verlangens","publisher":{"@id":"https:\/\/la-cortigiana.it\/#organization"},"potentialAction":[{"@type":"SearchAction","target":{"@type":"EntryPoint","urlTemplate":"https:\/\/la-cortigiana.it\/?s={search_term_string}"},"query-input":{"@type":"PropertyValueSpecification","valueRequired":true,"valueName":"search_term_string"}}],"inLanguage":"de"},{"@type":"Organization","@id":"https:\/\/la-cortigiana.it\/#organization","name":"La Cortigiana","url":"https:\/\/la-cortigiana.it\/","logo":{"@type":"ImageObject","inLanguage":"de","@id":"https:\/\/la-cortigiana.it\/#\/schema\/logo\/image\/","url":"https:\/\/la-cortigiana.it\/wp-content\/uploads\/2025\/01\/La-Cortigiana.png","contentUrl":"https:\/\/la-cortigiana.it\/wp-content\/uploads\/2025\/01\/La-Cortigiana.png","width":1646,"height":575,"caption":"La Cortigiana"},"image":{"@id":"https:\/\/la-cortigiana.it\/#\/schema\/logo\/image\/"},"sameAs":["https:\/\/www.facebook.com\/LaCortigiana\/","https:\/\/x.com\/la_cortigianait","https:\/\/www.instagram.com\/la_cortigiana.it","https:\/\/substack.com\/@lacortigiana"]}]}},"_links":{"self":[{"href":"https:\/\/la-cortigiana.it\/de\/wp-json\/wp\/v2\/product\/1332","targetHints":{"allow":["GET"]}}],"collection":[{"href":"https:\/\/la-cortigiana.it\/de\/wp-json\/wp\/v2\/product"}],"about":[{"href":"https:\/\/la-cortigiana.it\/de\/wp-json\/wp\/v2\/types\/product"}],"replies":[{"embeddable":true,"href":"https:\/\/la-cortigiana.it\/de\/wp-json\/wp\/v2\/comments?post=1332"}],"wp:featuredmedia":[{"embeddable":true,"href":"https:\/\/la-cortigiana.it\/de\/wp-json\/wp\/v2\/media\/1745"}],"wp:attachment":[{"href":"https:\/\/la-cortigiana.it\/de\/wp-json\/wp\/v2\/media?parent=1332"}],"wp:term":[{"taxonomy":"product_brand","embeddable":true,"href":"https:\/\/la-cortigiana.it\/de\/wp-json\/wp\/v2\/product_brand?post=1332"},{"taxonomy":"product_cat","embeddable":true,"href":"https:\/\/la-cortigiana.it\/de\/wp-json\/wp\/v2\/product_cat?post=1332"},{"taxonomy":"product_tag","embeddable":true,"href":"https:\/\/la-cortigiana.it\/de\/wp-json\/wp\/v2\/product_tag?post=1332"}],"curies":[{"name":"wp","href":"https:\/\/api.w.org\/{rel}","templated":true}]}}