{"id":1849,"date":"2025-08-26T13:34:54","date_gmt":"2025-08-26T12:34:54","guid":{"rendered":"https:\/\/la-cortigiana.it\/?post_type=product&#038;p=1849"},"modified":"2025-10-10T02:51:21","modified_gmt":"2025-10-10T01:51:21","slug":"hotwife-vixen-choker","status":"publish","type":"product","link":"https:\/\/la-cortigiana.it\/de\/produkt\/hotwife-vixen-choker\/","title":{"rendered":"Hotwife Vixen Lederhalsband"},"content":{"rendered":"<p data-start=\"550\" data-end=\"626\"><strong data-start=\"550\" data-end=\"626\">Vacchetta Leather Vixen Choker \u2013 anpassbares Hotwife-Halsband mit O-Ring<\/strong><\/p>\n<p data-start=\"628\" data-end=\"964\">Hergestellt aus Premium <strong data-start=\"649\" data-end=\"678\">Italienisches Vacchetta-Leder<\/strong>, dieses Halsband ist so konzipiert, dass es sch\u00f6n altert: Das pflanzlich gegerbte Leder vertieft seinen Farbton und erh\u00e4lt eine nat\u00fcrliche <strong data-start=\"786\" data-end=\"796\">Patina<\/strong> mit Verschlei\u00df. Die Frontplatte tr\u00e4gt unsere eingravierte <strong data-start=\"845\" data-end=\"871\">Vixen \/ Hotwife-Symbol<\/strong> (Herz mit H\u00f6rnern und Schwanz) und ein poliertes <strong data-start=\"913\" data-end=\"929\">Stahl-O-Ring<\/strong> f\u00fcr diese klare, ikonische Silhouette.<\/p>\n<h3 data-start=\"966\" data-end=\"985\">Personalisierung<\/h3>\n<ul data-start=\"986\" data-end=\"1281\">\n<li data-start=\"986\" data-end=\"1104\">\n<p data-start=\"988\" data-end=\"1104\"><strong data-start=\"988\" data-end=\"1008\">Individuelle Gravur<\/strong> verf\u00fcgbar <strong data-start=\"1019\" data-end=\"1040\">innen oder au\u00dfen<\/strong> das Halsband (Initialen, Daten, W\u00f6rter, Koordinaten, kurzes Mantra).<\/p>\n<\/li>\n<li data-start=\"1105\" data-end=\"1194\">\n<p data-start=\"1107\" data-end=\"1194\">Option zum <strong data-start=\"1117\" data-end=\"1154\">F\u00fcgen Sie im Herzen kleine Symbole hinzu<\/strong> (z. B. Stern, Schl\u00fcssel, Blitz, Monogramm).<\/p>\n<\/li>\n<li data-start=\"1195\" data-end=\"1281\">\n<p data-start=\"1197\" data-end=\"1281\">Dezentes Layout und feine Linienf\u00fchrung verleihen dem St\u00fcck Eleganz und machen es zu einem St\u00fcck, das Tag und Nacht tragbar ist.<\/p>\n<\/li>\n<\/ul>\n<h3 data-start=\"1283\" data-end=\"1305\">Materialien &amp; Verarbeitung<\/h3>\n<ul data-start=\"1306\" data-end=\"1528\">\n<li data-start=\"1306\" data-end=\"1394\">\n<p data-start=\"1308\" data-end=\"1394\"><strong data-start=\"1308\" data-end=\"1329\">Vacchetta-Leder<\/strong> (pflanzlich gegerbt): glatte Oberfl\u00e4che, entwickelt mit der Zeit Charakter.<\/p>\n<\/li>\n<li data-start=\"1395\" data-end=\"1461\">\n<p data-start=\"1397\" data-end=\"1461\"><strong data-start=\"1397\" data-end=\"1424\">Stahlbeschl\u00e4ge und O-Ring<\/strong> f\u00fcr Langlebigkeit und ein edles Aussehen.<\/p>\n<\/li>\n<li data-start=\"1462\" data-end=\"1528\">\n<p data-start=\"1464\" data-end=\"1528\">Handgefertigte Kanten, sorgf\u00e4ltige N\u00e4hte und Nieten f\u00fcr eine lange Lebensdauer.<\/p>\n<\/li>\n<\/ul>\n<h3 data-start=\"1530\" data-end=\"1544\">Passform und Tragekomfort<\/h3>\n<ul data-start=\"1545\" data-end=\"1751\">\n<li data-start=\"1545\" data-end=\"1612\">\n<p data-start=\"1547\" data-end=\"1612\"><strong data-start=\"1547\" data-end=\"1561\">Einstellbar<\/strong> Mehrlochverschluss f\u00fcr eine bequeme, enge Passform.<\/p>\n<\/li>\n<li data-start=\"1613\" data-end=\"1662\">\n<p data-start=\"1615\" data-end=\"1662\">Weiche R\u00fcckseite und abgerundete Kanten f\u00fcr Hautkomfort.<\/p>\n<\/li>\n<li data-start=\"1663\" data-end=\"1751\">\n<p data-start=\"1665\" data-end=\"1751\">Wirkt als subtile <strong data-start=\"1683\" data-end=\"1709\">Junggeselle &amp; F\u00fcchsin \/ Hotwife<\/strong> Signal oder als minimalistischer Fashion-Choker.<\/p>\n<\/li>\n<\/ul>\n<h3 data-start=\"1753\" data-end=\"1761\">Pflege<\/h3>\n<ul data-start=\"1762\" data-end=\"1963\">\n<li data-start=\"1762\" data-end=\"1804\">\n<p data-start=\"1764\" data-end=\"1804\">Nach dem Tragen mit einem trockenen\/weichen Tuch abwischen.<\/p>\n<\/li>\n<li data-start=\"1805\" data-end=\"1893\">\n<p data-start=\"1807\" data-end=\"1893\">Vor l\u00e4ngerer Feuchtigkeit sch\u00fctzen, gelegentlich mit einem neutralen Lederbalsam pflegen.<\/p>\n<\/li>\n<li data-start=\"1894\" data-end=\"1963\">\n<p data-start=\"1896\" data-end=\"1963\">Erwarten Sie eine allm\u00e4hliche <strong data-start=\"1913\" data-end=\"1923\">Patina-<\/strong>es ist ein Markenzeichen authentischer Vacchetta<\/p>\n<\/li>\n<\/ul>","protected":false},"excerpt":{"rendered":"<p>Handgefertigt <strong data-start=\"158\" data-end=\"186\">Vacchetta-Lederhalsband<\/strong> mit Stahl <strong data-start=\"198\" data-end=\"208\">O-Ring<\/strong>. Verf\u00fcgt \u00fcber eine eingravierte <strong data-start=\"231\" data-end=\"257\">Hotwife \/ Vixen-Symbol<\/strong> und optional <strong data-start=\"271\" data-end=\"291\">individuelle Gravur<\/strong> innerhalb oder au\u00dferhalb des Kragens. Vacchetta entwickelt eine reiche <strong data-start=\"348\" data-end=\"358\">Patina<\/strong> im Laufe der Zeit. Sie k\u00f6nnen auch kleine <strong data-start=\"393\" data-end=\"421\">Symbole im Herzen<\/strong> Motiv. Verstellbare Passform; italienisches Leder; diskretes, elegantes Statement f\u00fcr <strong data-start=\"494\" data-end=\"510\">Hirsch und F\u00fcchsin<\/strong> \u00c4sthetik.<\/p>","protected":false},"featured_media":1850,"comment_status":"open","ping_status":"closed","template":"","meta":{"nf_dc_page":"","googlesitekit_rrm_CAowrc_CDA:productID":""},"product_brand":[],"product_cat":[23],"product_tag":[31],"class_list":{"0":"post-1849","1":"product","2":"type-product","3":"status-publish","4":"has-post-thumbnail","6":"product_cat-collars-handcuffs","7":"product_tag-bdsm","9":"first","10":"instock","11":"shipping-taxable","12":"purchasable","13":"product-type-simple"},"yoast_head":"<!-- This site is optimized with the Yoast SEO Premium plugin v25.6 (Yoast SEO v27.4) - https:\/\/yoast.com\/product\/yoast-seo-premium-wordpress\/ -->\n<title>Hotwife Vixen leather choker | Symbol Jewelry &amp; Erotic Accessories \u2013 Handmade in Italy<\/title>\n<meta name=\"description\" content=\"Indulge in Hotwife Vixen leather choker \u2013 Handcrafted Italian leather choker with a horned heart and detachable leash \u2013 a symbol of playful submission and desire by La Cortigiana.\" \/>\n<meta name=\"robots\" content=\"index, follow, max-snippet:-1, max-image-preview:large, max-video-preview:-1\" \/>\n<link rel=\"canonical\" href=\"https:\/\/la-cortigiana.it\/de\/produkt\/hotwife-vixen-choker\/\" \/>\n<meta property=\"og:locale\" content=\"de_DE\" \/>\n<meta property=\"og:type\" content=\"article\" \/>\n<meta property=\"og:title\" content=\"Hotwife Vixen leather choker | La Cortigiana \u2013 Handcrafted in Italy\" \/>\n<meta property=\"og:description\" content=\"Luxury handcrafted lingerie &amp; accessories from Italy. Sheer, sensual, made for bold desires. Discreet worldwide delivery.\" \/>\n<meta property=\"og:url\" content=\"https:\/\/la-cortigiana.it\/de\/produkt\/hotwife-vixen-choker\/\" \/>\n<meta property=\"og:site_name\" content=\"La Cortigiana | Handcrafted Leather Accessories for Bold Desires\" \/>\n<meta property=\"article:publisher\" content=\"https:\/\/www.facebook.com\/LaCortigiana\/\" \/>\n<meta property=\"article:modified_time\" content=\"2025-10-10T01:51:21+00:00\" \/>\n<meta property=\"og:image\" content=\"https:\/\/la-cortigiana.it\/wp-content\/uploads\/2025\/08\/DSCF9537.jpg\" \/>\n\t<meta property=\"og:image:width\" content=\"1600\" \/>\n\t<meta property=\"og:image:height\" content=\"2000\" \/>\n\t<meta property=\"og:image:type\" content=\"image\/jpeg\" \/>\n<meta name=\"twitter:card\" content=\"summary_large_image\" \/>\n<meta name=\"twitter:site\" content=\"@la_cortigianait\" \/>\n<meta name=\"twitter:label1\" content=\"Gesch\u00e4tzte Lesezeit\" \/>\n\t<meta name=\"twitter:data1\" content=\"2\u00a0Minuten\" \/>\n<script type=\"application\/ld+json\" class=\"yoast-schema-graph\">{\"@context\":\"https:\\\/\\\/schema.org\",\"@graph\":[{\"@type\":[\"WebPage\",\"ItemPage\"],\"@id\":\"https:\\\/\\\/la-cortigiana.it\\\/product\\\/hotwife-vixen-choker\\\/\",\"url\":\"https:\\\/\\\/la-cortigiana.it\\\/product\\\/hotwife-vixen-choker\\\/\",\"name\":\"Hotwife Vixen leather choker | Symbol Jewelry & Erotic Accessories \u2013 Handmade in Italy\",\"isPartOf\":{\"@id\":\"https:\\\/\\\/la-cortigiana.it\\\/#website\"},\"primaryImageOfPage\":{\"@id\":\"https:\\\/\\\/la-cortigiana.it\\\/product\\\/hotwife-vixen-choker\\\/#primaryimage\"},\"image\":{\"@id\":\"https:\\\/\\\/la-cortigiana.it\\\/product\\\/hotwife-vixen-choker\\\/#primaryimage\"},\"thumbnailUrl\":\"https:\\\/\\\/la-cortigiana.it\\\/wp-content\\\/uploads\\\/2025\\\/08\\\/DSCF9537.jpg\",\"datePublished\":\"2025-08-26T12:34:54+00:00\",\"dateModified\":\"2025-10-10T01:51:21+00:00\",\"description\":\"Indulge in Hotwife Vixen leather choker \u2013 Handcrafted Italian leather choker with a horned heart and detachable leash \u2013 a symbol of playful submission and desire by La Cortigiana.\",\"breadcrumb\":{\"@id\":\"https:\\\/\\\/la-cortigiana.it\\\/product\\\/hotwife-vixen-choker\\\/#breadcrumb\"},\"inLanguage\":\"de\",\"potentialAction\":[{\"@type\":\"ReadAction\",\"target\":[\"https:\\\/\\\/la-cortigiana.it\\\/product\\\/hotwife-vixen-choker\\\/\"]}]},{\"@type\":\"ImageObject\",\"inLanguage\":\"de\",\"@id\":\"https:\\\/\\\/la-cortigiana.it\\\/product\\\/hotwife-vixen-choker\\\/#primaryimage\",\"url\":\"https:\\\/\\\/la-cortigiana.it\\\/wp-content\\\/uploads\\\/2025\\\/08\\\/DSCF9537.jpg\",\"contentUrl\":\"https:\\\/\\\/la-cortigiana.it\\\/wp-content\\\/uploads\\\/2025\\\/08\\\/DSCF9537.jpg\",\"width\":1600,\"height\":2000,\"caption\":\"hotwife choker\"},{\"@type\":\"BreadcrumbList\",\"@id\":\"https:\\\/\\\/la-cortigiana.it\\\/product\\\/hotwife-vixen-choker\\\/#breadcrumb\",\"itemListElement\":[{\"@type\":\"ListItem\",\"position\":1,\"name\":\"Home\",\"item\":\"https:\\\/\\\/la-cortigiana.it\\\/\"},{\"@type\":\"ListItem\",\"position\":2,\"name\":\"Shop\",\"item\":\"https:\\\/\\\/la-cortigiana.it\\\/shop\\\/\"},{\"@type\":\"ListItem\",\"position\":3,\"name\":\"Hotwife Vixen leather choker\"}]},{\"@type\":\"WebSite\",\"@id\":\"https:\\\/\\\/la-cortigiana.it\\\/#website\",\"url\":\"https:\\\/\\\/la-cortigiana.it\\\/\",\"name\":\"La Cortigiana | Discreet Symbol Jewelry & Erotic Leather, Handmade in Italy\",\"description\":\"Quiet Marks of Chosen Desire\",\"publisher\":{\"@id\":\"https:\\\/\\\/la-cortigiana.it\\\/#organization\"},\"potentialAction\":[{\"@type\":\"SearchAction\",\"target\":{\"@type\":\"EntryPoint\",\"urlTemplate\":\"https:\\\/\\\/la-cortigiana.it\\\/?s={search_term_string}\"},\"query-input\":{\"@type\":\"PropertyValueSpecification\",\"valueRequired\":true,\"valueName\":\"search_term_string\"}}],\"inLanguage\":\"de\"},{\"@type\":\"Organization\",\"@id\":\"https:\\\/\\\/la-cortigiana.it\\\/#organization\",\"name\":\"La Cortigiana\",\"url\":\"https:\\\/\\\/la-cortigiana.it\\\/\",\"logo\":{\"@type\":\"ImageObject\",\"inLanguage\":\"de\",\"@id\":\"https:\\\/\\\/la-cortigiana.it\\\/#\\\/schema\\\/logo\\\/image\\\/\",\"url\":\"https:\\\/\\\/la-cortigiana.it\\\/wp-content\\\/uploads\\\/2025\\\/01\\\/La-Cortigiana.png\",\"contentUrl\":\"https:\\\/\\\/la-cortigiana.it\\\/wp-content\\\/uploads\\\/2025\\\/01\\\/La-Cortigiana.png\",\"width\":1646,\"height\":575,\"caption\":\"La Cortigiana\"},\"image\":{\"@id\":\"https:\\\/\\\/la-cortigiana.it\\\/#\\\/schema\\\/logo\\\/image\\\/\"},\"sameAs\":[\"https:\\\/\\\/www.facebook.com\\\/LaCortigiana\\\/\",\"https:\\\/\\\/x.com\\\/la_cortigianait\",\"https:\\\/\\\/www.instagram.com\\\/la_cortigiana.it\",\"https:\\\/\\\/substack.com\\\/@lacortigiana\"]}]}<\/script>\n<!-- \/ Yoast SEO Premium plugin. -->","yoast_head_json":{"title":"Hotwife Vixen leather choker | Symbol Jewelry & Erotic Accessories \u2013 Handmade in Italy","description":"G\u00f6nnen Sie sich das Hotwife Vixen-Lederhalsband \u2013 handgefertigtes italienisches Lederhalsband mit geh\u00f6rntem Herzen und abnehmbarer Leine \u2013 ein Symbol spielerischer Unterwerfung und Lust von La Cortigiana.","robots":{"index":"index","follow":"follow","max-snippet":"max-snippet:-1","max-image-preview":"max-image-preview:large","max-video-preview":"max-video-preview:-1"},"canonical":"https:\/\/la-cortigiana.it\/de\/produkt\/hotwife-vixen-choker\/","og_locale":"de_DE","og_type":"article","og_title":"Hotwife Vixen leather choker | La Cortigiana \u2013 Handcrafted in Italy","og_description":"Luxury handcrafted lingerie & accessories from Italy. Sheer, sensual, made for bold desires. Discreet worldwide delivery.","og_url":"https:\/\/la-cortigiana.it\/de\/produkt\/hotwife-vixen-choker\/","og_site_name":"La Cortigiana | Handcrafted Leather Accessories for Bold Desires","article_publisher":"https:\/\/www.facebook.com\/LaCortigiana\/","article_modified_time":"2025-10-10T01:51:21+00:00","og_image":[{"width":1600,"height":2000,"url":"https:\/\/la-cortigiana.it\/wp-content\/uploads\/2025\/08\/DSCF9537.jpg","type":"image\/jpeg"}],"twitter_card":"summary_large_image","twitter_site":"@la_cortigianait","twitter_misc":{"Gesch\u00e4tzte Lesezeit":"2\u00a0Minuten"},"schema":{"@context":"https:\/\/schema.org","@graph":[{"@type":["WebPage","ItemPage"],"@id":"https:\/\/la-cortigiana.it\/product\/hotwife-vixen-choker\/","url":"https:\/\/la-cortigiana.it\/product\/hotwife-vixen-choker\/","name":"Hotwife Vixen leather choker | Symbol Jewelry & Erotic Accessories \u2013 Handmade in Italy","isPartOf":{"@id":"https:\/\/la-cortigiana.it\/#website"},"primaryImageOfPage":{"@id":"https:\/\/la-cortigiana.it\/product\/hotwife-vixen-choker\/#primaryimage"},"image":{"@id":"https:\/\/la-cortigiana.it\/product\/hotwife-vixen-choker\/#primaryimage"},"thumbnailUrl":"https:\/\/la-cortigiana.it\/wp-content\/uploads\/2025\/08\/DSCF9537.jpg","datePublished":"2025-08-26T12:34:54+00:00","dateModified":"2025-10-10T01:51:21+00:00","description":"G\u00f6nnen Sie sich das Hotwife Vixen-Lederhalsband \u2013 handgefertigtes italienisches Lederhalsband mit geh\u00f6rntem Herzen und abnehmbarer Leine \u2013 ein Symbol spielerischer Unterwerfung und Lust von La Cortigiana.","breadcrumb":{"@id":"https:\/\/la-cortigiana.it\/product\/hotwife-vixen-choker\/#breadcrumb"},"inLanguage":"de","potentialAction":[{"@type":"ReadAction","target":["https:\/\/la-cortigiana.it\/product\/hotwife-vixen-choker\/"]}]},{"@type":"ImageObject","inLanguage":"de","@id":"https:\/\/la-cortigiana.it\/product\/hotwife-vixen-choker\/#primaryimage","url":"https:\/\/la-cortigiana.it\/wp-content\/uploads\/2025\/08\/DSCF9537.jpg","contentUrl":"https:\/\/la-cortigiana.it\/wp-content\/uploads\/2025\/08\/DSCF9537.jpg","width":1600,"height":2000,"caption":"hotwife choker"},{"@type":"BreadcrumbList","@id":"https:\/\/la-cortigiana.it\/product\/hotwife-vixen-choker\/#breadcrumb","itemListElement":[{"@type":"ListItem","position":1,"name":"Home","item":"https:\/\/la-cortigiana.it\/"},{"@type":"ListItem","position":2,"name":"Shop","item":"https:\/\/la-cortigiana.it\/shop\/"},{"@type":"ListItem","position":3,"name":"Hotwife Vixen leather choker"}]},{"@type":"WebSite","@id":"https:\/\/la-cortigiana.it\/#website","url":"https:\/\/la-cortigiana.it\/","name":"La Cortigiana | Diskret-symbolischer Schmuck &amp; erotisches Leder, handgefertigt in Italien","description":"Stille Zeichen erw\u00e4hlten Verlangens","publisher":{"@id":"https:\/\/la-cortigiana.it\/#organization"},"potentialAction":[{"@type":"SearchAction","target":{"@type":"EntryPoint","urlTemplate":"https:\/\/la-cortigiana.it\/?s={search_term_string}"},"query-input":{"@type":"PropertyValueSpecification","valueRequired":true,"valueName":"search_term_string"}}],"inLanguage":"de"},{"@type":"Organization","@id":"https:\/\/la-cortigiana.it\/#organization","name":"La Cortigiana","url":"https:\/\/la-cortigiana.it\/","logo":{"@type":"ImageObject","inLanguage":"de","@id":"https:\/\/la-cortigiana.it\/#\/schema\/logo\/image\/","url":"https:\/\/la-cortigiana.it\/wp-content\/uploads\/2025\/01\/La-Cortigiana.png","contentUrl":"https:\/\/la-cortigiana.it\/wp-content\/uploads\/2025\/01\/La-Cortigiana.png","width":1646,"height":575,"caption":"La Cortigiana"},"image":{"@id":"https:\/\/la-cortigiana.it\/#\/schema\/logo\/image\/"},"sameAs":["https:\/\/www.facebook.com\/LaCortigiana\/","https:\/\/x.com\/la_cortigianait","https:\/\/www.instagram.com\/la_cortigiana.it","https:\/\/substack.com\/@lacortigiana"]}]}},"_links":{"self":[{"href":"https:\/\/la-cortigiana.it\/de\/wp-json\/wp\/v2\/product\/1849","targetHints":{"allow":["GET"]}}],"collection":[{"href":"https:\/\/la-cortigiana.it\/de\/wp-json\/wp\/v2\/product"}],"about":[{"href":"https:\/\/la-cortigiana.it\/de\/wp-json\/wp\/v2\/types\/product"}],"replies":[{"embeddable":true,"href":"https:\/\/la-cortigiana.it\/de\/wp-json\/wp\/v2\/comments?post=1849"}],"wp:featuredmedia":[{"embeddable":true,"href":"https:\/\/la-cortigiana.it\/de\/wp-json\/wp\/v2\/media\/1850"}],"wp:attachment":[{"href":"https:\/\/la-cortigiana.it\/de\/wp-json\/wp\/v2\/media?parent=1849"}],"wp:term":[{"taxonomy":"product_brand","embeddable":true,"href":"https:\/\/la-cortigiana.it\/de\/wp-json\/wp\/v2\/product_brand?post=1849"},{"taxonomy":"product_cat","embeddable":true,"href":"https:\/\/la-cortigiana.it\/de\/wp-json\/wp\/v2\/product_cat?post=1849"},{"taxonomy":"product_tag","embeddable":true,"href":"https:\/\/la-cortigiana.it\/de\/wp-json\/wp\/v2\/product_tag?post=1849"}],"curies":[{"name":"wp","href":"https:\/\/api.w.org\/{rel}","templated":true}]}}