{"id":2075,"date":"2025-11-19T13:30:11","date_gmt":"2025-11-19T12:30:11","guid":{"rendered":"https:\/\/la-cortigiana.it\/?post_type=product&#038;p=2075"},"modified":"2025-12-22T16:37:49","modified_gmt":"2025-12-22T15:37:49","slug":"bdsm-symbol-leather-bracelet","status":"publish","type":"product","link":"https:\/\/la-cortigiana.it\/de\/produkt\/bdsm-symbol-leather-bracelet\/","title":{"rendered":"Lederarmband mit BDSM-Symbol"},"content":{"rendered":"<p data-start=\"1149\" data-end=\"1361\">Der <strong data-start=\"1153\" data-end=\"1185\">Lederarmband mit BDSM-Symbol<\/strong> wird aus authentischen Materialien hergestellt <strong data-start=\"1209\" data-end=\"1236\">Toskanisches Vachetta-Leder<\/strong> \u2013 ein traditionelles, pflanzlich gegerbtes Leder, das f\u00fcr seine klare Narbung, seine solide Struktur und die warme Patina bekannt ist, die es mit der Zeit entwickelt.<\/p>\n<p data-start=\"1363\" data-end=\"1667\">Jedes Armband ist <strong data-start=\"1380\" data-end=\"1423\">In Italien von Hand geschnitten, geformt und veredelt.<\/strong>, Dabei werden altbew\u00e4hrte Techniken eingesetzt, die jedem St\u00fcck seine eigene Textur und seinen eigenen Charakter verleihen.<br data-start=\"1505\" data-end=\"1508\" \/>Sie k\u00f6nnen w\u00e4hlen zwischen <strong data-start=\"1531\" data-end=\"1540\">Schwarz<\/strong>, <strong data-start=\"1542\" data-end=\"1552\">Cognac<\/strong>, oder <strong data-start=\"1557\" data-end=\"1583\">helles, nat\u00fcrliches Vachetta<\/strong> \u2014 drei klassische Farbt\u00f6ne, die mit der Zeit wundersch\u00f6n altern und Ihre pers\u00f6nliche Note bewahren.<\/p>\n<p data-start=\"1669\" data-end=\"1873\">Das BDSM-Symbol kann eingepr\u00e4gt werden auf dem <strong data-start=\"1708\" data-end=\"1719\">drau\u00dfen<\/strong>,<br data-start=\"1720\" data-end=\"1723\" \/>oder platziert <strong data-start=\"1733\" data-end=\"1750\">innen<\/strong> F\u00fcr eine diskretere Variante \u2013 ein Armband, das minimalistisch aussieht, bis jemand n\u00e4her herangeht und erkennt, was es tats\u00e4chlich bedeutet.<\/p>\n<p data-start=\"1875\" data-end=\"1984\">Wir bieten au\u00dferdem an <strong data-start=\"1889\" data-end=\"1909\">individuelle Gravur<\/strong> auf der Innen- oder Au\u00dfenseite: Initialen, Daten, ein Satz oder Ihr eigenes Symbol.<\/p>\n<p data-start=\"1986\" data-end=\"2064\">Jedes Armband wird exakt an Ihre Handgelenkgr\u00f6\u00dfe angepasst, um einen bequemen und sicheren Sitz zu gew\u00e4hrleisten.<\/p>\n<p data-start=\"2066\" data-end=\"2187\"><strong data-start=\"2066\" data-end=\"2187\">Handgefertigt in Italien.<br data-start=\"2086\" data-end=\"2089\" \/>Toskanisches Vachetta-Leder.<br data-start=\"2113\" data-end=\"2116\" \/>Ein pers\u00f6nliches BDSM-Symbol, das Sie jeden Tag tragen k\u00f6nnen \u2013 offen oder diskret.<\/strong><\/p>","protected":false},"excerpt":{"rendered":"<p>Ein handgefertigtes Armband aus <strong data-start=\"872\" data-end=\"899\">Toskanisches Vachetta-Leder<\/strong>, Erh\u00e4ltlich in Schwarz, Cognac und Natur-Nude.<br data-start=\"946\" data-end=\"949\" \/>Das BDSM-Symbol kann au\u00dfen eingepr\u00e4gt oder innen versteckt werden, um ein diskretes, individuelles Design zu erm\u00f6glichen.<br data-start=\"1038\" data-end=\"1041\" \/>Individuelle Gravur auf beiden Seiten m\u00f6glich.<br data-start=\"1082\" data-end=\"1085\" \/>In Italien nach Ihren genauen Ma\u00dfen gefertigt.<\/p>","protected":false},"featured_media":2151,"comment_status":"open","ping_status":"closed","template":"","meta":{"nf_dc_page":"","googlesitekit_rrm_CAowrc_CDA:productID":""},"product_brand":[],"product_cat":[24],"product_tag":[],"class_list":{"0":"post-2075","1":"product","2":"type-product","3":"status-publish","4":"has-post-thumbnail","6":"product_cat-bracelets","8":"first","9":"instock","10":"shipping-taxable","11":"purchasable","12":"product-type-simple"},"yoast_head":"<!-- This site is optimized with the Yoast SEO Premium plugin v25.6 (Yoast SEO v27.4) - https:\/\/yoast.com\/product\/yoast-seo-premium-wordpress\/ -->\n<title>BDSM Symbol Leather Bracelet | Symbol Jewelry &amp; Erotic Accessories \u2013 Handmade in Italy<\/title>\n<meta name=\"description\" content=\"Indulge in BDSM Symbol Leather Bracelet \u2013 handcrafted in Italy. Discreet symbol jewelry, erotic leather accessories and intimate pieces for hotwife, cuckold and lifestyle dynamics. Worldwide shipping.\" \/>\n<meta name=\"robots\" content=\"index, follow, max-snippet:-1, max-image-preview:large, max-video-preview:-1\" \/>\n<link rel=\"canonical\" href=\"https:\/\/la-cortigiana.it\/de\/produkt\/bdsm-symbol-leather-bracelet\/\" \/>\n<meta property=\"og:locale\" content=\"de_DE\" \/>\n<meta property=\"og:type\" content=\"article\" \/>\n<meta property=\"og:title\" content=\"BDSM Symbol Leather Bracelet | La Cortigiana \u2013 Handcrafted in Italy\" \/>\n<meta property=\"og:description\" content=\"Luxury handcrafted lingerie &amp; accessories from Italy. Sheer, sensual, made for bold desires. Discreet worldwide delivery.\" \/>\n<meta property=\"og:url\" content=\"https:\/\/la-cortigiana.it\/de\/produkt\/bdsm-symbol-leather-bracelet\/\" \/>\n<meta property=\"og:site_name\" content=\"La Cortigiana | Handcrafted Leather Accessories for Bold Desires\" \/>\n<meta property=\"article:publisher\" content=\"https:\/\/www.facebook.com\/LaCortigiana\/\" \/>\n<meta property=\"article:modified_time\" content=\"2025-12-22T15:37:49+00:00\" \/>\n<meta property=\"og:image\" content=\"https:\/\/la-cortigiana.it\/wp-content\/uploads\/2025\/11\/bdsmbracelet-2.jpg\" \/>\n\t<meta property=\"og:image:width\" content=\"1333\" \/>\n\t<meta property=\"og:image:height\" content=\"2000\" \/>\n\t<meta property=\"og:image:type\" content=\"image\/jpeg\" \/>\n<meta name=\"twitter:card\" content=\"summary_large_image\" \/>\n<meta name=\"twitter:site\" content=\"@la_cortigianait\" \/>\n<meta name=\"twitter:label1\" content=\"Gesch\u00e4tzte Lesezeit\" \/>\n\t<meta name=\"twitter:data1\" content=\"1\u00a0Minute\" \/>\n<script type=\"application\/ld+json\" class=\"yoast-schema-graph\">{\"@context\":\"https:\\\/\\\/schema.org\",\"@graph\":[{\"@type\":[\"WebPage\",\"ItemPage\"],\"@id\":\"https:\\\/\\\/la-cortigiana.it\\\/product\\\/bdsm-symbol-leather-bracelet\\\/\",\"url\":\"https:\\\/\\\/la-cortigiana.it\\\/product\\\/bdsm-symbol-leather-bracelet\\\/\",\"name\":\"BDSM Symbol Leather Bracelet | Symbol Jewelry & Erotic Accessories \u2013 Handmade in Italy\",\"isPartOf\":{\"@id\":\"https:\\\/\\\/la-cortigiana.it\\\/#website\"},\"primaryImageOfPage\":{\"@id\":\"https:\\\/\\\/la-cortigiana.it\\\/product\\\/bdsm-symbol-leather-bracelet\\\/#primaryimage\"},\"image\":{\"@id\":\"https:\\\/\\\/la-cortigiana.it\\\/product\\\/bdsm-symbol-leather-bracelet\\\/#primaryimage\"},\"thumbnailUrl\":\"https:\\\/\\\/la-cortigiana.it\\\/wp-content\\\/uploads\\\/2025\\\/11\\\/bdsmbracelet-2.jpg\",\"datePublished\":\"2025-11-19T12:30:11+00:00\",\"dateModified\":\"2025-12-22T15:37:49+00:00\",\"description\":\"Indulge in BDSM Symbol Leather Bracelet \u2013 handcrafted in Italy. Discreet symbol jewelry, erotic leather accessories and intimate pieces for hotwife, cuckold and lifestyle dynamics. Worldwide shipping.\",\"breadcrumb\":{\"@id\":\"https:\\\/\\\/la-cortigiana.it\\\/product\\\/bdsm-symbol-leather-bracelet\\\/#breadcrumb\"},\"inLanguage\":\"de\",\"potentialAction\":[{\"@type\":\"ReadAction\",\"target\":[\"https:\\\/\\\/la-cortigiana.it\\\/product\\\/bdsm-symbol-leather-bracelet\\\/\"]}]},{\"@type\":\"ImageObject\",\"inLanguage\":\"de\",\"@id\":\"https:\\\/\\\/la-cortigiana.it\\\/product\\\/bdsm-symbol-leather-bracelet\\\/#primaryimage\",\"url\":\"https:\\\/\\\/la-cortigiana.it\\\/wp-content\\\/uploads\\\/2025\\\/11\\\/bdsmbracelet-2.jpg\",\"contentUrl\":\"https:\\\/\\\/la-cortigiana.it\\\/wp-content\\\/uploads\\\/2025\\\/11\\\/bdsmbracelet-2.jpg\",\"width\":1333,\"height\":2000,\"caption\":\"BDSM Bracelet by La Cortigiana\"},{\"@type\":\"BreadcrumbList\",\"@id\":\"https:\\\/\\\/la-cortigiana.it\\\/product\\\/bdsm-symbol-leather-bracelet\\\/#breadcrumb\",\"itemListElement\":[{\"@type\":\"ListItem\",\"position\":1,\"name\":\"Home\",\"item\":\"https:\\\/\\\/la-cortigiana.it\\\/\"},{\"@type\":\"ListItem\",\"position\":2,\"name\":\"Shop\",\"item\":\"https:\\\/\\\/la-cortigiana.it\\\/shop\\\/\"},{\"@type\":\"ListItem\",\"position\":3,\"name\":\"BDSM Symbol Leather Bracelet\"}]},{\"@type\":\"WebSite\",\"@id\":\"https:\\\/\\\/la-cortigiana.it\\\/#website\",\"url\":\"https:\\\/\\\/la-cortigiana.it\\\/\",\"name\":\"La Cortigiana | Discreet Symbol Jewelry & Erotic Leather, Handmade in Italy\",\"description\":\"Quiet Marks of Chosen Desire\",\"publisher\":{\"@id\":\"https:\\\/\\\/la-cortigiana.it\\\/#organization\"},\"potentialAction\":[{\"@type\":\"SearchAction\",\"target\":{\"@type\":\"EntryPoint\",\"urlTemplate\":\"https:\\\/\\\/la-cortigiana.it\\\/?s={search_term_string}\"},\"query-input\":{\"@type\":\"PropertyValueSpecification\",\"valueRequired\":true,\"valueName\":\"search_term_string\"}}],\"inLanguage\":\"de\"},{\"@type\":\"Organization\",\"@id\":\"https:\\\/\\\/la-cortigiana.it\\\/#organization\",\"name\":\"La Cortigiana\",\"url\":\"https:\\\/\\\/la-cortigiana.it\\\/\",\"logo\":{\"@type\":\"ImageObject\",\"inLanguage\":\"de\",\"@id\":\"https:\\\/\\\/la-cortigiana.it\\\/#\\\/schema\\\/logo\\\/image\\\/\",\"url\":\"https:\\\/\\\/la-cortigiana.it\\\/wp-content\\\/uploads\\\/2025\\\/01\\\/La-Cortigiana.png\",\"contentUrl\":\"https:\\\/\\\/la-cortigiana.it\\\/wp-content\\\/uploads\\\/2025\\\/01\\\/La-Cortigiana.png\",\"width\":1646,\"height\":575,\"caption\":\"La Cortigiana\"},\"image\":{\"@id\":\"https:\\\/\\\/la-cortigiana.it\\\/#\\\/schema\\\/logo\\\/image\\\/\"},\"sameAs\":[\"https:\\\/\\\/www.facebook.com\\\/LaCortigiana\\\/\",\"https:\\\/\\\/x.com\\\/la_cortigianait\",\"https:\\\/\\\/www.instagram.com\\\/la_cortigiana.it\",\"https:\\\/\\\/substack.com\\\/@lacortigiana\"]}]}<\/script>\n<!-- \/ Yoast SEO Premium plugin. -->","yoast_head_json":{"title":"BDSM Symbol Leather Bracelet | Symbol Jewelry & Erotic Accessories \u2013 Handmade in Italy","description":"Indulge in BDSM Symbol Leather Bracelet \u2013 handcrafted in Italy. Discreet symbol jewelry, erotic leather accessories and intimate pieces for hotwife, cuckold and lifestyle dynamics. Worldwide shipping.","robots":{"index":"index","follow":"follow","max-snippet":"max-snippet:-1","max-image-preview":"max-image-preview:large","max-video-preview":"max-video-preview:-1"},"canonical":"https:\/\/la-cortigiana.it\/de\/produkt\/bdsm-symbol-leather-bracelet\/","og_locale":"de_DE","og_type":"article","og_title":"BDSM Symbol Leather Bracelet | La Cortigiana \u2013 Handcrafted in Italy","og_description":"Luxury handcrafted lingerie & accessories from Italy. Sheer, sensual, made for bold desires. Discreet worldwide delivery.","og_url":"https:\/\/la-cortigiana.it\/de\/produkt\/bdsm-symbol-leather-bracelet\/","og_site_name":"La Cortigiana | Handcrafted Leather Accessories for Bold Desires","article_publisher":"https:\/\/www.facebook.com\/LaCortigiana\/","article_modified_time":"2025-12-22T15:37:49+00:00","og_image":[{"width":1333,"height":2000,"url":"https:\/\/la-cortigiana.it\/wp-content\/uploads\/2025\/11\/bdsmbracelet-2.jpg","type":"image\/jpeg"}],"twitter_card":"summary_large_image","twitter_site":"@la_cortigianait","twitter_misc":{"Gesch\u00e4tzte Lesezeit":"1\u00a0Minute"},"schema":{"@context":"https:\/\/schema.org","@graph":[{"@type":["WebPage","ItemPage"],"@id":"https:\/\/la-cortigiana.it\/product\/bdsm-symbol-leather-bracelet\/","url":"https:\/\/la-cortigiana.it\/product\/bdsm-symbol-leather-bracelet\/","name":"BDSM Symbol Leather Bracelet | Symbol Jewelry & Erotic Accessories \u2013 Handmade in Italy","isPartOf":{"@id":"https:\/\/la-cortigiana.it\/#website"},"primaryImageOfPage":{"@id":"https:\/\/la-cortigiana.it\/product\/bdsm-symbol-leather-bracelet\/#primaryimage"},"image":{"@id":"https:\/\/la-cortigiana.it\/product\/bdsm-symbol-leather-bracelet\/#primaryimage"},"thumbnailUrl":"https:\/\/la-cortigiana.it\/wp-content\/uploads\/2025\/11\/bdsmbracelet-2.jpg","datePublished":"2025-11-19T12:30:11+00:00","dateModified":"2025-12-22T15:37:49+00:00","description":"Indulge in BDSM Symbol Leather Bracelet \u2013 handcrafted in Italy. Discreet symbol jewelry, erotic leather accessories and intimate pieces for hotwife, cuckold and lifestyle dynamics. Worldwide shipping.","breadcrumb":{"@id":"https:\/\/la-cortigiana.it\/product\/bdsm-symbol-leather-bracelet\/#breadcrumb"},"inLanguage":"de","potentialAction":[{"@type":"ReadAction","target":["https:\/\/la-cortigiana.it\/product\/bdsm-symbol-leather-bracelet\/"]}]},{"@type":"ImageObject","inLanguage":"de","@id":"https:\/\/la-cortigiana.it\/product\/bdsm-symbol-leather-bracelet\/#primaryimage","url":"https:\/\/la-cortigiana.it\/wp-content\/uploads\/2025\/11\/bdsmbracelet-2.jpg","contentUrl":"https:\/\/la-cortigiana.it\/wp-content\/uploads\/2025\/11\/bdsmbracelet-2.jpg","width":1333,"height":2000,"caption":"BDSM Bracelet by La Cortigiana"},{"@type":"BreadcrumbList","@id":"https:\/\/la-cortigiana.it\/product\/bdsm-symbol-leather-bracelet\/#breadcrumb","itemListElement":[{"@type":"ListItem","position":1,"name":"Home","item":"https:\/\/la-cortigiana.it\/"},{"@type":"ListItem","position":2,"name":"Shop","item":"https:\/\/la-cortigiana.it\/shop\/"},{"@type":"ListItem","position":3,"name":"BDSM Symbol Leather Bracelet"}]},{"@type":"WebSite","@id":"https:\/\/la-cortigiana.it\/#website","url":"https:\/\/la-cortigiana.it\/","name":"La Cortigiana | Diskret-symbolischer Schmuck &amp; erotisches Leder, handgefertigt in Italien","description":"Stille Zeichen erw\u00e4hlten Verlangens","publisher":{"@id":"https:\/\/la-cortigiana.it\/#organization"},"potentialAction":[{"@type":"SearchAction","target":{"@type":"EntryPoint","urlTemplate":"https:\/\/la-cortigiana.it\/?s={search_term_string}"},"query-input":{"@type":"PropertyValueSpecification","valueRequired":true,"valueName":"search_term_string"}}],"inLanguage":"de"},{"@type":"Organization","@id":"https:\/\/la-cortigiana.it\/#organization","name":"La Cortigiana","url":"https:\/\/la-cortigiana.it\/","logo":{"@type":"ImageObject","inLanguage":"de","@id":"https:\/\/la-cortigiana.it\/#\/schema\/logo\/image\/","url":"https:\/\/la-cortigiana.it\/wp-content\/uploads\/2025\/01\/La-Cortigiana.png","contentUrl":"https:\/\/la-cortigiana.it\/wp-content\/uploads\/2025\/01\/La-Cortigiana.png","width":1646,"height":575,"caption":"La Cortigiana"},"image":{"@id":"https:\/\/la-cortigiana.it\/#\/schema\/logo\/image\/"},"sameAs":["https:\/\/www.facebook.com\/LaCortigiana\/","https:\/\/x.com\/la_cortigianait","https:\/\/www.instagram.com\/la_cortigiana.it","https:\/\/substack.com\/@lacortigiana"]}]}},"_links":{"self":[{"href":"https:\/\/la-cortigiana.it\/de\/wp-json\/wp\/v2\/product\/2075","targetHints":{"allow":["GET"]}}],"collection":[{"href":"https:\/\/la-cortigiana.it\/de\/wp-json\/wp\/v2\/product"}],"about":[{"href":"https:\/\/la-cortigiana.it\/de\/wp-json\/wp\/v2\/types\/product"}],"replies":[{"embeddable":true,"href":"https:\/\/la-cortigiana.it\/de\/wp-json\/wp\/v2\/comments?post=2075"}],"wp:featuredmedia":[{"embeddable":true,"href":"https:\/\/la-cortigiana.it\/de\/wp-json\/wp\/v2\/media\/2151"}],"wp:attachment":[{"href":"https:\/\/la-cortigiana.it\/de\/wp-json\/wp\/v2\/media?parent=2075"}],"wp:term":[{"taxonomy":"product_brand","embeddable":true,"href":"https:\/\/la-cortigiana.it\/de\/wp-json\/wp\/v2\/product_brand?post=2075"},{"taxonomy":"product_cat","embeddable":true,"href":"https:\/\/la-cortigiana.it\/de\/wp-json\/wp\/v2\/product_cat?post=2075"},{"taxonomy":"product_tag","embeddable":true,"href":"https:\/\/la-cortigiana.it\/de\/wp-json\/wp\/v2\/product_tag?post=2075"}],"curies":[{"name":"wp","href":"https:\/\/api.w.org\/{rel}","templated":true}]}}