{"id":2143,"date":"2025-12-22T11:16:54","date_gmt":"2025-12-22T10:16:54","guid":{"rendered":"https:\/\/la-cortigiana.it\/?post_type=product&#038;p=2143"},"modified":"2025-12-22T11:39:16","modified_gmt":"2025-12-22T10:39:16","slug":"couple-set","status":"publish","type":"product","link":"https:\/\/la-cortigiana.it\/de\/produkt\/couple-set\/","title":{"rendered":"Paar-Set"},"content":{"rendered":"<div class=\"column mcb-column mcb-item-059c220df one laptop-one tablet-one mobile-one column_heading\">\n<div class=\"mcb-column-inner mfn-module-wrapper mcb-column-inner-059c220df mcb-item-heading-inner\">\n<p data-start=\"158\" data-end=\"341\">Dieses intime Set ist als gemeinsames Ritual des Vertrauens, der N\u00e4he und des symbolischen Verlangens konzipiert \u2013 eine stimmige Erfahrung, die sich langsam und mit Bedacht entfalten soll.<\/p>\n<p data-start=\"343\" data-end=\"372\">In der Box finden Sie:<\/p>\n<p data-start=\"374\" data-end=\"1039\">\u2022 <strong data-start=\"376\" data-end=\"416\">Transparente H\u00f6schen mit individueller Stickerei<\/strong>, geschaffen als pers\u00f6nliches Statement, das nah am K\u00f6rper getragen wird und Worte enth\u00e4lt, die privat bleiben sollen.<br data-start=\"514\" data-end=\"517\" \/>\u2022 <strong data-start=\"519\" data-end=\"539\">Eine Augenbinde aus Seide<\/strong>, bestickt mit dem Satz <em data-start=\"569\" data-end=\"607\">\u201cAlles, was ich verberge, verberge ich f\u00fcr dich.\u201d<\/em>, und l\u00e4dt so zu Verletzlichkeit, Vertrauen und dem bewussten Verzicht auf den Blick ein.<br data-start=\"675\" data-end=\"678\" \/>\u2022 <strong data-start=\"680\" data-end=\"699\">Ein Klitorisbalsam<\/strong>, entwickelt, um W\u00e4rme, Geborgenheit und F\u00fcrsorge zu spenden und Intimit\u00e4t auf Empfindungen und k\u00f6rperlicher Pr\u00e4senz zu gr\u00fcnden.<br data-start=\"802\" data-end=\"805\" \/>\u2022 <strong data-start=\"807\" data-end=\"843\">Ein Armband mit einem symbolischen, erotischen Anh\u00e4nger<\/strong>, subtil und interpretationsbed\u00fcrftig \u2013 ein stilles Zeichen, das nur von den Beteiligten verstanden wird.<br data-start=\"928\" data-end=\"931\" \/>\u2022 <strong data-start=\"933\" data-end=\"958\">Ein dekorativer Umschlag<\/strong>, die dazu dient, eine Nachricht, eine Notiz oder einfach eine Pause vor Beginn des Rituals aufzunehmen.<\/p>\n<p data-start=\"1041\" data-end=\"1111\">Nichts in diesem Set ist explizit.<br data-start=\"1073\" data-end=\"1076\" \/>Nichts ist gehetzt oder belehrend.<\/p>\n<p data-start=\"1113\" data-end=\"1340\">Jedes Element f\u00f6rdert Verbindung, Einvernehmen und Aufmerksamkeit \u2013 vor der Ber\u00fchrung, w\u00e4hrend der N\u00e4he und nach der Intensit\u00e4t. Das Set ist f\u00fcr Paare konzipiert, die Intimit\u00e4t als eine gemeinsame Sprache verstehen, die auf Vertrauen und nicht auf Leistung beruht.<\/p>\n<p data-start=\"1342\" data-end=\"1466\" data-is-last-node=\"\" data-is-only-node=\"\">Handgefertigt in Italien.<br data-start=\"1363\" data-end=\"1366\" \/>Individuelle Stickereien und Personalisierung m\u00f6glich.<br data-start=\"1414\" data-end=\"1417\" \/>Geschaffen, um gef\u00fchlt, erinnert und privat gehalten zu werden.<\/p>\n<\/div>\n<\/div>","protected":false},"excerpt":{"rendered":"<p data-start=\"191\" data-end=\"512\">Ein intimes Set, geschaffen als gemeinsames Ritual f\u00fcr Vertrauen, N\u00e4he und symbolische Sehnsucht.<br data-start=\"276\" data-end=\"279\" \/>Dieses Set kombiniert hauchzarte Dessous, eine seidene Augenbinde mit einem stillen Gest\u00e4ndnis, intimer Zuneigung und einem pers\u00f6nlichen Symbol und ist darauf ausgelegt, die Verbindung zu vertiefen, den Moment zu entschleunigen und Intimit\u00e4t zu einem bewussten, bedeutungsvollen Erlebnis f\u00fcr zwei zu machen.<\/p>","protected":false},"featured_media":2144,"comment_status":"open","ping_status":"closed","template":"","meta":{"nf_dc_page":"","googlesitekit_rrm_CAowrc_CDA:productID":""},"product_brand":[],"product_cat":[226],"product_tag":[35],"class_list":{"0":"post-2143","1":"product","2":"type-product","3":"status-publish","4":"has-post-thumbnail","6":"product_cat-boxes","7":"product_tag-hotwife","9":"first","10":"instock","11":"shipping-taxable","12":"purchasable","13":"product-type-simple"},"yoast_head":"<!-- This site is optimized with the Yoast SEO Premium plugin v25.6 (Yoast SEO v27.4) - https:\/\/yoast.com\/product\/yoast-seo-premium-wordpress\/ -->\n<title>Couple Set | Symbol Jewelry &amp; Erotic Accessories \u2013 Handmade in Italy<\/title>\n<meta name=\"description\" content=\"Indulge in Couple Set \u2013 handcrafted in Italy. Discreet symbol jewelry, erotic leather accessories and intimate pieces for hotwife, cuckold and lifestyle dynamics. Worldwide shipping.\" \/>\n<meta name=\"robots\" content=\"index, follow, max-snippet:-1, max-image-preview:large, max-video-preview:-1\" \/>\n<link rel=\"canonical\" href=\"https:\/\/la-cortigiana.it\/de\/prodotto\/couple-set\/\" \/>\n<meta property=\"og:locale\" content=\"de_DE\" \/>\n<meta property=\"og:type\" content=\"article\" \/>\n<meta property=\"og:title\" content=\"Couple Set | La Cortigiana \u2013 Handcrafted in Italy\" \/>\n<meta property=\"og:description\" content=\"Luxury handcrafted lingerie &amp; accessories from Italy. Sheer, sensual, made for bold desires. Discreet worldwide delivery.\" \/>\n<meta property=\"og:url\" content=\"https:\/\/la-cortigiana.it\/de\/prodotto\/couple-set\/\" \/>\n<meta property=\"og:site_name\" content=\"La Cortigiana | Handcrafted Leather Accessories for Bold Desires\" \/>\n<meta property=\"article:publisher\" content=\"https:\/\/www.facebook.com\/LaCortigiana\/\" \/>\n<meta property=\"article:modified_time\" content=\"2025-12-22T10:39:16+00:00\" \/>\n<meta property=\"og:image\" content=\"https:\/\/la-cortigiana.it\/wp-content\/uploads\/2025\/12\/DSCF5810.jpg\" \/>\n\t<meta property=\"og:image:width\" content=\"1600\" \/>\n\t<meta property=\"og:image:height\" content=\"2000\" \/>\n\t<meta property=\"og:image:type\" content=\"image\/jpeg\" \/>\n<meta name=\"twitter:card\" content=\"summary_large_image\" \/>\n<meta name=\"twitter:site\" content=\"@la_cortigianait\" \/>\n<meta name=\"twitter:label1\" content=\"Gesch\u00e4tzte Lesezeit\" \/>\n\t<meta name=\"twitter:data1\" content=\"2\u00a0Minuten\" \/>\n<script type=\"application\/ld+json\" class=\"yoast-schema-graph\">{\"@context\":\"https:\\\/\\\/schema.org\",\"@graph\":[{\"@type\":[\"WebPage\",\"ItemPage\"],\"@id\":\"https:\\\/\\\/la-cortigiana.it\\\/it\\\/prodotto\\\/couple-set\\\/\",\"url\":\"https:\\\/\\\/la-cortigiana.it\\\/it\\\/prodotto\\\/couple-set\\\/\",\"name\":\"Couple Set | Symbol Jewelry & Erotic Accessories \u2013 Handmade in Italy\",\"isPartOf\":{\"@id\":\"https:\\\/\\\/la-cortigiana.it\\\/#website\"},\"primaryImageOfPage\":{\"@id\":\"https:\\\/\\\/la-cortigiana.it\\\/it\\\/prodotto\\\/couple-set\\\/#primaryimage\"},\"image\":{\"@id\":\"https:\\\/\\\/la-cortigiana.it\\\/it\\\/prodotto\\\/couple-set\\\/#primaryimage\"},\"thumbnailUrl\":\"https:\\\/\\\/la-cortigiana.it\\\/wp-content\\\/uploads\\\/2025\\\/12\\\/DSCF5810.jpg\",\"datePublished\":\"2025-12-22T10:16:54+00:00\",\"dateModified\":\"2025-12-22T10:39:16+00:00\",\"description\":\"Indulge in Couple Set \u2013 handcrafted in Italy. Discreet symbol jewelry, erotic leather accessories and intimate pieces for hotwife, cuckold and lifestyle dynamics. Worldwide shipping.\",\"breadcrumb\":{\"@id\":\"https:\\\/\\\/la-cortigiana.it\\\/it\\\/prodotto\\\/couple-set\\\/#breadcrumb\"},\"inLanguage\":\"de\",\"potentialAction\":[{\"@type\":\"ReadAction\",\"target\":[\"https:\\\/\\\/la-cortigiana.it\\\/it\\\/prodotto\\\/couple-set\\\/\"]}]},{\"@type\":\"ImageObject\",\"inLanguage\":\"de\",\"@id\":\"https:\\\/\\\/la-cortigiana.it\\\/it\\\/prodotto\\\/couple-set\\\/#primaryimage\",\"url\":\"https:\\\/\\\/la-cortigiana.it\\\/wp-content\\\/uploads\\\/2025\\\/12\\\/DSCF5810.jpg\",\"contentUrl\":\"https:\\\/\\\/la-cortigiana.it\\\/wp-content\\\/uploads\\\/2025\\\/12\\\/DSCF5810.jpg\",\"width\":1600,\"height\":2000,\"caption\":\"Couple set by La Cortigiana\"},{\"@type\":\"BreadcrumbList\",\"@id\":\"https:\\\/\\\/la-cortigiana.it\\\/it\\\/prodotto\\\/couple-set\\\/#breadcrumb\",\"itemListElement\":[{\"@type\":\"ListItem\",\"position\":1,\"name\":\"Home\",\"item\":\"https:\\\/\\\/la-cortigiana.it\\\/\"},{\"@type\":\"ListItem\",\"position\":2,\"name\":\"Shop\",\"item\":\"https:\\\/\\\/la-cortigiana.it\\\/shop\\\/\"},{\"@type\":\"ListItem\",\"position\":3,\"name\":\"Couple Set\"}]},{\"@type\":\"WebSite\",\"@id\":\"https:\\\/\\\/la-cortigiana.it\\\/#website\",\"url\":\"https:\\\/\\\/la-cortigiana.it\\\/\",\"name\":\"La Cortigiana | Discreet Symbol Jewelry & Erotic Leather, Handmade in Italy\",\"description\":\"Quiet Marks of Chosen Desire\",\"publisher\":{\"@id\":\"https:\\\/\\\/la-cortigiana.it\\\/#organization\"},\"potentialAction\":[{\"@type\":\"SearchAction\",\"target\":{\"@type\":\"EntryPoint\",\"urlTemplate\":\"https:\\\/\\\/la-cortigiana.it\\\/?s={search_term_string}\"},\"query-input\":{\"@type\":\"PropertyValueSpecification\",\"valueRequired\":true,\"valueName\":\"search_term_string\"}}],\"inLanguage\":\"de\"},{\"@type\":\"Organization\",\"@id\":\"https:\\\/\\\/la-cortigiana.it\\\/#organization\",\"name\":\"La Cortigiana\",\"url\":\"https:\\\/\\\/la-cortigiana.it\\\/\",\"logo\":{\"@type\":\"ImageObject\",\"inLanguage\":\"de\",\"@id\":\"https:\\\/\\\/la-cortigiana.it\\\/#\\\/schema\\\/logo\\\/image\\\/\",\"url\":\"https:\\\/\\\/la-cortigiana.it\\\/wp-content\\\/uploads\\\/2025\\\/01\\\/La-Cortigiana.png\",\"contentUrl\":\"https:\\\/\\\/la-cortigiana.it\\\/wp-content\\\/uploads\\\/2025\\\/01\\\/La-Cortigiana.png\",\"width\":1646,\"height\":575,\"caption\":\"La Cortigiana\"},\"image\":{\"@id\":\"https:\\\/\\\/la-cortigiana.it\\\/#\\\/schema\\\/logo\\\/image\\\/\"},\"sameAs\":[\"https:\\\/\\\/www.facebook.com\\\/LaCortigiana\\\/\",\"https:\\\/\\\/x.com\\\/la_cortigianait\",\"https:\\\/\\\/www.instagram.com\\\/la_cortigiana.it\",\"https:\\\/\\\/substack.com\\\/@lacortigiana\"]}]}<\/script>\n<!-- \/ Yoast SEO Premium plugin. -->","yoast_head_json":{"title":"Couple Set | Symbol Jewelry & Erotic Accessories \u2013 Handmade in Italy","description":"Indulge in Couple Set \u2013 handcrafted in Italy. Discreet symbol jewelry, erotic leather accessories and intimate pieces for hotwife, cuckold and lifestyle dynamics. Worldwide shipping.","robots":{"index":"index","follow":"follow","max-snippet":"max-snippet:-1","max-image-preview":"max-image-preview:large","max-video-preview":"max-video-preview:-1"},"canonical":"https:\/\/la-cortigiana.it\/de\/prodotto\/couple-set\/","og_locale":"de_DE","og_type":"article","og_title":"Couple Set | La Cortigiana \u2013 Handcrafted in Italy","og_description":"Luxury handcrafted lingerie & accessories from Italy. Sheer, sensual, made for bold desires. Discreet worldwide delivery.","og_url":"https:\/\/la-cortigiana.it\/de\/prodotto\/couple-set\/","og_site_name":"La Cortigiana | Handcrafted Leather Accessories for Bold Desires","article_publisher":"https:\/\/www.facebook.com\/LaCortigiana\/","article_modified_time":"2025-12-22T10:39:16+00:00","og_image":[{"width":1600,"height":2000,"url":"https:\/\/la-cortigiana.it\/wp-content\/uploads\/2025\/12\/DSCF5810.jpg","type":"image\/jpeg"}],"twitter_card":"summary_large_image","twitter_site":"@la_cortigianait","twitter_misc":{"Gesch\u00e4tzte Lesezeit":"2\u00a0Minuten"},"schema":{"@context":"https:\/\/schema.org","@graph":[{"@type":["WebPage","ItemPage"],"@id":"https:\/\/la-cortigiana.it\/it\/prodotto\/couple-set\/","url":"https:\/\/la-cortigiana.it\/it\/prodotto\/couple-set\/","name":"Couple Set | Symbol Jewelry & Erotic Accessories \u2013 Handmade in Italy","isPartOf":{"@id":"https:\/\/la-cortigiana.it\/#website"},"primaryImageOfPage":{"@id":"https:\/\/la-cortigiana.it\/it\/prodotto\/couple-set\/#primaryimage"},"image":{"@id":"https:\/\/la-cortigiana.it\/it\/prodotto\/couple-set\/#primaryimage"},"thumbnailUrl":"https:\/\/la-cortigiana.it\/wp-content\/uploads\/2025\/12\/DSCF5810.jpg","datePublished":"2025-12-22T10:16:54+00:00","dateModified":"2025-12-22T10:39:16+00:00","description":"Indulge in Couple Set \u2013 handcrafted in Italy. Discreet symbol jewelry, erotic leather accessories and intimate pieces for hotwife, cuckold and lifestyle dynamics. Worldwide shipping.","breadcrumb":{"@id":"https:\/\/la-cortigiana.it\/it\/prodotto\/couple-set\/#breadcrumb"},"inLanguage":"de","potentialAction":[{"@type":"ReadAction","target":["https:\/\/la-cortigiana.it\/it\/prodotto\/couple-set\/"]}]},{"@type":"ImageObject","inLanguage":"de","@id":"https:\/\/la-cortigiana.it\/it\/prodotto\/couple-set\/#primaryimage","url":"https:\/\/la-cortigiana.it\/wp-content\/uploads\/2025\/12\/DSCF5810.jpg","contentUrl":"https:\/\/la-cortigiana.it\/wp-content\/uploads\/2025\/12\/DSCF5810.jpg","width":1600,"height":2000,"caption":"Couple set by La Cortigiana"},{"@type":"BreadcrumbList","@id":"https:\/\/la-cortigiana.it\/it\/prodotto\/couple-set\/#breadcrumb","itemListElement":[{"@type":"ListItem","position":1,"name":"Home","item":"https:\/\/la-cortigiana.it\/"},{"@type":"ListItem","position":2,"name":"Shop","item":"https:\/\/la-cortigiana.it\/shop\/"},{"@type":"ListItem","position":3,"name":"Couple Set"}]},{"@type":"WebSite","@id":"https:\/\/la-cortigiana.it\/#website","url":"https:\/\/la-cortigiana.it\/","name":"La Cortigiana | Diskret-symbolischer Schmuck &amp; erotisches Leder, handgefertigt in Italien","description":"Stille Zeichen erw\u00e4hlten Verlangens","publisher":{"@id":"https:\/\/la-cortigiana.it\/#organization"},"potentialAction":[{"@type":"SearchAction","target":{"@type":"EntryPoint","urlTemplate":"https:\/\/la-cortigiana.it\/?s={search_term_string}"},"query-input":{"@type":"PropertyValueSpecification","valueRequired":true,"valueName":"search_term_string"}}],"inLanguage":"de"},{"@type":"Organization","@id":"https:\/\/la-cortigiana.it\/#organization","name":"La Cortigiana","url":"https:\/\/la-cortigiana.it\/","logo":{"@type":"ImageObject","inLanguage":"de","@id":"https:\/\/la-cortigiana.it\/#\/schema\/logo\/image\/","url":"https:\/\/la-cortigiana.it\/wp-content\/uploads\/2025\/01\/La-Cortigiana.png","contentUrl":"https:\/\/la-cortigiana.it\/wp-content\/uploads\/2025\/01\/La-Cortigiana.png","width":1646,"height":575,"caption":"La Cortigiana"},"image":{"@id":"https:\/\/la-cortigiana.it\/#\/schema\/logo\/image\/"},"sameAs":["https:\/\/www.facebook.com\/LaCortigiana\/","https:\/\/x.com\/la_cortigianait","https:\/\/www.instagram.com\/la_cortigiana.it","https:\/\/substack.com\/@lacortigiana"]}]}},"_links":{"self":[{"href":"https:\/\/la-cortigiana.it\/de\/wp-json\/wp\/v2\/product\/2143","targetHints":{"allow":["GET"]}}],"collection":[{"href":"https:\/\/la-cortigiana.it\/de\/wp-json\/wp\/v2\/product"}],"about":[{"href":"https:\/\/la-cortigiana.it\/de\/wp-json\/wp\/v2\/types\/product"}],"replies":[{"embeddable":true,"href":"https:\/\/la-cortigiana.it\/de\/wp-json\/wp\/v2\/comments?post=2143"}],"wp:featuredmedia":[{"embeddable":true,"href":"https:\/\/la-cortigiana.it\/de\/wp-json\/wp\/v2\/media\/2144"}],"wp:attachment":[{"href":"https:\/\/la-cortigiana.it\/de\/wp-json\/wp\/v2\/media?parent=2143"}],"wp:term":[{"taxonomy":"product_brand","embeddable":true,"href":"https:\/\/la-cortigiana.it\/de\/wp-json\/wp\/v2\/product_brand?post=2143"},{"taxonomy":"product_cat","embeddable":true,"href":"https:\/\/la-cortigiana.it\/de\/wp-json\/wp\/v2\/product_cat?post=2143"},{"taxonomy":"product_tag","embeddable":true,"href":"https:\/\/la-cortigiana.it\/de\/wp-json\/wp\/v2\/product_tag?post=2143"}],"curies":[{"name":"wp","href":"https:\/\/api.w.org\/{rel}","templated":true}]}}