{"id":2155,"date":"2025-12-23T10:40:34","date_gmt":"2025-12-23T09:40:34","guid":{"rendered":"https:\/\/la-cortigiana.it\/?post_type=product&#038;p=2155"},"modified":"2025-12-23T12:40:59","modified_gmt":"2025-12-23T11:40:59","slug":"hotwife-vixen-anklet","status":"publish","type":"product","link":"https:\/\/la-cortigiana.it\/de\/produkt\/hotwife-vixen-anklet\/","title":{"rendered":"Hotwife \/ Vixen Fu\u00dfkettchen"},"content":{"rendered":"<p data-start=\"848\" data-end=\"939\"><strong data-start=\"848\" data-end=\"871\">Hotwife \/ Vixen Tag<\/strong> ist ein diskretes Fu\u00dfkettchen, das offen getragen wird \u2013 seine Bedeutung bleibt jedoch privat.<\/p>\n<p data-start=\"941\" data-end=\"1135\">Am Kn\u00f6chel getragen, wirkt es intimer als ein Armband. Es ist im Alltag gut sichtbar und doch dezent genug, um ein gemeinsames Zeichen zwischen zwei Menschen zu bleiben, die genau wissen, was es bedeutet.<\/p>\n<p data-start=\"1137\" data-end=\"1343\">Gefertigt aus einer Edelstahlkette und verziert mit einem handgefertigten Anh\u00e4nger aus nat\u00fcrlichem Walnussholz, graviert mit dem Vixen-Symbol \u2013 einem Herz mit dezenten H\u00f6rnern. Ein stilles Zeichen von Verlangen, Zustimmung und bewusster Offenheit.<\/p>\n<p data-start=\"1345\" data-end=\"1479\">Im Zentrum des Anh\u00e4ngers kann ein Buchstabe eingraviert werden.<br data-start=\"1401\" data-end=\"1404\" \/>Es kann ihr geh\u00f6ren.<br data-start=\"1419\" data-end=\"1422\" \/>Es kann ihm geh\u00f6ren.<br data-start=\"1436\" data-end=\"1439\" \/>Oder es kann nur euch beiden geh\u00f6ren.<\/p>\n<p data-start=\"1481\" data-end=\"1733\">Vixen Tag wird oft als pers\u00f6nliches Geschenk eines Mannes an seine Partnerin gew\u00e4hlt \u2013 ein Schmuckst\u00fcck, das sie im Alltag tr\u00e4gt und dessen Bedeutung keiner Erkl\u00e4rung bedarf. Elegant, dezent und bewusst gew\u00e4hlt, f\u00fcgt es sich in ihren Alltag ein und bleibt dabei zutiefst pers\u00f6nlich.<\/p>","protected":false},"excerpt":{"rendered":"<p data-start=\"214\" data-end=\"428\">\u00a0Fu\u00dfkettchen f\u00fcr Hotwife- und Vixen-Dynamiken.<br data-start=\"269\" data-end=\"272\" \/>Gefertigt in Italien mit gravierten Metallanh\u00e4ngern und verstellbarer Passform.<br data-start=\"335\" data-end=\"338\" \/>Ein zartes Fu\u00dfkettchen mit der gleichen Verarbeitung und den gleichen Details wie unser Lederarmband.<\/p>","protected":false},"featured_media":2157,"comment_status":"open","ping_status":"closed","template":"","meta":{"nf_dc_page":"","googlesitekit_rrm_CAowrc_CDA:productID":""},"product_brand":[],"product_cat":[24],"product_tag":[],"class_list":{"0":"post-2155","1":"product","2":"type-product","3":"status-publish","4":"has-post-thumbnail","6":"product_cat-bracelets","8":"first","9":"instock","10":"shipping-taxable","11":"purchasable","12":"product-type-simple"},"yoast_head":"<!-- This site is optimized with the Yoast SEO Premium plugin v25.6 (Yoast SEO v27.4) - https:\/\/yoast.com\/product\/yoast-seo-premium-wordpress\/ -->\n<title>Hotwife \/ Vixen Anklet | Symbol Jewelry &amp; Erotic Accessories \u2013 Handmade in Italy<\/title>\n<meta name=\"description\" content=\"Indulge in Hotwife \/ Vixen Anklet \u2013 handcrafted in Italy. Discreet symbol jewelry, erotic leather accessories and intimate pieces for hotwife, cuckold and lifestyle dynamics. Worldwide shipping.\" \/>\n<meta name=\"robots\" content=\"index, follow, max-snippet:-1, max-image-preview:large, max-video-preview:-1\" \/>\n<link rel=\"canonical\" href=\"https:\/\/la-cortigiana.it\/de\/prodotto\/hotwife-vixen-anklet\/\" \/>\n<meta property=\"og:locale\" content=\"de_DE\" \/>\n<meta property=\"og:type\" content=\"article\" \/>\n<meta property=\"og:title\" content=\"Hotwife \/ Vixen Anklet | La Cortigiana \u2013 Handcrafted in Italy\" \/>\n<meta property=\"og:description\" content=\"Luxury handcrafted lingerie &amp; accessories from Italy. Sheer, sensual, made for bold desires. Discreet worldwide delivery.\" \/>\n<meta property=\"og:url\" content=\"https:\/\/la-cortigiana.it\/de\/prodotto\/hotwife-vixen-anklet\/\" \/>\n<meta property=\"og:site_name\" content=\"La Cortigiana | Handcrafted Leather Accessories for Bold Desires\" \/>\n<meta property=\"article:publisher\" content=\"https:\/\/www.facebook.com\/LaCortigiana\/\" \/>\n<meta property=\"article:modified_time\" content=\"2025-12-23T11:40:59+00:00\" \/>\n<meta property=\"og:image\" content=\"https:\/\/la-cortigiana.it\/wp-content\/uploads\/2025\/12\/anklet2.jpg\" \/>\n\t<meta property=\"og:image:width\" content=\"1024\" \/>\n\t<meta property=\"og:image:height\" content=\"1277\" \/>\n\t<meta property=\"og:image:type\" content=\"image\/jpeg\" \/>\n<meta name=\"twitter:card\" content=\"summary_large_image\" \/>\n<meta name=\"twitter:site\" content=\"@la_cortigianait\" \/>\n<meta name=\"twitter:label1\" content=\"Gesch\u00e4tzte Lesezeit\" \/>\n\t<meta name=\"twitter:data1\" content=\"1\u00a0Minute\" \/>\n<script type=\"application\/ld+json\" class=\"yoast-schema-graph\">{\"@context\":\"https:\\\/\\\/schema.org\",\"@graph\":[{\"@type\":[\"WebPage\",\"ItemPage\"],\"@id\":\"https:\\\/\\\/la-cortigiana.it\\\/it\\\/prodotto\\\/hotwife-vixen-anklet\\\/\",\"url\":\"https:\\\/\\\/la-cortigiana.it\\\/it\\\/prodotto\\\/hotwife-vixen-anklet\\\/\",\"name\":\"Hotwife \\\/ Vixen Anklet | Symbol Jewelry & Erotic Accessories \u2013 Handmade in Italy\",\"isPartOf\":{\"@id\":\"https:\\\/\\\/la-cortigiana.it\\\/#website\"},\"primaryImageOfPage\":{\"@id\":\"https:\\\/\\\/la-cortigiana.it\\\/it\\\/prodotto\\\/hotwife-vixen-anklet\\\/#primaryimage\"},\"image\":{\"@id\":\"https:\\\/\\\/la-cortigiana.it\\\/it\\\/prodotto\\\/hotwife-vixen-anklet\\\/#primaryimage\"},\"thumbnailUrl\":\"https:\\\/\\\/la-cortigiana.it\\\/wp-content\\\/uploads\\\/2025\\\/12\\\/anklet2.jpg\",\"datePublished\":\"2025-12-23T09:40:34+00:00\",\"dateModified\":\"2025-12-23T11:40:59+00:00\",\"description\":\"Indulge in Hotwife \\\/ Vixen Anklet \u2013 handcrafted in Italy. Discreet symbol jewelry, erotic leather accessories and intimate pieces for hotwife, cuckold and lifestyle dynamics. Worldwide shipping.\",\"breadcrumb\":{\"@id\":\"https:\\\/\\\/la-cortigiana.it\\\/it\\\/prodotto\\\/hotwife-vixen-anklet\\\/#breadcrumb\"},\"inLanguage\":\"de\",\"potentialAction\":[{\"@type\":\"ReadAction\",\"target\":[\"https:\\\/\\\/la-cortigiana.it\\\/it\\\/prodotto\\\/hotwife-vixen-anklet\\\/\"]}]},{\"@type\":\"ImageObject\",\"inLanguage\":\"de\",\"@id\":\"https:\\\/\\\/la-cortigiana.it\\\/it\\\/prodotto\\\/hotwife-vixen-anklet\\\/#primaryimage\",\"url\":\"https:\\\/\\\/la-cortigiana.it\\\/wp-content\\\/uploads\\\/2025\\\/12\\\/anklet2.jpg\",\"contentUrl\":\"https:\\\/\\\/la-cortigiana.it\\\/wp-content\\\/uploads\\\/2025\\\/12\\\/anklet2.jpg\",\"width\":1024,\"height\":1277,\"caption\":\"hotwife anklet by La Cortigiana\"},{\"@type\":\"BreadcrumbList\",\"@id\":\"https:\\\/\\\/la-cortigiana.it\\\/it\\\/prodotto\\\/hotwife-vixen-anklet\\\/#breadcrumb\",\"itemListElement\":[{\"@type\":\"ListItem\",\"position\":1,\"name\":\"Home\",\"item\":\"https:\\\/\\\/la-cortigiana.it\\\/\"},{\"@type\":\"ListItem\",\"position\":2,\"name\":\"Shop\",\"item\":\"https:\\\/\\\/la-cortigiana.it\\\/shop\\\/\"},{\"@type\":\"ListItem\",\"position\":3,\"name\":\"Hotwife \\\/ Vixen Anklet\"}]},{\"@type\":\"WebSite\",\"@id\":\"https:\\\/\\\/la-cortigiana.it\\\/#website\",\"url\":\"https:\\\/\\\/la-cortigiana.it\\\/\",\"name\":\"La Cortigiana | Discreet Symbol Jewelry & Erotic Leather, Handmade in Italy\",\"description\":\"Quiet Marks of Chosen Desire\",\"publisher\":{\"@id\":\"https:\\\/\\\/la-cortigiana.it\\\/#organization\"},\"potentialAction\":[{\"@type\":\"SearchAction\",\"target\":{\"@type\":\"EntryPoint\",\"urlTemplate\":\"https:\\\/\\\/la-cortigiana.it\\\/?s={search_term_string}\"},\"query-input\":{\"@type\":\"PropertyValueSpecification\",\"valueRequired\":true,\"valueName\":\"search_term_string\"}}],\"inLanguage\":\"de\"},{\"@type\":\"Organization\",\"@id\":\"https:\\\/\\\/la-cortigiana.it\\\/#organization\",\"name\":\"La Cortigiana\",\"url\":\"https:\\\/\\\/la-cortigiana.it\\\/\",\"logo\":{\"@type\":\"ImageObject\",\"inLanguage\":\"de\",\"@id\":\"https:\\\/\\\/la-cortigiana.it\\\/#\\\/schema\\\/logo\\\/image\\\/\",\"url\":\"https:\\\/\\\/la-cortigiana.it\\\/wp-content\\\/uploads\\\/2025\\\/01\\\/La-Cortigiana.png\",\"contentUrl\":\"https:\\\/\\\/la-cortigiana.it\\\/wp-content\\\/uploads\\\/2025\\\/01\\\/La-Cortigiana.png\",\"width\":1646,\"height\":575,\"caption\":\"La Cortigiana\"},\"image\":{\"@id\":\"https:\\\/\\\/la-cortigiana.it\\\/#\\\/schema\\\/logo\\\/image\\\/\"},\"sameAs\":[\"https:\\\/\\\/www.facebook.com\\\/LaCortigiana\\\/\",\"https:\\\/\\\/x.com\\\/la_cortigianait\",\"https:\\\/\\\/www.instagram.com\\\/la_cortigiana.it\",\"https:\\\/\\\/substack.com\\\/@lacortigiana\"]}]}<\/script>\n<!-- \/ Yoast SEO Premium plugin. -->","yoast_head_json":{"title":"Hotwife \/ Vixen Anklet | Symbol Jewelry & Erotic Accessories \u2013 Handmade in Italy","description":"Indulge in Hotwife \/ Vixen Anklet \u2013 handcrafted in Italy. Discreet symbol jewelry, erotic leather accessories and intimate pieces for hotwife, cuckold and lifestyle dynamics. Worldwide shipping.","robots":{"index":"index","follow":"follow","max-snippet":"max-snippet:-1","max-image-preview":"max-image-preview:large","max-video-preview":"max-video-preview:-1"},"canonical":"https:\/\/la-cortigiana.it\/de\/prodotto\/hotwife-vixen-anklet\/","og_locale":"de_DE","og_type":"article","og_title":"Hotwife \/ Vixen Anklet | La Cortigiana \u2013 Handcrafted in Italy","og_description":"Luxury handcrafted lingerie & accessories from Italy. Sheer, sensual, made for bold desires. Discreet worldwide delivery.","og_url":"https:\/\/la-cortigiana.it\/de\/prodotto\/hotwife-vixen-anklet\/","og_site_name":"La Cortigiana | Handcrafted Leather Accessories for Bold Desires","article_publisher":"https:\/\/www.facebook.com\/LaCortigiana\/","article_modified_time":"2025-12-23T11:40:59+00:00","og_image":[{"width":1024,"height":1277,"url":"https:\/\/la-cortigiana.it\/wp-content\/uploads\/2025\/12\/anklet2.jpg","type":"image\/jpeg"}],"twitter_card":"summary_large_image","twitter_site":"@la_cortigianait","twitter_misc":{"Gesch\u00e4tzte Lesezeit":"1\u00a0Minute"},"schema":{"@context":"https:\/\/schema.org","@graph":[{"@type":["WebPage","ItemPage"],"@id":"https:\/\/la-cortigiana.it\/it\/prodotto\/hotwife-vixen-anklet\/","url":"https:\/\/la-cortigiana.it\/it\/prodotto\/hotwife-vixen-anklet\/","name":"Hotwife \/ Vixen Anklet | Symbol Jewelry & Erotic Accessories \u2013 Handmade in Italy","isPartOf":{"@id":"https:\/\/la-cortigiana.it\/#website"},"primaryImageOfPage":{"@id":"https:\/\/la-cortigiana.it\/it\/prodotto\/hotwife-vixen-anklet\/#primaryimage"},"image":{"@id":"https:\/\/la-cortigiana.it\/it\/prodotto\/hotwife-vixen-anklet\/#primaryimage"},"thumbnailUrl":"https:\/\/la-cortigiana.it\/wp-content\/uploads\/2025\/12\/anklet2.jpg","datePublished":"2025-12-23T09:40:34+00:00","dateModified":"2025-12-23T11:40:59+00:00","description":"Indulge in Hotwife \/ Vixen Anklet \u2013 handcrafted in Italy. Discreet symbol jewelry, erotic leather accessories and intimate pieces for hotwife, cuckold and lifestyle dynamics. Worldwide shipping.","breadcrumb":{"@id":"https:\/\/la-cortigiana.it\/it\/prodotto\/hotwife-vixen-anklet\/#breadcrumb"},"inLanguage":"de","potentialAction":[{"@type":"ReadAction","target":["https:\/\/la-cortigiana.it\/it\/prodotto\/hotwife-vixen-anklet\/"]}]},{"@type":"ImageObject","inLanguage":"de","@id":"https:\/\/la-cortigiana.it\/it\/prodotto\/hotwife-vixen-anklet\/#primaryimage","url":"https:\/\/la-cortigiana.it\/wp-content\/uploads\/2025\/12\/anklet2.jpg","contentUrl":"https:\/\/la-cortigiana.it\/wp-content\/uploads\/2025\/12\/anklet2.jpg","width":1024,"height":1277,"caption":"hotwife anklet by La Cortigiana"},{"@type":"BreadcrumbList","@id":"https:\/\/la-cortigiana.it\/it\/prodotto\/hotwife-vixen-anklet\/#breadcrumb","itemListElement":[{"@type":"ListItem","position":1,"name":"Home","item":"https:\/\/la-cortigiana.it\/"},{"@type":"ListItem","position":2,"name":"Shop","item":"https:\/\/la-cortigiana.it\/shop\/"},{"@type":"ListItem","position":3,"name":"Hotwife \/ Vixen Anklet"}]},{"@type":"WebSite","@id":"https:\/\/la-cortigiana.it\/#website","url":"https:\/\/la-cortigiana.it\/","name":"La Cortigiana | Diskret-symbolischer Schmuck &amp; erotisches Leder, handgefertigt in Italien","description":"Stille Zeichen erw\u00e4hlten Verlangens","publisher":{"@id":"https:\/\/la-cortigiana.it\/#organization"},"potentialAction":[{"@type":"SearchAction","target":{"@type":"EntryPoint","urlTemplate":"https:\/\/la-cortigiana.it\/?s={search_term_string}"},"query-input":{"@type":"PropertyValueSpecification","valueRequired":true,"valueName":"search_term_string"}}],"inLanguage":"de"},{"@type":"Organization","@id":"https:\/\/la-cortigiana.it\/#organization","name":"La Cortigiana","url":"https:\/\/la-cortigiana.it\/","logo":{"@type":"ImageObject","inLanguage":"de","@id":"https:\/\/la-cortigiana.it\/#\/schema\/logo\/image\/","url":"https:\/\/la-cortigiana.it\/wp-content\/uploads\/2025\/01\/La-Cortigiana.png","contentUrl":"https:\/\/la-cortigiana.it\/wp-content\/uploads\/2025\/01\/La-Cortigiana.png","width":1646,"height":575,"caption":"La Cortigiana"},"image":{"@id":"https:\/\/la-cortigiana.it\/#\/schema\/logo\/image\/"},"sameAs":["https:\/\/www.facebook.com\/LaCortigiana\/","https:\/\/x.com\/la_cortigianait","https:\/\/www.instagram.com\/la_cortigiana.it","https:\/\/substack.com\/@lacortigiana"]}]}},"_links":{"self":[{"href":"https:\/\/la-cortigiana.it\/de\/wp-json\/wp\/v2\/product\/2155","targetHints":{"allow":["GET"]}}],"collection":[{"href":"https:\/\/la-cortigiana.it\/de\/wp-json\/wp\/v2\/product"}],"about":[{"href":"https:\/\/la-cortigiana.it\/de\/wp-json\/wp\/v2\/types\/product"}],"replies":[{"embeddable":true,"href":"https:\/\/la-cortigiana.it\/de\/wp-json\/wp\/v2\/comments?post=2155"}],"wp:featuredmedia":[{"embeddable":true,"href":"https:\/\/la-cortigiana.it\/de\/wp-json\/wp\/v2\/media\/2157"}],"wp:attachment":[{"href":"https:\/\/la-cortigiana.it\/de\/wp-json\/wp\/v2\/media?parent=2155"}],"wp:term":[{"taxonomy":"product_brand","embeddable":true,"href":"https:\/\/la-cortigiana.it\/de\/wp-json\/wp\/v2\/product_brand?post=2155"},{"taxonomy":"product_cat","embeddable":true,"href":"https:\/\/la-cortigiana.it\/de\/wp-json\/wp\/v2\/product_cat?post=2155"},{"taxonomy":"product_tag","embeddable":true,"href":"https:\/\/la-cortigiana.it\/de\/wp-json\/wp\/v2\/product_tag?post=2155"}],"curies":[{"name":"wp","href":"https:\/\/api.w.org\/{rel}","templated":true}]}}