{"id":2158,"date":"2025-12-24T19:38:50","date_gmt":"2025-12-24T18:38:50","guid":{"rendered":"https:\/\/la-cortigiana.it\/?post_type=product&#038;p=2158"},"modified":"2025-12-24T20:11:14","modified_gmt":"2025-12-24T19:11:14","slug":"paddle-limoted-art-edition-la-cortigiana","status":"publish","type":"product","link":"https:\/\/la-cortigiana.it\/de\/produkt\/paddle-limoted-art-edition-la-cortigiana\/","title":{"rendered":"Lederpaddel \u2013 Limitierte Kunstedition \u201cLa Cortigiana\u201d"},"content":{"rendered":"<p data-start=\"1462\" data-end=\"1580\"><strong data-start=\"1462\" data-end=\"1479\">La Cortigiana<\/strong> ist eine limitierte Auflage <strong data-start=\"1501\" data-end=\"1532\">BDSM-Paddel aus italienischem Leder<\/strong> Es wurde als Kunstobjekt mit symbolischer Bedeutung geschaffen.<\/p>\n<p data-start=\"1582\" data-end=\"1881\">Dieses in Italien aus feinstem cognacfarbenem, pflanzlich gegerbtem Leder handgefertigte Paddel besticht durch ein detailreiches, graviertes Kurtisanenmotiv, inspiriert von klassischen italienischen Drucken. Das Kunstwerk greift historische Vorstellungen von Macht, Ritual und kontrollierter Intimit\u00e4t auf und dr\u00fcckt sie in einer zur\u00fcckhaltenden und zeitlosen \u00c4sthetik aus.<\/p>\n<p data-start=\"1883\" data-end=\"2126\">Im Gegensatz zu in Massenproduktion hergestellten BDSM-Paddeln wird dieses St\u00fcck in einem <strong data-start=\"1942\" data-end=\"1980\">Streng limitierte, nummerierte Auflage<\/strong> und werden nicht reproduziert. Jedes Paddel wird einzeln von Hand gefertigt, mit gen\u00e4hten Kanten und einer Lederhandschlaufe, die mit einer Metallkette befestigt ist.<\/p>\n<p data-start=\"2128\" data-end=\"2253\">Die gravierte Oberfl\u00e4che ist so gestaltet, dass sie optisch pr\u00e4sent ist, w\u00e4hrend der Griff aus Gr\u00fcnden der Ausgewogenheit und taktilen Klarheit nicht graviert bleibt.<\/p>\n<p data-start=\"2255\" data-end=\"2372\">Dieses Paddel aus italienischem Leder ist f\u00fcr all jene gedacht, die neben der Funktionalit\u00e4t auch Wert auf Design, Symbolik und Handwerkskunst legen.<\/p>\n<h2 data-start=\"192\" data-end=\"214\">Abmessungen und Gewicht<\/h2>\n<p data-start=\"216\" data-end=\"231\"><strong data-start=\"216\" data-end=\"231\">Abmessungen:<\/strong><\/p>\n<ul data-start=\"232\" data-end=\"395\">\n<li data-start=\"232\" data-end=\"289\">\n<p data-start=\"234\" data-end=\"289\">Paddell\u00e4nge (Trefffl\u00e4che): <strong data-start=\"268\" data-end=\"277\">28 cm<\/strong> \/ <strong data-start=\"280\" data-end=\"289\">11 Zoll<\/strong><\/p>\n<\/li>\n<li data-start=\"290\" data-end=\"363\">\n<p data-start=\"292\" data-end=\"363\">Gesamtl\u00e4nge (einschlie\u00dflich Kette und Handgelenkschlaufe): <strong data-start=\"340\" data-end=\"349\">53 cm<\/strong> \/ <strong data-start=\"352\" data-end=\"363\">20,9 Zoll<\/strong><\/p>\n<\/li>\n<li data-start=\"364\" data-end=\"395\">\n<p data-start=\"366\" data-end=\"395\">Breite: <strong data-start=\"373\" data-end=\"382\">11 cm<\/strong> \/ <strong data-start=\"385\" data-end=\"395\">4,3 Zoll<\/strong><\/p>\n<\/li>\n<\/ul>\n<p data-start=\"397\" data-end=\"408\"><strong data-start=\"397\" data-end=\"408\">Gewicht:<\/strong><\/p>\n<ul data-start=\"409\" data-end=\"433\">\n<li data-start=\"409\" data-end=\"433\">\n<p data-start=\"411\" data-end=\"433\"><strong data-start=\"411\" data-end=\"420\">135 g<\/strong> \/ <strong data-start=\"423\" data-end=\"433\">4,8 oz<\/strong><\/p>\n<\/li>\n<\/ul>\n<p data-start=\"2374\" data-end=\"2386\"><strong data-start=\"2374\" data-end=\"2386\">Details:<\/strong><\/p>\n<ul data-start=\"2387\" data-end=\"2588\">\n<li data-start=\"2387\" data-end=\"2411\">\n<p data-start=\"2389\" data-end=\"2411\">Handgefertigt in Italien<\/p>\n<\/li>\n<li data-start=\"2412\" data-end=\"2465\">\n<p data-start=\"2414\" data-end=\"2465\">Hochwertiges italienisches pflanzlich gegerbtes Leder (Cognac)<\/p>\n<\/li>\n<li data-start=\"2466\" data-end=\"2502\">\n<p data-start=\"2468\" data-end=\"2502\">Laserge\u00e4tzte Kurtisanenkunst<\/p>\n<\/li>\n<li data-start=\"2503\" data-end=\"2543\">\n<p data-start=\"2505\" data-end=\"2543\">Lederarmband mit Metallkette<\/p>\n<\/li>\n<li data-start=\"2544\" data-end=\"2573\">\n<p data-start=\"2546\" data-end=\"2573\">Limitierte, nummerierte Auflage<\/p>\n<\/li>\n<li data-start=\"2574\" data-end=\"2588\">\n<p data-start=\"2576\" data-end=\"2588\">Keine Neuauflage<\/p>\n<\/li>\n<\/ul>\n<p data-start=\"2590\" data-end=\"2683\">Dies ist kein Standard-BDSM-Zubeh\u00f6r.<br data-start=\"2628\" data-end=\"2631\" \/>Es handelt sich um ein limitiertes Kunstpaddel, das f\u00fcr den \u00f6ffentlichen Gebrauch konzipiert wurde.<\/p>","protected":false},"excerpt":{"rendered":"<p>Handgefertigtes italienisches BDSM-Paddel aus Leder in Cognacfarbe.<br data-start=\"1188\" data-end=\"1191\" \/>Limitierte, nummerierte Kunstedition mit einem gravierten Kurtisanenmotiv.<br data-start=\"1259\" data-end=\"1262\" \/>Luxuspaddel, als Kunstobjekt konzipiert, nicht in Massenproduktion hergestellt<\/p>","protected":false},"featured_media":2159,"comment_status":"open","ping_status":"closed","template":"","meta":{"nf_dc_page":"","googlesitekit_rrm_CAowrc_CDA:productID":"","site-sidebar-layout":"default","site-content-layout":"","ast-site-content-layout":"default","site-content-style":"default","site-sidebar-style":"default","ast-global-header-display":"","ast-banner-title-visibility":"","ast-main-header-display":"","ast-hfb-above-header-display":"","ast-hfb-below-header-display":"","ast-hfb-mobile-header-display":"","site-post-title":"","ast-breadcrumbs-content":"","ast-featured-img":"","footer-sml-layout":"","ast-disable-related-posts":"","theme-transparent-header-meta":"","adv-header-id-meta":"","stick-header-meta":"","header-above-stick-meta":"","header-main-stick-meta":"","header-below-stick-meta":"","astra-migrate-meta-layouts":"default","ast-page-background-enabled":"default","ast-page-background-meta":{"desktop":{"background-color":"var(--ast-global-color-5)","background-image":"","background-repeat":"repeat","background-position":"center center","background-size":"auto","background-attachment":"scroll","background-type":"","background-media":"","overlay-type":"","overlay-color":"","overlay-opacity":"","overlay-gradient":""},"tablet":{"background-color":"","background-image":"","background-repeat":"repeat","background-position":"center center","background-size":"auto","background-attachment":"scroll","background-type":"","background-media":"","overlay-type":"","overlay-color":"","overlay-opacity":"","overlay-gradient":""},"mobile":{"background-color":"","background-image":"","background-repeat":"repeat","background-position":"center center","background-size":"auto","background-attachment":"scroll","background-type":"","background-media":"","overlay-type":"","overlay-color":"","overlay-opacity":"","overlay-gradient":""}},"ast-content-background-meta":{"desktop":{"background-color":"var(--ast-global-color-4)","background-image":"","background-repeat":"repeat","background-position":"center center","background-size":"auto","background-attachment":"scroll","background-type":"","background-media":"","overlay-type":"","overlay-color":"","overlay-opacity":"","overlay-gradient":""},"tablet":{"background-color":"var(--ast-global-color-4)","background-image":"","background-repeat":"repeat","background-position":"center center","background-size":"auto","background-attachment":"scroll","background-type":"","background-media":"","overlay-type":"","overlay-color":"","overlay-opacity":"","overlay-gradient":""},"mobile":{"background-color":"var(--ast-global-color-4)","background-image":"","background-repeat":"repeat","background-position":"center center","background-size":"auto","background-attachment":"scroll","background-type":"","background-media":"","overlay-type":"","overlay-color":"","overlay-opacity":"","overlay-gradient":""}}},"product_brand":[],"product_cat":[224],"product_tag":[31],"class_list":{"0":"post-2158","1":"product","2":"type-product","3":"status-publish","4":"has-post-thumbnail","6":"product_cat-whips-paddles","7":"product_tag-bdsm","8":"desktop-align-left","9":"tablet-align-left","10":"mobile-align-left","12":"first","13":"instock","14":"shipping-taxable","15":"purchasable","16":"product-type-simple"},"yoast_head":"<!-- This site is optimized with the Yoast SEO Premium plugin v25.6 (Yoast SEO v27.6) - https:\/\/yoast.com\/product\/yoast-seo-premium-wordpress\/ -->\n<title>Leather Paddle - Limited Art Edition &quot;La Cortigiana&quot; | Symbol Jewelry &amp; Erotic Accessories \u2013 Handmade in Italy<\/title>\n<meta name=\"description\" content=\"Indulge in Leather Paddle - Limited Art Edition &quot;La Cortigiana&quot; \u2013 handcrafted in Italy. Discreet symbol jewelry, erotic leather accessories and intimate pieces for hotwife, cuckold and lifestyle dynamics. Worldwide shipping.\" \/>\n<meta name=\"robots\" content=\"index, follow, max-snippet:-1, max-image-preview:large, max-video-preview:-1\" \/>\n<link rel=\"canonical\" href=\"https:\/\/la-cortigiana.it\/de\/produkt\/paddle-limoted-art-edition-la-cortigiana\/\" \/>\n<meta property=\"og:locale\" content=\"de_DE\" \/>\n<meta property=\"og:type\" content=\"article\" \/>\n<meta property=\"og:title\" content=\"Leather Paddle - Limited Art Edition &quot;La Cortigiana&quot; | La Cortigiana \u2013 Handcrafted in Italy\" \/>\n<meta property=\"og:description\" content=\"Luxury handcrafted lingerie &amp; accessories from Italy. Sheer, sensual, made for bold desires. Discreet worldwide delivery.\" \/>\n<meta property=\"og:url\" content=\"https:\/\/la-cortigiana.it\/de\/produkt\/paddle-limoted-art-edition-la-cortigiana\/\" \/>\n<meta property=\"article:publisher\" content=\"https:\/\/www.facebook.com\/LaCortigiana\/\" \/>\n<meta property=\"article:modified_time\" content=\"2025-12-24T19:11:14+00:00\" \/>\n<meta property=\"og:image\" content=\"https:\/\/la-cortigiana.it\/wp-content\/uploads\/2025\/12\/lacortigiana_paddle-e1770155083526.jpg\" \/>\n\t<meta property=\"og:image:width\" content=\"916\" \/>\n\t<meta property=\"og:image:height\" content=\"1144\" \/>\n\t<meta property=\"og:image:type\" content=\"image\/jpeg\" \/>\n<meta name=\"twitter:card\" content=\"summary_large_image\" \/>\n<meta name=\"twitter:site\" content=\"@la_cortigianait\" \/>\n<meta name=\"twitter:label1\" content=\"Gesch\u00e4tzte Lesezeit\" \/>\n\t<meta name=\"twitter:data1\" content=\"2\u00a0Minuten\" \/>\n<script type=\"application\/ld+json\" class=\"yoast-schema-graph\">{\"@context\":\"https:\\\/\\\/schema.org\",\"@graph\":[{\"@type\":[\"WebPage\",\"ItemPage\"],\"@id\":\"https:\\\/\\\/la-cortigiana.it\\\/product\\\/paddle-limoted-art-edition-la-cortigiana\\\/\",\"url\":\"https:\\\/\\\/la-cortigiana.it\\\/product\\\/paddle-limoted-art-edition-la-cortigiana\\\/\",\"name\":\"Leather Paddle - Limited Art Edition \\\"La Cortigiana\\\" | Symbol Jewelry & Erotic Accessories \u2013 Handmade in Italy\",\"isPartOf\":{\"@id\":\"https:\\\/\\\/la-cortigiana.it\\\/#website\"},\"primaryImageOfPage\":{\"@id\":\"https:\\\/\\\/la-cortigiana.it\\\/product\\\/paddle-limoted-art-edition-la-cortigiana\\\/#primaryimage\"},\"image\":{\"@id\":\"https:\\\/\\\/la-cortigiana.it\\\/product\\\/paddle-limoted-art-edition-la-cortigiana\\\/#primaryimage\"},\"thumbnailUrl\":\"https:\\\/\\\/la-cortigiana.it\\\/wp-content\\\/uploads\\\/2025\\\/12\\\/lacortigiana_paddle-e1770155083526.jpg\",\"datePublished\":\"2025-12-24T18:38:50+00:00\",\"dateModified\":\"2025-12-24T19:11:14+00:00\",\"description\":\"Indulge in Leather Paddle - Limited Art Edition \\\"La Cortigiana\\\" \u2013 handcrafted in Italy. Discreet symbol jewelry, erotic leather accessories and intimate pieces for hotwife, cuckold and lifestyle dynamics. Worldwide shipping.\",\"breadcrumb\":{\"@id\":\"https:\\\/\\\/la-cortigiana.it\\\/product\\\/paddle-limoted-art-edition-la-cortigiana\\\/#breadcrumb\"},\"inLanguage\":\"de\",\"potentialAction\":[{\"@type\":\"ReadAction\",\"target\":[\"https:\\\/\\\/la-cortigiana.it\\\/product\\\/paddle-limoted-art-edition-la-cortigiana\\\/\"]}]},{\"@type\":\"ImageObject\",\"inLanguage\":\"de\",\"@id\":\"https:\\\/\\\/la-cortigiana.it\\\/product\\\/paddle-limoted-art-edition-la-cortigiana\\\/#primaryimage\",\"url\":\"https:\\\/\\\/la-cortigiana.it\\\/wp-content\\\/uploads\\\/2025\\\/12\\\/lacortigiana_paddle-e1770155083526.jpg\",\"contentUrl\":\"https:\\\/\\\/la-cortigiana.it\\\/wp-content\\\/uploads\\\/2025\\\/12\\\/lacortigiana_paddle-e1770155083526.jpg\",\"width\":916,\"height\":1144,\"caption\":\"BDSM Art-Paddle by La Cortigiana\"},{\"@type\":\"BreadcrumbList\",\"@id\":\"https:\\\/\\\/la-cortigiana.it\\\/product\\\/paddle-limoted-art-edition-la-cortigiana\\\/#breadcrumb\",\"itemListElement\":[{\"@type\":\"ListItem\",\"position\":1,\"name\":\"Home\",\"item\":\"https:\\\/\\\/la-cortigiana.it\\\/\"},{\"@type\":\"ListItem\",\"position\":2,\"name\":\"Shop\",\"item\":\"https:\\\/\\\/la-cortigiana.it\\\/shop\\\/\"},{\"@type\":\"ListItem\",\"position\":3,\"name\":\"Leather Paddle &#8211; Limited Art Edition &#8220;La Cortigiana&#8221;\"}]},{\"@type\":\"WebSite\",\"@id\":\"https:\\\/\\\/la-cortigiana.it\\\/#website\",\"url\":\"https:\\\/\\\/la-cortigiana.it\\\/\",\"name\":\"La Cortigiana | Discreet Symbol Jewelry & Erotic Leather, Handmade in Italy\",\"description\":\"Quiet Marks of Chosen Desire\",\"publisher\":{\"@id\":\"https:\\\/\\\/la-cortigiana.it\\\/#organization\"},\"potentialAction\":[{\"@type\":\"SearchAction\",\"target\":{\"@type\":\"EntryPoint\",\"urlTemplate\":\"https:\\\/\\\/la-cortigiana.it\\\/?s={search_term_string}\"},\"query-input\":{\"@type\":\"PropertyValueSpecification\",\"valueRequired\":true,\"valueName\":\"search_term_string\"}}],\"inLanguage\":\"de\"},{\"@type\":\"Organization\",\"@id\":\"https:\\\/\\\/la-cortigiana.it\\\/#organization\",\"name\":\"La Cortigiana\",\"url\":\"https:\\\/\\\/la-cortigiana.it\\\/\",\"logo\":{\"@type\":\"ImageObject\",\"inLanguage\":\"de\",\"@id\":\"https:\\\/\\\/la-cortigiana.it\\\/#\\\/schema\\\/logo\\\/image\\\/\",\"url\":\"https:\\\/\\\/la-cortigiana.it\\\/wp-content\\\/uploads\\\/2025\\\/01\\\/La-Cortigiana.png\",\"contentUrl\":\"https:\\\/\\\/la-cortigiana.it\\\/wp-content\\\/uploads\\\/2025\\\/01\\\/La-Cortigiana.png\",\"width\":1646,\"height\":575,\"caption\":\"La Cortigiana\"},\"image\":{\"@id\":\"https:\\\/\\\/la-cortigiana.it\\\/#\\\/schema\\\/logo\\\/image\\\/\"},\"sameAs\":[\"https:\\\/\\\/www.facebook.com\\\/LaCortigiana\\\/\",\"https:\\\/\\\/x.com\\\/la_cortigianait\",\"https:\\\/\\\/www.instagram.com\\\/la_cortigiana.it\",\"https:\\\/\\\/substack.com\\\/@lacortigiana\"]}]}<\/script>\n<!-- \/ Yoast SEO Premium plugin. -->","yoast_head_json":{"title":"Leather Paddle - Limited Art Edition \"La Cortigiana\" | Symbol Jewelry & Erotic Accessories \u2013 Handmade in Italy","description":"Indulge in Leather Paddle - Limited Art Edition \"La Cortigiana\" \u2013 handcrafted in Italy. Discreet symbol jewelry, erotic leather accessories and intimate pieces for hotwife, cuckold and lifestyle dynamics. Worldwide shipping.","robots":{"index":"index","follow":"follow","max-snippet":"max-snippet:-1","max-image-preview":"max-image-preview:large","max-video-preview":"max-video-preview:-1"},"canonical":"https:\/\/la-cortigiana.it\/de\/produkt\/paddle-limoted-art-edition-la-cortigiana\/","og_locale":"de_DE","og_type":"article","og_title":"Leather Paddle - Limited Art Edition \"La Cortigiana\" | La Cortigiana \u2013 Handcrafted in Italy","og_description":"Luxury handcrafted lingerie & accessories from Italy. Sheer, sensual, made for bold desires. Discreet worldwide delivery.","og_url":"https:\/\/la-cortigiana.it\/de\/produkt\/paddle-limoted-art-edition-la-cortigiana\/","article_publisher":"https:\/\/www.facebook.com\/LaCortigiana\/","article_modified_time":"2025-12-24T19:11:14+00:00","og_image":[{"width":916,"height":1144,"url":"https:\/\/la-cortigiana.it\/wp-content\/uploads\/2025\/12\/lacortigiana_paddle-e1770155083526.jpg","type":"image\/jpeg"}],"twitter_card":"summary_large_image","twitter_site":"@la_cortigianait","twitter_misc":{"Gesch\u00e4tzte Lesezeit":"2\u00a0Minuten"},"schema":{"@context":"https:\/\/schema.org","@graph":[{"@type":["WebPage","ItemPage"],"@id":"https:\/\/la-cortigiana.it\/product\/paddle-limoted-art-edition-la-cortigiana\/","url":"https:\/\/la-cortigiana.it\/product\/paddle-limoted-art-edition-la-cortigiana\/","name":"Leather Paddle - Limited Art Edition \"La Cortigiana\" | Symbol Jewelry & Erotic Accessories \u2013 Handmade in Italy","isPartOf":{"@id":"https:\/\/la-cortigiana.it\/#website"},"primaryImageOfPage":{"@id":"https:\/\/la-cortigiana.it\/product\/paddle-limoted-art-edition-la-cortigiana\/#primaryimage"},"image":{"@id":"https:\/\/la-cortigiana.it\/product\/paddle-limoted-art-edition-la-cortigiana\/#primaryimage"},"thumbnailUrl":"https:\/\/la-cortigiana.it\/wp-content\/uploads\/2025\/12\/lacortigiana_paddle-e1770155083526.jpg","datePublished":"2025-12-24T18:38:50+00:00","dateModified":"2025-12-24T19:11:14+00:00","description":"Indulge in Leather Paddle - Limited Art Edition \"La Cortigiana\" \u2013 handcrafted in Italy. Discreet symbol jewelry, erotic leather accessories and intimate pieces for hotwife, cuckold and lifestyle dynamics. Worldwide shipping.","breadcrumb":{"@id":"https:\/\/la-cortigiana.it\/product\/paddle-limoted-art-edition-la-cortigiana\/#breadcrumb"},"inLanguage":"de","potentialAction":[{"@type":"ReadAction","target":["https:\/\/la-cortigiana.it\/product\/paddle-limoted-art-edition-la-cortigiana\/"]}]},{"@type":"ImageObject","inLanguage":"de","@id":"https:\/\/la-cortigiana.it\/product\/paddle-limoted-art-edition-la-cortigiana\/#primaryimage","url":"https:\/\/la-cortigiana.it\/wp-content\/uploads\/2025\/12\/lacortigiana_paddle-e1770155083526.jpg","contentUrl":"https:\/\/la-cortigiana.it\/wp-content\/uploads\/2025\/12\/lacortigiana_paddle-e1770155083526.jpg","width":916,"height":1144,"caption":"BDSM Art-Paddle by La Cortigiana"},{"@type":"BreadcrumbList","@id":"https:\/\/la-cortigiana.it\/product\/paddle-limoted-art-edition-la-cortigiana\/#breadcrumb","itemListElement":[{"@type":"ListItem","position":1,"name":"Home","item":"https:\/\/la-cortigiana.it\/"},{"@type":"ListItem","position":2,"name":"Shop","item":"https:\/\/la-cortigiana.it\/shop\/"},{"@type":"ListItem","position":3,"name":"Leather Paddle &#8211; Limited Art Edition &#8220;La Cortigiana&#8221;"}]},{"@type":"WebSite","@id":"https:\/\/la-cortigiana.it\/#website","url":"https:\/\/la-cortigiana.it\/","name":"La Cortigiana | Diskret-symbolischer Schmuck &amp; erotisches Leder, handgefertigt in Italien","description":"Stille Zeichen erw\u00e4hlten Verlangens","publisher":{"@id":"https:\/\/la-cortigiana.it\/#organization"},"potentialAction":[{"@type":"SearchAction","target":{"@type":"EntryPoint","urlTemplate":"https:\/\/la-cortigiana.it\/?s={search_term_string}"},"query-input":{"@type":"PropertyValueSpecification","valueRequired":true,"valueName":"search_term_string"}}],"inLanguage":"de"},{"@type":"Organization","@id":"https:\/\/la-cortigiana.it\/#organization","name":"La Cortigiana","url":"https:\/\/la-cortigiana.it\/","logo":{"@type":"ImageObject","inLanguage":"de","@id":"https:\/\/la-cortigiana.it\/#\/schema\/logo\/image\/","url":"https:\/\/la-cortigiana.it\/wp-content\/uploads\/2025\/01\/La-Cortigiana.png","contentUrl":"https:\/\/la-cortigiana.it\/wp-content\/uploads\/2025\/01\/La-Cortigiana.png","width":1646,"height":575,"caption":"La Cortigiana"},"image":{"@id":"https:\/\/la-cortigiana.it\/#\/schema\/logo\/image\/"},"sameAs":["https:\/\/www.facebook.com\/LaCortigiana\/","https:\/\/x.com\/la_cortigianait","https:\/\/www.instagram.com\/la_cortigiana.it","https:\/\/substack.com\/@lacortigiana"]}]}},"_links":{"self":[{"href":"https:\/\/la-cortigiana.it\/de\/wp-json\/wp\/v2\/product\/2158","targetHints":{"allow":["GET"]}}],"collection":[{"href":"https:\/\/la-cortigiana.it\/de\/wp-json\/wp\/v2\/product"}],"about":[{"href":"https:\/\/la-cortigiana.it\/de\/wp-json\/wp\/v2\/types\/product"}],"replies":[{"embeddable":true,"href":"https:\/\/la-cortigiana.it\/de\/wp-json\/wp\/v2\/comments?post=2158"}],"wp:featuredmedia":[{"embeddable":true,"href":"https:\/\/la-cortigiana.it\/de\/wp-json\/wp\/v2\/media\/2159"}],"wp:attachment":[{"href":"https:\/\/la-cortigiana.it\/de\/wp-json\/wp\/v2\/media?parent=2158"}],"wp:term":[{"taxonomy":"product_brand","embeddable":true,"href":"https:\/\/la-cortigiana.it\/de\/wp-json\/wp\/v2\/product_brand?post=2158"},{"taxonomy":"product_cat","embeddable":true,"href":"https:\/\/la-cortigiana.it\/de\/wp-json\/wp\/v2\/product_cat?post=2158"},{"taxonomy":"product_tag","embeddable":true,"href":"https:\/\/la-cortigiana.it\/de\/wp-json\/wp\/v2\/product_tag?post=2158"}],"curies":[{"name":"wp","href":"https:\/\/api.w.org\/{rel}","templated":true}]}}