{"id":2178,"date":"2025-12-28T19:49:32","date_gmt":"2025-12-28T18:49:32","guid":{"rendered":"https:\/\/la-cortigiana.it\/?post_type=product&#038;p=2178"},"modified":"2025-12-28T19:49:33","modified_gmt":"2025-12-28T18:49:33","slug":"sheer-mesh-mens-thong-with-personalized-embroidery","status":"publish","type":"product","link":"https:\/\/la-cortigiana.it\/de\/produkt\/sheer-mesh-mens-thong-with-personalized-embroidery\/","title":{"rendered":"Transparenter Herren-Tanga aus Mesh mit personalisierter Stickerei"},"content":{"rendered":"<p data-start=\"545\" data-end=\"623\">Dieser Herren-Tanga ist aus transparentem Netzgewebe gefertigt, sodass nichts durchscheint.<\/p>\n<p data-start=\"625\" data-end=\"868\">Es ist leicht, freiz\u00fcgig und unmissverst\u00e4ndlich direkt. Der Schnitt ist auf den m\u00e4nnlichen K\u00f6rper zugeschnitten: minimalistisch am R\u00fccken, pr\u00e4zise vorne, sodass der Stoff die Figur betont, anstatt sie zu verh\u00fcllen. Beim Tragen f\u00fchlt es sich fast unsichtbar an und ist dennoch stets pr\u00e4sent.<\/p>\n<p data-start=\"870\" data-end=\"973\">Das ist keine Alltagsunterw\u00e4sche.<br data-start=\"901\" data-end=\"904\" \/>Es ist f\u00fcr Momente gedacht, in denen Kleidung Teil des Erlebnisses wird.<\/p>\n<p data-start=\"975\" data-end=\"1246\">Das Besondere an diesem St\u00fcck ist die Stickerei.<br data-start=\"1025\" data-end=\"1028\" \/>Sie k\u00f6nnen einen Namen, ein Wort, ein Symbol oder ein dezentes Zeichen w\u00e4hlen, das absichtlich auf dem Kleidungsst\u00fcck angebracht wird. Etwas, das Ihnen geh\u00f6rt. Oder etwas, das f\u00fcr Sie ausgesucht wurde. Sobald das Zeichen angebracht ist, ist der String nicht mehr gew\u00f6hnlich. Er wird individuell gestaltet.<\/p>\n<p data-start=\"1248\" data-end=\"1463\">Manche tragen es f\u00fcr private Rituale.<br data-start=\"1281\" data-end=\"1284\" \/>Manche genie\u00dfen den stillen Nervenkitzel, zu wissen, was sie unter ihrer Kleidung tragen.<br data-start=\"1365\" data-end=\"1368\" \/>Manche f\u00fcr Szenen, Machtdynamiken, Fotografie oder einfach nur f\u00fcr das Vergn\u00fcgen, gesehen oder vorgestellt zu werden.<\/p>\n<p data-start=\"1465\" data-end=\"1663\">Das Netzmaterial wurde f\u00fcr sinnliche Empfindungen und Sichtbarkeit gew\u00e4hlt, nicht f\u00fcr herk\u00f6mmlichen Tragekomfort. Der String-Schnitt betont Freiz\u00fcgigkeit und Wahrnehmung und macht Bewegung, Ber\u00fchrung und Vorfreude zu einem Teil des Erlebnisses.<\/p>\n<p data-start=\"1665\" data-end=\"1772\">Handgefertigt in Italien in kleinen Mengen.<br data-start=\"1703\" data-end=\"1706\" \/>Jedes St\u00fcck wird individuell gefertigt, insbesondere wenn es personalisiert ist.<\/p>\n<h2 data-start=\"308\" data-end=\"343\"><strong data-start=\"311\" data-end=\"343\">Wie man die richtige Gr\u00f6\u00dfe ausw\u00e4hlt<\/strong><\/h2>\n<p data-start=\"345\" data-end=\"483\">Dieser Stringtanga ist f\u00fcr den m\u00e4nnlichen K\u00f6rper und eine enge, bewusst gew\u00e4hlte Passform konzipiert.<br data-start=\"415\" data-end=\"418\" \/>Um sicherzustellen, dass es richtig sitzt, messen Sie bitte sorgf\u00e4ltig nach.<\/p>\n<h3 data-start=\"485\" data-end=\"507\"><strong data-start=\"489\" data-end=\"507\">Wie man misst<\/strong><\/h3>\n<ol data-start=\"508\" data-end=\"838\">\n<li data-start=\"508\" data-end=\"540\">\n<p data-start=\"511\" data-end=\"540\">Nehmen Sie ein weiches Ma\u00dfband.<\/p>\n<\/li>\n<li data-start=\"541\" data-end=\"745\">\n<p data-start=\"544\" data-end=\"745\">Messen <strong data-start=\"552\" data-end=\"573\">um Ihre Taille<\/strong>, an der Stelle, an der Sie normalerweise tragen <strong data-start=\"612\" data-end=\"640\">H\u00fcftunterw\u00e4sche f\u00fcr Herren<\/strong>.<br data-start=\"641\" data-end=\"644\" \/>Das ist normalerweise <strong data-start=\"663\" data-end=\"682\">unterhalb des Bauches<\/strong>, nicht an den H\u00fcften und nicht an der schmalsten Stelle der Taille.<\/p>\n<\/li>\n<li data-start=\"746\" data-end=\"785\">\n<p data-start=\"749\" data-end=\"785\">Das Klebeband sollte eng anliegen, aber nicht zu fest.<\/p>\n<\/li>\n<li data-start=\"786\" data-end=\"838\">\n<p data-start=\"789\" data-end=\"838\">Messen Sie direkt am K\u00f6rper, nicht \u00fcber der Kleidung.<\/p>\n<\/li>\n<\/ol>\n<h3 data-start=\"840\" data-end=\"866\"><strong data-start=\"844\" data-end=\"866\">W\u00e4hlen Sie Ihre Gr\u00f6\u00dfe<\/strong><\/h3>\n<ul data-start=\"867\" data-end=\"1096\">\n<li data-start=\"867\" data-end=\"933\">\n<p data-start=\"869\" data-end=\"933\">Nutzen Sie Ihren Taillenumfang, um Ihre Gr\u00f6\u00dfe anhand der Tabelle auszuw\u00e4hlen.<\/p>\n<\/li>\n<li data-start=\"934\" data-end=\"1026\">\n<p data-start=\"936\" data-end=\"1026\">Wenn Sie zwischen zwei Gr\u00f6\u00dfen liegen, <strong data-start=\"962\" data-end=\"989\">W\u00e4hlen Sie die kleinere Gr\u00f6\u00dfe<\/strong> f\u00fcr eine engere, freiz\u00fcgigere Passform.<\/p>\n<\/li>\n<li data-start=\"1027\" data-end=\"1096\">\n<p data-start=\"1029\" data-end=\"1096\">Wenn Sie ein etwas legereres Tragegef\u00fchl bevorzugen, w\u00e4hlen Sie die gr\u00f6\u00dfere Gr\u00f6\u00dfe.<\/p>\n<\/li>\n<\/ul>\n<h3 data-start=\"1098\" data-end=\"1124\"><strong data-start=\"1102\" data-end=\"1124\">Wichtiger Passformhinweis<\/strong><\/h3>\n<p data-start=\"1125\" data-end=\"1325\">Dies ist ein eng anliegender Herren-Tanga aus transparentem Netzgewebe.<br data-start=\"1175\" data-end=\"1178\" \/>Es ist so konzipiert, dass es eng am K\u00f6rper anliegt und sich beim Tragen sp\u00fcrbar anf\u00fchlt.<br data-start=\"1245\" data-end=\"1248\" \/>Wenn Sie lockere oder allt\u00e4gliche Unterw\u00e4sche gewohnt sind, erwartet Sie ein anderes Tragegef\u00fchl.<\/p>\n<p data-start=\"1919\" data-end=\"1930\">\n<table>\n<thead>\n<tr>\n<th>Gr\u00f6\u00dfe<\/th>\n<th>Taillenumfang M\u00e4nner (cm)<\/th>\n<th>Herren-Taillenumfang (in)<\/th>\n<\/tr>\n<\/thead>\n<tbody>\n<tr>\n<td>S<\/td>\n<td>70\u201376<\/td>\n<td>28\u201330<\/td>\n<\/tr>\n<tr>\n<td>M<\/td>\n<td>77\u201384<\/td>\n<td>30\u201333<\/td>\n<\/tr>\n<tr>\n<td>L<\/td>\n<td>85\u201392<\/td>\n<td>33\u201336<\/td>\n<\/tr>\n<tr>\n<td>XL<\/td>\n<td>93\u2013102<\/td>\n<td>36\u201340<\/td>\n<\/tr>\n<tr>\n<td>XXL<\/td>\n<td>103\u2013112<\/td>\n<td>40\u201344<\/td>\n<\/tr>\n<\/tbody>\n<\/table>\n<p data-start=\"1919\" data-end=\"1930\">\n<p data-start=\"1919\" data-end=\"1930\"><strong data-start=\"1919\" data-end=\"1930\">Details<\/strong><\/p>\n<ul data-start=\"1931\" data-end=\"2104\">\n<li data-start=\"1931\" data-end=\"1957\">\n<p data-start=\"1933\" data-end=\"1957\">Transparentes, durchsichtiges Netzgewebe<\/p>\n<\/li>\n<li data-start=\"1958\" data-end=\"1977\">\n<p data-start=\"1960\" data-end=\"1977\">Herren-Tanga-Schnitt<\/p>\n<\/li>\n<li data-start=\"1978\" data-end=\"2031\">\n<p data-start=\"1980\" data-end=\"2031\">Optionale personalisierte Stickerei (Text oder Symbol)<\/p>\n<\/li>\n<li data-start=\"2032\" data-end=\"2082\">\n<p data-start=\"2034\" data-end=\"2082\">Konzipiert f\u00fcr intime, thematische oder rituelle Zwecke.<\/p>\n<\/li>\n<li data-start=\"2083\" data-end=\"2104\">\n<p data-start=\"2085\" data-end=\"2104\">Handgefertigt in Italien<\/p>\n<\/li>\n<\/ul>\n<p data-start=\"2106\" data-end=\"2192\">La Cortigiana kreiert Objekte mit Absicht.<br data-start=\"2148\" data-end=\"2151\" \/>Dieses Kleidungsst\u00fcck soll bewusst getragen werden.<\/p>","protected":false},"excerpt":{"rendered":"<p>Ein transparenter Herren-Tanga, entworfen f\u00fcr diejenigen, die selbst entscheiden, was sie tragen und warum.<br data-start=\"409\" data-end=\"412\" \/>Durch individuelle Stickereien wird aus Unterw\u00e4sche etwas Pers\u00f6nliches, Bewusstes, das man f\u00fchlen soll.<\/p>","protected":false},"featured_media":2181,"comment_status":"open","ping_status":"closed","template":"","meta":{"nf_dc_page":"","googlesitekit_rrm_CAowrc_CDA:productID":""},"product_brand":[],"product_cat":[62],"product_tag":[229,251,73],"class_list":{"0":"post-2178","1":"product","2":"type-product","3":"status-publish","4":"has-post-thumbnail","6":"product_cat-corsets-lingerie","7":"product_tag-lingerie","8":"product_tag-men","9":"product_tag-panties","11":"first","12":"instock","13":"shipping-taxable","14":"purchasable","15":"product-type-simple"},"yoast_head":"<!-- This site is optimized with the Yoast SEO Premium plugin v25.6 (Yoast SEO v27.4) - https:\/\/yoast.com\/product\/yoast-seo-premium-wordpress\/ -->\n<title>Sheer Mesh Men\u2019s Thong with Personalized Embroidery | Symbol Jewelry &amp; Erotic Accessories \u2013 Handmade in Italy<\/title>\n<meta name=\"description\" content=\"Indulge in Sheer Mesh Men\u2019s Thong with Personalized Embroidery \u2013 handcrafted in Italy. Discreet symbol jewelry, erotic leather accessories and intimate pieces for hotwife, cuckold and lifestyle dynamics. Worldwide shipping.\" \/>\n<meta name=\"robots\" content=\"index, follow, max-snippet:-1, max-image-preview:large, max-video-preview:-1\" \/>\n<link rel=\"canonical\" href=\"https:\/\/la-cortigiana.it\/de\/produkt\/sheer-mesh-mens-thong-with-personalized-embroidery\/\" \/>\n<meta property=\"og:locale\" content=\"de_DE\" \/>\n<meta property=\"og:type\" content=\"article\" \/>\n<meta property=\"og:title\" content=\"Sheer Mesh Men\u2019s Thong with Personalized Embroidery | La Cortigiana \u2013 Handcrafted in Italy\" \/>\n<meta property=\"og:description\" content=\"Luxury handcrafted lingerie &amp; accessories from Italy. Sheer, sensual, made for bold desires. Discreet worldwide delivery.\" \/>\n<meta property=\"og:url\" content=\"https:\/\/la-cortigiana.it\/de\/produkt\/sheer-mesh-mens-thong-with-personalized-embroidery\/\" \/>\n<meta property=\"og:site_name\" content=\"La Cortigiana | Handcrafted Leather Accessories for Bold Desires\" \/>\n<meta property=\"article:publisher\" content=\"https:\/\/www.facebook.com\/LaCortigiana\/\" \/>\n<meta property=\"article:modified_time\" content=\"2025-12-28T18:49:33+00:00\" \/>\n<meta property=\"og:image\" content=\"https:\/\/la-cortigiana.it\/wp-content\/uploads\/2025\/12\/menspanty.jpg\" \/>\n\t<meta property=\"og:image:width\" content=\"1536\" \/>\n\t<meta property=\"og:image:height\" content=\"1024\" \/>\n\t<meta property=\"og:image:type\" content=\"image\/jpeg\" \/>\n<meta name=\"twitter:card\" content=\"summary_large_image\" \/>\n<meta name=\"twitter:site\" content=\"@la_cortigianait\" \/>\n<meta name=\"twitter:label1\" content=\"Gesch\u00e4tzte Lesezeit\" \/>\n\t<meta name=\"twitter:data1\" content=\"3\u00a0Minuten\" \/>\n<script type=\"application\/ld+json\" class=\"yoast-schema-graph\">{\"@context\":\"https:\\\/\\\/schema.org\",\"@graph\":[{\"@type\":[\"WebPage\",\"ItemPage\"],\"@id\":\"https:\\\/\\\/la-cortigiana.it\\\/product\\\/sheer-mesh-mens-thong-with-personalized-embroidery\\\/\",\"url\":\"https:\\\/\\\/la-cortigiana.it\\\/product\\\/sheer-mesh-mens-thong-with-personalized-embroidery\\\/\",\"name\":\"Sheer Mesh Men\u2019s Thong with Personalized Embroidery | Symbol Jewelry & Erotic Accessories \u2013 Handmade in Italy\",\"isPartOf\":{\"@id\":\"https:\\\/\\\/la-cortigiana.it\\\/#website\"},\"primaryImageOfPage\":{\"@id\":\"https:\\\/\\\/la-cortigiana.it\\\/product\\\/sheer-mesh-mens-thong-with-personalized-embroidery\\\/#primaryimage\"},\"image\":{\"@id\":\"https:\\\/\\\/la-cortigiana.it\\\/product\\\/sheer-mesh-mens-thong-with-personalized-embroidery\\\/#primaryimage\"},\"thumbnailUrl\":\"https:\\\/\\\/la-cortigiana.it\\\/wp-content\\\/uploads\\\/2025\\\/12\\\/menspanty.jpg\",\"datePublished\":\"2025-12-28T18:49:32+00:00\",\"dateModified\":\"2025-12-28T18:49:33+00:00\",\"description\":\"Indulge in Sheer Mesh Men\u2019s Thong with Personalized Embroidery \u2013 handcrafted in Italy. Discreet symbol jewelry, erotic leather accessories and intimate pieces for hotwife, cuckold and lifestyle dynamics. Worldwide shipping.\",\"breadcrumb\":{\"@id\":\"https:\\\/\\\/la-cortigiana.it\\\/product\\\/sheer-mesh-mens-thong-with-personalized-embroidery\\\/#breadcrumb\"},\"inLanguage\":\"de\",\"potentialAction\":[{\"@type\":\"ReadAction\",\"target\":[\"https:\\\/\\\/la-cortigiana.it\\\/product\\\/sheer-mesh-mens-thong-with-personalized-embroidery\\\/\"]}]},{\"@type\":\"ImageObject\",\"inLanguage\":\"de\",\"@id\":\"https:\\\/\\\/la-cortigiana.it\\\/product\\\/sheer-mesh-mens-thong-with-personalized-embroidery\\\/#primaryimage\",\"url\":\"https:\\\/\\\/la-cortigiana.it\\\/wp-content\\\/uploads\\\/2025\\\/12\\\/menspanty.jpg\",\"contentUrl\":\"https:\\\/\\\/la-cortigiana.it\\\/wp-content\\\/uploads\\\/2025\\\/12\\\/menspanty.jpg\",\"width\":1536,\"height\":1024,\"caption\":\"Sheer Mesh Men\u2019s Thong with Personalized Embroidery\"},{\"@type\":\"BreadcrumbList\",\"@id\":\"https:\\\/\\\/la-cortigiana.it\\\/product\\\/sheer-mesh-mens-thong-with-personalized-embroidery\\\/#breadcrumb\",\"itemListElement\":[{\"@type\":\"ListItem\",\"position\":1,\"name\":\"Home\",\"item\":\"https:\\\/\\\/la-cortigiana.it\\\/\"},{\"@type\":\"ListItem\",\"position\":2,\"name\":\"Shop\",\"item\":\"https:\\\/\\\/la-cortigiana.it\\\/shop\\\/\"},{\"@type\":\"ListItem\",\"position\":3,\"name\":\"Sheer Mesh Men\u2019s Thong with Personalized Embroidery\"}]},{\"@type\":\"WebSite\",\"@id\":\"https:\\\/\\\/la-cortigiana.it\\\/#website\",\"url\":\"https:\\\/\\\/la-cortigiana.it\\\/\",\"name\":\"La Cortigiana | Discreet Symbol Jewelry & Erotic Leather, Handmade in Italy\",\"description\":\"Quiet Marks of Chosen Desire\",\"publisher\":{\"@id\":\"https:\\\/\\\/la-cortigiana.it\\\/#organization\"},\"potentialAction\":[{\"@type\":\"SearchAction\",\"target\":{\"@type\":\"EntryPoint\",\"urlTemplate\":\"https:\\\/\\\/la-cortigiana.it\\\/?s={search_term_string}\"},\"query-input\":{\"@type\":\"PropertyValueSpecification\",\"valueRequired\":true,\"valueName\":\"search_term_string\"}}],\"inLanguage\":\"de\"},{\"@type\":\"Organization\",\"@id\":\"https:\\\/\\\/la-cortigiana.it\\\/#organization\",\"name\":\"La Cortigiana\",\"url\":\"https:\\\/\\\/la-cortigiana.it\\\/\",\"logo\":{\"@type\":\"ImageObject\",\"inLanguage\":\"de\",\"@id\":\"https:\\\/\\\/la-cortigiana.it\\\/#\\\/schema\\\/logo\\\/image\\\/\",\"url\":\"https:\\\/\\\/la-cortigiana.it\\\/wp-content\\\/uploads\\\/2025\\\/01\\\/La-Cortigiana.png\",\"contentUrl\":\"https:\\\/\\\/la-cortigiana.it\\\/wp-content\\\/uploads\\\/2025\\\/01\\\/La-Cortigiana.png\",\"width\":1646,\"height\":575,\"caption\":\"La Cortigiana\"},\"image\":{\"@id\":\"https:\\\/\\\/la-cortigiana.it\\\/#\\\/schema\\\/logo\\\/image\\\/\"},\"sameAs\":[\"https:\\\/\\\/www.facebook.com\\\/LaCortigiana\\\/\",\"https:\\\/\\\/x.com\\\/la_cortigianait\",\"https:\\\/\\\/www.instagram.com\\\/la_cortigiana.it\",\"https:\\\/\\\/substack.com\\\/@lacortigiana\"]}]}<\/script>\n<!-- \/ Yoast SEO Premium plugin. -->","yoast_head_json":{"title":"Sheer Mesh Men\u2019s Thong with Personalized Embroidery | Symbol Jewelry & Erotic Accessories \u2013 Handmade in Italy","description":"Indulge in Sheer Mesh Men\u2019s Thong with Personalized Embroidery \u2013 handcrafted in Italy. Discreet symbol jewelry, erotic leather accessories and intimate pieces for hotwife, cuckold and lifestyle dynamics. Worldwide shipping.","robots":{"index":"index","follow":"follow","max-snippet":"max-snippet:-1","max-image-preview":"max-image-preview:large","max-video-preview":"max-video-preview:-1"},"canonical":"https:\/\/la-cortigiana.it\/de\/produkt\/sheer-mesh-mens-thong-with-personalized-embroidery\/","og_locale":"de_DE","og_type":"article","og_title":"Sheer Mesh Men\u2019s Thong with Personalized Embroidery | La Cortigiana \u2013 Handcrafted in Italy","og_description":"Luxury handcrafted lingerie & accessories from Italy. Sheer, sensual, made for bold desires. Discreet worldwide delivery.","og_url":"https:\/\/la-cortigiana.it\/de\/produkt\/sheer-mesh-mens-thong-with-personalized-embroidery\/","og_site_name":"La Cortigiana | Handcrafted Leather Accessories for Bold Desires","article_publisher":"https:\/\/www.facebook.com\/LaCortigiana\/","article_modified_time":"2025-12-28T18:49:33+00:00","og_image":[{"width":1536,"height":1024,"url":"https:\/\/la-cortigiana.it\/wp-content\/uploads\/2025\/12\/menspanty.jpg","type":"image\/jpeg"}],"twitter_card":"summary_large_image","twitter_site":"@la_cortigianait","twitter_misc":{"Gesch\u00e4tzte Lesezeit":"3\u00a0Minuten"},"schema":{"@context":"https:\/\/schema.org","@graph":[{"@type":["WebPage","ItemPage"],"@id":"https:\/\/la-cortigiana.it\/product\/sheer-mesh-mens-thong-with-personalized-embroidery\/","url":"https:\/\/la-cortigiana.it\/product\/sheer-mesh-mens-thong-with-personalized-embroidery\/","name":"Sheer Mesh Men\u2019s Thong with Personalized Embroidery | Symbol Jewelry & Erotic Accessories \u2013 Handmade in Italy","isPartOf":{"@id":"https:\/\/la-cortigiana.it\/#website"},"primaryImageOfPage":{"@id":"https:\/\/la-cortigiana.it\/product\/sheer-mesh-mens-thong-with-personalized-embroidery\/#primaryimage"},"image":{"@id":"https:\/\/la-cortigiana.it\/product\/sheer-mesh-mens-thong-with-personalized-embroidery\/#primaryimage"},"thumbnailUrl":"https:\/\/la-cortigiana.it\/wp-content\/uploads\/2025\/12\/menspanty.jpg","datePublished":"2025-12-28T18:49:32+00:00","dateModified":"2025-12-28T18:49:33+00:00","description":"Indulge in Sheer Mesh Men\u2019s Thong with Personalized Embroidery \u2013 handcrafted in Italy. Discreet symbol jewelry, erotic leather accessories and intimate pieces for hotwife, cuckold and lifestyle dynamics. Worldwide shipping.","breadcrumb":{"@id":"https:\/\/la-cortigiana.it\/product\/sheer-mesh-mens-thong-with-personalized-embroidery\/#breadcrumb"},"inLanguage":"de","potentialAction":[{"@type":"ReadAction","target":["https:\/\/la-cortigiana.it\/product\/sheer-mesh-mens-thong-with-personalized-embroidery\/"]}]},{"@type":"ImageObject","inLanguage":"de","@id":"https:\/\/la-cortigiana.it\/product\/sheer-mesh-mens-thong-with-personalized-embroidery\/#primaryimage","url":"https:\/\/la-cortigiana.it\/wp-content\/uploads\/2025\/12\/menspanty.jpg","contentUrl":"https:\/\/la-cortigiana.it\/wp-content\/uploads\/2025\/12\/menspanty.jpg","width":1536,"height":1024,"caption":"Sheer Mesh Men\u2019s Thong with Personalized Embroidery"},{"@type":"BreadcrumbList","@id":"https:\/\/la-cortigiana.it\/product\/sheer-mesh-mens-thong-with-personalized-embroidery\/#breadcrumb","itemListElement":[{"@type":"ListItem","position":1,"name":"Home","item":"https:\/\/la-cortigiana.it\/"},{"@type":"ListItem","position":2,"name":"Shop","item":"https:\/\/la-cortigiana.it\/shop\/"},{"@type":"ListItem","position":3,"name":"Sheer Mesh Men\u2019s Thong with Personalized Embroidery"}]},{"@type":"WebSite","@id":"https:\/\/la-cortigiana.it\/#website","url":"https:\/\/la-cortigiana.it\/","name":"La Cortigiana | Diskret-symbolischer Schmuck &amp; erotisches Leder, handgefertigt in Italien","description":"Stille Zeichen erw\u00e4hlten Verlangens","publisher":{"@id":"https:\/\/la-cortigiana.it\/#organization"},"potentialAction":[{"@type":"SearchAction","target":{"@type":"EntryPoint","urlTemplate":"https:\/\/la-cortigiana.it\/?s={search_term_string}"},"query-input":{"@type":"PropertyValueSpecification","valueRequired":true,"valueName":"search_term_string"}}],"inLanguage":"de"},{"@type":"Organization","@id":"https:\/\/la-cortigiana.it\/#organization","name":"La Cortigiana","url":"https:\/\/la-cortigiana.it\/","logo":{"@type":"ImageObject","inLanguage":"de","@id":"https:\/\/la-cortigiana.it\/#\/schema\/logo\/image\/","url":"https:\/\/la-cortigiana.it\/wp-content\/uploads\/2025\/01\/La-Cortigiana.png","contentUrl":"https:\/\/la-cortigiana.it\/wp-content\/uploads\/2025\/01\/La-Cortigiana.png","width":1646,"height":575,"caption":"La Cortigiana"},"image":{"@id":"https:\/\/la-cortigiana.it\/#\/schema\/logo\/image\/"},"sameAs":["https:\/\/www.facebook.com\/LaCortigiana\/","https:\/\/x.com\/la_cortigianait","https:\/\/www.instagram.com\/la_cortigiana.it","https:\/\/substack.com\/@lacortigiana"]}]}},"_links":{"self":[{"href":"https:\/\/la-cortigiana.it\/de\/wp-json\/wp\/v2\/product\/2178","targetHints":{"allow":["GET"]}}],"collection":[{"href":"https:\/\/la-cortigiana.it\/de\/wp-json\/wp\/v2\/product"}],"about":[{"href":"https:\/\/la-cortigiana.it\/de\/wp-json\/wp\/v2\/types\/product"}],"replies":[{"embeddable":true,"href":"https:\/\/la-cortigiana.it\/de\/wp-json\/wp\/v2\/comments?post=2178"}],"wp:featuredmedia":[{"embeddable":true,"href":"https:\/\/la-cortigiana.it\/de\/wp-json\/wp\/v2\/media\/2181"}],"wp:attachment":[{"href":"https:\/\/la-cortigiana.it\/de\/wp-json\/wp\/v2\/media?parent=2178"}],"wp:term":[{"taxonomy":"product_brand","embeddable":true,"href":"https:\/\/la-cortigiana.it\/de\/wp-json\/wp\/v2\/product_brand?post=2178"},{"taxonomy":"product_cat","embeddable":true,"href":"https:\/\/la-cortigiana.it\/de\/wp-json\/wp\/v2\/product_cat?post=2178"},{"taxonomy":"product_tag","embeddable":true,"href":"https:\/\/la-cortigiana.it\/de\/wp-json\/wp\/v2\/product_tag?post=2178"}],"curies":[{"name":"wp","href":"https:\/\/api.w.org\/{rel}","templated":true}]}}