{"id":2237,"date":"2026-01-12T17:11:26","date_gmt":"2026-01-12T16:11:26","guid":{"rendered":"https:\/\/la-cortigiana.it\/?post_type=product&#038;p=2237"},"modified":"2026-01-13T18:22:21","modified_gmt":"2026-01-13T17:22:21","slug":"custom-embroidered-panties","status":"publish","type":"product","link":"https:\/\/la-cortigiana.it\/de\/produkt\/custom-embroidered-panties\/","title":{"rendered":"Vollst\u00e4ndig individuell bestickte H\u00f6schen"},"content":{"rendered":"<p data-start=\"405\" data-end=\"588\">Diese H\u00f6schen werden von uns in Italien von Hand gefertigt, St\u00fcck f\u00fcr St\u00fcck.<br data-start=\"474\" data-end=\"477\" \/>Nichts wird vorproduziert, ausgelagert oder in Massenproduktion hergestellt. Jede Bestellung wird individuell nach Ihren W\u00fcnschen angefertigt.<\/p>\n<h3 data-start=\"590\" data-end=\"605\">Sie entscheiden:<\/h3>\n<ul data-start=\"607\" data-end=\"777\">\n<li data-start=\"607\" data-end=\"634\">\n<p data-start=\"609\" data-end=\"634\">Die <strong data-start=\"613\" data-end=\"632\">Art von H\u00f6schen<\/strong><\/p>\n<\/li>\n<li data-start=\"635\" data-end=\"665\">\n<p data-start=\"637\" data-end=\"665\">Die <strong data-start=\"641\" data-end=\"663\">Material und Farbe<\/strong><\/p>\n<\/li>\n<li data-start=\"666\" data-end=\"777\">\n<p data-start=\"668\" data-end=\"777\">Die <strong data-start=\"672\" data-end=\"686\">Stickerei<\/strong>: ein Wort, ein Name, eine Rolle, ein Versprechen oder ein privates Signal, das nur f\u00fcr Sie oder Ihren Partner bestimmt ist<\/p>\n<\/li>\n<\/ul>\n<h3 data-start=\"779\" data-end=\"811\">Verf\u00fcgbare Ausf\u00fchrungen und Materialien<\/h3>\n<p data-start=\"813\" data-end=\"918\">Jeder Stil wird bewusst aus einem anderen Material gefertigt, das aufgrund seiner spezifischen Haptik und Optik ausgew\u00e4hlt wurde:<\/p>\n<ul data-start=\"920\" data-end=\"1690\">\n<li data-start=\"920\" data-end=\"1157\">\n<p data-start=\"922\" data-end=\"1157\"><strong data-start=\"922\" data-end=\"938\">Seidenh\u00f6schen<\/strong><br data-start=\"938\" data-end=\"941\" \/>Gefertigt aus schwarzer Naturseide.<br data-start=\"975\" data-end=\"978\" \/>Diese Seide ist glatt und flie\u00dfend, aber <strong data-start=\"1015\" data-end=\"1040\">nicht vollst\u00e4ndig transparent<\/strong>.<br data-start=\"1041\" data-end=\"1044\" \/>Der Schnitt ist so gestaltet, dass er Form und Bewegung betont, nicht aber die Entbl\u00f6\u00dfung.<br data-start=\"1119\" data-end=\"1122\" \/>Elegant, zur\u00fcckhaltend und haptisch ansprechend.<\/p>\n<\/li>\n<li data-start=\"1159\" data-end=\"1428\">\n<p data-start=\"1161\" data-end=\"1428\"><strong data-start=\"1161\" data-end=\"1181\">H\u00f6schen mit seitlichem Bindeband<\/strong><br data-start=\"1181\" data-end=\"1184\" \/>Hergestellt aus einem <strong data-start=\"1198\" data-end=\"1219\">halbtransparenter Stoff<\/strong> das Licht durchl\u00e4sst, ohne es vollst\u00e4ndig preiszugeben.<br data-start=\"1284\" data-end=\"1287\" \/>Die verstellbaren Seitenb\u00e4nder f\u00f6rdern Spiel, Kontrolle und Interaktion.<br data-start=\"1355\" data-end=\"1358\" \/>Enth\u00fcllender als Seide, aber dennoch eher andeutungsweise als explizit.<\/p>\n<\/li>\n<li data-start=\"1430\" data-end=\"1690\">\n<p data-start=\"1432\" data-end=\"1690\"><strong data-start=\"1432\" data-end=\"1458\">Unsichtbares Netzh\u00f6schen<\/strong><br data-start=\"1458\" data-end=\"1461\" \/>Hergestellt aus <strong data-start=\"1473\" data-end=\"1509\">vollst\u00e4ndig transparentes, unsichtbares Netz<\/strong>.<br data-start=\"1510\" data-end=\"1513\" \/>Extrem leicht, auf der Haut fast unmerklich.<br data-start=\"1565\" data-end=\"1568\" \/>Das Design verzichtet auf einen Zwickel und erzeugt so eine ununterbrochene, provokante Linie.<br data-start=\"1641\" data-end=\"1644\" \/>Dies ist die minimalistischste und exponierteste Option.<\/p>\n<\/li>\n<\/ul>\n<p data-start=\"1692\" data-end=\"1786\">Jedes Material verh\u00e4lt sich am K\u00f6rper unterschiedlich.<br data-start=\"1738\" data-end=\"1741\" \/>Jede Wahlm\u00f6glichkeit vermittelt etwas anderes.<\/p>\n<h3 data-start=\"1788\" data-end=\"1802\">Stickerei<\/h3>\n<p data-start=\"1804\" data-end=\"2025\">Die Stickerei ist <strong data-start=\"1822\" data-end=\"1847\">gen\u00e4ht, nicht bedruckt<\/strong>, und sorgf\u00e4ltig platziert, um den nat\u00fcrlichen Fall des Stoffes und die Intimit\u00e4t des Kleidungsst\u00fccks zu bewahren.<br data-start=\"1944\" data-end=\"1947\" \/>Jeder Stich wird langsam ausgef\u00fchrt, mit besonderem Augenmerk auf Balance, Haptik und Haltbarkeit.<\/p>\n<p data-start=\"2027\" data-end=\"2090\">Dies ist keine dekorative Unterw\u00e4sche.<br data-start=\"2059\" data-end=\"2062\" \/>Es ist <strong data-start=\"2068\" data-end=\"2089\">symbolische Dessous<\/strong>.<\/p>\n<p data-start=\"2092\" data-end=\"2172\">Eine Botschaft, die man auf der Haut tr\u00e4gt.<br data-start=\"2124\" data-end=\"2127\" \/>Etwas, das man f\u00fchlen muss, bevor man es sieht.<\/p>\n<hr data-start=\"2174\" data-end=\"2177\" \/>\n<h2 data-start=\"2179\" data-end=\"2205\">Wie die Anpassung funktioniert<\/h2>\n<p data-start=\"2207\" data-end=\"2249\">Nach Ihrer Bestellung k\u00f6nnen Sie Folgendes angeben:<\/p>\n<ul data-start=\"2251\" data-end=\"2399\">\n<li data-start=\"2251\" data-end=\"2280\">\n<p data-start=\"2253\" data-end=\"2280\">der genaue Sticktext<\/p>\n<\/li>\n<li data-start=\"2281\" data-end=\"2343\">\n<p data-start=\"2283\" data-end=\"2343\">Bevorzugte Platzierung (vorne\/hinten, je nach Modell)<\/p>\n<\/li>\n<li data-start=\"2344\" data-end=\"2399\">\n<p data-start=\"2346\" data-end=\"2399\">Zus\u00e4tzliche Anmerkungen bez\u00fcglich Bedeutung oder Absicht<\/p>\n<\/li>\n<\/ul>\n<p data-start=\"2401\" data-end=\"2461\">Sollten Sie sich bei der Auswahl unsicher sein, beraten wir Sie gerne.<\/p>\n<hr data-start=\"2463\" data-end=\"2466\" \/>\n<h2 data-start=\"2468\" data-end=\"2496\">Materialien und Verarbeitung<\/h2>\n<ul data-start=\"2498\" data-end=\"2824\">\n<li data-start=\"2498\" data-end=\"2519\">\n<p data-start=\"2500\" data-end=\"2519\">Handgefertigt in Italien<\/p>\n<\/li>\n<li data-start=\"2520\" data-end=\"2537\">\n<p data-start=\"2522\" data-end=\"2537\">Auf Bestellung gefertigt<\/p>\n<\/li>\n<li data-start=\"2538\" data-end=\"2564\">\n<p data-start=\"2540\" data-end=\"2564\">Kleinserienfertigung<\/p>\n<\/li>\n<li data-start=\"2565\" data-end=\"2618\">\n<p data-start=\"2567\" data-end=\"2618\">Naturseide und sorgf\u00e4ltig ausgew\u00e4hlte, transparente Stoffe<\/p>\n<\/li>\n<li data-start=\"2619\" data-end=\"2666\">\n<p data-start=\"2621\" data-end=\"2666\">Unsichtbares Netz f\u00fcr vollst\u00e4ndig transparente Teile<\/p>\n<\/li>\n<li data-start=\"2667\" data-end=\"2722\">\n<p data-start=\"2669\" data-end=\"2722\">Weiche, elastische B\u00fcndchen wurden f\u00fcr Komfort und Langlebigkeit ausgew\u00e4hlt.<\/p>\n<\/li>\n<li data-start=\"2723\" data-end=\"2771\">\n<p data-start=\"2725\" data-end=\"2771\">Stickerei direkt in den Stoff gestickt<\/p>\n<\/li>\n<li data-start=\"2772\" data-end=\"2824\">\n<p data-start=\"2774\" data-end=\"2824\">Handgefertigt, nicht von maschinellen Produktionslinien<\/p>\n<\/li>\n<\/ul>\n<p data-start=\"2826\" data-end=\"2877\">Jedes Teil wird einzeln zugeschnitten, gen\u00e4ht und fertiggestellt.<\/p>\n<hr data-start=\"2879\" data-end=\"2882\" \/>\n<h2 data-start=\"2884\" data-end=\"2902\">Wichtige Hinweise<\/h2>\n<ul data-start=\"2904\" data-end=\"3137\">\n<li data-start=\"2904\" data-end=\"2934\">\n<p data-start=\"2906\" data-end=\"2934\">Dieser Artikel wird auf Bestellung gefertigt.<\/p>\n<\/li>\n<li data-start=\"2935\" data-end=\"2990\">\n<p data-start=\"2937\" data-end=\"2990\">Die Produktionszeit kann je nach Anpassung variieren.<\/p>\n<\/li>\n<li data-start=\"2991\" data-end=\"3028\">\n<p data-start=\"2993\" data-end=\"3028\">Es wird stets eine diskrete Verpackung verwendet.<\/p>\n<\/li>\n<li data-start=\"3029\" data-end=\"3137\">\n<p data-start=\"3031\" data-end=\"3137\">Da es sich um ein personalisiertes Produkt handelt, ist eine R\u00fcckgabe nur bei M\u00e4ngeln m\u00f6glich.<\/p>\n<\/li>\n<\/ul>\n<hr data-start=\"3139\" data-end=\"3142\" \/>\n<h2 data-start=\"3144\" data-end=\"3174\">F\u00fcr wen dieses St\u00fcck angefertigt wurde<\/h2>\n<p data-start=\"3176\" data-end=\"3222\">F\u00fcr diejenigen, die verstehen, dass Dessous Folgendes sein k\u00f6nnen:<\/p>\n<ul data-start=\"3224\" data-end=\"3314\">\n<li data-start=\"3224\" data-end=\"3236\">\n<p data-start=\"3226\" data-end=\"3236\">ein Signal<\/p>\n<\/li>\n<li data-start=\"3237\" data-end=\"3251\">\n<p data-start=\"3239\" data-end=\"3251\">eine Grenze<\/p>\n<\/li>\n<li data-start=\"3252\" data-end=\"3269\">\n<p data-start=\"3254\" data-end=\"3269\">eine Einladung<\/p>\n<\/li>\n<li data-start=\"3270\" data-end=\"3314\">\n<p data-start=\"3272\" data-end=\"3314\">oder eine Privatsprache zwischen zwei Personen<\/p>\n<\/li>\n<\/ul>\n<p data-start=\"3316\" data-end=\"3382\">Dieses St\u00fcck bedarf keiner Erkl\u00e4rung.<br data-start=\"3356\" data-end=\"3359\" \/>Es ist zum Tragen gedacht.<\/p>","protected":false},"excerpt":{"rendered":"<p data-start=\"219\" data-end=\"331\">Komplett individuell gefertigte, handgefertigte H\u00f6schen, gen\u00e4ht und bestickt auf Bestellung in Italien.<br data-start=\"634\" data-end=\"637\" \/>W\u00e4hlen Sie den Stoff, den Schnitt und die Stickerei.<br data-start=\"684\" data-end=\"687\" \/>Ein pers\u00f6nliches Werk, geschaffen f\u00fcr Intimit\u00e4t, Symbolik und private Intention.<\/p>","protected":false},"featured_media":2238,"comment_status":"open","ping_status":"closed","template":"","meta":{"nf_dc_page":"","googlesitekit_rrm_CAowrc_CDA:productID":""},"product_brand":[],"product_cat":[62],"product_tag":[35,229,73],"class_list":{"0":"post-2237","1":"product","2":"type-product","3":"status-publish","4":"has-post-thumbnail","6":"product_cat-corsets-lingerie","7":"product_tag-hotwife","8":"product_tag-lingerie","9":"product_tag-panties","11":"first","12":"instock","13":"shipping-taxable","14":"purchasable","15":"product-type-simple"},"yoast_head":"<!-- This site is optimized with the Yoast SEO Premium plugin v25.6 (Yoast SEO v27.4) - https:\/\/yoast.com\/product\/yoast-seo-premium-wordpress\/ -->\n<title>Fully Custom Embroidered Panties | Symbol Jewelry &amp; Erotic Accessories \u2013 Handmade in Italy<\/title>\n<meta name=\"description\" content=\"Indulge in Fully Custom Embroidered Panties \u2013 handcrafted in Italy. Discreet symbol jewelry, erotic leather accessories and intimate pieces for hotwife, cuckold and lifestyle dynamics. Worldwide shipping.\" \/>\n<meta name=\"robots\" content=\"index, follow, max-snippet:-1, max-image-preview:large, max-video-preview:-1\" \/>\n<link rel=\"canonical\" href=\"https:\/\/la-cortigiana.it\/de\/produkt\/custom-embroidered-panties\/\" \/>\n<meta property=\"og:locale\" content=\"de_DE\" \/>\n<meta property=\"og:type\" content=\"article\" \/>\n<meta property=\"og:title\" content=\"Fully Custom Embroidered Panties | La Cortigiana \u2013 Handcrafted in Italy\" \/>\n<meta property=\"og:description\" content=\"Luxury handcrafted lingerie &amp; accessories from Italy. Sheer, sensual, made for bold desires. Discreet worldwide delivery.\" \/>\n<meta property=\"og:url\" content=\"https:\/\/la-cortigiana.it\/de\/produkt\/custom-embroidered-panties\/\" \/>\n<meta property=\"og:site_name\" content=\"La Cortigiana | Handcrafted Leather Accessories for Bold Desires\" \/>\n<meta property=\"article:publisher\" content=\"https:\/\/www.facebook.com\/LaCortigiana\/\" \/>\n<meta property=\"article:modified_time\" content=\"2026-01-13T17:22:21+00:00\" \/>\n<meta property=\"og:image\" content=\"https:\/\/la-cortigiana.it\/wp-content\/uploads\/2026\/01\/panties-deeply-7587.jpg\" \/>\n\t<meta property=\"og:image:width\" content=\"1333\" \/>\n\t<meta property=\"og:image:height\" content=\"2000\" \/>\n\t<meta property=\"og:image:type\" content=\"image\/jpeg\" \/>\n<meta name=\"twitter:card\" content=\"summary_large_image\" \/>\n<meta name=\"twitter:site\" content=\"@la_cortigianait\" \/>\n<meta name=\"twitter:label1\" content=\"Gesch\u00e4tzte Lesezeit\" \/>\n\t<meta name=\"twitter:data1\" content=\"3\u00a0Minuten\" \/>\n<script type=\"application\/ld+json\" class=\"yoast-schema-graph\">{\"@context\":\"https:\\\/\\\/schema.org\",\"@graph\":[{\"@type\":[\"WebPage\",\"ItemPage\"],\"@id\":\"https:\\\/\\\/la-cortigiana.it\\\/product\\\/custom-embroidered-panties\\\/\",\"url\":\"https:\\\/\\\/la-cortigiana.it\\\/product\\\/custom-embroidered-panties\\\/\",\"name\":\"Fully Custom Embroidered Panties | Symbol Jewelry & Erotic Accessories \u2013 Handmade in Italy\",\"isPartOf\":{\"@id\":\"https:\\\/\\\/la-cortigiana.it\\\/#website\"},\"primaryImageOfPage\":{\"@id\":\"https:\\\/\\\/la-cortigiana.it\\\/product\\\/custom-embroidered-panties\\\/#primaryimage\"},\"image\":{\"@id\":\"https:\\\/\\\/la-cortigiana.it\\\/product\\\/custom-embroidered-panties\\\/#primaryimage\"},\"thumbnailUrl\":\"https:\\\/\\\/la-cortigiana.it\\\/wp-content\\\/uploads\\\/2026\\\/01\\\/panties-deeply-7587.jpg\",\"datePublished\":\"2026-01-12T16:11:26+00:00\",\"dateModified\":\"2026-01-13T17:22:21+00:00\",\"description\":\"Indulge in Fully Custom Embroidered Panties \u2013 handcrafted in Italy. Discreet symbol jewelry, erotic leather accessories and intimate pieces for hotwife, cuckold and lifestyle dynamics. Worldwide shipping.\",\"breadcrumb\":{\"@id\":\"https:\\\/\\\/la-cortigiana.it\\\/product\\\/custom-embroidered-panties\\\/#breadcrumb\"},\"inLanguage\":\"de\",\"potentialAction\":[{\"@type\":\"ReadAction\",\"target\":[\"https:\\\/\\\/la-cortigiana.it\\\/product\\\/custom-embroidered-panties\\\/\"]}]},{\"@type\":\"ImageObject\",\"inLanguage\":\"de\",\"@id\":\"https:\\\/\\\/la-cortigiana.it\\\/product\\\/custom-embroidered-panties\\\/#primaryimage\",\"url\":\"https:\\\/\\\/la-cortigiana.it\\\/wp-content\\\/uploads\\\/2026\\\/01\\\/panties-deeply-7587.jpg\",\"contentUrl\":\"https:\\\/\\\/la-cortigiana.it\\\/wp-content\\\/uploads\\\/2026\\\/01\\\/panties-deeply-7587.jpg\",\"width\":1333,\"height\":2000,\"caption\":\"custom panties\"},{\"@type\":\"BreadcrumbList\",\"@id\":\"https:\\\/\\\/la-cortigiana.it\\\/product\\\/custom-embroidered-panties\\\/#breadcrumb\",\"itemListElement\":[{\"@type\":\"ListItem\",\"position\":1,\"name\":\"Home\",\"item\":\"https:\\\/\\\/la-cortigiana.it\\\/\"},{\"@type\":\"ListItem\",\"position\":2,\"name\":\"Shop\",\"item\":\"https:\\\/\\\/la-cortigiana.it\\\/shop\\\/\"},{\"@type\":\"ListItem\",\"position\":3,\"name\":\"Fully Custom Embroidered Panties\"}]},{\"@type\":\"WebSite\",\"@id\":\"https:\\\/\\\/la-cortigiana.it\\\/#website\",\"url\":\"https:\\\/\\\/la-cortigiana.it\\\/\",\"name\":\"La Cortigiana | Discreet Symbol Jewelry & Erotic Leather, Handmade in Italy\",\"description\":\"Quiet Marks of Chosen Desire\",\"publisher\":{\"@id\":\"https:\\\/\\\/la-cortigiana.it\\\/#organization\"},\"potentialAction\":[{\"@type\":\"SearchAction\",\"target\":{\"@type\":\"EntryPoint\",\"urlTemplate\":\"https:\\\/\\\/la-cortigiana.it\\\/?s={search_term_string}\"},\"query-input\":{\"@type\":\"PropertyValueSpecification\",\"valueRequired\":true,\"valueName\":\"search_term_string\"}}],\"inLanguage\":\"de\"},{\"@type\":\"Organization\",\"@id\":\"https:\\\/\\\/la-cortigiana.it\\\/#organization\",\"name\":\"La Cortigiana\",\"url\":\"https:\\\/\\\/la-cortigiana.it\\\/\",\"logo\":{\"@type\":\"ImageObject\",\"inLanguage\":\"de\",\"@id\":\"https:\\\/\\\/la-cortigiana.it\\\/#\\\/schema\\\/logo\\\/image\\\/\",\"url\":\"https:\\\/\\\/la-cortigiana.it\\\/wp-content\\\/uploads\\\/2025\\\/01\\\/La-Cortigiana.png\",\"contentUrl\":\"https:\\\/\\\/la-cortigiana.it\\\/wp-content\\\/uploads\\\/2025\\\/01\\\/La-Cortigiana.png\",\"width\":1646,\"height\":575,\"caption\":\"La Cortigiana\"},\"image\":{\"@id\":\"https:\\\/\\\/la-cortigiana.it\\\/#\\\/schema\\\/logo\\\/image\\\/\"},\"sameAs\":[\"https:\\\/\\\/www.facebook.com\\\/LaCortigiana\\\/\",\"https:\\\/\\\/x.com\\\/la_cortigianait\",\"https:\\\/\\\/www.instagram.com\\\/la_cortigiana.it\",\"https:\\\/\\\/substack.com\\\/@lacortigiana\"]}]}<\/script>\n<!-- \/ Yoast SEO Premium plugin. -->","yoast_head_json":{"title":"Fully Custom Embroidered Panties | Symbol Jewelry & Erotic Accessories \u2013 Handmade in Italy","description":"Indulge in Fully Custom Embroidered Panties \u2013 handcrafted in Italy. Discreet symbol jewelry, erotic leather accessories and intimate pieces for hotwife, cuckold and lifestyle dynamics. Worldwide shipping.","robots":{"index":"index","follow":"follow","max-snippet":"max-snippet:-1","max-image-preview":"max-image-preview:large","max-video-preview":"max-video-preview:-1"},"canonical":"https:\/\/la-cortigiana.it\/de\/produkt\/custom-embroidered-panties\/","og_locale":"de_DE","og_type":"article","og_title":"Fully Custom Embroidered Panties | La Cortigiana \u2013 Handcrafted in Italy","og_description":"Luxury handcrafted lingerie & accessories from Italy. Sheer, sensual, made for bold desires. Discreet worldwide delivery.","og_url":"https:\/\/la-cortigiana.it\/de\/produkt\/custom-embroidered-panties\/","og_site_name":"La Cortigiana | Handcrafted Leather Accessories for Bold Desires","article_publisher":"https:\/\/www.facebook.com\/LaCortigiana\/","article_modified_time":"2026-01-13T17:22:21+00:00","og_image":[{"width":1333,"height":2000,"url":"https:\/\/la-cortigiana.it\/wp-content\/uploads\/2026\/01\/panties-deeply-7587.jpg","type":"image\/jpeg"}],"twitter_card":"summary_large_image","twitter_site":"@la_cortigianait","twitter_misc":{"Gesch\u00e4tzte Lesezeit":"3\u00a0Minuten"},"schema":{"@context":"https:\/\/schema.org","@graph":[{"@type":["WebPage","ItemPage"],"@id":"https:\/\/la-cortigiana.it\/product\/custom-embroidered-panties\/","url":"https:\/\/la-cortigiana.it\/product\/custom-embroidered-panties\/","name":"Fully Custom Embroidered Panties | Symbol Jewelry & Erotic Accessories \u2013 Handmade in Italy","isPartOf":{"@id":"https:\/\/la-cortigiana.it\/#website"},"primaryImageOfPage":{"@id":"https:\/\/la-cortigiana.it\/product\/custom-embroidered-panties\/#primaryimage"},"image":{"@id":"https:\/\/la-cortigiana.it\/product\/custom-embroidered-panties\/#primaryimage"},"thumbnailUrl":"https:\/\/la-cortigiana.it\/wp-content\/uploads\/2026\/01\/panties-deeply-7587.jpg","datePublished":"2026-01-12T16:11:26+00:00","dateModified":"2026-01-13T17:22:21+00:00","description":"Indulge in Fully Custom Embroidered Panties \u2013 handcrafted in Italy. Discreet symbol jewelry, erotic leather accessories and intimate pieces for hotwife, cuckold and lifestyle dynamics. Worldwide shipping.","breadcrumb":{"@id":"https:\/\/la-cortigiana.it\/product\/custom-embroidered-panties\/#breadcrumb"},"inLanguage":"de","potentialAction":[{"@type":"ReadAction","target":["https:\/\/la-cortigiana.it\/product\/custom-embroidered-panties\/"]}]},{"@type":"ImageObject","inLanguage":"de","@id":"https:\/\/la-cortigiana.it\/product\/custom-embroidered-panties\/#primaryimage","url":"https:\/\/la-cortigiana.it\/wp-content\/uploads\/2026\/01\/panties-deeply-7587.jpg","contentUrl":"https:\/\/la-cortigiana.it\/wp-content\/uploads\/2026\/01\/panties-deeply-7587.jpg","width":1333,"height":2000,"caption":"custom panties"},{"@type":"BreadcrumbList","@id":"https:\/\/la-cortigiana.it\/product\/custom-embroidered-panties\/#breadcrumb","itemListElement":[{"@type":"ListItem","position":1,"name":"Home","item":"https:\/\/la-cortigiana.it\/"},{"@type":"ListItem","position":2,"name":"Shop","item":"https:\/\/la-cortigiana.it\/shop\/"},{"@type":"ListItem","position":3,"name":"Fully Custom Embroidered Panties"}]},{"@type":"WebSite","@id":"https:\/\/la-cortigiana.it\/#website","url":"https:\/\/la-cortigiana.it\/","name":"La Cortigiana | Diskret-symbolischer Schmuck &amp; erotisches Leder, handgefertigt in Italien","description":"Stille Zeichen erw\u00e4hlten Verlangens","publisher":{"@id":"https:\/\/la-cortigiana.it\/#organization"},"potentialAction":[{"@type":"SearchAction","target":{"@type":"EntryPoint","urlTemplate":"https:\/\/la-cortigiana.it\/?s={search_term_string}"},"query-input":{"@type":"PropertyValueSpecification","valueRequired":true,"valueName":"search_term_string"}}],"inLanguage":"de"},{"@type":"Organization","@id":"https:\/\/la-cortigiana.it\/#organization","name":"La Cortigiana","url":"https:\/\/la-cortigiana.it\/","logo":{"@type":"ImageObject","inLanguage":"de","@id":"https:\/\/la-cortigiana.it\/#\/schema\/logo\/image\/","url":"https:\/\/la-cortigiana.it\/wp-content\/uploads\/2025\/01\/La-Cortigiana.png","contentUrl":"https:\/\/la-cortigiana.it\/wp-content\/uploads\/2025\/01\/La-Cortigiana.png","width":1646,"height":575,"caption":"La Cortigiana"},"image":{"@id":"https:\/\/la-cortigiana.it\/#\/schema\/logo\/image\/"},"sameAs":["https:\/\/www.facebook.com\/LaCortigiana\/","https:\/\/x.com\/la_cortigianait","https:\/\/www.instagram.com\/la_cortigiana.it","https:\/\/substack.com\/@lacortigiana"]}]}},"_links":{"self":[{"href":"https:\/\/la-cortigiana.it\/de\/wp-json\/wp\/v2\/product\/2237","targetHints":{"allow":["GET"]}}],"collection":[{"href":"https:\/\/la-cortigiana.it\/de\/wp-json\/wp\/v2\/product"}],"about":[{"href":"https:\/\/la-cortigiana.it\/de\/wp-json\/wp\/v2\/types\/product"}],"replies":[{"embeddable":true,"href":"https:\/\/la-cortigiana.it\/de\/wp-json\/wp\/v2\/comments?post=2237"}],"wp:featuredmedia":[{"embeddable":true,"href":"https:\/\/la-cortigiana.it\/de\/wp-json\/wp\/v2\/media\/2238"}],"wp:attachment":[{"href":"https:\/\/la-cortigiana.it\/de\/wp-json\/wp\/v2\/media?parent=2237"}],"wp:term":[{"taxonomy":"product_brand","embeddable":true,"href":"https:\/\/la-cortigiana.it\/de\/wp-json\/wp\/v2\/product_brand?post=2237"},{"taxonomy":"product_cat","embeddable":true,"href":"https:\/\/la-cortigiana.it\/de\/wp-json\/wp\/v2\/product_cat?post=2237"},{"taxonomy":"product_tag","embeddable":true,"href":"https:\/\/la-cortigiana.it\/de\/wp-json\/wp\/v2\/product_tag?post=2237"}],"curies":[{"name":"wp","href":"https:\/\/api.w.org\/{rel}","templated":true}]}}