{"id":2289,"date":"2026-01-17T22:26:43","date_gmt":"2026-01-17T21:26:43","guid":{"rendered":"https:\/\/la-cortigiana.it\/?post_type=product&#038;p=2289"},"modified":"2026-02-02T21:24:56","modified_gmt":"2026-02-02T20:24:56","slug":"invisible-mesh-panties-qos","status":"publish","type":"product","link":"https:\/\/la-cortigiana.it\/de\/produkt\/invisible-mesh-panties-qos\/","title":{"rendered":"Transparente QOS-Slips aus Mesh \u2013 Stickerei \u201eQueen of Spades\u201c"},"content":{"rendered":"<table class=\"w-fit min-w-(--thread-content-width)\" data-start=\"69\" data-end=\"601\">\n<thead data-start=\"69\" data-end=\"132\">\n<tr data-start=\"69\" data-end=\"132\">\n<th data-start=\"69\" data-end=\"76\" data-col-size=\"sm\">Gr\u00f6\u00dfe<\/th>\n<th data-start=\"76\" data-end=\"89\" data-col-size=\"sm\">Taillenumfang (cm)<\/th>\n<th data-start=\"89\" data-end=\"104\" data-col-size=\"sm\">Taille (in)<\/th>\n<th data-start=\"104\" data-end=\"116\" data-col-size=\"sm\">H\u00fcftumfang (cm)<\/th>\n<th data-start=\"116\" data-end=\"132\" data-col-size=\"sm\">H\u00fcften (in)<\/th>\n<\/tr>\n<\/thead>\n<tbody data-start=\"200\" data-end=\"601\">\n<tr data-start=\"200\" data-end=\"266\">\n<td data-start=\"200\" data-end=\"207\" data-col-size=\"sm\">Gr\u00f6\u00dfe<\/td>\n<td data-start=\"207\" data-end=\"221\" data-col-size=\"sm\">62\u201366<\/td>\n<td data-col-size=\"sm\" data-start=\"221\" data-end=\"236\">24,5\u201326<\/td>\n<td data-col-size=\"sm\" data-start=\"236\" data-end=\"249\">86\u201390<\/td>\n<td data-col-size=\"sm\" data-start=\"249\" data-end=\"266\">33,5\u201335,5<\/td>\n<\/tr>\n<tr data-start=\"267\" data-end=\"333\">\n<td data-start=\"267\" data-end=\"274\" data-col-size=\"sm\">S<\/td>\n<td data-col-size=\"sm\" data-start=\"274\" data-end=\"288\">66\u201370<\/td>\n<td data-col-size=\"sm\" data-start=\"288\" data-end=\"303\">26\u201327,5<\/td>\n<td data-col-size=\"sm\" data-start=\"303\" data-end=\"316\">90\u201394<\/td>\n<td data-col-size=\"sm\" data-start=\"316\" data-end=\"333\">35,5\u201337<\/td>\n<\/tr>\n<tr data-start=\"334\" data-end=\"400\">\n<td data-start=\"334\" data-end=\"341\" data-col-size=\"sm\">M<\/td>\n<td data-col-size=\"sm\" data-start=\"341\" data-end=\"355\">70\u201374<\/td>\n<td data-col-size=\"sm\" data-start=\"355\" data-end=\"370\">27,5\u201329<\/td>\n<td data-col-size=\"sm\" data-start=\"370\" data-end=\"383\">94\u201398<\/td>\n<td data-col-size=\"sm\" data-start=\"383\" data-end=\"400\">37\u201338,5<\/td>\n<\/tr>\n<tr data-start=\"401\" data-end=\"467\">\n<td data-start=\"401\" data-end=\"408\" data-col-size=\"sm\">L<\/td>\n<td data-start=\"408\" data-end=\"422\" data-col-size=\"sm\">74\u201378<\/td>\n<td data-col-size=\"sm\" data-start=\"422\" data-end=\"437\">29\u201330,5<\/td>\n<td data-col-size=\"sm\" data-start=\"437\" data-end=\"450\">98\u2013102<\/td>\n<td data-col-size=\"sm\" data-start=\"450\" data-end=\"467\">38,5\u201340<\/td>\n<\/tr>\n<tr data-start=\"468\" data-end=\"534\">\n<td data-start=\"468\" data-end=\"475\" data-col-size=\"sm\">XL<\/td>\n<td data-col-size=\"sm\" data-start=\"475\" data-end=\"489\">78\u201382<\/td>\n<td data-col-size=\"sm\" data-start=\"489\" data-end=\"504\">30,5\u201332<\/td>\n<td data-col-size=\"sm\" data-start=\"504\" data-end=\"517\">102\u2013106<\/td>\n<td data-col-size=\"sm\" data-start=\"517\" data-end=\"534\">40\u201341,5<\/td>\n<\/tr>\n<tr data-start=\"535\" data-end=\"601\">\n<td data-start=\"535\" data-end=\"542\" data-col-size=\"sm\">XXL<\/td>\n<td data-col-size=\"sm\" data-start=\"542\" data-end=\"556\">82\u201386<\/td>\n<td data-col-size=\"sm\" data-start=\"556\" data-end=\"571\">32\u201333,5<\/td>\n<td data-col-size=\"sm\" data-start=\"571\" data-end=\"584\">106\u2013110<\/td>\n<td data-col-size=\"sm\" data-start=\"584\" data-end=\"601\">41,5\u201343,5<\/td>\n<\/tr>\n<\/tbody>\n<\/table>\n<p data-start=\"316\" data-end=\"512\">Diese transparenten H\u00f6schen sind aus <strong data-start=\"359\" data-end=\"377\">unsichtbares Netz<\/strong> \u2013 ein ultraleichter, kaum sp\u00fcrbarer Stoff, der auf dem K\u00f6rper optisch verschwindet und sich dabei weich, atmungsaktiv und sinnlich anf\u00fchlt.<\/p>\n<p data-start=\"514\" data-end=\"741\">Entworfen <strong data-start=\"523\" data-end=\"543\">ohne Zwickel<\/strong>, Sie schaffen eine ununterbrochene, provokante Linie. Die Abwesenheit ist beabsichtigt. Sie zeugt von Verletzlichkeit, Vertrauen und bewusster Entscheidung, nicht von Konformit\u00e4t. Jedes Detail hat seinen Sinn.<\/p>\n<p data-start=\"743\" data-end=\"1087\">Der <strong data-start=\"747\" data-end=\"774\">QOS \u2013 \u201cPikdame\u201d<\/strong> Das Symbol wird direkt auf das Netzgewebe gestickt. <strong data-start=\"823\" data-end=\"839\">schwarzer Faden<\/strong>, Es schmiegt sich mit stiller Pr\u00e4zision an die Haut. Minimalistisch, grafisch und voller Bedeutung, dient das Symbol eher als pers\u00f6nliche Ikonografie denn als Dekoration. Es soll von Kennern erkannt und von allen anderen bewundert werden.<\/p>\n<p data-start=\"1089\" data-end=\"1268\">Diese H\u00f6schen sind <strong data-start=\"1107\" data-end=\"1129\">Mit Sorgfalt handgefertigt<\/strong>, geschaffen f\u00fcr Einzelpersonen und Paare, die Wert auf raffinierte erotische Symbolik, durchdachtes Design und Dessous legen, die ohne Worte kommunizieren.<\/p>\n<p data-start=\"1270\" data-end=\"1333\">Sie sollen nicht schreien.<br data-start=\"1298\" data-end=\"1301\" \/>Sie sollen verstanden werden.<\/p>\n<hr data-start=\"1335\" data-end=\"1338\" \/>\n<h3 data-start=\"1340\" data-end=\"1351\">Details<\/h3>\n<ul data-start=\"1353\" data-end=\"1622\">\n<li data-start=\"1353\" data-end=\"1385\">\n<p data-start=\"1355\" data-end=\"1385\">Transparent <strong data-start=\"1367\" data-end=\"1385\">Unsichtbares Netz<\/strong><\/p>\n<\/li>\n<li data-start=\"1386\" data-end=\"1408\">\n<p data-start=\"1388\" data-end=\"1408\"><strong data-start=\"1388\" data-end=\"1401\">Kein Zwickel<\/strong> Design<\/p>\n<\/li>\n<li data-start=\"1409\" data-end=\"1461\">\n<p data-start=\"1411\" data-end=\"1461\">Schwarze Stickerei: <strong data-start=\"1429\" data-end=\"1461\">QOS \/ Pik-Dame-Symbol<\/strong><\/p>\n<\/li>\n<li data-start=\"1462\" data-end=\"1497\">\n<p data-start=\"1464\" data-end=\"1497\">Leicht, weich und atmungsaktiv<\/p>\n<\/li>\n<li data-start=\"1498\" data-end=\"1533\">\n<p data-start=\"1500\" data-end=\"1533\">Handgefertigt mit Liebe zum Detail<\/p>\n<\/li>\n<li data-start=\"1534\" data-end=\"1622\">\n<p data-start=\"1536\" data-end=\"1622\">Entworfen, um es f\u00fcr sich selbst zu tragen \u2013 oder f\u00fcr jemanden, der die Sprache bereits versteht.<\/p>\n<\/li>\n<\/ul>","protected":false},"excerpt":{"rendered":"<p data-start=\"329\" data-end=\"630\">Transparente, unsichtbare Netzh\u00f6schen mit minimalistischem Design <strong data-start=\"417\" data-end=\"442\">QOS \u201cPikdame\u201d<\/strong> Stickerei in schwarzem Garn. Ohne Zwickel entworfen f\u00fcr eine durchgehende, bewusst gew\u00e4hlte Linie. Leicht, atmungsaktiv und handgefertigt f\u00fcr alle, die symboltr\u00e4chtige Dessous und raffinierte erotische Details sch\u00e4tzen.<\/p>","protected":false},"featured_media":2290,"comment_status":"open","ping_status":"closed","template":"","meta":{"nf_dc_page":"","googlesitekit_rrm_CAowrc_CDA:productID":""},"product_brand":[],"product_cat":[62],"product_tag":[35,229,73],"class_list":{"0":"post-2289","1":"product","2":"type-product","3":"status-publish","4":"has-post-thumbnail","6":"product_cat-corsets-lingerie","7":"product_tag-hotwife","8":"product_tag-lingerie","9":"product_tag-panties","11":"first","12":"instock","13":"shipping-taxable","14":"purchasable","15":"product-type-simple"},"yoast_head":"<!-- This site is optimized with the Yoast SEO Premium plugin v25.6 (Yoast SEO v27.4) - https:\/\/yoast.com\/product\/yoast-seo-premium-wordpress\/ -->\n<title>Sheer Mesh QOS Panties \u2013 Queen of Spades Embroidery | Symbol Jewelry &amp; Erotic Accessories \u2013 Handmade in Italy<\/title>\n<meta name=\"description\" content=\"Indulge in Sheer Mesh QOS Panties \u2013 Queen of Spades Embroidery \u2013 handcrafted in Italy. Discreet symbol jewelry, erotic leather accessories and intimate pieces for hotwife, cuckold and lifestyle dynamics. Worldwide shipping.\" \/>\n<meta name=\"robots\" content=\"index, follow, max-snippet:-1, max-image-preview:large, max-video-preview:-1\" \/>\n<link rel=\"canonical\" href=\"https:\/\/la-cortigiana.it\/de\/produkt\/invisible-mesh-panties-qos\/\" \/>\n<meta property=\"og:locale\" content=\"de_DE\" \/>\n<meta property=\"og:type\" content=\"article\" \/>\n<meta property=\"og:title\" content=\"Sheer Mesh QOS Panties \u2013 Queen of Spades Embroidery | La Cortigiana \u2013 Handcrafted in Italy\" \/>\n<meta property=\"og:description\" content=\"Luxury handcrafted lingerie &amp; accessories from Italy. Sheer, sensual, made for bold desires. Discreet worldwide delivery.\" \/>\n<meta property=\"og:url\" content=\"https:\/\/la-cortigiana.it\/de\/produkt\/invisible-mesh-panties-qos\/\" \/>\n<meta property=\"og:site_name\" content=\"La Cortigiana | Handcrafted Leather Accessories for Bold Desires\" \/>\n<meta property=\"article:publisher\" content=\"https:\/\/www.facebook.com\/LaCortigiana\/\" \/>\n<meta property=\"article:modified_time\" content=\"2026-02-02T20:24:56+00:00\" \/>\n<meta property=\"og:image\" content=\"https:\/\/la-cortigiana.it\/wp-content\/uploads\/2026\/01\/qos_panties.jpg\" \/>\n\t<meta property=\"og:image:width\" content=\"1024\" \/>\n\t<meta property=\"og:image:height\" content=\"1536\" \/>\n\t<meta property=\"og:image:type\" content=\"image\/jpeg\" \/>\n<meta name=\"twitter:card\" content=\"summary_large_image\" \/>\n<meta name=\"twitter:site\" content=\"@la_cortigianait\" \/>\n<meta name=\"twitter:label1\" content=\"Gesch\u00e4tzte Lesezeit\" \/>\n\t<meta name=\"twitter:data1\" content=\"2\u00a0Minuten\" \/>\n<script type=\"application\/ld+json\" class=\"yoast-schema-graph\">{\"@context\":\"https:\\\/\\\/schema.org\",\"@graph\":[{\"@type\":[\"WebPage\",\"ItemPage\"],\"@id\":\"https:\\\/\\\/la-cortigiana.it\\\/product\\\/invisible-mesh-panties-qos\\\/\",\"url\":\"https:\\\/\\\/la-cortigiana.it\\\/product\\\/invisible-mesh-panties-qos\\\/\",\"name\":\"Sheer Mesh QOS Panties \u2013 Queen of Spades Embroidery | Symbol Jewelry & Erotic Accessories \u2013 Handmade in Italy\",\"isPartOf\":{\"@id\":\"https:\\\/\\\/la-cortigiana.it\\\/#website\"},\"primaryImageOfPage\":{\"@id\":\"https:\\\/\\\/la-cortigiana.it\\\/product\\\/invisible-mesh-panties-qos\\\/#primaryimage\"},\"image\":{\"@id\":\"https:\\\/\\\/la-cortigiana.it\\\/product\\\/invisible-mesh-panties-qos\\\/#primaryimage\"},\"thumbnailUrl\":\"https:\\\/\\\/la-cortigiana.it\\\/wp-content\\\/uploads\\\/2026\\\/01\\\/qos_panties.jpg\",\"datePublished\":\"2026-01-17T21:26:43+00:00\",\"dateModified\":\"2026-02-02T20:24:56+00:00\",\"description\":\"Indulge in Sheer Mesh QOS Panties \u2013 Queen of Spades Embroidery \u2013 handcrafted in Italy. Discreet symbol jewelry, erotic leather accessories and intimate pieces for hotwife, cuckold and lifestyle dynamics. Worldwide shipping.\",\"breadcrumb\":{\"@id\":\"https:\\\/\\\/la-cortigiana.it\\\/product\\\/invisible-mesh-panties-qos\\\/#breadcrumb\"},\"inLanguage\":\"de\",\"potentialAction\":[{\"@type\":\"ReadAction\",\"target\":[\"https:\\\/\\\/la-cortigiana.it\\\/product\\\/invisible-mesh-panties-qos\\\/\"]}]},{\"@type\":\"ImageObject\",\"inLanguage\":\"de\",\"@id\":\"https:\\\/\\\/la-cortigiana.it\\\/product\\\/invisible-mesh-panties-qos\\\/#primaryimage\",\"url\":\"https:\\\/\\\/la-cortigiana.it\\\/wp-content\\\/uploads\\\/2026\\\/01\\\/qos_panties.jpg\",\"contentUrl\":\"https:\\\/\\\/la-cortigiana.it\\\/wp-content\\\/uploads\\\/2026\\\/01\\\/qos_panties.jpg\",\"width\":1024,\"height\":1536,\"caption\":\"Sheer Mesh QOS Panties \u2013 Queen of Spades Embroidery\"},{\"@type\":\"BreadcrumbList\",\"@id\":\"https:\\\/\\\/la-cortigiana.it\\\/product\\\/invisible-mesh-panties-qos\\\/#breadcrumb\",\"itemListElement\":[{\"@type\":\"ListItem\",\"position\":1,\"name\":\"Home\",\"item\":\"https:\\\/\\\/la-cortigiana.it\\\/\"},{\"@type\":\"ListItem\",\"position\":2,\"name\":\"Shop\",\"item\":\"https:\\\/\\\/la-cortigiana.it\\\/shop\\\/\"},{\"@type\":\"ListItem\",\"position\":3,\"name\":\"Sheer Mesh QOS Panties \u2013 Queen of Spades Embroidery\"}]},{\"@type\":\"WebSite\",\"@id\":\"https:\\\/\\\/la-cortigiana.it\\\/#website\",\"url\":\"https:\\\/\\\/la-cortigiana.it\\\/\",\"name\":\"La Cortigiana | Discreet Symbol Jewelry & Erotic Leather, Handmade in Italy\",\"description\":\"Quiet Marks of Chosen Desire\",\"publisher\":{\"@id\":\"https:\\\/\\\/la-cortigiana.it\\\/#organization\"},\"potentialAction\":[{\"@type\":\"SearchAction\",\"target\":{\"@type\":\"EntryPoint\",\"urlTemplate\":\"https:\\\/\\\/la-cortigiana.it\\\/?s={search_term_string}\"},\"query-input\":{\"@type\":\"PropertyValueSpecification\",\"valueRequired\":true,\"valueName\":\"search_term_string\"}}],\"inLanguage\":\"de\"},{\"@type\":\"Organization\",\"@id\":\"https:\\\/\\\/la-cortigiana.it\\\/#organization\",\"name\":\"La Cortigiana\",\"url\":\"https:\\\/\\\/la-cortigiana.it\\\/\",\"logo\":{\"@type\":\"ImageObject\",\"inLanguage\":\"de\",\"@id\":\"https:\\\/\\\/la-cortigiana.it\\\/#\\\/schema\\\/logo\\\/image\\\/\",\"url\":\"https:\\\/\\\/la-cortigiana.it\\\/wp-content\\\/uploads\\\/2025\\\/01\\\/La-Cortigiana.png\",\"contentUrl\":\"https:\\\/\\\/la-cortigiana.it\\\/wp-content\\\/uploads\\\/2025\\\/01\\\/La-Cortigiana.png\",\"width\":1646,\"height\":575,\"caption\":\"La Cortigiana\"},\"image\":{\"@id\":\"https:\\\/\\\/la-cortigiana.it\\\/#\\\/schema\\\/logo\\\/image\\\/\"},\"sameAs\":[\"https:\\\/\\\/www.facebook.com\\\/LaCortigiana\\\/\",\"https:\\\/\\\/x.com\\\/la_cortigianait\",\"https:\\\/\\\/www.instagram.com\\\/la_cortigiana.it\",\"https:\\\/\\\/substack.com\\\/@lacortigiana\"]}]}<\/script>\n<!-- \/ Yoast SEO Premium plugin. -->","yoast_head_json":{"title":"Sheer Mesh QOS Panties \u2013 Queen of Spades Embroidery | Symbol Jewelry & Erotic Accessories \u2013 Handmade in Italy","description":"Indulge in Sheer Mesh QOS Panties \u2013 Queen of Spades Embroidery \u2013 handcrafted in Italy. Discreet symbol jewelry, erotic leather accessories and intimate pieces for hotwife, cuckold and lifestyle dynamics. Worldwide shipping.","robots":{"index":"index","follow":"follow","max-snippet":"max-snippet:-1","max-image-preview":"max-image-preview:large","max-video-preview":"max-video-preview:-1"},"canonical":"https:\/\/la-cortigiana.it\/de\/produkt\/invisible-mesh-panties-qos\/","og_locale":"de_DE","og_type":"article","og_title":"Sheer Mesh QOS Panties \u2013 Queen of Spades Embroidery | La Cortigiana \u2013 Handcrafted in Italy","og_description":"Luxury handcrafted lingerie & accessories from Italy. Sheer, sensual, made for bold desires. Discreet worldwide delivery.","og_url":"https:\/\/la-cortigiana.it\/de\/produkt\/invisible-mesh-panties-qos\/","og_site_name":"La Cortigiana | Handcrafted Leather Accessories for Bold Desires","article_publisher":"https:\/\/www.facebook.com\/LaCortigiana\/","article_modified_time":"2026-02-02T20:24:56+00:00","og_image":[{"width":1024,"height":1536,"url":"https:\/\/la-cortigiana.it\/wp-content\/uploads\/2026\/01\/qos_panties.jpg","type":"image\/jpeg"}],"twitter_card":"summary_large_image","twitter_site":"@la_cortigianait","twitter_misc":{"Gesch\u00e4tzte Lesezeit":"2\u00a0Minuten"},"schema":{"@context":"https:\/\/schema.org","@graph":[{"@type":["WebPage","ItemPage"],"@id":"https:\/\/la-cortigiana.it\/product\/invisible-mesh-panties-qos\/","url":"https:\/\/la-cortigiana.it\/product\/invisible-mesh-panties-qos\/","name":"Sheer Mesh QOS Panties \u2013 Queen of Spades Embroidery | Symbol Jewelry & Erotic Accessories \u2013 Handmade in Italy","isPartOf":{"@id":"https:\/\/la-cortigiana.it\/#website"},"primaryImageOfPage":{"@id":"https:\/\/la-cortigiana.it\/product\/invisible-mesh-panties-qos\/#primaryimage"},"image":{"@id":"https:\/\/la-cortigiana.it\/product\/invisible-mesh-panties-qos\/#primaryimage"},"thumbnailUrl":"https:\/\/la-cortigiana.it\/wp-content\/uploads\/2026\/01\/qos_panties.jpg","datePublished":"2026-01-17T21:26:43+00:00","dateModified":"2026-02-02T20:24:56+00:00","description":"Indulge in Sheer Mesh QOS Panties \u2013 Queen of Spades Embroidery \u2013 handcrafted in Italy. Discreet symbol jewelry, erotic leather accessories and intimate pieces for hotwife, cuckold and lifestyle dynamics. Worldwide shipping.","breadcrumb":{"@id":"https:\/\/la-cortigiana.it\/product\/invisible-mesh-panties-qos\/#breadcrumb"},"inLanguage":"de","potentialAction":[{"@type":"ReadAction","target":["https:\/\/la-cortigiana.it\/product\/invisible-mesh-panties-qos\/"]}]},{"@type":"ImageObject","inLanguage":"de","@id":"https:\/\/la-cortigiana.it\/product\/invisible-mesh-panties-qos\/#primaryimage","url":"https:\/\/la-cortigiana.it\/wp-content\/uploads\/2026\/01\/qos_panties.jpg","contentUrl":"https:\/\/la-cortigiana.it\/wp-content\/uploads\/2026\/01\/qos_panties.jpg","width":1024,"height":1536,"caption":"Sheer Mesh QOS Panties \u2013 Queen of Spades Embroidery"},{"@type":"BreadcrumbList","@id":"https:\/\/la-cortigiana.it\/product\/invisible-mesh-panties-qos\/#breadcrumb","itemListElement":[{"@type":"ListItem","position":1,"name":"Home","item":"https:\/\/la-cortigiana.it\/"},{"@type":"ListItem","position":2,"name":"Shop","item":"https:\/\/la-cortigiana.it\/shop\/"},{"@type":"ListItem","position":3,"name":"Sheer Mesh QOS Panties \u2013 Queen of Spades Embroidery"}]},{"@type":"WebSite","@id":"https:\/\/la-cortigiana.it\/#website","url":"https:\/\/la-cortigiana.it\/","name":"La Cortigiana | Diskret-symbolischer Schmuck &amp; erotisches Leder, handgefertigt in Italien","description":"Stille Zeichen erw\u00e4hlten Verlangens","publisher":{"@id":"https:\/\/la-cortigiana.it\/#organization"},"potentialAction":[{"@type":"SearchAction","target":{"@type":"EntryPoint","urlTemplate":"https:\/\/la-cortigiana.it\/?s={search_term_string}"},"query-input":{"@type":"PropertyValueSpecification","valueRequired":true,"valueName":"search_term_string"}}],"inLanguage":"de"},{"@type":"Organization","@id":"https:\/\/la-cortigiana.it\/#organization","name":"La Cortigiana","url":"https:\/\/la-cortigiana.it\/","logo":{"@type":"ImageObject","inLanguage":"de","@id":"https:\/\/la-cortigiana.it\/#\/schema\/logo\/image\/","url":"https:\/\/la-cortigiana.it\/wp-content\/uploads\/2025\/01\/La-Cortigiana.png","contentUrl":"https:\/\/la-cortigiana.it\/wp-content\/uploads\/2025\/01\/La-Cortigiana.png","width":1646,"height":575,"caption":"La Cortigiana"},"image":{"@id":"https:\/\/la-cortigiana.it\/#\/schema\/logo\/image\/"},"sameAs":["https:\/\/www.facebook.com\/LaCortigiana\/","https:\/\/x.com\/la_cortigianait","https:\/\/www.instagram.com\/la_cortigiana.it","https:\/\/substack.com\/@lacortigiana"]}]}},"_links":{"self":[{"href":"https:\/\/la-cortigiana.it\/de\/wp-json\/wp\/v2\/product\/2289","targetHints":{"allow":["GET"]}}],"collection":[{"href":"https:\/\/la-cortigiana.it\/de\/wp-json\/wp\/v2\/product"}],"about":[{"href":"https:\/\/la-cortigiana.it\/de\/wp-json\/wp\/v2\/types\/product"}],"replies":[{"embeddable":true,"href":"https:\/\/la-cortigiana.it\/de\/wp-json\/wp\/v2\/comments?post=2289"}],"wp:featuredmedia":[{"embeddable":true,"href":"https:\/\/la-cortigiana.it\/de\/wp-json\/wp\/v2\/media\/2290"}],"wp:attachment":[{"href":"https:\/\/la-cortigiana.it\/de\/wp-json\/wp\/v2\/media?parent=2289"}],"wp:term":[{"taxonomy":"product_brand","embeddable":true,"href":"https:\/\/la-cortigiana.it\/de\/wp-json\/wp\/v2\/product_brand?post=2289"},{"taxonomy":"product_cat","embeddable":true,"href":"https:\/\/la-cortigiana.it\/de\/wp-json\/wp\/v2\/product_cat?post=2289"},{"taxonomy":"product_tag","embeddable":true,"href":"https:\/\/la-cortigiana.it\/de\/wp-json\/wp\/v2\/product_tag?post=2289"}],"curies":[{"name":"wp","href":"https:\/\/api.w.org\/{rel}","templated":true}]}}