{"id":2296,"date":"2026-01-19T22:59:33","date_gmt":"2026-01-19T21:59:33","guid":{"rendered":"https:\/\/la-cortigiana.it\/?post_type=product&#038;p=2296"},"modified":"2026-01-26T14:25:01","modified_gmt":"2026-01-26T13:25:01","slug":"tie-side-white-mesh-panties-hotwife","status":"publish","type":"product","link":"https:\/\/la-cortigiana.it\/de\/produkt\/tie-side-white-mesh-panties-hotwife\/","title":{"rendered":"Wei\u00dfe Netzh\u00f6schen mit Bindeb\u00e4ndern f\u00fcr Hotwife"},"content":{"rendered":"<p data-start=\"626\" data-end=\"855\">Diese H\u00f6schen sind hergestellt aus <strong data-start=\"654\" data-end=\"673\">halbtransparentes Netz<\/strong> Ein Stoff, der nicht v\u00f6llig transparent ist, sondern die Haut darunter auf subtile, verf\u00fchrerische Weise weich umspielt und durchscheinen l\u00e4sst. Was sichtbar ist, ist beabsichtigt. Auch das Verborgene weckt die Aufmerksamkeit.<\/p>\n<p data-start=\"857\" data-end=\"1057\">Das leichte Netzgewebe ist mit zarter Spitze und verstellbaren Seitenb\u00e4ndern an beiden H\u00fcften kombiniert. Die B\u00e4nder lassen sich langsam l\u00f6sen, wodurch die H\u00f6schen Teil des Geschehens werden und nicht nur ein Kleidungsst\u00fcck sind.<\/p>\n<p data-start=\"1059\" data-end=\"1259\">Der <strong data-start=\"1063\" data-end=\"1076\">\u201cHotwife\u201d<\/strong> Die Inschrift ist direkt in das Netzgewebe eingestickt, was dem St\u00fcck eine klare Identit\u00e4t und dauerhafte Qualit\u00e4t verleiht. Es handelt sich nicht um einen Druck \u2013 sie ist gestickt, f\u00fchlbar und dazu bestimmt, aus der N\u00e4he betrachtet zu werden.<\/p>\n<h3 data-start=\"1261\" data-end=\"1279\">Stoff &amp; Haptik:<\/h3>\n<ul data-start=\"1280\" data-end=\"1420\">\n<li data-start=\"1280\" data-end=\"1329\">\n<p data-start=\"1282\" data-end=\"1329\">Halbtransparentes Netzgewebe (nicht vollst\u00e4ndig durchsichtig)<\/p>\n<\/li>\n<li data-start=\"1330\" data-end=\"1367\">\n<p data-start=\"1332\" data-end=\"1367\">Weich, leicht und atmungsaktiv<\/p>\n<\/li>\n<li data-start=\"1368\" data-end=\"1420\">\n<p data-start=\"1370\" data-end=\"1420\">Zeigt Form und Haut, ohne sie vollst\u00e4ndig freizulegen<\/p>\n<\/li>\n<\/ul>\n<h3 data-start=\"1422\" data-end=\"1435\">Merkmale:<\/h3>\n<ul data-start=\"1436\" data-end=\"1601\">\n<li data-start=\"1436\" data-end=\"1463\">\n<p data-start=\"1438\" data-end=\"1463\">halbtransparente Netzh\u00f6schen<\/p>\n<\/li>\n<li data-start=\"1464\" data-end=\"1507\">\n<p data-start=\"1466\" data-end=\"1507\">Verstellbare Seitenb\u00e4nder, die gel\u00f6st werden k\u00f6nnen<\/p>\n<\/li>\n<li data-start=\"1508\" data-end=\"1538\">\n<p data-start=\"1510\" data-end=\"1538\">Bestickt <em data-start=\"1522\" data-end=\"1531\">hei\u00dfe Frau<\/em> Text<\/p>\n<\/li>\n<li data-start=\"1539\" data-end=\"1568\">\n<p data-start=\"1541\" data-end=\"1568\">Spitzenborte an den Kanten<\/p>\n<\/li>\n<li data-start=\"1569\" data-end=\"1601\">\n<p data-start=\"1571\" data-end=\"1601\">Provokanter, aber tragbarer Schnitt<\/p>\n<\/li>\n<\/ul>\n<h3 data-start=\"1603\" data-end=\"1624\">Verf\u00fcgbare Farben:<\/h3>\n<ul data-start=\"1625\" data-end=\"1653\">\n<li data-start=\"1625\" data-end=\"1634\">\n<p data-start=\"1627\" data-end=\"1634\">Schwarz<\/p>\n<\/li>\n<li data-start=\"1635\" data-end=\"1643\">\n<p data-start=\"1637\" data-end=\"1643\">Rosa<\/p>\n<\/li>\n<li data-start=\"1644\" data-end=\"1653\">\n<p data-start=\"1646\" data-end=\"1653\">Pfirsich<\/p>\n<\/li>\n<\/ul>\n<h3 data-start=\"1655\" data-end=\"1671\">Perfekt f\u00fcr:<\/h3>\n<ul data-start=\"1672\" data-end=\"1842\">\n<li data-start=\"1672\" data-end=\"1692\">\n<p data-start=\"1674\" data-end=\"1692\">Hotwife Dessous<\/p>\n<\/li>\n<li data-start=\"1693\" data-end=\"1720\">\n<p data-start=\"1695\" data-end=\"1720\">Cuckold Fetisch-Dessous<\/p>\n<\/li>\n<li data-start=\"1721\" data-end=\"1750\">\n<p data-start=\"1723\" data-end=\"1750\">Erotische Rollenspiel-Unterw\u00e4sche<\/p>\n<\/li>\n<li data-start=\"1751\" data-end=\"1794\">\n<p data-start=\"1753\" data-end=\"1794\">Statement-Slip mit gesticktem Text<\/p>\n<\/li>\n<li data-start=\"1795\" data-end=\"1842\">\n<p data-start=\"1797\" data-end=\"1842\">Paare, die die Dynamik von Begierde und Macht erforschen<\/p>\n<\/li>\n<\/ul>\n<p data-start=\"1844\" data-end=\"1985\">Diese H\u00f6schen sollen andeuten, nicht aufdringlich wirken.<br data-start=\"1893\" data-end=\"1896\" \/>Ein erotisches Dessous, das gerade genug preisgibt \u2013 und den Rest ganz nat\u00fcrlich geschehen l\u00e4sst.<\/p>\n<p>&nbsp;<\/p>","protected":false},"excerpt":{"rendered":"<p data-start=\"219\" data-end=\"331\"><strong>Halbtransparent<\/strong> Netzh\u00f6schen mit seitlichen B\u00e4ndern und \u201cHotwife\u201d-Stickerei.<\/p>\n<p><strong>Verstellbare Seitenb\u00e4nder f\u00fcr eine optimale Passform (bis 110 cm)<\/strong><\/p>\n<p data-start=\"333\" data-end=\"584\">Diese H\u00f6schen sind aus halbtransparentem Netzgewebe gefertigt, das die Figur dezent durchscheinen l\u00e4sst, ohne vollst\u00e4ndig durchsichtig zu sein. Sie sind mit Spitzenbesatz, verstellbaren Seitenb\u00e4ndern, die sich l\u00f6sen lassen, und Stickereien verziert. <em data-start=\"527\" data-end=\"536\">hei\u00dfe Frau<\/em> Schriftzug. Erh\u00e4ltlich in Schwarz, Rosa und Pfirsichfarben.<\/p>","protected":false},"featured_media":2297,"comment_status":"open","ping_status":"closed","template":"","meta":{"nf_dc_page":"","googlesitekit_rrm_CAowrc_CDA:productID":""},"product_brand":[],"product_cat":[62],"product_tag":[35,229,73],"class_list":{"0":"post-2296","1":"product","2":"type-product","3":"status-publish","4":"has-post-thumbnail","6":"product_cat-corsets-lingerie","7":"product_tag-hotwife","8":"product_tag-lingerie","9":"product_tag-panties","11":"first","12":"instock","13":"shipping-taxable","14":"purchasable","15":"product-type-simple"},"yoast_head":"<!-- This site is optimized with the Yoast SEO Premium plugin v25.6 (Yoast SEO v27.4) - https:\/\/yoast.com\/product\/yoast-seo-premium-wordpress\/ -->\n<title>Tie-Side White Mesh Panties Hotwife | Symbol Jewelry &amp; Erotic Accessories \u2013 Handmade in Italy<\/title>\n<meta name=\"description\" content=\"Indulge in Tie-Side White Mesh Panties Hotwife \u2013 handcrafted in Italy. Discreet symbol jewelry, erotic leather accessories and intimate pieces for hotwife, cuckold and lifestyle dynamics. Worldwide shipping.\" \/>\n<meta name=\"robots\" content=\"index, follow, max-snippet:-1, max-image-preview:large, max-video-preview:-1\" \/>\n<link rel=\"canonical\" href=\"https:\/\/la-cortigiana.it\/de\/produkt\/tie-side-white-mesh-panties-hotwife\/\" \/>\n<meta property=\"og:locale\" content=\"de_DE\" \/>\n<meta property=\"og:type\" content=\"article\" \/>\n<meta property=\"og:title\" content=\"Tie-Side White Mesh Panties Hotwife | La Cortigiana \u2013 Handcrafted in Italy\" \/>\n<meta property=\"og:description\" content=\"Luxury handcrafted lingerie &amp; accessories from Italy. Sheer, sensual, made for bold desires. Discreet worldwide delivery.\" \/>\n<meta property=\"og:url\" content=\"https:\/\/la-cortigiana.it\/de\/produkt\/tie-side-white-mesh-panties-hotwife\/\" \/>\n<meta property=\"og:site_name\" content=\"La Cortigiana | Handcrafted Leather Accessories for Bold Desires\" \/>\n<meta property=\"article:publisher\" content=\"https:\/\/www.facebook.com\/LaCortigiana\/\" \/>\n<meta property=\"article:modified_time\" content=\"2026-01-26T13:25:01+00:00\" \/>\n<meta property=\"og:image\" content=\"https:\/\/la-cortigiana.it\/wp-content\/uploads\/2026\/01\/DSCF7746.jpg\" \/>\n\t<meta property=\"og:image:width\" content=\"1600\" \/>\n\t<meta property=\"og:image:height\" content=\"2000\" \/>\n\t<meta property=\"og:image:type\" content=\"image\/jpeg\" \/>\n<meta name=\"twitter:card\" content=\"summary_large_image\" \/>\n<meta name=\"twitter:site\" content=\"@la_cortigianait\" \/>\n<meta name=\"twitter:label1\" content=\"Gesch\u00e4tzte Lesezeit\" \/>\n\t<meta name=\"twitter:data1\" content=\"2\u00a0Minuten\" \/>\n<script type=\"application\/ld+json\" class=\"yoast-schema-graph\">{\"@context\":\"https:\\\/\\\/schema.org\",\"@graph\":[{\"@type\":[\"WebPage\",\"ItemPage\"],\"@id\":\"https:\\\/\\\/la-cortigiana.it\\\/product\\\/tie-side-white-mesh-panties-hotwife\\\/\",\"url\":\"https:\\\/\\\/la-cortigiana.it\\\/product\\\/tie-side-white-mesh-panties-hotwife\\\/\",\"name\":\"Tie-Side White Mesh Panties Hotwife | Symbol Jewelry & Erotic Accessories \u2013 Handmade in Italy\",\"isPartOf\":{\"@id\":\"https:\\\/\\\/la-cortigiana.it\\\/#website\"},\"primaryImageOfPage\":{\"@id\":\"https:\\\/\\\/la-cortigiana.it\\\/product\\\/tie-side-white-mesh-panties-hotwife\\\/#primaryimage\"},\"image\":{\"@id\":\"https:\\\/\\\/la-cortigiana.it\\\/product\\\/tie-side-white-mesh-panties-hotwife\\\/#primaryimage\"},\"thumbnailUrl\":\"https:\\\/\\\/la-cortigiana.it\\\/wp-content\\\/uploads\\\/2026\\\/01\\\/DSCF7746.jpg\",\"datePublished\":\"2026-01-19T21:59:33+00:00\",\"dateModified\":\"2026-01-26T13:25:01+00:00\",\"description\":\"Indulge in Tie-Side White Mesh Panties Hotwife \u2013 handcrafted in Italy. Discreet symbol jewelry, erotic leather accessories and intimate pieces for hotwife, cuckold and lifestyle dynamics. Worldwide shipping.\",\"breadcrumb\":{\"@id\":\"https:\\\/\\\/la-cortigiana.it\\\/product\\\/tie-side-white-mesh-panties-hotwife\\\/#breadcrumb\"},\"inLanguage\":\"de\",\"potentialAction\":[{\"@type\":\"ReadAction\",\"target\":[\"https:\\\/\\\/la-cortigiana.it\\\/product\\\/tie-side-white-mesh-panties-hotwife\\\/\"]}]},{\"@type\":\"ImageObject\",\"inLanguage\":\"de\",\"@id\":\"https:\\\/\\\/la-cortigiana.it\\\/product\\\/tie-side-white-mesh-panties-hotwife\\\/#primaryimage\",\"url\":\"https:\\\/\\\/la-cortigiana.it\\\/wp-content\\\/uploads\\\/2026\\\/01\\\/DSCF7746.jpg\",\"contentUrl\":\"https:\\\/\\\/la-cortigiana.it\\\/wp-content\\\/uploads\\\/2026\\\/01\\\/DSCF7746.jpg\",\"width\":1600,\"height\":2000,\"caption\":\"hotwife sheer panties\"},{\"@type\":\"BreadcrumbList\",\"@id\":\"https:\\\/\\\/la-cortigiana.it\\\/product\\\/tie-side-white-mesh-panties-hotwife\\\/#breadcrumb\",\"itemListElement\":[{\"@type\":\"ListItem\",\"position\":1,\"name\":\"Home\",\"item\":\"https:\\\/\\\/la-cortigiana.it\\\/\"},{\"@type\":\"ListItem\",\"position\":2,\"name\":\"Shop\",\"item\":\"https:\\\/\\\/la-cortigiana.it\\\/shop\\\/\"},{\"@type\":\"ListItem\",\"position\":3,\"name\":\"Tie-Side White Mesh Panties Hotwife\"}]},{\"@type\":\"WebSite\",\"@id\":\"https:\\\/\\\/la-cortigiana.it\\\/#website\",\"url\":\"https:\\\/\\\/la-cortigiana.it\\\/\",\"name\":\"La Cortigiana | Discreet Symbol Jewelry & Erotic Leather, Handmade in Italy\",\"description\":\"Quiet Marks of Chosen Desire\",\"publisher\":{\"@id\":\"https:\\\/\\\/la-cortigiana.it\\\/#organization\"},\"potentialAction\":[{\"@type\":\"SearchAction\",\"target\":{\"@type\":\"EntryPoint\",\"urlTemplate\":\"https:\\\/\\\/la-cortigiana.it\\\/?s={search_term_string}\"},\"query-input\":{\"@type\":\"PropertyValueSpecification\",\"valueRequired\":true,\"valueName\":\"search_term_string\"}}],\"inLanguage\":\"de\"},{\"@type\":\"Organization\",\"@id\":\"https:\\\/\\\/la-cortigiana.it\\\/#organization\",\"name\":\"La Cortigiana\",\"url\":\"https:\\\/\\\/la-cortigiana.it\\\/\",\"logo\":{\"@type\":\"ImageObject\",\"inLanguage\":\"de\",\"@id\":\"https:\\\/\\\/la-cortigiana.it\\\/#\\\/schema\\\/logo\\\/image\\\/\",\"url\":\"https:\\\/\\\/la-cortigiana.it\\\/wp-content\\\/uploads\\\/2025\\\/01\\\/La-Cortigiana.png\",\"contentUrl\":\"https:\\\/\\\/la-cortigiana.it\\\/wp-content\\\/uploads\\\/2025\\\/01\\\/La-Cortigiana.png\",\"width\":1646,\"height\":575,\"caption\":\"La Cortigiana\"},\"image\":{\"@id\":\"https:\\\/\\\/la-cortigiana.it\\\/#\\\/schema\\\/logo\\\/image\\\/\"},\"sameAs\":[\"https:\\\/\\\/www.facebook.com\\\/LaCortigiana\\\/\",\"https:\\\/\\\/x.com\\\/la_cortigianait\",\"https:\\\/\\\/www.instagram.com\\\/la_cortigiana.it\",\"https:\\\/\\\/substack.com\\\/@lacortigiana\"]}]}<\/script>\n<!-- \/ Yoast SEO Premium plugin. -->","yoast_head_json":{"title":"Tie-Side White Mesh Panties Hotwife | Symbol Jewelry & Erotic Accessories \u2013 Handmade in Italy","description":"Indulge in Tie-Side White Mesh Panties Hotwife \u2013 handcrafted in Italy. Discreet symbol jewelry, erotic leather accessories and intimate pieces for hotwife, cuckold and lifestyle dynamics. Worldwide shipping.","robots":{"index":"index","follow":"follow","max-snippet":"max-snippet:-1","max-image-preview":"max-image-preview:large","max-video-preview":"max-video-preview:-1"},"canonical":"https:\/\/la-cortigiana.it\/de\/produkt\/tie-side-white-mesh-panties-hotwife\/","og_locale":"de_DE","og_type":"article","og_title":"Tie-Side White Mesh Panties Hotwife | La Cortigiana \u2013 Handcrafted in Italy","og_description":"Luxury handcrafted lingerie & accessories from Italy. Sheer, sensual, made for bold desires. Discreet worldwide delivery.","og_url":"https:\/\/la-cortigiana.it\/de\/produkt\/tie-side-white-mesh-panties-hotwife\/","og_site_name":"La Cortigiana | Handcrafted Leather Accessories for Bold Desires","article_publisher":"https:\/\/www.facebook.com\/LaCortigiana\/","article_modified_time":"2026-01-26T13:25:01+00:00","og_image":[{"width":1600,"height":2000,"url":"https:\/\/la-cortigiana.it\/wp-content\/uploads\/2026\/01\/DSCF7746.jpg","type":"image\/jpeg"}],"twitter_card":"summary_large_image","twitter_site":"@la_cortigianait","twitter_misc":{"Gesch\u00e4tzte Lesezeit":"2\u00a0Minuten"},"schema":{"@context":"https:\/\/schema.org","@graph":[{"@type":["WebPage","ItemPage"],"@id":"https:\/\/la-cortigiana.it\/product\/tie-side-white-mesh-panties-hotwife\/","url":"https:\/\/la-cortigiana.it\/product\/tie-side-white-mesh-panties-hotwife\/","name":"Tie-Side White Mesh Panties Hotwife | Symbol Jewelry & Erotic Accessories \u2013 Handmade in Italy","isPartOf":{"@id":"https:\/\/la-cortigiana.it\/#website"},"primaryImageOfPage":{"@id":"https:\/\/la-cortigiana.it\/product\/tie-side-white-mesh-panties-hotwife\/#primaryimage"},"image":{"@id":"https:\/\/la-cortigiana.it\/product\/tie-side-white-mesh-panties-hotwife\/#primaryimage"},"thumbnailUrl":"https:\/\/la-cortigiana.it\/wp-content\/uploads\/2026\/01\/DSCF7746.jpg","datePublished":"2026-01-19T21:59:33+00:00","dateModified":"2026-01-26T13:25:01+00:00","description":"Indulge in Tie-Side White Mesh Panties Hotwife \u2013 handcrafted in Italy. Discreet symbol jewelry, erotic leather accessories and intimate pieces for hotwife, cuckold and lifestyle dynamics. Worldwide shipping.","breadcrumb":{"@id":"https:\/\/la-cortigiana.it\/product\/tie-side-white-mesh-panties-hotwife\/#breadcrumb"},"inLanguage":"de","potentialAction":[{"@type":"ReadAction","target":["https:\/\/la-cortigiana.it\/product\/tie-side-white-mesh-panties-hotwife\/"]}]},{"@type":"ImageObject","inLanguage":"de","@id":"https:\/\/la-cortigiana.it\/product\/tie-side-white-mesh-panties-hotwife\/#primaryimage","url":"https:\/\/la-cortigiana.it\/wp-content\/uploads\/2026\/01\/DSCF7746.jpg","contentUrl":"https:\/\/la-cortigiana.it\/wp-content\/uploads\/2026\/01\/DSCF7746.jpg","width":1600,"height":2000,"caption":"hotwife sheer panties"},{"@type":"BreadcrumbList","@id":"https:\/\/la-cortigiana.it\/product\/tie-side-white-mesh-panties-hotwife\/#breadcrumb","itemListElement":[{"@type":"ListItem","position":1,"name":"Home","item":"https:\/\/la-cortigiana.it\/"},{"@type":"ListItem","position":2,"name":"Shop","item":"https:\/\/la-cortigiana.it\/shop\/"},{"@type":"ListItem","position":3,"name":"Tie-Side White Mesh Panties Hotwife"}]},{"@type":"WebSite","@id":"https:\/\/la-cortigiana.it\/#website","url":"https:\/\/la-cortigiana.it\/","name":"La Cortigiana | Diskret-symbolischer Schmuck &amp; erotisches Leder, handgefertigt in Italien","description":"Stille Zeichen erw\u00e4hlten Verlangens","publisher":{"@id":"https:\/\/la-cortigiana.it\/#organization"},"potentialAction":[{"@type":"SearchAction","target":{"@type":"EntryPoint","urlTemplate":"https:\/\/la-cortigiana.it\/?s={search_term_string}"},"query-input":{"@type":"PropertyValueSpecification","valueRequired":true,"valueName":"search_term_string"}}],"inLanguage":"de"},{"@type":"Organization","@id":"https:\/\/la-cortigiana.it\/#organization","name":"La Cortigiana","url":"https:\/\/la-cortigiana.it\/","logo":{"@type":"ImageObject","inLanguage":"de","@id":"https:\/\/la-cortigiana.it\/#\/schema\/logo\/image\/","url":"https:\/\/la-cortigiana.it\/wp-content\/uploads\/2025\/01\/La-Cortigiana.png","contentUrl":"https:\/\/la-cortigiana.it\/wp-content\/uploads\/2025\/01\/La-Cortigiana.png","width":1646,"height":575,"caption":"La Cortigiana"},"image":{"@id":"https:\/\/la-cortigiana.it\/#\/schema\/logo\/image\/"},"sameAs":["https:\/\/www.facebook.com\/LaCortigiana\/","https:\/\/x.com\/la_cortigianait","https:\/\/www.instagram.com\/la_cortigiana.it","https:\/\/substack.com\/@lacortigiana"]}]}},"_links":{"self":[{"href":"https:\/\/la-cortigiana.it\/de\/wp-json\/wp\/v2\/product\/2296","targetHints":{"allow":["GET"]}}],"collection":[{"href":"https:\/\/la-cortigiana.it\/de\/wp-json\/wp\/v2\/product"}],"about":[{"href":"https:\/\/la-cortigiana.it\/de\/wp-json\/wp\/v2\/types\/product"}],"replies":[{"embeddable":true,"href":"https:\/\/la-cortigiana.it\/de\/wp-json\/wp\/v2\/comments?post=2296"}],"wp:featuredmedia":[{"embeddable":true,"href":"https:\/\/la-cortigiana.it\/de\/wp-json\/wp\/v2\/media\/2297"}],"wp:attachment":[{"href":"https:\/\/la-cortigiana.it\/de\/wp-json\/wp\/v2\/media?parent=2296"}],"wp:term":[{"taxonomy":"product_brand","embeddable":true,"href":"https:\/\/la-cortigiana.it\/de\/wp-json\/wp\/v2\/product_brand?post=2296"},{"taxonomy":"product_cat","embeddable":true,"href":"https:\/\/la-cortigiana.it\/de\/wp-json\/wp\/v2\/product_cat?post=2296"},{"taxonomy":"product_tag","embeddable":true,"href":"https:\/\/la-cortigiana.it\/de\/wp-json\/wp\/v2\/product_tag?post=2296"}],"curies":[{"name":"wp","href":"https:\/\/api.w.org\/{rel}","templated":true}]}}