{"id":2344,"date":"2026-01-27T16:56:23","date_gmt":"2026-01-27T15:56:23","guid":{"rendered":"https:\/\/la-cortigiana.it\/?post_type=product&#038;p=2344"},"modified":"2026-01-27T21:53:37","modified_gmt":"2026-01-27T20:53:37","slug":"il-silenzio-di-david","status":"publish","type":"product","link":"https:\/\/la-cortigiana.it\/de\/produkt\/il-silenzio-di-david\/","title":{"rendered":"Il Silenzio di David"},"content":{"rendered":"<p data-start=\"161\" data-end=\"243\">Dieses skulpturale Objekt ist als stiller Eingriff in eine kanonische Form konzipiert.<\/p>\n<p data-start=\"245\" data-end=\"472\">Die aus Gips gegossene Figur interpretiert David in verkleinertem Ma\u00dfstab neu und verschiebt das Werk von Monumentalit\u00e4t zu Intimit\u00e4t. Eine minimale, aber entscheidende Ver\u00e4nderung f\u00fchrt das Thema der Stille ein \u2013 nicht als Abwesenheit, sondern als bewusster Zustand.<\/p>\n<p data-start=\"474\" data-end=\"816\">Die Skulptur wird von La Cortigiana in einer streng limitierten, nummerierten Auflage von 100 St\u00fcck gefertigt. Jedes Objekt wird einzeln gegossen, von Hand veredelt und mit seiner Editionsnummer versehen. Geringf\u00fcgige Abweichungen in Oberfl\u00e4chenstruktur, Farbton und Details sind materialbedingt und werden als integraler Bestandteil des Werkes, nicht als M\u00e4ngel, betrachtet.<\/p>\n<p data-start=\"818\" data-end=\"1062\">Seine geringe Gr\u00f6\u00dfe l\u00e4dt zum genauen Betrachten ein. Es handelt sich nicht um ein Objekt, das einen Raum dominieren soll, sondern um eines, das in pers\u00f6nlichen Wohnr\u00e4umen \u2013 auf einem Regal, einem Schreibtisch oder in einer privaten Vitrine \u2013 seinen Platz finden soll, wo sich seine Bedeutung allm\u00e4hlich und ohne weitere Erkl\u00e4rung erschlie\u00dft.<\/p>\n<p data-start=\"1064\" data-end=\"1199\">Sobald die Auflage von 100 Exemplaren fertiggestellt ist, wird die Produktion endg\u00fcltig eingestellt. Es wird keine Neuauflagen, Reproduktionen oder alternativen Editionen geben.<\/p>\n<hr data-start=\"1201\" data-end=\"1204\" \/>\n<h3 data-start=\"1206\" data-end=\"1217\">Details<\/h3>\n<ul data-start=\"1219\" data-end=\"1396\">\n<li data-start=\"1219\" data-end=\"1240\">\n<p data-start=\"1221\" data-end=\"1240\">Material: Gips<\/p>\n<\/li>\n<li data-start=\"1241\" data-end=\"1268\">\n<p data-start=\"1243\" data-end=\"1268\">H\u00f6he: 92 mm (3,62 Zoll)<\/p>\n<\/li>\n<li data-start=\"1269\" data-end=\"1295\">\n<p data-start=\"1271\" data-end=\"1295\">Breite: 52 mm (2,05 Zoll)<\/p>\n<\/li>\n<li data-start=\"1296\" data-end=\"1321\">\n<p data-start=\"1298\" data-end=\"1321\">einzeln nummeriert<\/p>\n<\/li>\n<li data-start=\"1322\" data-end=\"1353\">\n<p data-start=\"1324\" data-end=\"1353\">Limitierte Auflage: 100 St\u00fcck<\/p>\n<\/li>\n<li data-start=\"1354\" data-end=\"1396\">\n<p data-start=\"1356\" data-end=\"1396\">Entworfen und produziert von La Cortigiana<\/p>\n<\/li>\n<\/ul>","protected":false},"excerpt":{"rendered":"<p data-start=\"173\" data-end=\"211\">Eine klassische Form, die in Stille versunken ist.<\/p>\n<p data-start=\"213\" data-end=\"399\">Diese Gipsplastik interpretiert David durch einen zur\u00fcckhaltenden Eingriff neu und verwandelt eine ikonische Figur in ein stilles, intimes Objekt.<br data-start=\"350\" data-end=\"353\" \/>Einzeln nummeriert. Limitierte Auflage von 100 St\u00fcck.<\/p>","protected":false},"featured_media":2346,"comment_status":"open","ping_status":"closed","template":"","meta":{"nf_dc_page":"","googlesitekit_rrm_CAowrc_CDA:productID":""},"product_brand":[],"product_cat":[252],"product_tag":[],"class_list":{"0":"post-2344","1":"product","2":"type-product","3":"status-publish","4":"has-post-thumbnail","6":"product_cat-treasures","8":"first","9":"instock","10":"shipping-taxable","11":"purchasable","12":"product-type-simple"},"yoast_head":"<!-- This site is optimized with the Yoast SEO Premium plugin v25.6 (Yoast SEO v27.4) - https:\/\/yoast.com\/product\/yoast-seo-premium-wordpress\/ -->\n<title>Il Silenzio di David | Symbol Jewelry &amp; Erotic Accessories \u2013 Handmade in Italy<\/title>\n<meta name=\"description\" content=\"Indulge in Il Silenzio di David \u2013 handcrafted in Italy. Discreet symbol jewelry, erotic leather accessories and intimate pieces for hotwife, cuckold and lifestyle dynamics. Worldwide shipping.\" \/>\n<meta name=\"robots\" content=\"index, follow, max-snippet:-1, max-image-preview:large, max-video-preview:-1\" \/>\n<link rel=\"canonical\" href=\"https:\/\/la-cortigiana.it\/de\/produkt\/il-silenzio-di-david\/\" \/>\n<meta property=\"og:locale\" content=\"de_DE\" \/>\n<meta property=\"og:type\" content=\"article\" \/>\n<meta property=\"og:title\" content=\"Il Silenzio di David | La Cortigiana \u2013 Handcrafted in Italy\" \/>\n<meta property=\"og:description\" content=\"Luxury handcrafted lingerie &amp; accessories from Italy. Sheer, sensual, made for bold desires. Discreet worldwide delivery.\" \/>\n<meta property=\"og:url\" content=\"https:\/\/la-cortigiana.it\/de\/produkt\/il-silenzio-di-david\/\" \/>\n<meta property=\"og:site_name\" content=\"La Cortigiana | Handcrafted Leather Accessories for Bold Desires\" \/>\n<meta property=\"article:publisher\" content=\"https:\/\/www.facebook.com\/LaCortigiana\/\" \/>\n<meta property=\"article:modified_time\" content=\"2026-01-27T20:53:37+00:00\" \/>\n<meta property=\"og:image\" content=\"https:\/\/la-cortigiana.it\/wp-content\/uploads\/2026\/01\/DSCF73171.jpg\" \/>\n\t<meta property=\"og:image:width\" content=\"1126\" \/>\n\t<meta property=\"og:image:height\" content=\"1265\" \/>\n\t<meta property=\"og:image:type\" content=\"image\/jpeg\" \/>\n<meta name=\"twitter:card\" content=\"summary_large_image\" \/>\n<meta name=\"twitter:site\" content=\"@la_cortigianait\" \/>\n<meta name=\"twitter:label1\" content=\"Gesch\u00e4tzte Lesezeit\" \/>\n\t<meta name=\"twitter:data1\" content=\"2\u00a0Minuten\" \/>\n<script type=\"application\/ld+json\" class=\"yoast-schema-graph\">{\"@context\":\"https:\\\/\\\/schema.org\",\"@graph\":[{\"@type\":[\"WebPage\",\"ItemPage\"],\"@id\":\"https:\\\/\\\/la-cortigiana.it\\\/product\\\/il-silenzio-di-david\\\/\",\"url\":\"https:\\\/\\\/la-cortigiana.it\\\/product\\\/il-silenzio-di-david\\\/\",\"name\":\"Il Silenzio di David | Symbol Jewelry & Erotic Accessories \u2013 Handmade in Italy\",\"isPartOf\":{\"@id\":\"https:\\\/\\\/la-cortigiana.it\\\/#website\"},\"primaryImageOfPage\":{\"@id\":\"https:\\\/\\\/la-cortigiana.it\\\/product\\\/il-silenzio-di-david\\\/#primaryimage\"},\"image\":{\"@id\":\"https:\\\/\\\/la-cortigiana.it\\\/product\\\/il-silenzio-di-david\\\/#primaryimage\"},\"thumbnailUrl\":\"https:\\\/\\\/la-cortigiana.it\\\/wp-content\\\/uploads\\\/2026\\\/01\\\/DSCF73171.jpg\",\"datePublished\":\"2026-01-27T15:56:23+00:00\",\"dateModified\":\"2026-01-27T20:53:37+00:00\",\"description\":\"Indulge in Il Silenzio di David \u2013 handcrafted in Italy. Discreet symbol jewelry, erotic leather accessories and intimate pieces for hotwife, cuckold and lifestyle dynamics. Worldwide shipping.\",\"breadcrumb\":{\"@id\":\"https:\\\/\\\/la-cortigiana.it\\\/product\\\/il-silenzio-di-david\\\/#breadcrumb\"},\"inLanguage\":\"de\",\"potentialAction\":[{\"@type\":\"ReadAction\",\"target\":[\"https:\\\/\\\/la-cortigiana.it\\\/product\\\/il-silenzio-di-david\\\/\"]}]},{\"@type\":\"ImageObject\",\"inLanguage\":\"de\",\"@id\":\"https:\\\/\\\/la-cortigiana.it\\\/product\\\/il-silenzio-di-david\\\/#primaryimage\",\"url\":\"https:\\\/\\\/la-cortigiana.it\\\/wp-content\\\/uploads\\\/2026\\\/01\\\/DSCF73171.jpg\",\"contentUrl\":\"https:\\\/\\\/la-cortigiana.it\\\/wp-content\\\/uploads\\\/2026\\\/01\\\/DSCF73171.jpg\",\"width\":1126,\"height\":1265,\"caption\":\"Il Silenzio di David\"},{\"@type\":\"BreadcrumbList\",\"@id\":\"https:\\\/\\\/la-cortigiana.it\\\/product\\\/il-silenzio-di-david\\\/#breadcrumb\",\"itemListElement\":[{\"@type\":\"ListItem\",\"position\":1,\"name\":\"Home\",\"item\":\"https:\\\/\\\/la-cortigiana.it\\\/\"},{\"@type\":\"ListItem\",\"position\":2,\"name\":\"Shop\",\"item\":\"https:\\\/\\\/la-cortigiana.it\\\/shop\\\/\"},{\"@type\":\"ListItem\",\"position\":3,\"name\":\"Il Silenzio di David\"}]},{\"@type\":\"WebSite\",\"@id\":\"https:\\\/\\\/la-cortigiana.it\\\/#website\",\"url\":\"https:\\\/\\\/la-cortigiana.it\\\/\",\"name\":\"La Cortigiana | Discreet Symbol Jewelry & Erotic Leather, Handmade in Italy\",\"description\":\"Quiet Marks of Chosen Desire\",\"publisher\":{\"@id\":\"https:\\\/\\\/la-cortigiana.it\\\/#organization\"},\"potentialAction\":[{\"@type\":\"SearchAction\",\"target\":{\"@type\":\"EntryPoint\",\"urlTemplate\":\"https:\\\/\\\/la-cortigiana.it\\\/?s={search_term_string}\"},\"query-input\":{\"@type\":\"PropertyValueSpecification\",\"valueRequired\":true,\"valueName\":\"search_term_string\"}}],\"inLanguage\":\"de\"},{\"@type\":\"Organization\",\"@id\":\"https:\\\/\\\/la-cortigiana.it\\\/#organization\",\"name\":\"La Cortigiana\",\"url\":\"https:\\\/\\\/la-cortigiana.it\\\/\",\"logo\":{\"@type\":\"ImageObject\",\"inLanguage\":\"de\",\"@id\":\"https:\\\/\\\/la-cortigiana.it\\\/#\\\/schema\\\/logo\\\/image\\\/\",\"url\":\"https:\\\/\\\/la-cortigiana.it\\\/wp-content\\\/uploads\\\/2025\\\/01\\\/La-Cortigiana.png\",\"contentUrl\":\"https:\\\/\\\/la-cortigiana.it\\\/wp-content\\\/uploads\\\/2025\\\/01\\\/La-Cortigiana.png\",\"width\":1646,\"height\":575,\"caption\":\"La Cortigiana\"},\"image\":{\"@id\":\"https:\\\/\\\/la-cortigiana.it\\\/#\\\/schema\\\/logo\\\/image\\\/\"},\"sameAs\":[\"https:\\\/\\\/www.facebook.com\\\/LaCortigiana\\\/\",\"https:\\\/\\\/x.com\\\/la_cortigianait\",\"https:\\\/\\\/www.instagram.com\\\/la_cortigiana.it\",\"https:\\\/\\\/substack.com\\\/@lacortigiana\"]}]}<\/script>\n<!-- \/ Yoast SEO Premium plugin. -->","yoast_head_json":{"title":"Il Silenzio di David | Symbol Jewelry & Erotic Accessories \u2013 Handmade in Italy","description":"Indulge in Il Silenzio di David \u2013 handcrafted in Italy. Discreet symbol jewelry, erotic leather accessories and intimate pieces for hotwife, cuckold and lifestyle dynamics. Worldwide shipping.","robots":{"index":"index","follow":"follow","max-snippet":"max-snippet:-1","max-image-preview":"max-image-preview:large","max-video-preview":"max-video-preview:-1"},"canonical":"https:\/\/la-cortigiana.it\/de\/produkt\/il-silenzio-di-david\/","og_locale":"de_DE","og_type":"article","og_title":"Il Silenzio di David | La Cortigiana \u2013 Handcrafted in Italy","og_description":"Luxury handcrafted lingerie & accessories from Italy. Sheer, sensual, made for bold desires. Discreet worldwide delivery.","og_url":"https:\/\/la-cortigiana.it\/de\/produkt\/il-silenzio-di-david\/","og_site_name":"La Cortigiana | Handcrafted Leather Accessories for Bold Desires","article_publisher":"https:\/\/www.facebook.com\/LaCortigiana\/","article_modified_time":"2026-01-27T20:53:37+00:00","og_image":[{"width":1126,"height":1265,"url":"https:\/\/la-cortigiana.it\/wp-content\/uploads\/2026\/01\/DSCF73171.jpg","type":"image\/jpeg"}],"twitter_card":"summary_large_image","twitter_site":"@la_cortigianait","twitter_misc":{"Gesch\u00e4tzte Lesezeit":"2\u00a0Minuten"},"schema":{"@context":"https:\/\/schema.org","@graph":[{"@type":["WebPage","ItemPage"],"@id":"https:\/\/la-cortigiana.it\/product\/il-silenzio-di-david\/","url":"https:\/\/la-cortigiana.it\/product\/il-silenzio-di-david\/","name":"Il Silenzio di David | Symbol Jewelry & Erotic Accessories \u2013 Handmade in Italy","isPartOf":{"@id":"https:\/\/la-cortigiana.it\/#website"},"primaryImageOfPage":{"@id":"https:\/\/la-cortigiana.it\/product\/il-silenzio-di-david\/#primaryimage"},"image":{"@id":"https:\/\/la-cortigiana.it\/product\/il-silenzio-di-david\/#primaryimage"},"thumbnailUrl":"https:\/\/la-cortigiana.it\/wp-content\/uploads\/2026\/01\/DSCF73171.jpg","datePublished":"2026-01-27T15:56:23+00:00","dateModified":"2026-01-27T20:53:37+00:00","description":"Indulge in Il Silenzio di David \u2013 handcrafted in Italy. Discreet symbol jewelry, erotic leather accessories and intimate pieces for hotwife, cuckold and lifestyle dynamics. Worldwide shipping.","breadcrumb":{"@id":"https:\/\/la-cortigiana.it\/product\/il-silenzio-di-david\/#breadcrumb"},"inLanguage":"de","potentialAction":[{"@type":"ReadAction","target":["https:\/\/la-cortigiana.it\/product\/il-silenzio-di-david\/"]}]},{"@type":"ImageObject","inLanguage":"de","@id":"https:\/\/la-cortigiana.it\/product\/il-silenzio-di-david\/#primaryimage","url":"https:\/\/la-cortigiana.it\/wp-content\/uploads\/2026\/01\/DSCF73171.jpg","contentUrl":"https:\/\/la-cortigiana.it\/wp-content\/uploads\/2026\/01\/DSCF73171.jpg","width":1126,"height":1265,"caption":"Il Silenzio di David"},{"@type":"BreadcrumbList","@id":"https:\/\/la-cortigiana.it\/product\/il-silenzio-di-david\/#breadcrumb","itemListElement":[{"@type":"ListItem","position":1,"name":"Home","item":"https:\/\/la-cortigiana.it\/"},{"@type":"ListItem","position":2,"name":"Shop","item":"https:\/\/la-cortigiana.it\/shop\/"},{"@type":"ListItem","position":3,"name":"Il Silenzio di David"}]},{"@type":"WebSite","@id":"https:\/\/la-cortigiana.it\/#website","url":"https:\/\/la-cortigiana.it\/","name":"La Cortigiana | Diskret-symbolischer Schmuck &amp; erotisches Leder, handgefertigt in Italien","description":"Stille Zeichen erw\u00e4hlten Verlangens","publisher":{"@id":"https:\/\/la-cortigiana.it\/#organization"},"potentialAction":[{"@type":"SearchAction","target":{"@type":"EntryPoint","urlTemplate":"https:\/\/la-cortigiana.it\/?s={search_term_string}"},"query-input":{"@type":"PropertyValueSpecification","valueRequired":true,"valueName":"search_term_string"}}],"inLanguage":"de"},{"@type":"Organization","@id":"https:\/\/la-cortigiana.it\/#organization","name":"La Cortigiana","url":"https:\/\/la-cortigiana.it\/","logo":{"@type":"ImageObject","inLanguage":"de","@id":"https:\/\/la-cortigiana.it\/#\/schema\/logo\/image\/","url":"https:\/\/la-cortigiana.it\/wp-content\/uploads\/2025\/01\/La-Cortigiana.png","contentUrl":"https:\/\/la-cortigiana.it\/wp-content\/uploads\/2025\/01\/La-Cortigiana.png","width":1646,"height":575,"caption":"La Cortigiana"},"image":{"@id":"https:\/\/la-cortigiana.it\/#\/schema\/logo\/image\/"},"sameAs":["https:\/\/www.facebook.com\/LaCortigiana\/","https:\/\/x.com\/la_cortigianait","https:\/\/www.instagram.com\/la_cortigiana.it","https:\/\/substack.com\/@lacortigiana"]}]}},"_links":{"self":[{"href":"https:\/\/la-cortigiana.it\/de\/wp-json\/wp\/v2\/product\/2344","targetHints":{"allow":["GET"]}}],"collection":[{"href":"https:\/\/la-cortigiana.it\/de\/wp-json\/wp\/v2\/product"}],"about":[{"href":"https:\/\/la-cortigiana.it\/de\/wp-json\/wp\/v2\/types\/product"}],"replies":[{"embeddable":true,"href":"https:\/\/la-cortigiana.it\/de\/wp-json\/wp\/v2\/comments?post=2344"}],"wp:featuredmedia":[{"embeddable":true,"href":"https:\/\/la-cortigiana.it\/de\/wp-json\/wp\/v2\/media\/2346"}],"wp:attachment":[{"href":"https:\/\/la-cortigiana.it\/de\/wp-json\/wp\/v2\/media?parent=2344"}],"wp:term":[{"taxonomy":"product_brand","embeddable":true,"href":"https:\/\/la-cortigiana.it\/de\/wp-json\/wp\/v2\/product_brand?post=2344"},{"taxonomy":"product_cat","embeddable":true,"href":"https:\/\/la-cortigiana.it\/de\/wp-json\/wp\/v2\/product_cat?post=2344"},{"taxonomy":"product_tag","embeddable":true,"href":"https:\/\/la-cortigiana.it\/de\/wp-json\/wp\/v2\/product_tag?post=2344"}],"curies":[{"name":"wp","href":"https:\/\/api.w.org\/{rel}","templated":true}]}}