{"id":2356,"date":"2026-01-27T22:12:50","date_gmt":"2026-01-27T21:12:50","guid":{"rendered":"https:\/\/la-cortigiana.it\/?post_type=product&#038;p=2356"},"modified":"2026-01-27T22:43:58","modified_gmt":"2026-01-27T21:43:58","slug":"custom-leather-collar","status":"publish","type":"product","link":"https:\/\/la-cortigiana.it\/de\/produkt\/custom-leather-collar\/","title":{"rendered":"Ma\u00dfgefertigtes Lederhalsband mit Gravur"},"content":{"rendered":"<p data-start=\"668\" data-end=\"846\">Dieses Halsband ist aus <strong data-start=\"693\" data-end=\"721\">Toskanisches Vacchetta-Leder<\/strong>, ein pflanzlich gegerbtes Leder, das traditionell in Italien f\u00fcr S\u00e4ttel, G\u00fcrtel und Gegenst\u00e4nde verwendet wird, die Jahrzehnte und nicht nur Saisons halten sollen.<\/p>\n<p data-start=\"848\" data-end=\"1068\">Vacchetta-Leder ist anfangs glatt und hell, dunkelt aber mit der Zeit, durch Ber\u00fchrung und Abnutzung nach und gewinnt an Charakter. Es reagiert auf Hautfette, Reibung und Luft. Kein St\u00fcck altert wie das andere. Kratzer st\u00f6ren nicht. Sie bleiben erhalten. Genau das macht den Reiz aus.<\/p>\n<p data-start=\"1070\" data-end=\"1261\">Das Halsband hat eine klare, harmonische Form und ist formstabil genug, um seine Form zu behalten, ohne dabei steif zu wirken. Es ist angenehm zu tragen, auch \u00fcber l\u00e4ngere Zeit, unter der Kleidung unauff\u00e4llig und wirkt auch offen getragen optisch ansprechend.<\/p>\n<p data-start=\"1263\" data-end=\"1493\">Gravuren k\u00f6nnen angebracht werden <strong data-start=\"1287\" data-end=\"1308\">innen oder au\u00dfen<\/strong> das Halsband.<br data-start=\"1320\" data-end=\"1323\" \/>Innengravur ist immer <strong data-start=\"1350\" data-end=\"1359\">Schwarz<\/strong>, subtil und privat.<br data-start=\"1380\" data-end=\"1383\" \/>Au\u00dfengravur ist m\u00f6glich <strong data-start=\"1408\" data-end=\"1439\">rot, schwarz, gold oder silber<\/strong>, je nachdem, wie sichtbar die Botschaft sein soll.<\/p>\n<p data-start=\"1495\" data-end=\"1623\">Die Gr\u00f6\u00dfen sind angegeben, aber <strong data-start=\"1517\" data-end=\"1548\">Jede individuelle Gr\u00f6\u00dfe kann angefertigt werden<\/strong>. Dies ist kein Dekorationsgegenstand, der vorgibt, funktional zu sein. Passform ist wichtig.<\/p>\n<p data-start=\"1625\" data-end=\"1655\">Handgefertigt in Italien, St\u00fcck f\u00fcr St\u00fcck.<\/p>","protected":false},"excerpt":{"rendered":"<p data-start=\"482\" data-end=\"638\">Ein minimalistisches Lederhalsband aus toskanischem Vacchetta-Leder.<br data-start=\"545\" data-end=\"548\" \/>Individuelle Gravur innen oder au\u00dfen.<br data-start=\"583\" data-end=\"586\" \/>Handgefertigt in Italien.<\/p>","protected":false},"featured_media":2357,"comment_status":"open","ping_status":"closed","template":"","meta":{"nf_dc_page":"","googlesitekit_rrm_CAowrc_CDA:productID":""},"product_brand":[],"product_cat":[23],"product_tag":[31,22],"class_list":{"0":"post-2356","1":"product","2":"type-product","3":"status-publish","4":"has-post-thumbnail","6":"product_cat-collars-handcuffs","7":"product_tag-bdsm","8":"product_tag-choker","10":"first","11":"instock","12":"shipping-taxable","13":"purchasable","14":"product-type-simple"},"yoast_head":"<!-- This site is optimized with the Yoast SEO Premium plugin v25.6 (Yoast SEO v27.4) - https:\/\/yoast.com\/product\/yoast-seo-premium-wordpress\/ -->\n<title>Custom Leather Collar with Engraving | Symbol Jewelry &amp; Erotic Accessories \u2013 Handmade in Italy<\/title>\n<meta name=\"description\" content=\"Indulge in Custom Leather Collar with Engraving \u2013 handcrafted in Italy. Discreet symbol jewelry, erotic leather accessories and intimate pieces for hotwife, cuckold and lifestyle dynamics. Worldwide shipping.\" \/>\n<meta name=\"robots\" content=\"index, follow, max-snippet:-1, max-image-preview:large, max-video-preview:-1\" \/>\n<link rel=\"canonical\" href=\"https:\/\/la-cortigiana.it\/de\/produkt\/custom-leather-collar\/\" \/>\n<meta property=\"og:locale\" content=\"de_DE\" \/>\n<meta property=\"og:type\" content=\"article\" \/>\n<meta property=\"og:title\" content=\"Custom Leather Collar with Engraving | La Cortigiana \u2013 Handcrafted in Italy\" \/>\n<meta property=\"og:description\" content=\"Luxury handcrafted lingerie &amp; accessories from Italy. Sheer, sensual, made for bold desires. Discreet worldwide delivery.\" \/>\n<meta property=\"og:url\" content=\"https:\/\/la-cortigiana.it\/de\/produkt\/custom-leather-collar\/\" \/>\n<meta property=\"og:site_name\" content=\"La Cortigiana | Handcrafted Leather Accessories for Bold Desires\" \/>\n<meta property=\"article:publisher\" content=\"https:\/\/www.facebook.com\/LaCortigiana\/\" \/>\n<meta property=\"article:modified_time\" content=\"2026-01-27T21:43:58+00:00\" \/>\n<meta property=\"og:image\" content=\"https:\/\/la-cortigiana.it\/wp-content\/uploads\/2026\/01\/DSCF3927-e1769548998675.jpg\" \/>\n\t<meta property=\"og:image:width\" content=\"1081\" \/>\n\t<meta property=\"og:image:height\" content=\"1722\" \/>\n\t<meta property=\"og:image:type\" content=\"image\/jpeg\" \/>\n<meta name=\"twitter:card\" content=\"summary_large_image\" \/>\n<meta name=\"twitter:site\" content=\"@la_cortigianait\" \/>\n<meta name=\"twitter:label1\" content=\"Gesch\u00e4tzte Lesezeit\" \/>\n\t<meta name=\"twitter:data1\" content=\"1\u00a0Minute\" \/>\n<script type=\"application\/ld+json\" class=\"yoast-schema-graph\">{\"@context\":\"https:\\\/\\\/schema.org\",\"@graph\":[{\"@type\":[\"WebPage\",\"ItemPage\"],\"@id\":\"https:\\\/\\\/la-cortigiana.it\\\/product\\\/custom-leather-collar\\\/\",\"url\":\"https:\\\/\\\/la-cortigiana.it\\\/product\\\/custom-leather-collar\\\/\",\"name\":\"Custom Leather Collar with Engraving | Symbol Jewelry & Erotic Accessories \u2013 Handmade in Italy\",\"isPartOf\":{\"@id\":\"https:\\\/\\\/la-cortigiana.it\\\/#website\"},\"primaryImageOfPage\":{\"@id\":\"https:\\\/\\\/la-cortigiana.it\\\/product\\\/custom-leather-collar\\\/#primaryimage\"},\"image\":{\"@id\":\"https:\\\/\\\/la-cortigiana.it\\\/product\\\/custom-leather-collar\\\/#primaryimage\"},\"thumbnailUrl\":\"https:\\\/\\\/la-cortigiana.it\\\/wp-content\\\/uploads\\\/2026\\\/01\\\/DSCF3927-e1769548998675.jpg\",\"datePublished\":\"2026-01-27T21:12:50+00:00\",\"dateModified\":\"2026-01-27T21:43:58+00:00\",\"description\":\"Indulge in Custom Leather Collar with Engraving \u2013 handcrafted in Italy. Discreet symbol jewelry, erotic leather accessories and intimate pieces for hotwife, cuckold and lifestyle dynamics. Worldwide shipping.\",\"breadcrumb\":{\"@id\":\"https:\\\/\\\/la-cortigiana.it\\\/product\\\/custom-leather-collar\\\/#breadcrumb\"},\"inLanguage\":\"de\",\"potentialAction\":[{\"@type\":\"ReadAction\",\"target\":[\"https:\\\/\\\/la-cortigiana.it\\\/product\\\/custom-leather-collar\\\/\"]}]},{\"@type\":\"ImageObject\",\"inLanguage\":\"de\",\"@id\":\"https:\\\/\\\/la-cortigiana.it\\\/product\\\/custom-leather-collar\\\/#primaryimage\",\"url\":\"https:\\\/\\\/la-cortigiana.it\\\/wp-content\\\/uploads\\\/2026\\\/01\\\/DSCF3927-e1769548998675.jpg\",\"contentUrl\":\"https:\\\/\\\/la-cortigiana.it\\\/wp-content\\\/uploads\\\/2026\\\/01\\\/DSCF3927-e1769548998675.jpg\",\"width\":1081,\"height\":1722,\"caption\":\"leather collar by La Cortigiana\"},{\"@type\":\"BreadcrumbList\",\"@id\":\"https:\\\/\\\/la-cortigiana.it\\\/product\\\/custom-leather-collar\\\/#breadcrumb\",\"itemListElement\":[{\"@type\":\"ListItem\",\"position\":1,\"name\":\"Home\",\"item\":\"https:\\\/\\\/la-cortigiana.it\\\/\"},{\"@type\":\"ListItem\",\"position\":2,\"name\":\"Shop\",\"item\":\"https:\\\/\\\/la-cortigiana.it\\\/shop\\\/\"},{\"@type\":\"ListItem\",\"position\":3,\"name\":\"Custom Leather Collar with Engraving\"}]},{\"@type\":\"WebSite\",\"@id\":\"https:\\\/\\\/la-cortigiana.it\\\/#website\",\"url\":\"https:\\\/\\\/la-cortigiana.it\\\/\",\"name\":\"La Cortigiana | Discreet Symbol Jewelry & Erotic Leather, Handmade in Italy\",\"description\":\"Quiet Marks of Chosen Desire\",\"publisher\":{\"@id\":\"https:\\\/\\\/la-cortigiana.it\\\/#organization\"},\"potentialAction\":[{\"@type\":\"SearchAction\",\"target\":{\"@type\":\"EntryPoint\",\"urlTemplate\":\"https:\\\/\\\/la-cortigiana.it\\\/?s={search_term_string}\"},\"query-input\":{\"@type\":\"PropertyValueSpecification\",\"valueRequired\":true,\"valueName\":\"search_term_string\"}}],\"inLanguage\":\"de\"},{\"@type\":\"Organization\",\"@id\":\"https:\\\/\\\/la-cortigiana.it\\\/#organization\",\"name\":\"La Cortigiana\",\"url\":\"https:\\\/\\\/la-cortigiana.it\\\/\",\"logo\":{\"@type\":\"ImageObject\",\"inLanguage\":\"de\",\"@id\":\"https:\\\/\\\/la-cortigiana.it\\\/#\\\/schema\\\/logo\\\/image\\\/\",\"url\":\"https:\\\/\\\/la-cortigiana.it\\\/wp-content\\\/uploads\\\/2025\\\/01\\\/La-Cortigiana.png\",\"contentUrl\":\"https:\\\/\\\/la-cortigiana.it\\\/wp-content\\\/uploads\\\/2025\\\/01\\\/La-Cortigiana.png\",\"width\":1646,\"height\":575,\"caption\":\"La Cortigiana\"},\"image\":{\"@id\":\"https:\\\/\\\/la-cortigiana.it\\\/#\\\/schema\\\/logo\\\/image\\\/\"},\"sameAs\":[\"https:\\\/\\\/www.facebook.com\\\/LaCortigiana\\\/\",\"https:\\\/\\\/x.com\\\/la_cortigianait\",\"https:\\\/\\\/www.instagram.com\\\/la_cortigiana.it\",\"https:\\\/\\\/substack.com\\\/@lacortigiana\"]}]}<\/script>\n<!-- \/ Yoast SEO Premium plugin. -->","yoast_head_json":{"title":"Custom Leather Collar with Engraving | Symbol Jewelry & Erotic Accessories \u2013 Handmade in Italy","description":"Indulge in Custom Leather Collar with Engraving \u2013 handcrafted in Italy. Discreet symbol jewelry, erotic leather accessories and intimate pieces for hotwife, cuckold and lifestyle dynamics. Worldwide shipping.","robots":{"index":"index","follow":"follow","max-snippet":"max-snippet:-1","max-image-preview":"max-image-preview:large","max-video-preview":"max-video-preview:-1"},"canonical":"https:\/\/la-cortigiana.it\/de\/produkt\/custom-leather-collar\/","og_locale":"de_DE","og_type":"article","og_title":"Custom Leather Collar with Engraving | La Cortigiana \u2013 Handcrafted in Italy","og_description":"Luxury handcrafted lingerie & accessories from Italy. Sheer, sensual, made for bold desires. Discreet worldwide delivery.","og_url":"https:\/\/la-cortigiana.it\/de\/produkt\/custom-leather-collar\/","og_site_name":"La Cortigiana | Handcrafted Leather Accessories for Bold Desires","article_publisher":"https:\/\/www.facebook.com\/LaCortigiana\/","article_modified_time":"2026-01-27T21:43:58+00:00","og_image":[{"width":1081,"height":1722,"url":"https:\/\/la-cortigiana.it\/wp-content\/uploads\/2026\/01\/DSCF3927-e1769548998675.jpg","type":"image\/jpeg"}],"twitter_card":"summary_large_image","twitter_site":"@la_cortigianait","twitter_misc":{"Gesch\u00e4tzte Lesezeit":"1\u00a0Minute"},"schema":{"@context":"https:\/\/schema.org","@graph":[{"@type":["WebPage","ItemPage"],"@id":"https:\/\/la-cortigiana.it\/product\/custom-leather-collar\/","url":"https:\/\/la-cortigiana.it\/product\/custom-leather-collar\/","name":"Custom Leather Collar with Engraving | Symbol Jewelry & Erotic Accessories \u2013 Handmade in Italy","isPartOf":{"@id":"https:\/\/la-cortigiana.it\/#website"},"primaryImageOfPage":{"@id":"https:\/\/la-cortigiana.it\/product\/custom-leather-collar\/#primaryimage"},"image":{"@id":"https:\/\/la-cortigiana.it\/product\/custom-leather-collar\/#primaryimage"},"thumbnailUrl":"https:\/\/la-cortigiana.it\/wp-content\/uploads\/2026\/01\/DSCF3927-e1769548998675.jpg","datePublished":"2026-01-27T21:12:50+00:00","dateModified":"2026-01-27T21:43:58+00:00","description":"Indulge in Custom Leather Collar with Engraving \u2013 handcrafted in Italy. Discreet symbol jewelry, erotic leather accessories and intimate pieces for hotwife, cuckold and lifestyle dynamics. Worldwide shipping.","breadcrumb":{"@id":"https:\/\/la-cortigiana.it\/product\/custom-leather-collar\/#breadcrumb"},"inLanguage":"de","potentialAction":[{"@type":"ReadAction","target":["https:\/\/la-cortigiana.it\/product\/custom-leather-collar\/"]}]},{"@type":"ImageObject","inLanguage":"de","@id":"https:\/\/la-cortigiana.it\/product\/custom-leather-collar\/#primaryimage","url":"https:\/\/la-cortigiana.it\/wp-content\/uploads\/2026\/01\/DSCF3927-e1769548998675.jpg","contentUrl":"https:\/\/la-cortigiana.it\/wp-content\/uploads\/2026\/01\/DSCF3927-e1769548998675.jpg","width":1081,"height":1722,"caption":"leather collar by La Cortigiana"},{"@type":"BreadcrumbList","@id":"https:\/\/la-cortigiana.it\/product\/custom-leather-collar\/#breadcrumb","itemListElement":[{"@type":"ListItem","position":1,"name":"Home","item":"https:\/\/la-cortigiana.it\/"},{"@type":"ListItem","position":2,"name":"Shop","item":"https:\/\/la-cortigiana.it\/shop\/"},{"@type":"ListItem","position":3,"name":"Custom Leather Collar with Engraving"}]},{"@type":"WebSite","@id":"https:\/\/la-cortigiana.it\/#website","url":"https:\/\/la-cortigiana.it\/","name":"La Cortigiana | Diskret-symbolischer Schmuck &amp; erotisches Leder, handgefertigt in Italien","description":"Stille Zeichen erw\u00e4hlten Verlangens","publisher":{"@id":"https:\/\/la-cortigiana.it\/#organization"},"potentialAction":[{"@type":"SearchAction","target":{"@type":"EntryPoint","urlTemplate":"https:\/\/la-cortigiana.it\/?s={search_term_string}"},"query-input":{"@type":"PropertyValueSpecification","valueRequired":true,"valueName":"search_term_string"}}],"inLanguage":"de"},{"@type":"Organization","@id":"https:\/\/la-cortigiana.it\/#organization","name":"La Cortigiana","url":"https:\/\/la-cortigiana.it\/","logo":{"@type":"ImageObject","inLanguage":"de","@id":"https:\/\/la-cortigiana.it\/#\/schema\/logo\/image\/","url":"https:\/\/la-cortigiana.it\/wp-content\/uploads\/2025\/01\/La-Cortigiana.png","contentUrl":"https:\/\/la-cortigiana.it\/wp-content\/uploads\/2025\/01\/La-Cortigiana.png","width":1646,"height":575,"caption":"La Cortigiana"},"image":{"@id":"https:\/\/la-cortigiana.it\/#\/schema\/logo\/image\/"},"sameAs":["https:\/\/www.facebook.com\/LaCortigiana\/","https:\/\/x.com\/la_cortigianait","https:\/\/www.instagram.com\/la_cortigiana.it","https:\/\/substack.com\/@lacortigiana"]}]}},"_links":{"self":[{"href":"https:\/\/la-cortigiana.it\/de\/wp-json\/wp\/v2\/product\/2356","targetHints":{"allow":["GET"]}}],"collection":[{"href":"https:\/\/la-cortigiana.it\/de\/wp-json\/wp\/v2\/product"}],"about":[{"href":"https:\/\/la-cortigiana.it\/de\/wp-json\/wp\/v2\/types\/product"}],"replies":[{"embeddable":true,"href":"https:\/\/la-cortigiana.it\/de\/wp-json\/wp\/v2\/comments?post=2356"}],"wp:featuredmedia":[{"embeddable":true,"href":"https:\/\/la-cortigiana.it\/de\/wp-json\/wp\/v2\/media\/2357"}],"wp:attachment":[{"href":"https:\/\/la-cortigiana.it\/de\/wp-json\/wp\/v2\/media?parent=2356"}],"wp:term":[{"taxonomy":"product_brand","embeddable":true,"href":"https:\/\/la-cortigiana.it\/de\/wp-json\/wp\/v2\/product_brand?post=2356"},{"taxonomy":"product_cat","embeddable":true,"href":"https:\/\/la-cortigiana.it\/de\/wp-json\/wp\/v2\/product_cat?post=2356"},{"taxonomy":"product_tag","embeddable":true,"href":"https:\/\/la-cortigiana.it\/de\/wp-json\/wp\/v2\/product_tag?post=2356"}],"curies":[{"name":"wp","href":"https:\/\/api.w.org\/{rel}","templated":true}]}}