{"id":29,"date":"2025-01-03T19:14:55","date_gmt":"2025-01-03T18:14:55","guid":{"rendered":"https:\/\/jcj.qow.mybluehost.me\/?post_type=product&#038;p=29"},"modified":"2025-12-21T19:43:16","modified_gmt":"2025-12-21T18:43:16","slug":"personalised-bracelet-with-silver-o-ring-and-chain","status":"publish","type":"product","link":"https:\/\/la-cortigiana.it\/de\/produkt\/personalised-bracelet-with-silver-o-ring-and-chain\/","title":{"rendered":"Lederarmband mit silbernem O-Ring und individueller Gravur"},"content":{"rendered":"<p><strong>Leder- und Silberarmband \u2013 Eine auf der Haut getragene Geschichte<\/strong><\/p>\n<p>Dieses Armband vereint zeitlose Eleganz mit einer tiefen pers\u00f6nlichen Bedeutung. Handgefertigt aus Premium <strong>Italienisches Leder<\/strong>, es schmiegt sich sanft um das Handgelenk, w\u00e4hrend ein kr\u00e4ftiges <strong>O-Ring aus 925er Sterlingsilber<\/strong> und die Kette verleihen eine skulpturale Note. Das Ergebnis ist ein St\u00fcck, das sich sowohl raffiniert als auch ausdrucksstark anf\u00fchlt \u2013 gleicherma\u00dfen geeignet f\u00fcr den Alltag oder als Symbol der Verbundenheit und Absicht.<\/p>\n<h3>Personalisierung<\/h3>\n<p>Mit einer Gravur wird es zu etwas Einzigartigem. Bis zu 30 Zeichen k\u00f6nnen innen oder au\u00dfen in das Leder eingraviert werden \u2013 ein Name, eine Erinnerung, ein pers\u00f6nlicher Spruch. W\u00e4hlen Sie eine klassische Serifenschrift oder fordern Sie <strong>benutzerdefinierte Symbole, Illustrationen oder Kalligraphie<\/strong> um Ihren Stil und Ihre Geschichte einzufangen.<\/p>\n<h3>Passform und Design<\/h3>\n<p>Das Armband ist vollst\u00e4ndig verstellbar (15\u201320 cm) und der Silberring kann f\u00fcr eine perfekte Passform in der Gr\u00f6\u00dfe angepasst werden. Jedes Detail ist auf Komfort und Ausgewogenheit ausgelegt \u2013 so f\u00fchlt sich das Schmuckst\u00fcck nat\u00fcrlich am K\u00f6rper an und hat gleichzeitig eine gro\u00dfe Bedeutung.<\/p>\n<h3>Mehr als Schmuck<\/h3>\n<p>Ob als Geschenk, als pers\u00f6nlicher Talisman oder als Geheimnis zwischen zwei Personen, dieses Armband ist mehr als nur Schmuck. Es ist ein <strong>Stellungnahme<\/strong>, A <strong>Geschichte<\/strong>und eine Erinnerung, die in der N\u00e4he des Pulses getragen wird.<\/p>","protected":false},"excerpt":{"rendered":"<p>Ein handgefertigtes Lederarmband mit einem O-Ring und einer Kette aus Sterlingsilber, das innen oder au\u00dfen mit Ihrer Nachricht personalisiert werden kann.<\/p>","protected":false},"featured_media":102,"comment_status":"open","ping_status":"closed","template":"","meta":{"nf_dc_page":"","googlesitekit_rrm_CAowrc_CDA:productID":""},"product_brand":[],"product_cat":[24],"product_tag":[],"class_list":{"0":"post-29","1":"product","2":"type-product","3":"status-publish","4":"has-post-thumbnail","6":"product_cat-bracelets","8":"first","9":"instock","10":"shipping-taxable","11":"purchasable","12":"product-type-simple"},"yoast_head":"<!-- This site is optimized with the Yoast SEO Premium plugin v25.6 (Yoast SEO v27.4) - https:\/\/yoast.com\/product\/yoast-seo-premium-wordpress\/ -->\n<title>Leather Bracelet with Silver O-Ring and Custom Engraving | Symbol Jewelry &amp; Erotic Accessories \u2013 Handmade in Italy<\/title>\n<meta name=\"description\" content=\"Indulge in Leather Bracelet with Silver O-Ring and Custom Engraving \u2013 handcrafted in Italy. Discreet symbol jewelry, erotic leather accessories and intimate pieces for hotwife, cuckold and lifestyle dynamics. Worldwide shipping.\" \/>\n<meta name=\"robots\" content=\"index, follow, max-snippet:-1, max-image-preview:large, max-video-preview:-1\" \/>\n<link rel=\"canonical\" href=\"https:\/\/la-cortigiana.it\/de\/produkt\/personalised-bracelet-with-silver-o-ring-and-chain\/\" \/>\n<meta property=\"og:locale\" content=\"de_DE\" \/>\n<meta property=\"og:type\" content=\"article\" \/>\n<meta property=\"og:title\" content=\"Leather Bracelet with Silver O-Ring and Custom Engraving | La Cortigiana \u2013 Handcrafted in Italy\" \/>\n<meta property=\"og:description\" content=\"Luxury handcrafted lingerie &amp; accessories from Italy. Sheer, sensual, made for bold desires. Discreet worldwide delivery.\" \/>\n<meta property=\"og:url\" content=\"https:\/\/la-cortigiana.it\/de\/produkt\/personalised-bracelet-with-silver-o-ring-and-chain\/\" \/>\n<meta property=\"og:site_name\" content=\"La Cortigiana | Handcrafted Leather Accessories for Bold Desires\" \/>\n<meta property=\"article:publisher\" content=\"https:\/\/www.facebook.com\/LaCortigiana\/\" \/>\n<meta property=\"article:modified_time\" content=\"2025-12-21T18:43:16+00:00\" \/>\n<meta property=\"og:image\" content=\"https:\/\/la-cortigiana.it\/wp-content\/uploads\/2025\/01\/ring1.jpg\" \/>\n\t<meta property=\"og:image:width\" content=\"1920\" \/>\n\t<meta property=\"og:image:height\" content=\"1536\" \/>\n\t<meta property=\"og:image:type\" content=\"image\/jpeg\" \/>\n<meta name=\"twitter:card\" content=\"summary_large_image\" \/>\n<meta name=\"twitter:site\" content=\"@la_cortigianait\" \/>\n<meta name=\"twitter:label1\" content=\"Gesch\u00e4tzte Lesezeit\" \/>\n\t<meta name=\"twitter:data1\" content=\"1\u00a0Minute\" \/>\n<script type=\"application\/ld+json\" class=\"yoast-schema-graph\">{\"@context\":\"https:\\\/\\\/schema.org\",\"@graph\":[{\"@type\":[\"WebPage\",\"ItemPage\"],\"@id\":\"https:\\\/\\\/la-cortigiana.it\\\/product\\\/personalised-bracelet-with-silver-o-ring-and-chain\\\/\",\"url\":\"https:\\\/\\\/la-cortigiana.it\\\/product\\\/personalised-bracelet-with-silver-o-ring-and-chain\\\/\",\"name\":\"Leather Bracelet with Silver O-Ring and Custom Engraving | Symbol Jewelry & Erotic Accessories \u2013 Handmade in Italy\",\"isPartOf\":{\"@id\":\"https:\\\/\\\/la-cortigiana.it\\\/#website\"},\"primaryImageOfPage\":{\"@id\":\"https:\\\/\\\/la-cortigiana.it\\\/product\\\/personalised-bracelet-with-silver-o-ring-and-chain\\\/#primaryimage\"},\"image\":{\"@id\":\"https:\\\/\\\/la-cortigiana.it\\\/product\\\/personalised-bracelet-with-silver-o-ring-and-chain\\\/#primaryimage\"},\"thumbnailUrl\":\"https:\\\/\\\/la-cortigiana.it\\\/wp-content\\\/uploads\\\/2025\\\/01\\\/ring1.jpg\",\"datePublished\":\"2025-01-03T18:14:55+00:00\",\"dateModified\":\"2025-12-21T18:43:16+00:00\",\"description\":\"Indulge in Leather Bracelet with Silver O-Ring and Custom Engraving \u2013 handcrafted in Italy. Discreet symbol jewelry, erotic leather accessories and intimate pieces for hotwife, cuckold and lifestyle dynamics. Worldwide shipping.\",\"breadcrumb\":{\"@id\":\"https:\\\/\\\/la-cortigiana.it\\\/product\\\/personalised-bracelet-with-silver-o-ring-and-chain\\\/#breadcrumb\"},\"inLanguage\":\"de\",\"potentialAction\":[{\"@type\":\"ReadAction\",\"target\":[\"https:\\\/\\\/la-cortigiana.it\\\/product\\\/personalised-bracelet-with-silver-o-ring-and-chain\\\/\"]}]},{\"@type\":\"ImageObject\",\"inLanguage\":\"de\",\"@id\":\"https:\\\/\\\/la-cortigiana.it\\\/product\\\/personalised-bracelet-with-silver-o-ring-and-chain\\\/#primaryimage\",\"url\":\"https:\\\/\\\/la-cortigiana.it\\\/wp-content\\\/uploads\\\/2025\\\/01\\\/ring1.jpg\",\"contentUrl\":\"https:\\\/\\\/la-cortigiana.it\\\/wp-content\\\/uploads\\\/2025\\\/01\\\/ring1.jpg\",\"width\":1920,\"height\":1536},{\"@type\":\"BreadcrumbList\",\"@id\":\"https:\\\/\\\/la-cortigiana.it\\\/product\\\/personalised-bracelet-with-silver-o-ring-and-chain\\\/#breadcrumb\",\"itemListElement\":[{\"@type\":\"ListItem\",\"position\":1,\"name\":\"Home\",\"item\":\"https:\\\/\\\/la-cortigiana.it\\\/\"},{\"@type\":\"ListItem\",\"position\":2,\"name\":\"Shop\",\"item\":\"https:\\\/\\\/la-cortigiana.it\\\/shop\\\/\"},{\"@type\":\"ListItem\",\"position\":3,\"name\":\"Leather Bracelet with Silver O-Ring and Custom Engraving\"}]},{\"@type\":\"WebSite\",\"@id\":\"https:\\\/\\\/la-cortigiana.it\\\/#website\",\"url\":\"https:\\\/\\\/la-cortigiana.it\\\/\",\"name\":\"La Cortigiana | Discreet Symbol Jewelry & Erotic Leather, Handmade in Italy\",\"description\":\"Quiet Marks of Chosen Desire\",\"publisher\":{\"@id\":\"https:\\\/\\\/la-cortigiana.it\\\/#organization\"},\"potentialAction\":[{\"@type\":\"SearchAction\",\"target\":{\"@type\":\"EntryPoint\",\"urlTemplate\":\"https:\\\/\\\/la-cortigiana.it\\\/?s={search_term_string}\"},\"query-input\":{\"@type\":\"PropertyValueSpecification\",\"valueRequired\":true,\"valueName\":\"search_term_string\"}}],\"inLanguage\":\"de\"},{\"@type\":\"Organization\",\"@id\":\"https:\\\/\\\/la-cortigiana.it\\\/#organization\",\"name\":\"La Cortigiana\",\"url\":\"https:\\\/\\\/la-cortigiana.it\\\/\",\"logo\":{\"@type\":\"ImageObject\",\"inLanguage\":\"de\",\"@id\":\"https:\\\/\\\/la-cortigiana.it\\\/#\\\/schema\\\/logo\\\/image\\\/\",\"url\":\"https:\\\/\\\/la-cortigiana.it\\\/wp-content\\\/uploads\\\/2025\\\/01\\\/La-Cortigiana.png\",\"contentUrl\":\"https:\\\/\\\/la-cortigiana.it\\\/wp-content\\\/uploads\\\/2025\\\/01\\\/La-Cortigiana.png\",\"width\":1646,\"height\":575,\"caption\":\"La Cortigiana\"},\"image\":{\"@id\":\"https:\\\/\\\/la-cortigiana.it\\\/#\\\/schema\\\/logo\\\/image\\\/\"},\"sameAs\":[\"https:\\\/\\\/www.facebook.com\\\/LaCortigiana\\\/\",\"https:\\\/\\\/x.com\\\/la_cortigianait\",\"https:\\\/\\\/www.instagram.com\\\/la_cortigiana.it\",\"https:\\\/\\\/substack.com\\\/@lacortigiana\"]}]}<\/script>\n<!-- \/ Yoast SEO Premium plugin. -->","yoast_head_json":{"title":"Leather Bracelet with Silver O-Ring and Custom Engraving | Symbol Jewelry & Erotic Accessories \u2013 Handmade in Italy","description":"Indulge in Leather Bracelet with Silver O-Ring and Custom Engraving \u2013 handcrafted in Italy. Discreet symbol jewelry, erotic leather accessories and intimate pieces for hotwife, cuckold and lifestyle dynamics. Worldwide shipping.","robots":{"index":"index","follow":"follow","max-snippet":"max-snippet:-1","max-image-preview":"max-image-preview:large","max-video-preview":"max-video-preview:-1"},"canonical":"https:\/\/la-cortigiana.it\/de\/produkt\/personalised-bracelet-with-silver-o-ring-and-chain\/","og_locale":"de_DE","og_type":"article","og_title":"Leather Bracelet with Silver O-Ring and Custom Engraving | La Cortigiana \u2013 Handcrafted in Italy","og_description":"Luxury handcrafted lingerie & accessories from Italy. Sheer, sensual, made for bold desires. Discreet worldwide delivery.","og_url":"https:\/\/la-cortigiana.it\/de\/produkt\/personalised-bracelet-with-silver-o-ring-and-chain\/","og_site_name":"La Cortigiana | Handcrafted Leather Accessories for Bold Desires","article_publisher":"https:\/\/www.facebook.com\/LaCortigiana\/","article_modified_time":"2025-12-21T18:43:16+00:00","og_image":[{"width":1920,"height":1536,"url":"https:\/\/la-cortigiana.it\/wp-content\/uploads\/2025\/01\/ring1.jpg","type":"image\/jpeg"}],"twitter_card":"summary_large_image","twitter_site":"@la_cortigianait","twitter_misc":{"Gesch\u00e4tzte Lesezeit":"1\u00a0Minute"},"schema":{"@context":"https:\/\/schema.org","@graph":[{"@type":["WebPage","ItemPage"],"@id":"https:\/\/la-cortigiana.it\/product\/personalised-bracelet-with-silver-o-ring-and-chain\/","url":"https:\/\/la-cortigiana.it\/product\/personalised-bracelet-with-silver-o-ring-and-chain\/","name":"Leather Bracelet with Silver O-Ring and Custom Engraving | Symbol Jewelry & Erotic Accessories \u2013 Handmade in Italy","isPartOf":{"@id":"https:\/\/la-cortigiana.it\/#website"},"primaryImageOfPage":{"@id":"https:\/\/la-cortigiana.it\/product\/personalised-bracelet-with-silver-o-ring-and-chain\/#primaryimage"},"image":{"@id":"https:\/\/la-cortigiana.it\/product\/personalised-bracelet-with-silver-o-ring-and-chain\/#primaryimage"},"thumbnailUrl":"https:\/\/la-cortigiana.it\/wp-content\/uploads\/2025\/01\/ring1.jpg","datePublished":"2025-01-03T18:14:55+00:00","dateModified":"2025-12-21T18:43:16+00:00","description":"Indulge in Leather Bracelet with Silver O-Ring and Custom Engraving \u2013 handcrafted in Italy. Discreet symbol jewelry, erotic leather accessories and intimate pieces for hotwife, cuckold and lifestyle dynamics. Worldwide shipping.","breadcrumb":{"@id":"https:\/\/la-cortigiana.it\/product\/personalised-bracelet-with-silver-o-ring-and-chain\/#breadcrumb"},"inLanguage":"de","potentialAction":[{"@type":"ReadAction","target":["https:\/\/la-cortigiana.it\/product\/personalised-bracelet-with-silver-o-ring-and-chain\/"]}]},{"@type":"ImageObject","inLanguage":"de","@id":"https:\/\/la-cortigiana.it\/product\/personalised-bracelet-with-silver-o-ring-and-chain\/#primaryimage","url":"https:\/\/la-cortigiana.it\/wp-content\/uploads\/2025\/01\/ring1.jpg","contentUrl":"https:\/\/la-cortigiana.it\/wp-content\/uploads\/2025\/01\/ring1.jpg","width":1920,"height":1536},{"@type":"BreadcrumbList","@id":"https:\/\/la-cortigiana.it\/product\/personalised-bracelet-with-silver-o-ring-and-chain\/#breadcrumb","itemListElement":[{"@type":"ListItem","position":1,"name":"Home","item":"https:\/\/la-cortigiana.it\/"},{"@type":"ListItem","position":2,"name":"Shop","item":"https:\/\/la-cortigiana.it\/shop\/"},{"@type":"ListItem","position":3,"name":"Leather Bracelet with Silver O-Ring and Custom Engraving"}]},{"@type":"WebSite","@id":"https:\/\/la-cortigiana.it\/#website","url":"https:\/\/la-cortigiana.it\/","name":"La Cortigiana | Diskret-symbolischer Schmuck &amp; erotisches Leder, handgefertigt in Italien","description":"Stille Zeichen erw\u00e4hlten Verlangens","publisher":{"@id":"https:\/\/la-cortigiana.it\/#organization"},"potentialAction":[{"@type":"SearchAction","target":{"@type":"EntryPoint","urlTemplate":"https:\/\/la-cortigiana.it\/?s={search_term_string}"},"query-input":{"@type":"PropertyValueSpecification","valueRequired":true,"valueName":"search_term_string"}}],"inLanguage":"de"},{"@type":"Organization","@id":"https:\/\/la-cortigiana.it\/#organization","name":"La Cortigiana","url":"https:\/\/la-cortigiana.it\/","logo":{"@type":"ImageObject","inLanguage":"de","@id":"https:\/\/la-cortigiana.it\/#\/schema\/logo\/image\/","url":"https:\/\/la-cortigiana.it\/wp-content\/uploads\/2025\/01\/La-Cortigiana.png","contentUrl":"https:\/\/la-cortigiana.it\/wp-content\/uploads\/2025\/01\/La-Cortigiana.png","width":1646,"height":575,"caption":"La Cortigiana"},"image":{"@id":"https:\/\/la-cortigiana.it\/#\/schema\/logo\/image\/"},"sameAs":["https:\/\/www.facebook.com\/LaCortigiana\/","https:\/\/x.com\/la_cortigianait","https:\/\/www.instagram.com\/la_cortigiana.it","https:\/\/substack.com\/@lacortigiana"]}]}},"_links":{"self":[{"href":"https:\/\/la-cortigiana.it\/de\/wp-json\/wp\/v2\/product\/29","targetHints":{"allow":["GET"]}}],"collection":[{"href":"https:\/\/la-cortigiana.it\/de\/wp-json\/wp\/v2\/product"}],"about":[{"href":"https:\/\/la-cortigiana.it\/de\/wp-json\/wp\/v2\/types\/product"}],"replies":[{"embeddable":true,"href":"https:\/\/la-cortigiana.it\/de\/wp-json\/wp\/v2\/comments?post=29"}],"wp:featuredmedia":[{"embeddable":true,"href":"https:\/\/la-cortigiana.it\/de\/wp-json\/wp\/v2\/media\/102"}],"wp:attachment":[{"href":"https:\/\/la-cortigiana.it\/de\/wp-json\/wp\/v2\/media?parent=29"}],"wp:term":[{"taxonomy":"product_brand","embeddable":true,"href":"https:\/\/la-cortigiana.it\/de\/wp-json\/wp\/v2\/product_brand?post=29"},{"taxonomy":"product_cat","embeddable":true,"href":"https:\/\/la-cortigiana.it\/de\/wp-json\/wp\/v2\/product_cat?post=29"},{"taxonomy":"product_tag","embeddable":true,"href":"https:\/\/la-cortigiana.it\/de\/wp-json\/wp\/v2\/product_tag?post=29"}],"curies":[{"name":"wp","href":"https:\/\/api.w.org\/{rel}","templated":true}]}}