{"id":2903,"date":"2026-04-27T21:50:52","date_gmt":"2026-04-27T20:50:52","guid":{"rendered":"https:\/\/la-cortigiana.it\/?post_type=product&#038;p=2903"},"modified":"2026-04-27T22:24:37","modified_gmt":"2026-04-27T21:24:37","slug":"hotwife-symbol-pendant-necklace","status":"publish","type":"product","link":"https:\/\/la-cortigiana.it\/de\/produkt\/hotwife-symbol-pendant-necklace\/","title":{"rendered":"Hotwife Symbol Anh\u00e4nger Halskette"},"content":{"rendered":"<p data-start=\"590\" data-end=\"815\">Ein kleines, dezentes 12-mm-Medaillon aus Metall und nat\u00fcrlichem Walnussholz, graviert mit einem symbolischen Hotwife-\/Lifestyle-Emblem. Entworfen f\u00fcr alle, die jenseits von Konventionen leben \u2013 und deren Bedeutung lieber im Verborgenen bleibt.<\/p>\n<h3 data-start=\"817\" data-end=\"841\">\ud83d\udd39 Materialien &amp; Basteln<\/h3>\n<ul data-start=\"842\" data-end=\"1097\">\n<li data-start=\"842\" data-end=\"898\">Sockel aus massivem Metall (matte Oberfl\u00e4che, nicht hochglanzpoliert)<\/li>\n<li data-start=\"899\" data-end=\"959\">Einlage aus nat\u00fcrlichem Walnussholz (jedes St\u00fcck hat eine einzigartige Maserung)<\/li>\n<li data-start=\"960\" data-end=\"1047\">Pr\u00e4zisionsgravur \u2013 bewusst leicht unvollkommen, was ihr eine nat\u00fcrliche, authentische Note verleiht.<\/li>\n<li data-start=\"1048\" data-end=\"1097\">Handgefertigte \u00c4sthetik, kein massenproduzierter Schmuck<\/li>\n<\/ul>\n<h3 data-start=\"1099\" data-end=\"1116\">\ud83d\udd39 Gr\u00f6\u00dfe &amp; Passform<\/h3>\n<ul data-start=\"1117\" data-end=\"1274\">\n<li data-start=\"1117\" data-end=\"1163\">Anh\u00e4ngerdurchmesser: <strong data-start=\"1137\" data-end=\"1161\">12 mm (~0,47 Zoll)<\/strong><\/li>\n<li data-start=\"1164\" data-end=\"1214\">Dezent und minimalistisch \u2013 entworfen f\u00fcr den t\u00e4glichen Gebrauch.<\/li>\n<li data-start=\"1215\" data-end=\"1274\">Perfekte Gr\u00f6\u00dfe: aus der N\u00e4he gut sichtbar, aus der Ferne diskret.<\/li>\n<\/ul>\n<p data-start=\"1276\" data-end=\"1435\">\ud83d\udc49 F\u00fcr US-Kunden:<br data-start=\"1296\" data-end=\"1299\" \/>12 mm = ca. <strong data-start=\"1315\" data-end=\"1352\">0,47 Zoll (knapp unter 1\/2 Zoll)<\/strong><br data-start=\"1352\" data-end=\"1355\" \/>Dies wird als ein <strong data-start=\"1376\" data-end=\"1410\">kleine, minimalistische Anh\u00e4ngergr\u00f6\u00dfe<\/strong><\/p>\n<hr data-start=\"1437\" data-end=\"1440\" \/>\n<h3 data-start=\"1442\" data-end=\"1463\">\ud83d\udd39 Bedeutung des Designs<\/h3>\n<p data-start=\"1464\" data-end=\"1619\">Das Symbol repr\u00e4sentiert eine spezifische Dynamik innerhalb aufgeschlossener und lebensstilorientierter Gemeinschaften.<br data-start=\"1550\" data-end=\"1553\" \/>F\u00fcr diejenigen erkennbar, die es verstehen \u2013 f\u00fcr alle anderen unsichtbar.<\/p>\n<p data-start=\"1621\" data-end=\"1665\">Keine Erkl\u00e4rung n\u00f6tig. Keine Offenlegung erforderlich.<\/p>\n<hr data-start=\"1667\" data-end=\"1670\" \/>\n<h3 data-start=\"1672\" data-end=\"1690\">\ud83d\udd39 Stil &amp; Verwendung<\/h3>\n<ul data-start=\"1691\" data-end=\"1853\">\n<li data-start=\"1691\" data-end=\"1728\">Alltagskleidung mit versteckter Bedeutung<\/li>\n<li data-start=\"1729\" data-end=\"1853\">Perfekt f\u00fcr:\n<ul data-start=\"1746\" data-end=\"1853\">\n<li data-start=\"1746\" data-end=\"1767\">Lifestyle-Paare<\/li>\n<li data-start=\"1770\" data-end=\"1790\">Dynamiken der Hotwife<\/li>\n<li data-start=\"1793\" data-end=\"1822\">Symbole f\u00fcr offene Beziehungen<\/li>\n<li data-start=\"1825\" data-end=\"1853\">diskreter Fetischausdruck<\/li>\n<\/ul>\n<\/li>\n<\/ul>\n<p data-start=\"1855\" data-end=\"1903\">Passt sowohl zu legeren als auch zu eleganten Outfits.<\/p>\n<hr data-start=\"1905\" data-end=\"1908\" \/>\n<h3 data-start=\"1910\" data-end=\"1931\">\ud83d\udd39 Warum dieses St\u00fcck<\/h3>\n<p data-start=\"1932\" data-end=\"1979\">Im Gegensatz zu Schmuck aus Massenproduktion bewahrt dieser Anh\u00e4nger Folgendes auf:<\/p>\n<ul data-start=\"1980\" data-end=\"2087\">\n<li data-start=\"1980\" data-end=\"2021\">Realer Materialkontrast (Metall + Holz)<\/li>\n<li data-start=\"2022\" data-end=\"2053\">unvollkommene Gravurtextur<\/li>\n<li data-start=\"2054\" data-end=\"2087\">nicht-kommerzielle, intime Atmosph\u00e4re<\/li>\n<\/ul>\n<p data-start=\"2089\" data-end=\"2118\">Es sieht echt aus. Weil es echt ist.<\/p>","protected":false},"excerpt":{"rendered":"<p>Minimalistisch, intim und unverwechselbar.<br data-start=\"333\" data-end=\"336\" \/>Ein 12 mm gro\u00dfer Anh\u00e4nger aus Metall und nat\u00fcrlichem Walnussholz, graviert mit einem symbolischen Hotwife-\/Lifestyle-Zeichen \u2013 dezent f\u00fcr Au\u00dfenstehende, eindeutig f\u00fcr Eingeweihte.<\/p>","protected":false},"featured_media":2905,"comment_status":"open","ping_status":"closed","template":"","meta":{"nf_dc_page":"","googlesitekit_rrm_CAowrc_CDA:productID":"","site-sidebar-layout":"default","site-content-layout":"","ast-site-content-layout":"default","site-content-style":"default","site-sidebar-style":"default","ast-global-header-display":"","ast-banner-title-visibility":"","ast-main-header-display":"","ast-hfb-above-header-display":"","ast-hfb-below-header-display":"","ast-hfb-mobile-header-display":"","site-post-title":"","ast-breadcrumbs-content":"","ast-featured-img":"","footer-sml-layout":"","ast-disable-related-posts":"","theme-transparent-header-meta":"default","adv-header-id-meta":"","stick-header-meta":"","header-above-stick-meta":"","header-main-stick-meta":"","header-below-stick-meta":"","astra-migrate-meta-layouts":"set","ast-page-background-enabled":"default","ast-page-background-meta":{"desktop":{"background-color":"var(--ast-global-color-5)","background-image":"","background-repeat":"repeat","background-position":"center center","background-size":"auto","background-attachment":"scroll","background-type":"","background-media":"","overlay-type":"","overlay-color":"","overlay-opacity":"","overlay-gradient":""},"tablet":{"background-color":"","background-image":"","background-repeat":"repeat","background-position":"center center","background-size":"auto","background-attachment":"scroll","background-type":"","background-media":"","overlay-type":"","overlay-color":"","overlay-opacity":"","overlay-gradient":""},"mobile":{"background-color":"","background-image":"","background-repeat":"repeat","background-position":"center center","background-size":"auto","background-attachment":"scroll","background-type":"","background-media":"","overlay-type":"","overlay-color":"","overlay-opacity":"","overlay-gradient":""}},"ast-content-background-meta":{"desktop":{"background-color":"var(--ast-global-color-4)","background-image":"","background-repeat":"repeat","background-position":"center center","background-size":"auto","background-attachment":"scroll","background-type":"","background-media":"","overlay-type":"","overlay-color":"","overlay-opacity":"","overlay-gradient":""},"tablet":{"background-color":"var(--ast-global-color-4)","background-image":"","background-repeat":"repeat","background-position":"center center","background-size":"auto","background-attachment":"scroll","background-type":"","background-media":"","overlay-type":"","overlay-color":"","overlay-opacity":"","overlay-gradient":""},"mobile":{"background-color":"var(--ast-global-color-4)","background-image":"","background-repeat":"repeat","background-position":"center center","background-size":"auto","background-attachment":"scroll","background-type":"","background-media":"","overlay-type":"","overlay-color":"","overlay-opacity":"","overlay-gradient":""}}},"product_brand":[],"product_cat":[26],"product_tag":[],"class_list":{"0":"post-2903","1":"product","2":"type-product","3":"status-publish","4":"has-post-thumbnail","6":"product_cat-bracelets-pendants","7":"desktop-align-left","8":"tablet-align-left","9":"mobile-align-left","11":"first","12":"instock","13":"shipping-taxable","14":"purchasable","15":"product-type-simple"},"yoast_head":"<!-- This site is optimized with the Yoast SEO Premium plugin v25.6 (Yoast SEO v27.6) - https:\/\/yoast.com\/product\/yoast-seo-premium-wordpress\/ -->\n<title>Hotwife Symbol Pendant Necklace | Symbol Jewelry &amp; Erotic Accessories \u2013 Handmade in Italy<\/title>\n<meta name=\"description\" content=\"Indulge in Hotwife Symbol Pendant Necklace \u2013 handcrafted in Italy. Discreet symbol jewelry, erotic leather accessories and intimate pieces for hotwife, cuckold and lifestyle dynamics. Worldwide shipping.\" \/>\n<meta name=\"robots\" content=\"index, follow, max-snippet:-1, max-image-preview:large, max-video-preview:-1\" \/>\n<link rel=\"canonical\" href=\"https:\/\/la-cortigiana.it\/de\/produkt\/hotwife-symbol-pendant-necklace\/\" \/>\n<meta property=\"og:locale\" content=\"de_DE\" \/>\n<meta property=\"og:type\" content=\"article\" \/>\n<meta property=\"og:title\" content=\"Hotwife Symbol Pendant Necklace | La Cortigiana \u2013 Handcrafted in Italy\" \/>\n<meta property=\"og:description\" content=\"Luxury handcrafted lingerie &amp; accessories from Italy. Sheer, sensual, made for bold desires. Discreet worldwide delivery.\" \/>\n<meta property=\"og:url\" content=\"https:\/\/la-cortigiana.it\/de\/produkt\/hotwife-symbol-pendant-necklace\/\" \/>\n<meta property=\"article:publisher\" content=\"https:\/\/www.facebook.com\/LaCortigiana\/\" \/>\n<meta property=\"article:modified_time\" content=\"2026-04-27T21:24:37+00:00\" \/>\n<meta property=\"og:image\" content=\"https:\/\/la-cortigiana.it\/wp-content\/uploads\/2026\/04\/anklet_threesome02.webp\" \/>\n\t<meta property=\"og:image:width\" content=\"1023\" \/>\n\t<meta property=\"og:image:height\" content=\"1537\" \/>\n\t<meta property=\"og:image:type\" content=\"image\/webp\" \/>\n<meta name=\"twitter:card\" content=\"summary_large_image\" \/>\n<meta name=\"twitter:site\" content=\"@la_cortigianait\" \/>\n<meta name=\"twitter:label1\" content=\"Gesch\u00e4tzte Lesezeit\" \/>\n\t<meta name=\"twitter:data1\" content=\"2\u00a0Minuten\" \/>\n<script type=\"application\/ld+json\" class=\"yoast-schema-graph\">{\"@context\":\"https:\\\/\\\/schema.org\",\"@graph\":[{\"@type\":[\"WebPage\",\"ItemPage\"],\"@id\":\"https:\\\/\\\/la-cortigiana.it\\\/product\\\/hotwife-symbol-pendant-necklace\\\/\",\"url\":\"https:\\\/\\\/la-cortigiana.it\\\/product\\\/hotwife-symbol-pendant-necklace\\\/\",\"name\":\"Hotwife Symbol Pendant Necklace | Symbol Jewelry & Erotic Accessories \u2013 Handmade in Italy\",\"isPartOf\":{\"@id\":\"https:\\\/\\\/la-cortigiana.it\\\/#website\"},\"primaryImageOfPage\":{\"@id\":\"https:\\\/\\\/la-cortigiana.it\\\/product\\\/hotwife-symbol-pendant-necklace\\\/#primaryimage\"},\"image\":{\"@id\":\"https:\\\/\\\/la-cortigiana.it\\\/product\\\/hotwife-symbol-pendant-necklace\\\/#primaryimage\"},\"thumbnailUrl\":\"https:\\\/\\\/la-cortigiana.it\\\/wp-content\\\/uploads\\\/2026\\\/04\\\/anklet_threesome02.webp\",\"datePublished\":\"2026-04-27T20:50:52+00:00\",\"dateModified\":\"2026-04-27T21:24:37+00:00\",\"description\":\"Indulge in Hotwife Symbol Pendant Necklace \u2013 handcrafted in Italy. Discreet symbol jewelry, erotic leather accessories and intimate pieces for hotwife, cuckold and lifestyle dynamics. Worldwide shipping.\",\"breadcrumb\":{\"@id\":\"https:\\\/\\\/la-cortigiana.it\\\/product\\\/hotwife-symbol-pendant-necklace\\\/#breadcrumb\"},\"inLanguage\":\"de\",\"potentialAction\":[{\"@type\":\"ReadAction\",\"target\":[\"https:\\\/\\\/la-cortigiana.it\\\/product\\\/hotwife-symbol-pendant-necklace\\\/\"]}]},{\"@type\":\"ImageObject\",\"inLanguage\":\"de\",\"@id\":\"https:\\\/\\\/la-cortigiana.it\\\/product\\\/hotwife-symbol-pendant-necklace\\\/#primaryimage\",\"url\":\"https:\\\/\\\/la-cortigiana.it\\\/wp-content\\\/uploads\\\/2026\\\/04\\\/anklet_threesome02.webp\",\"contentUrl\":\"https:\\\/\\\/la-cortigiana.it\\\/wp-content\\\/uploads\\\/2026\\\/04\\\/anklet_threesome02.webp\",\"width\":1023,\"height\":1537,\"caption\":\"anklet threesome\"},{\"@type\":\"BreadcrumbList\",\"@id\":\"https:\\\/\\\/la-cortigiana.it\\\/product\\\/hotwife-symbol-pendant-necklace\\\/#breadcrumb\",\"itemListElement\":[{\"@type\":\"ListItem\",\"position\":1,\"name\":\"Home\",\"item\":\"https:\\\/\\\/la-cortigiana.it\\\/\"},{\"@type\":\"ListItem\",\"position\":2,\"name\":\"Shop\",\"item\":\"https:\\\/\\\/la-cortigiana.it\\\/shop\\\/\"},{\"@type\":\"ListItem\",\"position\":3,\"name\":\"Hotwife Symbol Pendant Necklace\"}]},{\"@type\":\"WebSite\",\"@id\":\"https:\\\/\\\/la-cortigiana.it\\\/#website\",\"url\":\"https:\\\/\\\/la-cortigiana.it\\\/\",\"name\":\"La Cortigiana | Discreet Symbol Jewelry & Erotic Leather, Handmade in Italy\",\"description\":\"Quiet Marks of Chosen Desire\",\"publisher\":{\"@id\":\"https:\\\/\\\/la-cortigiana.it\\\/#organization\"},\"potentialAction\":[{\"@type\":\"SearchAction\",\"target\":{\"@type\":\"EntryPoint\",\"urlTemplate\":\"https:\\\/\\\/la-cortigiana.it\\\/?s={search_term_string}\"},\"query-input\":{\"@type\":\"PropertyValueSpecification\",\"valueRequired\":true,\"valueName\":\"search_term_string\"}}],\"inLanguage\":\"de\"},{\"@type\":\"Organization\",\"@id\":\"https:\\\/\\\/la-cortigiana.it\\\/#organization\",\"name\":\"La Cortigiana\",\"url\":\"https:\\\/\\\/la-cortigiana.it\\\/\",\"logo\":{\"@type\":\"ImageObject\",\"inLanguage\":\"de\",\"@id\":\"https:\\\/\\\/la-cortigiana.it\\\/#\\\/schema\\\/logo\\\/image\\\/\",\"url\":\"https:\\\/\\\/la-cortigiana.it\\\/wp-content\\\/uploads\\\/2025\\\/01\\\/La-Cortigiana.png\",\"contentUrl\":\"https:\\\/\\\/la-cortigiana.it\\\/wp-content\\\/uploads\\\/2025\\\/01\\\/La-Cortigiana.png\",\"width\":1646,\"height\":575,\"caption\":\"La Cortigiana\"},\"image\":{\"@id\":\"https:\\\/\\\/la-cortigiana.it\\\/#\\\/schema\\\/logo\\\/image\\\/\"},\"sameAs\":[\"https:\\\/\\\/www.facebook.com\\\/LaCortigiana\\\/\",\"https:\\\/\\\/x.com\\\/la_cortigianait\",\"https:\\\/\\\/www.instagram.com\\\/la_cortigiana.it\",\"https:\\\/\\\/substack.com\\\/@lacortigiana\"]}]}<\/script>\n<!-- \/ Yoast SEO Premium plugin. -->","yoast_head_json":{"title":"Hotwife Symbol Pendant Necklace | Symbol Jewelry & Erotic Accessories \u2013 Handmade in Italy","description":"Indulge in Hotwife Symbol Pendant Necklace \u2013 handcrafted in Italy. Discreet symbol jewelry, erotic leather accessories and intimate pieces for hotwife, cuckold and lifestyle dynamics. Worldwide shipping.","robots":{"index":"index","follow":"follow","max-snippet":"max-snippet:-1","max-image-preview":"max-image-preview:large","max-video-preview":"max-video-preview:-1"},"canonical":"https:\/\/la-cortigiana.it\/de\/produkt\/hotwife-symbol-pendant-necklace\/","og_locale":"de_DE","og_type":"article","og_title":"Hotwife Symbol Pendant Necklace | La Cortigiana \u2013 Handcrafted in Italy","og_description":"Luxury handcrafted lingerie & accessories from Italy. Sheer, sensual, made for bold desires. Discreet worldwide delivery.","og_url":"https:\/\/la-cortigiana.it\/de\/produkt\/hotwife-symbol-pendant-necklace\/","article_publisher":"https:\/\/www.facebook.com\/LaCortigiana\/","article_modified_time":"2026-04-27T21:24:37+00:00","og_image":[{"width":1023,"height":1537,"url":"https:\/\/la-cortigiana.it\/wp-content\/uploads\/2026\/04\/anklet_threesome02.webp","type":"image\/webp"}],"twitter_card":"summary_large_image","twitter_site":"@la_cortigianait","twitter_misc":{"Gesch\u00e4tzte Lesezeit":"2\u00a0Minuten"},"schema":{"@context":"https:\/\/schema.org","@graph":[{"@type":["WebPage","ItemPage"],"@id":"https:\/\/la-cortigiana.it\/product\/hotwife-symbol-pendant-necklace\/","url":"https:\/\/la-cortigiana.it\/product\/hotwife-symbol-pendant-necklace\/","name":"Hotwife Symbol Pendant Necklace | Symbol Jewelry & Erotic Accessories \u2013 Handmade in Italy","isPartOf":{"@id":"https:\/\/la-cortigiana.it\/#website"},"primaryImageOfPage":{"@id":"https:\/\/la-cortigiana.it\/product\/hotwife-symbol-pendant-necklace\/#primaryimage"},"image":{"@id":"https:\/\/la-cortigiana.it\/product\/hotwife-symbol-pendant-necklace\/#primaryimage"},"thumbnailUrl":"https:\/\/la-cortigiana.it\/wp-content\/uploads\/2026\/04\/anklet_threesome02.webp","datePublished":"2026-04-27T20:50:52+00:00","dateModified":"2026-04-27T21:24:37+00:00","description":"Indulge in Hotwife Symbol Pendant Necklace \u2013 handcrafted in Italy. Discreet symbol jewelry, erotic leather accessories and intimate pieces for hotwife, cuckold and lifestyle dynamics. Worldwide shipping.","breadcrumb":{"@id":"https:\/\/la-cortigiana.it\/product\/hotwife-symbol-pendant-necklace\/#breadcrumb"},"inLanguage":"de","potentialAction":[{"@type":"ReadAction","target":["https:\/\/la-cortigiana.it\/product\/hotwife-symbol-pendant-necklace\/"]}]},{"@type":"ImageObject","inLanguage":"de","@id":"https:\/\/la-cortigiana.it\/product\/hotwife-symbol-pendant-necklace\/#primaryimage","url":"https:\/\/la-cortigiana.it\/wp-content\/uploads\/2026\/04\/anklet_threesome02.webp","contentUrl":"https:\/\/la-cortigiana.it\/wp-content\/uploads\/2026\/04\/anklet_threesome02.webp","width":1023,"height":1537,"caption":"anklet threesome"},{"@type":"BreadcrumbList","@id":"https:\/\/la-cortigiana.it\/product\/hotwife-symbol-pendant-necklace\/#breadcrumb","itemListElement":[{"@type":"ListItem","position":1,"name":"Home","item":"https:\/\/la-cortigiana.it\/"},{"@type":"ListItem","position":2,"name":"Shop","item":"https:\/\/la-cortigiana.it\/shop\/"},{"@type":"ListItem","position":3,"name":"Hotwife Symbol Pendant Necklace"}]},{"@type":"WebSite","@id":"https:\/\/la-cortigiana.it\/#website","url":"https:\/\/la-cortigiana.it\/","name":"La Cortigiana | Diskret-symbolischer Schmuck &amp; erotisches Leder, handgefertigt in Italien","description":"Stille Zeichen erw\u00e4hlten Verlangens","publisher":{"@id":"https:\/\/la-cortigiana.it\/#organization"},"potentialAction":[{"@type":"SearchAction","target":{"@type":"EntryPoint","urlTemplate":"https:\/\/la-cortigiana.it\/?s={search_term_string}"},"query-input":{"@type":"PropertyValueSpecification","valueRequired":true,"valueName":"search_term_string"}}],"inLanguage":"de"},{"@type":"Organization","@id":"https:\/\/la-cortigiana.it\/#organization","name":"La Cortigiana","url":"https:\/\/la-cortigiana.it\/","logo":{"@type":"ImageObject","inLanguage":"de","@id":"https:\/\/la-cortigiana.it\/#\/schema\/logo\/image\/","url":"https:\/\/la-cortigiana.it\/wp-content\/uploads\/2025\/01\/La-Cortigiana.png","contentUrl":"https:\/\/la-cortigiana.it\/wp-content\/uploads\/2025\/01\/La-Cortigiana.png","width":1646,"height":575,"caption":"La Cortigiana"},"image":{"@id":"https:\/\/la-cortigiana.it\/#\/schema\/logo\/image\/"},"sameAs":["https:\/\/www.facebook.com\/LaCortigiana\/","https:\/\/x.com\/la_cortigianait","https:\/\/www.instagram.com\/la_cortigiana.it","https:\/\/substack.com\/@lacortigiana"]}]}},"_links":{"self":[{"href":"https:\/\/la-cortigiana.it\/de\/wp-json\/wp\/v2\/product\/2903","targetHints":{"allow":["GET"]}}],"collection":[{"href":"https:\/\/la-cortigiana.it\/de\/wp-json\/wp\/v2\/product"}],"about":[{"href":"https:\/\/la-cortigiana.it\/de\/wp-json\/wp\/v2\/types\/product"}],"replies":[{"embeddable":true,"href":"https:\/\/la-cortigiana.it\/de\/wp-json\/wp\/v2\/comments?post=2903"}],"wp:featuredmedia":[{"embeddable":true,"href":"https:\/\/la-cortigiana.it\/de\/wp-json\/wp\/v2\/media\/2905"}],"wp:attachment":[{"href":"https:\/\/la-cortigiana.it\/de\/wp-json\/wp\/v2\/media?parent=2903"}],"wp:term":[{"taxonomy":"product_brand","embeddable":true,"href":"https:\/\/la-cortigiana.it\/de\/wp-json\/wp\/v2\/product_brand?post=2903"},{"taxonomy":"product_cat","embeddable":true,"href":"https:\/\/la-cortigiana.it\/de\/wp-json\/wp\/v2\/product_cat?post=2903"},{"taxonomy":"product_tag","embeddable":true,"href":"https:\/\/la-cortigiana.it\/de\/wp-json\/wp\/v2\/product_tag?post=2903"}],"curies":[{"name":"wp","href":"https:\/\/api.w.org\/{rel}","templated":true}]}}