{"id":31,"date":"2025-01-03T19:14:55","date_gmt":"2025-01-03T18:14:55","guid":{"rendered":"https:\/\/jcj.qow.mybluehost.me\/?post_type=product&#038;p=31"},"modified":"2025-10-10T02:51:02","modified_gmt":"2025-10-10T01:51:02","slug":"enbag-with-heart","status":"publish","type":"product","link":"https:\/\/la-cortigiana.it\/de\/produkt\/enbag-with-heart\/","title":{"rendered":"Tasche mit Herz"},"content":{"rendered":"<p><strong>G\u00fcrteltasche aus Leder \u2013 Freih\u00e4ndiger Stil mit einem markanten Touch<\/strong><\/p>\n<p>Diese G\u00fcrteltasche ist f\u00fcr Momente konzipiert, in denen Freiheit am wichtigsten ist. Kompakt und dennoch praktisch, bietet sie Platz f\u00fcr wichtige Dinge wie Ihr Telefon, Karten und kleine pers\u00f6nliche Gegenst\u00e4nde. Der abnehmbare G\u00fcrtel verwandelt sie von einer H\u00fcfttasche in eine elegante <strong>Beutel, Geldb\u00f6rse oder iPhone-H\u00fclle<\/strong> \u2013 vielseitig genug, um Sie \u00fcberallhin zu begleiten, wohin der Tag Sie auch f\u00fchrt.<\/p>\n<h3>Design &amp; Details<\/h3>\n<p>In seinem Zentrum befindet sich ein markantes <strong>Zuckersch\u00e4del<\/strong>, handgefertigt aus langlebiger Keramik und mit Epoxidharz versiegelt \u2013 ein kr\u00e4ftiger Akzent, der dem St\u00fcck Charakter und Individualit\u00e4t verleiht. W\u00e4hlen Sie beim Bezahlen Ihre bevorzugte Herzfarbe, um es ganz zu Ihrem zu machen.<\/p>\n<h3>Abmessungen und Anpassung<\/h3>\n<p>Innenma\u00dfe: <strong>180 \u00d7 90 \u00d7 20 mm<\/strong> (7\u2033 \u00d7 3,5\u2033 \u00d7 0,8\u2033), perfekte Gr\u00f6\u00dfe f\u00fcr moderne Smartphones und Alltagsgegenst\u00e4nde. Personalisierungsoptionen, einschlie\u00dflich individueller Gravuren, sind auf Anfrage erh\u00e4ltlich \u2013 ein Detail, das aus einem praktischen Accessoire ein pers\u00f6nliches Statement macht.<\/p>","protected":false},"excerpt":{"rendered":"<p>[:en]Black leather women waist belt bag\/fanny pack\/hip bag with the unique 3D heart designed and handmade in our workshop in Italy. For our leather belt bags we use high-quality Italian leather from the Tuscany region.[:]<\/p>\n","protected":false},"featured_media":109,"comment_status":"open","ping_status":"closed","template":"","meta":{"nf_dc_page":"","googlesitekit_rrm_CAowrc_CDA:productID":""},"product_brand":[],"product_cat":[20],"product_tag":[],"class_list":{"0":"post-31","1":"product","2":"type-product","3":"status-publish","4":"has-post-thumbnail","6":"product_cat-uncategorized","8":"first","9":"outofstock","10":"shipping-taxable","11":"purchasable","12":"product-type-simple"},"yoast_head":"<!-- This site is optimized with the Yoast SEO Premium plugin v25.6 (Yoast SEO v27.4) - https:\/\/yoast.com\/product\/yoast-seo-premium-wordpress\/ -->\n<title>Bag with heart | Symbol Jewelry &amp; Erotic Accessories \u2013 Handmade in Italy<\/title>\n<meta name=\"description\" content=\"Indulge in Bag with heart \u2013 handcrafted in Italy. Discreet symbol jewelry, erotic leather accessories and intimate pieces for hotwife, cuckold and lifestyle dynamics. Worldwide shipping.\" \/>\n<meta name=\"robots\" content=\"index, follow, max-snippet:-1, max-image-preview:large, max-video-preview:-1\" \/>\n<link rel=\"canonical\" href=\"https:\/\/la-cortigiana.it\/de\/produkt\/enbag-with-heart\/\" \/>\n<meta property=\"og:locale\" content=\"de_DE\" \/>\n<meta property=\"og:type\" content=\"article\" \/>\n<meta property=\"og:title\" content=\"Bag with heart | La Cortigiana \u2013 Handcrafted in Italy\" \/>\n<meta property=\"og:description\" content=\"Luxury handcrafted lingerie &amp; accessories from Italy. Sheer, sensual, made for bold desires. Discreet worldwide delivery.\" \/>\n<meta property=\"og:url\" content=\"https:\/\/la-cortigiana.it\/de\/produkt\/enbag-with-heart\/\" \/>\n<meta property=\"og:site_name\" content=\"La Cortigiana | Handcrafted Leather Accessories for Bold Desires\" \/>\n<meta property=\"article:publisher\" content=\"https:\/\/www.facebook.com\/LaCortigiana\/\" \/>\n<meta property=\"article:modified_time\" content=\"2025-10-10T01:51:02+00:00\" \/>\n<meta property=\"og:image\" content=\"https:\/\/la-cortigiana.it\/wp-content\/uploads\/2025\/01\/C77A2241-3.jpg\" \/>\n\t<meta property=\"og:image:width\" content=\"1590\" \/>\n\t<meta property=\"og:image:height\" content=\"1586\" \/>\n\t<meta property=\"og:image:type\" content=\"image\/jpeg\" \/>\n<meta name=\"twitter:card\" content=\"summary_large_image\" \/>\n<meta name=\"twitter:site\" content=\"@la_cortigianait\" \/>\n<meta name=\"twitter:label1\" content=\"Gesch\u00e4tzte Lesezeit\" \/>\n\t<meta name=\"twitter:data1\" content=\"1\u00a0Minute\" \/>\n<script type=\"application\/ld+json\" class=\"yoast-schema-graph\">{\"@context\":\"https:\\\/\\\/schema.org\",\"@graph\":[{\"@type\":[\"WebPage\",\"ItemPage\"],\"@id\":\"https:\\\/\\\/la-cortigiana.it\\\/product\\\/enbag-with-heart\\\/\",\"url\":\"https:\\\/\\\/la-cortigiana.it\\\/product\\\/enbag-with-heart\\\/\",\"name\":\"Bag with heart | Symbol Jewelry & Erotic Accessories \u2013 Handmade in Italy\",\"isPartOf\":{\"@id\":\"https:\\\/\\\/la-cortigiana.it\\\/#website\"},\"primaryImageOfPage\":{\"@id\":\"https:\\\/\\\/la-cortigiana.it\\\/product\\\/enbag-with-heart\\\/#primaryimage\"},\"image\":{\"@id\":\"https:\\\/\\\/la-cortigiana.it\\\/product\\\/enbag-with-heart\\\/#primaryimage\"},\"thumbnailUrl\":\"https:\\\/\\\/la-cortigiana.it\\\/wp-content\\\/uploads\\\/2025\\\/01\\\/C77A2241-3.jpg\",\"datePublished\":\"2025-01-03T18:14:55+00:00\",\"dateModified\":\"2025-10-10T01:51:02+00:00\",\"description\":\"Indulge in Bag with heart \u2013 handcrafted in Italy. Discreet symbol jewelry, erotic leather accessories and intimate pieces for hotwife, cuckold and lifestyle dynamics. Worldwide shipping.\",\"breadcrumb\":{\"@id\":\"https:\\\/\\\/la-cortigiana.it\\\/product\\\/enbag-with-heart\\\/#breadcrumb\"},\"inLanguage\":\"de\",\"potentialAction\":[{\"@type\":\"ReadAction\",\"target\":[\"https:\\\/\\\/la-cortigiana.it\\\/product\\\/enbag-with-heart\\\/\"]}]},{\"@type\":\"ImageObject\",\"inLanguage\":\"de\",\"@id\":\"https:\\\/\\\/la-cortigiana.it\\\/product\\\/enbag-with-heart\\\/#primaryimage\",\"url\":\"https:\\\/\\\/la-cortigiana.it\\\/wp-content\\\/uploads\\\/2025\\\/01\\\/C77A2241-3.jpg\",\"contentUrl\":\"https:\\\/\\\/la-cortigiana.it\\\/wp-content\\\/uploads\\\/2025\\\/01\\\/C77A2241-3.jpg\",\"width\":1590,\"height\":1586},{\"@type\":\"BreadcrumbList\",\"@id\":\"https:\\\/\\\/la-cortigiana.it\\\/product\\\/enbag-with-heart\\\/#breadcrumb\",\"itemListElement\":[{\"@type\":\"ListItem\",\"position\":1,\"name\":\"Home\",\"item\":\"https:\\\/\\\/la-cortigiana.it\\\/\"},{\"@type\":\"ListItem\",\"position\":2,\"name\":\"Shop\",\"item\":\"https:\\\/\\\/la-cortigiana.it\\\/shop\\\/\"},{\"@type\":\"ListItem\",\"position\":3,\"name\":\"Bag with heart\"}]},{\"@type\":\"WebSite\",\"@id\":\"https:\\\/\\\/la-cortigiana.it\\\/#website\",\"url\":\"https:\\\/\\\/la-cortigiana.it\\\/\",\"name\":\"La Cortigiana | Discreet Symbol Jewelry & Erotic Leather, Handmade in Italy\",\"description\":\"Quiet Marks of Chosen Desire\",\"publisher\":{\"@id\":\"https:\\\/\\\/la-cortigiana.it\\\/#organization\"},\"potentialAction\":[{\"@type\":\"SearchAction\",\"target\":{\"@type\":\"EntryPoint\",\"urlTemplate\":\"https:\\\/\\\/la-cortigiana.it\\\/?s={search_term_string}\"},\"query-input\":{\"@type\":\"PropertyValueSpecification\",\"valueRequired\":true,\"valueName\":\"search_term_string\"}}],\"inLanguage\":\"de\"},{\"@type\":\"Organization\",\"@id\":\"https:\\\/\\\/la-cortigiana.it\\\/#organization\",\"name\":\"La Cortigiana\",\"url\":\"https:\\\/\\\/la-cortigiana.it\\\/\",\"logo\":{\"@type\":\"ImageObject\",\"inLanguage\":\"de\",\"@id\":\"https:\\\/\\\/la-cortigiana.it\\\/#\\\/schema\\\/logo\\\/image\\\/\",\"url\":\"https:\\\/\\\/la-cortigiana.it\\\/wp-content\\\/uploads\\\/2025\\\/01\\\/La-Cortigiana.png\",\"contentUrl\":\"https:\\\/\\\/la-cortigiana.it\\\/wp-content\\\/uploads\\\/2025\\\/01\\\/La-Cortigiana.png\",\"width\":1646,\"height\":575,\"caption\":\"La Cortigiana\"},\"image\":{\"@id\":\"https:\\\/\\\/la-cortigiana.it\\\/#\\\/schema\\\/logo\\\/image\\\/\"},\"sameAs\":[\"https:\\\/\\\/www.facebook.com\\\/LaCortigiana\\\/\",\"https:\\\/\\\/x.com\\\/la_cortigianait\",\"https:\\\/\\\/www.instagram.com\\\/la_cortigiana.it\",\"https:\\\/\\\/substack.com\\\/@lacortigiana\"]}]}<\/script>\n<!-- \/ Yoast SEO Premium plugin. -->","yoast_head_json":{"title":"Bag with heart | Symbol Jewelry & Erotic Accessories \u2013 Handmade in Italy","description":"Indulge in Bag with heart \u2013 handcrafted in Italy. Discreet symbol jewelry, erotic leather accessories and intimate pieces for hotwife, cuckold and lifestyle dynamics. Worldwide shipping.","robots":{"index":"index","follow":"follow","max-snippet":"max-snippet:-1","max-image-preview":"max-image-preview:large","max-video-preview":"max-video-preview:-1"},"canonical":"https:\/\/la-cortigiana.it\/de\/produkt\/enbag-with-heart\/","og_locale":"de_DE","og_type":"article","og_title":"Bag with heart | La Cortigiana \u2013 Handcrafted in Italy","og_description":"Luxury handcrafted lingerie & accessories from Italy. Sheer, sensual, made for bold desires. Discreet worldwide delivery.","og_url":"https:\/\/la-cortigiana.it\/de\/produkt\/enbag-with-heart\/","og_site_name":"La Cortigiana | Handcrafted Leather Accessories for Bold Desires","article_publisher":"https:\/\/www.facebook.com\/LaCortigiana\/","article_modified_time":"2025-10-10T01:51:02+00:00","og_image":[{"width":1590,"height":1586,"url":"https:\/\/la-cortigiana.it\/wp-content\/uploads\/2025\/01\/C77A2241-3.jpg","type":"image\/jpeg"}],"twitter_card":"summary_large_image","twitter_site":"@la_cortigianait","twitter_misc":{"Gesch\u00e4tzte Lesezeit":"1\u00a0Minute"},"schema":{"@context":"https:\/\/schema.org","@graph":[{"@type":["WebPage","ItemPage"],"@id":"https:\/\/la-cortigiana.it\/product\/enbag-with-heart\/","url":"https:\/\/la-cortigiana.it\/product\/enbag-with-heart\/","name":"Bag with heart | Symbol Jewelry & Erotic Accessories \u2013 Handmade in Italy","isPartOf":{"@id":"https:\/\/la-cortigiana.it\/#website"},"primaryImageOfPage":{"@id":"https:\/\/la-cortigiana.it\/product\/enbag-with-heart\/#primaryimage"},"image":{"@id":"https:\/\/la-cortigiana.it\/product\/enbag-with-heart\/#primaryimage"},"thumbnailUrl":"https:\/\/la-cortigiana.it\/wp-content\/uploads\/2025\/01\/C77A2241-3.jpg","datePublished":"2025-01-03T18:14:55+00:00","dateModified":"2025-10-10T01:51:02+00:00","description":"Indulge in Bag with heart \u2013 handcrafted in Italy. Discreet symbol jewelry, erotic leather accessories and intimate pieces for hotwife, cuckold and lifestyle dynamics. Worldwide shipping.","breadcrumb":{"@id":"https:\/\/la-cortigiana.it\/product\/enbag-with-heart\/#breadcrumb"},"inLanguage":"de","potentialAction":[{"@type":"ReadAction","target":["https:\/\/la-cortigiana.it\/product\/enbag-with-heart\/"]}]},{"@type":"ImageObject","inLanguage":"de","@id":"https:\/\/la-cortigiana.it\/product\/enbag-with-heart\/#primaryimage","url":"https:\/\/la-cortigiana.it\/wp-content\/uploads\/2025\/01\/C77A2241-3.jpg","contentUrl":"https:\/\/la-cortigiana.it\/wp-content\/uploads\/2025\/01\/C77A2241-3.jpg","width":1590,"height":1586},{"@type":"BreadcrumbList","@id":"https:\/\/la-cortigiana.it\/product\/enbag-with-heart\/#breadcrumb","itemListElement":[{"@type":"ListItem","position":1,"name":"Home","item":"https:\/\/la-cortigiana.it\/"},{"@type":"ListItem","position":2,"name":"Shop","item":"https:\/\/la-cortigiana.it\/shop\/"},{"@type":"ListItem","position":3,"name":"Bag with heart"}]},{"@type":"WebSite","@id":"https:\/\/la-cortigiana.it\/#website","url":"https:\/\/la-cortigiana.it\/","name":"La Cortigiana | Diskret-symbolischer Schmuck &amp; erotisches Leder, handgefertigt in Italien","description":"Stille Zeichen erw\u00e4hlten Verlangens","publisher":{"@id":"https:\/\/la-cortigiana.it\/#organization"},"potentialAction":[{"@type":"SearchAction","target":{"@type":"EntryPoint","urlTemplate":"https:\/\/la-cortigiana.it\/?s={search_term_string}"},"query-input":{"@type":"PropertyValueSpecification","valueRequired":true,"valueName":"search_term_string"}}],"inLanguage":"de"},{"@type":"Organization","@id":"https:\/\/la-cortigiana.it\/#organization","name":"La Cortigiana","url":"https:\/\/la-cortigiana.it\/","logo":{"@type":"ImageObject","inLanguage":"de","@id":"https:\/\/la-cortigiana.it\/#\/schema\/logo\/image\/","url":"https:\/\/la-cortigiana.it\/wp-content\/uploads\/2025\/01\/La-Cortigiana.png","contentUrl":"https:\/\/la-cortigiana.it\/wp-content\/uploads\/2025\/01\/La-Cortigiana.png","width":1646,"height":575,"caption":"La Cortigiana"},"image":{"@id":"https:\/\/la-cortigiana.it\/#\/schema\/logo\/image\/"},"sameAs":["https:\/\/www.facebook.com\/LaCortigiana\/","https:\/\/x.com\/la_cortigianait","https:\/\/www.instagram.com\/la_cortigiana.it","https:\/\/substack.com\/@lacortigiana"]}]}},"_links":{"self":[{"href":"https:\/\/la-cortigiana.it\/de\/wp-json\/wp\/v2\/product\/31","targetHints":{"allow":["GET"]}}],"collection":[{"href":"https:\/\/la-cortigiana.it\/de\/wp-json\/wp\/v2\/product"}],"about":[{"href":"https:\/\/la-cortigiana.it\/de\/wp-json\/wp\/v2\/types\/product"}],"replies":[{"embeddable":true,"href":"https:\/\/la-cortigiana.it\/de\/wp-json\/wp\/v2\/comments?post=31"}],"wp:featuredmedia":[{"embeddable":true,"href":"https:\/\/la-cortigiana.it\/de\/wp-json\/wp\/v2\/media\/109"}],"wp:attachment":[{"href":"https:\/\/la-cortigiana.it\/de\/wp-json\/wp\/v2\/media?parent=31"}],"wp:term":[{"taxonomy":"product_brand","embeddable":true,"href":"https:\/\/la-cortigiana.it\/de\/wp-json\/wp\/v2\/product_brand?post=31"},{"taxonomy":"product_cat","embeddable":true,"href":"https:\/\/la-cortigiana.it\/de\/wp-json\/wp\/v2\/product_cat?post=31"},{"taxonomy":"product_tag","embeddable":true,"href":"https:\/\/la-cortigiana.it\/de\/wp-json\/wp\/v2\/product_tag?post=31"}],"curies":[{"name":"wp","href":"https:\/\/api.w.org\/{rel}","templated":true}]}}