{"id":36,"date":"2025-01-03T19:14:55","date_gmt":"2025-01-03T18:14:55","guid":{"rendered":"https:\/\/jcj.qow.mybluehost.me\/?post_type=product&#038;p=36"},"modified":"2025-10-10T02:51:02","modified_gmt":"2025-10-10T01:51:02","slug":"enleather-belt-bag-with-michelangelos-david","status":"publish","type":"product","link":"https:\/\/la-cortigiana.it\/de\/produkt\/enleather-belt-bag-with-michelangelos-david\/","title":{"rendered":"Eine handgefertigte G\u00fcrteltasche aus italienischem Leder, inspiriert von Michelangelos David \u2013 funktional, vielseitig und mit Ihrer eigenen Gravur individuell anpassbar."},"content":{"rendered":"<p><strong>G\u00fcrteltasche aus Leder \u2013 Kunst trifft Funktion<\/strong><\/p>\n<p>Diese G\u00fcrteltasche vereint klassische Inspiration mit moderner Funktionalit\u00e4t. Handgefertigt in Italien aus Premium <strong>Toskanisches Leder<\/strong>Es ist f\u00fcr wichtige Dinge wie Telefon, Karten, Schl\u00fcssel und kleine Accessoires konzipiert und verleiht gleichzeitig Ihrem Alltagsstil eine besondere Note. Das glatte schwarze Leder entwickelt einen satten <strong>Patina<\/strong> So wird sichergestellt, dass jedes St\u00fcck mit der Zeit zu Ihrem Unikat wird.<\/p>\n<h3>Design und Vielseitigkeit<\/h3>\n<p>Dank des abnehmbaren G\u00fcrtels l\u00e4sst sich die Tasche m\u00fchelos zwischen verschiedenen Rollen wechseln: Tragen Sie sie an der Taille oder H\u00fcfte, um die H\u00e4nde frei zu haben, oder nehmen Sie den Riemen ab, um sie als elegante Tasche, minimalistische Handtasche oder iPhone-H\u00fclle zu verwenden. Inspiriert von <strong>Michelangelos David<\/strong>, es tr\u00e4gt eine subtile k\u00fcnstlerische Pr\u00e4senz, die in eine funktionale Form eingewoben ist.<\/p>\n<h3>Details &amp; Passform<\/h3>\n<p>Erh\u00e4ltlich in zwei Gr\u00f6\u00dfen \u2014 <strong>klein<\/strong> (180 \u00d7 90 \u00d7 20 mm) und <strong>gro\u00df<\/strong> (220 \u00d7 100 \u00d7 20 mm) \u2013 es bietet den perfekten Platz f\u00fcr die wichtigsten Dinge des t\u00e4glichen Bedarfs, ohne dabei auf Eleganz zu verzichten. Eine pers\u00f6nliche Gravur oder Personalisierung ist m\u00f6glich und verwandelt ein sch\u00f6nes Objekt in etwas sehr Pers\u00f6nliches.<\/p>","protected":false},"excerpt":{"rendered":"<p>Eine handgefertigte G\u00fcrteltasche aus italienischem Leder, inspiriert von Michelangelos David \u2013 funktional, vielseitig und mit Ihrer eigenen Gravur individuell anpassbar.<\/p>","protected":false},"featured_media":144,"comment_status":"open","ping_status":"closed","template":"","meta":{"nf_dc_page":"","googlesitekit_rrm_CAowrc_CDA:productID":""},"product_brand":[],"product_cat":[20],"product_tag":[],"class_list":{"0":"post-36","1":"product","2":"type-product","3":"status-publish","4":"has-post-thumbnail","6":"product_cat-uncategorized","8":"first","9":"outofstock","10":"shipping-taxable","11":"purchasable","12":"product-type-simple"},"yoast_head":"<!-- This site is optimized with the Yoast SEO Premium plugin v25.6 (Yoast SEO v27.4) - https:\/\/yoast.com\/product\/yoast-seo-premium-wordpress\/ -->\n<title>A handcrafted Italian leather belt bag inspired by Michelangelo\u2019s David - functional, versatile, and customizable with your own engraving. | Symbol Jewelry &amp; Erotic Accessories \u2013 Handmade in Italy<\/title>\n<meta name=\"description\" content=\"Indulge in A handcrafted Italian leather belt bag inspired by Michelangelo\u2019s David - functional, versatile, and customizable with your own engraving. \u2013 handcrafted in Italy. Discreet symbol jewelry, erotic leather accessories and intimate pieces for hotwife, cuckold and lifestyle dynamics. Worldwide shipping.\" \/>\n<meta name=\"robots\" content=\"index, follow, max-snippet:-1, max-image-preview:large, max-video-preview:-1\" \/>\n<link rel=\"canonical\" href=\"https:\/\/la-cortigiana.it\/de\/produkt\/enleather-belt-bag-with-michelangelos-david\/\" \/>\n<meta property=\"og:locale\" content=\"de_DE\" \/>\n<meta property=\"og:type\" content=\"article\" \/>\n<meta property=\"og:title\" content=\"A handcrafted Italian leather belt bag inspired by Michelangelo\u2019s David - functional, versatile, and customizable with your own engraving. | La Cortigiana \u2013 Handcrafted in Italy\" \/>\n<meta property=\"og:description\" content=\"Luxury handcrafted lingerie &amp; accessories from Italy. Sheer, sensual, made for bold desires. Discreet worldwide delivery.\" \/>\n<meta property=\"og:url\" content=\"https:\/\/la-cortigiana.it\/de\/produkt\/enleather-belt-bag-with-michelangelos-david\/\" \/>\n<meta property=\"og:site_name\" content=\"La Cortigiana | Handcrafted Leather Accessories for Bold Desires\" \/>\n<meta property=\"article:publisher\" content=\"https:\/\/www.facebook.com\/LaCortigiana\/\" \/>\n<meta property=\"article:modified_time\" content=\"2025-10-10T01:51:02+00:00\" \/>\n<meta property=\"og:image\" content=\"https:\/\/la-cortigiana.it\/wp-content\/uploads\/2025\/01\/C77A0446.jpg\" \/>\n\t<meta property=\"og:image:width\" content=\"2000\" \/>\n\t<meta property=\"og:image:height\" content=\"2000\" \/>\n\t<meta property=\"og:image:type\" content=\"image\/jpeg\" \/>\n<meta name=\"twitter:card\" content=\"summary_large_image\" \/>\n<meta name=\"twitter:site\" content=\"@la_cortigianait\" \/>\n<meta name=\"twitter:label1\" content=\"Gesch\u00e4tzte Lesezeit\" \/>\n\t<meta name=\"twitter:data1\" content=\"1\u00a0Minute\" \/>\n<script type=\"application\/ld+json\" class=\"yoast-schema-graph\">{\"@context\":\"https:\\\/\\\/schema.org\",\"@graph\":[{\"@type\":[\"WebPage\",\"ItemPage\"],\"@id\":\"https:\\\/\\\/la-cortigiana.it\\\/product\\\/enleather-belt-bag-with-michelangelos-david\\\/\",\"url\":\"https:\\\/\\\/la-cortigiana.it\\\/product\\\/enleather-belt-bag-with-michelangelos-david\\\/\",\"name\":\"A handcrafted Italian leather belt bag inspired by Michelangelo\u2019s David - functional, versatile, and customizable with your own engraving. | Symbol Jewelry & Erotic Accessories \u2013 Handmade in Italy\",\"isPartOf\":{\"@id\":\"https:\\\/\\\/la-cortigiana.it\\\/#website\"},\"primaryImageOfPage\":{\"@id\":\"https:\\\/\\\/la-cortigiana.it\\\/product\\\/enleather-belt-bag-with-michelangelos-david\\\/#primaryimage\"},\"image\":{\"@id\":\"https:\\\/\\\/la-cortigiana.it\\\/product\\\/enleather-belt-bag-with-michelangelos-david\\\/#primaryimage\"},\"thumbnailUrl\":\"https:\\\/\\\/la-cortigiana.it\\\/wp-content\\\/uploads\\\/2025\\\/01\\\/C77A0446.jpg\",\"datePublished\":\"2025-01-03T18:14:55+00:00\",\"dateModified\":\"2025-10-10T01:51:02+00:00\",\"description\":\"Indulge in A handcrafted Italian leather belt bag inspired by Michelangelo\u2019s David - functional, versatile, and customizable with your own engraving. \u2013 handcrafted in Italy. Discreet symbol jewelry, erotic leather accessories and intimate pieces for hotwife, cuckold and lifestyle dynamics. Worldwide shipping.\",\"breadcrumb\":{\"@id\":\"https:\\\/\\\/la-cortigiana.it\\\/product\\\/enleather-belt-bag-with-michelangelos-david\\\/#breadcrumb\"},\"inLanguage\":\"de\",\"potentialAction\":[{\"@type\":\"ReadAction\",\"target\":[\"https:\\\/\\\/la-cortigiana.it\\\/product\\\/enleather-belt-bag-with-michelangelos-david\\\/\"]}]},{\"@type\":\"ImageObject\",\"inLanguage\":\"de\",\"@id\":\"https:\\\/\\\/la-cortigiana.it\\\/product\\\/enleather-belt-bag-with-michelangelos-david\\\/#primaryimage\",\"url\":\"https:\\\/\\\/la-cortigiana.it\\\/wp-content\\\/uploads\\\/2025\\\/01\\\/C77A0446.jpg\",\"contentUrl\":\"https:\\\/\\\/la-cortigiana.it\\\/wp-content\\\/uploads\\\/2025\\\/01\\\/C77A0446.jpg\",\"width\":2000,\"height\":2000},{\"@type\":\"BreadcrumbList\",\"@id\":\"https:\\\/\\\/la-cortigiana.it\\\/product\\\/enleather-belt-bag-with-michelangelos-david\\\/#breadcrumb\",\"itemListElement\":[{\"@type\":\"ListItem\",\"position\":1,\"name\":\"Home\",\"item\":\"https:\\\/\\\/la-cortigiana.it\\\/\"},{\"@type\":\"ListItem\",\"position\":2,\"name\":\"Shop\",\"item\":\"https:\\\/\\\/la-cortigiana.it\\\/shop\\\/\"},{\"@type\":\"ListItem\",\"position\":3,\"name\":\"A handcrafted Italian leather belt bag inspired by Michelangelo\u2019s David &#8211; functional, versatile, and customizable with your own engraving.\"}]},{\"@type\":\"WebSite\",\"@id\":\"https:\\\/\\\/la-cortigiana.it\\\/#website\",\"url\":\"https:\\\/\\\/la-cortigiana.it\\\/\",\"name\":\"La Cortigiana | Discreet Symbol Jewelry & Erotic Leather, Handmade in Italy\",\"description\":\"Quiet Marks of Chosen Desire\",\"publisher\":{\"@id\":\"https:\\\/\\\/la-cortigiana.it\\\/#organization\"},\"potentialAction\":[{\"@type\":\"SearchAction\",\"target\":{\"@type\":\"EntryPoint\",\"urlTemplate\":\"https:\\\/\\\/la-cortigiana.it\\\/?s={search_term_string}\"},\"query-input\":{\"@type\":\"PropertyValueSpecification\",\"valueRequired\":true,\"valueName\":\"search_term_string\"}}],\"inLanguage\":\"de\"},{\"@type\":\"Organization\",\"@id\":\"https:\\\/\\\/la-cortigiana.it\\\/#organization\",\"name\":\"La Cortigiana\",\"url\":\"https:\\\/\\\/la-cortigiana.it\\\/\",\"logo\":{\"@type\":\"ImageObject\",\"inLanguage\":\"de\",\"@id\":\"https:\\\/\\\/la-cortigiana.it\\\/#\\\/schema\\\/logo\\\/image\\\/\",\"url\":\"https:\\\/\\\/la-cortigiana.it\\\/wp-content\\\/uploads\\\/2025\\\/01\\\/La-Cortigiana.png\",\"contentUrl\":\"https:\\\/\\\/la-cortigiana.it\\\/wp-content\\\/uploads\\\/2025\\\/01\\\/La-Cortigiana.png\",\"width\":1646,\"height\":575,\"caption\":\"La Cortigiana\"},\"image\":{\"@id\":\"https:\\\/\\\/la-cortigiana.it\\\/#\\\/schema\\\/logo\\\/image\\\/\"},\"sameAs\":[\"https:\\\/\\\/www.facebook.com\\\/LaCortigiana\\\/\",\"https:\\\/\\\/x.com\\\/la_cortigianait\",\"https:\\\/\\\/www.instagram.com\\\/la_cortigiana.it\",\"https:\\\/\\\/substack.com\\\/@lacortigiana\"]}]}<\/script>\n<!-- \/ Yoast SEO Premium plugin. -->","yoast_head_json":{"title":"A handcrafted Italian leather belt bag inspired by Michelangelo\u2019s David - functional, versatile, and customizable with your own engraving. | Symbol Jewelry & Erotic Accessories \u2013 Handmade in Italy","description":"Indulge in A handcrafted Italian leather belt bag inspired by Michelangelo\u2019s David - functional, versatile, and customizable with your own engraving. \u2013 handcrafted in Italy. Discreet symbol jewelry, erotic leather accessories and intimate pieces for hotwife, cuckold and lifestyle dynamics. Worldwide shipping.","robots":{"index":"index","follow":"follow","max-snippet":"max-snippet:-1","max-image-preview":"max-image-preview:large","max-video-preview":"max-video-preview:-1"},"canonical":"https:\/\/la-cortigiana.it\/de\/produkt\/enleather-belt-bag-with-michelangelos-david\/","og_locale":"de_DE","og_type":"article","og_title":"A handcrafted Italian leather belt bag inspired by Michelangelo\u2019s David - functional, versatile, and customizable with your own engraving. | La Cortigiana \u2013 Handcrafted in Italy","og_description":"Luxury handcrafted lingerie & accessories from Italy. Sheer, sensual, made for bold desires. Discreet worldwide delivery.","og_url":"https:\/\/la-cortigiana.it\/de\/produkt\/enleather-belt-bag-with-michelangelos-david\/","og_site_name":"La Cortigiana | Handcrafted Leather Accessories for Bold Desires","article_publisher":"https:\/\/www.facebook.com\/LaCortigiana\/","article_modified_time":"2025-10-10T01:51:02+00:00","og_image":[{"width":2000,"height":2000,"url":"https:\/\/la-cortigiana.it\/wp-content\/uploads\/2025\/01\/C77A0446.jpg","type":"image\/jpeg"}],"twitter_card":"summary_large_image","twitter_site":"@la_cortigianait","twitter_misc":{"Gesch\u00e4tzte Lesezeit":"1\u00a0Minute"},"schema":{"@context":"https:\/\/schema.org","@graph":[{"@type":["WebPage","ItemPage"],"@id":"https:\/\/la-cortigiana.it\/product\/enleather-belt-bag-with-michelangelos-david\/","url":"https:\/\/la-cortigiana.it\/product\/enleather-belt-bag-with-michelangelos-david\/","name":"A handcrafted Italian leather belt bag inspired by Michelangelo\u2019s David - functional, versatile, and customizable with your own engraving. | Symbol Jewelry & Erotic Accessories \u2013 Handmade in Italy","isPartOf":{"@id":"https:\/\/la-cortigiana.it\/#website"},"primaryImageOfPage":{"@id":"https:\/\/la-cortigiana.it\/product\/enleather-belt-bag-with-michelangelos-david\/#primaryimage"},"image":{"@id":"https:\/\/la-cortigiana.it\/product\/enleather-belt-bag-with-michelangelos-david\/#primaryimage"},"thumbnailUrl":"https:\/\/la-cortigiana.it\/wp-content\/uploads\/2025\/01\/C77A0446.jpg","datePublished":"2025-01-03T18:14:55+00:00","dateModified":"2025-10-10T01:51:02+00:00","description":"Indulge in A handcrafted Italian leather belt bag inspired by Michelangelo\u2019s David - functional, versatile, and customizable with your own engraving. \u2013 handcrafted in Italy. Discreet symbol jewelry, erotic leather accessories and intimate pieces for hotwife, cuckold and lifestyle dynamics. Worldwide shipping.","breadcrumb":{"@id":"https:\/\/la-cortigiana.it\/product\/enleather-belt-bag-with-michelangelos-david\/#breadcrumb"},"inLanguage":"de","potentialAction":[{"@type":"ReadAction","target":["https:\/\/la-cortigiana.it\/product\/enleather-belt-bag-with-michelangelos-david\/"]}]},{"@type":"ImageObject","inLanguage":"de","@id":"https:\/\/la-cortigiana.it\/product\/enleather-belt-bag-with-michelangelos-david\/#primaryimage","url":"https:\/\/la-cortigiana.it\/wp-content\/uploads\/2025\/01\/C77A0446.jpg","contentUrl":"https:\/\/la-cortigiana.it\/wp-content\/uploads\/2025\/01\/C77A0446.jpg","width":2000,"height":2000},{"@type":"BreadcrumbList","@id":"https:\/\/la-cortigiana.it\/product\/enleather-belt-bag-with-michelangelos-david\/#breadcrumb","itemListElement":[{"@type":"ListItem","position":1,"name":"Home","item":"https:\/\/la-cortigiana.it\/"},{"@type":"ListItem","position":2,"name":"Shop","item":"https:\/\/la-cortigiana.it\/shop\/"},{"@type":"ListItem","position":3,"name":"A handcrafted Italian leather belt bag inspired by Michelangelo\u2019s David &#8211; functional, versatile, and customizable with your own engraving."}]},{"@type":"WebSite","@id":"https:\/\/la-cortigiana.it\/#website","url":"https:\/\/la-cortigiana.it\/","name":"La Cortigiana | Diskret-symbolischer Schmuck &amp; erotisches Leder, handgefertigt in Italien","description":"Stille Zeichen erw\u00e4hlten Verlangens","publisher":{"@id":"https:\/\/la-cortigiana.it\/#organization"},"potentialAction":[{"@type":"SearchAction","target":{"@type":"EntryPoint","urlTemplate":"https:\/\/la-cortigiana.it\/?s={search_term_string}"},"query-input":{"@type":"PropertyValueSpecification","valueRequired":true,"valueName":"search_term_string"}}],"inLanguage":"de"},{"@type":"Organization","@id":"https:\/\/la-cortigiana.it\/#organization","name":"La Cortigiana","url":"https:\/\/la-cortigiana.it\/","logo":{"@type":"ImageObject","inLanguage":"de","@id":"https:\/\/la-cortigiana.it\/#\/schema\/logo\/image\/","url":"https:\/\/la-cortigiana.it\/wp-content\/uploads\/2025\/01\/La-Cortigiana.png","contentUrl":"https:\/\/la-cortigiana.it\/wp-content\/uploads\/2025\/01\/La-Cortigiana.png","width":1646,"height":575,"caption":"La Cortigiana"},"image":{"@id":"https:\/\/la-cortigiana.it\/#\/schema\/logo\/image\/"},"sameAs":["https:\/\/www.facebook.com\/LaCortigiana\/","https:\/\/x.com\/la_cortigianait","https:\/\/www.instagram.com\/la_cortigiana.it","https:\/\/substack.com\/@lacortigiana"]}]}},"_links":{"self":[{"href":"https:\/\/la-cortigiana.it\/de\/wp-json\/wp\/v2\/product\/36","targetHints":{"allow":["GET"]}}],"collection":[{"href":"https:\/\/la-cortigiana.it\/de\/wp-json\/wp\/v2\/product"}],"about":[{"href":"https:\/\/la-cortigiana.it\/de\/wp-json\/wp\/v2\/types\/product"}],"replies":[{"embeddable":true,"href":"https:\/\/la-cortigiana.it\/de\/wp-json\/wp\/v2\/comments?post=36"}],"wp:featuredmedia":[{"embeddable":true,"href":"https:\/\/la-cortigiana.it\/de\/wp-json\/wp\/v2\/media\/144"}],"wp:attachment":[{"href":"https:\/\/la-cortigiana.it\/de\/wp-json\/wp\/v2\/media?parent=36"}],"wp:term":[{"taxonomy":"product_brand","embeddable":true,"href":"https:\/\/la-cortigiana.it\/de\/wp-json\/wp\/v2\/product_brand?post=36"},{"taxonomy":"product_cat","embeddable":true,"href":"https:\/\/la-cortigiana.it\/de\/wp-json\/wp\/v2\/product_cat?post=36"},{"taxonomy":"product_tag","embeddable":true,"href":"https:\/\/la-cortigiana.it\/de\/wp-json\/wp\/v2\/product_tag?post=36"}],"curies":[{"name":"wp","href":"https:\/\/api.w.org\/{rel}","templated":true}]}}