{"id":42,"date":"2025-01-03T19:14:56","date_gmt":"2025-01-03T18:14:56","guid":{"rendered":"https:\/\/jcj.qow.mybluehost.me\/?post_type=product&#038;p=42"},"modified":"2025-10-10T02:51:02","modified_gmt":"2025-10-10T01:51:02","slug":"enleather-shoulder-bag-with-skulldelederumhangetasche-mit-totenkopf","status":"publish","type":"product","link":"https:\/\/la-cortigiana.it\/de\/produkt\/enleather-shoulder-bag-with-skulldelederumhangetasche-mit-totenkopf\/","title":{"rendered":"Umh\u00e4ngetasche aus Leder mit Totenkopf"},"content":{"rendered":"<p><strong>All-in-One Ledertasche \u2013 Vom Tag zum Wunsch<\/strong><\/p>\n<p>Dieses vielseitige St\u00fcck ist mehr als eine Tasche \u2013 es ist ein Accessoire, das sich m\u00fchelos Ihrer Stimmung und Ihren Absichten anpasst. Handgefertigt in Italien aus Premium <strong>schwarzes gestepptes Kalbsleder<\/strong>, es fungiert als <strong>Umh\u00e4ngetasche<\/strong>, <strong>Umh\u00e4ngetasche<\/strong>, oder <strong>Abendtasche<\/strong>, passt sich Ihrem Stil an, von zwanglosen Ausfl\u00fcgen bis hin zu intimen N\u00e4chten.<\/p>\n<h3>Drei Tragem\u00f6glichkeiten<\/h3>\n<ul>\n<li>\n<p>Als <strong>Umh\u00e4ngetasche<\/strong> oder lang \u00fcber der Schulter getragen \u2013 elegant und funktional f\u00fcr den Alltag.<\/p>\n<\/li>\n<li>\n<p>Als <strong>elegante Abendclutch<\/strong> \u2013 ein minimalistisches Statement-St\u00fcck f\u00fcr Anl\u00e4sse nach Einbruch der Dunkelheit.<\/p>\n<\/li>\n<li>\n<p><strong>Am Handgelenk befestigt<\/strong> \u2013 kombinieren Sie es mit optionalen Lederhandschellen f\u00fcr eine gewagte, verspielte Note.<\/p>\n<\/li>\n<\/ul>\n<h3>Design &amp; Details<\/h3>\n<p>Seine klassische Silhouette wird durch ein <strong>einzigartiges graviertes Muster<\/strong> und ein <strong>bronzener Zuckersch\u00e4del<\/strong>, wodurch ein zeitloses St\u00fcck zu einem mutigen Ausdruck der Individualit\u00e4t wird. Im Inneren gibt es reichlich Platz f\u00fcr Ihre wichtigsten Dinge \u2013 Telefon, Geldb\u00f6rse, Schl\u00fcssel und mehr \u2013 ohne auf Eleganz oder Komfort verzichten zu m\u00fcssen.<\/p>\n<h3>Merkmale<\/h3>\n<ul>\n<li>Handgefertigt aus Premium <strong>Italienisches gestepptes Kalbsleder<\/strong><\/li>\n<li><strong>Abnehmbarer und verstellbarer Kettenriemen aus Bronze<\/strong> f\u00fcr vielseitiges Styling<\/li>\n<li><strong>Optionale Lederhandschellen<\/strong> f\u00fcr zus\u00e4tzliche Sch\u00e4rfe<\/li>\n<li><strong>Sicherer Magnetverschluss<\/strong> h\u00e4lt den Inhalt sicher<\/li>\n<li>Pr\u00e4sentiert in einem <strong>luxuri\u00f6se Geschenkbox aus Holz<\/strong><\/li>\n<\/ul>\n<h3>Gr\u00f6\u00dfe<\/h3>\n<p>Abmessungen: 28 \u00d7 16 cm (11\u2033 \u00d7 6\u2033) \u2013 kompakt und dennoch ger\u00e4umig genug f\u00fcr die wichtigsten Dinge des Alltags.<\/p>\n<h3>Herstellung &amp; Pflege<\/h3>\n<p>Jede Tasche ist <strong>100% handgefertigt<\/strong>, was bedeutet, dass die Produktionszeit variieren kann. Bestellungen werden in der Regel innerhalb von 5\u201310 Werktagen bearbeitet und versendet. Bitte kontaktieren Sie uns, wenn Sie Ihr St\u00fcck zu einem bestimmten Datum ben\u00f6tigen.<\/p>\n<p><em>Notiz:<\/em> Aufgrund unterschiedlicher Bildschirmeinstellungen kann die tats\u00e4chliche Farbe der Tasche leicht von den Fotos abweichen.<\/p>","protected":false},"excerpt":{"rendered":"<p>[:de]Alles in einem: Umh\u00e4ngetasche aus Leder, Cross Body Bag und eine Abendkupplung, die in Italien aus dem hochwertigen schwarzen italienischen Leder handgefertigt wird.[:]<\/p>\n","protected":false},"featured_media":170,"comment_status":"open","ping_status":"closed","template":"","meta":{"nf_dc_page":"","googlesitekit_rrm_CAowrc_CDA:productID":""},"product_brand":[],"product_cat":[20],"product_tag":[],"class_list":{"0":"post-42","1":"product","2":"type-product","3":"status-publish","4":"has-post-thumbnail","6":"product_cat-uncategorized","8":"first","9":"outofstock","10":"shipping-taxable","11":"product-type-simple"},"yoast_head":"<!-- This site is optimized with the Yoast SEO Premium plugin v25.6 (Yoast SEO v27.4) - https:\/\/yoast.com\/product\/yoast-seo-premium-wordpress\/ -->\n<title>Leather shoulder bag with skull | Symbol Jewelry &amp; Erotic Accessories \u2013 Handmade in Italy<\/title>\n<meta name=\"description\" content=\"Indulge in Leather shoulder bag with skull \u2013 handcrafted in Italy. Discreet symbol jewelry, erotic leather accessories and intimate pieces for hotwife, cuckold and lifestyle dynamics. Worldwide shipping.\" \/>\n<meta name=\"robots\" content=\"index, follow, max-snippet:-1, max-image-preview:large, max-video-preview:-1\" \/>\n<link rel=\"canonical\" href=\"https:\/\/la-cortigiana.it\/de\/produkt\/enleather-shoulder-bag-with-skulldelederumhangetasche-mit-totenkopf\/\" \/>\n<meta property=\"og:locale\" content=\"de_DE\" \/>\n<meta property=\"og:type\" content=\"article\" \/>\n<meta property=\"og:title\" content=\"Leather shoulder bag with skull | La Cortigiana \u2013 Handcrafted in Italy\" \/>\n<meta property=\"og:description\" content=\"Luxury handcrafted lingerie &amp; accessories from Italy. Sheer, sensual, made for bold desires. Discreet worldwide delivery.\" \/>\n<meta property=\"og:url\" content=\"https:\/\/la-cortigiana.it\/de\/produkt\/enleather-shoulder-bag-with-skulldelederumhangetasche-mit-totenkopf\/\" \/>\n<meta property=\"og:site_name\" content=\"La Cortigiana | Handcrafted Leather Accessories for Bold Desires\" \/>\n<meta property=\"article:publisher\" content=\"https:\/\/www.facebook.com\/LaCortigiana\/\" \/>\n<meta property=\"article:modified_time\" content=\"2025-10-10T01:51:02+00:00\" \/>\n<meta property=\"og:image\" content=\"https:\/\/la-cortigiana.it\/wp-content\/uploads\/2025\/01\/Leather-cross-body-bag4.jpg\" \/>\n\t<meta property=\"og:image:width\" content=\"1000\" \/>\n\t<meta property=\"og:image:height\" content=\"667\" \/>\n\t<meta property=\"og:image:type\" content=\"image\/jpeg\" \/>\n<meta name=\"twitter:card\" content=\"summary_large_image\" \/>\n<meta name=\"twitter:site\" content=\"@la_cortigianait\" \/>\n<meta name=\"twitter:label1\" content=\"Gesch\u00e4tzte Lesezeit\" \/>\n\t<meta name=\"twitter:data1\" content=\"1\u00a0Minute\" \/>\n<script type=\"application\/ld+json\" class=\"yoast-schema-graph\">{\"@context\":\"https:\\\/\\\/schema.org\",\"@graph\":[{\"@type\":[\"WebPage\",\"ItemPage\"],\"@id\":\"https:\\\/\\\/la-cortigiana.it\\\/product\\\/enleather-shoulder-bag-with-skulldelederumhangetasche-mit-totenkopf\\\/\",\"url\":\"https:\\\/\\\/la-cortigiana.it\\\/product\\\/enleather-shoulder-bag-with-skulldelederumhangetasche-mit-totenkopf\\\/\",\"name\":\"Leather shoulder bag with skull | Symbol Jewelry & Erotic Accessories \u2013 Handmade in Italy\",\"isPartOf\":{\"@id\":\"https:\\\/\\\/la-cortigiana.it\\\/#website\"},\"primaryImageOfPage\":{\"@id\":\"https:\\\/\\\/la-cortigiana.it\\\/product\\\/enleather-shoulder-bag-with-skulldelederumhangetasche-mit-totenkopf\\\/#primaryimage\"},\"image\":{\"@id\":\"https:\\\/\\\/la-cortigiana.it\\\/product\\\/enleather-shoulder-bag-with-skulldelederumhangetasche-mit-totenkopf\\\/#primaryimage\"},\"thumbnailUrl\":\"https:\\\/\\\/la-cortigiana.it\\\/wp-content\\\/uploads\\\/2025\\\/01\\\/Leather-cross-body-bag4.jpg\",\"datePublished\":\"2025-01-03T18:14:56+00:00\",\"dateModified\":\"2025-10-10T01:51:02+00:00\",\"description\":\"Indulge in Leather shoulder bag with skull \u2013 handcrafted in Italy. Discreet symbol jewelry, erotic leather accessories and intimate pieces for hotwife, cuckold and lifestyle dynamics. Worldwide shipping.\",\"breadcrumb\":{\"@id\":\"https:\\\/\\\/la-cortigiana.it\\\/product\\\/enleather-shoulder-bag-with-skulldelederumhangetasche-mit-totenkopf\\\/#breadcrumb\"},\"inLanguage\":\"de\",\"potentialAction\":[{\"@type\":\"ReadAction\",\"target\":[\"https:\\\/\\\/la-cortigiana.it\\\/product\\\/enleather-shoulder-bag-with-skulldelederumhangetasche-mit-totenkopf\\\/\"]}]},{\"@type\":\"ImageObject\",\"inLanguage\":\"de\",\"@id\":\"https:\\\/\\\/la-cortigiana.it\\\/product\\\/enleather-shoulder-bag-with-skulldelederumhangetasche-mit-totenkopf\\\/#primaryimage\",\"url\":\"https:\\\/\\\/la-cortigiana.it\\\/wp-content\\\/uploads\\\/2025\\\/01\\\/Leather-cross-body-bag4.jpg\",\"contentUrl\":\"https:\\\/\\\/la-cortigiana.it\\\/wp-content\\\/uploads\\\/2025\\\/01\\\/Leather-cross-body-bag4.jpg\",\"width\":1000,\"height\":667},{\"@type\":\"BreadcrumbList\",\"@id\":\"https:\\\/\\\/la-cortigiana.it\\\/product\\\/enleather-shoulder-bag-with-skulldelederumhangetasche-mit-totenkopf\\\/#breadcrumb\",\"itemListElement\":[{\"@type\":\"ListItem\",\"position\":1,\"name\":\"Home\",\"item\":\"https:\\\/\\\/la-cortigiana.it\\\/\"},{\"@type\":\"ListItem\",\"position\":2,\"name\":\"Shop\",\"item\":\"https:\\\/\\\/la-cortigiana.it\\\/shop\\\/\"},{\"@type\":\"ListItem\",\"position\":3,\"name\":\"Leather shoulder bag with skull\"}]},{\"@type\":\"WebSite\",\"@id\":\"https:\\\/\\\/la-cortigiana.it\\\/#website\",\"url\":\"https:\\\/\\\/la-cortigiana.it\\\/\",\"name\":\"La Cortigiana | Discreet Symbol Jewelry & Erotic Leather, Handmade in Italy\",\"description\":\"Quiet Marks of Chosen Desire\",\"publisher\":{\"@id\":\"https:\\\/\\\/la-cortigiana.it\\\/#organization\"},\"potentialAction\":[{\"@type\":\"SearchAction\",\"target\":{\"@type\":\"EntryPoint\",\"urlTemplate\":\"https:\\\/\\\/la-cortigiana.it\\\/?s={search_term_string}\"},\"query-input\":{\"@type\":\"PropertyValueSpecification\",\"valueRequired\":true,\"valueName\":\"search_term_string\"}}],\"inLanguage\":\"de\"},{\"@type\":\"Organization\",\"@id\":\"https:\\\/\\\/la-cortigiana.it\\\/#organization\",\"name\":\"La Cortigiana\",\"url\":\"https:\\\/\\\/la-cortigiana.it\\\/\",\"logo\":{\"@type\":\"ImageObject\",\"inLanguage\":\"de\",\"@id\":\"https:\\\/\\\/la-cortigiana.it\\\/#\\\/schema\\\/logo\\\/image\\\/\",\"url\":\"https:\\\/\\\/la-cortigiana.it\\\/wp-content\\\/uploads\\\/2025\\\/01\\\/La-Cortigiana.png\",\"contentUrl\":\"https:\\\/\\\/la-cortigiana.it\\\/wp-content\\\/uploads\\\/2025\\\/01\\\/La-Cortigiana.png\",\"width\":1646,\"height\":575,\"caption\":\"La Cortigiana\"},\"image\":{\"@id\":\"https:\\\/\\\/la-cortigiana.it\\\/#\\\/schema\\\/logo\\\/image\\\/\"},\"sameAs\":[\"https:\\\/\\\/www.facebook.com\\\/LaCortigiana\\\/\",\"https:\\\/\\\/x.com\\\/la_cortigianait\",\"https:\\\/\\\/www.instagram.com\\\/la_cortigiana.it\",\"https:\\\/\\\/substack.com\\\/@lacortigiana\"]}]}<\/script>\n<!-- \/ Yoast SEO Premium plugin. -->","yoast_head_json":{"title":"Leather shoulder bag with skull | Symbol Jewelry & Erotic Accessories \u2013 Handmade in Italy","description":"Indulge in Leather shoulder bag with skull \u2013 handcrafted in Italy. Discreet symbol jewelry, erotic leather accessories and intimate pieces for hotwife, cuckold and lifestyle dynamics. Worldwide shipping.","robots":{"index":"index","follow":"follow","max-snippet":"max-snippet:-1","max-image-preview":"max-image-preview:large","max-video-preview":"max-video-preview:-1"},"canonical":"https:\/\/la-cortigiana.it\/de\/produkt\/enleather-shoulder-bag-with-skulldelederumhangetasche-mit-totenkopf\/","og_locale":"de_DE","og_type":"article","og_title":"Leather shoulder bag with skull | La Cortigiana \u2013 Handcrafted in Italy","og_description":"Luxury handcrafted lingerie & accessories from Italy. Sheer, sensual, made for bold desires. Discreet worldwide delivery.","og_url":"https:\/\/la-cortigiana.it\/de\/produkt\/enleather-shoulder-bag-with-skulldelederumhangetasche-mit-totenkopf\/","og_site_name":"La Cortigiana | Handcrafted Leather Accessories for Bold Desires","article_publisher":"https:\/\/www.facebook.com\/LaCortigiana\/","article_modified_time":"2025-10-10T01:51:02+00:00","og_image":[{"width":1000,"height":667,"url":"https:\/\/la-cortigiana.it\/wp-content\/uploads\/2025\/01\/Leather-cross-body-bag4.jpg","type":"image\/jpeg"}],"twitter_card":"summary_large_image","twitter_site":"@la_cortigianait","twitter_misc":{"Gesch\u00e4tzte Lesezeit":"1\u00a0Minute"},"schema":{"@context":"https:\/\/schema.org","@graph":[{"@type":["WebPage","ItemPage"],"@id":"https:\/\/la-cortigiana.it\/product\/enleather-shoulder-bag-with-skulldelederumhangetasche-mit-totenkopf\/","url":"https:\/\/la-cortigiana.it\/product\/enleather-shoulder-bag-with-skulldelederumhangetasche-mit-totenkopf\/","name":"Leather shoulder bag with skull | Symbol Jewelry & Erotic Accessories \u2013 Handmade in Italy","isPartOf":{"@id":"https:\/\/la-cortigiana.it\/#website"},"primaryImageOfPage":{"@id":"https:\/\/la-cortigiana.it\/product\/enleather-shoulder-bag-with-skulldelederumhangetasche-mit-totenkopf\/#primaryimage"},"image":{"@id":"https:\/\/la-cortigiana.it\/product\/enleather-shoulder-bag-with-skulldelederumhangetasche-mit-totenkopf\/#primaryimage"},"thumbnailUrl":"https:\/\/la-cortigiana.it\/wp-content\/uploads\/2025\/01\/Leather-cross-body-bag4.jpg","datePublished":"2025-01-03T18:14:56+00:00","dateModified":"2025-10-10T01:51:02+00:00","description":"Indulge in Leather shoulder bag with skull \u2013 handcrafted in Italy. Discreet symbol jewelry, erotic leather accessories and intimate pieces for hotwife, cuckold and lifestyle dynamics. Worldwide shipping.","breadcrumb":{"@id":"https:\/\/la-cortigiana.it\/product\/enleather-shoulder-bag-with-skulldelederumhangetasche-mit-totenkopf\/#breadcrumb"},"inLanguage":"de","potentialAction":[{"@type":"ReadAction","target":["https:\/\/la-cortigiana.it\/product\/enleather-shoulder-bag-with-skulldelederumhangetasche-mit-totenkopf\/"]}]},{"@type":"ImageObject","inLanguage":"de","@id":"https:\/\/la-cortigiana.it\/product\/enleather-shoulder-bag-with-skulldelederumhangetasche-mit-totenkopf\/#primaryimage","url":"https:\/\/la-cortigiana.it\/wp-content\/uploads\/2025\/01\/Leather-cross-body-bag4.jpg","contentUrl":"https:\/\/la-cortigiana.it\/wp-content\/uploads\/2025\/01\/Leather-cross-body-bag4.jpg","width":1000,"height":667},{"@type":"BreadcrumbList","@id":"https:\/\/la-cortigiana.it\/product\/enleather-shoulder-bag-with-skulldelederumhangetasche-mit-totenkopf\/#breadcrumb","itemListElement":[{"@type":"ListItem","position":1,"name":"Home","item":"https:\/\/la-cortigiana.it\/"},{"@type":"ListItem","position":2,"name":"Shop","item":"https:\/\/la-cortigiana.it\/shop\/"},{"@type":"ListItem","position":3,"name":"Leather shoulder bag with skull"}]},{"@type":"WebSite","@id":"https:\/\/la-cortigiana.it\/#website","url":"https:\/\/la-cortigiana.it\/","name":"La Cortigiana | Diskret-symbolischer Schmuck &amp; erotisches Leder, handgefertigt in Italien","description":"Stille Zeichen erw\u00e4hlten Verlangens","publisher":{"@id":"https:\/\/la-cortigiana.it\/#organization"},"potentialAction":[{"@type":"SearchAction","target":{"@type":"EntryPoint","urlTemplate":"https:\/\/la-cortigiana.it\/?s={search_term_string}"},"query-input":{"@type":"PropertyValueSpecification","valueRequired":true,"valueName":"search_term_string"}}],"inLanguage":"de"},{"@type":"Organization","@id":"https:\/\/la-cortigiana.it\/#organization","name":"La Cortigiana","url":"https:\/\/la-cortigiana.it\/","logo":{"@type":"ImageObject","inLanguage":"de","@id":"https:\/\/la-cortigiana.it\/#\/schema\/logo\/image\/","url":"https:\/\/la-cortigiana.it\/wp-content\/uploads\/2025\/01\/La-Cortigiana.png","contentUrl":"https:\/\/la-cortigiana.it\/wp-content\/uploads\/2025\/01\/La-Cortigiana.png","width":1646,"height":575,"caption":"La Cortigiana"},"image":{"@id":"https:\/\/la-cortigiana.it\/#\/schema\/logo\/image\/"},"sameAs":["https:\/\/www.facebook.com\/LaCortigiana\/","https:\/\/x.com\/la_cortigianait","https:\/\/www.instagram.com\/la_cortigiana.it","https:\/\/substack.com\/@lacortigiana"]}]}},"_links":{"self":[{"href":"https:\/\/la-cortigiana.it\/de\/wp-json\/wp\/v2\/product\/42","targetHints":{"allow":["GET"]}}],"collection":[{"href":"https:\/\/la-cortigiana.it\/de\/wp-json\/wp\/v2\/product"}],"about":[{"href":"https:\/\/la-cortigiana.it\/de\/wp-json\/wp\/v2\/types\/product"}],"replies":[{"embeddable":true,"href":"https:\/\/la-cortigiana.it\/de\/wp-json\/wp\/v2\/comments?post=42"}],"wp:featuredmedia":[{"embeddable":true,"href":"https:\/\/la-cortigiana.it\/de\/wp-json\/wp\/v2\/media\/170"}],"wp:attachment":[{"href":"https:\/\/la-cortigiana.it\/de\/wp-json\/wp\/v2\/media?parent=42"}],"wp:term":[{"taxonomy":"product_brand","embeddable":true,"href":"https:\/\/la-cortigiana.it\/de\/wp-json\/wp\/v2\/product_brand?post=42"},{"taxonomy":"product_cat","embeddable":true,"href":"https:\/\/la-cortigiana.it\/de\/wp-json\/wp\/v2\/product_cat?post=42"},{"taxonomy":"product_tag","embeddable":true,"href":"https:\/\/la-cortigiana.it\/de\/wp-json\/wp\/v2\/product_tag?post=42"}],"curies":[{"name":"wp","href":"https:\/\/api.w.org\/{rel}","templated":true}]}}