{"id":43,"date":"2025-01-03T19:14:56","date_gmt":"2025-01-03T18:14:56","guid":{"rendered":"https:\/\/jcj.qow.mybluehost.me\/?post_type=product&#038;p=43"},"modified":"2025-10-10T02:51:02","modified_gmt":"2025-10-10T01:51:02","slug":"enleather-belt-bag-with-geometric-engravingdeledergurteltasche-mit-geometrischer-gravur","status":"publish","type":"product","link":"https:\/\/la-cortigiana.it\/de\/produkt\/enleather-belt-bag-with-geometric-engravingdeledergurteltasche-mit-geometrischer-gravur\/","title":{"rendered":"G\u00fcrteltasche aus Leder mit geometrischer Gravur"},"content":{"rendered":"<p><strong>G\u00fcrteltasche aus italienischem Leder \u2013 Eleganz f\u00fcr freie H\u00e4nde<\/strong><\/p>\n<p>Diese vielseitige G\u00fcrteltasche ist f\u00fcr alle gedacht, die Einfachheit, Qualit\u00e4t und Funktionalit\u00e4t sch\u00e4tzen. Handgefertigt in unserer italienischen Werkstatt aus glattem, hochwertigem <strong>Toskanisches Leder<\/strong>verbindet es zeitloses Design mit Alltagstauglichkeit. Ob als <strong>G\u00fcrteltasche<\/strong>, <strong>G\u00fcrteltasche<\/strong>, oder <strong>H\u00fcfttasche<\/strong>, damit haben Sie Ihre wichtigsten Dinge immer griffbereit und haben gleichzeitig die H\u00e4nde frei.<\/p>\n<h3>Design und Vielseitigkeit<\/h3>\n<p>Perfekt f\u00fcr Tage, an denen Sie mit leichtem Gep\u00e4ck reisen m\u00f6chten. Diese Tasche bietet Platz f\u00fcr Ihr Telefon (einschlie\u00dflich der meisten iPhones), Schl\u00fcssel, Karten und andere wichtige Kleinigkeiten. Der abnehmbare G\u00fcrtel sorgt f\u00fcr Flexibilit\u00e4t \u2013 tragen Sie sie an der Taille oder H\u00fcfte f\u00fcr einen klassischen Look oder nehmen Sie den Riemen ab, um sie als minimalistische Tasche zu tragen. <strong>Beutel<\/strong>, <strong>Geldbeutel<\/strong>, oder <strong>iPhone-H\u00fclle<\/strong>.<\/p>\n<h3>Ma\u00dfe<\/h3>\n<ul>\n<li><strong>Klein:<\/strong> 180 \u00d7 90 \u00d7 20 mm (7\u2033 \u00d7 3,5\u2033 \u00d7 0,8\u2033)<\/li>\n<li><strong>Gro\u00df:<\/strong> 220 \u00d7 100 \u00d7 20 mm (8,6\u2033 \u00d7 4\u2033 \u00d7 0,8\u2033)<\/li>\n<\/ul>\n<h3>Personalisierung<\/h3>\n<p>Machen Sie es zu etwas ganz Besonderem mit <strong>individuelle Gravur<\/strong> oder zus\u00e4tzliche Personalisierung. F\u00fcgen Sie Initialen, einen Satz oder ein dezentes Symbol hinzu \u2013 und verwandeln Sie so ein funktionales Accessoire in etwas zutiefst Pers\u00f6nliches.<\/p>\n<h3>Warum Sie es lieben werden<\/h3>\n<ul>\n<li>\n<p><strong>Hochwertiges italienisches Leder<\/strong> das mit der Zeit weicher wird und eine reiche Patina entwickelt.<\/p>\n<\/li>\n<li>\n<p><strong>Abnehmbarer Riemen<\/strong> f\u00fcr mehrere Styling-Optionen.<\/p>\n<\/li>\n<li>\n<p><strong>Minimalistische Silhouette<\/strong> das m\u00fchelos zu jedem Outfit passt.<\/p>\n<\/li>\n<li>\n<p><strong>Handgefertigte Qualit\u00e4t<\/strong> \u2014 mit Pr\u00e4zision und Sorgfalt in Italien hergestellt.<\/p>\n<\/li>\n<\/ul>\n<p>Egal, ob Sie die Stadt erkunden, auf Reisen sind oder einfach nur einen Tagesausflug machen, mit dieser G\u00fcrteltasche haben Sie alles Wichtige immer griffbereit \u2013 und das mit dezentem Stil.<\/p>","protected":false},"excerpt":{"rendered":"<p>Italian Leather Belt Bag \u2013 Hands-Free Elegance This versatile belt bag is designed for those who appreciate simplicity, quality, and functionality. Handcrafted in our Italian workshop from smooth, premium Tuscan leather, it combines timeless design with everyday practicality. Whether you wear it as a belt bag, fanny pack, or hip pouch, it keeps your essentials [&hellip;]<\/p>\n","protected":false},"featured_media":175,"comment_status":"open","ping_status":"closed","template":"","meta":{"nf_dc_page":"","googlesitekit_rrm_CAowrc_CDA:productID":""},"product_brand":[],"product_cat":[20],"product_tag":[],"class_list":{"0":"post-43","1":"product","2":"type-product","3":"status-publish","4":"has-post-thumbnail","6":"product_cat-uncategorized","8":"first","9":"outofstock","10":"shipping-taxable","11":"purchasable","12":"product-type-simple"},"yoast_head":"<!-- This site is optimized with the Yoast SEO Premium plugin v25.6 (Yoast SEO v27.4) - https:\/\/yoast.com\/product\/yoast-seo-premium-wordpress\/ -->\n<title>Leather Belt Bag with geometric engraving | Symbol Jewelry &amp; Erotic Accessories \u2013 Handmade in Italy<\/title>\n<meta name=\"description\" content=\"Indulge in Leather Belt Bag with geometric engraving \u2013 handcrafted in Italy. Discreet symbol jewelry, erotic leather accessories and intimate pieces for hotwife, cuckold and lifestyle dynamics. Worldwide shipping.\" \/>\n<meta name=\"robots\" content=\"index, follow, max-snippet:-1, max-image-preview:large, max-video-preview:-1\" \/>\n<link rel=\"canonical\" href=\"https:\/\/la-cortigiana.it\/de\/produkt\/enleather-belt-bag-with-geometric-engravingdeledergurteltasche-mit-geometrischer-gravur\/\" \/>\n<meta property=\"og:locale\" content=\"de_DE\" \/>\n<meta property=\"og:type\" content=\"article\" \/>\n<meta property=\"og:title\" content=\"Leather Belt Bag with geometric engraving | La Cortigiana \u2013 Handcrafted in Italy\" \/>\n<meta property=\"og:description\" content=\"Luxury handcrafted lingerie &amp; accessories from Italy. Sheer, sensual, made for bold desires. Discreet worldwide delivery.\" \/>\n<meta property=\"og:url\" content=\"https:\/\/la-cortigiana.it\/de\/produkt\/enleather-belt-bag-with-geometric-engravingdeledergurteltasche-mit-geometrischer-gravur\/\" \/>\n<meta property=\"og:site_name\" content=\"La Cortigiana | Handcrafted Leather Accessories for Bold Desires\" \/>\n<meta property=\"article:publisher\" content=\"https:\/\/www.facebook.com\/LaCortigiana\/\" \/>\n<meta property=\"article:modified_time\" content=\"2025-10-10T01:51:02+00:00\" \/>\n<meta property=\"og:image\" content=\"https:\/\/la-cortigiana.it\/wp-content\/uploads\/2025\/01\/C77A0486.jpg\" \/>\n\t<meta property=\"og:image:width\" content=\"1920\" \/>\n\t<meta property=\"og:image:height\" content=\"1536\" \/>\n\t<meta property=\"og:image:type\" content=\"image\/jpeg\" \/>\n<meta name=\"twitter:card\" content=\"summary_large_image\" \/>\n<meta name=\"twitter:site\" content=\"@la_cortigianait\" \/>\n<meta name=\"twitter:label1\" content=\"Gesch\u00e4tzte Lesezeit\" \/>\n\t<meta name=\"twitter:data1\" content=\"1\u00a0Minute\" \/>\n<script type=\"application\/ld+json\" class=\"yoast-schema-graph\">{\"@context\":\"https:\\\/\\\/schema.org\",\"@graph\":[{\"@type\":[\"WebPage\",\"ItemPage\"],\"@id\":\"https:\\\/\\\/la-cortigiana.it\\\/product\\\/enleather-belt-bag-with-geometric-engravingdeledergurteltasche-mit-geometrischer-gravur\\\/\",\"url\":\"https:\\\/\\\/la-cortigiana.it\\\/product\\\/enleather-belt-bag-with-geometric-engravingdeledergurteltasche-mit-geometrischer-gravur\\\/\",\"name\":\"Leather Belt Bag with geometric engraving | Symbol Jewelry & Erotic Accessories \u2013 Handmade in Italy\",\"isPartOf\":{\"@id\":\"https:\\\/\\\/la-cortigiana.it\\\/#website\"},\"primaryImageOfPage\":{\"@id\":\"https:\\\/\\\/la-cortigiana.it\\\/product\\\/enleather-belt-bag-with-geometric-engravingdeledergurteltasche-mit-geometrischer-gravur\\\/#primaryimage\"},\"image\":{\"@id\":\"https:\\\/\\\/la-cortigiana.it\\\/product\\\/enleather-belt-bag-with-geometric-engravingdeledergurteltasche-mit-geometrischer-gravur\\\/#primaryimage\"},\"thumbnailUrl\":\"https:\\\/\\\/la-cortigiana.it\\\/wp-content\\\/uploads\\\/2025\\\/01\\\/C77A0486.jpg\",\"datePublished\":\"2025-01-03T18:14:56+00:00\",\"dateModified\":\"2025-10-10T01:51:02+00:00\",\"description\":\"Indulge in Leather Belt Bag with geometric engraving \u2013 handcrafted in Italy. Discreet symbol jewelry, erotic leather accessories and intimate pieces for hotwife, cuckold and lifestyle dynamics. Worldwide shipping.\",\"breadcrumb\":{\"@id\":\"https:\\\/\\\/la-cortigiana.it\\\/product\\\/enleather-belt-bag-with-geometric-engravingdeledergurteltasche-mit-geometrischer-gravur\\\/#breadcrumb\"},\"inLanguage\":\"de\",\"potentialAction\":[{\"@type\":\"ReadAction\",\"target\":[\"https:\\\/\\\/la-cortigiana.it\\\/product\\\/enleather-belt-bag-with-geometric-engravingdeledergurteltasche-mit-geometrischer-gravur\\\/\"]}]},{\"@type\":\"ImageObject\",\"inLanguage\":\"de\",\"@id\":\"https:\\\/\\\/la-cortigiana.it\\\/product\\\/enleather-belt-bag-with-geometric-engravingdeledergurteltasche-mit-geometrischer-gravur\\\/#primaryimage\",\"url\":\"https:\\\/\\\/la-cortigiana.it\\\/wp-content\\\/uploads\\\/2025\\\/01\\\/C77A0486.jpg\",\"contentUrl\":\"https:\\\/\\\/la-cortigiana.it\\\/wp-content\\\/uploads\\\/2025\\\/01\\\/C77A0486.jpg\",\"width\":1920,\"height\":1536},{\"@type\":\"BreadcrumbList\",\"@id\":\"https:\\\/\\\/la-cortigiana.it\\\/product\\\/enleather-belt-bag-with-geometric-engravingdeledergurteltasche-mit-geometrischer-gravur\\\/#breadcrumb\",\"itemListElement\":[{\"@type\":\"ListItem\",\"position\":1,\"name\":\"Home\",\"item\":\"https:\\\/\\\/la-cortigiana.it\\\/\"},{\"@type\":\"ListItem\",\"position\":2,\"name\":\"Shop\",\"item\":\"https:\\\/\\\/la-cortigiana.it\\\/shop\\\/\"},{\"@type\":\"ListItem\",\"position\":3,\"name\":\"Leather Belt Bag with geometric engraving\"}]},{\"@type\":\"WebSite\",\"@id\":\"https:\\\/\\\/la-cortigiana.it\\\/#website\",\"url\":\"https:\\\/\\\/la-cortigiana.it\\\/\",\"name\":\"La Cortigiana | Discreet Symbol Jewelry & Erotic Leather, Handmade in Italy\",\"description\":\"Quiet Marks of Chosen Desire\",\"publisher\":{\"@id\":\"https:\\\/\\\/la-cortigiana.it\\\/#organization\"},\"potentialAction\":[{\"@type\":\"SearchAction\",\"target\":{\"@type\":\"EntryPoint\",\"urlTemplate\":\"https:\\\/\\\/la-cortigiana.it\\\/?s={search_term_string}\"},\"query-input\":{\"@type\":\"PropertyValueSpecification\",\"valueRequired\":true,\"valueName\":\"search_term_string\"}}],\"inLanguage\":\"de\"},{\"@type\":\"Organization\",\"@id\":\"https:\\\/\\\/la-cortigiana.it\\\/#organization\",\"name\":\"La Cortigiana\",\"url\":\"https:\\\/\\\/la-cortigiana.it\\\/\",\"logo\":{\"@type\":\"ImageObject\",\"inLanguage\":\"de\",\"@id\":\"https:\\\/\\\/la-cortigiana.it\\\/#\\\/schema\\\/logo\\\/image\\\/\",\"url\":\"https:\\\/\\\/la-cortigiana.it\\\/wp-content\\\/uploads\\\/2025\\\/01\\\/La-Cortigiana.png\",\"contentUrl\":\"https:\\\/\\\/la-cortigiana.it\\\/wp-content\\\/uploads\\\/2025\\\/01\\\/La-Cortigiana.png\",\"width\":1646,\"height\":575,\"caption\":\"La Cortigiana\"},\"image\":{\"@id\":\"https:\\\/\\\/la-cortigiana.it\\\/#\\\/schema\\\/logo\\\/image\\\/\"},\"sameAs\":[\"https:\\\/\\\/www.facebook.com\\\/LaCortigiana\\\/\",\"https:\\\/\\\/x.com\\\/la_cortigianait\",\"https:\\\/\\\/www.instagram.com\\\/la_cortigiana.it\",\"https:\\\/\\\/substack.com\\\/@lacortigiana\"]}]}<\/script>\n<!-- \/ Yoast SEO Premium plugin. -->","yoast_head_json":{"title":"Leather Belt Bag with geometric engraving | Symbol Jewelry & Erotic Accessories \u2013 Handmade in Italy","description":"Indulge in Leather Belt Bag with geometric engraving \u2013 handcrafted in Italy. Discreet symbol jewelry, erotic leather accessories and intimate pieces for hotwife, cuckold and lifestyle dynamics. Worldwide shipping.","robots":{"index":"index","follow":"follow","max-snippet":"max-snippet:-1","max-image-preview":"max-image-preview:large","max-video-preview":"max-video-preview:-1"},"canonical":"https:\/\/la-cortigiana.it\/de\/produkt\/enleather-belt-bag-with-geometric-engravingdeledergurteltasche-mit-geometrischer-gravur\/","og_locale":"de_DE","og_type":"article","og_title":"Leather Belt Bag with geometric engraving | La Cortigiana \u2013 Handcrafted in Italy","og_description":"Luxury handcrafted lingerie & accessories from Italy. Sheer, sensual, made for bold desires. Discreet worldwide delivery.","og_url":"https:\/\/la-cortigiana.it\/de\/produkt\/enleather-belt-bag-with-geometric-engravingdeledergurteltasche-mit-geometrischer-gravur\/","og_site_name":"La Cortigiana | Handcrafted Leather Accessories for Bold Desires","article_publisher":"https:\/\/www.facebook.com\/LaCortigiana\/","article_modified_time":"2025-10-10T01:51:02+00:00","og_image":[{"width":1920,"height":1536,"url":"https:\/\/la-cortigiana.it\/wp-content\/uploads\/2025\/01\/C77A0486.jpg","type":"image\/jpeg"}],"twitter_card":"summary_large_image","twitter_site":"@la_cortigianait","twitter_misc":{"Gesch\u00e4tzte Lesezeit":"1\u00a0Minute"},"schema":{"@context":"https:\/\/schema.org","@graph":[{"@type":["WebPage","ItemPage"],"@id":"https:\/\/la-cortigiana.it\/product\/enleather-belt-bag-with-geometric-engravingdeledergurteltasche-mit-geometrischer-gravur\/","url":"https:\/\/la-cortigiana.it\/product\/enleather-belt-bag-with-geometric-engravingdeledergurteltasche-mit-geometrischer-gravur\/","name":"Leather Belt Bag with geometric engraving | Symbol Jewelry & Erotic Accessories \u2013 Handmade in Italy","isPartOf":{"@id":"https:\/\/la-cortigiana.it\/#website"},"primaryImageOfPage":{"@id":"https:\/\/la-cortigiana.it\/product\/enleather-belt-bag-with-geometric-engravingdeledergurteltasche-mit-geometrischer-gravur\/#primaryimage"},"image":{"@id":"https:\/\/la-cortigiana.it\/product\/enleather-belt-bag-with-geometric-engravingdeledergurteltasche-mit-geometrischer-gravur\/#primaryimage"},"thumbnailUrl":"https:\/\/la-cortigiana.it\/wp-content\/uploads\/2025\/01\/C77A0486.jpg","datePublished":"2025-01-03T18:14:56+00:00","dateModified":"2025-10-10T01:51:02+00:00","description":"Indulge in Leather Belt Bag with geometric engraving \u2013 handcrafted in Italy. Discreet symbol jewelry, erotic leather accessories and intimate pieces for hotwife, cuckold and lifestyle dynamics. Worldwide shipping.","breadcrumb":{"@id":"https:\/\/la-cortigiana.it\/product\/enleather-belt-bag-with-geometric-engravingdeledergurteltasche-mit-geometrischer-gravur\/#breadcrumb"},"inLanguage":"de","potentialAction":[{"@type":"ReadAction","target":["https:\/\/la-cortigiana.it\/product\/enleather-belt-bag-with-geometric-engravingdeledergurteltasche-mit-geometrischer-gravur\/"]}]},{"@type":"ImageObject","inLanguage":"de","@id":"https:\/\/la-cortigiana.it\/product\/enleather-belt-bag-with-geometric-engravingdeledergurteltasche-mit-geometrischer-gravur\/#primaryimage","url":"https:\/\/la-cortigiana.it\/wp-content\/uploads\/2025\/01\/C77A0486.jpg","contentUrl":"https:\/\/la-cortigiana.it\/wp-content\/uploads\/2025\/01\/C77A0486.jpg","width":1920,"height":1536},{"@type":"BreadcrumbList","@id":"https:\/\/la-cortigiana.it\/product\/enleather-belt-bag-with-geometric-engravingdeledergurteltasche-mit-geometrischer-gravur\/#breadcrumb","itemListElement":[{"@type":"ListItem","position":1,"name":"Home","item":"https:\/\/la-cortigiana.it\/"},{"@type":"ListItem","position":2,"name":"Shop","item":"https:\/\/la-cortigiana.it\/shop\/"},{"@type":"ListItem","position":3,"name":"Leather Belt Bag with geometric engraving"}]},{"@type":"WebSite","@id":"https:\/\/la-cortigiana.it\/#website","url":"https:\/\/la-cortigiana.it\/","name":"La Cortigiana | Diskret-symbolischer Schmuck &amp; erotisches Leder, handgefertigt in Italien","description":"Stille Zeichen erw\u00e4hlten Verlangens","publisher":{"@id":"https:\/\/la-cortigiana.it\/#organization"},"potentialAction":[{"@type":"SearchAction","target":{"@type":"EntryPoint","urlTemplate":"https:\/\/la-cortigiana.it\/?s={search_term_string}"},"query-input":{"@type":"PropertyValueSpecification","valueRequired":true,"valueName":"search_term_string"}}],"inLanguage":"de"},{"@type":"Organization","@id":"https:\/\/la-cortigiana.it\/#organization","name":"La Cortigiana","url":"https:\/\/la-cortigiana.it\/","logo":{"@type":"ImageObject","inLanguage":"de","@id":"https:\/\/la-cortigiana.it\/#\/schema\/logo\/image\/","url":"https:\/\/la-cortigiana.it\/wp-content\/uploads\/2025\/01\/La-Cortigiana.png","contentUrl":"https:\/\/la-cortigiana.it\/wp-content\/uploads\/2025\/01\/La-Cortigiana.png","width":1646,"height":575,"caption":"La Cortigiana"},"image":{"@id":"https:\/\/la-cortigiana.it\/#\/schema\/logo\/image\/"},"sameAs":["https:\/\/www.facebook.com\/LaCortigiana\/","https:\/\/x.com\/la_cortigianait","https:\/\/www.instagram.com\/la_cortigiana.it","https:\/\/substack.com\/@lacortigiana"]}]}},"_links":{"self":[{"href":"https:\/\/la-cortigiana.it\/de\/wp-json\/wp\/v2\/product\/43","targetHints":{"allow":["GET"]}}],"collection":[{"href":"https:\/\/la-cortigiana.it\/de\/wp-json\/wp\/v2\/product"}],"about":[{"href":"https:\/\/la-cortigiana.it\/de\/wp-json\/wp\/v2\/types\/product"}],"replies":[{"embeddable":true,"href":"https:\/\/la-cortigiana.it\/de\/wp-json\/wp\/v2\/comments?post=43"}],"wp:featuredmedia":[{"embeddable":true,"href":"https:\/\/la-cortigiana.it\/de\/wp-json\/wp\/v2\/media\/175"}],"wp:attachment":[{"href":"https:\/\/la-cortigiana.it\/de\/wp-json\/wp\/v2\/media?parent=43"}],"wp:term":[{"taxonomy":"product_brand","embeddable":true,"href":"https:\/\/la-cortigiana.it\/de\/wp-json\/wp\/v2\/product_brand?post=43"},{"taxonomy":"product_cat","embeddable":true,"href":"https:\/\/la-cortigiana.it\/de\/wp-json\/wp\/v2\/product_cat?post=43"},{"taxonomy":"product_tag","embeddable":true,"href":"https:\/\/la-cortigiana.it\/de\/wp-json\/wp\/v2\/product_tag?post=43"}],"curies":[{"name":"wp","href":"https:\/\/api.w.org\/{rel}","templated":true}]}}