{"id":1051,"date":"2025-01-27T21:48:56","date_gmt":"2025-01-27T20:48:56","guid":{"rendered":"https:\/\/la-cortigiana.it\/?post_type=product&#038;p=1051"},"modified":"2025-12-28T22:52:26","modified_gmt":"2025-12-28T21:52:26","slug":"leather-choker-with-personalization-devotion","status":"publish","type":"product","link":"https:\/\/la-cortigiana.it\/fr\/produit\/leather-choker-with-personalization-devotion\/","title":{"rendered":"Collier ras du cou en cuir \u00ab D\u00e9votion \u00bb \u2013 Collier personnalis\u00e9 en vachette italienne"},"content":{"rendered":"<h3>Personnalisation<\/h3>\n<ul>\n<li>\n<p>Gravure disponible \u00e0 l&#039;int\u00e9rieur ou \u00e0 l&#039;ext\u00e9rieur \u2014 un nom, une phrase ou un message priv\u00e9 connu de vous seul.<\/p>\n<\/li>\n<li>\n<p>La taille personnalis\u00e9e garantit un ajustement parfait et sur mesure pour n&#039;importe quelle circonf\u00e9rence de cou.<\/p>\n<\/li>\n<li>\n<p>Le texte cach\u00e9 facultatif ajoute une couche de signification qui reste entre le porteur et le donneur.<\/p>\n<\/li>\n<\/ul>\n<h3>Conception et signification<\/h3>\n<ul>\n<li>\n<p><strong>Cuir de vachette :<\/strong> doux, tann\u00e9 v\u00e9g\u00e9tal et con\u00e7u pour vieillir magnifiquement avec une patine qui s&#039;approfondit au fil du temps.<\/p>\n<\/li>\n<li>\n<p><strong>Quincaillerie napolitaine :<\/strong> composants en acier poli et cha\u00eene con\u00e7us pour la long\u00e9vit\u00e9 et l&#039;\u00e9l\u00e9gance.<\/p>\n<\/li>\n<li>\n<p>Convient pour un usage quotidien, des rituels symboliques ou comme un clin d&#039;\u0153il discret \u00e0 la dynamique de domination et de soumission.<\/p>\n<\/li>\n<\/ul>\n<h3>Coupe et style<\/h3>\n<ul>\n<li>\n<p>Disponible dans toutes les tailles et fabriqu\u00e9 sur commande.<\/p>\n<\/li>\n<li>\n<p>La coupe r\u00e9glable maintient le col en s\u00e9curit\u00e9 sans compromettre le confort.<\/p>\n<\/li>\n<li>\n<p>Se marie bien avec de la lingerie, des v\u00eatements de soir\u00e9e ou port\u00e9 seul comme une pi\u00e8ce de d\u00e9claration.<\/p>\n<\/li>\n<\/ul>\n<p>Ce collier ras-du-cou est con\u00e7u pour celles qui accordent de l&#039;importance \u00e0 l&#039;intention dans les moindres d\u00e9tails. Sa forme, sa mati\u00e8re et sa personnalisation en font plus qu&#039;un simple accessoire\u00a0: il devient une signature identitaire, un symbole de connexion et un objet porteur de sens \u00e0 chaque fois qu&#039;il est port\u00e9.<\/p>","protected":false},"excerpt":{"rendered":"<p>Ce collier ras-de-cou artisanal incarne la connexion et l&#039;intention. Fabriqu\u00e9 \u00e0 partir de mat\u00e9riaux de premi\u00e8re qualit\u00e9. <strong>Cuir de vachette toscan<\/strong> Dot\u00e9 d&#039;accessoires en m\u00e9tal de haute qualit\u00e9 forg\u00e9s \u00e0 Naples, il est doux, r\u00e9sistant et con\u00e7u pour un confort optimal. Chaque d\u00e9tail est fa\u00e7onn\u00e9 \u00e0 la main, garantissant un ajustement pr\u00e9cis et un look intemporel.<\/p>","protected":false},"featured_media":1052,"comment_status":"open","ping_status":"closed","template":"","meta":{"nf_dc_page":"","googlesitekit_rrm_CAowrc_CDA:productID":""},"product_brand":[],"product_cat":[23],"product_tag":[],"class_list":{"0":"post-1051","1":"product","2":"type-product","3":"status-publish","4":"has-post-thumbnail","6":"product_cat-collars-handcuffs","8":"first","9":"instock","10":"shipping-taxable","11":"purchasable","12":"product-type-simple"},"yoast_head":"<!-- This site is optimized with the Yoast SEO Premium plugin v25.6 (Yoast SEO v27.4) - https:\/\/yoast.com\/product\/yoast-seo-premium-wordpress\/ -->\n<title>Leather Choker \u201cDevotion\u201d - Personalized Italian Vacchetta Collar | Symbol Jewelry &amp; Erotic Accessories \u2013 Handmade in Italy<\/title>\n<meta name=\"description\" content=\"Indulge in Leather Choker \u201cDevotion\u201d - Personalized Italian Vacchetta Collar \u2013 handcrafted in Italy. Discreet symbol jewelry, erotic leather accessories and intimate pieces for hotwife, cuckold and lifestyle dynamics. Worldwide shipping.\" \/>\n<meta name=\"robots\" content=\"index, follow, max-snippet:-1, max-image-preview:large, max-video-preview:-1\" \/>\n<link rel=\"canonical\" href=\"https:\/\/la-cortigiana.it\/fr\/produit\/leather-choker-with-personalization-devotion\/\" \/>\n<meta property=\"og:locale\" content=\"fr_FR\" \/>\n<meta property=\"og:type\" content=\"article\" \/>\n<meta property=\"og:title\" content=\"Leather Choker \u201cDevotion\u201d - Personalized Italian Vacchetta Collar | La Cortigiana \u2013 Handcrafted in Italy\" \/>\n<meta property=\"og:description\" content=\"Luxury handcrafted lingerie &amp; accessories from Italy. Sheer, sensual, made for bold desires. Discreet worldwide delivery.\" \/>\n<meta property=\"og:url\" content=\"https:\/\/la-cortigiana.it\/fr\/produit\/leather-choker-with-personalization-devotion\/\" \/>\n<meta property=\"og:site_name\" content=\"La Cortigiana | Handcrafted Leather Accessories for Bold Desires\" \/>\n<meta property=\"article:publisher\" content=\"https:\/\/www.facebook.com\/LaCortigiana\/\" \/>\n<meta property=\"article:modified_time\" content=\"2025-12-28T21:52:26+00:00\" \/>\n<meta property=\"og:image\" content=\"https:\/\/la-cortigiana.it\/wp-content\/uploads\/2025\/01\/DSCF8340.jpg\" \/>\n\t<meta property=\"og:image:width\" content=\"2000\" \/>\n\t<meta property=\"og:image:height\" content=\"2500\" \/>\n\t<meta property=\"og:image:type\" content=\"image\/jpeg\" \/>\n<meta name=\"twitter:card\" content=\"summary_large_image\" \/>\n<meta name=\"twitter:site\" content=\"@la_cortigianait\" \/>\n<meta name=\"twitter:label1\" content=\"Dur\u00e9e de lecture estim\u00e9e\" \/>\n\t<meta name=\"twitter:data1\" content=\"1 minute\" \/>\n<script type=\"application\/ld+json\" class=\"yoast-schema-graph\">{\"@context\":\"https:\\\/\\\/schema.org\",\"@graph\":[{\"@type\":[\"WebPage\",\"ItemPage\"],\"@id\":\"https:\\\/\\\/la-cortigiana.it\\\/product\\\/leather-choker-with-personalization-devotion\\\/\",\"url\":\"https:\\\/\\\/la-cortigiana.it\\\/product\\\/leather-choker-with-personalization-devotion\\\/\",\"name\":\"Leather Choker \u201cDevotion\u201d - Personalized Italian Vacchetta Collar | Symbol Jewelry & Erotic Accessories \u2013 Handmade in Italy\",\"isPartOf\":{\"@id\":\"https:\\\/\\\/la-cortigiana.it\\\/#website\"},\"primaryImageOfPage\":{\"@id\":\"https:\\\/\\\/la-cortigiana.it\\\/product\\\/leather-choker-with-personalization-devotion\\\/#primaryimage\"},\"image\":{\"@id\":\"https:\\\/\\\/la-cortigiana.it\\\/product\\\/leather-choker-with-personalization-devotion\\\/#primaryimage\"},\"thumbnailUrl\":\"https:\\\/\\\/la-cortigiana.it\\\/wp-content\\\/uploads\\\/2025\\\/01\\\/DSCF8340.jpg\",\"datePublished\":\"2025-01-27T20:48:56+00:00\",\"dateModified\":\"2025-12-28T21:52:26+00:00\",\"description\":\"Indulge in Leather Choker \u201cDevotion\u201d - Personalized Italian Vacchetta Collar \u2013 handcrafted in Italy. Discreet symbol jewelry, erotic leather accessories and intimate pieces for hotwife, cuckold and lifestyle dynamics. Worldwide shipping.\",\"breadcrumb\":{\"@id\":\"https:\\\/\\\/la-cortigiana.it\\\/product\\\/leather-choker-with-personalization-devotion\\\/#breadcrumb\"},\"inLanguage\":\"fr-FR\",\"potentialAction\":[{\"@type\":\"ReadAction\",\"target\":[\"https:\\\/\\\/la-cortigiana.it\\\/product\\\/leather-choker-with-personalization-devotion\\\/\"]}]},{\"@type\":\"ImageObject\",\"inLanguage\":\"fr-FR\",\"@id\":\"https:\\\/\\\/la-cortigiana.it\\\/product\\\/leather-choker-with-personalization-devotion\\\/#primaryimage\",\"url\":\"https:\\\/\\\/la-cortigiana.it\\\/wp-content\\\/uploads\\\/2025\\\/01\\\/DSCF8340.jpg\",\"contentUrl\":\"https:\\\/\\\/la-cortigiana.it\\\/wp-content\\\/uploads\\\/2025\\\/01\\\/DSCF8340.jpg\",\"width\":2000,\"height\":2500,\"caption\":\"Leather Choker with Personalization \\\"Devotion\\\"\"},{\"@type\":\"BreadcrumbList\",\"@id\":\"https:\\\/\\\/la-cortigiana.it\\\/product\\\/leather-choker-with-personalization-devotion\\\/#breadcrumb\",\"itemListElement\":[{\"@type\":\"ListItem\",\"position\":1,\"name\":\"Home\",\"item\":\"https:\\\/\\\/la-cortigiana.it\\\/\"},{\"@type\":\"ListItem\",\"position\":2,\"name\":\"Shop\",\"item\":\"https:\\\/\\\/la-cortigiana.it\\\/shop\\\/\"},{\"@type\":\"ListItem\",\"position\":3,\"name\":\"Leather Choker \u201cDevotion\u201d &#8211; Personalized Italian Vacchetta Collar\"}]},{\"@type\":\"WebSite\",\"@id\":\"https:\\\/\\\/la-cortigiana.it\\\/#website\",\"url\":\"https:\\\/\\\/la-cortigiana.it\\\/\",\"name\":\"La Cortigiana | Discreet Symbol Jewelry & Erotic Leather, Handmade in Italy\",\"description\":\"Quiet Marks of Chosen Desire\",\"publisher\":{\"@id\":\"https:\\\/\\\/la-cortigiana.it\\\/#organization\"},\"potentialAction\":[{\"@type\":\"SearchAction\",\"target\":{\"@type\":\"EntryPoint\",\"urlTemplate\":\"https:\\\/\\\/la-cortigiana.it\\\/?s={search_term_string}\"},\"query-input\":{\"@type\":\"PropertyValueSpecification\",\"valueRequired\":true,\"valueName\":\"search_term_string\"}}],\"inLanguage\":\"fr-FR\"},{\"@type\":\"Organization\",\"@id\":\"https:\\\/\\\/la-cortigiana.it\\\/#organization\",\"name\":\"La Cortigiana\",\"url\":\"https:\\\/\\\/la-cortigiana.it\\\/\",\"logo\":{\"@type\":\"ImageObject\",\"inLanguage\":\"fr-FR\",\"@id\":\"https:\\\/\\\/la-cortigiana.it\\\/#\\\/schema\\\/logo\\\/image\\\/\",\"url\":\"https:\\\/\\\/la-cortigiana.it\\\/wp-content\\\/uploads\\\/2025\\\/01\\\/La-Cortigiana.png\",\"contentUrl\":\"https:\\\/\\\/la-cortigiana.it\\\/wp-content\\\/uploads\\\/2025\\\/01\\\/La-Cortigiana.png\",\"width\":1646,\"height\":575,\"caption\":\"La Cortigiana\"},\"image\":{\"@id\":\"https:\\\/\\\/la-cortigiana.it\\\/#\\\/schema\\\/logo\\\/image\\\/\"},\"sameAs\":[\"https:\\\/\\\/www.facebook.com\\\/LaCortigiana\\\/\",\"https:\\\/\\\/x.com\\\/la_cortigianait\",\"https:\\\/\\\/www.instagram.com\\\/la_cortigiana.it\",\"https:\\\/\\\/substack.com\\\/@lacortigiana\"]}]}<\/script>\n<!-- \/ Yoast SEO Premium plugin. -->","yoast_head_json":{"title":"Leather Choker \u201cDevotion\u201d - Personalized Italian Vacchetta Collar | Symbol Jewelry & Erotic Accessories \u2013 Handmade in Italy","description":"Indulge in Leather Choker \u201cDevotion\u201d - Personalized Italian Vacchetta Collar \u2013 handcrafted in Italy. Discreet symbol jewelry, erotic leather accessories and intimate pieces for hotwife, cuckold and lifestyle dynamics. Worldwide shipping.","robots":{"index":"index","follow":"follow","max-snippet":"max-snippet:-1","max-image-preview":"max-image-preview:large","max-video-preview":"max-video-preview:-1"},"canonical":"https:\/\/la-cortigiana.it\/fr\/produit\/leather-choker-with-personalization-devotion\/","og_locale":"fr_FR","og_type":"article","og_title":"Leather Choker \u201cDevotion\u201d - Personalized Italian Vacchetta Collar | La Cortigiana \u2013 Handcrafted in Italy","og_description":"Luxury handcrafted lingerie & accessories from Italy. Sheer, sensual, made for bold desires. Discreet worldwide delivery.","og_url":"https:\/\/la-cortigiana.it\/fr\/produit\/leather-choker-with-personalization-devotion\/","og_site_name":"La Cortigiana | Handcrafted Leather Accessories for Bold Desires","article_publisher":"https:\/\/www.facebook.com\/LaCortigiana\/","article_modified_time":"2025-12-28T21:52:26+00:00","og_image":[{"width":2000,"height":2500,"url":"https:\/\/la-cortigiana.it\/wp-content\/uploads\/2025\/01\/DSCF8340.jpg","type":"image\/jpeg"}],"twitter_card":"summary_large_image","twitter_site":"@la_cortigianait","twitter_misc":{"Dur\u00e9e de lecture estim\u00e9e":"1 minute"},"schema":{"@context":"https:\/\/schema.org","@graph":[{"@type":["WebPage","ItemPage"],"@id":"https:\/\/la-cortigiana.it\/product\/leather-choker-with-personalization-devotion\/","url":"https:\/\/la-cortigiana.it\/product\/leather-choker-with-personalization-devotion\/","name":"Leather Choker \u201cDevotion\u201d - Personalized Italian Vacchetta Collar | Symbol Jewelry & Erotic Accessories \u2013 Handmade in Italy","isPartOf":{"@id":"https:\/\/la-cortigiana.it\/#website"},"primaryImageOfPage":{"@id":"https:\/\/la-cortigiana.it\/product\/leather-choker-with-personalization-devotion\/#primaryimage"},"image":{"@id":"https:\/\/la-cortigiana.it\/product\/leather-choker-with-personalization-devotion\/#primaryimage"},"thumbnailUrl":"https:\/\/la-cortigiana.it\/wp-content\/uploads\/2025\/01\/DSCF8340.jpg","datePublished":"2025-01-27T20:48:56+00:00","dateModified":"2025-12-28T21:52:26+00:00","description":"Indulge in Leather Choker \u201cDevotion\u201d - Personalized Italian Vacchetta Collar \u2013 handcrafted in Italy. Discreet symbol jewelry, erotic leather accessories and intimate pieces for hotwife, cuckold and lifestyle dynamics. Worldwide shipping.","breadcrumb":{"@id":"https:\/\/la-cortigiana.it\/product\/leather-choker-with-personalization-devotion\/#breadcrumb"},"inLanguage":"fr-FR","potentialAction":[{"@type":"ReadAction","target":["https:\/\/la-cortigiana.it\/product\/leather-choker-with-personalization-devotion\/"]}]},{"@type":"ImageObject","inLanguage":"fr-FR","@id":"https:\/\/la-cortigiana.it\/product\/leather-choker-with-personalization-devotion\/#primaryimage","url":"https:\/\/la-cortigiana.it\/wp-content\/uploads\/2025\/01\/DSCF8340.jpg","contentUrl":"https:\/\/la-cortigiana.it\/wp-content\/uploads\/2025\/01\/DSCF8340.jpg","width":2000,"height":2500,"caption":"Leather Choker with Personalization \"Devotion\""},{"@type":"BreadcrumbList","@id":"https:\/\/la-cortigiana.it\/product\/leather-choker-with-personalization-devotion\/#breadcrumb","itemListElement":[{"@type":"ListItem","position":1,"name":"Home","item":"https:\/\/la-cortigiana.it\/"},{"@type":"ListItem","position":2,"name":"Shop","item":"https:\/\/la-cortigiana.it\/shop\/"},{"@type":"ListItem","position":3,"name":"Leather Choker \u201cDevotion\u201d &#8211; Personalized Italian Vacchetta Collar"}]},{"@type":"WebSite","@id":"https:\/\/la-cortigiana.it\/#website","url":"https:\/\/la-cortigiana.it\/","name":"La Cortigiana | Bijoux discrets \u00e0 symboles et maroquinerie \u00e9rotique, fabriqu\u00e9s \u00e0 la main en Italie","description":"Marques discr\u00e8tes d&#039;un d\u00e9sir choisi","publisher":{"@id":"https:\/\/la-cortigiana.it\/#organization"},"potentialAction":[{"@type":"SearchAction","target":{"@type":"EntryPoint","urlTemplate":"https:\/\/la-cortigiana.it\/?s={search_term_string}"},"query-input":{"@type":"PropertyValueSpecification","valueRequired":true,"valueName":"search_term_string"}}],"inLanguage":"fr-FR"},{"@type":"Organization","@id":"https:\/\/la-cortigiana.it\/#organization","name":"La Cortigiana","url":"https:\/\/la-cortigiana.it\/","logo":{"@type":"ImageObject","inLanguage":"fr-FR","@id":"https:\/\/la-cortigiana.it\/#\/schema\/logo\/image\/","url":"https:\/\/la-cortigiana.it\/wp-content\/uploads\/2025\/01\/La-Cortigiana.png","contentUrl":"https:\/\/la-cortigiana.it\/wp-content\/uploads\/2025\/01\/La-Cortigiana.png","width":1646,"height":575,"caption":"La Cortigiana"},"image":{"@id":"https:\/\/la-cortigiana.it\/#\/schema\/logo\/image\/"},"sameAs":["https:\/\/www.facebook.com\/LaCortigiana\/","https:\/\/x.com\/la_cortigianait","https:\/\/www.instagram.com\/la_cortigiana.it","https:\/\/substack.com\/@lacortigiana"]}]}},"_links":{"self":[{"href":"https:\/\/la-cortigiana.it\/fr\/wp-json\/wp\/v2\/product\/1051","targetHints":{"allow":["GET"]}}],"collection":[{"href":"https:\/\/la-cortigiana.it\/fr\/wp-json\/wp\/v2\/product"}],"about":[{"href":"https:\/\/la-cortigiana.it\/fr\/wp-json\/wp\/v2\/types\/product"}],"replies":[{"embeddable":true,"href":"https:\/\/la-cortigiana.it\/fr\/wp-json\/wp\/v2\/comments?post=1051"}],"wp:featuredmedia":[{"embeddable":true,"href":"https:\/\/la-cortigiana.it\/fr\/wp-json\/wp\/v2\/media\/1052"}],"wp:attachment":[{"href":"https:\/\/la-cortigiana.it\/fr\/wp-json\/wp\/v2\/media?parent=1051"}],"wp:term":[{"taxonomy":"product_brand","embeddable":true,"href":"https:\/\/la-cortigiana.it\/fr\/wp-json\/wp\/v2\/product_brand?post=1051"},{"taxonomy":"product_cat","embeddable":true,"href":"https:\/\/la-cortigiana.it\/fr\/wp-json\/wp\/v2\/product_cat?post=1051"},{"taxonomy":"product_tag","embeddable":true,"href":"https:\/\/la-cortigiana.it\/fr\/wp-json\/wp\/v2\/product_tag?post=1051"}],"curies":[{"name":"wp","href":"https:\/\/api.w.org\/{rel}","templated":true}]}}