{"id":1069,"date":"2025-01-27T22:25:12","date_gmt":"2025-01-27T21:25:12","guid":{"rendered":"https:\/\/la-cortigiana.it\/?post_type=product&#038;p=1069"},"modified":"2025-12-21T19:40:15","modified_gmt":"2025-12-21T18:40:15","slug":"cuckold-bracelet-with-personalisation","status":"publish","type":"product","link":"https:\/\/la-cortigiana.it\/fr\/produit\/cuckold-bracelet-with-personalisation\/","title":{"rendered":"Bracelet cocu \u2013 Symbole personnalis\u00e9 en cuir des r\u00f4les partag\u00e9s"},"content":{"rendered":"<h3>Personnalisation<\/h3>\n<ul>\n<li>\n<p>Gravure personnalis\u00e9e disponible \u00e0 l&#039;int\u00e9rieur ou \u00e0 l&#039;ext\u00e9rieur \u2014 ajoutez une date, un nom, une phrase ou un code priv\u00e9 qui refl\u00e8te votre voyage.<\/p>\n<\/li>\n<li>\n<p>L&#039;embl\u00e8me optionnel approfondit le sens et la connexion entre les partenaires.<\/p>\n<\/li>\n<\/ul>\n<h3>Conception et mat\u00e9riaux<\/h3>\n<ul>\n<li>\n<p><strong>Mat\u00e9riel:<\/strong> Cuir de vachette italien tann\u00e9 v\u00e9g\u00e9tal de premi\u00e8re qualit\u00e9 \u2014 doux, durable et magnifiquement vieilli au fil du temps.<\/p>\n<\/li>\n<li>\n<p><strong>Fermoir:<\/strong> La fermeture en m\u00e9tal \u00e9l\u00e9gant et poli assure un ajustement s\u00fbr et confortable.<\/p>\n<\/li>\n<li>\n<p><strong>Style:<\/strong> Discret et polyvalent, il s&#039;associe facilement \u00e0 n&#039;importe quelle tenue tout en ayant une signification plus profonde et priv\u00e9e.<\/p>\n<\/li>\n<\/ul>\n<p>Ce bracelet symbolise les r\u00f4les choisis et la compr\u00e9hension mutuelle. Il peut servir de rappel subtil et quotidien de connexion ou de symbole personnel port\u00e9 avec intention. Plus qu&#039;un simple morceau de cuir et d&#039;acier, il refl\u00e8te la profondeur, la complexit\u00e9 et la confiance qui d\u00e9finissent votre dynamique.<\/p>","protected":false},"excerpt":{"rendered":"<p>Ce bracelet est con\u00e7u pour les couples qui explorent la dynamique du cocufiage. Il est con\u00e7u comme un symbole discret et significatif de confiance, d&#039;ouverture et d&#039;exp\u00e9rience partag\u00e9e. Fabriqu\u00e9 en mat\u00e9riaux de premi\u00e8re qualit\u00e9. <strong>Cuir de vachette toscan<\/strong>Il allie \u00e9l\u00e9gance intemporelle et profondeur \u00e9motionnelle. Sa silhouette minimaliste et son embl\u00e8me discret offrent un clin d&#039;\u0153il discret \u00e0 la communaut\u00e9 des cocus\u00a0: reconnaissable pour ceux qui comprennent, invisible pour tous.<\/p>","protected":false},"featured_media":1070,"comment_status":"open","ping_status":"closed","template":"","meta":{"nf_dc_page":"","googlesitekit_rrm_CAowrc_CDA:productID":""},"product_brand":[],"product_cat":[24],"product_tag":[36],"class_list":{"0":"post-1069","1":"product","2":"type-product","3":"status-publish","4":"has-post-thumbnail","6":"product_cat-bracelets","7":"product_tag-cuckold","9":"first","10":"instock","11":"shipping-taxable","12":"purchasable","13":"product-type-simple"},"yoast_head":"<!-- This site is optimized with the Yoast SEO Premium plugin v25.6 (Yoast SEO v27.4) - https:\/\/yoast.com\/product\/yoast-seo-premium-wordpress\/ -->\n<title>Cuckold Bracelet - Personalized Leather Symbol of Shared Roles | Symbol Jewelry &amp; Erotic Accessories \u2013 Handmade in Italy<\/title>\n<meta name=\"description\" content=\"Indulge in Cuckold Bracelet - Personalized Leather Symbol of Shared Roles \u2013 handcrafted in Italy. Discreet symbol jewelry, erotic leather accessories and intimate pieces for hotwife, cuckold and lifestyle dynamics. Worldwide shipping.\" \/>\n<meta name=\"robots\" content=\"index, follow, max-snippet:-1, max-image-preview:large, max-video-preview:-1\" \/>\n<link rel=\"canonical\" href=\"https:\/\/la-cortigiana.it\/fr\/produit\/cuckold-bracelet-with-personalisation\/\" \/>\n<meta property=\"og:locale\" content=\"fr_FR\" \/>\n<meta property=\"og:type\" content=\"article\" \/>\n<meta property=\"og:title\" content=\"Cuckold Bracelet - Personalized Leather Symbol of Shared Roles | La Cortigiana \u2013 Handcrafted in Italy\" \/>\n<meta property=\"og:description\" content=\"Luxury handcrafted lingerie &amp; accessories from Italy. Sheer, sensual, made for bold desires. Discreet worldwide delivery.\" \/>\n<meta property=\"og:url\" content=\"https:\/\/la-cortigiana.it\/fr\/produit\/cuckold-bracelet-with-personalisation\/\" \/>\n<meta property=\"og:site_name\" content=\"La Cortigiana | Handcrafted Leather Accessories for Bold Desires\" \/>\n<meta property=\"article:publisher\" content=\"https:\/\/www.facebook.com\/LaCortigiana\/\" \/>\n<meta property=\"article:modified_time\" content=\"2025-12-21T18:40:15+00:00\" \/>\n<meta property=\"og:image\" content=\"https:\/\/la-cortigiana.it\/wp-content\/uploads\/2025\/01\/DSCF9450-scaled.jpg\" \/>\n\t<meta property=\"og:image:width\" content=\"2048\" \/>\n\t<meta property=\"og:image:height\" content=\"2560\" \/>\n\t<meta property=\"og:image:type\" content=\"image\/jpeg\" \/>\n<meta name=\"twitter:card\" content=\"summary_large_image\" \/>\n<meta name=\"twitter:site\" content=\"@la_cortigianait\" \/>\n<meta name=\"twitter:label1\" content=\"Dur\u00e9e de lecture estim\u00e9e\" \/>\n\t<meta name=\"twitter:data1\" content=\"1 minute\" \/>\n<script type=\"application\/ld+json\" class=\"yoast-schema-graph\">{\"@context\":\"https:\\\/\\\/schema.org\",\"@graph\":[{\"@type\":[\"WebPage\",\"ItemPage\"],\"@id\":\"https:\\\/\\\/la-cortigiana.it\\\/product\\\/cuckold-bracelet-with-personalisation\\\/\",\"url\":\"https:\\\/\\\/la-cortigiana.it\\\/product\\\/cuckold-bracelet-with-personalisation\\\/\",\"name\":\"Cuckold Bracelet - Personalized Leather Symbol of Shared Roles | Symbol Jewelry & Erotic Accessories \u2013 Handmade in Italy\",\"isPartOf\":{\"@id\":\"https:\\\/\\\/la-cortigiana.it\\\/#website\"},\"primaryImageOfPage\":{\"@id\":\"https:\\\/\\\/la-cortigiana.it\\\/product\\\/cuckold-bracelet-with-personalisation\\\/#primaryimage\"},\"image\":{\"@id\":\"https:\\\/\\\/la-cortigiana.it\\\/product\\\/cuckold-bracelet-with-personalisation\\\/#primaryimage\"},\"thumbnailUrl\":\"https:\\\/\\\/la-cortigiana.it\\\/wp-content\\\/uploads\\\/2025\\\/01\\\/DSCF9450-scaled.jpg\",\"datePublished\":\"2025-01-27T21:25:12+00:00\",\"dateModified\":\"2025-12-21T18:40:15+00:00\",\"description\":\"Indulge in Cuckold Bracelet - Personalized Leather Symbol of Shared Roles \u2013 handcrafted in Italy. Discreet symbol jewelry, erotic leather accessories and intimate pieces for hotwife, cuckold and lifestyle dynamics. Worldwide shipping.\",\"breadcrumb\":{\"@id\":\"https:\\\/\\\/la-cortigiana.it\\\/product\\\/cuckold-bracelet-with-personalisation\\\/#breadcrumb\"},\"inLanguage\":\"fr-FR\",\"potentialAction\":[{\"@type\":\"ReadAction\",\"target\":[\"https:\\\/\\\/la-cortigiana.it\\\/product\\\/cuckold-bracelet-with-personalisation\\\/\"]}]},{\"@type\":\"ImageObject\",\"inLanguage\":\"fr-FR\",\"@id\":\"https:\\\/\\\/la-cortigiana.it\\\/product\\\/cuckold-bracelet-with-personalisation\\\/#primaryimage\",\"url\":\"https:\\\/\\\/la-cortigiana.it\\\/wp-content\\\/uploads\\\/2025\\\/01\\\/DSCF9450-scaled.jpg\",\"contentUrl\":\"https:\\\/\\\/la-cortigiana.it\\\/wp-content\\\/uploads\\\/2025\\\/01\\\/DSCF9450-scaled.jpg\",\"width\":2048,\"height\":2560,\"caption\":\"Cuckold bracelet by La Cortigiana\"},{\"@type\":\"BreadcrumbList\",\"@id\":\"https:\\\/\\\/la-cortigiana.it\\\/product\\\/cuckold-bracelet-with-personalisation\\\/#breadcrumb\",\"itemListElement\":[{\"@type\":\"ListItem\",\"position\":1,\"name\":\"Home\",\"item\":\"https:\\\/\\\/la-cortigiana.it\\\/\"},{\"@type\":\"ListItem\",\"position\":2,\"name\":\"Shop\",\"item\":\"https:\\\/\\\/la-cortigiana.it\\\/shop\\\/\"},{\"@type\":\"ListItem\",\"position\":3,\"name\":\"Cuckold Bracelet &#8211; Personalized Leather Symbol of Shared Roles\"}]},{\"@type\":\"WebSite\",\"@id\":\"https:\\\/\\\/la-cortigiana.it\\\/#website\",\"url\":\"https:\\\/\\\/la-cortigiana.it\\\/\",\"name\":\"La Cortigiana | Discreet Symbol Jewelry & Erotic Leather, Handmade in Italy\",\"description\":\"Quiet Marks of Chosen Desire\",\"publisher\":{\"@id\":\"https:\\\/\\\/la-cortigiana.it\\\/#organization\"},\"potentialAction\":[{\"@type\":\"SearchAction\",\"target\":{\"@type\":\"EntryPoint\",\"urlTemplate\":\"https:\\\/\\\/la-cortigiana.it\\\/?s={search_term_string}\"},\"query-input\":{\"@type\":\"PropertyValueSpecification\",\"valueRequired\":true,\"valueName\":\"search_term_string\"}}],\"inLanguage\":\"fr-FR\"},{\"@type\":\"Organization\",\"@id\":\"https:\\\/\\\/la-cortigiana.it\\\/#organization\",\"name\":\"La Cortigiana\",\"url\":\"https:\\\/\\\/la-cortigiana.it\\\/\",\"logo\":{\"@type\":\"ImageObject\",\"inLanguage\":\"fr-FR\",\"@id\":\"https:\\\/\\\/la-cortigiana.it\\\/#\\\/schema\\\/logo\\\/image\\\/\",\"url\":\"https:\\\/\\\/la-cortigiana.it\\\/wp-content\\\/uploads\\\/2025\\\/01\\\/La-Cortigiana.png\",\"contentUrl\":\"https:\\\/\\\/la-cortigiana.it\\\/wp-content\\\/uploads\\\/2025\\\/01\\\/La-Cortigiana.png\",\"width\":1646,\"height\":575,\"caption\":\"La Cortigiana\"},\"image\":{\"@id\":\"https:\\\/\\\/la-cortigiana.it\\\/#\\\/schema\\\/logo\\\/image\\\/\"},\"sameAs\":[\"https:\\\/\\\/www.facebook.com\\\/LaCortigiana\\\/\",\"https:\\\/\\\/x.com\\\/la_cortigianait\",\"https:\\\/\\\/www.instagram.com\\\/la_cortigiana.it\",\"https:\\\/\\\/substack.com\\\/@lacortigiana\"]}]}<\/script>\n<!-- \/ Yoast SEO Premium plugin. -->","yoast_head_json":{"title":"Cuckold Bracelet - Personalized Leather Symbol of Shared Roles | Symbol Jewelry & Erotic Accessories \u2013 Handmade in Italy","description":"Indulge in Cuckold Bracelet - Personalized Leather Symbol of Shared Roles \u2013 handcrafted in Italy. Discreet symbol jewelry, erotic leather accessories and intimate pieces for hotwife, cuckold and lifestyle dynamics. Worldwide shipping.","robots":{"index":"index","follow":"follow","max-snippet":"max-snippet:-1","max-image-preview":"max-image-preview:large","max-video-preview":"max-video-preview:-1"},"canonical":"https:\/\/la-cortigiana.it\/fr\/produit\/cuckold-bracelet-with-personalisation\/","og_locale":"fr_FR","og_type":"article","og_title":"Cuckold Bracelet - Personalized Leather Symbol of Shared Roles | La Cortigiana \u2013 Handcrafted in Italy","og_description":"Luxury handcrafted lingerie & accessories from Italy. Sheer, sensual, made for bold desires. Discreet worldwide delivery.","og_url":"https:\/\/la-cortigiana.it\/fr\/produit\/cuckold-bracelet-with-personalisation\/","og_site_name":"La Cortigiana | Handcrafted Leather Accessories for Bold Desires","article_publisher":"https:\/\/www.facebook.com\/LaCortigiana\/","article_modified_time":"2025-12-21T18:40:15+00:00","og_image":[{"width":2048,"height":2560,"url":"https:\/\/la-cortigiana.it\/wp-content\/uploads\/2025\/01\/DSCF9450-scaled.jpg","type":"image\/jpeg"}],"twitter_card":"summary_large_image","twitter_site":"@la_cortigianait","twitter_misc":{"Dur\u00e9e de lecture estim\u00e9e":"1 minute"},"schema":{"@context":"https:\/\/schema.org","@graph":[{"@type":["WebPage","ItemPage"],"@id":"https:\/\/la-cortigiana.it\/product\/cuckold-bracelet-with-personalisation\/","url":"https:\/\/la-cortigiana.it\/product\/cuckold-bracelet-with-personalisation\/","name":"Cuckold Bracelet - Personalized Leather Symbol of Shared Roles | Symbol Jewelry & Erotic Accessories \u2013 Handmade in Italy","isPartOf":{"@id":"https:\/\/la-cortigiana.it\/#website"},"primaryImageOfPage":{"@id":"https:\/\/la-cortigiana.it\/product\/cuckold-bracelet-with-personalisation\/#primaryimage"},"image":{"@id":"https:\/\/la-cortigiana.it\/product\/cuckold-bracelet-with-personalisation\/#primaryimage"},"thumbnailUrl":"https:\/\/la-cortigiana.it\/wp-content\/uploads\/2025\/01\/DSCF9450-scaled.jpg","datePublished":"2025-01-27T21:25:12+00:00","dateModified":"2025-12-21T18:40:15+00:00","description":"Indulge in Cuckold Bracelet - Personalized Leather Symbol of Shared Roles \u2013 handcrafted in Italy. Discreet symbol jewelry, erotic leather accessories and intimate pieces for hotwife, cuckold and lifestyle dynamics. Worldwide shipping.","breadcrumb":{"@id":"https:\/\/la-cortigiana.it\/product\/cuckold-bracelet-with-personalisation\/#breadcrumb"},"inLanguage":"fr-FR","potentialAction":[{"@type":"ReadAction","target":["https:\/\/la-cortigiana.it\/product\/cuckold-bracelet-with-personalisation\/"]}]},{"@type":"ImageObject","inLanguage":"fr-FR","@id":"https:\/\/la-cortigiana.it\/product\/cuckold-bracelet-with-personalisation\/#primaryimage","url":"https:\/\/la-cortigiana.it\/wp-content\/uploads\/2025\/01\/DSCF9450-scaled.jpg","contentUrl":"https:\/\/la-cortigiana.it\/wp-content\/uploads\/2025\/01\/DSCF9450-scaled.jpg","width":2048,"height":2560,"caption":"Cuckold bracelet by La Cortigiana"},{"@type":"BreadcrumbList","@id":"https:\/\/la-cortigiana.it\/product\/cuckold-bracelet-with-personalisation\/#breadcrumb","itemListElement":[{"@type":"ListItem","position":1,"name":"Home","item":"https:\/\/la-cortigiana.it\/"},{"@type":"ListItem","position":2,"name":"Shop","item":"https:\/\/la-cortigiana.it\/shop\/"},{"@type":"ListItem","position":3,"name":"Cuckold Bracelet &#8211; Personalized Leather Symbol of Shared Roles"}]},{"@type":"WebSite","@id":"https:\/\/la-cortigiana.it\/#website","url":"https:\/\/la-cortigiana.it\/","name":"La Cortigiana | Bijoux discrets \u00e0 symboles et maroquinerie \u00e9rotique, fabriqu\u00e9s \u00e0 la main en Italie","description":"Marques discr\u00e8tes d&#039;un d\u00e9sir choisi","publisher":{"@id":"https:\/\/la-cortigiana.it\/#organization"},"potentialAction":[{"@type":"SearchAction","target":{"@type":"EntryPoint","urlTemplate":"https:\/\/la-cortigiana.it\/?s={search_term_string}"},"query-input":{"@type":"PropertyValueSpecification","valueRequired":true,"valueName":"search_term_string"}}],"inLanguage":"fr-FR"},{"@type":"Organization","@id":"https:\/\/la-cortigiana.it\/#organization","name":"La Cortigiana","url":"https:\/\/la-cortigiana.it\/","logo":{"@type":"ImageObject","inLanguage":"fr-FR","@id":"https:\/\/la-cortigiana.it\/#\/schema\/logo\/image\/","url":"https:\/\/la-cortigiana.it\/wp-content\/uploads\/2025\/01\/La-Cortigiana.png","contentUrl":"https:\/\/la-cortigiana.it\/wp-content\/uploads\/2025\/01\/La-Cortigiana.png","width":1646,"height":575,"caption":"La Cortigiana"},"image":{"@id":"https:\/\/la-cortigiana.it\/#\/schema\/logo\/image\/"},"sameAs":["https:\/\/www.facebook.com\/LaCortigiana\/","https:\/\/x.com\/la_cortigianait","https:\/\/www.instagram.com\/la_cortigiana.it","https:\/\/substack.com\/@lacortigiana"]}]}},"_links":{"self":[{"href":"https:\/\/la-cortigiana.it\/fr\/wp-json\/wp\/v2\/product\/1069","targetHints":{"allow":["GET"]}}],"collection":[{"href":"https:\/\/la-cortigiana.it\/fr\/wp-json\/wp\/v2\/product"}],"about":[{"href":"https:\/\/la-cortigiana.it\/fr\/wp-json\/wp\/v2\/types\/product"}],"replies":[{"embeddable":true,"href":"https:\/\/la-cortigiana.it\/fr\/wp-json\/wp\/v2\/comments?post=1069"}],"wp:featuredmedia":[{"embeddable":true,"href":"https:\/\/la-cortigiana.it\/fr\/wp-json\/wp\/v2\/media\/1070"}],"wp:attachment":[{"href":"https:\/\/la-cortigiana.it\/fr\/wp-json\/wp\/v2\/media?parent=1069"}],"wp:term":[{"taxonomy":"product_brand","embeddable":true,"href":"https:\/\/la-cortigiana.it\/fr\/wp-json\/wp\/v2\/product_brand?post=1069"},{"taxonomy":"product_cat","embeddable":true,"href":"https:\/\/la-cortigiana.it\/fr\/wp-json\/wp\/v2\/product_cat?post=1069"},{"taxonomy":"product_tag","embeddable":true,"href":"https:\/\/la-cortigiana.it\/fr\/wp-json\/wp\/v2\/product_tag?post=1069"}],"curies":[{"name":"wp","href":"https:\/\/api.w.org\/{rel}","templated":true}]}}