{"id":1091,"date":"2025-01-28T18:23:52","date_gmt":"2025-01-28T17:23:52","guid":{"rendered":"https:\/\/la-cortigiana.it\/?post_type=product&#038;p=1091"},"modified":"2025-10-10T02:51:14","modified_gmt":"2025-10-10T01:51:14","slug":"cuckold-pendant-mark-of-devotion","status":"publish","type":"product","link":"https:\/\/la-cortigiana.it\/fr\/produit\/cuckold-pendant-mark-of-devotion\/","title":{"rendered":"Pendentif cocu \u00ab Marque de d\u00e9votion \u00bb"},"content":{"rendered":"<h3>Conception et mat\u00e9riaux<\/h3>\n<ul>\n<li>\n<p><strong>Embl\u00e8me:<\/strong> Une marque symbolique repr\u00e9sentant la d\u00e9votion, l\u2019abandon et les r\u00f4les choisis.<\/p>\n<\/li>\n<li>\n<p><strong>Mat\u00e9riel:<\/strong> M\u00e9tal finition antique avec incrustations de bois poli pour un look intemporel et discret.<\/p>\n<\/li>\n<li>\n<p><strong>Corde:<\/strong> Bracelet en cuir durable pour plus de confort et de long\u00e9vit\u00e9 au quotidien.<\/p>\n<\/li>\n<\/ul>\n<h3>Personnalisation<\/h3>\n<ul>\n<li>\n<p>Gravure facultative au dos : initiales, date ou message ayant une signification priv\u00e9e.<\/p>\n<\/li>\n<li>\n<p>Les d\u00e9tails personnalis\u00e9s font du pendentif un symbole profond\u00e9ment personnel entre partenaires.<\/p>\n<\/li>\n<\/ul>\n<p>Le <strong>\u00ab Marque de d\u00e9votion \u00bb<\/strong> Le pendentif est con\u00e7u comme un symbole subtil et puissant d&#039;identit\u00e9 et de connexion. Qu&#039;il soit port\u00e9 en priv\u00e9 comme un symbole d&#039;intimit\u00e9 ou en public comme une discr\u00e8te d\u00e9claration de confiance, il symbolise la profondeur de la confiance et les r\u00f4les partag\u00e9s qui d\u00e9finissent votre dynamique.<\/p>","protected":false},"excerpt":{"rendered":"<p>Ce pendentif artisanal est cr\u00e9\u00e9 pour les hommes qui vivent la <strong>dynamique de cocu<\/strong> Avec fiert\u00e9 et d\u00e9termination. Fabriqu\u00e9 avec une incrustation de bois de qualit\u00e9 sup\u00e9rieure encadr\u00e9e de m\u00e9tal \u00e0 finition antique, il arbore un embl\u00e8me discret, imm\u00e9diatement reconnaissable par ceux qui partagent ce style de vie, tout en \u00e9tant suffisamment discret pour \u00eatre port\u00e9 au quotidien.<\/p>","protected":false},"featured_media":1092,"comment_status":"open","ping_status":"closed","template":"","meta":{"nf_dc_page":"","googlesitekit_rrm_CAowrc_CDA:productID":""},"product_brand":[],"product_cat":[26],"product_tag":[36],"class_list":{"0":"post-1091","1":"product","2":"type-product","3":"status-publish","4":"has-post-thumbnail","6":"product_cat-bracelets-pendants","7":"product_tag-cuckold","9":"first","10":"instock","11":"shipping-taxable","12":"purchasable","13":"product-type-simple"},"yoast_head":"<!-- This site is optimized with the Yoast SEO Premium plugin v25.6 (Yoast SEO v27.4) - https:\/\/yoast.com\/product\/yoast-seo-premium-wordpress\/ -->\n<title>Cuckold Pendant &quot;Mark of Devotion&quot; | Symbol Jewelry &amp; Erotic Accessories \u2013 Handmade in Italy<\/title>\n<meta name=\"description\" content=\"Indulge in Cuckold Pendant &quot;Mark of Devotion&quot; \u2013 handcrafted in Italy. Discreet symbol jewelry, erotic leather accessories and intimate pieces for hotwife, cuckold and lifestyle dynamics. Worldwide shipping.\" \/>\n<meta name=\"robots\" content=\"index, follow, max-snippet:-1, max-image-preview:large, max-video-preview:-1\" \/>\n<link rel=\"canonical\" href=\"https:\/\/la-cortigiana.it\/fr\/produit\/cuckold-pendant-mark-of-devotion\/\" \/>\n<meta property=\"og:locale\" content=\"fr_FR\" \/>\n<meta property=\"og:type\" content=\"article\" \/>\n<meta property=\"og:title\" content=\"Cuckold Pendant &quot;Mark of Devotion&quot; | La Cortigiana \u2013 Handcrafted in Italy\" \/>\n<meta property=\"og:description\" content=\"Luxury handcrafted lingerie &amp; accessories from Italy. Sheer, sensual, made for bold desires. Discreet worldwide delivery.\" \/>\n<meta property=\"og:url\" content=\"https:\/\/la-cortigiana.it\/fr\/produit\/cuckold-pendant-mark-of-devotion\/\" \/>\n<meta property=\"og:site_name\" content=\"La Cortigiana | Handcrafted Leather Accessories for Bold Desires\" \/>\n<meta property=\"article:publisher\" content=\"https:\/\/www.facebook.com\/LaCortigiana\/\" \/>\n<meta property=\"article:modified_time\" content=\"2025-10-10T01:51:14+00:00\" \/>\n<meta property=\"og:image\" content=\"https:\/\/la-cortigiana.it\/wp-content\/uploads\/2025\/01\/DSCF4081-2.jpg\" \/>\n\t<meta property=\"og:image:width\" content=\"1536\" \/>\n\t<meta property=\"og:image:height\" content=\"1920\" \/>\n\t<meta property=\"og:image:type\" content=\"image\/jpeg\" \/>\n<meta name=\"twitter:card\" content=\"summary_large_image\" \/>\n<meta name=\"twitter:site\" content=\"@la_cortigianait\" \/>\n<meta name=\"twitter:label1\" content=\"Dur\u00e9e de lecture estim\u00e9e\" \/>\n\t<meta name=\"twitter:data1\" content=\"1 minute\" \/>\n<script type=\"application\/ld+json\" class=\"yoast-schema-graph\">{\"@context\":\"https:\\\/\\\/schema.org\",\"@graph\":[{\"@type\":[\"WebPage\",\"ItemPage\"],\"@id\":\"https:\\\/\\\/la-cortigiana.it\\\/product\\\/cuckold-pendant-mark-of-devotion\\\/\",\"url\":\"https:\\\/\\\/la-cortigiana.it\\\/product\\\/cuckold-pendant-mark-of-devotion\\\/\",\"name\":\"Cuckold Pendant \\\"Mark of Devotion\\\" | Symbol Jewelry & Erotic Accessories \u2013 Handmade in Italy\",\"isPartOf\":{\"@id\":\"https:\\\/\\\/la-cortigiana.it\\\/#website\"},\"primaryImageOfPage\":{\"@id\":\"https:\\\/\\\/la-cortigiana.it\\\/product\\\/cuckold-pendant-mark-of-devotion\\\/#primaryimage\"},\"image\":{\"@id\":\"https:\\\/\\\/la-cortigiana.it\\\/product\\\/cuckold-pendant-mark-of-devotion\\\/#primaryimage\"},\"thumbnailUrl\":\"https:\\\/\\\/la-cortigiana.it\\\/wp-content\\\/uploads\\\/2025\\\/01\\\/DSCF4081-2.jpg\",\"datePublished\":\"2025-01-28T17:23:52+00:00\",\"dateModified\":\"2025-10-10T01:51:14+00:00\",\"description\":\"Indulge in Cuckold Pendant \\\"Mark of Devotion\\\" \u2013 handcrafted in Italy. Discreet symbol jewelry, erotic leather accessories and intimate pieces for hotwife, cuckold and lifestyle dynamics. Worldwide shipping.\",\"breadcrumb\":{\"@id\":\"https:\\\/\\\/la-cortigiana.it\\\/product\\\/cuckold-pendant-mark-of-devotion\\\/#breadcrumb\"},\"inLanguage\":\"fr-FR\",\"potentialAction\":[{\"@type\":\"ReadAction\",\"target\":[\"https:\\\/\\\/la-cortigiana.it\\\/product\\\/cuckold-pendant-mark-of-devotion\\\/\"]}]},{\"@type\":\"ImageObject\",\"inLanguage\":\"fr-FR\",\"@id\":\"https:\\\/\\\/la-cortigiana.it\\\/product\\\/cuckold-pendant-mark-of-devotion\\\/#primaryimage\",\"url\":\"https:\\\/\\\/la-cortigiana.it\\\/wp-content\\\/uploads\\\/2025\\\/01\\\/DSCF4081-2.jpg\",\"contentUrl\":\"https:\\\/\\\/la-cortigiana.it\\\/wp-content\\\/uploads\\\/2025\\\/01\\\/DSCF4081-2.jpg\",\"width\":1536,\"height\":1920,\"caption\":\"cuckold pendant by La Cortigiana\"},{\"@type\":\"BreadcrumbList\",\"@id\":\"https:\\\/\\\/la-cortigiana.it\\\/product\\\/cuckold-pendant-mark-of-devotion\\\/#breadcrumb\",\"itemListElement\":[{\"@type\":\"ListItem\",\"position\":1,\"name\":\"Home\",\"item\":\"https:\\\/\\\/la-cortigiana.it\\\/\"},{\"@type\":\"ListItem\",\"position\":2,\"name\":\"Shop\",\"item\":\"https:\\\/\\\/la-cortigiana.it\\\/shop\\\/\"},{\"@type\":\"ListItem\",\"position\":3,\"name\":\"Cuckold Pendant &#8220;Mark of Devotion&#8221;\"}]},{\"@type\":\"WebSite\",\"@id\":\"https:\\\/\\\/la-cortigiana.it\\\/#website\",\"url\":\"https:\\\/\\\/la-cortigiana.it\\\/\",\"name\":\"La Cortigiana | Discreet Symbol Jewelry & Erotic Leather, Handmade in Italy\",\"description\":\"Quiet Marks of Chosen Desire\",\"publisher\":{\"@id\":\"https:\\\/\\\/la-cortigiana.it\\\/#organization\"},\"potentialAction\":[{\"@type\":\"SearchAction\",\"target\":{\"@type\":\"EntryPoint\",\"urlTemplate\":\"https:\\\/\\\/la-cortigiana.it\\\/?s={search_term_string}\"},\"query-input\":{\"@type\":\"PropertyValueSpecification\",\"valueRequired\":true,\"valueName\":\"search_term_string\"}}],\"inLanguage\":\"fr-FR\"},{\"@type\":\"Organization\",\"@id\":\"https:\\\/\\\/la-cortigiana.it\\\/#organization\",\"name\":\"La Cortigiana\",\"url\":\"https:\\\/\\\/la-cortigiana.it\\\/\",\"logo\":{\"@type\":\"ImageObject\",\"inLanguage\":\"fr-FR\",\"@id\":\"https:\\\/\\\/la-cortigiana.it\\\/#\\\/schema\\\/logo\\\/image\\\/\",\"url\":\"https:\\\/\\\/la-cortigiana.it\\\/wp-content\\\/uploads\\\/2025\\\/01\\\/La-Cortigiana.png\",\"contentUrl\":\"https:\\\/\\\/la-cortigiana.it\\\/wp-content\\\/uploads\\\/2025\\\/01\\\/La-Cortigiana.png\",\"width\":1646,\"height\":575,\"caption\":\"La Cortigiana\"},\"image\":{\"@id\":\"https:\\\/\\\/la-cortigiana.it\\\/#\\\/schema\\\/logo\\\/image\\\/\"},\"sameAs\":[\"https:\\\/\\\/www.facebook.com\\\/LaCortigiana\\\/\",\"https:\\\/\\\/x.com\\\/la_cortigianait\",\"https:\\\/\\\/www.instagram.com\\\/la_cortigiana.it\",\"https:\\\/\\\/substack.com\\\/@lacortigiana\"]}]}<\/script>\n<!-- \/ Yoast SEO Premium plugin. -->","yoast_head_json":{"title":"Cuckold Pendant \"Mark of Devotion\" | Symbol Jewelry & Erotic Accessories \u2013 Handmade in Italy","description":"Indulge in Cuckold Pendant \"Mark of Devotion\" \u2013 handcrafted in Italy. Discreet symbol jewelry, erotic leather accessories and intimate pieces for hotwife, cuckold and lifestyle dynamics. Worldwide shipping.","robots":{"index":"index","follow":"follow","max-snippet":"max-snippet:-1","max-image-preview":"max-image-preview:large","max-video-preview":"max-video-preview:-1"},"canonical":"https:\/\/la-cortigiana.it\/fr\/produit\/cuckold-pendant-mark-of-devotion\/","og_locale":"fr_FR","og_type":"article","og_title":"Cuckold Pendant \"Mark of Devotion\" | La Cortigiana \u2013 Handcrafted in Italy","og_description":"Luxury handcrafted lingerie & accessories from Italy. Sheer, sensual, made for bold desires. Discreet worldwide delivery.","og_url":"https:\/\/la-cortigiana.it\/fr\/produit\/cuckold-pendant-mark-of-devotion\/","og_site_name":"La Cortigiana | Handcrafted Leather Accessories for Bold Desires","article_publisher":"https:\/\/www.facebook.com\/LaCortigiana\/","article_modified_time":"2025-10-10T01:51:14+00:00","og_image":[{"width":1536,"height":1920,"url":"https:\/\/la-cortigiana.it\/wp-content\/uploads\/2025\/01\/DSCF4081-2.jpg","type":"image\/jpeg"}],"twitter_card":"summary_large_image","twitter_site":"@la_cortigianait","twitter_misc":{"Dur\u00e9e de lecture estim\u00e9e":"1 minute"},"schema":{"@context":"https:\/\/schema.org","@graph":[{"@type":["WebPage","ItemPage"],"@id":"https:\/\/la-cortigiana.it\/product\/cuckold-pendant-mark-of-devotion\/","url":"https:\/\/la-cortigiana.it\/product\/cuckold-pendant-mark-of-devotion\/","name":"Cuckold Pendant \"Mark of Devotion\" | Symbol Jewelry & Erotic Accessories \u2013 Handmade in Italy","isPartOf":{"@id":"https:\/\/la-cortigiana.it\/#website"},"primaryImageOfPage":{"@id":"https:\/\/la-cortigiana.it\/product\/cuckold-pendant-mark-of-devotion\/#primaryimage"},"image":{"@id":"https:\/\/la-cortigiana.it\/product\/cuckold-pendant-mark-of-devotion\/#primaryimage"},"thumbnailUrl":"https:\/\/la-cortigiana.it\/wp-content\/uploads\/2025\/01\/DSCF4081-2.jpg","datePublished":"2025-01-28T17:23:52+00:00","dateModified":"2025-10-10T01:51:14+00:00","description":"Indulge in Cuckold Pendant \"Mark of Devotion\" \u2013 handcrafted in Italy. Discreet symbol jewelry, erotic leather accessories and intimate pieces for hotwife, cuckold and lifestyle dynamics. Worldwide shipping.","breadcrumb":{"@id":"https:\/\/la-cortigiana.it\/product\/cuckold-pendant-mark-of-devotion\/#breadcrumb"},"inLanguage":"fr-FR","potentialAction":[{"@type":"ReadAction","target":["https:\/\/la-cortigiana.it\/product\/cuckold-pendant-mark-of-devotion\/"]}]},{"@type":"ImageObject","inLanguage":"fr-FR","@id":"https:\/\/la-cortigiana.it\/product\/cuckold-pendant-mark-of-devotion\/#primaryimage","url":"https:\/\/la-cortigiana.it\/wp-content\/uploads\/2025\/01\/DSCF4081-2.jpg","contentUrl":"https:\/\/la-cortigiana.it\/wp-content\/uploads\/2025\/01\/DSCF4081-2.jpg","width":1536,"height":1920,"caption":"cuckold pendant by La Cortigiana"},{"@type":"BreadcrumbList","@id":"https:\/\/la-cortigiana.it\/product\/cuckold-pendant-mark-of-devotion\/#breadcrumb","itemListElement":[{"@type":"ListItem","position":1,"name":"Home","item":"https:\/\/la-cortigiana.it\/"},{"@type":"ListItem","position":2,"name":"Shop","item":"https:\/\/la-cortigiana.it\/shop\/"},{"@type":"ListItem","position":3,"name":"Cuckold Pendant &#8220;Mark of Devotion&#8221;"}]},{"@type":"WebSite","@id":"https:\/\/la-cortigiana.it\/#website","url":"https:\/\/la-cortigiana.it\/","name":"La Cortigiana | Bijoux discrets \u00e0 symboles et maroquinerie \u00e9rotique, fabriqu\u00e9s \u00e0 la main en Italie","description":"Marques discr\u00e8tes d&#039;un d\u00e9sir choisi","publisher":{"@id":"https:\/\/la-cortigiana.it\/#organization"},"potentialAction":[{"@type":"SearchAction","target":{"@type":"EntryPoint","urlTemplate":"https:\/\/la-cortigiana.it\/?s={search_term_string}"},"query-input":{"@type":"PropertyValueSpecification","valueRequired":true,"valueName":"search_term_string"}}],"inLanguage":"fr-FR"},{"@type":"Organization","@id":"https:\/\/la-cortigiana.it\/#organization","name":"La Cortigiana","url":"https:\/\/la-cortigiana.it\/","logo":{"@type":"ImageObject","inLanguage":"fr-FR","@id":"https:\/\/la-cortigiana.it\/#\/schema\/logo\/image\/","url":"https:\/\/la-cortigiana.it\/wp-content\/uploads\/2025\/01\/La-Cortigiana.png","contentUrl":"https:\/\/la-cortigiana.it\/wp-content\/uploads\/2025\/01\/La-Cortigiana.png","width":1646,"height":575,"caption":"La Cortigiana"},"image":{"@id":"https:\/\/la-cortigiana.it\/#\/schema\/logo\/image\/"},"sameAs":["https:\/\/www.facebook.com\/LaCortigiana\/","https:\/\/x.com\/la_cortigianait","https:\/\/www.instagram.com\/la_cortigiana.it","https:\/\/substack.com\/@lacortigiana"]}]}},"_links":{"self":[{"href":"https:\/\/la-cortigiana.it\/fr\/wp-json\/wp\/v2\/product\/1091","targetHints":{"allow":["GET"]}}],"collection":[{"href":"https:\/\/la-cortigiana.it\/fr\/wp-json\/wp\/v2\/product"}],"about":[{"href":"https:\/\/la-cortigiana.it\/fr\/wp-json\/wp\/v2\/types\/product"}],"replies":[{"embeddable":true,"href":"https:\/\/la-cortigiana.it\/fr\/wp-json\/wp\/v2\/comments?post=1091"}],"wp:featuredmedia":[{"embeddable":true,"href":"https:\/\/la-cortigiana.it\/fr\/wp-json\/wp\/v2\/media\/1092"}],"wp:attachment":[{"href":"https:\/\/la-cortigiana.it\/fr\/wp-json\/wp\/v2\/media?parent=1091"}],"wp:term":[{"taxonomy":"product_brand","embeddable":true,"href":"https:\/\/la-cortigiana.it\/fr\/wp-json\/wp\/v2\/product_brand?post=1091"},{"taxonomy":"product_cat","embeddable":true,"href":"https:\/\/la-cortigiana.it\/fr\/wp-json\/wp\/v2\/product_cat?post=1091"},{"taxonomy":"product_tag","embeddable":true,"href":"https:\/\/la-cortigiana.it\/fr\/wp-json\/wp\/v2\/product_tag?post=1091"}],"curies":[{"name":"wp","href":"https:\/\/api.w.org\/{rel}","templated":true}]}}