{"id":1097,"date":"2025-01-28T19:22:48","date_gmt":"2025-01-28T18:22:48","guid":{"rendered":"https:\/\/la-cortigiana.it\/?post_type=product&#038;p=1097"},"modified":"2025-10-10T02:51:16","modified_gmt":"2025-10-10T01:51:16","slug":"florentine-leather-flogger-with-spiked-handle","status":"publish","type":"product","link":"https:\/\/la-cortigiana.it\/fr\/produit\/florentine-leather-flogger-with-spiked-handle\/","title":{"rendered":"Fouet florentin en cuir avec manche pointu \u2013 Outil d&#039;impact artisanal"},"content":{"rendered":"<h3>Conception et mat\u00e9riaux<\/h3>\n<ul>\n<li>\n<p><strong>Mat\u00e9riel:<\/strong> Cuir luxueux tann\u00e9 v\u00e9g\u00e9tal toscan \u2014 doux, durable et r\u00e9actif en mouvement.<\/p>\n<\/li>\n<li>\n<p><strong>Poign\u00e9e:<\/strong> Noyau rigide avec pointes en m\u00e9tal poli pour une adh\u00e9rence solide et une pr\u00e9sence visuelle frappante.<\/p>\n<\/li>\n<li>\n<p><strong>Longueur:<\/strong> 55 cm (21,6\u2033) \u2014 con\u00e7u pour des swings contr\u00f4l\u00e9s et des mouvements fluides.<\/p>\n<\/li>\n<\/ul>\n<h3>Sensation et jeu<\/h3>\n<ul>\n<li>\n<p>Les queues douces et souples permettent une large gamme d&#039;impacts, des taquineries d\u00e9licates aux frappes nettes et intenses.<\/p>\n<\/li>\n<li>\n<p>La r\u00e9partition \u00e9quilibr\u00e9e du poids assure pr\u00e9cision et confort pour les s\u00e9ances prolong\u00e9es.<\/p>\n<\/li>\n<li>\n<p>Id\u00e9al pour les dominants et les praticiens du jeu d&#039;impact recherchant un m\u00e9lange d&#039;art et de performance.<\/p>\n<\/li>\n<\/ul>\n<h3>Personnalisation<\/h3>\n<ul>\n<li>\n<p>Gravure personnalis\u00e9e disponible n&#039;importe o\u00f9 sur le cuir \u2014 ajoutez un nom, une phrase ou un symbole discret.<\/p>\n<\/li>\n<li>\n<p>Chaque gravure ajoute une couche de signification personnelle, transformant le fouet en une pi\u00e8ce unique et significative.<\/p>\n<\/li>\n<\/ul>\n<p>Le <strong>Fl<\/p>\n<p>Mesurer <strong>55 cm (21,6 pouces)<\/strong> en longueur totale, ce fouet offre \u00e0 la fois une pr\u00e9cision contr\u00f4l\u00e9e et un mouvement fluide. <strong>la poign\u00e9e rigide est renforc\u00e9e par des pointes m\u00e9talliques<\/strong>, offrant une prise ferme tout en ajoutant une esth\u00e9tique audacieuse et dominante. Les queues en cuir souples mais durables offrent une gamme polyvalente de sensations, des taquineries douces aux impacts intenses.<\/p>\n<p>Pour ceux qui recherchent un <strong>touche personnelle<\/strong>, ce fouet peut \u00eatre personnalis\u00e9 avec <strong>gravure n&#039;importe o\u00f9 sur le cuir \u2013 <\/strong>qu\u2019il s\u2019agisse d\u2019un nom, d\u2019une phrase significative ou d\u2019un symbole discret qui renforce sa signification.<\/p>\n<p>Con\u00e7u pour <strong>les amateurs de dominants et de jeux d&#039;impact<\/strong>, ce fouet artisanal est \u00e0 la fois une \u0153uvre d&#039;art et un outil de plaisir, parfaitement \u00e9quilibr\u00e9 <strong>beaut\u00e9, artisanat et intensit\u00e9 BDSM<\/strong>.<\/p>","protected":false},"excerpt":{"rendered":"<p>Ce fouet artisanal allie l&#039;art italien \u00e0 une intensit\u00e9 sans compromis. Fabriqu\u00e9 \u00e0 partir de <strong>Cuir vacchetta toscan de premi\u00e8re qualit\u00e9<\/strong>, il pr\u00e9sente un aper\u00e7u d\u00e9taill\u00e9 <strong>Motif grav\u00e9 florentin<\/strong> et un manche renforc\u00e9 \u00e0 pointes qui allie adh\u00e9rence et style. Con\u00e7u pour la pr\u00e9cision, le contr\u00f4le et les sensations, c&#039;est un atout majeur pour ceux qui prennent l&#039;impact au s\u00e9rieux.<\/p>","protected":false},"featured_media":1098,"comment_status":"open","ping_status":"closed","template":"","meta":{"nf_dc_page":"","googlesitekit_rrm_CAowrc_CDA:productID":""},"product_brand":[],"product_cat":[224],"product_tag":[31],"class_list":{"0":"post-1097","1":"product","2":"type-product","3":"status-publish","4":"has-post-thumbnail","6":"product_cat-whips-paddles","7":"product_tag-bdsm","9":"first","10":"instock","11":"shipping-taxable","12":"purchasable","13":"product-type-simple"},"yoast_head":"<!-- This site is optimized with the Yoast SEO Premium plugin v25.6 (Yoast SEO v27.4) - https:\/\/yoast.com\/product\/yoast-seo-premium-wordpress\/ -->\n<title>Florentine Leather Flogger with Spiked Handle - Handcrafted Impact Tool | Symbol Jewelry &amp; Erotic Accessories \u2013 Handmade in Italy<\/title>\n<meta name=\"description\" content=\"Indulge in Florentine Leather Flogger with Spiked Handle - Handcrafted Impact Tool \u2013 handcrafted in Italy. Discreet symbol jewelry, erotic leather accessories and intimate pieces for hotwife, cuckold and lifestyle dynamics. Worldwide shipping.\" \/>\n<meta name=\"robots\" content=\"index, follow, max-snippet:-1, max-image-preview:large, max-video-preview:-1\" \/>\n<link rel=\"canonical\" href=\"https:\/\/la-cortigiana.it\/fr\/produit\/florentine-leather-flogger-with-spiked-handle\/\" \/>\n<meta property=\"og:locale\" content=\"fr_FR\" \/>\n<meta property=\"og:type\" content=\"article\" \/>\n<meta property=\"og:title\" content=\"Florentine Leather Flogger with Spiked Handle - Handcrafted Impact Tool | La Cortigiana \u2013 Handcrafted in Italy\" \/>\n<meta property=\"og:description\" content=\"Luxury handcrafted lingerie &amp; accessories from Italy. Sheer, sensual, made for bold desires. Discreet worldwide delivery.\" \/>\n<meta property=\"og:url\" content=\"https:\/\/la-cortigiana.it\/fr\/produit\/florentine-leather-flogger-with-spiked-handle\/\" \/>\n<meta property=\"og:site_name\" content=\"La Cortigiana | Handcrafted Leather Accessories for Bold Desires\" \/>\n<meta property=\"article:publisher\" content=\"https:\/\/www.facebook.com\/LaCortigiana\/\" \/>\n<meta property=\"article:modified_time\" content=\"2025-10-10T01:51:16+00:00\" \/>\n<meta property=\"og:image\" content=\"https:\/\/la-cortigiana.it\/wp-content\/uploads\/2025\/01\/DSCF6196-2-1-scaled.jpg\" \/>\n\t<meta property=\"og:image:width\" content=\"2048\" \/>\n\t<meta property=\"og:image:height\" content=\"2560\" \/>\n\t<meta property=\"og:image:type\" content=\"image\/jpeg\" \/>\n<meta name=\"twitter:card\" content=\"summary_large_image\" \/>\n<meta name=\"twitter:site\" content=\"@la_cortigianait\" \/>\n<meta name=\"twitter:label1\" content=\"Dur\u00e9e de lecture estim\u00e9e\" \/>\n\t<meta name=\"twitter:data1\" content=\"1 minute\" \/>\n<script type=\"application\/ld+json\" class=\"yoast-schema-graph\">{\"@context\":\"https:\\\/\\\/schema.org\",\"@graph\":[{\"@type\":[\"WebPage\",\"ItemPage\"],\"@id\":\"https:\\\/\\\/la-cortigiana.it\\\/product\\\/florentine-leather-flogger-with-spiked-handle\\\/\",\"url\":\"https:\\\/\\\/la-cortigiana.it\\\/product\\\/florentine-leather-flogger-with-spiked-handle\\\/\",\"name\":\"Florentine Leather Flogger with Spiked Handle - Handcrafted Impact Tool | Symbol Jewelry & Erotic Accessories \u2013 Handmade in Italy\",\"isPartOf\":{\"@id\":\"https:\\\/\\\/la-cortigiana.it\\\/#website\"},\"primaryImageOfPage\":{\"@id\":\"https:\\\/\\\/la-cortigiana.it\\\/product\\\/florentine-leather-flogger-with-spiked-handle\\\/#primaryimage\"},\"image\":{\"@id\":\"https:\\\/\\\/la-cortigiana.it\\\/product\\\/florentine-leather-flogger-with-spiked-handle\\\/#primaryimage\"},\"thumbnailUrl\":\"https:\\\/\\\/la-cortigiana.it\\\/wp-content\\\/uploads\\\/2025\\\/01\\\/DSCF6196-2-1-scaled.jpg\",\"datePublished\":\"2025-01-28T18:22:48+00:00\",\"dateModified\":\"2025-10-10T01:51:16+00:00\",\"description\":\"Indulge in Florentine Leather Flogger with Spiked Handle - Handcrafted Impact Tool \u2013 handcrafted in Italy. Discreet symbol jewelry, erotic leather accessories and intimate pieces for hotwife, cuckold and lifestyle dynamics. Worldwide shipping.\",\"breadcrumb\":{\"@id\":\"https:\\\/\\\/la-cortigiana.it\\\/product\\\/florentine-leather-flogger-with-spiked-handle\\\/#breadcrumb\"},\"inLanguage\":\"fr-FR\",\"potentialAction\":[{\"@type\":\"ReadAction\",\"target\":[\"https:\\\/\\\/la-cortigiana.it\\\/product\\\/florentine-leather-flogger-with-spiked-handle\\\/\"]}]},{\"@type\":\"ImageObject\",\"inLanguage\":\"fr-FR\",\"@id\":\"https:\\\/\\\/la-cortigiana.it\\\/product\\\/florentine-leather-flogger-with-spiked-handle\\\/#primaryimage\",\"url\":\"https:\\\/\\\/la-cortigiana.it\\\/wp-content\\\/uploads\\\/2025\\\/01\\\/DSCF6196-2-1-scaled.jpg\",\"contentUrl\":\"https:\\\/\\\/la-cortigiana.it\\\/wp-content\\\/uploads\\\/2025\\\/01\\\/DSCF6196-2-1-scaled.jpg\",\"width\":2048,\"height\":2560,\"caption\":\"Leather Flogger by La Cortigiana\"},{\"@type\":\"BreadcrumbList\",\"@id\":\"https:\\\/\\\/la-cortigiana.it\\\/product\\\/florentine-leather-flogger-with-spiked-handle\\\/#breadcrumb\",\"itemListElement\":[{\"@type\":\"ListItem\",\"position\":1,\"name\":\"Home\",\"item\":\"https:\\\/\\\/la-cortigiana.it\\\/\"},{\"@type\":\"ListItem\",\"position\":2,\"name\":\"Shop\",\"item\":\"https:\\\/\\\/la-cortigiana.it\\\/shop\\\/\"},{\"@type\":\"ListItem\",\"position\":3,\"name\":\"Florentine Leather Flogger with Spiked Handle &#8211; Handcrafted Impact Tool\"}]},{\"@type\":\"WebSite\",\"@id\":\"https:\\\/\\\/la-cortigiana.it\\\/#website\",\"url\":\"https:\\\/\\\/la-cortigiana.it\\\/\",\"name\":\"La Cortigiana | Discreet Symbol Jewelry & Erotic Leather, Handmade in Italy\",\"description\":\"Quiet Marks of Chosen Desire\",\"publisher\":{\"@id\":\"https:\\\/\\\/la-cortigiana.it\\\/#organization\"},\"potentialAction\":[{\"@type\":\"SearchAction\",\"target\":{\"@type\":\"EntryPoint\",\"urlTemplate\":\"https:\\\/\\\/la-cortigiana.it\\\/?s={search_term_string}\"},\"query-input\":{\"@type\":\"PropertyValueSpecification\",\"valueRequired\":true,\"valueName\":\"search_term_string\"}}],\"inLanguage\":\"fr-FR\"},{\"@type\":\"Organization\",\"@id\":\"https:\\\/\\\/la-cortigiana.it\\\/#organization\",\"name\":\"La Cortigiana\",\"url\":\"https:\\\/\\\/la-cortigiana.it\\\/\",\"logo\":{\"@type\":\"ImageObject\",\"inLanguage\":\"fr-FR\",\"@id\":\"https:\\\/\\\/la-cortigiana.it\\\/#\\\/schema\\\/logo\\\/image\\\/\",\"url\":\"https:\\\/\\\/la-cortigiana.it\\\/wp-content\\\/uploads\\\/2025\\\/01\\\/La-Cortigiana.png\",\"contentUrl\":\"https:\\\/\\\/la-cortigiana.it\\\/wp-content\\\/uploads\\\/2025\\\/01\\\/La-Cortigiana.png\",\"width\":1646,\"height\":575,\"caption\":\"La Cortigiana\"},\"image\":{\"@id\":\"https:\\\/\\\/la-cortigiana.it\\\/#\\\/schema\\\/logo\\\/image\\\/\"},\"sameAs\":[\"https:\\\/\\\/www.facebook.com\\\/LaCortigiana\\\/\",\"https:\\\/\\\/x.com\\\/la_cortigianait\",\"https:\\\/\\\/www.instagram.com\\\/la_cortigiana.it\",\"https:\\\/\\\/substack.com\\\/@lacortigiana\"]}]}<\/script>\n<!-- \/ Yoast SEO Premium plugin. -->","yoast_head_json":{"title":"Fouet florentin en cuir avec manche \u00e0 pointes - Outil de frappe artisanal | Bijoux symboliques et accessoires \u00e9rotiques - Fabriqu\u00e9 \u00e0 la main en Italie","description":"Laissez-vous tenter par le fouet florentin en cuir \u00e0 manche clout\u00e9 \u2013 un outil de frappe artisanal fabriqu\u00e9 en Italie. Bijoux symboliques discrets, accessoires \u00e9rotiques en cuir et pi\u00e8ces intimes pour les adeptes du hotwife, du cuckolding et des dynamiques de vie. Livraison internationale.","robots":{"index":"index","follow":"follow","max-snippet":"max-snippet:-1","max-image-preview":"max-image-preview:large","max-video-preview":"max-video-preview:-1"},"canonical":"https:\/\/la-cortigiana.it\/fr\/produit\/florentine-leather-flogger-with-spiked-handle\/","og_locale":"fr_FR","og_type":"article","og_title":"Florentine Leather Flogger with Spiked Handle - Handcrafted Impact Tool | La Cortigiana \u2013 Handcrafted in Italy","og_description":"Luxury handcrafted lingerie & accessories from Italy. Sheer, sensual, made for bold desires. Discreet worldwide delivery.","og_url":"https:\/\/la-cortigiana.it\/fr\/produit\/florentine-leather-flogger-with-spiked-handle\/","og_site_name":"La Cortigiana | Handcrafted Leather Accessories for Bold Desires","article_publisher":"https:\/\/www.facebook.com\/LaCortigiana\/","article_modified_time":"2025-10-10T01:51:16+00:00","og_image":[{"width":2048,"height":2560,"url":"https:\/\/la-cortigiana.it\/wp-content\/uploads\/2025\/01\/DSCF6196-2-1-scaled.jpg","type":"image\/jpeg"}],"twitter_card":"summary_large_image","twitter_site":"@la_cortigianait","twitter_misc":{"Dur\u00e9e de lecture estim\u00e9e":"1 minute"},"schema":{"@context":"https:\/\/schema.org","@graph":[{"@type":["WebPage","ItemPage"],"@id":"https:\/\/la-cortigiana.it\/product\/florentine-leather-flogger-with-spiked-handle\/","url":"https:\/\/la-cortigiana.it\/product\/florentine-leather-flogger-with-spiked-handle\/","name":"Fouet florentin en cuir avec manche \u00e0 pointes - Outil de frappe artisanal | Bijoux symboliques et accessoires \u00e9rotiques - Fabriqu\u00e9 \u00e0 la main en Italie","isPartOf":{"@id":"https:\/\/la-cortigiana.it\/#website"},"primaryImageOfPage":{"@id":"https:\/\/la-cortigiana.it\/product\/florentine-leather-flogger-with-spiked-handle\/#primaryimage"},"image":{"@id":"https:\/\/la-cortigiana.it\/product\/florentine-leather-flogger-with-spiked-handle\/#primaryimage"},"thumbnailUrl":"https:\/\/la-cortigiana.it\/wp-content\/uploads\/2025\/01\/DSCF6196-2-1-scaled.jpg","datePublished":"2025-01-28T18:22:48+00:00","dateModified":"2025-10-10T01:51:16+00:00","description":"Laissez-vous tenter par le fouet florentin en cuir \u00e0 manche clout\u00e9 \u2013 un outil de frappe artisanal fabriqu\u00e9 en Italie. Bijoux symboliques discrets, accessoires \u00e9rotiques en cuir et pi\u00e8ces intimes pour les adeptes du hotwife, du cuckolding et des dynamiques de vie. Livraison internationale.","breadcrumb":{"@id":"https:\/\/la-cortigiana.it\/product\/florentine-leather-flogger-with-spiked-handle\/#breadcrumb"},"inLanguage":"fr-FR","potentialAction":[{"@type":"ReadAction","target":["https:\/\/la-cortigiana.it\/product\/florentine-leather-flogger-with-spiked-handle\/"]}]},{"@type":"ImageObject","inLanguage":"fr-FR","@id":"https:\/\/la-cortigiana.it\/product\/florentine-leather-flogger-with-spiked-handle\/#primaryimage","url":"https:\/\/la-cortigiana.it\/wp-content\/uploads\/2025\/01\/DSCF6196-2-1-scaled.jpg","contentUrl":"https:\/\/la-cortigiana.it\/wp-content\/uploads\/2025\/01\/DSCF6196-2-1-scaled.jpg","width":2048,"height":2560,"caption":"Leather Flogger by La Cortigiana"},{"@type":"BreadcrumbList","@id":"https:\/\/la-cortigiana.it\/product\/florentine-leather-flogger-with-spiked-handle\/#breadcrumb","itemListElement":[{"@type":"ListItem","position":1,"name":"Home","item":"https:\/\/la-cortigiana.it\/"},{"@type":"ListItem","position":2,"name":"Shop","item":"https:\/\/la-cortigiana.it\/shop\/"},{"@type":"ListItem","position":3,"name":"Florentine Leather Flogger with Spiked Handle &#8211; Handcrafted Impact Tool"}]},{"@type":"WebSite","@id":"https:\/\/la-cortigiana.it\/#website","url":"https:\/\/la-cortigiana.it\/","name":"La Cortigiana | Bijoux discrets \u00e0 symboles et maroquinerie \u00e9rotique, fabriqu\u00e9s \u00e0 la main en Italie","description":"Marques discr\u00e8tes d&#039;un d\u00e9sir choisi","publisher":{"@id":"https:\/\/la-cortigiana.it\/#organization"},"potentialAction":[{"@type":"SearchAction","target":{"@type":"EntryPoint","urlTemplate":"https:\/\/la-cortigiana.it\/?s={search_term_string}"},"query-input":{"@type":"PropertyValueSpecification","valueRequired":true,"valueName":"search_term_string"}}],"inLanguage":"fr-FR"},{"@type":"Organization","@id":"https:\/\/la-cortigiana.it\/#organization","name":"La Cortigiana","url":"https:\/\/la-cortigiana.it\/","logo":{"@type":"ImageObject","inLanguage":"fr-FR","@id":"https:\/\/la-cortigiana.it\/#\/schema\/logo\/image\/","url":"https:\/\/la-cortigiana.it\/wp-content\/uploads\/2025\/01\/La-Cortigiana.png","contentUrl":"https:\/\/la-cortigiana.it\/wp-content\/uploads\/2025\/01\/La-Cortigiana.png","width":1646,"height":575,"caption":"La Cortigiana"},"image":{"@id":"https:\/\/la-cortigiana.it\/#\/schema\/logo\/image\/"},"sameAs":["https:\/\/www.facebook.com\/LaCortigiana\/","https:\/\/x.com\/la_cortigianait","https:\/\/www.instagram.com\/la_cortigiana.it","https:\/\/substack.com\/@lacortigiana"]}]}},"_links":{"self":[{"href":"https:\/\/la-cortigiana.it\/fr\/wp-json\/wp\/v2\/product\/1097","targetHints":{"allow":["GET"]}}],"collection":[{"href":"https:\/\/la-cortigiana.it\/fr\/wp-json\/wp\/v2\/product"}],"about":[{"href":"https:\/\/la-cortigiana.it\/fr\/wp-json\/wp\/v2\/types\/product"}],"replies":[{"embeddable":true,"href":"https:\/\/la-cortigiana.it\/fr\/wp-json\/wp\/v2\/comments?post=1097"}],"wp:featuredmedia":[{"embeddable":true,"href":"https:\/\/la-cortigiana.it\/fr\/wp-json\/wp\/v2\/media\/1098"}],"wp:attachment":[{"href":"https:\/\/la-cortigiana.it\/fr\/wp-json\/wp\/v2\/media?parent=1097"}],"wp:term":[{"taxonomy":"product_brand","embeddable":true,"href":"https:\/\/la-cortigiana.it\/fr\/wp-json\/wp\/v2\/product_brand?post=1097"},{"taxonomy":"product_cat","embeddable":true,"href":"https:\/\/la-cortigiana.it\/fr\/wp-json\/wp\/v2\/product_cat?post=1097"},{"taxonomy":"product_tag","embeddable":true,"href":"https:\/\/la-cortigiana.it\/fr\/wp-json\/wp\/v2\/product_tag?post=1097"}],"curies":[{"name":"wp","href":"https:\/\/api.w.org\/{rel}","templated":true}]}}