{"id":1114,"date":"2025-02-04T18:28:29","date_gmt":"2025-02-04T17:28:29","guid":{"rendered":"https:\/\/la-cortigiana.it\/?post_type=product&#038;p=1114"},"modified":"2025-12-22T11:42:05","modified_gmt":"2025-12-22T10:42:05","slug":"hotwife-experience-with-our-exclusive-gift-box","status":"publish","type":"product","link":"https:\/\/la-cortigiana.it\/fr\/produit\/hotwife-experience-with-our-exclusive-gift-box\/","title":{"rendered":"Exp\u00e9rience Hotwife \u2013 Le coffret rituel exclusif"},"content":{"rendered":"<div class=\"column mcb-column mcb-item-059c220df one laptop-one tablet-one mobile-one column_heading\">\n<div class=\"mcb-column-inner mfn-module-wrapper mcb-column-inner-059c220df mcb-item-heading-inner\">\n<p data-start=\"563\" data-end=\"585\">\u00c0 l&#039;int\u00e9rieur, vous trouverez :<\/p>\n<p data-start=\"587\" data-end=\"786\"><strong data-start=\"587\" data-end=\"613\">Culottes de votre choix<\/strong> \u2013 Choisissez entre <em data-start=\"631\" data-end=\"643\">sans entrejambe<\/em> pour une spontan\u00e9it\u00e9 audacieuse ou <em data-start=\"670\" data-end=\"682\">maille transparente<\/em> Pour une s\u00e9duction \u00e9l\u00e9gante. Chaque paire peut \u00eatre personnalis\u00e9e avec les mots de votre choix, brod\u00e9s \u00e0 l&#039;avant, \u00e0 l&#039;arri\u00e8re ou les deux.<\/p>\n<p data-start=\"788\" data-end=\"917\"><strong data-start=\"788\" data-end=\"809\">Parfum aux ph\u00e9romones<\/strong> \u2013 Un parfum qui persiste comme un secret. Subtil, magn\u00e9tique, il attire l&#039;attention sans la chercher.<\/p>\n<p data-start=\"919\" data-end=\"1051\"><strong data-start=\"919\" data-end=\"936\">Pendentif coquin<\/strong> \u2013 Un embl\u00e8me discret d&#039;ouverture \u00e9rotique. Suffisamment \u00e9l\u00e9gant pour \u00eatre port\u00e9 au quotidien, suffisamment provocateur pour tout signifier.<\/p>\n<p data-start=\"1053\" data-end=\"1157\"><strong data-start=\"1053\" data-end=\"1070\">Baume clitoridien<\/strong> \u2013 Un \u00e9lixir p\u00e9tillant qui exacerbe la sensibilit\u00e9 et amplifie chaque vague de plaisir.<\/p>\n<p data-start=\"1159\" data-end=\"1274\"><strong data-start=\"1159\" data-end=\"1182\">Pastilles \u00e0 la menthe pour le plaisir oral<\/strong> \u2013 Une \u00e9tincelle de fra\u00eecheur entre les l\u00e8vres et la peau. Rafra\u00eechissante, ludique et faite pour \u00eatre partag\u00e9e.<\/p>\n<p data-start=\"1276\" data-end=\"1397\"><strong data-start=\"1276\" data-end=\"1297\">D\u00e9lices surprises<\/strong> Des plaisirs cach\u00e9s qui ne demandent qu&#039;\u00e0 \u00eatre d\u00e9couverts. Chaque coffret en contient quelques-uns qui changent \u00e0 chaque \u00e9dition.<\/p>\n<p data-start=\"1399\" data-end=\"1524\">Chaque \u00e9l\u00e9ment est fabriqu\u00e9 \u00e0 la main ou s\u00e9lectionn\u00e9 pour c\u00e9l\u00e9brer <em data-start=\"1457\" data-end=\"1466\">Femme chaude<\/em> Un esprit \u2014 confiant, d\u00e9sir\u00e9 et r\u00e9solument libre.<\/p>\n<\/div>\n<\/div>","protected":false},"excerpt":{"rendered":"<h5 class=\"title\">Con\u00e7ue pour les femmes s\u00fbres d&#039;elles et leurs partenaires d\u00e9vou\u00e9s, cette bo\u00eete est destin\u00e9e \u00e0 \u00e9veiller le d\u00e9sir, \u00e0 approfondir les liens et \u00e0 transformer chaque rencontre en un rituel de s\u00e9duction.<\/h5>","protected":false},"featured_media":1115,"comment_status":"open","ping_status":"closed","template":"","meta":{"nf_dc_page":"","googlesitekit_rrm_CAowrc_CDA:productID":""},"product_brand":[],"product_cat":[226],"product_tag":[35],"class_list":{"0":"post-1114","1":"product","2":"type-product","3":"status-publish","4":"has-post-thumbnail","6":"product_cat-boxes","7":"product_tag-hotwife","9":"first","10":"instock","11":"shipping-taxable","12":"purchasable","13":"product-type-simple"},"yoast_head":"<!-- This site is optimized with the Yoast SEO Premium plugin v25.6 (Yoast SEO v27.4) - https:\/\/yoast.com\/product\/yoast-seo-premium-wordpress\/ -->\n<title>Hotwife Experience - The Exclusive Ritual Box | Symbol Jewelry &amp; Erotic Accessories \u2013 Handmade in Italy<\/title>\n<meta name=\"description\" content=\"Indulge in Hotwife Experience - The Exclusive Ritual Box \u2013 handcrafted in Italy. Discreet symbol jewelry, erotic leather accessories and intimate pieces for hotwife, cuckold and lifestyle dynamics. Worldwide shipping.\" \/>\n<meta name=\"robots\" content=\"index, follow, max-snippet:-1, max-image-preview:large, max-video-preview:-1\" \/>\n<link rel=\"canonical\" href=\"https:\/\/la-cortigiana.it\/fr\/produit\/hotwife-experience-with-our-exclusive-gift-box\/\" \/>\n<meta property=\"og:locale\" content=\"fr_FR\" \/>\n<meta property=\"og:type\" content=\"article\" \/>\n<meta property=\"og:title\" content=\"Hotwife Experience - The Exclusive Ritual Box | La Cortigiana \u2013 Handcrafted in Italy\" \/>\n<meta property=\"og:description\" content=\"Luxury handcrafted lingerie &amp; accessories from Italy. Sheer, sensual, made for bold desires. Discreet worldwide delivery.\" \/>\n<meta property=\"og:url\" content=\"https:\/\/la-cortigiana.it\/fr\/produit\/hotwife-experience-with-our-exclusive-gift-box\/\" \/>\n<meta property=\"og:site_name\" content=\"La Cortigiana | Handcrafted Leather Accessories for Bold Desires\" \/>\n<meta property=\"article:publisher\" content=\"https:\/\/www.facebook.com\/LaCortigiana\/\" \/>\n<meta property=\"article:modified_time\" content=\"2025-12-22T10:42:05+00:00\" \/>\n<meta property=\"og:image\" content=\"https:\/\/la-cortigiana.it\/wp-content\/uploads\/2025\/02\/DSCF1345.jpg\" \/>\n\t<meta property=\"og:image:width\" content=\"1600\" \/>\n\t<meta property=\"og:image:height\" content=\"2000\" \/>\n\t<meta property=\"og:image:type\" content=\"image\/jpeg\" \/>\n<meta name=\"twitter:card\" content=\"summary_large_image\" \/>\n<meta name=\"twitter:site\" content=\"@la_cortigianait\" \/>\n<meta name=\"twitter:label1\" content=\"Dur\u00e9e de lecture estim\u00e9e\" \/>\n\t<meta name=\"twitter:data1\" content=\"1 minute\" \/>\n<script type=\"application\/ld+json\" class=\"yoast-schema-graph\">{\"@context\":\"https:\\\/\\\/schema.org\",\"@graph\":[{\"@type\":[\"WebPage\",\"ItemPage\"],\"@id\":\"https:\\\/\\\/la-cortigiana.it\\\/product\\\/hotwife-experience-with-our-exclusive-gift-box\\\/\",\"url\":\"https:\\\/\\\/la-cortigiana.it\\\/product\\\/hotwife-experience-with-our-exclusive-gift-box\\\/\",\"name\":\"Hotwife Experience - The Exclusive Ritual Box | Symbol Jewelry & Erotic Accessories \u2013 Handmade in Italy\",\"isPartOf\":{\"@id\":\"https:\\\/\\\/la-cortigiana.it\\\/#website\"},\"primaryImageOfPage\":{\"@id\":\"https:\\\/\\\/la-cortigiana.it\\\/product\\\/hotwife-experience-with-our-exclusive-gift-box\\\/#primaryimage\"},\"image\":{\"@id\":\"https:\\\/\\\/la-cortigiana.it\\\/product\\\/hotwife-experience-with-our-exclusive-gift-box\\\/#primaryimage\"},\"thumbnailUrl\":\"https:\\\/\\\/la-cortigiana.it\\\/wp-content\\\/uploads\\\/2025\\\/02\\\/DSCF1345.jpg\",\"datePublished\":\"2025-02-04T17:28:29+00:00\",\"dateModified\":\"2025-12-22T10:42:05+00:00\",\"description\":\"Indulge in Hotwife Experience - The Exclusive Ritual Box \u2013 handcrafted in Italy. Discreet symbol jewelry, erotic leather accessories and intimate pieces for hotwife, cuckold and lifestyle dynamics. Worldwide shipping.\",\"breadcrumb\":{\"@id\":\"https:\\\/\\\/la-cortigiana.it\\\/product\\\/hotwife-experience-with-our-exclusive-gift-box\\\/#breadcrumb\"},\"inLanguage\":\"fr-FR\",\"potentialAction\":[{\"@type\":\"ReadAction\",\"target\":[\"https:\\\/\\\/la-cortigiana.it\\\/product\\\/hotwife-experience-with-our-exclusive-gift-box\\\/\"]}]},{\"@type\":\"ImageObject\",\"inLanguage\":\"fr-FR\",\"@id\":\"https:\\\/\\\/la-cortigiana.it\\\/product\\\/hotwife-experience-with-our-exclusive-gift-box\\\/#primaryimage\",\"url\":\"https:\\\/\\\/la-cortigiana.it\\\/wp-content\\\/uploads\\\/2025\\\/02\\\/DSCF1345.jpg\",\"contentUrl\":\"https:\\\/\\\/la-cortigiana.it\\\/wp-content\\\/uploads\\\/2025\\\/02\\\/DSCF1345.jpg\",\"width\":1600,\"height\":2000,\"caption\":\"Hotwife Gift box\"},{\"@type\":\"BreadcrumbList\",\"@id\":\"https:\\\/\\\/la-cortigiana.it\\\/product\\\/hotwife-experience-with-our-exclusive-gift-box\\\/#breadcrumb\",\"itemListElement\":[{\"@type\":\"ListItem\",\"position\":1,\"name\":\"Home\",\"item\":\"https:\\\/\\\/la-cortigiana.it\\\/\"},{\"@type\":\"ListItem\",\"position\":2,\"name\":\"Shop\",\"item\":\"https:\\\/\\\/la-cortigiana.it\\\/shop\\\/\"},{\"@type\":\"ListItem\",\"position\":3,\"name\":\"Hotwife Experience &#8211; The Exclusive Ritual Box\"}]},{\"@type\":\"WebSite\",\"@id\":\"https:\\\/\\\/la-cortigiana.it\\\/#website\",\"url\":\"https:\\\/\\\/la-cortigiana.it\\\/\",\"name\":\"La Cortigiana | Discreet Symbol Jewelry & Erotic Leather, Handmade in Italy\",\"description\":\"Quiet Marks of Chosen Desire\",\"publisher\":{\"@id\":\"https:\\\/\\\/la-cortigiana.it\\\/#organization\"},\"potentialAction\":[{\"@type\":\"SearchAction\",\"target\":{\"@type\":\"EntryPoint\",\"urlTemplate\":\"https:\\\/\\\/la-cortigiana.it\\\/?s={search_term_string}\"},\"query-input\":{\"@type\":\"PropertyValueSpecification\",\"valueRequired\":true,\"valueName\":\"search_term_string\"}}],\"inLanguage\":\"fr-FR\"},{\"@type\":\"Organization\",\"@id\":\"https:\\\/\\\/la-cortigiana.it\\\/#organization\",\"name\":\"La Cortigiana\",\"url\":\"https:\\\/\\\/la-cortigiana.it\\\/\",\"logo\":{\"@type\":\"ImageObject\",\"inLanguage\":\"fr-FR\",\"@id\":\"https:\\\/\\\/la-cortigiana.it\\\/#\\\/schema\\\/logo\\\/image\\\/\",\"url\":\"https:\\\/\\\/la-cortigiana.it\\\/wp-content\\\/uploads\\\/2025\\\/01\\\/La-Cortigiana.png\",\"contentUrl\":\"https:\\\/\\\/la-cortigiana.it\\\/wp-content\\\/uploads\\\/2025\\\/01\\\/La-Cortigiana.png\",\"width\":1646,\"height\":575,\"caption\":\"La Cortigiana\"},\"image\":{\"@id\":\"https:\\\/\\\/la-cortigiana.it\\\/#\\\/schema\\\/logo\\\/image\\\/\"},\"sameAs\":[\"https:\\\/\\\/www.facebook.com\\\/LaCortigiana\\\/\",\"https:\\\/\\\/x.com\\\/la_cortigianait\",\"https:\\\/\\\/www.instagram.com\\\/la_cortigiana.it\",\"https:\\\/\\\/substack.com\\\/@lacortigiana\"]}]}<\/script>\n<!-- \/ Yoast SEO Premium plugin. -->","yoast_head_json":{"title":"Hotwife Experience - The Exclusive Ritual Box | Symbol Jewelry & Erotic Accessories \u2013 Handmade in Italy","description":"Indulge in Hotwife Experience - The Exclusive Ritual Box \u2013 handcrafted in Italy. Discreet symbol jewelry, erotic leather accessories and intimate pieces for hotwife, cuckold and lifestyle dynamics. Worldwide shipping.","robots":{"index":"index","follow":"follow","max-snippet":"max-snippet:-1","max-image-preview":"max-image-preview:large","max-video-preview":"max-video-preview:-1"},"canonical":"https:\/\/la-cortigiana.it\/fr\/produit\/hotwife-experience-with-our-exclusive-gift-box\/","og_locale":"fr_FR","og_type":"article","og_title":"Hotwife Experience - The Exclusive Ritual Box | La Cortigiana \u2013 Handcrafted in Italy","og_description":"Luxury handcrafted lingerie & accessories from Italy. Sheer, sensual, made for bold desires. Discreet worldwide delivery.","og_url":"https:\/\/la-cortigiana.it\/fr\/produit\/hotwife-experience-with-our-exclusive-gift-box\/","og_site_name":"La Cortigiana | Handcrafted Leather Accessories for Bold Desires","article_publisher":"https:\/\/www.facebook.com\/LaCortigiana\/","article_modified_time":"2025-12-22T10:42:05+00:00","og_image":[{"width":1600,"height":2000,"url":"https:\/\/la-cortigiana.it\/wp-content\/uploads\/2025\/02\/DSCF1345.jpg","type":"image\/jpeg"}],"twitter_card":"summary_large_image","twitter_site":"@la_cortigianait","twitter_misc":{"Dur\u00e9e de lecture estim\u00e9e":"1 minute"},"schema":{"@context":"https:\/\/schema.org","@graph":[{"@type":["WebPage","ItemPage"],"@id":"https:\/\/la-cortigiana.it\/product\/hotwife-experience-with-our-exclusive-gift-box\/","url":"https:\/\/la-cortigiana.it\/product\/hotwife-experience-with-our-exclusive-gift-box\/","name":"Hotwife Experience - The Exclusive Ritual Box | Symbol Jewelry & Erotic Accessories \u2013 Handmade in Italy","isPartOf":{"@id":"https:\/\/la-cortigiana.it\/#website"},"primaryImageOfPage":{"@id":"https:\/\/la-cortigiana.it\/product\/hotwife-experience-with-our-exclusive-gift-box\/#primaryimage"},"image":{"@id":"https:\/\/la-cortigiana.it\/product\/hotwife-experience-with-our-exclusive-gift-box\/#primaryimage"},"thumbnailUrl":"https:\/\/la-cortigiana.it\/wp-content\/uploads\/2025\/02\/DSCF1345.jpg","datePublished":"2025-02-04T17:28:29+00:00","dateModified":"2025-12-22T10:42:05+00:00","description":"Indulge in Hotwife Experience - The Exclusive Ritual Box \u2013 handcrafted in Italy. Discreet symbol jewelry, erotic leather accessories and intimate pieces for hotwife, cuckold and lifestyle dynamics. Worldwide shipping.","breadcrumb":{"@id":"https:\/\/la-cortigiana.it\/product\/hotwife-experience-with-our-exclusive-gift-box\/#breadcrumb"},"inLanguage":"fr-FR","potentialAction":[{"@type":"ReadAction","target":["https:\/\/la-cortigiana.it\/product\/hotwife-experience-with-our-exclusive-gift-box\/"]}]},{"@type":"ImageObject","inLanguage":"fr-FR","@id":"https:\/\/la-cortigiana.it\/product\/hotwife-experience-with-our-exclusive-gift-box\/#primaryimage","url":"https:\/\/la-cortigiana.it\/wp-content\/uploads\/2025\/02\/DSCF1345.jpg","contentUrl":"https:\/\/la-cortigiana.it\/wp-content\/uploads\/2025\/02\/DSCF1345.jpg","width":1600,"height":2000,"caption":"Hotwife Gift box"},{"@type":"BreadcrumbList","@id":"https:\/\/la-cortigiana.it\/product\/hotwife-experience-with-our-exclusive-gift-box\/#breadcrumb","itemListElement":[{"@type":"ListItem","position":1,"name":"Home","item":"https:\/\/la-cortigiana.it\/"},{"@type":"ListItem","position":2,"name":"Shop","item":"https:\/\/la-cortigiana.it\/shop\/"},{"@type":"ListItem","position":3,"name":"Hotwife Experience &#8211; The Exclusive Ritual Box"}]},{"@type":"WebSite","@id":"https:\/\/la-cortigiana.it\/#website","url":"https:\/\/la-cortigiana.it\/","name":"La Cortigiana | Bijoux discrets \u00e0 symboles et maroquinerie \u00e9rotique, fabriqu\u00e9s \u00e0 la main en Italie","description":"Marques discr\u00e8tes d&#039;un d\u00e9sir choisi","publisher":{"@id":"https:\/\/la-cortigiana.it\/#organization"},"potentialAction":[{"@type":"SearchAction","target":{"@type":"EntryPoint","urlTemplate":"https:\/\/la-cortigiana.it\/?s={search_term_string}"},"query-input":{"@type":"PropertyValueSpecification","valueRequired":true,"valueName":"search_term_string"}}],"inLanguage":"fr-FR"},{"@type":"Organization","@id":"https:\/\/la-cortigiana.it\/#organization","name":"La Cortigiana","url":"https:\/\/la-cortigiana.it\/","logo":{"@type":"ImageObject","inLanguage":"fr-FR","@id":"https:\/\/la-cortigiana.it\/#\/schema\/logo\/image\/","url":"https:\/\/la-cortigiana.it\/wp-content\/uploads\/2025\/01\/La-Cortigiana.png","contentUrl":"https:\/\/la-cortigiana.it\/wp-content\/uploads\/2025\/01\/La-Cortigiana.png","width":1646,"height":575,"caption":"La Cortigiana"},"image":{"@id":"https:\/\/la-cortigiana.it\/#\/schema\/logo\/image\/"},"sameAs":["https:\/\/www.facebook.com\/LaCortigiana\/","https:\/\/x.com\/la_cortigianait","https:\/\/www.instagram.com\/la_cortigiana.it","https:\/\/substack.com\/@lacortigiana"]}]}},"_links":{"self":[{"href":"https:\/\/la-cortigiana.it\/fr\/wp-json\/wp\/v2\/product\/1114","targetHints":{"allow":["GET"]}}],"collection":[{"href":"https:\/\/la-cortigiana.it\/fr\/wp-json\/wp\/v2\/product"}],"about":[{"href":"https:\/\/la-cortigiana.it\/fr\/wp-json\/wp\/v2\/types\/product"}],"replies":[{"embeddable":true,"href":"https:\/\/la-cortigiana.it\/fr\/wp-json\/wp\/v2\/comments?post=1114"}],"wp:featuredmedia":[{"embeddable":true,"href":"https:\/\/la-cortigiana.it\/fr\/wp-json\/wp\/v2\/media\/1115"}],"wp:attachment":[{"href":"https:\/\/la-cortigiana.it\/fr\/wp-json\/wp\/v2\/media?parent=1114"}],"wp:term":[{"taxonomy":"product_brand","embeddable":true,"href":"https:\/\/la-cortigiana.it\/fr\/wp-json\/wp\/v2\/product_brand?post=1114"},{"taxonomy":"product_cat","embeddable":true,"href":"https:\/\/la-cortigiana.it\/fr\/wp-json\/wp\/v2\/product_cat?post=1114"},{"taxonomy":"product_tag","embeddable":true,"href":"https:\/\/la-cortigiana.it\/fr\/wp-json\/wp\/v2\/product_tag?post=1114"}],"curies":[{"name":"wp","href":"https:\/\/api.w.org\/{rel}","templated":true}]}}