{"id":1332,"date":"2025-03-23T13:46:04","date_gmt":"2025-03-23T12:46:04","guid":{"rendered":"https:\/\/la-cortigiana.it\/?post_type=product&#038;p=1332"},"modified":"2026-04-30T08:29:59","modified_gmt":"2026-04-30T07:29:59","slug":"structured-waist-corset-with-ribbon","status":"publish","type":"product","link":"https:\/\/la-cortigiana.it\/fr\/produit\/structured-waist-corset-with-ribbon\/","title":{"rendered":"Corset structur\u00e9 \u00e0 la taille avec liens en ruban"},"content":{"rendered":"<ul>\n<li>\n<h3><strong>TAILLE:<\/strong><\/h3>\n<div class=\"overflow-x-auto contain-inline-size\">\n<table>\n<thead>\n<tr>\n<th>Taille<\/th>\n<th>Sous la poitrine<\/th>\n<th>Taille<\/th>\n<th>Hanche moyenne<\/th>\n<\/tr>\n<\/thead>\n<tbody>\n<tr>\n<td>XS<\/td>\n<td>68\u201372 cm<\/td>\n<td>60\u201364 cm<\/td>\n<td>75\u201379 cm<\/td>\n<\/tr>\n<tr>\n<td>S<\/td>\n<td>73\u201377 cm<\/td>\n<td>65\u201369 cm<\/td>\n<td>80\u201384 cm<\/td>\n<\/tr>\n<tr>\n<td>M<\/td>\n<td>78\u201382 cm<\/td>\n<td>70\u201374 cm<\/td>\n<td>85\u201389 cm<\/td>\n<\/tr>\n<tr>\n<td>L<\/td>\n<td>83\u201387 cm<\/td>\n<td>75\u201379 cm<\/td>\n<td>90\u201394 cm<\/td>\n<\/tr>\n<tr>\n<td>XL<\/td>\n<td>88\u201392 cm<\/td>\n<td>80\u201384 cm<\/td>\n<td>95\u201399 cm<\/td>\n<\/tr>\n<\/tbody>\n<\/table>\n<\/div>\n<hr \/>\n<h3>\ud83d\udccd <strong>essayage personnalis\u00e9<\/strong><\/h3>\n<p>Si vous \u00eates \u00e0 Turin, en Italie, nous pouvons prendre vos mesures personnellement pour un ajustement pr\u00e9cis et parfait.<\/p>\n<p>Si une rencontre en personne n&#039;est pas possible, nous pouvons organiser un appel vid\u00e9o au cours duquel nous vous guiderons \u00e9tape par \u00e9tape et superviserons le processus de mesure afin d&#039;en garantir la pr\u00e9cision.<\/p>\n<p>Vous pouvez \u00e9galement suivre les instructions d\u00e9taill\u00e9es ci-dessous.<\/p>\n<hr \/>\n<h3>\u2702\ufe0f <strong>Comment prendre des mesures<\/strong><\/h3>\n<p>Pour s\u00e9lectionner la bonne taille, prenez ces trois mesures cl\u00e9s\u00a0:<\/p>\n<ul>\n<li><strong>Taille<\/strong> \u2013 Mesurez au niveau de la partie la plus \u00e9troite de votre torse.<\/li>\n<li><strong>Sous la poitrine<\/strong> \u2013 Mesurez directement sous votre poitrine, en gardant le ruban horizontal.<\/li>\n<li><strong>Hanche moyenne<\/strong> \u2013 Mesurez autour de vos hanches sup\u00e9rieures, environ 8 \u00e0 10 cm sous la taille.<\/li>\n<\/ul>\n<p><strong>Conseils pour une mesure pr\u00e9cise :<\/strong><\/p>\n<ul>\n<li>Mesurez sur des sous-v\u00eatements fins ou sur la peau nue.<\/li>\n<li>Maintenez le ruban bien ajust\u00e9, mais pas trop serr\u00e9.<\/li>\n<li>Tenez-vous droit, utilisez un miroir ou demandez de l\u2019aide.<\/li>\n<\/ul>\n<hr \/>\n<h3>\ud83e\uddf5 <strong>Taille personnalis\u00e9e<\/strong><\/h3>\n<p>Si vos mensurations se situent entre deux tailles (par exemple : taille = S, hanches = L), nous proposons des ajustements sur mesure.<\/p>\n<p>Veuillez nous contacter avant de commander \u2014 nous vous guiderons et veillerons \u00e0 ce que le corset s&#039;adapte parfaitement \u00e0 votre morphologie.<\/p>\n<hr \/>\n<h3>\ud83d\udd01 <strong>Politique de retour<\/strong><\/h3>\n<p>Chaque corset est confectionn\u00e9 \u00e0 la main sur commande, c&#039;est pourquoi nous n&#039;acceptons ni les retours ni les \u00e9changes.<\/p>\n<p>Si vous avez des doutes sur la taille, contactez-nous avant de passer votre commande \u2014 nous vous aiderons \u00e0 choisir la bonne taille.<\/p>\n<hr \/>\n<p><strong>Merci de soutenir la mode lente, l&#039;artisanat et l&#039;expression intime.<\/strong><\/li>\n<\/ul>","protected":false},"excerpt":{"rendered":"<p class=\"\" data-start=\"175\" data-end=\"270\"><strong data-start=\"175\" data-end=\"270\">Con\u00e7u pour la forme, l&#039;\u00e9l\u00e9gance et le confort, ce corset est une silhouette intemporelle r\u00e9invent\u00e9e.<\/strong><\/p>\n<p class=\"\" data-start=\"272\" data-end=\"526\">Soigneusement confectionn\u00e9 \u00e0 la main en serg\u00e9 de coton de haute qualit\u00e9, ce corset est structur\u00e9, respirant et con\u00e7u pour \u00e9pouser vos courbes sans compromettre la souplesse. Son double la\u00e7age lat\u00e9ral et sa fermeture \u00e0 busc sur le devant offrent \u00e0 la fois ajustement et impact visuel.<\/p>\n<p class=\"\" data-start=\"528\" data-end=\"679\">Propos\u00e9e dans une gamme de couleurs, cette pi\u00e8ce peut \u00eatre personnalis\u00e9e pour refl\u00e9ter votre style personnel \u2014 du blanc c\u00e9r\u00e9moniel au noir provocateur ou aux pastels doux.<\/p>\n<p class=\"\" data-start=\"681\" data-end=\"816\">Qu&#039;il soit port\u00e9 comme lingerie, comme accessoire de mode ou dans le cadre d&#039;un rituel, il est con\u00e7u pour devenir une seconde peau : \u00e9l\u00e9gant, durable et irr\u00e9sistiblement tactile.<\/p>\n<h3 class=\"\" data-start=\"823\" data-end=\"852\"><strong data-start=\"830\" data-end=\"850\">D\u00e9lai de traitement :<\/strong><\/h3>\n<p class=\"\" data-start=\"853\" data-end=\"921\"><strong>2 \u00e0 3 semaines, mais cela peut prendre plus de temps en fonction de la complexit\u00e9 et de la charge de travail.<\/strong><\/p>","protected":false},"featured_media":2915,"comment_status":"open","ping_status":"closed","template":"","meta":{"nf_dc_page":"","googlesitekit_rrm_CAowrc_CDA:productID":"","site-sidebar-layout":"default","site-content-layout":"","ast-site-content-layout":"default","site-content-style":"default","site-sidebar-style":"default","ast-global-header-display":"","ast-banner-title-visibility":"","ast-main-header-display":"","ast-hfb-above-header-display":"","ast-hfb-below-header-display":"","ast-hfb-mobile-header-display":"","site-post-title":"","ast-breadcrumbs-content":"","ast-featured-img":"","footer-sml-layout":"","ast-disable-related-posts":"","theme-transparent-header-meta":"default","adv-header-id-meta":"","stick-header-meta":"","header-above-stick-meta":"","header-main-stick-meta":"","header-below-stick-meta":"","astra-migrate-meta-layouts":"set","ast-page-background-enabled":"default","ast-page-background-meta":{"desktop":{"background-color":"var(--ast-global-color-5)","background-image":"","background-repeat":"repeat","background-position":"center center","background-size":"auto","background-attachment":"scroll","background-type":"","background-media":"","overlay-type":"","overlay-color":"","overlay-opacity":"","overlay-gradient":""},"tablet":{"background-color":"","background-image":"","background-repeat":"repeat","background-position":"center center","background-size":"auto","background-attachment":"scroll","background-type":"","background-media":"","overlay-type":"","overlay-color":"","overlay-opacity":"","overlay-gradient":""},"mobile":{"background-color":"","background-image":"","background-repeat":"repeat","background-position":"center center","background-size":"auto","background-attachment":"scroll","background-type":"","background-media":"","overlay-type":"","overlay-color":"","overlay-opacity":"","overlay-gradient":""}},"ast-content-background-meta":{"desktop":{"background-color":"var(--ast-global-color-4)","background-image":"","background-repeat":"repeat","background-position":"center center","background-size":"auto","background-attachment":"scroll","background-type":"","background-media":"","overlay-type":"","overlay-color":"","overlay-opacity":"","overlay-gradient":""},"tablet":{"background-color":"var(--ast-global-color-4)","background-image":"","background-repeat":"repeat","background-position":"center center","background-size":"auto","background-attachment":"scroll","background-type":"","background-media":"","overlay-type":"","overlay-color":"","overlay-opacity":"","overlay-gradient":""},"mobile":{"background-color":"var(--ast-global-color-4)","background-image":"","background-repeat":"repeat","background-position":"center center","background-size":"auto","background-attachment":"scroll","background-type":"","background-media":"","overlay-type":"","overlay-color":"","overlay-opacity":"","overlay-gradient":""}}},"product_brand":[],"product_cat":[62],"product_tag":[230],"class_list":{"0":"post-1332","1":"product","2":"type-product","3":"status-publish","4":"has-post-thumbnail","6":"product_cat-corsets-lingerie","7":"product_tag-corsets","8":"desktop-align-left","9":"tablet-align-left","10":"mobile-align-left","12":"first","13":"instock","14":"shipping-taxable","15":"purchasable","16":"product-type-simple"},"yoast_head":"<!-- This site is optimized with the Yoast SEO Premium plugin v25.6 (Yoast SEO v27.6) - https:\/\/yoast.com\/product\/yoast-seo-premium-wordpress\/ -->\n<title>Structured Waist Corset with Ribbon Ties | Symbol Jewelry &amp; Erotic Accessories \u2013 Handmade in Italy<\/title>\n<meta name=\"description\" content=\"Indulge in Structured Waist Corset with Ribbon Ties \u2013 handcrafted in Italy. Discreet symbol jewelry, erotic leather accessories and intimate pieces for hotwife, cuckold and lifestyle dynamics. Worldwide shipping.\" \/>\n<meta name=\"robots\" content=\"index, follow, max-snippet:-1, max-image-preview:large, max-video-preview:-1\" \/>\n<link rel=\"canonical\" href=\"https:\/\/la-cortigiana.it\/fr\/produit\/structured-waist-corset-with-ribbon\/\" \/>\n<meta property=\"og:locale\" content=\"fr_FR\" \/>\n<meta property=\"og:type\" content=\"article\" \/>\n<meta property=\"og:title\" content=\"Structured Waist Corset with Ribbon Ties | La Cortigiana \u2013 Handcrafted in Italy\" \/>\n<meta property=\"og:description\" content=\"Luxury handcrafted lingerie &amp; accessories from Italy. Sheer, sensual, made for bold desires. Discreet worldwide delivery.\" \/>\n<meta property=\"og:url\" content=\"https:\/\/la-cortigiana.it\/fr\/produit\/structured-waist-corset-with-ribbon\/\" \/>\n<meta property=\"article:publisher\" content=\"https:\/\/www.facebook.com\/LaCortigiana\/\" \/>\n<meta property=\"article:modified_time\" content=\"2026-04-30T07:29:59+00:00\" \/>\n<meta property=\"og:image\" content=\"https:\/\/la-cortigiana.it\/wp-content\/uploads\/2025\/03\/white_corset.webp\" \/>\n\t<meta property=\"og:image:width\" content=\"1122\" \/>\n\t<meta property=\"og:image:height\" content=\"1402\" \/>\n\t<meta property=\"og:image:type\" content=\"image\/webp\" \/>\n<meta name=\"twitter:card\" content=\"summary_large_image\" \/>\n<meta name=\"twitter:site\" content=\"@la_cortigianait\" \/>\n<meta name=\"twitter:label1\" content=\"Dur\u00e9e de lecture estim\u00e9e\" \/>\n\t<meta name=\"twitter:data1\" content=\"2 minutes\" \/>\n<script type=\"application\/ld+json\" class=\"yoast-schema-graph\">{\"@context\":\"https:\\\/\\\/schema.org\",\"@graph\":[{\"@type\":[\"WebPage\",\"ItemPage\"],\"@id\":\"https:\\\/\\\/la-cortigiana.it\\\/product\\\/structured-waist-corset-with-ribbon\\\/\",\"url\":\"https:\\\/\\\/la-cortigiana.it\\\/product\\\/structured-waist-corset-with-ribbon\\\/\",\"name\":\"Structured Waist Corset with Ribbon Ties | Symbol Jewelry & Erotic Accessories \u2013 Handmade in Italy\",\"isPartOf\":{\"@id\":\"https:\\\/\\\/la-cortigiana.it\\\/#website\"},\"primaryImageOfPage\":{\"@id\":\"https:\\\/\\\/la-cortigiana.it\\\/product\\\/structured-waist-corset-with-ribbon\\\/#primaryimage\"},\"image\":{\"@id\":\"https:\\\/\\\/la-cortigiana.it\\\/product\\\/structured-waist-corset-with-ribbon\\\/#primaryimage\"},\"thumbnailUrl\":\"https:\\\/\\\/la-cortigiana.it\\\/wp-content\\\/uploads\\\/2025\\\/03\\\/white_corset.webp\",\"datePublished\":\"2025-03-23T12:46:04+00:00\",\"dateModified\":\"2026-04-30T07:29:59+00:00\",\"description\":\"Indulge in Structured Waist Corset with Ribbon Ties \u2013 handcrafted in Italy. Discreet symbol jewelry, erotic leather accessories and intimate pieces for hotwife, cuckold and lifestyle dynamics. Worldwide shipping.\",\"breadcrumb\":{\"@id\":\"https:\\\/\\\/la-cortigiana.it\\\/product\\\/structured-waist-corset-with-ribbon\\\/#breadcrumb\"},\"inLanguage\":\"fr-FR\",\"potentialAction\":[{\"@type\":\"ReadAction\",\"target\":[\"https:\\\/\\\/la-cortigiana.it\\\/product\\\/structured-waist-corset-with-ribbon\\\/\"]}]},{\"@type\":\"ImageObject\",\"inLanguage\":\"fr-FR\",\"@id\":\"https:\\\/\\\/la-cortigiana.it\\\/product\\\/structured-waist-corset-with-ribbon\\\/#primaryimage\",\"url\":\"https:\\\/\\\/la-cortigiana.it\\\/wp-content\\\/uploads\\\/2025\\\/03\\\/white_corset.webp\",\"contentUrl\":\"https:\\\/\\\/la-cortigiana.it\\\/wp-content\\\/uploads\\\/2025\\\/03\\\/white_corset.webp\",\"width\":1122,\"height\":1402,\"caption\":\"white corset by La Cortigiana\"},{\"@type\":\"BreadcrumbList\",\"@id\":\"https:\\\/\\\/la-cortigiana.it\\\/product\\\/structured-waist-corset-with-ribbon\\\/#breadcrumb\",\"itemListElement\":[{\"@type\":\"ListItem\",\"position\":1,\"name\":\"Home\",\"item\":\"https:\\\/\\\/la-cortigiana.it\\\/\"},{\"@type\":\"ListItem\",\"position\":2,\"name\":\"Shop\",\"item\":\"https:\\\/\\\/la-cortigiana.it\\\/shop\\\/\"},{\"@type\":\"ListItem\",\"position\":3,\"name\":\"Structured Waist Corset with Ribbon Ties\"}]},{\"@type\":\"WebSite\",\"@id\":\"https:\\\/\\\/la-cortigiana.it\\\/#website\",\"url\":\"https:\\\/\\\/la-cortigiana.it\\\/\",\"name\":\"La Cortigiana | Discreet Symbol Jewelry & Erotic Leather, Handmade in Italy\",\"description\":\"Quiet Marks of Chosen Desire\",\"publisher\":{\"@id\":\"https:\\\/\\\/la-cortigiana.it\\\/#organization\"},\"potentialAction\":[{\"@type\":\"SearchAction\",\"target\":{\"@type\":\"EntryPoint\",\"urlTemplate\":\"https:\\\/\\\/la-cortigiana.it\\\/?s={search_term_string}\"},\"query-input\":{\"@type\":\"PropertyValueSpecification\",\"valueRequired\":true,\"valueName\":\"search_term_string\"}}],\"inLanguage\":\"fr-FR\"},{\"@type\":\"Organization\",\"@id\":\"https:\\\/\\\/la-cortigiana.it\\\/#organization\",\"name\":\"La Cortigiana\",\"url\":\"https:\\\/\\\/la-cortigiana.it\\\/\",\"logo\":{\"@type\":\"ImageObject\",\"inLanguage\":\"fr-FR\",\"@id\":\"https:\\\/\\\/la-cortigiana.it\\\/#\\\/schema\\\/logo\\\/image\\\/\",\"url\":\"https:\\\/\\\/la-cortigiana.it\\\/wp-content\\\/uploads\\\/2025\\\/01\\\/La-Cortigiana.png\",\"contentUrl\":\"https:\\\/\\\/la-cortigiana.it\\\/wp-content\\\/uploads\\\/2025\\\/01\\\/La-Cortigiana.png\",\"width\":1646,\"height\":575,\"caption\":\"La Cortigiana\"},\"image\":{\"@id\":\"https:\\\/\\\/la-cortigiana.it\\\/#\\\/schema\\\/logo\\\/image\\\/\"},\"sameAs\":[\"https:\\\/\\\/www.facebook.com\\\/LaCortigiana\\\/\",\"https:\\\/\\\/x.com\\\/la_cortigianait\",\"https:\\\/\\\/www.instagram.com\\\/la_cortigiana.it\",\"https:\\\/\\\/substack.com\\\/@lacortigiana\"]}]}<\/script>\n<!-- \/ Yoast SEO Premium plugin. -->","yoast_head_json":{"title":"Corset structur\u00e9 \u00e0 la taille avec liens ruban | Bijoux symboliques et accessoires \u00e9rotiques \u2013 Fait main en Italie","description":"Laissez-vous s\u00e9duire par ce corset \u00e0 taille structur\u00e9e et \u00e0 rubans, confectionn\u00e9 artisanalement en Italie. Bijoux discrets \u00e0 connotation symbolique, accessoires \u00e9rotiques en cuir et pi\u00e8ces intimes pour les adeptes du hotwife, du cuckolding et des dynamiques de vie. Livraison internationale.","robots":{"index":"index","follow":"follow","max-snippet":"max-snippet:-1","max-image-preview":"max-image-preview:large","max-video-preview":"max-video-preview:-1"},"canonical":"https:\/\/la-cortigiana.it\/fr\/produit\/structured-waist-corset-with-ribbon\/","og_locale":"fr_FR","og_type":"article","og_title":"Structured Waist Corset with Ribbon Ties | La Cortigiana \u2013 Handcrafted in Italy","og_description":"Luxury handcrafted lingerie & accessories from Italy. Sheer, sensual, made for bold desires. Discreet worldwide delivery.","og_url":"https:\/\/la-cortigiana.it\/fr\/produit\/structured-waist-corset-with-ribbon\/","article_publisher":"https:\/\/www.facebook.com\/LaCortigiana\/","article_modified_time":"2026-04-30T07:29:59+00:00","og_image":[{"width":1122,"height":1402,"url":"https:\/\/la-cortigiana.it\/wp-content\/uploads\/2025\/03\/white_corset.webp","type":"image\/webp"}],"twitter_card":"summary_large_image","twitter_site":"@la_cortigianait","twitter_misc":{"Dur\u00e9e de lecture estim\u00e9e":"2 minutes"},"schema":{"@context":"https:\/\/schema.org","@graph":[{"@type":["WebPage","ItemPage"],"@id":"https:\/\/la-cortigiana.it\/product\/structured-waist-corset-with-ribbon\/","url":"https:\/\/la-cortigiana.it\/product\/structured-waist-corset-with-ribbon\/","name":"Corset structur\u00e9 \u00e0 la taille avec liens ruban | Bijoux symboliques et accessoires \u00e9rotiques \u2013 Fait main en Italie","isPartOf":{"@id":"https:\/\/la-cortigiana.it\/#website"},"primaryImageOfPage":{"@id":"https:\/\/la-cortigiana.it\/product\/structured-waist-corset-with-ribbon\/#primaryimage"},"image":{"@id":"https:\/\/la-cortigiana.it\/product\/structured-waist-corset-with-ribbon\/#primaryimage"},"thumbnailUrl":"https:\/\/la-cortigiana.it\/wp-content\/uploads\/2025\/03\/white_corset.webp","datePublished":"2025-03-23T12:46:04+00:00","dateModified":"2026-04-30T07:29:59+00:00","description":"Laissez-vous s\u00e9duire par ce corset \u00e0 taille structur\u00e9e et \u00e0 rubans, confectionn\u00e9 artisanalement en Italie. Bijoux discrets \u00e0 connotation symbolique, accessoires \u00e9rotiques en cuir et pi\u00e8ces intimes pour les adeptes du hotwife, du cuckolding et des dynamiques de vie. Livraison internationale.","breadcrumb":{"@id":"https:\/\/la-cortigiana.it\/product\/structured-waist-corset-with-ribbon\/#breadcrumb"},"inLanguage":"fr-FR","potentialAction":[{"@type":"ReadAction","target":["https:\/\/la-cortigiana.it\/product\/structured-waist-corset-with-ribbon\/"]}]},{"@type":"ImageObject","inLanguage":"fr-FR","@id":"https:\/\/la-cortigiana.it\/product\/structured-waist-corset-with-ribbon\/#primaryimage","url":"https:\/\/la-cortigiana.it\/wp-content\/uploads\/2025\/03\/white_corset.webp","contentUrl":"https:\/\/la-cortigiana.it\/wp-content\/uploads\/2025\/03\/white_corset.webp","width":1122,"height":1402,"caption":"white corset by La Cortigiana"},{"@type":"BreadcrumbList","@id":"https:\/\/la-cortigiana.it\/product\/structured-waist-corset-with-ribbon\/#breadcrumb","itemListElement":[{"@type":"ListItem","position":1,"name":"Home","item":"https:\/\/la-cortigiana.it\/"},{"@type":"ListItem","position":2,"name":"Shop","item":"https:\/\/la-cortigiana.it\/shop\/"},{"@type":"ListItem","position":3,"name":"Structured Waist Corset with Ribbon Ties"}]},{"@type":"WebSite","@id":"https:\/\/la-cortigiana.it\/#website","url":"https:\/\/la-cortigiana.it\/","name":"La Cortigiana | Bijoux discrets \u00e0 symboles et maroquinerie \u00e9rotique, fabriqu\u00e9s \u00e0 la main en Italie","description":"Marques discr\u00e8tes d&#039;un d\u00e9sir choisi","publisher":{"@id":"https:\/\/la-cortigiana.it\/#organization"},"potentialAction":[{"@type":"SearchAction","target":{"@type":"EntryPoint","urlTemplate":"https:\/\/la-cortigiana.it\/?s={search_term_string}"},"query-input":{"@type":"PropertyValueSpecification","valueRequired":true,"valueName":"search_term_string"}}],"inLanguage":"fr-FR"},{"@type":"Organization","@id":"https:\/\/la-cortigiana.it\/#organization","name":"La Cortigiana","url":"https:\/\/la-cortigiana.it\/","logo":{"@type":"ImageObject","inLanguage":"fr-FR","@id":"https:\/\/la-cortigiana.it\/#\/schema\/logo\/image\/","url":"https:\/\/la-cortigiana.it\/wp-content\/uploads\/2025\/01\/La-Cortigiana.png","contentUrl":"https:\/\/la-cortigiana.it\/wp-content\/uploads\/2025\/01\/La-Cortigiana.png","width":1646,"height":575,"caption":"La Cortigiana"},"image":{"@id":"https:\/\/la-cortigiana.it\/#\/schema\/logo\/image\/"},"sameAs":["https:\/\/www.facebook.com\/LaCortigiana\/","https:\/\/x.com\/la_cortigianait","https:\/\/www.instagram.com\/la_cortigiana.it","https:\/\/substack.com\/@lacortigiana"]}]}},"_links":{"self":[{"href":"https:\/\/la-cortigiana.it\/fr\/wp-json\/wp\/v2\/product\/1332","targetHints":{"allow":["GET"]}}],"collection":[{"href":"https:\/\/la-cortigiana.it\/fr\/wp-json\/wp\/v2\/product"}],"about":[{"href":"https:\/\/la-cortigiana.it\/fr\/wp-json\/wp\/v2\/types\/product"}],"replies":[{"embeddable":true,"href":"https:\/\/la-cortigiana.it\/fr\/wp-json\/wp\/v2\/comments?post=1332"}],"wp:featuredmedia":[{"embeddable":true,"href":"https:\/\/la-cortigiana.it\/fr\/wp-json\/wp\/v2\/media\/2915"}],"wp:attachment":[{"href":"https:\/\/la-cortigiana.it\/fr\/wp-json\/wp\/v2\/media?parent=1332"}],"wp:term":[{"taxonomy":"product_brand","embeddable":true,"href":"https:\/\/la-cortigiana.it\/fr\/wp-json\/wp\/v2\/product_brand?post=1332"},{"taxonomy":"product_cat","embeddable":true,"href":"https:\/\/la-cortigiana.it\/fr\/wp-json\/wp\/v2\/product_cat?post=1332"},{"taxonomy":"product_tag","embeddable":true,"href":"https:\/\/la-cortigiana.it\/fr\/wp-json\/wp\/v2\/product_tag?post=1332"}],"curies":[{"name":"wp","href":"https:\/\/api.w.org\/{rel}","templated":true}]}}