{"id":1362,"date":"2025-03-24T17:55:48","date_gmt":"2025-03-24T16:55:48","guid":{"rendered":"https:\/\/la-cortigiana.it\/?post_type=product&#038;p=1362"},"modified":"2025-10-10T02:51:16","modified_gmt":"2025-10-10T01:51:16","slug":"engraved-collar-cuffs-with-custom-inscription","status":"publish","type":"product","link":"https:\/\/la-cortigiana.it\/fr\/produit\/engraved-collar-cuffs-with-custom-inscription\/","title":{"rendered":"Col et poignets grav\u00e9s avec inscription personnalis\u00e9e"},"content":{"rendered":"<p class=\"\" data-start=\"1047\" data-end=\"1068\"><strong data-start=\"1047\" data-end=\"1068\">L&#039;ensemble comprend :<\/strong><\/p>\n<ul data-start=\"1069\" data-end=\"1392\">\n<li class=\"\" data-start=\"1069\" data-end=\"1137\">\n<p class=\"\" data-start=\"1071\" data-end=\"1137\">Collier en cuir grav\u00e9 de fleurs (r\u00e9glable, avec un anneau en D solide)<\/p>\n<\/li>\n<li class=\"\" data-start=\"1138\" data-end=\"1204\">\n<p class=\"\" data-start=\"1140\" data-end=\"1204\">Poignets assortis avec surface grav\u00e9e et fermeture \u00e0 boucle<\/p>\n<\/li>\n<li class=\"\" data-start=\"1205\" data-end=\"1246\">\n<p class=\"\" data-start=\"1207\" data-end=\"1246\">Une laisse d\u00e9tachable avec un fermoir en m\u00e9tal<\/p>\n<\/li>\n<li class=\"\" data-start=\"1247\" data-end=\"1295\">\n<p class=\"\" data-start=\"1249\" data-end=\"1295\">Un bandeau en soie pour un jeu sensoriel accru<\/p>\n<\/li>\n<li class=\"\" data-start=\"1296\" data-end=\"1331\">\n<p class=\"\" data-start=\"1298\" data-end=\"1331\">Un mousqueton pour la connexion du brassard<\/p>\n<\/li>\n<li class=\"\" data-start=\"1332\" data-end=\"1392\">\n<p class=\"\" data-start=\"1334\" data-end=\"1392\">Des surprises sensuelles (par exemple, des huiles de massage ou des lubrifiants)<\/p>\n<\/li>\n<\/ul>\n<p class=\"\" data-start=\"1394\" data-end=\"1494\"><strong data-start=\"1394\" data-end=\"1429\">\u00c9l\u00e9gant, sensuel et intime.<\/strong><br data-start=\"1429\" data-end=\"1432\" \/>Con\u00e7u pour les couples qui appr\u00e9cient la beaut\u00e9, la profondeur et le jeu.<\/p>\n<p class=\"\" data-start=\"1496\" data-end=\"1566\">\u2705 Gravure personnalis\u00e9e incluse<br data-start=\"1523\" data-end=\"1526\" \/>\u2705 Fabriqu\u00e9 en Italie<br data-start=\"1541\" data-end=\"1544\" \/>\u2705 Emballage discret<\/p>","protected":false},"excerpt":{"rendered":"<p class=\"\" data-start=\"543\" data-end=\"826\">Cet ensemble de bondage raffin\u00e9 allie savoir-faire italien et esth\u00e9tique sensuelle. Le large collier en cuir et les menottes assorties arborent des gravures florales complexes inspir\u00e9es des motifs italiens classiques, un clin d&#039;\u0153il subtil \u00e0 l&#039;\u00e9l\u00e9gance de la Renaissance et \u00e0 la beaut\u00e9 baroque.<\/p>\n<p class=\"\" data-start=\"828\" data-end=\"1045\">Confectionn\u00e9 en cuir de haute qualit\u00e9, chaque pi\u00e8ce est travaill\u00e9e avec pr\u00e9cision et soin. \u00c0 l&#039;int\u00e9rieur du col et des poignets, vous pouvez ajouter une gravure personnalis\u00e9e \u2013 un nom, une date, une phrase secr\u00e8te \u2013 pour personnaliser cet ensemble.<\/p>","protected":false},"featured_media":1363,"comment_status":"open","ping_status":"closed","template":"","meta":{"nf_dc_page":"","googlesitekit_rrm_CAowrc_CDA:productID":""},"product_brand":[],"product_cat":[23,226],"product_tag":[31],"class_list":{"0":"post-1362","1":"product","2":"type-product","3":"status-publish","4":"has-post-thumbnail","6":"product_cat-collars-handcuffs","7":"product_cat-boxes","8":"product_tag-bdsm","10":"first","11":"instock","12":"shipping-taxable","13":"purchasable","14":"product-type-simple"},"yoast_head":"<!-- This site is optimized with the Yoast SEO Premium plugin v25.6 (Yoast SEO v27.4) - https:\/\/yoast.com\/product\/yoast-seo-premium-wordpress\/ -->\n<title>Engraved Collar &amp; Cuffs with Custom Inscription | Symbol Jewelry &amp; Erotic Accessories \u2013 Handmade in Italy<\/title>\n<meta name=\"description\" content=\"Indulge in Engraved Collar &amp; Cuffs with Custom Inscription \u2013 handcrafted in Italy. Discreet symbol jewelry, erotic leather accessories and intimate pieces for hotwife, cuckold and lifestyle dynamics. Worldwide shipping.\" \/>\n<meta name=\"robots\" content=\"index, follow, max-snippet:-1, max-image-preview:large, max-video-preview:-1\" \/>\n<link rel=\"canonical\" href=\"https:\/\/la-cortigiana.it\/fr\/produkt\/engraved-collar-cuffs-with-custom-inscription\/\" \/>\n<meta property=\"og:locale\" content=\"fr_FR\" \/>\n<meta property=\"og:type\" content=\"article\" \/>\n<meta property=\"og:title\" content=\"Engraved Collar &amp; Cuffs with Custom Inscription | La Cortigiana \u2013 Handcrafted in Italy\" \/>\n<meta property=\"og:description\" content=\"Luxury handcrafted lingerie &amp; accessories from Italy. Sheer, sensual, made for bold desires. Discreet worldwide delivery.\" \/>\n<meta property=\"og:url\" content=\"https:\/\/la-cortigiana.it\/fr\/produkt\/engraved-collar-cuffs-with-custom-inscription\/\" \/>\n<meta property=\"og:site_name\" content=\"La Cortigiana | Handcrafted Leather Accessories for Bold Desires\" \/>\n<meta property=\"article:publisher\" content=\"https:\/\/www.facebook.com\/LaCortigiana\/\" \/>\n<meta property=\"article:modified_time\" content=\"2025-10-10T01:51:16+00:00\" \/>\n<meta property=\"og:image\" content=\"https:\/\/la-cortigiana.it\/wp-content\/uploads\/2025\/03\/photo_2025-03-24_17-32-51.jpg\" \/>\n\t<meta property=\"og:image:width\" content=\"1024\" \/>\n\t<meta property=\"og:image:height\" content=\"1280\" \/>\n\t<meta property=\"og:image:type\" content=\"image\/jpeg\" \/>\n<meta name=\"twitter:card\" content=\"summary_large_image\" \/>\n<meta name=\"twitter:site\" content=\"@la_cortigianait\" \/>\n<meta name=\"twitter:label1\" content=\"Dur\u00e9e de lecture estim\u00e9e\" \/>\n\t<meta name=\"twitter:data1\" content=\"1 minute\" \/>\n<script type=\"application\/ld+json\" class=\"yoast-schema-graph\">{\"@context\":\"https:\\\/\\\/schema.org\",\"@graph\":[{\"@type\":[\"WebPage\",\"ItemPage\"],\"@id\":\"https:\\\/\\\/la-cortigiana.it\\\/de\\\/produkt\\\/engraved-collar-cuffs-with-custom-inscription\\\/\",\"url\":\"https:\\\/\\\/la-cortigiana.it\\\/de\\\/produkt\\\/engraved-collar-cuffs-with-custom-inscription\\\/\",\"name\":\"Engraved Collar & Cuffs with Custom Inscription | Symbol Jewelry & Erotic Accessories \u2013 Handmade in Italy\",\"isPartOf\":{\"@id\":\"https:\\\/\\\/la-cortigiana.it\\\/#website\"},\"primaryImageOfPage\":{\"@id\":\"https:\\\/\\\/la-cortigiana.it\\\/de\\\/produkt\\\/engraved-collar-cuffs-with-custom-inscription\\\/#primaryimage\"},\"image\":{\"@id\":\"https:\\\/\\\/la-cortigiana.it\\\/de\\\/produkt\\\/engraved-collar-cuffs-with-custom-inscription\\\/#primaryimage\"},\"thumbnailUrl\":\"https:\\\/\\\/la-cortigiana.it\\\/wp-content\\\/uploads\\\/2025\\\/03\\\/photo_2025-03-24_17-32-51.jpg\",\"datePublished\":\"2025-03-24T16:55:48+00:00\",\"dateModified\":\"2025-10-10T01:51:16+00:00\",\"description\":\"Indulge in Engraved Collar & Cuffs with Custom Inscription \u2013 handcrafted in Italy. Discreet symbol jewelry, erotic leather accessories and intimate pieces for hotwife, cuckold and lifestyle dynamics. Worldwide shipping.\",\"breadcrumb\":{\"@id\":\"https:\\\/\\\/la-cortigiana.it\\\/de\\\/produkt\\\/engraved-collar-cuffs-with-custom-inscription\\\/#breadcrumb\"},\"inLanguage\":\"fr-FR\",\"potentialAction\":[{\"@type\":\"ReadAction\",\"target\":[\"https:\\\/\\\/la-cortigiana.it\\\/de\\\/produkt\\\/engraved-collar-cuffs-with-custom-inscription\\\/\"]}]},{\"@type\":\"ImageObject\",\"inLanguage\":\"fr-FR\",\"@id\":\"https:\\\/\\\/la-cortigiana.it\\\/de\\\/produkt\\\/engraved-collar-cuffs-with-custom-inscription\\\/#primaryimage\",\"url\":\"https:\\\/\\\/la-cortigiana.it\\\/wp-content\\\/uploads\\\/2025\\\/03\\\/photo_2025-03-24_17-32-51.jpg\",\"contentUrl\":\"https:\\\/\\\/la-cortigiana.it\\\/wp-content\\\/uploads\\\/2025\\\/03\\\/photo_2025-03-24_17-32-51.jpg\",\"width\":1024,\"height\":1280},{\"@type\":\"BreadcrumbList\",\"@id\":\"https:\\\/\\\/la-cortigiana.it\\\/de\\\/produkt\\\/engraved-collar-cuffs-with-custom-inscription\\\/#breadcrumb\",\"itemListElement\":[{\"@type\":\"ListItem\",\"position\":1,\"name\":\"Home\",\"item\":\"https:\\\/\\\/la-cortigiana.it\\\/\"},{\"@type\":\"ListItem\",\"position\":2,\"name\":\"Shop\",\"item\":\"https:\\\/\\\/la-cortigiana.it\\\/shop\\\/\"},{\"@type\":\"ListItem\",\"position\":3,\"name\":\"Engraved Collar &#038; Cuffs with Custom Inscription\"}]},{\"@type\":\"WebSite\",\"@id\":\"https:\\\/\\\/la-cortigiana.it\\\/#website\",\"url\":\"https:\\\/\\\/la-cortigiana.it\\\/\",\"name\":\"La Cortigiana | Discreet Symbol Jewelry & Erotic Leather, Handmade in Italy\",\"description\":\"Quiet Marks of Chosen Desire\",\"publisher\":{\"@id\":\"https:\\\/\\\/la-cortigiana.it\\\/#organization\"},\"potentialAction\":[{\"@type\":\"SearchAction\",\"target\":{\"@type\":\"EntryPoint\",\"urlTemplate\":\"https:\\\/\\\/la-cortigiana.it\\\/?s={search_term_string}\"},\"query-input\":{\"@type\":\"PropertyValueSpecification\",\"valueRequired\":true,\"valueName\":\"search_term_string\"}}],\"inLanguage\":\"fr-FR\"},{\"@type\":\"Organization\",\"@id\":\"https:\\\/\\\/la-cortigiana.it\\\/#organization\",\"name\":\"La Cortigiana\",\"url\":\"https:\\\/\\\/la-cortigiana.it\\\/\",\"logo\":{\"@type\":\"ImageObject\",\"inLanguage\":\"fr-FR\",\"@id\":\"https:\\\/\\\/la-cortigiana.it\\\/#\\\/schema\\\/logo\\\/image\\\/\",\"url\":\"https:\\\/\\\/la-cortigiana.it\\\/wp-content\\\/uploads\\\/2025\\\/01\\\/La-Cortigiana.png\",\"contentUrl\":\"https:\\\/\\\/la-cortigiana.it\\\/wp-content\\\/uploads\\\/2025\\\/01\\\/La-Cortigiana.png\",\"width\":1646,\"height\":575,\"caption\":\"La Cortigiana\"},\"image\":{\"@id\":\"https:\\\/\\\/la-cortigiana.it\\\/#\\\/schema\\\/logo\\\/image\\\/\"},\"sameAs\":[\"https:\\\/\\\/www.facebook.com\\\/LaCortigiana\\\/\",\"https:\\\/\\\/x.com\\\/la_cortigianait\",\"https:\\\/\\\/www.instagram.com\\\/la_cortigiana.it\",\"https:\\\/\\\/substack.com\\\/@lacortigiana\"]}]}<\/script>\n<!-- \/ Yoast SEO Premium plugin. -->","yoast_head_json":{"title":"Engraved Collar & Cuffs with Custom Inscription | Symbol Jewelry & Erotic Accessories \u2013 Handmade in Italy","description":"Indulge in Engraved Collar & Cuffs with Custom Inscription \u2013 handcrafted in Italy. Discreet symbol jewelry, erotic leather accessories and intimate pieces for hotwife, cuckold and lifestyle dynamics. Worldwide shipping.","robots":{"index":"index","follow":"follow","max-snippet":"max-snippet:-1","max-image-preview":"max-image-preview:large","max-video-preview":"max-video-preview:-1"},"canonical":"https:\/\/la-cortigiana.it\/fr\/produkt\/engraved-collar-cuffs-with-custom-inscription\/","og_locale":"fr_FR","og_type":"article","og_title":"Engraved Collar & Cuffs with Custom Inscription | La Cortigiana \u2013 Handcrafted in Italy","og_description":"Luxury handcrafted lingerie & accessories from Italy. Sheer, sensual, made for bold desires. Discreet worldwide delivery.","og_url":"https:\/\/la-cortigiana.it\/fr\/produkt\/engraved-collar-cuffs-with-custom-inscription\/","og_site_name":"La Cortigiana | Handcrafted Leather Accessories for Bold Desires","article_publisher":"https:\/\/www.facebook.com\/LaCortigiana\/","article_modified_time":"2025-10-10T01:51:16+00:00","og_image":[{"width":1024,"height":1280,"url":"https:\/\/la-cortigiana.it\/wp-content\/uploads\/2025\/03\/photo_2025-03-24_17-32-51.jpg","type":"image\/jpeg"}],"twitter_card":"summary_large_image","twitter_site":"@la_cortigianait","twitter_misc":{"Dur\u00e9e de lecture estim\u00e9e":"1 minute"},"schema":{"@context":"https:\/\/schema.org","@graph":[{"@type":["WebPage","ItemPage"],"@id":"https:\/\/la-cortigiana.it\/de\/produkt\/engraved-collar-cuffs-with-custom-inscription\/","url":"https:\/\/la-cortigiana.it\/de\/produkt\/engraved-collar-cuffs-with-custom-inscription\/","name":"Engraved Collar & Cuffs with Custom Inscription | Symbol Jewelry & Erotic Accessories \u2013 Handmade in Italy","isPartOf":{"@id":"https:\/\/la-cortigiana.it\/#website"},"primaryImageOfPage":{"@id":"https:\/\/la-cortigiana.it\/de\/produkt\/engraved-collar-cuffs-with-custom-inscription\/#primaryimage"},"image":{"@id":"https:\/\/la-cortigiana.it\/de\/produkt\/engraved-collar-cuffs-with-custom-inscription\/#primaryimage"},"thumbnailUrl":"https:\/\/la-cortigiana.it\/wp-content\/uploads\/2025\/03\/photo_2025-03-24_17-32-51.jpg","datePublished":"2025-03-24T16:55:48+00:00","dateModified":"2025-10-10T01:51:16+00:00","description":"Indulge in Engraved Collar & Cuffs with Custom Inscription \u2013 handcrafted in Italy. Discreet symbol jewelry, erotic leather accessories and intimate pieces for hotwife, cuckold and lifestyle dynamics. Worldwide shipping.","breadcrumb":{"@id":"https:\/\/la-cortigiana.it\/de\/produkt\/engraved-collar-cuffs-with-custom-inscription\/#breadcrumb"},"inLanguage":"fr-FR","potentialAction":[{"@type":"ReadAction","target":["https:\/\/la-cortigiana.it\/de\/produkt\/engraved-collar-cuffs-with-custom-inscription\/"]}]},{"@type":"ImageObject","inLanguage":"fr-FR","@id":"https:\/\/la-cortigiana.it\/de\/produkt\/engraved-collar-cuffs-with-custom-inscription\/#primaryimage","url":"https:\/\/la-cortigiana.it\/wp-content\/uploads\/2025\/03\/photo_2025-03-24_17-32-51.jpg","contentUrl":"https:\/\/la-cortigiana.it\/wp-content\/uploads\/2025\/03\/photo_2025-03-24_17-32-51.jpg","width":1024,"height":1280},{"@type":"BreadcrumbList","@id":"https:\/\/la-cortigiana.it\/de\/produkt\/engraved-collar-cuffs-with-custom-inscription\/#breadcrumb","itemListElement":[{"@type":"ListItem","position":1,"name":"Home","item":"https:\/\/la-cortigiana.it\/"},{"@type":"ListItem","position":2,"name":"Shop","item":"https:\/\/la-cortigiana.it\/shop\/"},{"@type":"ListItem","position":3,"name":"Engraved Collar &#038; Cuffs with Custom Inscription"}]},{"@type":"WebSite","@id":"https:\/\/la-cortigiana.it\/#website","url":"https:\/\/la-cortigiana.it\/","name":"La Cortigiana | Bijoux discrets \u00e0 symboles et maroquinerie \u00e9rotique, fabriqu\u00e9s \u00e0 la main en Italie","description":"Marques discr\u00e8tes d&#039;un d\u00e9sir choisi","publisher":{"@id":"https:\/\/la-cortigiana.it\/#organization"},"potentialAction":[{"@type":"SearchAction","target":{"@type":"EntryPoint","urlTemplate":"https:\/\/la-cortigiana.it\/?s={search_term_string}"},"query-input":{"@type":"PropertyValueSpecification","valueRequired":true,"valueName":"search_term_string"}}],"inLanguage":"fr-FR"},{"@type":"Organization","@id":"https:\/\/la-cortigiana.it\/#organization","name":"La Cortigiana","url":"https:\/\/la-cortigiana.it\/","logo":{"@type":"ImageObject","inLanguage":"fr-FR","@id":"https:\/\/la-cortigiana.it\/#\/schema\/logo\/image\/","url":"https:\/\/la-cortigiana.it\/wp-content\/uploads\/2025\/01\/La-Cortigiana.png","contentUrl":"https:\/\/la-cortigiana.it\/wp-content\/uploads\/2025\/01\/La-Cortigiana.png","width":1646,"height":575,"caption":"La Cortigiana"},"image":{"@id":"https:\/\/la-cortigiana.it\/#\/schema\/logo\/image\/"},"sameAs":["https:\/\/www.facebook.com\/LaCortigiana\/","https:\/\/x.com\/la_cortigianait","https:\/\/www.instagram.com\/la_cortigiana.it","https:\/\/substack.com\/@lacortigiana"]}]}},"_links":{"self":[{"href":"https:\/\/la-cortigiana.it\/fr\/wp-json\/wp\/v2\/product\/1362","targetHints":{"allow":["GET"]}}],"collection":[{"href":"https:\/\/la-cortigiana.it\/fr\/wp-json\/wp\/v2\/product"}],"about":[{"href":"https:\/\/la-cortigiana.it\/fr\/wp-json\/wp\/v2\/types\/product"}],"replies":[{"embeddable":true,"href":"https:\/\/la-cortigiana.it\/fr\/wp-json\/wp\/v2\/comments?post=1362"}],"wp:featuredmedia":[{"embeddable":true,"href":"https:\/\/la-cortigiana.it\/fr\/wp-json\/wp\/v2\/media\/1363"}],"wp:attachment":[{"href":"https:\/\/la-cortigiana.it\/fr\/wp-json\/wp\/v2\/media?parent=1362"}],"wp:term":[{"taxonomy":"product_brand","embeddable":true,"href":"https:\/\/la-cortigiana.it\/fr\/wp-json\/wp\/v2\/product_brand?post=1362"},{"taxonomy":"product_cat","embeddable":true,"href":"https:\/\/la-cortigiana.it\/fr\/wp-json\/wp\/v2\/product_cat?post=1362"},{"taxonomy":"product_tag","embeddable":true,"href":"https:\/\/la-cortigiana.it\/fr\/wp-json\/wp\/v2\/product_tag?post=1362"}],"curies":[{"name":"wp","href":"https:\/\/api.w.org\/{rel}","templated":true}]}}