{"id":1400,"date":"2025-04-08T12:05:36","date_gmt":"2025-04-08T11:05:36","guid":{"rendered":"https:\/\/la-cortigiana.it\/?post_type=product&#038;p=1400"},"modified":"2025-10-10T02:51:16","modified_gmt":"2025-10-10T01:51:16","slug":"bdsm-pendant-small","status":"publish","type":"product","link":"https:\/\/la-cortigiana.it\/fr\/produit\/bdsm-pendant-small\/","title":{"rendered":"Pendentif BDSM petit"},"content":{"rendered":"<p class=\"\" data-start=\"172\" data-end=\"405\">Ce pendentif est con\u00e7u pour tous ceux qui s&#039;identifient \u00e0 la <strong data-start=\"252\" data-end=\"270\">Style de vie BDSM<\/strong>, que vous soyez <strong data-start=\"287\" data-end=\"299\">Dominant<\/strong>, <strong data-start=\"301\" data-end=\"315\">Soumis<\/strong>, <strong data-start=\"317\" data-end=\"327\">Changer<\/strong>, ou simplement explorer le monde de <strong data-start=\"362\" data-end=\"380\" data-is-only-node=\"\">\u00e9change d&#039;\u00e9lectricit\u00e9<\/strong> et <strong data-start=\"385\" data-end=\"402\">identit\u00e9 perverse<\/strong>.<\/p>\n<p class=\"\" data-start=\"407\" data-end=\"703\">C&#039;est un cadeau parfait pour :<br data-start=\"431\" data-end=\"434\" \/>- UN <strong data-start=\"438\" data-end=\"460\">partenaire soumis<\/strong> en signe d&#039;appartenance<br data-start=\"484\" data-end=\"487\" \/>- UN <strong data-start=\"491\" data-end=\"503\">Dominant<\/strong> qui appr\u00e9cie le symbolisme subtil<br data-start=\"536\" data-end=\"539\" \/>\u2013 Ceux qui sont dans <strong data-start=\"550\" data-end=\"585\">Relations D\/s, M\/s ou ouvertes<\/strong><br data-start=\"585\" data-end=\"588\" \/>\u2013 Les personnes qui vivent leur <strong data-start=\"617\" data-end=\"636\">se plier discr\u00e8tement<\/strong><br data-start=\"636\" data-end=\"639\" \/>\u2013 Toute personne recherchant un <strong data-start=\"658\" data-end=\"683\">collier BDSM minimaliste<\/strong> pour un usage quotidien<\/p>\n<p class=\"\" data-start=\"705\" data-end=\"795\">Qu&#039;il soit port\u00e9 pr\u00e8s de la peau ou fi\u00e8rement visible, il marque la confiance, le choix et la connexion.<\/p>","protected":false},"excerpt":{"rendered":"<p class=\"\" data-start=\"271\" data-end=\"347\">Un signe subtil d\u2019appartenance \u2013 fabriqu\u00e9 \u00e0 la main pour ceux qui vivent avec intention.<\/p>\n<p class=\"\" data-start=\"349\" data-end=\"556\">Ce <strong data-start=\"354\" data-end=\"381\">collier pendentif unisexe<\/strong> dispose d&#039;un <strong data-start=\"393\" data-end=\"422\">incrustation en bois de noyer naturel<\/strong>, grav\u00e9 avec le classique <strong data-start=\"450\" data-end=\"476\">Symbole triskel BDSM<\/strong>, plac\u00e9 dans un cadre en m\u00e9tal antique et suspendu \u00e0 un d\u00e9licat <strong data-start=\"538\" data-end=\"553\">cha\u00eene noire<\/strong>.<\/p>\n<p class=\"\" data-start=\"558\" data-end=\"608\">Minimaliste mais symbolique, \u00e9l\u00e9gant mais incomparable.<\/p>\n<p data-start=\"558\" data-end=\"608\">Cadre en acier inoxydable, <strong data-start=\"722\" data-end=\"741\">1,5 cm \/ 0,6 po<\/strong> en diam\u00e8tre<\/p>","protected":false},"featured_media":1401,"comment_status":"open","ping_status":"closed","template":"","meta":{"nf_dc_page":"","googlesitekit_rrm_CAowrc_CDA:productID":"","site-sidebar-layout":"default","site-content-layout":"","ast-site-content-layout":"default","site-content-style":"default","site-sidebar-style":"default","ast-global-header-display":"","ast-banner-title-visibility":"","ast-main-header-display":"","ast-hfb-above-header-display":"","ast-hfb-below-header-display":"","ast-hfb-mobile-header-display":"","site-post-title":"","ast-breadcrumbs-content":"","ast-featured-img":"","footer-sml-layout":"","ast-disable-related-posts":"","theme-transparent-header-meta":"","adv-header-id-meta":"","stick-header-meta":"","header-above-stick-meta":"","header-main-stick-meta":"","header-below-stick-meta":"","astra-migrate-meta-layouts":"default","ast-page-background-enabled":"default","ast-page-background-meta":{"desktop":{"background-color":"var(--ast-global-color-5)","background-image":"","background-repeat":"repeat","background-position":"center center","background-size":"auto","background-attachment":"scroll","background-type":"","background-media":"","overlay-type":"","overlay-color":"","overlay-opacity":"","overlay-gradient":""},"tablet":{"background-color":"","background-image":"","background-repeat":"repeat","background-position":"center center","background-size":"auto","background-attachment":"scroll","background-type":"","background-media":"","overlay-type":"","overlay-color":"","overlay-opacity":"","overlay-gradient":""},"mobile":{"background-color":"","background-image":"","background-repeat":"repeat","background-position":"center center","background-size":"auto","background-attachment":"scroll","background-type":"","background-media":"","overlay-type":"","overlay-color":"","overlay-opacity":"","overlay-gradient":""}},"ast-content-background-meta":{"desktop":{"background-color":"var(--ast-global-color-4)","background-image":"","background-repeat":"repeat","background-position":"center center","background-size":"auto","background-attachment":"scroll","background-type":"","background-media":"","overlay-type":"","overlay-color":"","overlay-opacity":"","overlay-gradient":""},"tablet":{"background-color":"var(--ast-global-color-4)","background-image":"","background-repeat":"repeat","background-position":"center center","background-size":"auto","background-attachment":"scroll","background-type":"","background-media":"","overlay-type":"","overlay-color":"","overlay-opacity":"","overlay-gradient":""},"mobile":{"background-color":"var(--ast-global-color-4)","background-image":"","background-repeat":"repeat","background-position":"center center","background-size":"auto","background-attachment":"scroll","background-type":"","background-media":"","overlay-type":"","overlay-color":"","overlay-opacity":"","overlay-gradient":""}}},"product_brand":[],"product_cat":[26],"product_tag":[31],"class_list":{"0":"post-1400","1":"product","2":"type-product","3":"status-publish","4":"has-post-thumbnail","6":"product_cat-bracelets-pendants","7":"product_tag-bdsm","8":"desktop-align-left","9":"tablet-align-left","10":"mobile-align-left","12":"first","13":"instock","14":"shipping-taxable","15":"purchasable","16":"product-type-simple"},"yoast_head":"<!-- This site is optimized with the Yoast SEO Premium plugin v25.6 (Yoast SEO v27.6) - https:\/\/yoast.com\/product\/yoast-seo-premium-wordpress\/ -->\n<title>BDSM Pendant small | Symbol Jewelry &amp; Erotic Accessories \u2013 Handmade in Italy<\/title>\n<meta name=\"description\" content=\"Indulge in BDSM Pendant small \u2013 handcrafted in Italy. Discreet symbol jewelry, erotic leather accessories and intimate pieces for hotwife, cuckold and lifestyle dynamics. Worldwide shipping.\" \/>\n<meta name=\"robots\" content=\"index, follow, max-snippet:-1, max-image-preview:large, max-video-preview:-1\" \/>\n<link rel=\"canonical\" href=\"https:\/\/la-cortigiana.it\/fr\/produit\/bdsm-pendant-small\/\" \/>\n<meta property=\"og:locale\" content=\"fr_FR\" \/>\n<meta property=\"og:type\" content=\"article\" \/>\n<meta property=\"og:title\" content=\"BDSM Pendant small | La Cortigiana \u2013 Handcrafted in Italy\" \/>\n<meta property=\"og:description\" content=\"Luxury handcrafted lingerie &amp; accessories from Italy. Sheer, sensual, made for bold desires. Discreet worldwide delivery.\" \/>\n<meta property=\"og:url\" content=\"https:\/\/la-cortigiana.it\/fr\/produit\/bdsm-pendant-small\/\" \/>\n<meta property=\"article:publisher\" content=\"https:\/\/www.facebook.com\/LaCortigiana\/\" \/>\n<meta property=\"article:modified_time\" content=\"2025-10-10T01:51:16+00:00\" \/>\n<meta property=\"og:image\" content=\"https:\/\/la-cortigiana.it\/wp-content\/uploads\/2025\/04\/IMG_2835.jpg\" \/>\n\t<meta property=\"og:image:width\" content=\"720\" \/>\n\t<meta property=\"og:image:height\" content=\"1280\" \/>\n\t<meta property=\"og:image:type\" content=\"image\/jpeg\" \/>\n<meta name=\"twitter:card\" content=\"summary_large_image\" \/>\n<meta name=\"twitter:site\" content=\"@la_cortigianait\" \/>\n<meta name=\"twitter:label1\" content=\"Dur\u00e9e de lecture estim\u00e9e\" \/>\n\t<meta name=\"twitter:data1\" content=\"1 minute\" \/>\n<script type=\"application\/ld+json\" class=\"yoast-schema-graph\">{\"@context\":\"https:\\\/\\\/schema.org\",\"@graph\":[{\"@type\":[\"WebPage\",\"ItemPage\"],\"@id\":\"https:\\\/\\\/la-cortigiana.it\\\/product\\\/bdsm-pendant-small\\\/\",\"url\":\"https:\\\/\\\/la-cortigiana.it\\\/product\\\/bdsm-pendant-small\\\/\",\"name\":\"BDSM Pendant small | Symbol Jewelry & Erotic Accessories \u2013 Handmade in Italy\",\"isPartOf\":{\"@id\":\"https:\\\/\\\/la-cortigiana.it\\\/#website\"},\"primaryImageOfPage\":{\"@id\":\"https:\\\/\\\/la-cortigiana.it\\\/product\\\/bdsm-pendant-small\\\/#primaryimage\"},\"image\":{\"@id\":\"https:\\\/\\\/la-cortigiana.it\\\/product\\\/bdsm-pendant-small\\\/#primaryimage\"},\"thumbnailUrl\":\"https:\\\/\\\/la-cortigiana.it\\\/wp-content\\\/uploads\\\/2025\\\/04\\\/IMG_2835.jpg\",\"datePublished\":\"2025-04-08T11:05:36+00:00\",\"dateModified\":\"2025-10-10T01:51:16+00:00\",\"description\":\"Indulge in BDSM Pendant small \u2013 handcrafted in Italy. Discreet symbol jewelry, erotic leather accessories and intimate pieces for hotwife, cuckold and lifestyle dynamics. Worldwide shipping.\",\"breadcrumb\":{\"@id\":\"https:\\\/\\\/la-cortigiana.it\\\/product\\\/bdsm-pendant-small\\\/#breadcrumb\"},\"inLanguage\":\"fr-FR\",\"potentialAction\":[{\"@type\":\"ReadAction\",\"target\":[\"https:\\\/\\\/la-cortigiana.it\\\/product\\\/bdsm-pendant-small\\\/\"]}]},{\"@type\":\"ImageObject\",\"inLanguage\":\"fr-FR\",\"@id\":\"https:\\\/\\\/la-cortigiana.it\\\/product\\\/bdsm-pendant-small\\\/#primaryimage\",\"url\":\"https:\\\/\\\/la-cortigiana.it\\\/wp-content\\\/uploads\\\/2025\\\/04\\\/IMG_2835.jpg\",\"contentUrl\":\"https:\\\/\\\/la-cortigiana.it\\\/wp-content\\\/uploads\\\/2025\\\/04\\\/IMG_2835.jpg\",\"width\":720,\"height\":1280},{\"@type\":\"BreadcrumbList\",\"@id\":\"https:\\\/\\\/la-cortigiana.it\\\/product\\\/bdsm-pendant-small\\\/#breadcrumb\",\"itemListElement\":[{\"@type\":\"ListItem\",\"position\":1,\"name\":\"Home\",\"item\":\"https:\\\/\\\/la-cortigiana.it\\\/\"},{\"@type\":\"ListItem\",\"position\":2,\"name\":\"Shop\",\"item\":\"https:\\\/\\\/la-cortigiana.it\\\/shop\\\/\"},{\"@type\":\"ListItem\",\"position\":3,\"name\":\"BDSM Pendant small\"}]},{\"@type\":\"WebSite\",\"@id\":\"https:\\\/\\\/la-cortigiana.it\\\/#website\",\"url\":\"https:\\\/\\\/la-cortigiana.it\\\/\",\"name\":\"La Cortigiana | Discreet Symbol Jewelry & Erotic Leather, Handmade in Italy\",\"description\":\"Quiet Marks of Chosen Desire\",\"publisher\":{\"@id\":\"https:\\\/\\\/la-cortigiana.it\\\/#organization\"},\"potentialAction\":[{\"@type\":\"SearchAction\",\"target\":{\"@type\":\"EntryPoint\",\"urlTemplate\":\"https:\\\/\\\/la-cortigiana.it\\\/?s={search_term_string}\"},\"query-input\":{\"@type\":\"PropertyValueSpecification\",\"valueRequired\":true,\"valueName\":\"search_term_string\"}}],\"inLanguage\":\"fr-FR\"},{\"@type\":\"Organization\",\"@id\":\"https:\\\/\\\/la-cortigiana.it\\\/#organization\",\"name\":\"La Cortigiana\",\"url\":\"https:\\\/\\\/la-cortigiana.it\\\/\",\"logo\":{\"@type\":\"ImageObject\",\"inLanguage\":\"fr-FR\",\"@id\":\"https:\\\/\\\/la-cortigiana.it\\\/#\\\/schema\\\/logo\\\/image\\\/\",\"url\":\"https:\\\/\\\/la-cortigiana.it\\\/wp-content\\\/uploads\\\/2025\\\/01\\\/La-Cortigiana.png\",\"contentUrl\":\"https:\\\/\\\/la-cortigiana.it\\\/wp-content\\\/uploads\\\/2025\\\/01\\\/La-Cortigiana.png\",\"width\":1646,\"height\":575,\"caption\":\"La Cortigiana\"},\"image\":{\"@id\":\"https:\\\/\\\/la-cortigiana.it\\\/#\\\/schema\\\/logo\\\/image\\\/\"},\"sameAs\":[\"https:\\\/\\\/www.facebook.com\\\/LaCortigiana\\\/\",\"https:\\\/\\\/x.com\\\/la_cortigianait\",\"https:\\\/\\\/www.instagram.com\\\/la_cortigiana.it\",\"https:\\\/\\\/substack.com\\\/@lacortigiana\"]}]}<\/script>\n<!-- \/ Yoast SEO Premium plugin. -->","yoast_head_json":{"title":"Petit pendentif BDSM | Bijoux symboliques et accessoires \u00e9rotiques \u2013 Fait main en Italie","description":"Laissez-vous tenter par ce petit pendentif BDSM, fabriqu\u00e9 artisanalement en Italie. Bijoux symboliques discrets, accessoires \u00e9rotiques en cuir et pi\u00e8ces intimes pour les adeptes du hotwife, du cuckolding et des dynamiques de vie. Livraison internationale.","robots":{"index":"index","follow":"follow","max-snippet":"max-snippet:-1","max-image-preview":"max-image-preview:large","max-video-preview":"max-video-preview:-1"},"canonical":"https:\/\/la-cortigiana.it\/fr\/produit\/bdsm-pendant-small\/","og_locale":"fr_FR","og_type":"article","og_title":"BDSM Pendant small | La Cortigiana \u2013 Handcrafted in Italy","og_description":"Luxury handcrafted lingerie & accessories from Italy. Sheer, sensual, made for bold desires. Discreet worldwide delivery.","og_url":"https:\/\/la-cortigiana.it\/fr\/produit\/bdsm-pendant-small\/","article_publisher":"https:\/\/www.facebook.com\/LaCortigiana\/","article_modified_time":"2025-10-10T01:51:16+00:00","og_image":[{"width":720,"height":1280,"url":"https:\/\/la-cortigiana.it\/wp-content\/uploads\/2025\/04\/IMG_2835.jpg","type":"image\/jpeg"}],"twitter_card":"summary_large_image","twitter_site":"@la_cortigianait","twitter_misc":{"Dur\u00e9e de lecture estim\u00e9e":"1 minute"},"schema":{"@context":"https:\/\/schema.org","@graph":[{"@type":["WebPage","ItemPage"],"@id":"https:\/\/la-cortigiana.it\/product\/bdsm-pendant-small\/","url":"https:\/\/la-cortigiana.it\/product\/bdsm-pendant-small\/","name":"Petit pendentif BDSM | Bijoux symboliques et accessoires \u00e9rotiques \u2013 Fait main en Italie","isPartOf":{"@id":"https:\/\/la-cortigiana.it\/#website"},"primaryImageOfPage":{"@id":"https:\/\/la-cortigiana.it\/product\/bdsm-pendant-small\/#primaryimage"},"image":{"@id":"https:\/\/la-cortigiana.it\/product\/bdsm-pendant-small\/#primaryimage"},"thumbnailUrl":"https:\/\/la-cortigiana.it\/wp-content\/uploads\/2025\/04\/IMG_2835.jpg","datePublished":"2025-04-08T11:05:36+00:00","dateModified":"2025-10-10T01:51:16+00:00","description":"Laissez-vous tenter par ce petit pendentif BDSM, fabriqu\u00e9 artisanalement en Italie. Bijoux symboliques discrets, accessoires \u00e9rotiques en cuir et pi\u00e8ces intimes pour les adeptes du hotwife, du cuckolding et des dynamiques de vie. Livraison internationale.","breadcrumb":{"@id":"https:\/\/la-cortigiana.it\/product\/bdsm-pendant-small\/#breadcrumb"},"inLanguage":"fr-FR","potentialAction":[{"@type":"ReadAction","target":["https:\/\/la-cortigiana.it\/product\/bdsm-pendant-small\/"]}]},{"@type":"ImageObject","inLanguage":"fr-FR","@id":"https:\/\/la-cortigiana.it\/product\/bdsm-pendant-small\/#primaryimage","url":"https:\/\/la-cortigiana.it\/wp-content\/uploads\/2025\/04\/IMG_2835.jpg","contentUrl":"https:\/\/la-cortigiana.it\/wp-content\/uploads\/2025\/04\/IMG_2835.jpg","width":720,"height":1280},{"@type":"BreadcrumbList","@id":"https:\/\/la-cortigiana.it\/product\/bdsm-pendant-small\/#breadcrumb","itemListElement":[{"@type":"ListItem","position":1,"name":"Home","item":"https:\/\/la-cortigiana.it\/"},{"@type":"ListItem","position":2,"name":"Shop","item":"https:\/\/la-cortigiana.it\/shop\/"},{"@type":"ListItem","position":3,"name":"BDSM Pendant small"}]},{"@type":"WebSite","@id":"https:\/\/la-cortigiana.it\/#website","url":"https:\/\/la-cortigiana.it\/","name":"La Cortigiana | Bijoux discrets \u00e0 symboles et maroquinerie \u00e9rotique, fabriqu\u00e9s \u00e0 la main en Italie","description":"Marques discr\u00e8tes d&#039;un d\u00e9sir choisi","publisher":{"@id":"https:\/\/la-cortigiana.it\/#organization"},"potentialAction":[{"@type":"SearchAction","target":{"@type":"EntryPoint","urlTemplate":"https:\/\/la-cortigiana.it\/?s={search_term_string}"},"query-input":{"@type":"PropertyValueSpecification","valueRequired":true,"valueName":"search_term_string"}}],"inLanguage":"fr-FR"},{"@type":"Organization","@id":"https:\/\/la-cortigiana.it\/#organization","name":"La Cortigiana","url":"https:\/\/la-cortigiana.it\/","logo":{"@type":"ImageObject","inLanguage":"fr-FR","@id":"https:\/\/la-cortigiana.it\/#\/schema\/logo\/image\/","url":"https:\/\/la-cortigiana.it\/wp-content\/uploads\/2025\/01\/La-Cortigiana.png","contentUrl":"https:\/\/la-cortigiana.it\/wp-content\/uploads\/2025\/01\/La-Cortigiana.png","width":1646,"height":575,"caption":"La Cortigiana"},"image":{"@id":"https:\/\/la-cortigiana.it\/#\/schema\/logo\/image\/"},"sameAs":["https:\/\/www.facebook.com\/LaCortigiana\/","https:\/\/x.com\/la_cortigianait","https:\/\/www.instagram.com\/la_cortigiana.it","https:\/\/substack.com\/@lacortigiana"]}]}},"_links":{"self":[{"href":"https:\/\/la-cortigiana.it\/fr\/wp-json\/wp\/v2\/product\/1400","targetHints":{"allow":["GET"]}}],"collection":[{"href":"https:\/\/la-cortigiana.it\/fr\/wp-json\/wp\/v2\/product"}],"about":[{"href":"https:\/\/la-cortigiana.it\/fr\/wp-json\/wp\/v2\/types\/product"}],"replies":[{"embeddable":true,"href":"https:\/\/la-cortigiana.it\/fr\/wp-json\/wp\/v2\/comments?post=1400"}],"wp:featuredmedia":[{"embeddable":true,"href":"https:\/\/la-cortigiana.it\/fr\/wp-json\/wp\/v2\/media\/1401"}],"wp:attachment":[{"href":"https:\/\/la-cortigiana.it\/fr\/wp-json\/wp\/v2\/media?parent=1400"}],"wp:term":[{"taxonomy":"product_brand","embeddable":true,"href":"https:\/\/la-cortigiana.it\/fr\/wp-json\/wp\/v2\/product_brand?post=1400"},{"taxonomy":"product_cat","embeddable":true,"href":"https:\/\/la-cortigiana.it\/fr\/wp-json\/wp\/v2\/product_cat?post=1400"},{"taxonomy":"product_tag","embeddable":true,"href":"https:\/\/la-cortigiana.it\/fr\/wp-json\/wp\/v2\/product_tag?post=1400"}],"curies":[{"name":"wp","href":"https:\/\/api.w.org\/{rel}","templated":true}]}}