{"id":1402,"date":"2025-04-09T10:00:03","date_gmt":"2025-04-09T09:00:03","guid":{"rendered":"https:\/\/la-cortigiana.it\/?post_type=product&#038;p=1402"},"modified":"2025-10-10T02:51:16","modified_gmt":"2025-10-10T01:51:16","slug":"leather-handle-leash-with-metal-chain","status":"publish","type":"product","link":"https:\/\/la-cortigiana.it\/fr\/produit\/leather-handle-leash-with-metal-chain\/","title":{"rendered":"Laisse avec poign\u00e9e en cuir et cha\u00eene en m\u00e9tal"},"content":{"rendered":"<p class=\"\" data-start=\"482\" data-end=\"745\">\u2013 Poign\u00e9e en cuir italien de premi\u00e8re qualit\u00e9 (coup\u00e9e et rivet\u00e9e \u00e0 la main)<br data-start=\"553\" data-end=\"556\" \/>\u2013 Cha\u00eene en m\u00e9tal massif, finition polie<br data-start=\"592\" data-end=\"595\" \/>\u2013 Longueur totale : <strong data-start=\"611\" data-end=\"630\">60 cm \/ 23,5 pouces<\/strong><br data-start=\"630\" data-end=\"633\" \/>\u2013 Clip m\u00e9tallique s\u00e9curis\u00e9 pour colliers ou joints toriques<br data-start=\"675\" data-end=\"678\" \/>\u2013 Gravure discr\u00e8te en option sur le bracelet en cuir<\/p>\n<p class=\"\" data-start=\"747\" data-end=\"814\">Se marie parfaitement avec <strong data-start=\"768\" data-end=\"813\">Colliers, manchettes et ras-du-cou La Cortigiana<\/strong>.<\/p>\n<p class=\"\" data-start=\"816\" data-end=\"966\">Qu&#039;il soit utilis\u00e9 en public comme <strong data-start=\"844\" data-end=\"870\">d\u00e9claration de propri\u00e9t\u00e9<\/strong>, ou en priv\u00e9 dans le cadre d&#039;un <strong data-start=\"898\" data-end=\"913\">D\/s dynamique<\/strong>, cette laisse ajoute du poids \u2014 litt\u00e9ralement et \u00e9motionnellement.<\/p>\n<p class=\"\" data-start=\"968\" data-end=\"1007\">\ud83d\udce6 Exp\u00e9di\u00e9 discr\u00e8tement. Fabriqu\u00e9 \u00e0 la main en Italie.<\/p>","protected":false},"excerpt":{"rendered":"<p>Un symbole de puissance, de pr\u00e9sence et de confiance.<br data-start=\"260\" data-end=\"263\" \/>Ce <strong data-start=\"268\" data-end=\"282\">Laisse BDSM<\/strong> dispose d&#039;un <strong data-start=\"294\" data-end=\"324\">poign\u00e9e en cuir fabriqu\u00e9e \u00e0 la main<\/strong> associ\u00e9 \u00e0 un <strong data-start=\"339\" data-end=\"365\">cha\u00eene en m\u00e9tal robuste<\/strong>, con\u00e7u pour connecter, diriger ou suivre \u2014 dans le jeu ou dans le rituel.<\/p>","protected":false},"featured_media":1403,"comment_status":"open","ping_status":"closed","template":"","meta":{"nf_dc_page":"","googlesitekit_rrm_CAowrc_CDA:productID":""},"product_brand":[],"product_cat":[23],"product_tag":[],"class_list":{"0":"post-1402","1":"product","2":"type-product","3":"status-publish","4":"has-post-thumbnail","6":"product_cat-collars-handcuffs","8":"first","9":"instock","10":"shipping-taxable","11":"purchasable","12":"product-type-simple"},"yoast_head":"<!-- This site is optimized with the Yoast SEO Premium plugin v25.6 (Yoast SEO v27.4) - https:\/\/yoast.com\/product\/yoast-seo-premium-wordpress\/ -->\n<title>Leather Handle Leash with Metal Chain | Symbol Jewelry &amp; Erotic Accessories \u2013 Handmade in Italy<\/title>\n<meta name=\"description\" content=\"Indulge in Leather Handle Leash with Metal Chain \u2013 handcrafted in Italy. Discreet symbol jewelry, erotic leather accessories and intimate pieces for hotwife, cuckold and lifestyle dynamics. Worldwide shipping.\" \/>\n<meta name=\"robots\" content=\"index, follow, max-snippet:-1, max-image-preview:large, max-video-preview:-1\" \/>\n<link rel=\"canonical\" href=\"https:\/\/la-cortigiana.it\/fr\/produit\/leather-handle-leash-with-metal-chain\/\" \/>\n<meta property=\"og:locale\" content=\"fr_FR\" \/>\n<meta property=\"og:type\" content=\"article\" \/>\n<meta property=\"og:title\" content=\"Leather Handle Leash with Metal Chain | La Cortigiana \u2013 Handcrafted in Italy\" \/>\n<meta property=\"og:description\" content=\"Luxury handcrafted lingerie &amp; accessories from Italy. Sheer, sensual, made for bold desires. Discreet worldwide delivery.\" \/>\n<meta property=\"og:url\" content=\"https:\/\/la-cortigiana.it\/fr\/produit\/leather-handle-leash-with-metal-chain\/\" \/>\n<meta property=\"og:site_name\" content=\"La Cortigiana | Handcrafted Leather Accessories for Bold Desires\" \/>\n<meta property=\"article:publisher\" content=\"https:\/\/www.facebook.com\/LaCortigiana\/\" \/>\n<meta property=\"article:modified_time\" content=\"2025-10-10T01:51:16+00:00\" \/>\n<meta property=\"og:image\" content=\"https:\/\/la-cortigiana.it\/wp-content\/uploads\/2025\/04\/DSCF2002.jpg\" \/>\n\t<meta property=\"og:image:width\" content=\"1536\" \/>\n\t<meta property=\"og:image:height\" content=\"1920\" \/>\n\t<meta property=\"og:image:type\" content=\"image\/jpeg\" \/>\n<meta name=\"twitter:card\" content=\"summary_large_image\" \/>\n<meta name=\"twitter:site\" content=\"@la_cortigianait\" \/>\n<meta name=\"twitter:label1\" content=\"Dur\u00e9e de lecture estim\u00e9e\" \/>\n\t<meta name=\"twitter:data1\" content=\"1 minute\" \/>\n<script type=\"application\/ld+json\" class=\"yoast-schema-graph\">{\"@context\":\"https:\\\/\\\/schema.org\",\"@graph\":[{\"@type\":[\"WebPage\",\"ItemPage\"],\"@id\":\"https:\\\/\\\/la-cortigiana.it\\\/product\\\/leather-handle-leash-with-metal-chain\\\/\",\"url\":\"https:\\\/\\\/la-cortigiana.it\\\/product\\\/leather-handle-leash-with-metal-chain\\\/\",\"name\":\"Leather Handle Leash with Metal Chain | Symbol Jewelry & Erotic Accessories \u2013 Handmade in Italy\",\"isPartOf\":{\"@id\":\"https:\\\/\\\/la-cortigiana.it\\\/#website\"},\"primaryImageOfPage\":{\"@id\":\"https:\\\/\\\/la-cortigiana.it\\\/product\\\/leather-handle-leash-with-metal-chain\\\/#primaryimage\"},\"image\":{\"@id\":\"https:\\\/\\\/la-cortigiana.it\\\/product\\\/leather-handle-leash-with-metal-chain\\\/#primaryimage\"},\"thumbnailUrl\":\"https:\\\/\\\/la-cortigiana.it\\\/wp-content\\\/uploads\\\/2025\\\/04\\\/DSCF2002.jpg\",\"datePublished\":\"2025-04-09T09:00:03+00:00\",\"dateModified\":\"2025-10-10T01:51:16+00:00\",\"description\":\"Indulge in Leather Handle Leash with Metal Chain \u2013 handcrafted in Italy. Discreet symbol jewelry, erotic leather accessories and intimate pieces for hotwife, cuckold and lifestyle dynamics. Worldwide shipping.\",\"breadcrumb\":{\"@id\":\"https:\\\/\\\/la-cortigiana.it\\\/product\\\/leather-handle-leash-with-metal-chain\\\/#breadcrumb\"},\"inLanguage\":\"fr-FR\",\"potentialAction\":[{\"@type\":\"ReadAction\",\"target\":[\"https:\\\/\\\/la-cortigiana.it\\\/product\\\/leather-handle-leash-with-metal-chain\\\/\"]}]},{\"@type\":\"ImageObject\",\"inLanguage\":\"fr-FR\",\"@id\":\"https:\\\/\\\/la-cortigiana.it\\\/product\\\/leather-handle-leash-with-metal-chain\\\/#primaryimage\",\"url\":\"https:\\\/\\\/la-cortigiana.it\\\/wp-content\\\/uploads\\\/2025\\\/04\\\/DSCF2002.jpg\",\"contentUrl\":\"https:\\\/\\\/la-cortigiana.it\\\/wp-content\\\/uploads\\\/2025\\\/04\\\/DSCF2002.jpg\",\"width\":1536,\"height\":1920,\"caption\":\"Leather leash by La Cortigiana\"},{\"@type\":\"BreadcrumbList\",\"@id\":\"https:\\\/\\\/la-cortigiana.it\\\/product\\\/leather-handle-leash-with-metal-chain\\\/#breadcrumb\",\"itemListElement\":[{\"@type\":\"ListItem\",\"position\":1,\"name\":\"Home\",\"item\":\"https:\\\/\\\/la-cortigiana.it\\\/\"},{\"@type\":\"ListItem\",\"position\":2,\"name\":\"Shop\",\"item\":\"https:\\\/\\\/la-cortigiana.it\\\/shop\\\/\"},{\"@type\":\"ListItem\",\"position\":3,\"name\":\"Leather Handle Leash with Metal Chain\"}]},{\"@type\":\"WebSite\",\"@id\":\"https:\\\/\\\/la-cortigiana.it\\\/#website\",\"url\":\"https:\\\/\\\/la-cortigiana.it\\\/\",\"name\":\"La Cortigiana | Discreet Symbol Jewelry & Erotic Leather, Handmade in Italy\",\"description\":\"Quiet Marks of Chosen Desire\",\"publisher\":{\"@id\":\"https:\\\/\\\/la-cortigiana.it\\\/#organization\"},\"potentialAction\":[{\"@type\":\"SearchAction\",\"target\":{\"@type\":\"EntryPoint\",\"urlTemplate\":\"https:\\\/\\\/la-cortigiana.it\\\/?s={search_term_string}\"},\"query-input\":{\"@type\":\"PropertyValueSpecification\",\"valueRequired\":true,\"valueName\":\"search_term_string\"}}],\"inLanguage\":\"fr-FR\"},{\"@type\":\"Organization\",\"@id\":\"https:\\\/\\\/la-cortigiana.it\\\/#organization\",\"name\":\"La Cortigiana\",\"url\":\"https:\\\/\\\/la-cortigiana.it\\\/\",\"logo\":{\"@type\":\"ImageObject\",\"inLanguage\":\"fr-FR\",\"@id\":\"https:\\\/\\\/la-cortigiana.it\\\/#\\\/schema\\\/logo\\\/image\\\/\",\"url\":\"https:\\\/\\\/la-cortigiana.it\\\/wp-content\\\/uploads\\\/2025\\\/01\\\/La-Cortigiana.png\",\"contentUrl\":\"https:\\\/\\\/la-cortigiana.it\\\/wp-content\\\/uploads\\\/2025\\\/01\\\/La-Cortigiana.png\",\"width\":1646,\"height\":575,\"caption\":\"La Cortigiana\"},\"image\":{\"@id\":\"https:\\\/\\\/la-cortigiana.it\\\/#\\\/schema\\\/logo\\\/image\\\/\"},\"sameAs\":[\"https:\\\/\\\/www.facebook.com\\\/LaCortigiana\\\/\",\"https:\\\/\\\/x.com\\\/la_cortigianait\",\"https:\\\/\\\/www.instagram.com\\\/la_cortigiana.it\",\"https:\\\/\\\/substack.com\\\/@lacortigiana\"]}]}<\/script>\n<!-- \/ Yoast SEO Premium plugin. -->","yoast_head_json":{"title":"Laisse avec poign\u00e9e en cuir et cha\u00eene en m\u00e9tal | Bijoux symboliques et accessoires \u00e9rotiques \u2013 Fabriqu\u00e9s \u00e0 la main en Italie","description":"Laissez-vous tenter par cette laisse \u00e0 poign\u00e9e en cuir et cha\u00eene en m\u00e9tal, fabriqu\u00e9e artisanalement en Italie. Bijoux discrets et symboliques, accessoires \u00e9rotiques en cuir et pi\u00e8ces intimes pour les couples adeptes du hotwife, du cuckolding et des dynamiques de vie. Livraison internationale.","robots":{"index":"index","follow":"follow","max-snippet":"max-snippet:-1","max-image-preview":"max-image-preview:large","max-video-preview":"max-video-preview:-1"},"canonical":"https:\/\/la-cortigiana.it\/fr\/produit\/leather-handle-leash-with-metal-chain\/","og_locale":"fr_FR","og_type":"article","og_title":"Leather Handle Leash with Metal Chain | La Cortigiana \u2013 Handcrafted in Italy","og_description":"Luxury handcrafted lingerie & accessories from Italy. Sheer, sensual, made for bold desires. Discreet worldwide delivery.","og_url":"https:\/\/la-cortigiana.it\/fr\/produit\/leather-handle-leash-with-metal-chain\/","og_site_name":"La Cortigiana | Handcrafted Leather Accessories for Bold Desires","article_publisher":"https:\/\/www.facebook.com\/LaCortigiana\/","article_modified_time":"2025-10-10T01:51:16+00:00","og_image":[{"width":1536,"height":1920,"url":"https:\/\/la-cortigiana.it\/wp-content\/uploads\/2025\/04\/DSCF2002.jpg","type":"image\/jpeg"}],"twitter_card":"summary_large_image","twitter_site":"@la_cortigianait","twitter_misc":{"Dur\u00e9e de lecture estim\u00e9e":"1 minute"},"schema":{"@context":"https:\/\/schema.org","@graph":[{"@type":["WebPage","ItemPage"],"@id":"https:\/\/la-cortigiana.it\/product\/leather-handle-leash-with-metal-chain\/","url":"https:\/\/la-cortigiana.it\/product\/leather-handle-leash-with-metal-chain\/","name":"Laisse avec poign\u00e9e en cuir et cha\u00eene en m\u00e9tal | Bijoux symboliques et accessoires \u00e9rotiques \u2013 Fabriqu\u00e9s \u00e0 la main en Italie","isPartOf":{"@id":"https:\/\/la-cortigiana.it\/#website"},"primaryImageOfPage":{"@id":"https:\/\/la-cortigiana.it\/product\/leather-handle-leash-with-metal-chain\/#primaryimage"},"image":{"@id":"https:\/\/la-cortigiana.it\/product\/leather-handle-leash-with-metal-chain\/#primaryimage"},"thumbnailUrl":"https:\/\/la-cortigiana.it\/wp-content\/uploads\/2025\/04\/DSCF2002.jpg","datePublished":"2025-04-09T09:00:03+00:00","dateModified":"2025-10-10T01:51:16+00:00","description":"Laissez-vous tenter par cette laisse \u00e0 poign\u00e9e en cuir et cha\u00eene en m\u00e9tal, fabriqu\u00e9e artisanalement en Italie. Bijoux discrets et symboliques, accessoires \u00e9rotiques en cuir et pi\u00e8ces intimes pour les couples adeptes du hotwife, du cuckolding et des dynamiques de vie. Livraison internationale.","breadcrumb":{"@id":"https:\/\/la-cortigiana.it\/product\/leather-handle-leash-with-metal-chain\/#breadcrumb"},"inLanguage":"fr-FR","potentialAction":[{"@type":"ReadAction","target":["https:\/\/la-cortigiana.it\/product\/leather-handle-leash-with-metal-chain\/"]}]},{"@type":"ImageObject","inLanguage":"fr-FR","@id":"https:\/\/la-cortigiana.it\/product\/leather-handle-leash-with-metal-chain\/#primaryimage","url":"https:\/\/la-cortigiana.it\/wp-content\/uploads\/2025\/04\/DSCF2002.jpg","contentUrl":"https:\/\/la-cortigiana.it\/wp-content\/uploads\/2025\/04\/DSCF2002.jpg","width":1536,"height":1920,"caption":"Leather leash by La Cortigiana"},{"@type":"BreadcrumbList","@id":"https:\/\/la-cortigiana.it\/product\/leather-handle-leash-with-metal-chain\/#breadcrumb","itemListElement":[{"@type":"ListItem","position":1,"name":"Home","item":"https:\/\/la-cortigiana.it\/"},{"@type":"ListItem","position":2,"name":"Shop","item":"https:\/\/la-cortigiana.it\/shop\/"},{"@type":"ListItem","position":3,"name":"Leather Handle Leash with Metal Chain"}]},{"@type":"WebSite","@id":"https:\/\/la-cortigiana.it\/#website","url":"https:\/\/la-cortigiana.it\/","name":"La Cortigiana | Bijoux discrets \u00e0 symboles et maroquinerie \u00e9rotique, fabriqu\u00e9s \u00e0 la main en Italie","description":"Marques discr\u00e8tes d&#039;un d\u00e9sir choisi","publisher":{"@id":"https:\/\/la-cortigiana.it\/#organization"},"potentialAction":[{"@type":"SearchAction","target":{"@type":"EntryPoint","urlTemplate":"https:\/\/la-cortigiana.it\/?s={search_term_string}"},"query-input":{"@type":"PropertyValueSpecification","valueRequired":true,"valueName":"search_term_string"}}],"inLanguage":"fr-FR"},{"@type":"Organization","@id":"https:\/\/la-cortigiana.it\/#organization","name":"La Cortigiana","url":"https:\/\/la-cortigiana.it\/","logo":{"@type":"ImageObject","inLanguage":"fr-FR","@id":"https:\/\/la-cortigiana.it\/#\/schema\/logo\/image\/","url":"https:\/\/la-cortigiana.it\/wp-content\/uploads\/2025\/01\/La-Cortigiana.png","contentUrl":"https:\/\/la-cortigiana.it\/wp-content\/uploads\/2025\/01\/La-Cortigiana.png","width":1646,"height":575,"caption":"La Cortigiana"},"image":{"@id":"https:\/\/la-cortigiana.it\/#\/schema\/logo\/image\/"},"sameAs":["https:\/\/www.facebook.com\/LaCortigiana\/","https:\/\/x.com\/la_cortigianait","https:\/\/www.instagram.com\/la_cortigiana.it","https:\/\/substack.com\/@lacortigiana"]}]}},"_links":{"self":[{"href":"https:\/\/la-cortigiana.it\/fr\/wp-json\/wp\/v2\/product\/1402","targetHints":{"allow":["GET"]}}],"collection":[{"href":"https:\/\/la-cortigiana.it\/fr\/wp-json\/wp\/v2\/product"}],"about":[{"href":"https:\/\/la-cortigiana.it\/fr\/wp-json\/wp\/v2\/types\/product"}],"replies":[{"embeddable":true,"href":"https:\/\/la-cortigiana.it\/fr\/wp-json\/wp\/v2\/comments?post=1402"}],"wp:featuredmedia":[{"embeddable":true,"href":"https:\/\/la-cortigiana.it\/fr\/wp-json\/wp\/v2\/media\/1403"}],"wp:attachment":[{"href":"https:\/\/la-cortigiana.it\/fr\/wp-json\/wp\/v2\/media?parent=1402"}],"wp:term":[{"taxonomy":"product_brand","embeddable":true,"href":"https:\/\/la-cortigiana.it\/fr\/wp-json\/wp\/v2\/product_brand?post=1402"},{"taxonomy":"product_cat","embeddable":true,"href":"https:\/\/la-cortigiana.it\/fr\/wp-json\/wp\/v2\/product_cat?post=1402"},{"taxonomy":"product_tag","embeddable":true,"href":"https:\/\/la-cortigiana.it\/fr\/wp-json\/wp\/v2\/product_tag?post=1402"}],"curies":[{"name":"wp","href":"https:\/\/api.w.org\/{rel}","templated":true}]}}