{"id":1406,"date":"2025-04-09T10:15:50","date_gmt":"2025-04-09T09:15:50","guid":{"rendered":"https:\/\/la-cortigiana.it\/?post_type=product&#038;p=1406"},"modified":"2025-10-10T02:51:16","modified_gmt":"2025-10-10T01:51:16","slug":"baroque-pattern-leather-collar-with-heavy-metal-ring","status":"publish","type":"product","link":"https:\/\/la-cortigiana.it\/fr\/produit\/baroque-pattern-leather-collar-with-heavy-metal-ring\/","title":{"rendered":"Collier en cuir \u00e0 motif baroque avec anneau en m\u00e9tal lourd"},"content":{"rendered":"<p class=\"\" data-start=\"637\" data-end=\"974\">\u2013 Cuir italien structur\u00e9 avec gravure laser <strong data-start=\"704\" data-end=\"721\">motif baroque<\/strong><br data-start=\"721\" data-end=\"724\" \/>\u2013 Central <strong data-start=\"734\" data-end=\"754\">joint torique surdimensionn\u00e9<\/strong> (diam\u00e8tre : 5 cm \/ 2 po)<br data-start=\"778\" data-end=\"781\" \/>\u2013 Accent incurv\u00e9 \u00e9pais pour un poids visuel et tactile<br data-start=\"838\" data-end=\"841\" \/>\u2013 Gravure optionnelle sur la face int\u00e9rieure<\/p>\n<p class=\"\" data-start=\"976\" data-end=\"1110\">","protected":false},"excerpt":{"rendered":"<p class=\"\" data-start=\"182\" data-end=\"214\">L\u00e0 o\u00f9 la d\u00e9cadence rencontre la domination.<\/p>\n<p class=\"\" data-start=\"216\" data-end=\"492\">Ce gras <strong data-start=\"226\" data-end=\"258\">Tour de cou en cuir d&#039;inspiration BDSM<\/strong> est fabriqu\u00e9 \u00e0 partir de cuir tann\u00e9 v\u00e9g\u00e9tal \u00e9pais et structur\u00e9, <strong data-start=\"319\" data-end=\"370\">grav\u00e9 d&#039;un motif baroque italien orn\u00e9<\/strong>. En son centre, un <strong data-start=\"389\" data-end=\"422\">joint torique massif en m\u00e9tal poli<\/strong> devient l\u2019axe de l\u2019attention \u2014 symbolique, fonctionnel et incontournable.<\/p>\n<p class=\"\" data-start=\"494\" data-end=\"635\">Con\u00e7u comme une pi\u00e8ce de <strong data-start=\"517\" data-end=\"573\">v\u00eatements rituels, mode f\u00e9tichiste ou colliers c\u00e9r\u00e9moniels<\/strong>, ce tour de cou est un hommage au contr\u00f4le, \u00e0 l&#039;\u00e9l\u00e9gance et \u00e0 la pr\u00e9sence.<\/p>","protected":false},"featured_media":1407,"comment_status":"open","ping_status":"closed","template":"","meta":{"nf_dc_page":"","googlesitekit_rrm_CAowrc_CDA:productID":""},"product_brand":[],"product_cat":[23],"product_tag":[],"class_list":{"0":"post-1406","1":"product","2":"type-product","3":"status-publish","4":"has-post-thumbnail","6":"product_cat-collars-handcuffs","8":"first","9":"instock","10":"shipping-taxable","11":"purchasable","12":"product-type-simple"},"yoast_head":"<!-- This site is optimized with the Yoast SEO Premium plugin v25.6 (Yoast SEO v27.4) - https:\/\/yoast.com\/product\/yoast-seo-premium-wordpress\/ -->\n<title>Baroque Pattern Leather Collar with Heavy Metal Ring | Symbol Jewelry &amp; Erotic Accessories \u2013 Handmade in Italy<\/title>\n<meta name=\"description\" content=\"Indulge in Baroque Pattern Leather Collar with Heavy Metal Ring \u2013 handcrafted in Italy. Discreet symbol jewelry, erotic leather accessories and intimate pieces for hotwife, cuckold and lifestyle dynamics. Worldwide shipping.\" \/>\n<meta name=\"robots\" content=\"index, follow, max-snippet:-1, max-image-preview:large, max-video-preview:-1\" \/>\n<link rel=\"canonical\" href=\"https:\/\/la-cortigiana.it\/fr\/produit\/baroque-pattern-leather-collar-with-heavy-metal-ring\/\" \/>\n<meta property=\"og:locale\" content=\"fr_FR\" \/>\n<meta property=\"og:type\" content=\"article\" \/>\n<meta property=\"og:title\" content=\"Baroque Pattern Leather Collar with Heavy Metal Ring | La Cortigiana \u2013 Handcrafted in Italy\" \/>\n<meta property=\"og:description\" content=\"Luxury handcrafted lingerie &amp; accessories from Italy. Sheer, sensual, made for bold desires. Discreet worldwide delivery.\" \/>\n<meta property=\"og:url\" content=\"https:\/\/la-cortigiana.it\/fr\/produit\/baroque-pattern-leather-collar-with-heavy-metal-ring\/\" \/>\n<meta property=\"og:site_name\" content=\"La Cortigiana | Handcrafted Leather Accessories for Bold Desires\" \/>\n<meta property=\"article:publisher\" content=\"https:\/\/www.facebook.com\/LaCortigiana\/\" \/>\n<meta property=\"article:modified_time\" content=\"2025-10-10T01:51:16+00:00\" \/>\n<meta property=\"og:image\" content=\"https:\/\/la-cortigiana.it\/wp-content\/uploads\/2025\/04\/DSCF9393-2.jpg\" \/>\n\t<meta property=\"og:image:width\" content=\"1080\" \/>\n\t<meta property=\"og:image:height\" content=\"1920\" \/>\n\t<meta property=\"og:image:type\" content=\"image\/jpeg\" \/>\n<meta name=\"twitter:card\" content=\"summary_large_image\" \/>\n<meta name=\"twitter:site\" content=\"@la_cortigianait\" \/>\n<meta name=\"twitter:label1\" content=\"Dur\u00e9e de lecture estim\u00e9e\" \/>\n\t<meta name=\"twitter:data1\" content=\"1 minute\" \/>\n<script type=\"application\/ld+json\" class=\"yoast-schema-graph\">{\"@context\":\"https:\\\/\\\/schema.org\",\"@graph\":[{\"@type\":[\"WebPage\",\"ItemPage\"],\"@id\":\"https:\\\/\\\/la-cortigiana.it\\\/product\\\/baroque-pattern-leather-collar-with-heavy-metal-ring\\\/\",\"url\":\"https:\\\/\\\/la-cortigiana.it\\\/product\\\/baroque-pattern-leather-collar-with-heavy-metal-ring\\\/\",\"name\":\"Baroque Pattern Leather Collar with Heavy Metal Ring | Symbol Jewelry & Erotic Accessories \u2013 Handmade in Italy\",\"isPartOf\":{\"@id\":\"https:\\\/\\\/la-cortigiana.it\\\/#website\"},\"primaryImageOfPage\":{\"@id\":\"https:\\\/\\\/la-cortigiana.it\\\/product\\\/baroque-pattern-leather-collar-with-heavy-metal-ring\\\/#primaryimage\"},\"image\":{\"@id\":\"https:\\\/\\\/la-cortigiana.it\\\/product\\\/baroque-pattern-leather-collar-with-heavy-metal-ring\\\/#primaryimage\"},\"thumbnailUrl\":\"https:\\\/\\\/la-cortigiana.it\\\/wp-content\\\/uploads\\\/2025\\\/04\\\/DSCF9393-2.jpg\",\"datePublished\":\"2025-04-09T09:15:50+00:00\",\"dateModified\":\"2025-10-10T01:51:16+00:00\",\"description\":\"Indulge in Baroque Pattern Leather Collar with Heavy Metal Ring \u2013 handcrafted in Italy. Discreet symbol jewelry, erotic leather accessories and intimate pieces for hotwife, cuckold and lifestyle dynamics. Worldwide shipping.\",\"breadcrumb\":{\"@id\":\"https:\\\/\\\/la-cortigiana.it\\\/product\\\/baroque-pattern-leather-collar-with-heavy-metal-ring\\\/#breadcrumb\"},\"inLanguage\":\"fr-FR\",\"potentialAction\":[{\"@type\":\"ReadAction\",\"target\":[\"https:\\\/\\\/la-cortigiana.it\\\/product\\\/baroque-pattern-leather-collar-with-heavy-metal-ring\\\/\"]}]},{\"@type\":\"ImageObject\",\"inLanguage\":\"fr-FR\",\"@id\":\"https:\\\/\\\/la-cortigiana.it\\\/product\\\/baroque-pattern-leather-collar-with-heavy-metal-ring\\\/#primaryimage\",\"url\":\"https:\\\/\\\/la-cortigiana.it\\\/wp-content\\\/uploads\\\/2025\\\/04\\\/DSCF9393-2.jpg\",\"contentUrl\":\"https:\\\/\\\/la-cortigiana.it\\\/wp-content\\\/uploads\\\/2025\\\/04\\\/DSCF9393-2.jpg\",\"width\":1080,\"height\":1920,\"caption\":\"Leather choker by La Cortigiana\"},{\"@type\":\"BreadcrumbList\",\"@id\":\"https:\\\/\\\/la-cortigiana.it\\\/product\\\/baroque-pattern-leather-collar-with-heavy-metal-ring\\\/#breadcrumb\",\"itemListElement\":[{\"@type\":\"ListItem\",\"position\":1,\"name\":\"Home\",\"item\":\"https:\\\/\\\/la-cortigiana.it\\\/\"},{\"@type\":\"ListItem\",\"position\":2,\"name\":\"Shop\",\"item\":\"https:\\\/\\\/la-cortigiana.it\\\/shop\\\/\"},{\"@type\":\"ListItem\",\"position\":3,\"name\":\"Baroque Pattern Leather Collar with Heavy Metal Ring\"}]},{\"@type\":\"WebSite\",\"@id\":\"https:\\\/\\\/la-cortigiana.it\\\/#website\",\"url\":\"https:\\\/\\\/la-cortigiana.it\\\/\",\"name\":\"La Cortigiana | Discreet Symbol Jewelry & Erotic Leather, Handmade in Italy\",\"description\":\"Quiet Marks of Chosen Desire\",\"publisher\":{\"@id\":\"https:\\\/\\\/la-cortigiana.it\\\/#organization\"},\"potentialAction\":[{\"@type\":\"SearchAction\",\"target\":{\"@type\":\"EntryPoint\",\"urlTemplate\":\"https:\\\/\\\/la-cortigiana.it\\\/?s={search_term_string}\"},\"query-input\":{\"@type\":\"PropertyValueSpecification\",\"valueRequired\":true,\"valueName\":\"search_term_string\"}}],\"inLanguage\":\"fr-FR\"},{\"@type\":\"Organization\",\"@id\":\"https:\\\/\\\/la-cortigiana.it\\\/#organization\",\"name\":\"La Cortigiana\",\"url\":\"https:\\\/\\\/la-cortigiana.it\\\/\",\"logo\":{\"@type\":\"ImageObject\",\"inLanguage\":\"fr-FR\",\"@id\":\"https:\\\/\\\/la-cortigiana.it\\\/#\\\/schema\\\/logo\\\/image\\\/\",\"url\":\"https:\\\/\\\/la-cortigiana.it\\\/wp-content\\\/uploads\\\/2025\\\/01\\\/La-Cortigiana.png\",\"contentUrl\":\"https:\\\/\\\/la-cortigiana.it\\\/wp-content\\\/uploads\\\/2025\\\/01\\\/La-Cortigiana.png\",\"width\":1646,\"height\":575,\"caption\":\"La Cortigiana\"},\"image\":{\"@id\":\"https:\\\/\\\/la-cortigiana.it\\\/#\\\/schema\\\/logo\\\/image\\\/\"},\"sameAs\":[\"https:\\\/\\\/www.facebook.com\\\/LaCortigiana\\\/\",\"https:\\\/\\\/x.com\\\/la_cortigianait\",\"https:\\\/\\\/www.instagram.com\\\/la_cortigiana.it\",\"https:\\\/\\\/substack.com\\\/@lacortigiana\"]}]}<\/script>\n<!-- \/ Yoast SEO Premium plugin. -->","yoast_head_json":{"title":"Baroque Pattern Leather Collar with Heavy Metal Ring | Symbol Jewelry & Erotic Accessories \u2013 Handmade in Italy","description":"Indulge in Baroque Pattern Leather Collar with Heavy Metal Ring \u2013 handcrafted in Italy. Discreet symbol jewelry, erotic leather accessories and intimate pieces for hotwife, cuckold and lifestyle dynamics. Worldwide shipping.","robots":{"index":"index","follow":"follow","max-snippet":"max-snippet:-1","max-image-preview":"max-image-preview:large","max-video-preview":"max-video-preview:-1"},"canonical":"https:\/\/la-cortigiana.it\/fr\/produit\/baroque-pattern-leather-collar-with-heavy-metal-ring\/","og_locale":"fr_FR","og_type":"article","og_title":"Baroque Pattern Leather Collar with Heavy Metal Ring | La Cortigiana \u2013 Handcrafted in Italy","og_description":"Luxury handcrafted lingerie & accessories from Italy. Sheer, sensual, made for bold desires. Discreet worldwide delivery.","og_url":"https:\/\/la-cortigiana.it\/fr\/produit\/baroque-pattern-leather-collar-with-heavy-metal-ring\/","og_site_name":"La Cortigiana | Handcrafted Leather Accessories for Bold Desires","article_publisher":"https:\/\/www.facebook.com\/LaCortigiana\/","article_modified_time":"2025-10-10T01:51:16+00:00","og_image":[{"width":1080,"height":1920,"url":"https:\/\/la-cortigiana.it\/wp-content\/uploads\/2025\/04\/DSCF9393-2.jpg","type":"image\/jpeg"}],"twitter_card":"summary_large_image","twitter_site":"@la_cortigianait","twitter_misc":{"Dur\u00e9e de lecture estim\u00e9e":"1 minute"},"schema":{"@context":"https:\/\/schema.org","@graph":[{"@type":["WebPage","ItemPage"],"@id":"https:\/\/la-cortigiana.it\/product\/baroque-pattern-leather-collar-with-heavy-metal-ring\/","url":"https:\/\/la-cortigiana.it\/product\/baroque-pattern-leather-collar-with-heavy-metal-ring\/","name":"Baroque Pattern Leather Collar with Heavy Metal Ring | Symbol Jewelry & Erotic Accessories \u2013 Handmade in Italy","isPartOf":{"@id":"https:\/\/la-cortigiana.it\/#website"},"primaryImageOfPage":{"@id":"https:\/\/la-cortigiana.it\/product\/baroque-pattern-leather-collar-with-heavy-metal-ring\/#primaryimage"},"image":{"@id":"https:\/\/la-cortigiana.it\/product\/baroque-pattern-leather-collar-with-heavy-metal-ring\/#primaryimage"},"thumbnailUrl":"https:\/\/la-cortigiana.it\/wp-content\/uploads\/2025\/04\/DSCF9393-2.jpg","datePublished":"2025-04-09T09:15:50+00:00","dateModified":"2025-10-10T01:51:16+00:00","description":"Indulge in Baroque Pattern Leather Collar with Heavy Metal Ring \u2013 handcrafted in Italy. Discreet symbol jewelry, erotic leather accessories and intimate pieces for hotwife, cuckold and lifestyle dynamics. Worldwide shipping.","breadcrumb":{"@id":"https:\/\/la-cortigiana.it\/product\/baroque-pattern-leather-collar-with-heavy-metal-ring\/#breadcrumb"},"inLanguage":"fr-FR","potentialAction":[{"@type":"ReadAction","target":["https:\/\/la-cortigiana.it\/product\/baroque-pattern-leather-collar-with-heavy-metal-ring\/"]}]},{"@type":"ImageObject","inLanguage":"fr-FR","@id":"https:\/\/la-cortigiana.it\/product\/baroque-pattern-leather-collar-with-heavy-metal-ring\/#primaryimage","url":"https:\/\/la-cortigiana.it\/wp-content\/uploads\/2025\/04\/DSCF9393-2.jpg","contentUrl":"https:\/\/la-cortigiana.it\/wp-content\/uploads\/2025\/04\/DSCF9393-2.jpg","width":1080,"height":1920,"caption":"Leather choker by La Cortigiana"},{"@type":"BreadcrumbList","@id":"https:\/\/la-cortigiana.it\/product\/baroque-pattern-leather-collar-with-heavy-metal-ring\/#breadcrumb","itemListElement":[{"@type":"ListItem","position":1,"name":"Home","item":"https:\/\/la-cortigiana.it\/"},{"@type":"ListItem","position":2,"name":"Shop","item":"https:\/\/la-cortigiana.it\/shop\/"},{"@type":"ListItem","position":3,"name":"Baroque Pattern Leather Collar with Heavy Metal Ring"}]},{"@type":"WebSite","@id":"https:\/\/la-cortigiana.it\/#website","url":"https:\/\/la-cortigiana.it\/","name":"La Cortigiana | Bijoux discrets \u00e0 symboles et maroquinerie \u00e9rotique, fabriqu\u00e9s \u00e0 la main en Italie","description":"Marques discr\u00e8tes d&#039;un d\u00e9sir choisi","publisher":{"@id":"https:\/\/la-cortigiana.it\/#organization"},"potentialAction":[{"@type":"SearchAction","target":{"@type":"EntryPoint","urlTemplate":"https:\/\/la-cortigiana.it\/?s={search_term_string}"},"query-input":{"@type":"PropertyValueSpecification","valueRequired":true,"valueName":"search_term_string"}}],"inLanguage":"fr-FR"},{"@type":"Organization","@id":"https:\/\/la-cortigiana.it\/#organization","name":"La Cortigiana","url":"https:\/\/la-cortigiana.it\/","logo":{"@type":"ImageObject","inLanguage":"fr-FR","@id":"https:\/\/la-cortigiana.it\/#\/schema\/logo\/image\/","url":"https:\/\/la-cortigiana.it\/wp-content\/uploads\/2025\/01\/La-Cortigiana.png","contentUrl":"https:\/\/la-cortigiana.it\/wp-content\/uploads\/2025\/01\/La-Cortigiana.png","width":1646,"height":575,"caption":"La Cortigiana"},"image":{"@id":"https:\/\/la-cortigiana.it\/#\/schema\/logo\/image\/"},"sameAs":["https:\/\/www.facebook.com\/LaCortigiana\/","https:\/\/x.com\/la_cortigianait","https:\/\/www.instagram.com\/la_cortigiana.it","https:\/\/substack.com\/@lacortigiana"]}]}},"_links":{"self":[{"href":"https:\/\/la-cortigiana.it\/fr\/wp-json\/wp\/v2\/product\/1406","targetHints":{"allow":["GET"]}}],"collection":[{"href":"https:\/\/la-cortigiana.it\/fr\/wp-json\/wp\/v2\/product"}],"about":[{"href":"https:\/\/la-cortigiana.it\/fr\/wp-json\/wp\/v2\/types\/product"}],"replies":[{"embeddable":true,"href":"https:\/\/la-cortigiana.it\/fr\/wp-json\/wp\/v2\/comments?post=1406"}],"wp:featuredmedia":[{"embeddable":true,"href":"https:\/\/la-cortigiana.it\/fr\/wp-json\/wp\/v2\/media\/1407"}],"wp:attachment":[{"href":"https:\/\/la-cortigiana.it\/fr\/wp-json\/wp\/v2\/media?parent=1406"}],"wp:term":[{"taxonomy":"product_brand","embeddable":true,"href":"https:\/\/la-cortigiana.it\/fr\/wp-json\/wp\/v2\/product_brand?post=1406"},{"taxonomy":"product_cat","embeddable":true,"href":"https:\/\/la-cortigiana.it\/fr\/wp-json\/wp\/v2\/product_cat?post=1406"},{"taxonomy":"product_tag","embeddable":true,"href":"https:\/\/la-cortigiana.it\/fr\/wp-json\/wp\/v2\/product_tag?post=1406"}],"curies":[{"name":"wp","href":"https:\/\/api.w.org\/{rel}","templated":true}]}}