{"id":1491,"date":"2025-04-30T09:55:55","date_gmt":"2025-04-30T08:55:55","guid":{"rendered":"https:\/\/la-cortigiana.it\/?post_type=product&#038;p=1491"},"modified":"2025-12-23T10:39:52","modified_gmt":"2025-12-23T09:39:52","slug":"vixen-tag-hotwife-anklet-bracelet","status":"publish","type":"product","link":"https:\/\/la-cortigiana.it\/fr\/produit\/vixen-tag-hotwife-anklet-bracelet\/","title":{"rendered":"Bracelet discret \u00e0 symbole Hotwife"},"content":{"rendered":"<ul>\n<li data-start=\"2429\" data-end=\"2521\">\n<p data-start=\"2431\" data-end=\"2521\"><strong data-start=\"2431\" data-end=\"2440\">Taille:<\/strong> R\u00e9glable de 21 \u00e0 27 cm (8,3\u2033 \u00e0 10,6\u2033), convient aussi bien au poignet qu\u2019\u00e0 la cheville<\/p>\n<\/li>\n<li data-start=\"2522\" data-end=\"2555\">\n<p data-start=\"2524\" data-end=\"2555\"><strong data-start=\"2524\" data-end=\"2539\">Taille du charme :<\/strong> 12 mm (0,47\u2033)<\/p>\n<\/li>\n<li data-start=\"2556\" data-end=\"2623\">\n<p data-start=\"2558\" data-end=\"2623\"><strong data-start=\"2558\" data-end=\"2572\">Mat\u00e9riels:<\/strong> Cha\u00eene en acier inoxydable, breloque en bois de noyer naturel<\/p>\n<\/li>\n<li data-start=\"2624\" data-end=\"2678\">\n<p data-start=\"2626\" data-end=\"2678\"><strong data-start=\"2626\" data-end=\"2646\">Personnalisation:<\/strong> Une initiale grav\u00e9e (facultatif)<\/p>\n<\/li>\n<\/ul>\n<p data-start=\"1698\" data-end=\"1805\"><strong data-start=\"1698\" data-end=\"1711\">\u00c9tiquette de renarde<\/strong> est un bracelet-cheville discret con\u00e7u pour \u00eatre port\u00e9 ouvertement \u2013 tout en ayant une signification plus intime.<\/p>\n<p data-start=\"1807\" data-end=\"2029\">La cha\u00eene en acier inoxydable est orn\u00e9e d&#039;un pendentif en bois de noyer travaill\u00e9 \u00e0 la main, grav\u00e9 du symbole de la Vixen\u00a0: un c\u0153ur aux cornes discr\u00e8tes. Un signe subtil de d\u00e9sir, de consentement et d&#039;ouverture choisie.<\/p>\n<p data-start=\"2031\" data-end=\"2180\">Au centre du pendentif, une initiale peut \u00eatre grav\u00e9e.<br data-start=\"2092\" data-end=\"2095\" \/>\u00c7a peut \u00eatre \u00e0 elle. \u00c7a peut \u00eatre \u00e0 lui. Ou \u00e7a peut \u00eatre quelque chose que vous seuls comprenez.<\/p>\n<p data-start=\"2182\" data-end=\"2374\">Vixen Tag est souvent choisi par les hommes comme cadeau intime pour leur partenaire\u00a0: un bijou qu\u2019elle porte au quotidien, porteur d\u2019une signification qui se passe d\u2019explications. \u00c9l\u00e9gant, discret et r\u00e9fl\u00e9chi.<\/p>","protected":false},"excerpt":{"rendered":"<p data-start=\"1328\" data-end=\"1489\"><strong data-start=\"1328\" data-end=\"1489\">Bracelet ou bracelet de cheville discret en acier inoxydable avec un pendentif en bois de noyer grav\u00e9 du symbole Vixen.<br data-start=\"1430\" data-end=\"1433\" \/>Choisi par lui. Port\u00e9 par elle. Nul besoin d&#039;explication.<\/strong><\/p>\n<p data-start=\"1491\" data-end=\"1565\">Personnalisation optionnelle avec une initiale au centre du pendentif.<\/p>\n<p data-start=\"1567\" data-end=\"1643\">Taille ajustable avec cha\u00eenette d&#039;extension pour un ajustement confortable au poignet ou \u00e0 la cheville.<\/p>","protected":false},"featured_media":1492,"comment_status":"open","ping_status":"closed","template":"","meta":{"nf_dc_page":"","googlesitekit_rrm_CAowrc_CDA:productID":""},"product_brand":[],"product_cat":[24],"product_tag":[],"class_list":{"0":"post-1491","1":"product","2":"type-product","3":"status-publish","4":"has-post-thumbnail","6":"product_cat-bracelets","8":"first","9":"instock","10":"shipping-taxable","11":"purchasable","12":"product-type-simple"},"yoast_head":"<!-- This site is optimized with the Yoast SEO Premium plugin v25.6 (Yoast SEO v27.4) - https:\/\/yoast.com\/product\/yoast-seo-premium-wordpress\/ -->\n<title>Discreet Hotwife Symbol Bracelet | Symbol Jewelry &amp; Erotic Accessories \u2013 Handmade in Italy<\/title>\n<meta name=\"description\" content=\"Indulge in Discreet Hotwife Symbol Bracelet \u2013 handcrafted in Italy. Discreet symbol jewelry, erotic leather accessories and intimate pieces for hotwife, cuckold and lifestyle dynamics. Worldwide shipping.\" \/>\n<meta name=\"robots\" content=\"index, follow, max-snippet:-1, max-image-preview:large, max-video-preview:-1\" \/>\n<link rel=\"canonical\" href=\"https:\/\/la-cortigiana.it\/fr\/produit\/vixen-tag-hotwife-anklet-bracelet\/\" \/>\n<meta property=\"og:locale\" content=\"fr_FR\" \/>\n<meta property=\"og:type\" content=\"article\" \/>\n<meta property=\"og:title\" content=\"Discreet Hotwife Symbol Bracelet | La Cortigiana \u2013 Handcrafted in Italy\" \/>\n<meta property=\"og:description\" content=\"Luxury handcrafted lingerie &amp; accessories from Italy. Sheer, sensual, made for bold desires. Discreet worldwide delivery.\" \/>\n<meta property=\"og:url\" content=\"https:\/\/la-cortigiana.it\/fr\/produit\/vixen-tag-hotwife-anklet-bracelet\/\" \/>\n<meta property=\"og:site_name\" content=\"La Cortigiana | Handcrafted Leather Accessories for Bold Desires\" \/>\n<meta property=\"article:publisher\" content=\"https:\/\/www.facebook.com\/LaCortigiana\/\" \/>\n<meta property=\"article:modified_time\" content=\"2025-12-23T09:39:52+00:00\" \/>\n<meta property=\"og:image\" content=\"https:\/\/la-cortigiana.it\/wp-content\/uploads\/2025\/04\/DSCF3900.jpg\" \/>\n\t<meta property=\"og:image:width\" content=\"1600\" \/>\n\t<meta property=\"og:image:height\" content=\"2000\" \/>\n\t<meta property=\"og:image:type\" content=\"image\/jpeg\" \/>\n<meta name=\"twitter:card\" content=\"summary_large_image\" \/>\n<meta name=\"twitter:site\" content=\"@la_cortigianait\" \/>\n<meta name=\"twitter:label1\" content=\"Dur\u00e9e de lecture estim\u00e9e\" \/>\n\t<meta name=\"twitter:data1\" content=\"1 minute\" \/>\n<script type=\"application\/ld+json\" class=\"yoast-schema-graph\">{\"@context\":\"https:\\\/\\\/schema.org\",\"@graph\":[{\"@type\":[\"WebPage\",\"ItemPage\"],\"@id\":\"https:\\\/\\\/la-cortigiana.it\\\/nl\\\/product\\\/vixen-tag-hotwife-anklet-bracelet\\\/\",\"url\":\"https:\\\/\\\/la-cortigiana.it\\\/nl\\\/product\\\/vixen-tag-hotwife-anklet-bracelet\\\/\",\"name\":\"Discreet Hotwife Symbol Bracelet | Symbol Jewelry & Erotic Accessories \u2013 Handmade in Italy\",\"isPartOf\":{\"@id\":\"https:\\\/\\\/la-cortigiana.it\\\/#website\"},\"primaryImageOfPage\":{\"@id\":\"https:\\\/\\\/la-cortigiana.it\\\/nl\\\/product\\\/vixen-tag-hotwife-anklet-bracelet\\\/#primaryimage\"},\"image\":{\"@id\":\"https:\\\/\\\/la-cortigiana.it\\\/nl\\\/product\\\/vixen-tag-hotwife-anklet-bracelet\\\/#primaryimage\"},\"thumbnailUrl\":\"https:\\\/\\\/la-cortigiana.it\\\/wp-content\\\/uploads\\\/2025\\\/04\\\/DSCF3900.jpg\",\"datePublished\":\"2025-04-30T08:55:55+00:00\",\"dateModified\":\"2025-12-23T09:39:52+00:00\",\"description\":\"Indulge in Discreet Hotwife Symbol Bracelet \u2013 handcrafted in Italy. Discreet symbol jewelry, erotic leather accessories and intimate pieces for hotwife, cuckold and lifestyle dynamics. Worldwide shipping.\",\"breadcrumb\":{\"@id\":\"https:\\\/\\\/la-cortigiana.it\\\/nl\\\/product\\\/vixen-tag-hotwife-anklet-bracelet\\\/#breadcrumb\"},\"inLanguage\":\"fr-FR\",\"potentialAction\":[{\"@type\":\"ReadAction\",\"target\":[\"https:\\\/\\\/la-cortigiana.it\\\/nl\\\/product\\\/vixen-tag-hotwife-anklet-bracelet\\\/\"]}]},{\"@type\":\"ImageObject\",\"inLanguage\":\"fr-FR\",\"@id\":\"https:\\\/\\\/la-cortigiana.it\\\/nl\\\/product\\\/vixen-tag-hotwife-anklet-bracelet\\\/#primaryimage\",\"url\":\"https:\\\/\\\/la-cortigiana.it\\\/wp-content\\\/uploads\\\/2025\\\/04\\\/DSCF3900.jpg\",\"contentUrl\":\"https:\\\/\\\/la-cortigiana.it\\\/wp-content\\\/uploads\\\/2025\\\/04\\\/DSCF3900.jpg\",\"width\":1600,\"height\":2000,\"caption\":\"Vixen Tag \u2013 Custom Hotwife Anklet & Bracelet\"},{\"@type\":\"BreadcrumbList\",\"@id\":\"https:\\\/\\\/la-cortigiana.it\\\/nl\\\/product\\\/vixen-tag-hotwife-anklet-bracelet\\\/#breadcrumb\",\"itemListElement\":[{\"@type\":\"ListItem\",\"position\":1,\"name\":\"Home\",\"item\":\"https:\\\/\\\/la-cortigiana.it\\\/\"},{\"@type\":\"ListItem\",\"position\":2,\"name\":\"Shop\",\"item\":\"https:\\\/\\\/la-cortigiana.it\\\/shop\\\/\"},{\"@type\":\"ListItem\",\"position\":3,\"name\":\"Discreet Hotwife Symbol Bracelet\"}]},{\"@type\":\"WebSite\",\"@id\":\"https:\\\/\\\/la-cortigiana.it\\\/#website\",\"url\":\"https:\\\/\\\/la-cortigiana.it\\\/\",\"name\":\"La Cortigiana | Discreet Symbol Jewelry & Erotic Leather, Handmade in Italy\",\"description\":\"Quiet Marks of Chosen Desire\",\"publisher\":{\"@id\":\"https:\\\/\\\/la-cortigiana.it\\\/#organization\"},\"potentialAction\":[{\"@type\":\"SearchAction\",\"target\":{\"@type\":\"EntryPoint\",\"urlTemplate\":\"https:\\\/\\\/la-cortigiana.it\\\/?s={search_term_string}\"},\"query-input\":{\"@type\":\"PropertyValueSpecification\",\"valueRequired\":true,\"valueName\":\"search_term_string\"}}],\"inLanguage\":\"fr-FR\"},{\"@type\":\"Organization\",\"@id\":\"https:\\\/\\\/la-cortigiana.it\\\/#organization\",\"name\":\"La Cortigiana\",\"url\":\"https:\\\/\\\/la-cortigiana.it\\\/\",\"logo\":{\"@type\":\"ImageObject\",\"inLanguage\":\"fr-FR\",\"@id\":\"https:\\\/\\\/la-cortigiana.it\\\/#\\\/schema\\\/logo\\\/image\\\/\",\"url\":\"https:\\\/\\\/la-cortigiana.it\\\/wp-content\\\/uploads\\\/2025\\\/01\\\/La-Cortigiana.png\",\"contentUrl\":\"https:\\\/\\\/la-cortigiana.it\\\/wp-content\\\/uploads\\\/2025\\\/01\\\/La-Cortigiana.png\",\"width\":1646,\"height\":575,\"caption\":\"La Cortigiana\"},\"image\":{\"@id\":\"https:\\\/\\\/la-cortigiana.it\\\/#\\\/schema\\\/logo\\\/image\\\/\"},\"sameAs\":[\"https:\\\/\\\/www.facebook.com\\\/LaCortigiana\\\/\",\"https:\\\/\\\/x.com\\\/la_cortigianait\",\"https:\\\/\\\/www.instagram.com\\\/la_cortigiana.it\",\"https:\\\/\\\/substack.com\\\/@lacortigiana\"]}]}<\/script>\n<!-- \/ Yoast SEO Premium plugin. -->","yoast_head_json":{"title":"Discreet Hotwife Symbol Bracelet | Symbol Jewelry & Erotic Accessories \u2013 Handmade in Italy","description":"Indulge in Discreet Hotwife Symbol Bracelet \u2013 handcrafted in Italy. Discreet symbol jewelry, erotic leather accessories and intimate pieces for hotwife, cuckold and lifestyle dynamics. Worldwide shipping.","robots":{"index":"index","follow":"follow","max-snippet":"max-snippet:-1","max-image-preview":"max-image-preview:large","max-video-preview":"max-video-preview:-1"},"canonical":"https:\/\/la-cortigiana.it\/fr\/produit\/vixen-tag-hotwife-anklet-bracelet\/","og_locale":"fr_FR","og_type":"article","og_title":"Discreet Hotwife Symbol Bracelet | La Cortigiana \u2013 Handcrafted in Italy","og_description":"Luxury handcrafted lingerie & accessories from Italy. Sheer, sensual, made for bold desires. Discreet worldwide delivery.","og_url":"https:\/\/la-cortigiana.it\/fr\/produit\/vixen-tag-hotwife-anklet-bracelet\/","og_site_name":"La Cortigiana | Handcrafted Leather Accessories for Bold Desires","article_publisher":"https:\/\/www.facebook.com\/LaCortigiana\/","article_modified_time":"2025-12-23T09:39:52+00:00","og_image":[{"width":1600,"height":2000,"url":"https:\/\/la-cortigiana.it\/wp-content\/uploads\/2025\/04\/DSCF3900.jpg","type":"image\/jpeg"}],"twitter_card":"summary_large_image","twitter_site":"@la_cortigianait","twitter_misc":{"Dur\u00e9e de lecture estim\u00e9e":"1 minute"},"schema":{"@context":"https:\/\/schema.org","@graph":[{"@type":["WebPage","ItemPage"],"@id":"https:\/\/la-cortigiana.it\/nl\/product\/vixen-tag-hotwife-anklet-bracelet\/","url":"https:\/\/la-cortigiana.it\/nl\/product\/vixen-tag-hotwife-anklet-bracelet\/","name":"Discreet Hotwife Symbol Bracelet | Symbol Jewelry & Erotic Accessories \u2013 Handmade in Italy","isPartOf":{"@id":"https:\/\/la-cortigiana.it\/#website"},"primaryImageOfPage":{"@id":"https:\/\/la-cortigiana.it\/nl\/product\/vixen-tag-hotwife-anklet-bracelet\/#primaryimage"},"image":{"@id":"https:\/\/la-cortigiana.it\/nl\/product\/vixen-tag-hotwife-anklet-bracelet\/#primaryimage"},"thumbnailUrl":"https:\/\/la-cortigiana.it\/wp-content\/uploads\/2025\/04\/DSCF3900.jpg","datePublished":"2025-04-30T08:55:55+00:00","dateModified":"2025-12-23T09:39:52+00:00","description":"Indulge in Discreet Hotwife Symbol Bracelet \u2013 handcrafted in Italy. Discreet symbol jewelry, erotic leather accessories and intimate pieces for hotwife, cuckold and lifestyle dynamics. Worldwide shipping.","breadcrumb":{"@id":"https:\/\/la-cortigiana.it\/nl\/product\/vixen-tag-hotwife-anklet-bracelet\/#breadcrumb"},"inLanguage":"fr-FR","potentialAction":[{"@type":"ReadAction","target":["https:\/\/la-cortigiana.it\/nl\/product\/vixen-tag-hotwife-anklet-bracelet\/"]}]},{"@type":"ImageObject","inLanguage":"fr-FR","@id":"https:\/\/la-cortigiana.it\/nl\/product\/vixen-tag-hotwife-anklet-bracelet\/#primaryimage","url":"https:\/\/la-cortigiana.it\/wp-content\/uploads\/2025\/04\/DSCF3900.jpg","contentUrl":"https:\/\/la-cortigiana.it\/wp-content\/uploads\/2025\/04\/DSCF3900.jpg","width":1600,"height":2000,"caption":"Vixen Tag \u2013 Custom Hotwife Anklet & Bracelet"},{"@type":"BreadcrumbList","@id":"https:\/\/la-cortigiana.it\/nl\/product\/vixen-tag-hotwife-anklet-bracelet\/#breadcrumb","itemListElement":[{"@type":"ListItem","position":1,"name":"Home","item":"https:\/\/la-cortigiana.it\/"},{"@type":"ListItem","position":2,"name":"Shop","item":"https:\/\/la-cortigiana.it\/shop\/"},{"@type":"ListItem","position":3,"name":"Discreet Hotwife Symbol Bracelet"}]},{"@type":"WebSite","@id":"https:\/\/la-cortigiana.it\/#website","url":"https:\/\/la-cortigiana.it\/","name":"La Cortigiana | Bijoux discrets \u00e0 symboles et maroquinerie \u00e9rotique, fabriqu\u00e9s \u00e0 la main en Italie","description":"Marques discr\u00e8tes d&#039;un d\u00e9sir choisi","publisher":{"@id":"https:\/\/la-cortigiana.it\/#organization"},"potentialAction":[{"@type":"SearchAction","target":{"@type":"EntryPoint","urlTemplate":"https:\/\/la-cortigiana.it\/?s={search_term_string}"},"query-input":{"@type":"PropertyValueSpecification","valueRequired":true,"valueName":"search_term_string"}}],"inLanguage":"fr-FR"},{"@type":"Organization","@id":"https:\/\/la-cortigiana.it\/#organization","name":"La Cortigiana","url":"https:\/\/la-cortigiana.it\/","logo":{"@type":"ImageObject","inLanguage":"fr-FR","@id":"https:\/\/la-cortigiana.it\/#\/schema\/logo\/image\/","url":"https:\/\/la-cortigiana.it\/wp-content\/uploads\/2025\/01\/La-Cortigiana.png","contentUrl":"https:\/\/la-cortigiana.it\/wp-content\/uploads\/2025\/01\/La-Cortigiana.png","width":1646,"height":575,"caption":"La Cortigiana"},"image":{"@id":"https:\/\/la-cortigiana.it\/#\/schema\/logo\/image\/"},"sameAs":["https:\/\/www.facebook.com\/LaCortigiana\/","https:\/\/x.com\/la_cortigianait","https:\/\/www.instagram.com\/la_cortigiana.it","https:\/\/substack.com\/@lacortigiana"]}]}},"_links":{"self":[{"href":"https:\/\/la-cortigiana.it\/fr\/wp-json\/wp\/v2\/product\/1491","targetHints":{"allow":["GET"]}}],"collection":[{"href":"https:\/\/la-cortigiana.it\/fr\/wp-json\/wp\/v2\/product"}],"about":[{"href":"https:\/\/la-cortigiana.it\/fr\/wp-json\/wp\/v2\/types\/product"}],"replies":[{"embeddable":true,"href":"https:\/\/la-cortigiana.it\/fr\/wp-json\/wp\/v2\/comments?post=1491"}],"wp:featuredmedia":[{"embeddable":true,"href":"https:\/\/la-cortigiana.it\/fr\/wp-json\/wp\/v2\/media\/1492"}],"wp:attachment":[{"href":"https:\/\/la-cortigiana.it\/fr\/wp-json\/wp\/v2\/media?parent=1491"}],"wp:term":[{"taxonomy":"product_brand","embeddable":true,"href":"https:\/\/la-cortigiana.it\/fr\/wp-json\/wp\/v2\/product_brand?post=1491"},{"taxonomy":"product_cat","embeddable":true,"href":"https:\/\/la-cortigiana.it\/fr\/wp-json\/wp\/v2\/product_cat?post=1491"},{"taxonomy":"product_tag","embeddable":true,"href":"https:\/\/la-cortigiana.it\/fr\/wp-json\/wp\/v2\/product_tag?post=1491"}],"curies":[{"name":"wp","href":"https:\/\/api.w.org\/{rel}","templated":true}]}}