{"id":1505,"date":"2025-05-04T09:00:50","date_gmt":"2025-05-04T08:00:50","guid":{"rendered":"https:\/\/la-cortigiana.it\/?post_type=product&#038;p=1505"},"modified":"2026-01-13T18:13:56","modified_gmt":"2026-01-13T17:13:56","slug":"invisible-panties","status":"publish","type":"product","link":"https:\/\/la-cortigiana.it\/fr\/produit\/invisible-panties\/","title":{"rendered":"Culottes invisibles en r\u00e9sille \u201c\u00a0Poss\u00e9d\u00e9es\u00a0\u201d"},"content":{"rendered":"<table class=\"w-fit min-w-(--thread-content-width)\" data-start=\"69\" data-end=\"601\">\n<thead data-start=\"69\" data-end=\"132\">\n<tr data-start=\"69\" data-end=\"132\">\n<th data-start=\"69\" data-end=\"76\" data-col-size=\"sm\">Taille<\/th>\n<th data-start=\"76\" data-end=\"89\" data-col-size=\"sm\">Tour de taille (cm)<\/th>\n<th data-start=\"89\" data-end=\"104\" data-col-size=\"sm\">Tour de taille (po)<\/th>\n<th data-start=\"104\" data-end=\"116\" data-col-size=\"sm\">Hanches (cm)<\/th>\n<th data-start=\"116\" data-end=\"132\" data-col-size=\"sm\">Hanches (po)<\/th>\n<\/tr>\n<\/thead>\n<tbody data-start=\"200\" data-end=\"601\">\n<tr data-start=\"200\" data-end=\"266\">\n<td data-start=\"200\" data-end=\"207\" data-col-size=\"sm\">XS<\/td>\n<td data-start=\"207\" data-end=\"221\" data-col-size=\"sm\">62\u201366<\/td>\n<td data-col-size=\"sm\" data-start=\"221\" data-end=\"236\">24,5\u201326<\/td>\n<td data-col-size=\"sm\" data-start=\"236\" data-end=\"249\">86\u201390<\/td>\n<td data-col-size=\"sm\" data-start=\"249\" data-end=\"266\">33,5\u201335,5<\/td>\n<\/tr>\n<tr data-start=\"267\" data-end=\"333\">\n<td data-start=\"267\" data-end=\"274\" data-col-size=\"sm\">S<\/td>\n<td data-col-size=\"sm\" data-start=\"274\" data-end=\"288\">66\u201370<\/td>\n<td data-col-size=\"sm\" data-start=\"288\" data-end=\"303\">26\u201327,5<\/td>\n<td data-col-size=\"sm\" data-start=\"303\" data-end=\"316\">90\u201394<\/td>\n<td data-col-size=\"sm\" data-start=\"316\" data-end=\"333\">35,5\u201337<\/td>\n<\/tr>\n<tr data-start=\"334\" data-end=\"400\">\n<td data-start=\"334\" data-end=\"341\" data-col-size=\"sm\">M<\/td>\n<td data-col-size=\"sm\" data-start=\"341\" data-end=\"355\">70\u201374<\/td>\n<td data-col-size=\"sm\" data-start=\"355\" data-end=\"370\">27,5\u201329<\/td>\n<td data-col-size=\"sm\" data-start=\"370\" data-end=\"383\">94\u201398<\/td>\n<td data-col-size=\"sm\" data-start=\"383\" data-end=\"400\">37\u201338,5<\/td>\n<\/tr>\n<tr data-start=\"401\" data-end=\"467\">\n<td data-start=\"401\" data-end=\"408\" data-col-size=\"sm\">L<\/td>\n<td data-start=\"408\" data-end=\"422\" data-col-size=\"sm\">74\u201378<\/td>\n<td data-col-size=\"sm\" data-start=\"422\" data-end=\"437\">29\u201330,5<\/td>\n<td data-col-size=\"sm\" data-start=\"437\" data-end=\"450\">98\u2013102<\/td>\n<td data-col-size=\"sm\" data-start=\"450\" data-end=\"467\">38,5\u201340<\/td>\n<\/tr>\n<tr data-start=\"468\" data-end=\"534\">\n<td data-start=\"468\" data-end=\"475\" data-col-size=\"sm\">XL<\/td>\n<td data-col-size=\"sm\" data-start=\"475\" data-end=\"489\">78\u201382<\/td>\n<td data-col-size=\"sm\" data-start=\"489\" data-end=\"504\">30,5\u201332<\/td>\n<td data-col-size=\"sm\" data-start=\"504\" data-end=\"517\">102\u2013106<\/td>\n<td data-col-size=\"sm\" data-start=\"517\" data-end=\"534\">40\u201341,5<\/td>\n<\/tr>\n<tr data-start=\"535\" data-end=\"601\">\n<td data-start=\"535\" data-end=\"542\" data-col-size=\"sm\">XXL<\/td>\n<td data-col-size=\"sm\" data-start=\"542\" data-end=\"556\">82\u201386<\/td>\n<td data-col-size=\"sm\" data-start=\"556\" data-end=\"571\">32\u201333,5<\/td>\n<td data-col-size=\"sm\" data-start=\"571\" data-end=\"584\">106\u2013110<\/td>\n<td data-col-size=\"sm\" data-start=\"584\" data-end=\"601\">41,5\u201343,5<\/td>\n<\/tr>\n<\/tbody>\n<\/table>\n<p data-start=\"676\" data-end=\"860\">Ces culottes transparentes sont fabriqu\u00e9es \u00e0 partir de <strong data-start=\"716\" data-end=\"734\">maille invisible<\/strong> \u2013 un tissu ultra-l\u00e9ger, presque imperceptible, qui dispara\u00eet sur le corps tout en restant doux, respirant et sensuel au toucher.<\/p>\n<p data-start=\"862\" data-end=\"1048\">Con\u00e7u <strong data-start=\"871\" data-end=\"891\">sans gousset<\/strong>, Elles proposent une ligne \u00e9ditoriale ininterrompue et provocatrice, privil\u00e9giant la vuln\u00e9rabilit\u00e9, la confiance et l&#039;intention plut\u00f4t que les conventions rassurantes. Chaque d\u00e9tail est d\u00e9lib\u00e9r\u00e9.<\/p>\n<p data-start=\"1050\" data-end=\"1263\">Le mot brod\u00e9 en rouge <strong data-start=\"1075\" data-end=\"1086\">\u201c Appartenant \u00e0 \u201d<\/strong> Elle est cousue directement sur le filet, flottant contre la peau comme une confession murmur\u00e9e. Ce n&#039;est pas un ornement, c&#039;est un message. Un message destin\u00e9 \u00e0 \u00eatre ressenti avant d&#039;\u00eatre compris.<\/p>\n<p data-start=\"1265\" data-end=\"1450\">Confectionn\u00e9es artisanalement avec soin, ces culottes sont cr\u00e9\u00e9es pour celles qui valorisent l&#039;intimit\u00e9, les dynamiques de pouvoir et un symbolisme \u00e9rotique raffin\u00e9.<br data-start=\"1389\" data-end=\"1392\" \/>Ils ne sont pas faits pour crier. Ils sont faits pour \u00eatre remarqu\u00e9s.<\/p>\n<h3 data-start=\"1452\" data-end=\"1463\">D\u00e9tails<\/h3>\n<ul data-start=\"1464\" data-end=\"1610\">\n<li data-start=\"1464\" data-end=\"1496\">\n<p data-start=\"1466\" data-end=\"1496\">Transparent <strong data-start=\"1478\" data-end=\"1496\">maille invisible<\/strong><\/p>\n<\/li>\n<li data-start=\"1497\" data-end=\"1508\">\n<p data-start=\"1499\" data-end=\"1508\">Sans gousset<\/p>\n<\/li>\n<li data-start=\"1509\" data-end=\"1538\">\n<p data-start=\"1511\" data-end=\"1538\">Broderie rouge : <strong data-start=\"1527\" data-end=\"1538\">\u201c Appartenant \u00e0 \u201d<\/strong><\/p>\n<\/li>\n<li data-start=\"1539\" data-end=\"1574\">\n<p data-start=\"1541\" data-end=\"1574\">L\u00e9ger, doux et respirant<\/p>\n<\/li>\n<li data-start=\"1575\" data-end=\"1610\">\n<p data-start=\"1577\" data-end=\"1610\">Fait main avec le souci du d\u00e9tail<\/p>\n<\/li>\n<\/ul>\n<p data-start=\"1612\" data-end=\"1680\">Con\u00e7u pour \u00eatre port\u00e9 pour soi-m\u00eame \u2013 ou pour quelqu&#039;un qui le sait d\u00e9j\u00e0.<\/p>","protected":false},"excerpt":{"rendered":"<p data-start=\"329\" data-end=\"630\">Culotte transparente et l\u00e9g\u00e8re, confectionn\u00e9e en maille invisible, con\u00e7ue pour une sensation presque irr\u00e9elle sur la peau.<br data-start=\"427\" data-end=\"430\" \/>Orn\u00e9e d&#039;une broderie rouge <strong data-start=\"462\" data-end=\"473\">\u201c Appartenant \u00e0 \u201d<\/strong> Orn\u00e9e d&#039;une inscription, cette culotte est une discr\u00e8te affirmation de d\u00e9sir, de contr\u00f4le et d&#039;intimit\u00e9.<br data-start=\"556\" data-end=\"559\" \/>Fabriqu\u00e9 \u00e0 la main avec pr\u00e9cision pour ceux qui comprennent le pouvoir de la subtilit\u00e9.<\/p>","protected":false},"featured_media":2242,"comment_status":"open","ping_status":"closed","template":"","meta":{"nf_dc_page":"","googlesitekit_rrm_CAowrc_CDA:productID":""},"product_brand":[],"product_cat":[62],"product_tag":[35,229,73],"class_list":{"0":"post-1505","1":"product","2":"type-product","3":"status-publish","4":"has-post-thumbnail","6":"product_cat-corsets-lingerie","7":"product_tag-hotwife","8":"product_tag-lingerie","9":"product_tag-panties","11":"first","12":"instock","13":"shipping-taxable","14":"purchasable","15":"product-type-simple"},"yoast_head":"<!-- This site is optimized with the Yoast SEO Premium plugin v25.6 (Yoast SEO v27.4) - https:\/\/yoast.com\/product\/yoast-seo-premium-wordpress\/ -->\n<title>Invisible Mesh Panties &quot;Owned&quot; | Symbol Jewelry &amp; Erotic Accessories \u2013 Handmade in Italy<\/title>\n<meta name=\"description\" content=\"Indulge in Invisible Mesh Panties &quot;Owned&quot; \u2013 handcrafted in Italy. Discreet symbol jewelry, erotic leather accessories and intimate pieces for hotwife, cuckold and lifestyle dynamics. Worldwide shipping.\" \/>\n<meta name=\"robots\" content=\"index, follow, max-snippet:-1, max-image-preview:large, max-video-preview:-1\" \/>\n<link rel=\"canonical\" href=\"https:\/\/la-cortigiana.it\/fr\/produit\/invisible-panties\/\" \/>\n<meta property=\"og:locale\" content=\"fr_FR\" \/>\n<meta property=\"og:type\" content=\"article\" \/>\n<meta property=\"og:title\" content=\"Invisible Mesh Panties &quot;Owned&quot; | La Cortigiana \u2013 Handcrafted in Italy\" \/>\n<meta property=\"og:description\" content=\"Luxury handcrafted lingerie &amp; accessories from Italy. Sheer, sensual, made for bold desires. Discreet worldwide delivery.\" \/>\n<meta property=\"og:url\" content=\"https:\/\/la-cortigiana.it\/fr\/produit\/invisible-panties\/\" \/>\n<meta property=\"og:site_name\" content=\"La Cortigiana | Handcrafted Leather Accessories for Bold Desires\" \/>\n<meta property=\"article:publisher\" content=\"https:\/\/www.facebook.com\/LaCortigiana\/\" \/>\n<meta property=\"article:modified_time\" content=\"2026-01-13T17:13:56+00:00\" \/>\n<meta property=\"og:image\" content=\"https:\/\/la-cortigiana.it\/wp-content\/uploads\/2025\/05\/owned_panties.jpg\" \/>\n\t<meta property=\"og:image:width\" content=\"1024\" \/>\n\t<meta property=\"og:image:height\" content=\"1024\" \/>\n\t<meta property=\"og:image:type\" content=\"image\/jpeg\" \/>\n<meta name=\"twitter:card\" content=\"summary_large_image\" \/>\n<meta name=\"twitter:site\" content=\"@la_cortigianait\" \/>\n<meta name=\"twitter:label1\" content=\"Dur\u00e9e de lecture estim\u00e9e\" \/>\n\t<meta name=\"twitter:data1\" content=\"2 minutes\" \/>\n<script type=\"application\/ld+json\" class=\"yoast-schema-graph\">{\"@context\":\"https:\\\/\\\/schema.org\",\"@graph\":[{\"@type\":[\"WebPage\",\"ItemPage\"],\"@id\":\"https:\\\/\\\/la-cortigiana.it\\\/product\\\/invisible-panties\\\/\",\"url\":\"https:\\\/\\\/la-cortigiana.it\\\/product\\\/invisible-panties\\\/\",\"name\":\"Invisible Mesh Panties \\\"Owned\\\" | Symbol Jewelry & Erotic Accessories \u2013 Handmade in Italy\",\"isPartOf\":{\"@id\":\"https:\\\/\\\/la-cortigiana.it\\\/#website\"},\"primaryImageOfPage\":{\"@id\":\"https:\\\/\\\/la-cortigiana.it\\\/product\\\/invisible-panties\\\/#primaryimage\"},\"image\":{\"@id\":\"https:\\\/\\\/la-cortigiana.it\\\/product\\\/invisible-panties\\\/#primaryimage\"},\"thumbnailUrl\":\"https:\\\/\\\/la-cortigiana.it\\\/wp-content\\\/uploads\\\/2025\\\/05\\\/owned_panties.jpg\",\"datePublished\":\"2025-05-04T08:00:50+00:00\",\"dateModified\":\"2026-01-13T17:13:56+00:00\",\"description\":\"Indulge in Invisible Mesh Panties \\\"Owned\\\" \u2013 handcrafted in Italy. Discreet symbol jewelry, erotic leather accessories and intimate pieces for hotwife, cuckold and lifestyle dynamics. Worldwide shipping.\",\"breadcrumb\":{\"@id\":\"https:\\\/\\\/la-cortigiana.it\\\/product\\\/invisible-panties\\\/#breadcrumb\"},\"inLanguage\":\"fr-FR\",\"potentialAction\":[{\"@type\":\"ReadAction\",\"target\":[\"https:\\\/\\\/la-cortigiana.it\\\/product\\\/invisible-panties\\\/\"]}]},{\"@type\":\"ImageObject\",\"inLanguage\":\"fr-FR\",\"@id\":\"https:\\\/\\\/la-cortigiana.it\\\/product\\\/invisible-panties\\\/#primaryimage\",\"url\":\"https:\\\/\\\/la-cortigiana.it\\\/wp-content\\\/uploads\\\/2025\\\/05\\\/owned_panties.jpg\",\"contentUrl\":\"https:\\\/\\\/la-cortigiana.it\\\/wp-content\\\/uploads\\\/2025\\\/05\\\/owned_panties.jpg\",\"width\":1024,\"height\":1024,\"caption\":\"Owned Sheer mesh panties\"},{\"@type\":\"BreadcrumbList\",\"@id\":\"https:\\\/\\\/la-cortigiana.it\\\/product\\\/invisible-panties\\\/#breadcrumb\",\"itemListElement\":[{\"@type\":\"ListItem\",\"position\":1,\"name\":\"Home\",\"item\":\"https:\\\/\\\/la-cortigiana.it\\\/\"},{\"@type\":\"ListItem\",\"position\":2,\"name\":\"Shop\",\"item\":\"https:\\\/\\\/la-cortigiana.it\\\/shop\\\/\"},{\"@type\":\"ListItem\",\"position\":3,\"name\":\"Invisible Mesh Panties &#8220;Owned&#8221;\"}]},{\"@type\":\"WebSite\",\"@id\":\"https:\\\/\\\/la-cortigiana.it\\\/#website\",\"url\":\"https:\\\/\\\/la-cortigiana.it\\\/\",\"name\":\"La Cortigiana | Discreet Symbol Jewelry & Erotic Leather, Handmade in Italy\",\"description\":\"Quiet Marks of Chosen Desire\",\"publisher\":{\"@id\":\"https:\\\/\\\/la-cortigiana.it\\\/#organization\"},\"potentialAction\":[{\"@type\":\"SearchAction\",\"target\":{\"@type\":\"EntryPoint\",\"urlTemplate\":\"https:\\\/\\\/la-cortigiana.it\\\/?s={search_term_string}\"},\"query-input\":{\"@type\":\"PropertyValueSpecification\",\"valueRequired\":true,\"valueName\":\"search_term_string\"}}],\"inLanguage\":\"fr-FR\"},{\"@type\":\"Organization\",\"@id\":\"https:\\\/\\\/la-cortigiana.it\\\/#organization\",\"name\":\"La Cortigiana\",\"url\":\"https:\\\/\\\/la-cortigiana.it\\\/\",\"logo\":{\"@type\":\"ImageObject\",\"inLanguage\":\"fr-FR\",\"@id\":\"https:\\\/\\\/la-cortigiana.it\\\/#\\\/schema\\\/logo\\\/image\\\/\",\"url\":\"https:\\\/\\\/la-cortigiana.it\\\/wp-content\\\/uploads\\\/2025\\\/01\\\/La-Cortigiana.png\",\"contentUrl\":\"https:\\\/\\\/la-cortigiana.it\\\/wp-content\\\/uploads\\\/2025\\\/01\\\/La-Cortigiana.png\",\"width\":1646,\"height\":575,\"caption\":\"La Cortigiana\"},\"image\":{\"@id\":\"https:\\\/\\\/la-cortigiana.it\\\/#\\\/schema\\\/logo\\\/image\\\/\"},\"sameAs\":[\"https:\\\/\\\/www.facebook.com\\\/LaCortigiana\\\/\",\"https:\\\/\\\/x.com\\\/la_cortigianait\",\"https:\\\/\\\/www.instagram.com\\\/la_cortigiana.it\",\"https:\\\/\\\/substack.com\\\/@lacortigiana\"]}]}<\/script>\n<!-- \/ Yoast SEO Premium plugin. -->","yoast_head_json":{"title":"Invisible Mesh Panties \"Owned\" | Symbol Jewelry & Erotic Accessories \u2013 Handmade in Italy","description":"Indulge in Invisible Mesh Panties \"Owned\" \u2013 handcrafted in Italy. Discreet symbol jewelry, erotic leather accessories and intimate pieces for hotwife, cuckold and lifestyle dynamics. Worldwide shipping.","robots":{"index":"index","follow":"follow","max-snippet":"max-snippet:-1","max-image-preview":"max-image-preview:large","max-video-preview":"max-video-preview:-1"},"canonical":"https:\/\/la-cortigiana.it\/fr\/produit\/invisible-panties\/","og_locale":"fr_FR","og_type":"article","og_title":"Invisible Mesh Panties \"Owned\" | La Cortigiana \u2013 Handcrafted in Italy","og_description":"Luxury handcrafted lingerie & accessories from Italy. Sheer, sensual, made for bold desires. Discreet worldwide delivery.","og_url":"https:\/\/la-cortigiana.it\/fr\/produit\/invisible-panties\/","og_site_name":"La Cortigiana | Handcrafted Leather Accessories for Bold Desires","article_publisher":"https:\/\/www.facebook.com\/LaCortigiana\/","article_modified_time":"2026-01-13T17:13:56+00:00","og_image":[{"width":1024,"height":1024,"url":"https:\/\/la-cortigiana.it\/wp-content\/uploads\/2025\/05\/owned_panties.jpg","type":"image\/jpeg"}],"twitter_card":"summary_large_image","twitter_site":"@la_cortigianait","twitter_misc":{"Dur\u00e9e de lecture estim\u00e9e":"2 minutes"},"schema":{"@context":"https:\/\/schema.org","@graph":[{"@type":["WebPage","ItemPage"],"@id":"https:\/\/la-cortigiana.it\/product\/invisible-panties\/","url":"https:\/\/la-cortigiana.it\/product\/invisible-panties\/","name":"Invisible Mesh Panties \"Owned\" | Symbol Jewelry & Erotic Accessories \u2013 Handmade in Italy","isPartOf":{"@id":"https:\/\/la-cortigiana.it\/#website"},"primaryImageOfPage":{"@id":"https:\/\/la-cortigiana.it\/product\/invisible-panties\/#primaryimage"},"image":{"@id":"https:\/\/la-cortigiana.it\/product\/invisible-panties\/#primaryimage"},"thumbnailUrl":"https:\/\/la-cortigiana.it\/wp-content\/uploads\/2025\/05\/owned_panties.jpg","datePublished":"2025-05-04T08:00:50+00:00","dateModified":"2026-01-13T17:13:56+00:00","description":"Indulge in Invisible Mesh Panties \"Owned\" \u2013 handcrafted in Italy. Discreet symbol jewelry, erotic leather accessories and intimate pieces for hotwife, cuckold and lifestyle dynamics. Worldwide shipping.","breadcrumb":{"@id":"https:\/\/la-cortigiana.it\/product\/invisible-panties\/#breadcrumb"},"inLanguage":"fr-FR","potentialAction":[{"@type":"ReadAction","target":["https:\/\/la-cortigiana.it\/product\/invisible-panties\/"]}]},{"@type":"ImageObject","inLanguage":"fr-FR","@id":"https:\/\/la-cortigiana.it\/product\/invisible-panties\/#primaryimage","url":"https:\/\/la-cortigiana.it\/wp-content\/uploads\/2025\/05\/owned_panties.jpg","contentUrl":"https:\/\/la-cortigiana.it\/wp-content\/uploads\/2025\/05\/owned_panties.jpg","width":1024,"height":1024,"caption":"Owned Sheer mesh panties"},{"@type":"BreadcrumbList","@id":"https:\/\/la-cortigiana.it\/product\/invisible-panties\/#breadcrumb","itemListElement":[{"@type":"ListItem","position":1,"name":"Home","item":"https:\/\/la-cortigiana.it\/"},{"@type":"ListItem","position":2,"name":"Shop","item":"https:\/\/la-cortigiana.it\/shop\/"},{"@type":"ListItem","position":3,"name":"Invisible Mesh Panties &#8220;Owned&#8221;"}]},{"@type":"WebSite","@id":"https:\/\/la-cortigiana.it\/#website","url":"https:\/\/la-cortigiana.it\/","name":"La Cortigiana | Bijoux discrets \u00e0 symboles et maroquinerie \u00e9rotique, fabriqu\u00e9s \u00e0 la main en Italie","description":"Marques discr\u00e8tes d&#039;un d\u00e9sir choisi","publisher":{"@id":"https:\/\/la-cortigiana.it\/#organization"},"potentialAction":[{"@type":"SearchAction","target":{"@type":"EntryPoint","urlTemplate":"https:\/\/la-cortigiana.it\/?s={search_term_string}"},"query-input":{"@type":"PropertyValueSpecification","valueRequired":true,"valueName":"search_term_string"}}],"inLanguage":"fr-FR"},{"@type":"Organization","@id":"https:\/\/la-cortigiana.it\/#organization","name":"La Cortigiana","url":"https:\/\/la-cortigiana.it\/","logo":{"@type":"ImageObject","inLanguage":"fr-FR","@id":"https:\/\/la-cortigiana.it\/#\/schema\/logo\/image\/","url":"https:\/\/la-cortigiana.it\/wp-content\/uploads\/2025\/01\/La-Cortigiana.png","contentUrl":"https:\/\/la-cortigiana.it\/wp-content\/uploads\/2025\/01\/La-Cortigiana.png","width":1646,"height":575,"caption":"La Cortigiana"},"image":{"@id":"https:\/\/la-cortigiana.it\/#\/schema\/logo\/image\/"},"sameAs":["https:\/\/www.facebook.com\/LaCortigiana\/","https:\/\/x.com\/la_cortigianait","https:\/\/www.instagram.com\/la_cortigiana.it","https:\/\/substack.com\/@lacortigiana"]}]}},"_links":{"self":[{"href":"https:\/\/la-cortigiana.it\/fr\/wp-json\/wp\/v2\/product\/1505","targetHints":{"allow":["GET"]}}],"collection":[{"href":"https:\/\/la-cortigiana.it\/fr\/wp-json\/wp\/v2\/product"}],"about":[{"href":"https:\/\/la-cortigiana.it\/fr\/wp-json\/wp\/v2\/types\/product"}],"replies":[{"embeddable":true,"href":"https:\/\/la-cortigiana.it\/fr\/wp-json\/wp\/v2\/comments?post=1505"}],"wp:featuredmedia":[{"embeddable":true,"href":"https:\/\/la-cortigiana.it\/fr\/wp-json\/wp\/v2\/media\/2242"}],"wp:attachment":[{"href":"https:\/\/la-cortigiana.it\/fr\/wp-json\/wp\/v2\/media?parent=1505"}],"wp:term":[{"taxonomy":"product_brand","embeddable":true,"href":"https:\/\/la-cortigiana.it\/fr\/wp-json\/wp\/v2\/product_brand?post=1505"},{"taxonomy":"product_cat","embeddable":true,"href":"https:\/\/la-cortigiana.it\/fr\/wp-json\/wp\/v2\/product_cat?post=1505"},{"taxonomy":"product_tag","embeddable":true,"href":"https:\/\/la-cortigiana.it\/fr\/wp-json\/wp\/v2\/product_tag?post=1505"}],"curies":[{"name":"wp","href":"https:\/\/api.w.org\/{rel}","templated":true}]}}