{"id":1740,"date":"2025-07-15T13:20:11","date_gmt":"2025-07-15T12:20:11","guid":{"rendered":"https:\/\/la-cortigiana.it\/?post_type=product&#038;p=1740"},"modified":"2025-12-25T18:01:18","modified_gmt":"2025-12-25T17:01:18","slug":"mirtessa-corset-feminine-power","status":"publish","type":"product","link":"https:\/\/la-cortigiana.it\/fr\/produit\/mirtessa-corset-feminine-power\/","title":{"rendered":"Corset Mirtessa \u2013 Le pouvoir f\u00e9minin"},"content":{"rendered":"<h3 class=\"\" data-start=\"1048\" data-end=\"1066\">\ud83d\udccc Points forts :<\/h3>\n<ul data-start=\"1068\" data-end=\"1270\">\n<li class=\"\" data-start=\"1068\" data-end=\"1109\">\n<p class=\"\" data-start=\"1070\" data-end=\"1109\">Serg\u00e9 de coton structur\u00e9 (pas de cuir)<\/p>\n<\/li>\n<li class=\"\" data-start=\"1110\" data-end=\"1157\">\n<p class=\"\" data-start=\"1112\" data-end=\"1157\">Baleines en acier et fermeture avant durable<\/p>\n<\/li>\n<li class=\"\" data-start=\"1158\" data-end=\"1191\">\n<p class=\"\" data-start=\"1160\" data-end=\"1191\">La\u00e7age au dos avec ruban de satin<\/p>\n<\/li>\n<li class=\"\" data-start=\"1192\" data-end=\"1242\">\n<p class=\"\" data-start=\"1194\" data-end=\"1242\">Id\u00e9al pour le style, l&#039;entra\u00eenement de la taille ou la superposition<\/p>\n<\/li>\n<li class=\"\" data-start=\"1243\" data-end=\"1270\">\n<p class=\"\" data-start=\"1245\" data-end=\"1270\">Tailles personnalis\u00e9es disponibles<\/p>\n<\/li>\n<\/ul>\n<ul>\n<li>\n<h3 class=\"\" data-start=\"928\" data-end=\"944\"><strong data-start=\"935\" data-end=\"944\">TAILLE:<\/strong><\/h3>\n<div class=\"overflow-x-auto contain-inline-size\">\n<table data-start=\"946\" data-end=\"1230\">\n<thead data-start=\"946\" data-end=\"987\">\n<tr data-start=\"946\" data-end=\"987\">\n<th data-start=\"946\" data-end=\"953\">Taille<\/th>\n<th data-start=\"953\" data-end=\"965\">Sous la poitrine<\/th>\n<th data-start=\"965\" data-end=\"973\">Taille<\/th>\n<th data-start=\"973\" data-end=\"987\">Hanche moyenne<\/th>\n<\/tr>\n<\/thead>\n<tbody data-start=\"1034\" data-end=\"1230\">\n<tr data-start=\"1034\" data-end=\"1073\">\n<td>XS<\/td>\n<td>68\u201372 cm<\/td>\n<td>60\u201364 cm<\/td>\n<td>75\u201379 cm<\/td>\n<\/tr>\n<tr data-start=\"1074\" data-end=\"1112\">\n<td>S<\/td>\n<td>73\u201377 cm<\/td>\n<td>65\u201369 cm<\/td>\n<td>80\u201384 cm<\/td>\n<\/tr>\n<tr data-start=\"1113\" data-end=\"1151\">\n<td>M<\/td>\n<td>78\u201382 cm<\/td>\n<td>70\u201374 cm<\/td>\n<td>85\u201389 cm<\/td>\n<\/tr>\n<tr data-start=\"1152\" data-end=\"1190\">\n<td>L<\/td>\n<td>83\u201387 cm<\/td>\n<td>75\u201379 cm<\/td>\n<td>90\u201394 cm<\/td>\n<\/tr>\n<tr data-start=\"1191\" data-end=\"1230\">\n<td>XL<\/td>\n<td>88\u201392 cm<\/td>\n<td>80\u201384 cm<\/td>\n<td>95\u201399 cm<\/td>\n<\/tr>\n<\/tbody>\n<\/table>\n<\/div>\n<hr class=\"\" data-start=\"1232\" data-end=\"1235\" \/>\n<h3 class=\"\" data-start=\"1237\" data-end=\"1272\">\u2702\ufe0f <strong data-start=\"1244\" data-end=\"1272\">Comment prendre des mesures<\/strong><\/h3>\n<p class=\"\" data-start=\"1274\" data-end=\"1336\">Pour s\u00e9lectionner la bonne taille, prenez ces trois mesures cl\u00e9s\u00a0:<\/p>\n<ul data-start=\"1338\" data-end=\"1563\">\n<li class=\"\" data-start=\"1338\" data-end=\"1398\">\n<p class=\"\" data-start=\"1340\" data-end=\"1398\"><strong data-start=\"1340\" data-end=\"1349\">Taille<\/strong> \u2013 Mesurez au niveau de la partie la plus \u00e9troite de votre torse.<\/p>\n<\/li>\n<li class=\"\" data-start=\"1399\" data-end=\"1481\">\n<p class=\"\" data-start=\"1401\" data-end=\"1481\"><strong data-start=\"1401\" data-end=\"1414\">Sous la poitrine<\/strong> \u2013 Mesurez directement sous votre poitrine, en gardant le ruban horizontal.<\/p>\n<\/li>\n<li class=\"\" data-start=\"1482\" data-end=\"1563\">\n<p class=\"\" data-start=\"1484\" data-end=\"1563\"><strong data-start=\"1484\" data-end=\"1498\">Hanche moyenne<\/strong> \u2013 Mesurez autour de vos hanches sup\u00e9rieures, environ 8 \u00e0 10 cm sous la taille.<\/p>\n<\/li>\n<\/ul>\n<p class=\"\" data-start=\"1565\" data-end=\"1597\"><strong data-start=\"1565\" data-end=\"1597\">Conseils pour une mesure pr\u00e9cise :<\/strong><\/p>\n<ul data-start=\"1598\" data-end=\"1734\">\n<li class=\"\" data-start=\"1598\" data-end=\"1646\">\n<p class=\"\" data-start=\"1600\" data-end=\"1646\">Mesurez sur des sous-v\u00eatements fins ou sur la peau nue.<\/p>\n<\/li>\n<li class=\"\" data-start=\"1647\" data-end=\"1681\">\n<p class=\"\" data-start=\"1649\" data-end=\"1681\">Maintenez le ruban bien ajust\u00e9, mais pas trop serr\u00e9.<\/p>\n<\/li>\n<li class=\"\" data-start=\"1682\" data-end=\"1734\">\n<p class=\"\" data-start=\"1684\" data-end=\"1734\">Tenez-vous droit, utilisez un miroir ou demandez de l\u2019aide.<\/p>\n<\/li>\n<\/ul>\n<hr class=\"\" data-start=\"1736\" data-end=\"1739\" \/>\n<h3 class=\"\" data-start=\"1741\" data-end=\"1764\">\ud83e\uddf5 <strong data-start=\"1748\" data-end=\"1764\">Taille personnalis\u00e9e :<\/strong><\/h3>\n<p class=\"\" data-start=\"1766\" data-end=\"1986\">Si vos mensurations s&#039;\u00e9tendent sur plusieurs tailles (par exemple, taille = S, milieu de hanche = L), nous proposons des ajustements sur mesure.<br data-start=\"1886\" data-end=\"1889\" \/>Envoyez-nous un message avant de commander et nous vous aiderons \u00e0 garantir l&#039;ajustement parfait pour votre corps et votre fantaisie.<\/p>\n<hr class=\"\" data-start=\"1988\" data-end=\"1991\" \/>\n<h3 class=\"\" data-start=\"1993\" data-end=\"2018\">\ud83d\udd01 <strong data-start=\"2000\" data-end=\"2018\">Politique de retour:<\/strong><\/h3>\n<p class=\"\" data-start=\"2020\" data-end=\"2095\">Chaque corset est fabriqu\u00e9 \u00e0 la main sur commande, nous ne pouvons donc pas accepter les retours ou les \u00e9changes.<\/p>\n<p class=\"\" data-start=\"2097\" data-end=\"2250\">Cela dit, si vous avez des doutes sur la taille ou la coupe, contactez-nous avant de passer commande. Nous sommes l\u00e0 pour vous guider et garantir que votre corset vous ira \u00e0 merveille.<\/p>\n<hr class=\"\" data-start=\"2252\" data-end=\"2255\" \/>\n<p class=\"\" data-start=\"2257\" data-end=\"2341\"><strong data-start=\"2257\" data-end=\"2339\">Merci de soutenir la mode lente, l&#039;artisanat et l&#039;expression intime.<\/strong><\/p>\n<\/li>\n<\/ul>","protected":false},"excerpt":{"rendered":"<p>Ce corset est inspir\u00e9 de Veronica Franco \u2013 courtisane, po\u00e8te et l\u2019une des femmes les plus puissantes et ind\u00e9pendantes de la Venise du XVIe si\u00e8cle.<\/p>\n<p>Elle a \u00e9crit sur le d\u00e9sir, d\u00e9fendu le droit des femmes \u00e0 s\u2019exprimer et laiss\u00e9 derri\u00e8re elle non seulement des mots, mais un h\u00e9ritage de force.<\/p>\n<p>Les courtisanes de la Renaissance n\u2019\u00e9taient pas seulement des s\u00e9ductrices.<\/p>\n<p>Ils \u00e9tudiaient la philosophie, \u00e9crivaient de la po\u00e9sie et collectionnaient l&#039;art classique. Leur passion pour la culture romaine antique faisait partie int\u00e9grante de leur identit\u00e9 \u2013 une fa\u00e7on de revendiquer un espace intellectuel, sensuel et \u00e9galitaire.<\/p>\n<p>Sur le corset est brod\u00e9e la t\u00eate d&#039;une statue antique, symbole de ce lien.<\/p>\n<p>Une figure f\u00e9minine hors du temps. Un rappel que le corps est aussi culture \u2013 et qu&#039;une femme peut \u00eatre \u00e0 la fois art et artiste.<\/p>\n<p>\u00c0 la surface\u00a0: une branche de myrte, consacr\u00e9e \u00e0 V\u00e9nus. Dans la Rome antique, le myrte symbolisait l&#039;amour, la f\u00e9minit\u00e9 et la libert\u00e9. Une marque discr\u00e8te, significative pour ceux qui savent.<\/p>\n<p>Et sur la doublure, la plus proche du corps, se trouvent des vers d&#039;un sonnet de 1575 de Veronica Franco :<\/p>\n<p>Anch&#039;io lo &#039;ncendio che mi strugge il seno,<\/p>\n<p>Semper pi\u00f9 bramerei che s&#039;augumentasse.<\/p>\n<p>Et moi aussi je souhaiterais que le feu qui br\u00fble ma poitrine<\/p>\n<p>Pour devenir encore plus fort.<\/p>\n<p>Des mots destin\u00e9s uniquement \u00e0 toi. Ou \u00e0 celui que tu choisis de laisser entrer.<\/p>","protected":false},"featured_media":2163,"comment_status":"open","ping_status":"closed","template":"","meta":{"nf_dc_page":"","googlesitekit_rrm_CAowrc_CDA:productID":""},"product_brand":[],"product_cat":[62],"product_tag":[230],"class_list":{"0":"post-1740","1":"product","2":"type-product","3":"status-publish","4":"has-post-thumbnail","6":"product_cat-corsets-lingerie","7":"product_tag-corsets","9":"first","10":"instock","11":"shipping-taxable","12":"purchasable","13":"product-type-simple"},"yoast_head":"<!-- This site is optimized with the Yoast SEO Premium plugin v25.6 (Yoast SEO v27.4) - https:\/\/yoast.com\/product\/yoast-seo-premium-wordpress\/ -->\n<title>Mirtessa Corset - Feminine Power | Symbol Jewelry &amp; Erotic Accessories \u2013 Handmade in Italy<\/title>\n<meta name=\"description\" content=\"Indulge in Mirtessa Corset - Feminine Power \u2013 handcrafted in Italy. Discreet symbol jewelry, erotic leather accessories and intimate pieces for hotwife, cuckold and lifestyle dynamics. Worldwide shipping.\" \/>\n<meta name=\"robots\" content=\"index, follow, max-snippet:-1, max-image-preview:large, max-video-preview:-1\" \/>\n<link rel=\"canonical\" href=\"https:\/\/la-cortigiana.it\/fr\/produit\/mirtessa-corset-feminine-power\/\" \/>\n<meta property=\"og:locale\" content=\"fr_FR\" \/>\n<meta property=\"og:type\" content=\"article\" \/>\n<meta property=\"og:title\" content=\"Mirtessa Corset - Feminine Power | La Cortigiana \u2013 Handcrafted in Italy\" \/>\n<meta property=\"og:description\" content=\"Luxury handcrafted lingerie &amp; accessories from Italy. Sheer, sensual, made for bold desires. Discreet worldwide delivery.\" \/>\n<meta property=\"og:url\" content=\"https:\/\/la-cortigiana.it\/fr\/produit\/mirtessa-corset-feminine-power\/\" \/>\n<meta property=\"og:site_name\" content=\"La Cortigiana | Handcrafted Leather Accessories for Bold Desires\" \/>\n<meta property=\"article:publisher\" content=\"https:\/\/www.facebook.com\/LaCortigiana\/\" \/>\n<meta property=\"article:modified_time\" content=\"2025-12-25T17:01:18+00:00\" \/>\n<meta property=\"og:image\" content=\"https:\/\/la-cortigiana.it\/wp-content\/uploads\/2025\/07\/484f5ca1-6340-40d5-aefb-be26da1f45ee-e1770154922751.jpg\" \/>\n\t<meta property=\"og:image:width\" content=\"1024\" \/>\n\t<meta property=\"og:image:height\" content=\"1283\" \/>\n\t<meta property=\"og:image:type\" content=\"image\/jpeg\" \/>\n<meta name=\"twitter:card\" content=\"summary_large_image\" \/>\n<meta name=\"twitter:site\" content=\"@la_cortigianait\" \/>\n<meta name=\"twitter:label1\" content=\"Dur\u00e9e de lecture estim\u00e9e\" \/>\n\t<meta name=\"twitter:data1\" content=\"2 minutes\" \/>\n<script type=\"application\/ld+json\" class=\"yoast-schema-graph\">{\"@context\":\"https:\\\/\\\/schema.org\",\"@graph\":[{\"@type\":[\"WebPage\",\"ItemPage\"],\"@id\":\"https:\\\/\\\/la-cortigiana.it\\\/product\\\/mirtessa-corset-feminine-power\\\/\",\"url\":\"https:\\\/\\\/la-cortigiana.it\\\/product\\\/mirtessa-corset-feminine-power\\\/\",\"name\":\"Mirtessa Corset - Feminine Power | Symbol Jewelry & Erotic Accessories \u2013 Handmade in Italy\",\"isPartOf\":{\"@id\":\"https:\\\/\\\/la-cortigiana.it\\\/#website\"},\"primaryImageOfPage\":{\"@id\":\"https:\\\/\\\/la-cortigiana.it\\\/product\\\/mirtessa-corset-feminine-power\\\/#primaryimage\"},\"image\":{\"@id\":\"https:\\\/\\\/la-cortigiana.it\\\/product\\\/mirtessa-corset-feminine-power\\\/#primaryimage\"},\"thumbnailUrl\":\"https:\\\/\\\/la-cortigiana.it\\\/wp-content\\\/uploads\\\/2025\\\/07\\\/484f5ca1-6340-40d5-aefb-be26da1f45ee-e1770154922751.jpg\",\"datePublished\":\"2025-07-15T12:20:11+00:00\",\"dateModified\":\"2025-12-25T17:01:18+00:00\",\"description\":\"Indulge in Mirtessa Corset - Feminine Power \u2013 handcrafted in Italy. Discreet symbol jewelry, erotic leather accessories and intimate pieces for hotwife, cuckold and lifestyle dynamics. Worldwide shipping.\",\"breadcrumb\":{\"@id\":\"https:\\\/\\\/la-cortigiana.it\\\/product\\\/mirtessa-corset-feminine-power\\\/#breadcrumb\"},\"inLanguage\":\"fr-FR\",\"potentialAction\":[{\"@type\":\"ReadAction\",\"target\":[\"https:\\\/\\\/la-cortigiana.it\\\/product\\\/mirtessa-corset-feminine-power\\\/\"]}]},{\"@type\":\"ImageObject\",\"inLanguage\":\"fr-FR\",\"@id\":\"https:\\\/\\\/la-cortigiana.it\\\/product\\\/mirtessa-corset-feminine-power\\\/#primaryimage\",\"url\":\"https:\\\/\\\/la-cortigiana.it\\\/wp-content\\\/uploads\\\/2025\\\/07\\\/484f5ca1-6340-40d5-aefb-be26da1f45ee-e1770154922751.jpg\",\"contentUrl\":\"https:\\\/\\\/la-cortigiana.it\\\/wp-content\\\/uploads\\\/2025\\\/07\\\/484f5ca1-6340-40d5-aefb-be26da1f45ee-e1770154922751.jpg\",\"width\":1024,\"height\":1283},{\"@type\":\"BreadcrumbList\",\"@id\":\"https:\\\/\\\/la-cortigiana.it\\\/product\\\/mirtessa-corset-feminine-power\\\/#breadcrumb\",\"itemListElement\":[{\"@type\":\"ListItem\",\"position\":1,\"name\":\"Home\",\"item\":\"https:\\\/\\\/la-cortigiana.it\\\/\"},{\"@type\":\"ListItem\",\"position\":2,\"name\":\"Shop\",\"item\":\"https:\\\/\\\/la-cortigiana.it\\\/shop\\\/\"},{\"@type\":\"ListItem\",\"position\":3,\"name\":\"Mirtessa Corset &#8211; Feminine Power\"}]},{\"@type\":\"WebSite\",\"@id\":\"https:\\\/\\\/la-cortigiana.it\\\/#website\",\"url\":\"https:\\\/\\\/la-cortigiana.it\\\/\",\"name\":\"La Cortigiana | Discreet Symbol Jewelry & Erotic Leather, Handmade in Italy\",\"description\":\"Quiet Marks of Chosen Desire\",\"publisher\":{\"@id\":\"https:\\\/\\\/la-cortigiana.it\\\/#organization\"},\"potentialAction\":[{\"@type\":\"SearchAction\",\"target\":{\"@type\":\"EntryPoint\",\"urlTemplate\":\"https:\\\/\\\/la-cortigiana.it\\\/?s={search_term_string}\"},\"query-input\":{\"@type\":\"PropertyValueSpecification\",\"valueRequired\":true,\"valueName\":\"search_term_string\"}}],\"inLanguage\":\"fr-FR\"},{\"@type\":\"Organization\",\"@id\":\"https:\\\/\\\/la-cortigiana.it\\\/#organization\",\"name\":\"La Cortigiana\",\"url\":\"https:\\\/\\\/la-cortigiana.it\\\/\",\"logo\":{\"@type\":\"ImageObject\",\"inLanguage\":\"fr-FR\",\"@id\":\"https:\\\/\\\/la-cortigiana.it\\\/#\\\/schema\\\/logo\\\/image\\\/\",\"url\":\"https:\\\/\\\/la-cortigiana.it\\\/wp-content\\\/uploads\\\/2025\\\/01\\\/La-Cortigiana.png\",\"contentUrl\":\"https:\\\/\\\/la-cortigiana.it\\\/wp-content\\\/uploads\\\/2025\\\/01\\\/La-Cortigiana.png\",\"width\":1646,\"height\":575,\"caption\":\"La Cortigiana\"},\"image\":{\"@id\":\"https:\\\/\\\/la-cortigiana.it\\\/#\\\/schema\\\/logo\\\/image\\\/\"},\"sameAs\":[\"https:\\\/\\\/www.facebook.com\\\/LaCortigiana\\\/\",\"https:\\\/\\\/x.com\\\/la_cortigianait\",\"https:\\\/\\\/www.instagram.com\\\/la_cortigiana.it\",\"https:\\\/\\\/substack.com\\\/@lacortigiana\"]}]}<\/script>\n<!-- \/ Yoast SEO Premium plugin. -->","yoast_head_json":{"title":"Mirtessa Corset - Feminine Power | Symbol Jewelry & Erotic Accessories \u2013 Handmade in Italy","description":"Indulge in Mirtessa Corset - Feminine Power \u2013 handcrafted in Italy. Discreet symbol jewelry, erotic leather accessories and intimate pieces for hotwife, cuckold and lifestyle dynamics. Worldwide shipping.","robots":{"index":"index","follow":"follow","max-snippet":"max-snippet:-1","max-image-preview":"max-image-preview:large","max-video-preview":"max-video-preview:-1"},"canonical":"https:\/\/la-cortigiana.it\/fr\/produit\/mirtessa-corset-feminine-power\/","og_locale":"fr_FR","og_type":"article","og_title":"Mirtessa Corset - Feminine Power | La Cortigiana \u2013 Handcrafted in Italy","og_description":"Luxury handcrafted lingerie & accessories from Italy. Sheer, sensual, made for bold desires. Discreet worldwide delivery.","og_url":"https:\/\/la-cortigiana.it\/fr\/produit\/mirtessa-corset-feminine-power\/","og_site_name":"La Cortigiana | Handcrafted Leather Accessories for Bold Desires","article_publisher":"https:\/\/www.facebook.com\/LaCortigiana\/","article_modified_time":"2025-12-25T17:01:18+00:00","og_image":[{"width":1024,"height":1283,"url":"https:\/\/la-cortigiana.it\/wp-content\/uploads\/2025\/07\/484f5ca1-6340-40d5-aefb-be26da1f45ee-e1770154922751.jpg","type":"image\/jpeg"}],"twitter_card":"summary_large_image","twitter_site":"@la_cortigianait","twitter_misc":{"Dur\u00e9e de lecture estim\u00e9e":"2 minutes"},"schema":{"@context":"https:\/\/schema.org","@graph":[{"@type":["WebPage","ItemPage"],"@id":"https:\/\/la-cortigiana.it\/product\/mirtessa-corset-feminine-power\/","url":"https:\/\/la-cortigiana.it\/product\/mirtessa-corset-feminine-power\/","name":"Mirtessa Corset - Feminine Power | Symbol Jewelry & Erotic Accessories \u2013 Handmade in Italy","isPartOf":{"@id":"https:\/\/la-cortigiana.it\/#website"},"primaryImageOfPage":{"@id":"https:\/\/la-cortigiana.it\/product\/mirtessa-corset-feminine-power\/#primaryimage"},"image":{"@id":"https:\/\/la-cortigiana.it\/product\/mirtessa-corset-feminine-power\/#primaryimage"},"thumbnailUrl":"https:\/\/la-cortigiana.it\/wp-content\/uploads\/2025\/07\/484f5ca1-6340-40d5-aefb-be26da1f45ee-e1770154922751.jpg","datePublished":"2025-07-15T12:20:11+00:00","dateModified":"2025-12-25T17:01:18+00:00","description":"Indulge in Mirtessa Corset - Feminine Power \u2013 handcrafted in Italy. Discreet symbol jewelry, erotic leather accessories and intimate pieces for hotwife, cuckold and lifestyle dynamics. Worldwide shipping.","breadcrumb":{"@id":"https:\/\/la-cortigiana.it\/product\/mirtessa-corset-feminine-power\/#breadcrumb"},"inLanguage":"fr-FR","potentialAction":[{"@type":"ReadAction","target":["https:\/\/la-cortigiana.it\/product\/mirtessa-corset-feminine-power\/"]}]},{"@type":"ImageObject","inLanguage":"fr-FR","@id":"https:\/\/la-cortigiana.it\/product\/mirtessa-corset-feminine-power\/#primaryimage","url":"https:\/\/la-cortigiana.it\/wp-content\/uploads\/2025\/07\/484f5ca1-6340-40d5-aefb-be26da1f45ee-e1770154922751.jpg","contentUrl":"https:\/\/la-cortigiana.it\/wp-content\/uploads\/2025\/07\/484f5ca1-6340-40d5-aefb-be26da1f45ee-e1770154922751.jpg","width":1024,"height":1283},{"@type":"BreadcrumbList","@id":"https:\/\/la-cortigiana.it\/product\/mirtessa-corset-feminine-power\/#breadcrumb","itemListElement":[{"@type":"ListItem","position":1,"name":"Home","item":"https:\/\/la-cortigiana.it\/"},{"@type":"ListItem","position":2,"name":"Shop","item":"https:\/\/la-cortigiana.it\/shop\/"},{"@type":"ListItem","position":3,"name":"Mirtessa Corset &#8211; Feminine Power"}]},{"@type":"WebSite","@id":"https:\/\/la-cortigiana.it\/#website","url":"https:\/\/la-cortigiana.it\/","name":"La Cortigiana | Bijoux discrets \u00e0 symboles et maroquinerie \u00e9rotique, fabriqu\u00e9s \u00e0 la main en Italie","description":"Marques discr\u00e8tes d&#039;un d\u00e9sir choisi","publisher":{"@id":"https:\/\/la-cortigiana.it\/#organization"},"potentialAction":[{"@type":"SearchAction","target":{"@type":"EntryPoint","urlTemplate":"https:\/\/la-cortigiana.it\/?s={search_term_string}"},"query-input":{"@type":"PropertyValueSpecification","valueRequired":true,"valueName":"search_term_string"}}],"inLanguage":"fr-FR"},{"@type":"Organization","@id":"https:\/\/la-cortigiana.it\/#organization","name":"La Cortigiana","url":"https:\/\/la-cortigiana.it\/","logo":{"@type":"ImageObject","inLanguage":"fr-FR","@id":"https:\/\/la-cortigiana.it\/#\/schema\/logo\/image\/","url":"https:\/\/la-cortigiana.it\/wp-content\/uploads\/2025\/01\/La-Cortigiana.png","contentUrl":"https:\/\/la-cortigiana.it\/wp-content\/uploads\/2025\/01\/La-Cortigiana.png","width":1646,"height":575,"caption":"La Cortigiana"},"image":{"@id":"https:\/\/la-cortigiana.it\/#\/schema\/logo\/image\/"},"sameAs":["https:\/\/www.facebook.com\/LaCortigiana\/","https:\/\/x.com\/la_cortigianait","https:\/\/www.instagram.com\/la_cortigiana.it","https:\/\/substack.com\/@lacortigiana"]}]}},"_links":{"self":[{"href":"https:\/\/la-cortigiana.it\/fr\/wp-json\/wp\/v2\/product\/1740","targetHints":{"allow":["GET"]}}],"collection":[{"href":"https:\/\/la-cortigiana.it\/fr\/wp-json\/wp\/v2\/product"}],"about":[{"href":"https:\/\/la-cortigiana.it\/fr\/wp-json\/wp\/v2\/types\/product"}],"replies":[{"embeddable":true,"href":"https:\/\/la-cortigiana.it\/fr\/wp-json\/wp\/v2\/comments?post=1740"}],"wp:featuredmedia":[{"embeddable":true,"href":"https:\/\/la-cortigiana.it\/fr\/wp-json\/wp\/v2\/media\/2163"}],"wp:attachment":[{"href":"https:\/\/la-cortigiana.it\/fr\/wp-json\/wp\/v2\/media?parent=1740"}],"wp:term":[{"taxonomy":"product_brand","embeddable":true,"href":"https:\/\/la-cortigiana.it\/fr\/wp-json\/wp\/v2\/product_brand?post=1740"},{"taxonomy":"product_cat","embeddable":true,"href":"https:\/\/la-cortigiana.it\/fr\/wp-json\/wp\/v2\/product_cat?post=1740"},{"taxonomy":"product_tag","embeddable":true,"href":"https:\/\/la-cortigiana.it\/fr\/wp-json\/wp\/v2\/product_tag?post=1740"}],"curies":[{"name":"wp","href":"https:\/\/api.w.org\/{rel}","templated":true}]}}