{"id":1756,"date":"2025-07-19T19:03:55","date_gmt":"2025-07-19T18:03:55","guid":{"rendered":"https:\/\/la-cortigiana.it\/?post_type=product&#038;p=1756"},"modified":"2025-10-10T02:51:21","modified_gmt":"2025-10-10T01:51:21","slug":"leather-choker-couple","status":"publish","type":"product","link":"https:\/\/la-cortigiana.it\/fr\/produit\/leather-choker-couple\/","title":{"rendered":"Collier ras du cou en cuir \u00ab Couple \u00bb"},"content":{"rendered":"<p data-start=\"973\" data-end=\"1391\">Un collier ras-du-cou provocateur, confectionn\u00e9 \u00e0 la main en v\u00e9ritable cuir de vachette toscan. Sa pi\u00e8ce ma\u00eetresse est un anneau m\u00e9tallique sculptural repr\u00e9sentant deux amants enlac\u00e9s, symbole de connexion et de d\u00e9sir. Deux cha\u00eenes en acier accentuent le design, sugg\u00e9rant \u00e0 la fois le jeu et l&#039;abandon.<br data-start=\"1242\" data-end=\"1245\" \/>Chaque pi\u00e8ce est fabriqu\u00e9e \u00e0 la main, id\u00e9ale pour offrir ou se faire plaisir. Pour ceux qui appr\u00e9cient l&#039;esth\u00e9tique, la libert\u00e9 et le plaisir sans complexe.<\/p>\n<ul data-start=\"1393\" data-end=\"1539\">\n<li data-start=\"1393\" data-end=\"1429\">\n<p data-start=\"1395\" data-end=\"1429\">V\u00e9ritable cuir de vacchetta toscan<\/p>\n<\/li>\n<li data-start=\"1430\" data-end=\"1477\">\n<p data-start=\"1432\" data-end=\"1477\">Pi\u00e8ce ma\u00eetresse sculpturale des amoureux (anneau en m\u00e9tal)<\/p>\n<\/li>\n<li data-start=\"1478\" data-end=\"1509\">\n<p data-start=\"1480\" data-end=\"1509\">Deux cha\u00eenes d\u00e9coratives en acier<\/p>\n<\/li>\n<li data-start=\"1510\" data-end=\"1528\">\n<p data-start=\"1512\" data-end=\"1528\">Coupe ajustable<\/p>\n<\/li>\n<li data-start=\"1529\" data-end=\"1539\">\n<p data-start=\"1531\" data-end=\"1539\">Fait \u00e0 la main<\/p>\n<\/li>\n<\/ul>","protected":false},"excerpt":{"rendered":"<p data-start=\"255\" data-end=\"362\">Collier ras-du-cou en cuir de vachette italien, fabriqu\u00e9 \u00e0 la main, orn\u00e9 d&#039;un anneau sculptural et de deux cha\u00eenes en acier, symbole provocateur de connexion, de jeu et de ma\u00eetrise. Lani\u00e8re r\u00e9glable pour s&#039;adapter \u00e0 tous les cous. Personnalisez-le avec une gravure int\u00e9rieure ou ext\u00e9rieure pour un r\u00e9sultat personnalis\u00e9. Fabriqu\u00e9 \u00e0 la main en Italie et livr\u00e9 discr\u00e8tement dans un emballage signature.<\/p>","protected":false},"featured_media":1757,"comment_status":"open","ping_status":"closed","template":"","meta":{"nf_dc_page":"","googlesitekit_rrm_CAowrc_CDA:productID":""},"product_brand":[],"product_cat":[23],"product_tag":[],"class_list":{"0":"post-1756","1":"product","2":"type-product","3":"status-publish","4":"has-post-thumbnail","6":"product_cat-collars-handcuffs","8":"first","9":"instock","10":"shipping-taxable","11":"purchasable","12":"product-type-simple"},"yoast_head":"<!-- This site is optimized with the Yoast SEO Premium plugin v25.6 (Yoast SEO v27.4) - https:\/\/yoast.com\/product\/yoast-seo-premium-wordpress\/ -->\n<title>Leather Choker &quot;Couple&quot; | Symbol Jewelry &amp; Erotic Accessories \u2013 Handmade in Italy<\/title>\n<meta name=\"description\" content=\"Indulge in Leather Choker &quot;Couple&quot; \u2013 handcrafted in Italy. Discreet symbol jewelry, erotic leather accessories and intimate pieces for hotwife, cuckold and lifestyle dynamics. Worldwide shipping.\" \/>\n<meta name=\"robots\" content=\"index, follow, max-snippet:-1, max-image-preview:large, max-video-preview:-1\" \/>\n<link rel=\"canonical\" href=\"https:\/\/la-cortigiana.it\/fr\/produit\/leather-choker-couple\/\" \/>\n<meta property=\"og:locale\" content=\"fr_FR\" \/>\n<meta property=\"og:type\" content=\"article\" \/>\n<meta property=\"og:title\" content=\"Leather Choker &quot;Couple&quot; | La Cortigiana \u2013 Handcrafted in Italy\" \/>\n<meta property=\"og:description\" content=\"Luxury handcrafted lingerie &amp; accessories from Italy. Sheer, sensual, made for bold desires. Discreet worldwide delivery.\" \/>\n<meta property=\"og:url\" content=\"https:\/\/la-cortigiana.it\/fr\/produit\/leather-choker-couple\/\" \/>\n<meta property=\"og:site_name\" content=\"La Cortigiana | Handcrafted Leather Accessories for Bold Desires\" \/>\n<meta property=\"article:publisher\" content=\"https:\/\/www.facebook.com\/LaCortigiana\/\" \/>\n<meta property=\"article:modified_time\" content=\"2025-10-10T01:51:21+00:00\" \/>\n<meta property=\"og:image\" content=\"https:\/\/la-cortigiana.it\/wp-content\/uploads\/2025\/07\/DSCF9020.jpg\" \/>\n\t<meta property=\"og:image:width\" content=\"1600\" \/>\n\t<meta property=\"og:image:height\" content=\"2000\" \/>\n\t<meta property=\"og:image:type\" content=\"image\/jpeg\" \/>\n<meta name=\"twitter:card\" content=\"summary_large_image\" \/>\n<meta name=\"twitter:site\" content=\"@la_cortigianait\" \/>\n<meta name=\"twitter:label1\" content=\"Dur\u00e9e de lecture estim\u00e9e\" \/>\n\t<meta name=\"twitter:data1\" content=\"1 minute\" \/>\n<script type=\"application\/ld+json\" class=\"yoast-schema-graph\">{\"@context\":\"https:\\\/\\\/schema.org\",\"@graph\":[{\"@type\":[\"WebPage\",\"ItemPage\"],\"@id\":\"https:\\\/\\\/la-cortigiana.it\\\/product\\\/leather-choker-couple\\\/\",\"url\":\"https:\\\/\\\/la-cortigiana.it\\\/product\\\/leather-choker-couple\\\/\",\"name\":\"Leather Choker \\\"Couple\\\" | Symbol Jewelry & Erotic Accessories \u2013 Handmade in Italy\",\"isPartOf\":{\"@id\":\"https:\\\/\\\/la-cortigiana.it\\\/#website\"},\"primaryImageOfPage\":{\"@id\":\"https:\\\/\\\/la-cortigiana.it\\\/product\\\/leather-choker-couple\\\/#primaryimage\"},\"image\":{\"@id\":\"https:\\\/\\\/la-cortigiana.it\\\/product\\\/leather-choker-couple\\\/#primaryimage\"},\"thumbnailUrl\":\"https:\\\/\\\/la-cortigiana.it\\\/wp-content\\\/uploads\\\/2025\\\/07\\\/DSCF9020.jpg\",\"datePublished\":\"2025-07-19T18:03:55+00:00\",\"dateModified\":\"2025-10-10T01:51:21+00:00\",\"description\":\"Indulge in Leather Choker \\\"Couple\\\" \u2013 handcrafted in Italy. Discreet symbol jewelry, erotic leather accessories and intimate pieces for hotwife, cuckold and lifestyle dynamics. Worldwide shipping.\",\"breadcrumb\":{\"@id\":\"https:\\\/\\\/la-cortigiana.it\\\/product\\\/leather-choker-couple\\\/#breadcrumb\"},\"inLanguage\":\"fr-FR\",\"potentialAction\":[{\"@type\":\"ReadAction\",\"target\":[\"https:\\\/\\\/la-cortigiana.it\\\/product\\\/leather-choker-couple\\\/\"]}]},{\"@type\":\"ImageObject\",\"inLanguage\":\"fr-FR\",\"@id\":\"https:\\\/\\\/la-cortigiana.it\\\/product\\\/leather-choker-couple\\\/#primaryimage\",\"url\":\"https:\\\/\\\/la-cortigiana.it\\\/wp-content\\\/uploads\\\/2025\\\/07\\\/DSCF9020.jpg\",\"contentUrl\":\"https:\\\/\\\/la-cortigiana.it\\\/wp-content\\\/uploads\\\/2025\\\/07\\\/DSCF9020.jpg\",\"width\":1600,\"height\":2000,\"caption\":\"Leather choker by La Cortigiana\"},{\"@type\":\"BreadcrumbList\",\"@id\":\"https:\\\/\\\/la-cortigiana.it\\\/product\\\/leather-choker-couple\\\/#breadcrumb\",\"itemListElement\":[{\"@type\":\"ListItem\",\"position\":1,\"name\":\"Home\",\"item\":\"https:\\\/\\\/la-cortigiana.it\\\/\"},{\"@type\":\"ListItem\",\"position\":2,\"name\":\"Shop\",\"item\":\"https:\\\/\\\/la-cortigiana.it\\\/shop\\\/\"},{\"@type\":\"ListItem\",\"position\":3,\"name\":\"Leather Choker &#8220;Couple&#8221;\"}]},{\"@type\":\"WebSite\",\"@id\":\"https:\\\/\\\/la-cortigiana.it\\\/#website\",\"url\":\"https:\\\/\\\/la-cortigiana.it\\\/\",\"name\":\"La Cortigiana | Discreet Symbol Jewelry & Erotic Leather, Handmade in Italy\",\"description\":\"Quiet Marks of Chosen Desire\",\"publisher\":{\"@id\":\"https:\\\/\\\/la-cortigiana.it\\\/#organization\"},\"potentialAction\":[{\"@type\":\"SearchAction\",\"target\":{\"@type\":\"EntryPoint\",\"urlTemplate\":\"https:\\\/\\\/la-cortigiana.it\\\/?s={search_term_string}\"},\"query-input\":{\"@type\":\"PropertyValueSpecification\",\"valueRequired\":true,\"valueName\":\"search_term_string\"}}],\"inLanguage\":\"fr-FR\"},{\"@type\":\"Organization\",\"@id\":\"https:\\\/\\\/la-cortigiana.it\\\/#organization\",\"name\":\"La Cortigiana\",\"url\":\"https:\\\/\\\/la-cortigiana.it\\\/\",\"logo\":{\"@type\":\"ImageObject\",\"inLanguage\":\"fr-FR\",\"@id\":\"https:\\\/\\\/la-cortigiana.it\\\/#\\\/schema\\\/logo\\\/image\\\/\",\"url\":\"https:\\\/\\\/la-cortigiana.it\\\/wp-content\\\/uploads\\\/2025\\\/01\\\/La-Cortigiana.png\",\"contentUrl\":\"https:\\\/\\\/la-cortigiana.it\\\/wp-content\\\/uploads\\\/2025\\\/01\\\/La-Cortigiana.png\",\"width\":1646,\"height\":575,\"caption\":\"La Cortigiana\"},\"image\":{\"@id\":\"https:\\\/\\\/la-cortigiana.it\\\/#\\\/schema\\\/logo\\\/image\\\/\"},\"sameAs\":[\"https:\\\/\\\/www.facebook.com\\\/LaCortigiana\\\/\",\"https:\\\/\\\/x.com\\\/la_cortigianait\",\"https:\\\/\\\/www.instagram.com\\\/la_cortigiana.it\",\"https:\\\/\\\/substack.com\\\/@lacortigiana\"]}]}<\/script>\n<!-- \/ Yoast SEO Premium plugin. -->","yoast_head_json":{"title":"Leather Choker \"Couple\" | Symbol Jewelry & Erotic Accessories \u2013 Handmade in Italy","description":"Indulge in Leather Choker \"Couple\" \u2013 handcrafted in Italy. Discreet symbol jewelry, erotic leather accessories and intimate pieces for hotwife, cuckold and lifestyle dynamics. Worldwide shipping.","robots":{"index":"index","follow":"follow","max-snippet":"max-snippet:-1","max-image-preview":"max-image-preview:large","max-video-preview":"max-video-preview:-1"},"canonical":"https:\/\/la-cortigiana.it\/fr\/produit\/leather-choker-couple\/","og_locale":"fr_FR","og_type":"article","og_title":"Leather Choker \"Couple\" | La Cortigiana \u2013 Handcrafted in Italy","og_description":"Luxury handcrafted lingerie & accessories from Italy. Sheer, sensual, made for bold desires. Discreet worldwide delivery.","og_url":"https:\/\/la-cortigiana.it\/fr\/produit\/leather-choker-couple\/","og_site_name":"La Cortigiana | Handcrafted Leather Accessories for Bold Desires","article_publisher":"https:\/\/www.facebook.com\/LaCortigiana\/","article_modified_time":"2025-10-10T01:51:21+00:00","og_image":[{"width":1600,"height":2000,"url":"https:\/\/la-cortigiana.it\/wp-content\/uploads\/2025\/07\/DSCF9020.jpg","type":"image\/jpeg"}],"twitter_card":"summary_large_image","twitter_site":"@la_cortigianait","twitter_misc":{"Dur\u00e9e de lecture estim\u00e9e":"1 minute"},"schema":{"@context":"https:\/\/schema.org","@graph":[{"@type":["WebPage","ItemPage"],"@id":"https:\/\/la-cortigiana.it\/product\/leather-choker-couple\/","url":"https:\/\/la-cortigiana.it\/product\/leather-choker-couple\/","name":"Leather Choker \"Couple\" | Symbol Jewelry & Erotic Accessories \u2013 Handmade in Italy","isPartOf":{"@id":"https:\/\/la-cortigiana.it\/#website"},"primaryImageOfPage":{"@id":"https:\/\/la-cortigiana.it\/product\/leather-choker-couple\/#primaryimage"},"image":{"@id":"https:\/\/la-cortigiana.it\/product\/leather-choker-couple\/#primaryimage"},"thumbnailUrl":"https:\/\/la-cortigiana.it\/wp-content\/uploads\/2025\/07\/DSCF9020.jpg","datePublished":"2025-07-19T18:03:55+00:00","dateModified":"2025-10-10T01:51:21+00:00","description":"Indulge in Leather Choker \"Couple\" \u2013 handcrafted in Italy. Discreet symbol jewelry, erotic leather accessories and intimate pieces for hotwife, cuckold and lifestyle dynamics. Worldwide shipping.","breadcrumb":{"@id":"https:\/\/la-cortigiana.it\/product\/leather-choker-couple\/#breadcrumb"},"inLanguage":"fr-FR","potentialAction":[{"@type":"ReadAction","target":["https:\/\/la-cortigiana.it\/product\/leather-choker-couple\/"]}]},{"@type":"ImageObject","inLanguage":"fr-FR","@id":"https:\/\/la-cortigiana.it\/product\/leather-choker-couple\/#primaryimage","url":"https:\/\/la-cortigiana.it\/wp-content\/uploads\/2025\/07\/DSCF9020.jpg","contentUrl":"https:\/\/la-cortigiana.it\/wp-content\/uploads\/2025\/07\/DSCF9020.jpg","width":1600,"height":2000,"caption":"Leather choker by La Cortigiana"},{"@type":"BreadcrumbList","@id":"https:\/\/la-cortigiana.it\/product\/leather-choker-couple\/#breadcrumb","itemListElement":[{"@type":"ListItem","position":1,"name":"Home","item":"https:\/\/la-cortigiana.it\/"},{"@type":"ListItem","position":2,"name":"Shop","item":"https:\/\/la-cortigiana.it\/shop\/"},{"@type":"ListItem","position":3,"name":"Leather Choker &#8220;Couple&#8221;"}]},{"@type":"WebSite","@id":"https:\/\/la-cortigiana.it\/#website","url":"https:\/\/la-cortigiana.it\/","name":"La Cortigiana | Bijoux discrets \u00e0 symboles et maroquinerie \u00e9rotique, fabriqu\u00e9s \u00e0 la main en Italie","description":"Marques discr\u00e8tes d&#039;un d\u00e9sir choisi","publisher":{"@id":"https:\/\/la-cortigiana.it\/#organization"},"potentialAction":[{"@type":"SearchAction","target":{"@type":"EntryPoint","urlTemplate":"https:\/\/la-cortigiana.it\/?s={search_term_string}"},"query-input":{"@type":"PropertyValueSpecification","valueRequired":true,"valueName":"search_term_string"}}],"inLanguage":"fr-FR"},{"@type":"Organization","@id":"https:\/\/la-cortigiana.it\/#organization","name":"La Cortigiana","url":"https:\/\/la-cortigiana.it\/","logo":{"@type":"ImageObject","inLanguage":"fr-FR","@id":"https:\/\/la-cortigiana.it\/#\/schema\/logo\/image\/","url":"https:\/\/la-cortigiana.it\/wp-content\/uploads\/2025\/01\/La-Cortigiana.png","contentUrl":"https:\/\/la-cortigiana.it\/wp-content\/uploads\/2025\/01\/La-Cortigiana.png","width":1646,"height":575,"caption":"La Cortigiana"},"image":{"@id":"https:\/\/la-cortigiana.it\/#\/schema\/logo\/image\/"},"sameAs":["https:\/\/www.facebook.com\/LaCortigiana\/","https:\/\/x.com\/la_cortigianait","https:\/\/www.instagram.com\/la_cortigiana.it","https:\/\/substack.com\/@lacortigiana"]}]}},"_links":{"self":[{"href":"https:\/\/la-cortigiana.it\/fr\/wp-json\/wp\/v2\/product\/1756","targetHints":{"allow":["GET"]}}],"collection":[{"href":"https:\/\/la-cortigiana.it\/fr\/wp-json\/wp\/v2\/product"}],"about":[{"href":"https:\/\/la-cortigiana.it\/fr\/wp-json\/wp\/v2\/types\/product"}],"replies":[{"embeddable":true,"href":"https:\/\/la-cortigiana.it\/fr\/wp-json\/wp\/v2\/comments?post=1756"}],"wp:featuredmedia":[{"embeddable":true,"href":"https:\/\/la-cortigiana.it\/fr\/wp-json\/wp\/v2\/media\/1757"}],"wp:attachment":[{"href":"https:\/\/la-cortigiana.it\/fr\/wp-json\/wp\/v2\/media?parent=1756"}],"wp:term":[{"taxonomy":"product_brand","embeddable":true,"href":"https:\/\/la-cortigiana.it\/fr\/wp-json\/wp\/v2\/product_brand?post=1756"},{"taxonomy":"product_cat","embeddable":true,"href":"https:\/\/la-cortigiana.it\/fr\/wp-json\/wp\/v2\/product_cat?post=1756"},{"taxonomy":"product_tag","embeddable":true,"href":"https:\/\/la-cortigiana.it\/fr\/wp-json\/wp\/v2\/product_tag?post=1756"}],"curies":[{"name":"wp","href":"https:\/\/api.w.org\/{rel}","templated":true}]}}