{"id":1766,"date":"2025-07-20T19:04:30","date_gmt":"2025-07-20T18:04:30","guid":{"rendered":"https:\/\/la-cortigiana.it\/?post_type=product&#038;p=1766"},"modified":"2025-10-10T02:51:21","modified_gmt":"2025-10-10T01:51:21","slug":"stag-totem-walnut-pendant-on-leather-cord-stag-vixen-jewelry","status":"publish","type":"product","link":"https:\/\/la-cortigiana.it\/fr\/produit\/stag-totem-walnut-pendant-on-leather-cord-stag-vixen-jewelry\/","title":{"rendered":"Totem Cerf \u2013 Pendentif en noyer sur cordon cuir | Bijoux Stag &amp; Vixen"},"content":{"rendered":"<p data-start=\"515\" data-end=\"545\"><strong data-start=\"515\" data-end=\"545\">Il ne demande pas. Il permet.<\/strong><\/p>\n<p data-start=\"547\" data-end=\"781\">Le <strong data-start=\"551\" data-end=\"565\">Totem du cerf<\/strong> Ce pendentif artisanal en noyer italien naturel est suspendu \u00e0 un cordon en cuir souple. En son centre se trouve la marque du cerf, symbole intemporel de retenue masculine, d&#039;autorit\u00e9 \u00e9rotique et de confiance silencieuse.<\/p>\n<p data-start=\"783\" data-end=\"925\">Cette pi\u00e8ce est con\u00e7ue pour les hommes qui bougent avec pr\u00e9sence, sans bruit. Pour ceux qui se tiennent derri\u00e8re la flamme \u2014 et pourtant restent ceux qui l&#039;allument.<\/p>\n<p data-start=\"927\" data-end=\"1145\">Port\u00e9 pr\u00e8s de la peau ou par-dessus une chemise, le pendentif est \u00e0 la fois discret et discret. Que vous viviez la <em data-start=\"1033\" data-end=\"1047\">cerf et renarde<\/em> Que vous le portiez en rituel ou que vous le portiez discr\u00e8tement dans votre d\u00e9sir, ce totem est votre signal. Discret, mais ind\u00e9niable.<\/p>\n<p data-start=\"1147\" data-end=\"1225\">Associez-le avec le <a href=\"https:\/\/la-cortigiana.it\/fr\/produit\/vixen-tag-fox-symbol-anklet-bracelet\/\">Totem de la Renarde<\/a> pour un rituel que vous seuls comprenez tous les deux.<\/p>\n<hr data-start=\"1227\" data-end=\"1230\" \/>\n<p data-start=\"1232\" data-end=\"1269\">Laissez les autres deviner.<br data-start=\"1249\" data-end=\"1252\" \/>Tu le sais d\u00e9j\u00e0.<\/p>","protected":false},"excerpt":{"rendered":"<p data-start=\"262\" data-end=\"444\">Pendentif sculpt\u00e9 \u00e0 la main en noyer italien naturel, orn\u00e9 de la marque du cerf, symbole de retenue masculine, de force tranquille et d&#039;autorit\u00e9 \u00e9rotique. Suspendu \u00e0 un cordon de cuir souple et r\u00e9glable, il peut \u00eatre port\u00e9 discr\u00e8tement \u00e0 m\u00eame la peau ou superpos\u00e9 sur une chemise. Associez-le au Totem Vixen pour compl\u00e9ter votre rituel. Fabriqu\u00e9 \u00e0 la main en Italie et livr\u00e9 dans un emballage discret.<\/p>","protected":false},"featured_media":1767,"comment_status":"open","ping_status":"closed","template":"","meta":{"nf_dc_page":"","googlesitekit_rrm_CAowrc_CDA:productID":""},"product_brand":[],"product_cat":[26],"product_tag":[237],"class_list":{"0":"post-1766","1":"product","2":"type-product","3":"status-publish","4":"has-post-thumbnail","6":"product_cat-bracelets-pendants","7":"product_tag-stagvixen","9":"first","10":"instock","11":"shipping-taxable","12":"purchasable","13":"product-type-simple"},"yoast_head":"<!-- This site is optimized with the Yoast SEO Premium plugin v25.6 (Yoast SEO v27.4) - https:\/\/yoast.com\/product\/yoast-seo-premium-wordpress\/ -->\n<title>Stag Totem - Walnut Pendant on Leather Cord | Stag &amp; Vixen Jewelry | Symbol Jewelry &amp; Erotic Accessories \u2013 Handmade in Italy<\/title>\n<meta name=\"description\" content=\"Indulge in Stag Totem - Walnut Pendant on Leather Cord | Stag &amp; Vixen Jewelry \u2013 handcrafted in Italy. Discreet symbol jewelry, erotic leather accessories and intimate pieces for hotwife, cuckold and lifestyle dynamics. Worldwide shipping.\" \/>\n<meta name=\"robots\" content=\"index, follow, max-snippet:-1, max-image-preview:large, max-video-preview:-1\" \/>\n<link rel=\"canonical\" href=\"https:\/\/la-cortigiana.it\/fr\/produit\/stag-totem-walnut-pendant-on-leather-cord-stag-vixen-jewelry\/\" \/>\n<meta property=\"og:locale\" content=\"fr_FR\" \/>\n<meta property=\"og:type\" content=\"article\" \/>\n<meta property=\"og:title\" content=\"Stag Totem - Walnut Pendant on Leather Cord | Stag &amp; Vixen Jewelry | La Cortigiana \u2013 Handcrafted in Italy\" \/>\n<meta property=\"og:description\" content=\"Luxury handcrafted lingerie &amp; accessories from Italy. Sheer, sensual, made for bold desires. Discreet worldwide delivery.\" \/>\n<meta property=\"og:url\" content=\"https:\/\/la-cortigiana.it\/fr\/produit\/stag-totem-walnut-pendant-on-leather-cord-stag-vixen-jewelry\/\" \/>\n<meta property=\"og:site_name\" content=\"La Cortigiana | Handcrafted Leather Accessories for Bold Desires\" \/>\n<meta property=\"article:publisher\" content=\"https:\/\/www.facebook.com\/LaCortigiana\/\" \/>\n<meta property=\"article:modified_time\" content=\"2025-10-10T01:51:21+00:00\" \/>\n<meta property=\"og:image\" content=\"https:\/\/la-cortigiana.it\/wp-content\/uploads\/2025\/07\/DSCF7675.jpg\" \/>\n\t<meta property=\"og:image:width\" content=\"1536\" \/>\n\t<meta property=\"og:image:height\" content=\"1920\" \/>\n\t<meta property=\"og:image:type\" content=\"image\/jpeg\" \/>\n<meta name=\"twitter:card\" content=\"summary_large_image\" \/>\n<meta name=\"twitter:site\" content=\"@la_cortigianait\" \/>\n<meta name=\"twitter:label1\" content=\"Dur\u00e9e de lecture estim\u00e9e\" \/>\n\t<meta name=\"twitter:data1\" content=\"1 minute\" \/>\n<script type=\"application\/ld+json\" class=\"yoast-schema-graph\">{\"@context\":\"https:\\\/\\\/schema.org\",\"@graph\":[{\"@type\":[\"WebPage\",\"ItemPage\"],\"@id\":\"https:\\\/\\\/la-cortigiana.it\\\/product\\\/stag-totem-walnut-pendant-on-leather-cord-stag-vixen-jewelry\\\/\",\"url\":\"https:\\\/\\\/la-cortigiana.it\\\/product\\\/stag-totem-walnut-pendant-on-leather-cord-stag-vixen-jewelry\\\/\",\"name\":\"Stag Totem - Walnut Pendant on Leather Cord | Stag & Vixen Jewelry | Symbol Jewelry & Erotic Accessories \u2013 Handmade in Italy\",\"isPartOf\":{\"@id\":\"https:\\\/\\\/la-cortigiana.it\\\/#website\"},\"primaryImageOfPage\":{\"@id\":\"https:\\\/\\\/la-cortigiana.it\\\/product\\\/stag-totem-walnut-pendant-on-leather-cord-stag-vixen-jewelry\\\/#primaryimage\"},\"image\":{\"@id\":\"https:\\\/\\\/la-cortigiana.it\\\/product\\\/stag-totem-walnut-pendant-on-leather-cord-stag-vixen-jewelry\\\/#primaryimage\"},\"thumbnailUrl\":\"https:\\\/\\\/la-cortigiana.it\\\/wp-content\\\/uploads\\\/2025\\\/07\\\/DSCF7675.jpg\",\"datePublished\":\"2025-07-20T18:04:30+00:00\",\"dateModified\":\"2025-10-10T01:51:21+00:00\",\"description\":\"Indulge in Stag Totem - Walnut Pendant on Leather Cord | Stag & Vixen Jewelry \u2013 handcrafted in Italy. Discreet symbol jewelry, erotic leather accessories and intimate pieces for hotwife, cuckold and lifestyle dynamics. Worldwide shipping.\",\"breadcrumb\":{\"@id\":\"https:\\\/\\\/la-cortigiana.it\\\/product\\\/stag-totem-walnut-pendant-on-leather-cord-stag-vixen-jewelry\\\/#breadcrumb\"},\"inLanguage\":\"fr-FR\",\"potentialAction\":[{\"@type\":\"ReadAction\",\"target\":[\"https:\\\/\\\/la-cortigiana.it\\\/product\\\/stag-totem-walnut-pendant-on-leather-cord-stag-vixen-jewelry\\\/\"]}]},{\"@type\":\"ImageObject\",\"inLanguage\":\"fr-FR\",\"@id\":\"https:\\\/\\\/la-cortigiana.it\\\/product\\\/stag-totem-walnut-pendant-on-leather-cord-stag-vixen-jewelry\\\/#primaryimage\",\"url\":\"https:\\\/\\\/la-cortigiana.it\\\/wp-content\\\/uploads\\\/2025\\\/07\\\/DSCF7675.jpg\",\"contentUrl\":\"https:\\\/\\\/la-cortigiana.it\\\/wp-content\\\/uploads\\\/2025\\\/07\\\/DSCF7675.jpg\",\"width\":1536,\"height\":1920,\"caption\":\"Stag pendant by La Cortigiana\"},{\"@type\":\"BreadcrumbList\",\"@id\":\"https:\\\/\\\/la-cortigiana.it\\\/product\\\/stag-totem-walnut-pendant-on-leather-cord-stag-vixen-jewelry\\\/#breadcrumb\",\"itemListElement\":[{\"@type\":\"ListItem\",\"position\":1,\"name\":\"Home\",\"item\":\"https:\\\/\\\/la-cortigiana.it\\\/\"},{\"@type\":\"ListItem\",\"position\":2,\"name\":\"Shop\",\"item\":\"https:\\\/\\\/la-cortigiana.it\\\/shop\\\/\"},{\"@type\":\"ListItem\",\"position\":3,\"name\":\"Stag Totem &#8211; Walnut Pendant on Leather Cord | Stag &#038; Vixen Jewelry\"}]},{\"@type\":\"WebSite\",\"@id\":\"https:\\\/\\\/la-cortigiana.it\\\/#website\",\"url\":\"https:\\\/\\\/la-cortigiana.it\\\/\",\"name\":\"La Cortigiana | Discreet Symbol Jewelry & Erotic Leather, Handmade in Italy\",\"description\":\"Quiet Marks of Chosen Desire\",\"publisher\":{\"@id\":\"https:\\\/\\\/la-cortigiana.it\\\/#organization\"},\"potentialAction\":[{\"@type\":\"SearchAction\",\"target\":{\"@type\":\"EntryPoint\",\"urlTemplate\":\"https:\\\/\\\/la-cortigiana.it\\\/?s={search_term_string}\"},\"query-input\":{\"@type\":\"PropertyValueSpecification\",\"valueRequired\":true,\"valueName\":\"search_term_string\"}}],\"inLanguage\":\"fr-FR\"},{\"@type\":\"Organization\",\"@id\":\"https:\\\/\\\/la-cortigiana.it\\\/#organization\",\"name\":\"La Cortigiana\",\"url\":\"https:\\\/\\\/la-cortigiana.it\\\/\",\"logo\":{\"@type\":\"ImageObject\",\"inLanguage\":\"fr-FR\",\"@id\":\"https:\\\/\\\/la-cortigiana.it\\\/#\\\/schema\\\/logo\\\/image\\\/\",\"url\":\"https:\\\/\\\/la-cortigiana.it\\\/wp-content\\\/uploads\\\/2025\\\/01\\\/La-Cortigiana.png\",\"contentUrl\":\"https:\\\/\\\/la-cortigiana.it\\\/wp-content\\\/uploads\\\/2025\\\/01\\\/La-Cortigiana.png\",\"width\":1646,\"height\":575,\"caption\":\"La Cortigiana\"},\"image\":{\"@id\":\"https:\\\/\\\/la-cortigiana.it\\\/#\\\/schema\\\/logo\\\/image\\\/\"},\"sameAs\":[\"https:\\\/\\\/www.facebook.com\\\/LaCortigiana\\\/\",\"https:\\\/\\\/x.com\\\/la_cortigianait\",\"https:\\\/\\\/www.instagram.com\\\/la_cortigiana.it\",\"https:\\\/\\\/substack.com\\\/@lacortigiana\"]}]}<\/script>\n<!-- \/ Yoast SEO Premium plugin. -->","yoast_head_json":{"title":"Stag Totem - Walnut Pendant on Leather Cord | Stag & Vixen Jewelry | Symbol Jewelry & Erotic Accessories \u2013 Handmade in Italy","description":"Indulge in Stag Totem - Walnut Pendant on Leather Cord | Stag & Vixen Jewelry \u2013 handcrafted in Italy. Discreet symbol jewelry, erotic leather accessories and intimate pieces for hotwife, cuckold and lifestyle dynamics. Worldwide shipping.","robots":{"index":"index","follow":"follow","max-snippet":"max-snippet:-1","max-image-preview":"max-image-preview:large","max-video-preview":"max-video-preview:-1"},"canonical":"https:\/\/la-cortigiana.it\/fr\/produit\/stag-totem-walnut-pendant-on-leather-cord-stag-vixen-jewelry\/","og_locale":"fr_FR","og_type":"article","og_title":"Stag Totem - Walnut Pendant on Leather Cord | Stag & Vixen Jewelry | La Cortigiana \u2013 Handcrafted in Italy","og_description":"Luxury handcrafted lingerie & accessories from Italy. Sheer, sensual, made for bold desires. Discreet worldwide delivery.","og_url":"https:\/\/la-cortigiana.it\/fr\/produit\/stag-totem-walnut-pendant-on-leather-cord-stag-vixen-jewelry\/","og_site_name":"La Cortigiana | Handcrafted Leather Accessories for Bold Desires","article_publisher":"https:\/\/www.facebook.com\/LaCortigiana\/","article_modified_time":"2025-10-10T01:51:21+00:00","og_image":[{"width":1536,"height":1920,"url":"https:\/\/la-cortigiana.it\/wp-content\/uploads\/2025\/07\/DSCF7675.jpg","type":"image\/jpeg"}],"twitter_card":"summary_large_image","twitter_site":"@la_cortigianait","twitter_misc":{"Dur\u00e9e de lecture estim\u00e9e":"1 minute"},"schema":{"@context":"https:\/\/schema.org","@graph":[{"@type":["WebPage","ItemPage"],"@id":"https:\/\/la-cortigiana.it\/product\/stag-totem-walnut-pendant-on-leather-cord-stag-vixen-jewelry\/","url":"https:\/\/la-cortigiana.it\/product\/stag-totem-walnut-pendant-on-leather-cord-stag-vixen-jewelry\/","name":"Stag Totem - Walnut Pendant on Leather Cord | Stag & Vixen Jewelry | Symbol Jewelry & Erotic Accessories \u2013 Handmade in Italy","isPartOf":{"@id":"https:\/\/la-cortigiana.it\/#website"},"primaryImageOfPage":{"@id":"https:\/\/la-cortigiana.it\/product\/stag-totem-walnut-pendant-on-leather-cord-stag-vixen-jewelry\/#primaryimage"},"image":{"@id":"https:\/\/la-cortigiana.it\/product\/stag-totem-walnut-pendant-on-leather-cord-stag-vixen-jewelry\/#primaryimage"},"thumbnailUrl":"https:\/\/la-cortigiana.it\/wp-content\/uploads\/2025\/07\/DSCF7675.jpg","datePublished":"2025-07-20T18:04:30+00:00","dateModified":"2025-10-10T01:51:21+00:00","description":"Indulge in Stag Totem - Walnut Pendant on Leather Cord | Stag & Vixen Jewelry \u2013 handcrafted in Italy. Discreet symbol jewelry, erotic leather accessories and intimate pieces for hotwife, cuckold and lifestyle dynamics. Worldwide shipping.","breadcrumb":{"@id":"https:\/\/la-cortigiana.it\/product\/stag-totem-walnut-pendant-on-leather-cord-stag-vixen-jewelry\/#breadcrumb"},"inLanguage":"fr-FR","potentialAction":[{"@type":"ReadAction","target":["https:\/\/la-cortigiana.it\/product\/stag-totem-walnut-pendant-on-leather-cord-stag-vixen-jewelry\/"]}]},{"@type":"ImageObject","inLanguage":"fr-FR","@id":"https:\/\/la-cortigiana.it\/product\/stag-totem-walnut-pendant-on-leather-cord-stag-vixen-jewelry\/#primaryimage","url":"https:\/\/la-cortigiana.it\/wp-content\/uploads\/2025\/07\/DSCF7675.jpg","contentUrl":"https:\/\/la-cortigiana.it\/wp-content\/uploads\/2025\/07\/DSCF7675.jpg","width":1536,"height":1920,"caption":"Stag pendant by La Cortigiana"},{"@type":"BreadcrumbList","@id":"https:\/\/la-cortigiana.it\/product\/stag-totem-walnut-pendant-on-leather-cord-stag-vixen-jewelry\/#breadcrumb","itemListElement":[{"@type":"ListItem","position":1,"name":"Home","item":"https:\/\/la-cortigiana.it\/"},{"@type":"ListItem","position":2,"name":"Shop","item":"https:\/\/la-cortigiana.it\/shop\/"},{"@type":"ListItem","position":3,"name":"Stag Totem &#8211; Walnut Pendant on Leather Cord | Stag &#038; Vixen Jewelry"}]},{"@type":"WebSite","@id":"https:\/\/la-cortigiana.it\/#website","url":"https:\/\/la-cortigiana.it\/","name":"La Cortigiana | Bijoux discrets \u00e0 symboles et maroquinerie \u00e9rotique, fabriqu\u00e9s \u00e0 la main en Italie","description":"Marques discr\u00e8tes d&#039;un d\u00e9sir choisi","publisher":{"@id":"https:\/\/la-cortigiana.it\/#organization"},"potentialAction":[{"@type":"SearchAction","target":{"@type":"EntryPoint","urlTemplate":"https:\/\/la-cortigiana.it\/?s={search_term_string}"},"query-input":{"@type":"PropertyValueSpecification","valueRequired":true,"valueName":"search_term_string"}}],"inLanguage":"fr-FR"},{"@type":"Organization","@id":"https:\/\/la-cortigiana.it\/#organization","name":"La Cortigiana","url":"https:\/\/la-cortigiana.it\/","logo":{"@type":"ImageObject","inLanguage":"fr-FR","@id":"https:\/\/la-cortigiana.it\/#\/schema\/logo\/image\/","url":"https:\/\/la-cortigiana.it\/wp-content\/uploads\/2025\/01\/La-Cortigiana.png","contentUrl":"https:\/\/la-cortigiana.it\/wp-content\/uploads\/2025\/01\/La-Cortigiana.png","width":1646,"height":575,"caption":"La Cortigiana"},"image":{"@id":"https:\/\/la-cortigiana.it\/#\/schema\/logo\/image\/"},"sameAs":["https:\/\/www.facebook.com\/LaCortigiana\/","https:\/\/x.com\/la_cortigianait","https:\/\/www.instagram.com\/la_cortigiana.it","https:\/\/substack.com\/@lacortigiana"]}]}},"_links":{"self":[{"href":"https:\/\/la-cortigiana.it\/fr\/wp-json\/wp\/v2\/product\/1766","targetHints":{"allow":["GET"]}}],"collection":[{"href":"https:\/\/la-cortigiana.it\/fr\/wp-json\/wp\/v2\/product"}],"about":[{"href":"https:\/\/la-cortigiana.it\/fr\/wp-json\/wp\/v2\/types\/product"}],"replies":[{"embeddable":true,"href":"https:\/\/la-cortigiana.it\/fr\/wp-json\/wp\/v2\/comments?post=1766"}],"wp:featuredmedia":[{"embeddable":true,"href":"https:\/\/la-cortigiana.it\/fr\/wp-json\/wp\/v2\/media\/1767"}],"wp:attachment":[{"href":"https:\/\/la-cortigiana.it\/fr\/wp-json\/wp\/v2\/media?parent=1766"}],"wp:term":[{"taxonomy":"product_brand","embeddable":true,"href":"https:\/\/la-cortigiana.it\/fr\/wp-json\/wp\/v2\/product_brand?post=1766"},{"taxonomy":"product_cat","embeddable":true,"href":"https:\/\/la-cortigiana.it\/fr\/wp-json\/wp\/v2\/product_cat?post=1766"},{"taxonomy":"product_tag","embeddable":true,"href":"https:\/\/la-cortigiana.it\/fr\/wp-json\/wp\/v2\/product_tag?post=1766"}],"curies":[{"name":"wp","href":"https:\/\/api.w.org\/{rel}","templated":true}]}}