{"id":1795,"date":"2025-07-21T18:36:10","date_gmt":"2025-07-21T17:36:10","guid":{"rendered":"https:\/\/la-cortigiana.it\/?post_type=product&#038;p=1795"},"modified":"2025-11-07T13:25:01","modified_gmt":"2025-11-07T12:25:01","slug":"the-stag-vixen-ritual-box","status":"publish","type":"product","link":"https:\/\/la-cortigiana.it\/fr\/produit\/the-stag-vixen-ritual-box\/","title":{"rendered":"La bo\u00eete rituelle du cerf et de la renarde"},"content":{"rendered":"<p data-start=\"1301\" data-end=\"1587\">Le <em data-start=\"1329\" data-end=\"1354\">Coffret rituel Cerf et Renarde<\/em> rassemble des pi\u00e8ces artisanales pour ceux qui connaissent le plaisir de regarder, d&#039;\u00eatre regard\u00e9 et de prolonger un regard un peu trop longtemps.<br data-start=\"1490\" data-end=\"1493\" \/>Il est con\u00e7u pour les couples qui vivent d\u00e9j\u00e0 cette dynamique et qui souhaitent un symbole tangible pour la marquer.<\/p>\n<p data-start=\"1589\" data-end=\"1598\">\u00c0 l&#039;int\u00e9rieur:<\/p>\n<p data-start=\"1600\" data-end=\"1732\"><strong data-start=\"1600\" data-end=\"1622\">Culotte en r\u00e9sille transparente<\/strong> \u2013 d\u00e9licatement brod\u00e9 d&#039;une phrase de votre choix. Doux, audacieux et r\u00e9solument intime.<\/p>\n<p data-start=\"1734\" data-end=\"1865\"><strong data-start=\"1734\" data-end=\"1751\">Pendentif Vixen<\/strong> \u2013 Un symbole subtil \u00e0 la signification ind\u00e9niable. Suffisamment raffin\u00e9 pour \u00eatre port\u00e9 au quotidien, suffisamment charg\u00e9 de sens pour les rituels intimes.<\/p>\n<p data-start=\"1867\" data-end=\"1959\"><strong data-start=\"1867\" data-end=\"1885\">Bracelet Vixen<\/strong> \u2013 une touche sensuelle port\u00e9e comme un signe, une suggestion ou un d\u00e9fi silencieux.<\/p>\n<p data-start=\"1961\" data-end=\"2046\"><strong data-start=\"1961\" data-end=\"1982\">Parfum aux ph\u00e9romones<\/strong> \u2013 pour la chaleur, la pr\u00e9sence et le frisson de l&#039;attraction invisible.<\/p>\n<p data-start=\"2048\" data-end=\"2144\"><strong data-start=\"2048\" data-end=\"2069\">Peinture corporelle comestible<\/strong> \u2013 pour \u00e9crire, pour go\u00fbter, ou simplement pour conserver comme une invitation ouverte.<\/p>\n<p data-start=\"2146\" data-end=\"2262\"><strong data-start=\"2146\" data-end=\"2161\">Carte rituelle<\/strong> \u2013 Scell\u00e9e dans une enveloppe italienne. Vierge, attendant une promesse, un ordre ou une confession manuscrite.<\/p>\n<p data-start=\"2264\" data-end=\"2353\">Chaque \u00e9l\u00e9ment est fabriqu\u00e9 ou s\u00e9lectionn\u00e9 \u00e0 la main.<br data-start=\"2305\" data-end=\"2308\" \/>Vous choisissez les mots \u2013 nous fa\u00e7onnons le rituel.<\/p>","protected":false},"excerpt":{"rendered":"<p data-start=\"112\" data-end=\"204\">Coffret cadeau rituel soigneusement s\u00e9lectionn\u00e9 pour <em data-start=\"1060\" data-end=\"1074\">Cerf et Renarde<\/em> couples.<br data-start=\"1083\" data-end=\"1086\" \/>Comprend une culotte transparente brod\u00e9e, un pendentif symbolique, un bracelet en cuir, un parfum aux ph\u00e9romones, de la peinture corporelle comestible et une carte rituelle manuscrite.<br data-start=\"1230\" data-end=\"1233\" \/>Cr\u00e9\u00e9 pour c\u00e9l\u00e9brer le d\u00e9sir, la tension et l&#039;art d&#039;\u00eatre vu<\/p>","protected":false},"featured_media":1796,"comment_status":"open","ping_status":"closed","template":"","meta":{"nf_dc_page":"","googlesitekit_rrm_CAowrc_CDA:productID":""},"product_brand":[],"product_cat":[26],"product_tag":[],"class_list":{"0":"post-1795","1":"product","2":"type-product","3":"status-publish","4":"has-post-thumbnail","6":"product_cat-bracelets-pendants","8":"first","9":"instock","10":"shipping-taxable","11":"purchasable","12":"product-type-simple"},"yoast_head":"<!-- This site is optimized with the Yoast SEO Premium plugin v25.6 (Yoast SEO v27.4) - https:\/\/yoast.com\/product\/yoast-seo-premium-wordpress\/ -->\n<title>The Stag &amp; Vixen Ritual Box | Symbol Jewelry &amp; Erotic Accessories \u2013 Handmade in Italy<\/title>\n<meta name=\"description\" content=\"Discover the ultimate couples intimacy gift box - a luxury ritual set designed to spark romance, connection, and unforgettable shared moments.\" \/>\n<meta name=\"robots\" content=\"index, follow, max-snippet:-1, max-image-preview:large, max-video-preview:-1\" \/>\n<link rel=\"canonical\" href=\"https:\/\/la-cortigiana.it\/fr\/produit\/the-stag-vixen-ritual-box\/\" \/>\n<meta property=\"og:locale\" content=\"fr_FR\" \/>\n<meta property=\"og:type\" content=\"article\" \/>\n<meta property=\"og:title\" content=\"The Stag &amp; Vixen Ritual Box | La Cortigiana \u2013 Handcrafted in Italy\" \/>\n<meta property=\"og:description\" content=\"Luxury handcrafted lingerie &amp; accessories from Italy. Sheer, sensual, made for bold desires. Discreet worldwide delivery.\" \/>\n<meta property=\"og:url\" content=\"https:\/\/la-cortigiana.it\/fr\/produit\/the-stag-vixen-ritual-box\/\" \/>\n<meta property=\"og:site_name\" content=\"La Cortigiana | Handcrafted Leather Accessories for Bold Desires\" \/>\n<meta property=\"article:publisher\" content=\"https:\/\/www.facebook.com\/LaCortigiana\/\" \/>\n<meta property=\"article:modified_time\" content=\"2025-11-07T12:25:01+00:00\" \/>\n<meta property=\"og:image\" content=\"https:\/\/la-cortigiana.it\/wp-content\/uploads\/2025\/07\/DSCF7732.jpg\" \/>\n\t<meta property=\"og:image:width\" content=\"1728\" \/>\n\t<meta property=\"og:image:height\" content=\"2160\" \/>\n\t<meta property=\"og:image:type\" content=\"image\/jpeg\" \/>\n<meta name=\"twitter:card\" content=\"summary_large_image\" \/>\n<meta name=\"twitter:site\" content=\"@la_cortigianait\" \/>\n<meta name=\"twitter:label1\" content=\"Dur\u00e9e de lecture estim\u00e9e\" \/>\n\t<meta name=\"twitter:data1\" content=\"1 minute\" \/>\n<script type=\"application\/ld+json\" class=\"yoast-schema-graph\">{\"@context\":\"https:\\\/\\\/schema.org\",\"@graph\":[{\"@type\":[\"WebPage\",\"ItemPage\"],\"@id\":\"https:\\\/\\\/la-cortigiana.it\\\/product\\\/the-stag-vixen-ritual-box\\\/\",\"url\":\"https:\\\/\\\/la-cortigiana.it\\\/product\\\/the-stag-vixen-ritual-box\\\/\",\"name\":\"The Stag & Vixen Ritual Box | Symbol Jewelry & Erotic Accessories \u2013 Handmade in Italy\",\"isPartOf\":{\"@id\":\"https:\\\/\\\/la-cortigiana.it\\\/#website\"},\"primaryImageOfPage\":{\"@id\":\"https:\\\/\\\/la-cortigiana.it\\\/product\\\/the-stag-vixen-ritual-box\\\/#primaryimage\"},\"image\":{\"@id\":\"https:\\\/\\\/la-cortigiana.it\\\/product\\\/the-stag-vixen-ritual-box\\\/#primaryimage\"},\"thumbnailUrl\":\"https:\\\/\\\/la-cortigiana.it\\\/wp-content\\\/uploads\\\/2025\\\/07\\\/DSCF7732.jpg\",\"datePublished\":\"2025-07-21T17:36:10+00:00\",\"dateModified\":\"2025-11-07T12:25:01+00:00\",\"description\":\"Discover the ultimate couples intimacy gift box - a luxury ritual set designed to spark romance, connection, and unforgettable shared moments.\",\"breadcrumb\":{\"@id\":\"https:\\\/\\\/la-cortigiana.it\\\/product\\\/the-stag-vixen-ritual-box\\\/#breadcrumb\"},\"inLanguage\":\"fr-FR\",\"potentialAction\":[{\"@type\":\"ReadAction\",\"target\":[\"https:\\\/\\\/la-cortigiana.it\\\/product\\\/the-stag-vixen-ritual-box\\\/\"]}]},{\"@type\":\"ImageObject\",\"inLanguage\":\"fr-FR\",\"@id\":\"https:\\\/\\\/la-cortigiana.it\\\/product\\\/the-stag-vixen-ritual-box\\\/#primaryimage\",\"url\":\"https:\\\/\\\/la-cortigiana.it\\\/wp-content\\\/uploads\\\/2025\\\/07\\\/DSCF7732.jpg\",\"contentUrl\":\"https:\\\/\\\/la-cortigiana.it\\\/wp-content\\\/uploads\\\/2025\\\/07\\\/DSCF7732.jpg\",\"width\":1728,\"height\":2160,\"caption\":\"stag and vixen gift box by La Cortigiana\"},{\"@type\":\"BreadcrumbList\",\"@id\":\"https:\\\/\\\/la-cortigiana.it\\\/product\\\/the-stag-vixen-ritual-box\\\/#breadcrumb\",\"itemListElement\":[{\"@type\":\"ListItem\",\"position\":1,\"name\":\"Home\",\"item\":\"https:\\\/\\\/la-cortigiana.it\\\/\"},{\"@type\":\"ListItem\",\"position\":2,\"name\":\"Shop\",\"item\":\"https:\\\/\\\/la-cortigiana.it\\\/shop\\\/\"},{\"@type\":\"ListItem\",\"position\":3,\"name\":\"The Stag &#038; Vixen Ritual Box\"}]},{\"@type\":\"WebSite\",\"@id\":\"https:\\\/\\\/la-cortigiana.it\\\/#website\",\"url\":\"https:\\\/\\\/la-cortigiana.it\\\/\",\"name\":\"La Cortigiana | Discreet Symbol Jewelry & Erotic Leather, Handmade in Italy\",\"description\":\"Quiet Marks of Chosen Desire\",\"publisher\":{\"@id\":\"https:\\\/\\\/la-cortigiana.it\\\/#organization\"},\"potentialAction\":[{\"@type\":\"SearchAction\",\"target\":{\"@type\":\"EntryPoint\",\"urlTemplate\":\"https:\\\/\\\/la-cortigiana.it\\\/?s={search_term_string}\"},\"query-input\":{\"@type\":\"PropertyValueSpecification\",\"valueRequired\":true,\"valueName\":\"search_term_string\"}}],\"inLanguage\":\"fr-FR\"},{\"@type\":\"Organization\",\"@id\":\"https:\\\/\\\/la-cortigiana.it\\\/#organization\",\"name\":\"La Cortigiana\",\"url\":\"https:\\\/\\\/la-cortigiana.it\\\/\",\"logo\":{\"@type\":\"ImageObject\",\"inLanguage\":\"fr-FR\",\"@id\":\"https:\\\/\\\/la-cortigiana.it\\\/#\\\/schema\\\/logo\\\/image\\\/\",\"url\":\"https:\\\/\\\/la-cortigiana.it\\\/wp-content\\\/uploads\\\/2025\\\/01\\\/La-Cortigiana.png\",\"contentUrl\":\"https:\\\/\\\/la-cortigiana.it\\\/wp-content\\\/uploads\\\/2025\\\/01\\\/La-Cortigiana.png\",\"width\":1646,\"height\":575,\"caption\":\"La Cortigiana\"},\"image\":{\"@id\":\"https:\\\/\\\/la-cortigiana.it\\\/#\\\/schema\\\/logo\\\/image\\\/\"},\"sameAs\":[\"https:\\\/\\\/www.facebook.com\\\/LaCortigiana\\\/\",\"https:\\\/\\\/x.com\\\/la_cortigianait\",\"https:\\\/\\\/www.instagram.com\\\/la_cortigiana.it\",\"https:\\\/\\\/substack.com\\\/@lacortigiana\"]}]}<\/script>\n<!-- \/ Yoast SEO Premium plugin. -->","yoast_head_json":{"title":"The Stag & Vixen Ritual Box | Symbol Jewelry & Erotic Accessories \u2013 Handmade in Italy","description":"D\u00e9couvrez le coffret cadeau ultime pour l&#039;intimit\u00e9 des couples - un ensemble rituel de luxe con\u00e7u pour susciter la romance, la connexion et des moments partag\u00e9s inoubliables.","robots":{"index":"index","follow":"follow","max-snippet":"max-snippet:-1","max-image-preview":"max-image-preview:large","max-video-preview":"max-video-preview:-1"},"canonical":"https:\/\/la-cortigiana.it\/fr\/produit\/the-stag-vixen-ritual-box\/","og_locale":"fr_FR","og_type":"article","og_title":"The Stag & Vixen Ritual Box | La Cortigiana \u2013 Handcrafted in Italy","og_description":"Luxury handcrafted lingerie & accessories from Italy. Sheer, sensual, made for bold desires. Discreet worldwide delivery.","og_url":"https:\/\/la-cortigiana.it\/fr\/produit\/the-stag-vixen-ritual-box\/","og_site_name":"La Cortigiana | Handcrafted Leather Accessories for Bold Desires","article_publisher":"https:\/\/www.facebook.com\/LaCortigiana\/","article_modified_time":"2025-11-07T12:25:01+00:00","og_image":[{"width":1728,"height":2160,"url":"https:\/\/la-cortigiana.it\/wp-content\/uploads\/2025\/07\/DSCF7732.jpg","type":"image\/jpeg"}],"twitter_card":"summary_large_image","twitter_site":"@la_cortigianait","twitter_misc":{"Dur\u00e9e de lecture estim\u00e9e":"1 minute"},"schema":{"@context":"https:\/\/schema.org","@graph":[{"@type":["WebPage","ItemPage"],"@id":"https:\/\/la-cortigiana.it\/product\/the-stag-vixen-ritual-box\/","url":"https:\/\/la-cortigiana.it\/product\/the-stag-vixen-ritual-box\/","name":"The Stag & Vixen Ritual Box | Symbol Jewelry & Erotic Accessories \u2013 Handmade in Italy","isPartOf":{"@id":"https:\/\/la-cortigiana.it\/#website"},"primaryImageOfPage":{"@id":"https:\/\/la-cortigiana.it\/product\/the-stag-vixen-ritual-box\/#primaryimage"},"image":{"@id":"https:\/\/la-cortigiana.it\/product\/the-stag-vixen-ritual-box\/#primaryimage"},"thumbnailUrl":"https:\/\/la-cortigiana.it\/wp-content\/uploads\/2025\/07\/DSCF7732.jpg","datePublished":"2025-07-21T17:36:10+00:00","dateModified":"2025-11-07T12:25:01+00:00","description":"D\u00e9couvrez le coffret cadeau ultime pour l&#039;intimit\u00e9 des couples - un ensemble rituel de luxe con\u00e7u pour susciter la romance, la connexion et des moments partag\u00e9s inoubliables.","breadcrumb":{"@id":"https:\/\/la-cortigiana.it\/product\/the-stag-vixen-ritual-box\/#breadcrumb"},"inLanguage":"fr-FR","potentialAction":[{"@type":"ReadAction","target":["https:\/\/la-cortigiana.it\/product\/the-stag-vixen-ritual-box\/"]}]},{"@type":"ImageObject","inLanguage":"fr-FR","@id":"https:\/\/la-cortigiana.it\/product\/the-stag-vixen-ritual-box\/#primaryimage","url":"https:\/\/la-cortigiana.it\/wp-content\/uploads\/2025\/07\/DSCF7732.jpg","contentUrl":"https:\/\/la-cortigiana.it\/wp-content\/uploads\/2025\/07\/DSCF7732.jpg","width":1728,"height":2160,"caption":"stag and vixen gift box by La Cortigiana"},{"@type":"BreadcrumbList","@id":"https:\/\/la-cortigiana.it\/product\/the-stag-vixen-ritual-box\/#breadcrumb","itemListElement":[{"@type":"ListItem","position":1,"name":"Home","item":"https:\/\/la-cortigiana.it\/"},{"@type":"ListItem","position":2,"name":"Shop","item":"https:\/\/la-cortigiana.it\/shop\/"},{"@type":"ListItem","position":3,"name":"The Stag &#038; Vixen Ritual Box"}]},{"@type":"WebSite","@id":"https:\/\/la-cortigiana.it\/#website","url":"https:\/\/la-cortigiana.it\/","name":"La Cortigiana | Bijoux discrets \u00e0 symboles et maroquinerie \u00e9rotique, fabriqu\u00e9s \u00e0 la main en Italie","description":"Marques discr\u00e8tes d&#039;un d\u00e9sir choisi","publisher":{"@id":"https:\/\/la-cortigiana.it\/#organization"},"potentialAction":[{"@type":"SearchAction","target":{"@type":"EntryPoint","urlTemplate":"https:\/\/la-cortigiana.it\/?s={search_term_string}"},"query-input":{"@type":"PropertyValueSpecification","valueRequired":true,"valueName":"search_term_string"}}],"inLanguage":"fr-FR"},{"@type":"Organization","@id":"https:\/\/la-cortigiana.it\/#organization","name":"La Cortigiana","url":"https:\/\/la-cortigiana.it\/","logo":{"@type":"ImageObject","inLanguage":"fr-FR","@id":"https:\/\/la-cortigiana.it\/#\/schema\/logo\/image\/","url":"https:\/\/la-cortigiana.it\/wp-content\/uploads\/2025\/01\/La-Cortigiana.png","contentUrl":"https:\/\/la-cortigiana.it\/wp-content\/uploads\/2025\/01\/La-Cortigiana.png","width":1646,"height":575,"caption":"La Cortigiana"},"image":{"@id":"https:\/\/la-cortigiana.it\/#\/schema\/logo\/image\/"},"sameAs":["https:\/\/www.facebook.com\/LaCortigiana\/","https:\/\/x.com\/la_cortigianait","https:\/\/www.instagram.com\/la_cortigiana.it","https:\/\/substack.com\/@lacortigiana"]}]}},"_links":{"self":[{"href":"https:\/\/la-cortigiana.it\/fr\/wp-json\/wp\/v2\/product\/1795","targetHints":{"allow":["GET"]}}],"collection":[{"href":"https:\/\/la-cortigiana.it\/fr\/wp-json\/wp\/v2\/product"}],"about":[{"href":"https:\/\/la-cortigiana.it\/fr\/wp-json\/wp\/v2\/types\/product"}],"replies":[{"embeddable":true,"href":"https:\/\/la-cortigiana.it\/fr\/wp-json\/wp\/v2\/comments?post=1795"}],"wp:featuredmedia":[{"embeddable":true,"href":"https:\/\/la-cortigiana.it\/fr\/wp-json\/wp\/v2\/media\/1796"}],"wp:attachment":[{"href":"https:\/\/la-cortigiana.it\/fr\/wp-json\/wp\/v2\/media?parent=1795"}],"wp:term":[{"taxonomy":"product_brand","embeddable":true,"href":"https:\/\/la-cortigiana.it\/fr\/wp-json\/wp\/v2\/product_brand?post=1795"},{"taxonomy":"product_cat","embeddable":true,"href":"https:\/\/la-cortigiana.it\/fr\/wp-json\/wp\/v2\/product_cat?post=1795"},{"taxonomy":"product_tag","embeddable":true,"href":"https:\/\/la-cortigiana.it\/fr\/wp-json\/wp\/v2\/product_tag?post=1795"}],"curies":[{"name":"wp","href":"https:\/\/api.w.org\/{rel}","templated":true}]}}