{"id":2075,"date":"2025-11-19T13:30:11","date_gmt":"2025-11-19T12:30:11","guid":{"rendered":"https:\/\/la-cortigiana.it\/?post_type=product&#038;p=2075"},"modified":"2025-12-22T16:37:49","modified_gmt":"2025-12-22T15:37:49","slug":"bdsm-symbol-leather-bracelet","status":"publish","type":"product","link":"https:\/\/la-cortigiana.it\/fr\/produit\/bdsm-symbol-leather-bracelet\/","title":{"rendered":"Bracelet en cuir avec symbole BDSM"},"content":{"rendered":"<p data-start=\"1149\" data-end=\"1361\">Le <strong data-start=\"1153\" data-end=\"1185\">Bracelet en cuir avec symbole BDSM<\/strong> est fabriqu\u00e9 \u00e0 partir de mat\u00e9riaux authentiques <strong data-start=\"1209\" data-end=\"1236\">Cuir de vachette toscan<\/strong> \u2013 un cuir traditionnel \u00e0 tannage v\u00e9g\u00e9tal, reconnu pour son grain fin, sa structure solide et la patine chaleureuse qu&#039;il d\u00e9veloppe avec le temps.<\/p>\n<p data-start=\"1363\" data-end=\"1667\">Chaque bracelet est <strong data-start=\"1380\" data-end=\"1423\">D\u00e9coup\u00e9, fa\u00e7onn\u00e9 et fini \u00e0 la main en Italie<\/strong>, en utilisant des techniques traditionnelles qui conf\u00e8rent \u00e0 chaque pi\u00e8ce sa propre texture et son propre caract\u00e8re.<br data-start=\"1505\" data-end=\"1508\" \/>Vous pouvez choisir entre <strong data-start=\"1531\" data-end=\"1540\">noir<\/strong>, <strong data-start=\"1542\" data-end=\"1552\">Cognac<\/strong>, ou <strong data-start=\"1557\" data-end=\"1583\">vachette naturelle l\u00e9g\u00e8re<\/strong> \u2014 trois teintes classiques qui vieillissent magnifiquement et portent votre empreinte personnelle au fil du temps.<\/p>\n<p data-start=\"1669\" data-end=\"1873\">Le symbole BDSM peut \u00eatre emboss\u00e9 sur le <strong data-start=\"1708\" data-end=\"1719\">dehors<\/strong>,<br data-start=\"1720\" data-end=\"1723\" \/>ou plac\u00e9 <strong data-start=\"1733\" data-end=\"1750\">\u00e0 l&#039;int\u00e9rieur<\/strong> Pour une version plus discr\u00e8te\u00a0: un bracelet d\u2019apparence minimaliste jusqu\u2019\u00e0 ce qu\u2019on s\u2019approche suffisamment pour en d\u00e9couvrir la v\u00e9ritable signification.<\/p>\n<p data-start=\"1875\" data-end=\"1984\">Nous proposons \u00e9galement <strong data-start=\"1889\" data-end=\"1909\">gravure personnalis\u00e9e<\/strong> Au recto ou au verso\u00a0: initiales, dates, une phrase ou votre propre symbole.<\/p>\n<p data-start=\"1986\" data-end=\"2064\">Chaque bracelet est confectionn\u00e9 sur mesure pour s&#039;adapter parfaitement \u00e0 votre poignet et vous offrir un maintien confortable et s\u00fbr.<\/p>\n<p data-start=\"2066\" data-end=\"2187\"><strong data-start=\"2066\" data-end=\"2187\">Fabriqu\u00e9 \u00e0 la main en Italie.<br data-start=\"2086\" data-end=\"2089\" \/>Cuir vachetta toscan.<br data-start=\"2113\" data-end=\"2116\" \/>Un symbole BDSM personnel que vous pouvez porter au quotidien \u2013 avec audace ou discr\u00e9tion.<\/strong><\/p>","protected":false},"excerpt":{"rendered":"<p>Un bracelet fait main \u00e0 partir de <strong data-start=\"872\" data-end=\"899\">Cuir de vachette toscan<\/strong>, Disponible en noir, cognac et nude naturel.<br data-start=\"946\" data-end=\"949\" \/>Le symbole BDSM peut \u00eatre emboss\u00e9 \u00e0 l&#039;ext\u00e9rieur ou dissimul\u00e9 \u00e0 l&#039;int\u00e9rieur pour un design discret et personnel.<br data-start=\"1038\" data-end=\"1041\" \/>Gravure personnalis\u00e9e disponible sur les deux faces.<br data-start=\"1082\" data-end=\"1085\" \/>Fabriqu\u00e9 en Italie sur mesure.<\/p>","protected":false},"featured_media":2151,"comment_status":"open","ping_status":"closed","template":"","meta":{"nf_dc_page":"","googlesitekit_rrm_CAowrc_CDA:productID":""},"product_brand":[],"product_cat":[24],"product_tag":[],"class_list":{"0":"post-2075","1":"product","2":"type-product","3":"status-publish","4":"has-post-thumbnail","6":"product_cat-bracelets","8":"first","9":"instock","10":"shipping-taxable","11":"purchasable","12":"product-type-simple"},"yoast_head":"<!-- This site is optimized with the Yoast SEO Premium plugin v25.6 (Yoast SEO v27.4) - https:\/\/yoast.com\/product\/yoast-seo-premium-wordpress\/ -->\n<title>BDSM Symbol Leather Bracelet | Symbol Jewelry &amp; Erotic Accessories \u2013 Handmade in Italy<\/title>\n<meta name=\"description\" content=\"Indulge in BDSM Symbol Leather Bracelet \u2013 handcrafted in Italy. Discreet symbol jewelry, erotic leather accessories and intimate pieces for hotwife, cuckold and lifestyle dynamics. Worldwide shipping.\" \/>\n<meta name=\"robots\" content=\"index, follow, max-snippet:-1, max-image-preview:large, max-video-preview:-1\" \/>\n<link rel=\"canonical\" href=\"https:\/\/la-cortigiana.it\/fr\/produit\/bdsm-symbol-leather-bracelet\/\" \/>\n<meta property=\"og:locale\" content=\"fr_FR\" \/>\n<meta property=\"og:type\" content=\"article\" \/>\n<meta property=\"og:title\" content=\"BDSM Symbol Leather Bracelet | La Cortigiana \u2013 Handcrafted in Italy\" \/>\n<meta property=\"og:description\" content=\"Luxury handcrafted lingerie &amp; accessories from Italy. Sheer, sensual, made for bold desires. Discreet worldwide delivery.\" \/>\n<meta property=\"og:url\" content=\"https:\/\/la-cortigiana.it\/fr\/produit\/bdsm-symbol-leather-bracelet\/\" \/>\n<meta property=\"og:site_name\" content=\"La Cortigiana | Handcrafted Leather Accessories for Bold Desires\" \/>\n<meta property=\"article:publisher\" content=\"https:\/\/www.facebook.com\/LaCortigiana\/\" \/>\n<meta property=\"article:modified_time\" content=\"2025-12-22T15:37:49+00:00\" \/>\n<meta property=\"og:image\" content=\"https:\/\/la-cortigiana.it\/wp-content\/uploads\/2025\/11\/bdsmbracelet-2.jpg\" \/>\n\t<meta property=\"og:image:width\" content=\"1333\" \/>\n\t<meta property=\"og:image:height\" content=\"2000\" \/>\n\t<meta property=\"og:image:type\" content=\"image\/jpeg\" \/>\n<meta name=\"twitter:card\" content=\"summary_large_image\" \/>\n<meta name=\"twitter:site\" content=\"@la_cortigianait\" \/>\n<meta name=\"twitter:label1\" content=\"Dur\u00e9e de lecture estim\u00e9e\" \/>\n\t<meta name=\"twitter:data1\" content=\"1 minute\" \/>\n<script type=\"application\/ld+json\" class=\"yoast-schema-graph\">{\"@context\":\"https:\\\/\\\/schema.org\",\"@graph\":[{\"@type\":[\"WebPage\",\"ItemPage\"],\"@id\":\"https:\\\/\\\/la-cortigiana.it\\\/product\\\/bdsm-symbol-leather-bracelet\\\/\",\"url\":\"https:\\\/\\\/la-cortigiana.it\\\/product\\\/bdsm-symbol-leather-bracelet\\\/\",\"name\":\"BDSM Symbol Leather Bracelet | Symbol Jewelry & Erotic Accessories \u2013 Handmade in Italy\",\"isPartOf\":{\"@id\":\"https:\\\/\\\/la-cortigiana.it\\\/#website\"},\"primaryImageOfPage\":{\"@id\":\"https:\\\/\\\/la-cortigiana.it\\\/product\\\/bdsm-symbol-leather-bracelet\\\/#primaryimage\"},\"image\":{\"@id\":\"https:\\\/\\\/la-cortigiana.it\\\/product\\\/bdsm-symbol-leather-bracelet\\\/#primaryimage\"},\"thumbnailUrl\":\"https:\\\/\\\/la-cortigiana.it\\\/wp-content\\\/uploads\\\/2025\\\/11\\\/bdsmbracelet-2.jpg\",\"datePublished\":\"2025-11-19T12:30:11+00:00\",\"dateModified\":\"2025-12-22T15:37:49+00:00\",\"description\":\"Indulge in BDSM Symbol Leather Bracelet \u2013 handcrafted in Italy. Discreet symbol jewelry, erotic leather accessories and intimate pieces for hotwife, cuckold and lifestyle dynamics. Worldwide shipping.\",\"breadcrumb\":{\"@id\":\"https:\\\/\\\/la-cortigiana.it\\\/product\\\/bdsm-symbol-leather-bracelet\\\/#breadcrumb\"},\"inLanguage\":\"fr-FR\",\"potentialAction\":[{\"@type\":\"ReadAction\",\"target\":[\"https:\\\/\\\/la-cortigiana.it\\\/product\\\/bdsm-symbol-leather-bracelet\\\/\"]}]},{\"@type\":\"ImageObject\",\"inLanguage\":\"fr-FR\",\"@id\":\"https:\\\/\\\/la-cortigiana.it\\\/product\\\/bdsm-symbol-leather-bracelet\\\/#primaryimage\",\"url\":\"https:\\\/\\\/la-cortigiana.it\\\/wp-content\\\/uploads\\\/2025\\\/11\\\/bdsmbracelet-2.jpg\",\"contentUrl\":\"https:\\\/\\\/la-cortigiana.it\\\/wp-content\\\/uploads\\\/2025\\\/11\\\/bdsmbracelet-2.jpg\",\"width\":1333,\"height\":2000,\"caption\":\"BDSM Bracelet by La Cortigiana\"},{\"@type\":\"BreadcrumbList\",\"@id\":\"https:\\\/\\\/la-cortigiana.it\\\/product\\\/bdsm-symbol-leather-bracelet\\\/#breadcrumb\",\"itemListElement\":[{\"@type\":\"ListItem\",\"position\":1,\"name\":\"Home\",\"item\":\"https:\\\/\\\/la-cortigiana.it\\\/\"},{\"@type\":\"ListItem\",\"position\":2,\"name\":\"Shop\",\"item\":\"https:\\\/\\\/la-cortigiana.it\\\/shop\\\/\"},{\"@type\":\"ListItem\",\"position\":3,\"name\":\"BDSM Symbol Leather Bracelet\"}]},{\"@type\":\"WebSite\",\"@id\":\"https:\\\/\\\/la-cortigiana.it\\\/#website\",\"url\":\"https:\\\/\\\/la-cortigiana.it\\\/\",\"name\":\"La Cortigiana | Discreet Symbol Jewelry & Erotic Leather, Handmade in Italy\",\"description\":\"Quiet Marks of Chosen Desire\",\"publisher\":{\"@id\":\"https:\\\/\\\/la-cortigiana.it\\\/#organization\"},\"potentialAction\":[{\"@type\":\"SearchAction\",\"target\":{\"@type\":\"EntryPoint\",\"urlTemplate\":\"https:\\\/\\\/la-cortigiana.it\\\/?s={search_term_string}\"},\"query-input\":{\"@type\":\"PropertyValueSpecification\",\"valueRequired\":true,\"valueName\":\"search_term_string\"}}],\"inLanguage\":\"fr-FR\"},{\"@type\":\"Organization\",\"@id\":\"https:\\\/\\\/la-cortigiana.it\\\/#organization\",\"name\":\"La Cortigiana\",\"url\":\"https:\\\/\\\/la-cortigiana.it\\\/\",\"logo\":{\"@type\":\"ImageObject\",\"inLanguage\":\"fr-FR\",\"@id\":\"https:\\\/\\\/la-cortigiana.it\\\/#\\\/schema\\\/logo\\\/image\\\/\",\"url\":\"https:\\\/\\\/la-cortigiana.it\\\/wp-content\\\/uploads\\\/2025\\\/01\\\/La-Cortigiana.png\",\"contentUrl\":\"https:\\\/\\\/la-cortigiana.it\\\/wp-content\\\/uploads\\\/2025\\\/01\\\/La-Cortigiana.png\",\"width\":1646,\"height\":575,\"caption\":\"La Cortigiana\"},\"image\":{\"@id\":\"https:\\\/\\\/la-cortigiana.it\\\/#\\\/schema\\\/logo\\\/image\\\/\"},\"sameAs\":[\"https:\\\/\\\/www.facebook.com\\\/LaCortigiana\\\/\",\"https:\\\/\\\/x.com\\\/la_cortigianait\",\"https:\\\/\\\/www.instagram.com\\\/la_cortigiana.it\",\"https:\\\/\\\/substack.com\\\/@lacortigiana\"]}]}<\/script>\n<!-- \/ Yoast SEO Premium plugin. -->","yoast_head_json":{"title":"Bracelet en cuir avec symbole BDSM | Bijoux et accessoires \u00e9rotiques \u2013 Fait main en Italie","description":"Laissez-vous tenter par un bracelet en cuir orn\u00e9 de symboles BDSM \u2013 fabriqu\u00e9 artisanalement en Italie. Bijoux discrets, accessoires \u00e9rotiques en cuir et pi\u00e8ces intimes pour les couples adeptes du hotwife, du cuckolding et autres dynamiques de vie. Livraison internationale.","robots":{"index":"index","follow":"follow","max-snippet":"max-snippet:-1","max-image-preview":"max-image-preview:large","max-video-preview":"max-video-preview:-1"},"canonical":"https:\/\/la-cortigiana.it\/fr\/produit\/bdsm-symbol-leather-bracelet\/","og_locale":"fr_FR","og_type":"article","og_title":"BDSM Symbol Leather Bracelet | La Cortigiana \u2013 Handcrafted in Italy","og_description":"Luxury handcrafted lingerie & accessories from Italy. Sheer, sensual, made for bold desires. Discreet worldwide delivery.","og_url":"https:\/\/la-cortigiana.it\/fr\/produit\/bdsm-symbol-leather-bracelet\/","og_site_name":"La Cortigiana | Handcrafted Leather Accessories for Bold Desires","article_publisher":"https:\/\/www.facebook.com\/LaCortigiana\/","article_modified_time":"2025-12-22T15:37:49+00:00","og_image":[{"width":1333,"height":2000,"url":"https:\/\/la-cortigiana.it\/wp-content\/uploads\/2025\/11\/bdsmbracelet-2.jpg","type":"image\/jpeg"}],"twitter_card":"summary_large_image","twitter_site":"@la_cortigianait","twitter_misc":{"Dur\u00e9e de lecture estim\u00e9e":"1 minute"},"schema":{"@context":"https:\/\/schema.org","@graph":[{"@type":["WebPage","ItemPage"],"@id":"https:\/\/la-cortigiana.it\/product\/bdsm-symbol-leather-bracelet\/","url":"https:\/\/la-cortigiana.it\/product\/bdsm-symbol-leather-bracelet\/","name":"Bracelet en cuir avec symbole BDSM | Bijoux et accessoires \u00e9rotiques \u2013 Fait main en Italie","isPartOf":{"@id":"https:\/\/la-cortigiana.it\/#website"},"primaryImageOfPage":{"@id":"https:\/\/la-cortigiana.it\/product\/bdsm-symbol-leather-bracelet\/#primaryimage"},"image":{"@id":"https:\/\/la-cortigiana.it\/product\/bdsm-symbol-leather-bracelet\/#primaryimage"},"thumbnailUrl":"https:\/\/la-cortigiana.it\/wp-content\/uploads\/2025\/11\/bdsmbracelet-2.jpg","datePublished":"2025-11-19T12:30:11+00:00","dateModified":"2025-12-22T15:37:49+00:00","description":"Laissez-vous tenter par un bracelet en cuir orn\u00e9 de symboles BDSM \u2013 fabriqu\u00e9 artisanalement en Italie. Bijoux discrets, accessoires \u00e9rotiques en cuir et pi\u00e8ces intimes pour les couples adeptes du hotwife, du cuckolding et autres dynamiques de vie. Livraison internationale.","breadcrumb":{"@id":"https:\/\/la-cortigiana.it\/product\/bdsm-symbol-leather-bracelet\/#breadcrumb"},"inLanguage":"fr-FR","potentialAction":[{"@type":"ReadAction","target":["https:\/\/la-cortigiana.it\/product\/bdsm-symbol-leather-bracelet\/"]}]},{"@type":"ImageObject","inLanguage":"fr-FR","@id":"https:\/\/la-cortigiana.it\/product\/bdsm-symbol-leather-bracelet\/#primaryimage","url":"https:\/\/la-cortigiana.it\/wp-content\/uploads\/2025\/11\/bdsmbracelet-2.jpg","contentUrl":"https:\/\/la-cortigiana.it\/wp-content\/uploads\/2025\/11\/bdsmbracelet-2.jpg","width":1333,"height":2000,"caption":"BDSM Bracelet by La Cortigiana"},{"@type":"BreadcrumbList","@id":"https:\/\/la-cortigiana.it\/product\/bdsm-symbol-leather-bracelet\/#breadcrumb","itemListElement":[{"@type":"ListItem","position":1,"name":"Home","item":"https:\/\/la-cortigiana.it\/"},{"@type":"ListItem","position":2,"name":"Shop","item":"https:\/\/la-cortigiana.it\/shop\/"},{"@type":"ListItem","position":3,"name":"BDSM Symbol Leather Bracelet"}]},{"@type":"WebSite","@id":"https:\/\/la-cortigiana.it\/#website","url":"https:\/\/la-cortigiana.it\/","name":"La Cortigiana | Bijoux discrets \u00e0 symboles et maroquinerie \u00e9rotique, fabriqu\u00e9s \u00e0 la main en Italie","description":"Marques discr\u00e8tes d&#039;un d\u00e9sir choisi","publisher":{"@id":"https:\/\/la-cortigiana.it\/#organization"},"potentialAction":[{"@type":"SearchAction","target":{"@type":"EntryPoint","urlTemplate":"https:\/\/la-cortigiana.it\/?s={search_term_string}"},"query-input":{"@type":"PropertyValueSpecification","valueRequired":true,"valueName":"search_term_string"}}],"inLanguage":"fr-FR"},{"@type":"Organization","@id":"https:\/\/la-cortigiana.it\/#organization","name":"La Cortigiana","url":"https:\/\/la-cortigiana.it\/","logo":{"@type":"ImageObject","inLanguage":"fr-FR","@id":"https:\/\/la-cortigiana.it\/#\/schema\/logo\/image\/","url":"https:\/\/la-cortigiana.it\/wp-content\/uploads\/2025\/01\/La-Cortigiana.png","contentUrl":"https:\/\/la-cortigiana.it\/wp-content\/uploads\/2025\/01\/La-Cortigiana.png","width":1646,"height":575,"caption":"La Cortigiana"},"image":{"@id":"https:\/\/la-cortigiana.it\/#\/schema\/logo\/image\/"},"sameAs":["https:\/\/www.facebook.com\/LaCortigiana\/","https:\/\/x.com\/la_cortigianait","https:\/\/www.instagram.com\/la_cortigiana.it","https:\/\/substack.com\/@lacortigiana"]}]}},"_links":{"self":[{"href":"https:\/\/la-cortigiana.it\/fr\/wp-json\/wp\/v2\/product\/2075","targetHints":{"allow":["GET"]}}],"collection":[{"href":"https:\/\/la-cortigiana.it\/fr\/wp-json\/wp\/v2\/product"}],"about":[{"href":"https:\/\/la-cortigiana.it\/fr\/wp-json\/wp\/v2\/types\/product"}],"replies":[{"embeddable":true,"href":"https:\/\/la-cortigiana.it\/fr\/wp-json\/wp\/v2\/comments?post=2075"}],"wp:featuredmedia":[{"embeddable":true,"href":"https:\/\/la-cortigiana.it\/fr\/wp-json\/wp\/v2\/media\/2151"}],"wp:attachment":[{"href":"https:\/\/la-cortigiana.it\/fr\/wp-json\/wp\/v2\/media?parent=2075"}],"wp:term":[{"taxonomy":"product_brand","embeddable":true,"href":"https:\/\/la-cortigiana.it\/fr\/wp-json\/wp\/v2\/product_brand?post=2075"},{"taxonomy":"product_cat","embeddable":true,"href":"https:\/\/la-cortigiana.it\/fr\/wp-json\/wp\/v2\/product_cat?post=2075"},{"taxonomy":"product_tag","embeddable":true,"href":"https:\/\/la-cortigiana.it\/fr\/wp-json\/wp\/v2\/product_tag?post=2075"}],"curies":[{"name":"wp","href":"https:\/\/api.w.org\/{rel}","templated":true}]}}