{"id":2094,"date":"2025-12-02T16:52:49","date_gmt":"2025-12-02T15:52:49","guid":{"rendered":"https:\/\/la-cortigiana.it\/?post_type=product&#038;p=2094"},"modified":"2026-02-14T13:27:18","modified_gmt":"2026-02-14T12:27:18","slug":"shibari-pendant-bound-hands","status":"publish","type":"product","link":"https:\/\/la-cortigiana.it\/fr\/produit\/shibari-pendant-bound-hands\/","title":{"rendered":"Pendentif Shibari, relique des mains li\u00e9es"},"content":{"rendered":"<p data-start=\"1095\" data-end=\"1465\"><strong data-start=\"1095\" data-end=\"1120\">La relique des mains li\u00e9es<\/strong> est con\u00e7u comme un objet de puissance tranquille.<br data-start=\"1160\" data-end=\"1163\" \/>Dans son cadre en m\u00e9tal vieilli se trouve une incrustation de noyer naturel, grav\u00e9e du sceau des Mains Li\u00e9es \u2013 un geste symbolique issu du langage rituel de la corde. Deux mains se rejoignent dans un geste d&#039;abandon et de connexion, stylis\u00e9 pour appara\u00eetre non comme une repr\u00e9sentation anatomique, mais comme un embl\u00e8me de confiance et d&#039;intention partag\u00e9e.<\/p>\n<p data-start=\"1467\" data-end=\"1754\">Le contraste entre le grain chaud du noyer et la patine froide du m\u00e9tal conf\u00e8re \u00e0 la pi\u00e8ce l&#039;aspect d&#039;un artefact d\u00e9couvert plut\u00f4t que fabriqu\u00e9. L&#039;amulette est suspendue \u00e0 un cordon de cuir souple qui s&#039;adapte au corps de celui ou celle qui la porte au fil du temps, cr\u00e9ant ainsi une patine et une pr\u00e9sence uniques.<\/p>\n<p data-start=\"1756\" data-end=\"1942\">Ce texte n&#039;est pas cens\u00e9 \u00eatre \u00e9vident.<br data-start=\"1794\" data-end=\"1797\" \/>C&#039;est discret, intime et significatif uniquement pour ceux qui en comprennent le vocabulaire \u2013 un signe priv\u00e9 de d\u00e9votion, de tension, de douceur et de lib\u00e9ration.<\/p>\n<p data-start=\"1944\" data-end=\"2098\">Chaque amulette peut \u00eatre personnalis\u00e9e avec jusqu&#039;\u00e0 deux glyphes personnels, stylis\u00e9s individuellement par notre studio afin de pr\u00e9server l&#039;esth\u00e9tique rituelle du mod\u00e8le original.<\/p>\n<p data-start=\"2100\" data-end=\"2165\">Fabriqu\u00e9 artisanalement en Italie.<br data-start=\"2121\" data-end=\"2124\" \/>Con\u00e7u et cr\u00e9\u00e9 exclusivement par <strong data-start=\"2147\" data-end=\"2164\">La Cortigiana<\/strong>.<\/p>","protected":false},"excerpt":{"rendered":"<blockquote data-start=\"667\" data-end=\"890\">\n<p data-start=\"669\" data-end=\"890\">Amulette en m\u00e9tal vieilli sertie de bois de noyer naturel, grav\u00e9e de notre sceau des Mains Li\u00e9es \u2013 symbole de confiance, de d\u00e9votion et du langage intime de la corde. Suspendue \u00e0 un cordon de cuir souple.<\/p>\n<\/blockquote>","protected":false},"featured_media":2189,"comment_status":"open","ping_status":"closed","template":"","meta":{"nf_dc_page":"","googlesitekit_rrm_CAowrc_CDA:productID":""},"product_brand":[],"product_cat":[26],"product_tag":[],"class_list":{"0":"post-2094","1":"product","2":"type-product","3":"status-publish","4":"has-post-thumbnail","6":"product_cat-bracelets-pendants","8":"first","9":"instock","10":"shipping-taxable","11":"purchasable","12":"product-type-simple"},"yoast_head":"<!-- This site is optimized with the Yoast SEO Premium plugin v25.6 (Yoast SEO v27.4) - https:\/\/yoast.com\/product\/yoast-seo-premium-wordpress\/ -->\n<title>Shibari Pendant The Bound Hands Relic | Symbol Jewelry &amp; Erotic Accessories \u2013 Handmade in Italy<\/title>\n<meta name=\"description\" content=\"Discover the ultimate couples intimacy gift box - a luxury ritual set designed to spark romance, connection, and unforgettable shared moments.\" \/>\n<meta name=\"robots\" content=\"index, follow, max-snippet:-1, max-image-preview:large, max-video-preview:-1\" \/>\n<link rel=\"canonical\" href=\"https:\/\/la-cortigiana.it\/fr\/produit\/shibari-pendant-bound-hands\/\" \/>\n<meta property=\"og:locale\" content=\"fr_FR\" \/>\n<meta property=\"og:type\" content=\"article\" \/>\n<meta property=\"og:title\" content=\"Shibari Pendant The Bound Hands Relic | La Cortigiana \u2013 Handcrafted in Italy\" \/>\n<meta property=\"og:description\" content=\"Luxury handcrafted lingerie &amp; accessories from Italy. Sheer, sensual, made for bold desires. Discreet worldwide delivery.\" \/>\n<meta property=\"og:url\" content=\"https:\/\/la-cortigiana.it\/fr\/produit\/shibari-pendant-bound-hands\/\" \/>\n<meta property=\"og:site_name\" content=\"La Cortigiana | Handcrafted Leather Accessories for Bold Desires\" \/>\n<meta property=\"article:publisher\" content=\"https:\/\/www.facebook.com\/LaCortigiana\/\" \/>\n<meta property=\"article:modified_time\" content=\"2026-02-14T12:27:18+00:00\" \/>\n<meta property=\"og:image\" content=\"https:\/\/la-cortigiana.it\/wp-content\/uploads\/2025\/12\/DSCF4820.jpg\" \/>\n\t<meta property=\"og:image:width\" content=\"1600\" \/>\n\t<meta property=\"og:image:height\" content=\"2000\" \/>\n\t<meta property=\"og:image:type\" content=\"image\/jpeg\" \/>\n<meta name=\"twitter:card\" content=\"summary_large_image\" \/>\n<meta name=\"twitter:site\" content=\"@la_cortigianait\" \/>\n<meta name=\"twitter:label1\" content=\"Dur\u00e9e de lecture estim\u00e9e\" \/>\n\t<meta name=\"twitter:data1\" content=\"1 minute\" \/>\n<script type=\"application\/ld+json\" class=\"yoast-schema-graph\">{\"@context\":\"https:\\\/\\\/schema.org\",\"@graph\":[{\"@type\":[\"WebPage\",\"ItemPage\"],\"@id\":\"https:\\\/\\\/la-cortigiana.it\\\/product\\\/shibari-pendant-bound-hands\\\/\",\"url\":\"https:\\\/\\\/la-cortigiana.it\\\/product\\\/shibari-pendant-bound-hands\\\/\",\"name\":\"Shibari Pendant The Bound Hands Relic | Symbol Jewelry & Erotic Accessories \u2013 Handmade in Italy\",\"isPartOf\":{\"@id\":\"https:\\\/\\\/la-cortigiana.it\\\/#website\"},\"primaryImageOfPage\":{\"@id\":\"https:\\\/\\\/la-cortigiana.it\\\/product\\\/shibari-pendant-bound-hands\\\/#primaryimage\"},\"image\":{\"@id\":\"https:\\\/\\\/la-cortigiana.it\\\/product\\\/shibari-pendant-bound-hands\\\/#primaryimage\"},\"thumbnailUrl\":\"https:\\\/\\\/la-cortigiana.it\\\/wp-content\\\/uploads\\\/2025\\\/12\\\/DSCF4820.jpg\",\"datePublished\":\"2025-12-02T15:52:49+00:00\",\"dateModified\":\"2026-02-14T12:27:18+00:00\",\"description\":\"Discover the ultimate couples intimacy gift box - a luxury ritual set designed to spark romance, connection, and unforgettable shared moments.\",\"breadcrumb\":{\"@id\":\"https:\\\/\\\/la-cortigiana.it\\\/product\\\/shibari-pendant-bound-hands\\\/#breadcrumb\"},\"inLanguage\":\"fr-FR\",\"potentialAction\":[{\"@type\":\"ReadAction\",\"target\":[\"https:\\\/\\\/la-cortigiana.it\\\/product\\\/shibari-pendant-bound-hands\\\/\"]}]},{\"@type\":\"ImageObject\",\"inLanguage\":\"fr-FR\",\"@id\":\"https:\\\/\\\/la-cortigiana.it\\\/product\\\/shibari-pendant-bound-hands\\\/#primaryimage\",\"url\":\"https:\\\/\\\/la-cortigiana.it\\\/wp-content\\\/uploads\\\/2025\\\/12\\\/DSCF4820.jpg\",\"contentUrl\":\"https:\\\/\\\/la-cortigiana.it\\\/wp-content\\\/uploads\\\/2025\\\/12\\\/DSCF4820.jpg\",\"width\":1600,\"height\":2000,\"caption\":\"shibari pendant\"},{\"@type\":\"BreadcrumbList\",\"@id\":\"https:\\\/\\\/la-cortigiana.it\\\/product\\\/shibari-pendant-bound-hands\\\/#breadcrumb\",\"itemListElement\":[{\"@type\":\"ListItem\",\"position\":1,\"name\":\"Home\",\"item\":\"https:\\\/\\\/la-cortigiana.it\\\/\"},{\"@type\":\"ListItem\",\"position\":2,\"name\":\"Shop\",\"item\":\"https:\\\/\\\/la-cortigiana.it\\\/shop\\\/\"},{\"@type\":\"ListItem\",\"position\":3,\"name\":\"Shibari Pendant The Bound Hands Relic\"}]},{\"@type\":\"WebSite\",\"@id\":\"https:\\\/\\\/la-cortigiana.it\\\/#website\",\"url\":\"https:\\\/\\\/la-cortigiana.it\\\/\",\"name\":\"La Cortigiana | Discreet Symbol Jewelry & Erotic Leather, Handmade in Italy\",\"description\":\"Quiet Marks of Chosen Desire\",\"publisher\":{\"@id\":\"https:\\\/\\\/la-cortigiana.it\\\/#organization\"},\"potentialAction\":[{\"@type\":\"SearchAction\",\"target\":{\"@type\":\"EntryPoint\",\"urlTemplate\":\"https:\\\/\\\/la-cortigiana.it\\\/?s={search_term_string}\"},\"query-input\":{\"@type\":\"PropertyValueSpecification\",\"valueRequired\":true,\"valueName\":\"search_term_string\"}}],\"inLanguage\":\"fr-FR\"},{\"@type\":\"Organization\",\"@id\":\"https:\\\/\\\/la-cortigiana.it\\\/#organization\",\"name\":\"La Cortigiana\",\"url\":\"https:\\\/\\\/la-cortigiana.it\\\/\",\"logo\":{\"@type\":\"ImageObject\",\"inLanguage\":\"fr-FR\",\"@id\":\"https:\\\/\\\/la-cortigiana.it\\\/#\\\/schema\\\/logo\\\/image\\\/\",\"url\":\"https:\\\/\\\/la-cortigiana.it\\\/wp-content\\\/uploads\\\/2025\\\/01\\\/La-Cortigiana.png\",\"contentUrl\":\"https:\\\/\\\/la-cortigiana.it\\\/wp-content\\\/uploads\\\/2025\\\/01\\\/La-Cortigiana.png\",\"width\":1646,\"height\":575,\"caption\":\"La Cortigiana\"},\"image\":{\"@id\":\"https:\\\/\\\/la-cortigiana.it\\\/#\\\/schema\\\/logo\\\/image\\\/\"},\"sameAs\":[\"https:\\\/\\\/www.facebook.com\\\/LaCortigiana\\\/\",\"https:\\\/\\\/x.com\\\/la_cortigianait\",\"https:\\\/\\\/www.instagram.com\\\/la_cortigiana.it\",\"https:\\\/\\\/substack.com\\\/@lacortigiana\"]}]}<\/script>\n<!-- \/ Yoast SEO Premium plugin. -->","yoast_head_json":{"title":"Shibari Pendant The Bound Hands Relic | Symbol Jewelry & Erotic Accessories \u2013 Handmade in Italy","description":"D\u00e9couvrez le coffret cadeau ultime pour l&#039;intimit\u00e9 des couples - un ensemble rituel de luxe con\u00e7u pour susciter la romance, la connexion et des moments partag\u00e9s inoubliables.","robots":{"index":"index","follow":"follow","max-snippet":"max-snippet:-1","max-image-preview":"max-image-preview:large","max-video-preview":"max-video-preview:-1"},"canonical":"https:\/\/la-cortigiana.it\/fr\/produit\/shibari-pendant-bound-hands\/","og_locale":"fr_FR","og_type":"article","og_title":"Shibari Pendant The Bound Hands Relic | La Cortigiana \u2013 Handcrafted in Italy","og_description":"Luxury handcrafted lingerie & accessories from Italy. Sheer, sensual, made for bold desires. Discreet worldwide delivery.","og_url":"https:\/\/la-cortigiana.it\/fr\/produit\/shibari-pendant-bound-hands\/","og_site_name":"La Cortigiana | Handcrafted Leather Accessories for Bold Desires","article_publisher":"https:\/\/www.facebook.com\/LaCortigiana\/","article_modified_time":"2026-02-14T12:27:18+00:00","og_image":[{"width":1600,"height":2000,"url":"https:\/\/la-cortigiana.it\/wp-content\/uploads\/2025\/12\/DSCF4820.jpg","type":"image\/jpeg"}],"twitter_card":"summary_large_image","twitter_site":"@la_cortigianait","twitter_misc":{"Dur\u00e9e de lecture estim\u00e9e":"1 minute"},"schema":{"@context":"https:\/\/schema.org","@graph":[{"@type":["WebPage","ItemPage"],"@id":"https:\/\/la-cortigiana.it\/product\/shibari-pendant-bound-hands\/","url":"https:\/\/la-cortigiana.it\/product\/shibari-pendant-bound-hands\/","name":"Shibari Pendant The Bound Hands Relic | Symbol Jewelry & Erotic Accessories \u2013 Handmade in Italy","isPartOf":{"@id":"https:\/\/la-cortigiana.it\/#website"},"primaryImageOfPage":{"@id":"https:\/\/la-cortigiana.it\/product\/shibari-pendant-bound-hands\/#primaryimage"},"image":{"@id":"https:\/\/la-cortigiana.it\/product\/shibari-pendant-bound-hands\/#primaryimage"},"thumbnailUrl":"https:\/\/la-cortigiana.it\/wp-content\/uploads\/2025\/12\/DSCF4820.jpg","datePublished":"2025-12-02T15:52:49+00:00","dateModified":"2026-02-14T12:27:18+00:00","description":"D\u00e9couvrez le coffret cadeau ultime pour l&#039;intimit\u00e9 des couples - un ensemble rituel de luxe con\u00e7u pour susciter la romance, la connexion et des moments partag\u00e9s inoubliables.","breadcrumb":{"@id":"https:\/\/la-cortigiana.it\/product\/shibari-pendant-bound-hands\/#breadcrumb"},"inLanguage":"fr-FR","potentialAction":[{"@type":"ReadAction","target":["https:\/\/la-cortigiana.it\/product\/shibari-pendant-bound-hands\/"]}]},{"@type":"ImageObject","inLanguage":"fr-FR","@id":"https:\/\/la-cortigiana.it\/product\/shibari-pendant-bound-hands\/#primaryimage","url":"https:\/\/la-cortigiana.it\/wp-content\/uploads\/2025\/12\/DSCF4820.jpg","contentUrl":"https:\/\/la-cortigiana.it\/wp-content\/uploads\/2025\/12\/DSCF4820.jpg","width":1600,"height":2000,"caption":"shibari pendant"},{"@type":"BreadcrumbList","@id":"https:\/\/la-cortigiana.it\/product\/shibari-pendant-bound-hands\/#breadcrumb","itemListElement":[{"@type":"ListItem","position":1,"name":"Home","item":"https:\/\/la-cortigiana.it\/"},{"@type":"ListItem","position":2,"name":"Shop","item":"https:\/\/la-cortigiana.it\/shop\/"},{"@type":"ListItem","position":3,"name":"Shibari Pendant The Bound Hands Relic"}]},{"@type":"WebSite","@id":"https:\/\/la-cortigiana.it\/#website","url":"https:\/\/la-cortigiana.it\/","name":"La Cortigiana | Bijoux discrets \u00e0 symboles et maroquinerie \u00e9rotique, fabriqu\u00e9s \u00e0 la main en Italie","description":"Marques discr\u00e8tes d&#039;un d\u00e9sir choisi","publisher":{"@id":"https:\/\/la-cortigiana.it\/#organization"},"potentialAction":[{"@type":"SearchAction","target":{"@type":"EntryPoint","urlTemplate":"https:\/\/la-cortigiana.it\/?s={search_term_string}"},"query-input":{"@type":"PropertyValueSpecification","valueRequired":true,"valueName":"search_term_string"}}],"inLanguage":"fr-FR"},{"@type":"Organization","@id":"https:\/\/la-cortigiana.it\/#organization","name":"La Cortigiana","url":"https:\/\/la-cortigiana.it\/","logo":{"@type":"ImageObject","inLanguage":"fr-FR","@id":"https:\/\/la-cortigiana.it\/#\/schema\/logo\/image\/","url":"https:\/\/la-cortigiana.it\/wp-content\/uploads\/2025\/01\/La-Cortigiana.png","contentUrl":"https:\/\/la-cortigiana.it\/wp-content\/uploads\/2025\/01\/La-Cortigiana.png","width":1646,"height":575,"caption":"La Cortigiana"},"image":{"@id":"https:\/\/la-cortigiana.it\/#\/schema\/logo\/image\/"},"sameAs":["https:\/\/www.facebook.com\/LaCortigiana\/","https:\/\/x.com\/la_cortigianait","https:\/\/www.instagram.com\/la_cortigiana.it","https:\/\/substack.com\/@lacortigiana"]}]}},"_links":{"self":[{"href":"https:\/\/la-cortigiana.it\/fr\/wp-json\/wp\/v2\/product\/2094","targetHints":{"allow":["GET"]}}],"collection":[{"href":"https:\/\/la-cortigiana.it\/fr\/wp-json\/wp\/v2\/product"}],"about":[{"href":"https:\/\/la-cortigiana.it\/fr\/wp-json\/wp\/v2\/types\/product"}],"replies":[{"embeddable":true,"href":"https:\/\/la-cortigiana.it\/fr\/wp-json\/wp\/v2\/comments?post=2094"}],"wp:featuredmedia":[{"embeddable":true,"href":"https:\/\/la-cortigiana.it\/fr\/wp-json\/wp\/v2\/media\/2189"}],"wp:attachment":[{"href":"https:\/\/la-cortigiana.it\/fr\/wp-json\/wp\/v2\/media?parent=2094"}],"wp:term":[{"taxonomy":"product_brand","embeddable":true,"href":"https:\/\/la-cortigiana.it\/fr\/wp-json\/wp\/v2\/product_brand?post=2094"},{"taxonomy":"product_cat","embeddable":true,"href":"https:\/\/la-cortigiana.it\/fr\/wp-json\/wp\/v2\/product_cat?post=2094"},{"taxonomy":"product_tag","embeddable":true,"href":"https:\/\/la-cortigiana.it\/fr\/wp-json\/wp\/v2\/product_tag?post=2094"}],"curies":[{"name":"wp","href":"https:\/\/api.w.org\/{rel}","templated":true}]}}