{"id":2143,"date":"2025-12-22T11:16:54","date_gmt":"2025-12-22T10:16:54","guid":{"rendered":"https:\/\/la-cortigiana.it\/?post_type=product&#038;p=2143"},"modified":"2025-12-22T11:39:16","modified_gmt":"2025-12-22T10:39:16","slug":"couple-set","status":"publish","type":"product","link":"https:\/\/la-cortigiana.it\/fr\/produit\/couple-set\/","title":{"rendered":"Ensemble pour couple"},"content":{"rendered":"<div class=\"column mcb-column mcb-item-059c220df one laptop-one tablet-one mobile-one column_heading\">\n<div class=\"mcb-column-inner mfn-module-wrapper mcb-column-inner-059c220df mcb-item-heading-inner\">\n<p data-start=\"158\" data-end=\"341\">Cet ensemble intimiste est con\u00e7u comme un rituel partag\u00e9 de confiance, de proximit\u00e9 et de d\u00e9sir symbolique \u2013 une exp\u00e9rience coh\u00e9rente destin\u00e9e \u00e0 se d\u00e9ployer lentement, avec intention.<\/p>\n<p data-start=\"343\" data-end=\"372\">\u00c0 l&#039;int\u00e9rieur de la bo\u00eete, vous trouverez :<\/p>\n<p data-start=\"374\" data-end=\"1039\">\u2022 <strong data-start=\"376\" data-end=\"416\">Culotte transparente avec broderie personnalis\u00e9e<\/strong>, cr\u00e9\u00e9 comme une d\u00e9claration personnelle port\u00e9e pr\u00e8s du corps, portant des mots choisis pour rester priv\u00e9s.<br data-start=\"514\" data-end=\"517\" \/>\u2022 <strong data-start=\"519\" data-end=\"539\">Un bandeau en soie<\/strong>, brod\u00e9 de la phrase <em data-start=\"569\" data-end=\"607\">\u201c Tout ce que je cache, je le cache pour toi. \u201d<\/em>, invitant \u00e0 la vuln\u00e9rabilit\u00e9, \u00e0 la confiance et \u00e0 l&#039;abandon volontaire du regard.<br data-start=\"675\" data-end=\"678\" \/>\u2022 <strong data-start=\"680\" data-end=\"699\">Un baume clitoridien<\/strong>, formul\u00e9es pour apporter chaleur, confort et bienveillance, ancrant l&#039;intimit\u00e9 dans la sensation et la pr\u00e9sence corporelle.<br data-start=\"802\" data-end=\"805\" \/>\u2022 <strong data-start=\"807\" data-end=\"843\">Un bracelet avec un charme symbolique et coquin<\/strong>, subtile et ouverte \u00e0 l&#039;interpr\u00e9tation \u2013 une marque discr\u00e8te comprise seulement par ceux qui y sont impliqu\u00e9s.<br data-start=\"928\" data-end=\"931\" \/>\u2022 <strong data-start=\"933\" data-end=\"958\">Une enveloppe d\u00e9corative<\/strong>, con\u00e7u pour contenir un message, une note, ou simplement une pause avant le d\u00e9but du rituel.<\/p>\n<p data-start=\"1041\" data-end=\"1111\">Rien dans cet ensemble n&#039;est explicite.<br data-start=\"1073\" data-end=\"1076\" \/>Rien n&#039;est pr\u00e9cipit\u00e9 ni didactique.<\/p>\n<p data-start=\"1113\" data-end=\"1340\">Chaque \u00e9l\u00e9ment favorise la connexion, le consentement et l&#039;attention \u2013 avant le contact, pendant l&#039;intimit\u00e9 et apr\u00e8s les moments intenses. Cet ensemble est con\u00e7u pour les couples qui per\u00e7oivent l&#039;intimit\u00e9 comme un langage partag\u00e9, fond\u00e9 sur la confiance plut\u00f4t que sur la performance.<\/p>\n<p data-start=\"1342\" data-end=\"1466\" data-is-last-node=\"\" data-is-only-node=\"\">Fabriqu\u00e9 artisanalement en Italie.<br data-start=\"1363\" data-end=\"1366\" \/>Broderie personnalis\u00e9e et personnalisation disponibles.<br data-start=\"1414\" data-end=\"1417\" \/>Cr\u00e9\u00e9 pour \u00eatre ressenti, m\u00e9moris\u00e9 et gard\u00e9 secret.<\/p>\n<\/div>\n<\/div>","protected":false},"excerpt":{"rendered":"<p data-start=\"191\" data-end=\"512\">Un ensemble intime cr\u00e9\u00e9 comme un rituel partag\u00e9, symbole de confiance, de proximit\u00e9 et de d\u00e9sir symbolique.<br data-start=\"276\" data-end=\"279\" \/>M\u00ealant lingerie transparente, bandeau de soie, confession silencieuse, attentions intimes et symbole personnel, cet ensemble est con\u00e7u pour approfondir le lien, ralentir le temps et transformer l&#039;intimit\u00e9 en une exp\u00e9rience consciente et significative \u00e0 deux.<\/p>","protected":false},"featured_media":2144,"comment_status":"open","ping_status":"closed","template":"","meta":{"nf_dc_page":"","googlesitekit_rrm_CAowrc_CDA:productID":""},"product_brand":[],"product_cat":[226],"product_tag":[35],"class_list":{"0":"post-2143","1":"product","2":"type-product","3":"status-publish","4":"has-post-thumbnail","6":"product_cat-boxes","7":"product_tag-hotwife","9":"first","10":"instock","11":"shipping-taxable","12":"purchasable","13":"product-type-simple"},"yoast_head":"<!-- This site is optimized with the Yoast SEO Premium plugin v25.6 (Yoast SEO v27.4) - https:\/\/yoast.com\/product\/yoast-seo-premium-wordpress\/ -->\n<title>Couple Set | Symbol Jewelry &amp; Erotic Accessories \u2013 Handmade in Italy<\/title>\n<meta name=\"description\" content=\"Indulge in Couple Set \u2013 handcrafted in Italy. Discreet symbol jewelry, erotic leather accessories and intimate pieces for hotwife, cuckold and lifestyle dynamics. Worldwide shipping.\" \/>\n<meta name=\"robots\" content=\"index, follow, max-snippet:-1, max-image-preview:large, max-video-preview:-1\" \/>\n<link rel=\"canonical\" href=\"https:\/\/la-cortigiana.it\/fr\/prodotto\/couple-set\/\" \/>\n<meta property=\"og:locale\" content=\"fr_FR\" \/>\n<meta property=\"og:type\" content=\"article\" \/>\n<meta property=\"og:title\" content=\"Couple Set | La Cortigiana \u2013 Handcrafted in Italy\" \/>\n<meta property=\"og:description\" content=\"Luxury handcrafted lingerie &amp; accessories from Italy. Sheer, sensual, made for bold desires. Discreet worldwide delivery.\" \/>\n<meta property=\"og:url\" content=\"https:\/\/la-cortigiana.it\/fr\/prodotto\/couple-set\/\" \/>\n<meta property=\"og:site_name\" content=\"La Cortigiana | Handcrafted Leather Accessories for Bold Desires\" \/>\n<meta property=\"article:publisher\" content=\"https:\/\/www.facebook.com\/LaCortigiana\/\" \/>\n<meta property=\"article:modified_time\" content=\"2025-12-22T10:39:16+00:00\" \/>\n<meta property=\"og:image\" content=\"https:\/\/la-cortigiana.it\/wp-content\/uploads\/2025\/12\/DSCF5810.jpg\" \/>\n\t<meta property=\"og:image:width\" content=\"1600\" \/>\n\t<meta property=\"og:image:height\" content=\"2000\" \/>\n\t<meta property=\"og:image:type\" content=\"image\/jpeg\" \/>\n<meta name=\"twitter:card\" content=\"summary_large_image\" \/>\n<meta name=\"twitter:site\" content=\"@la_cortigianait\" \/>\n<meta name=\"twitter:label1\" content=\"Dur\u00e9e de lecture estim\u00e9e\" \/>\n\t<meta name=\"twitter:data1\" content=\"2 minutes\" \/>\n<script type=\"application\/ld+json\" class=\"yoast-schema-graph\">{\"@context\":\"https:\\\/\\\/schema.org\",\"@graph\":[{\"@type\":[\"WebPage\",\"ItemPage\"],\"@id\":\"https:\\\/\\\/la-cortigiana.it\\\/it\\\/prodotto\\\/couple-set\\\/\",\"url\":\"https:\\\/\\\/la-cortigiana.it\\\/it\\\/prodotto\\\/couple-set\\\/\",\"name\":\"Couple Set | Symbol Jewelry & Erotic Accessories \u2013 Handmade in Italy\",\"isPartOf\":{\"@id\":\"https:\\\/\\\/la-cortigiana.it\\\/#website\"},\"primaryImageOfPage\":{\"@id\":\"https:\\\/\\\/la-cortigiana.it\\\/it\\\/prodotto\\\/couple-set\\\/#primaryimage\"},\"image\":{\"@id\":\"https:\\\/\\\/la-cortigiana.it\\\/it\\\/prodotto\\\/couple-set\\\/#primaryimage\"},\"thumbnailUrl\":\"https:\\\/\\\/la-cortigiana.it\\\/wp-content\\\/uploads\\\/2025\\\/12\\\/DSCF5810.jpg\",\"datePublished\":\"2025-12-22T10:16:54+00:00\",\"dateModified\":\"2025-12-22T10:39:16+00:00\",\"description\":\"Indulge in Couple Set \u2013 handcrafted in Italy. Discreet symbol jewelry, erotic leather accessories and intimate pieces for hotwife, cuckold and lifestyle dynamics. Worldwide shipping.\",\"breadcrumb\":{\"@id\":\"https:\\\/\\\/la-cortigiana.it\\\/it\\\/prodotto\\\/couple-set\\\/#breadcrumb\"},\"inLanguage\":\"fr-FR\",\"potentialAction\":[{\"@type\":\"ReadAction\",\"target\":[\"https:\\\/\\\/la-cortigiana.it\\\/it\\\/prodotto\\\/couple-set\\\/\"]}]},{\"@type\":\"ImageObject\",\"inLanguage\":\"fr-FR\",\"@id\":\"https:\\\/\\\/la-cortigiana.it\\\/it\\\/prodotto\\\/couple-set\\\/#primaryimage\",\"url\":\"https:\\\/\\\/la-cortigiana.it\\\/wp-content\\\/uploads\\\/2025\\\/12\\\/DSCF5810.jpg\",\"contentUrl\":\"https:\\\/\\\/la-cortigiana.it\\\/wp-content\\\/uploads\\\/2025\\\/12\\\/DSCF5810.jpg\",\"width\":1600,\"height\":2000,\"caption\":\"Couple set by La Cortigiana\"},{\"@type\":\"BreadcrumbList\",\"@id\":\"https:\\\/\\\/la-cortigiana.it\\\/it\\\/prodotto\\\/couple-set\\\/#breadcrumb\",\"itemListElement\":[{\"@type\":\"ListItem\",\"position\":1,\"name\":\"Home\",\"item\":\"https:\\\/\\\/la-cortigiana.it\\\/\"},{\"@type\":\"ListItem\",\"position\":2,\"name\":\"Shop\",\"item\":\"https:\\\/\\\/la-cortigiana.it\\\/shop\\\/\"},{\"@type\":\"ListItem\",\"position\":3,\"name\":\"Couple Set\"}]},{\"@type\":\"WebSite\",\"@id\":\"https:\\\/\\\/la-cortigiana.it\\\/#website\",\"url\":\"https:\\\/\\\/la-cortigiana.it\\\/\",\"name\":\"La Cortigiana | Discreet Symbol Jewelry & Erotic Leather, Handmade in Italy\",\"description\":\"Quiet Marks of Chosen Desire\",\"publisher\":{\"@id\":\"https:\\\/\\\/la-cortigiana.it\\\/#organization\"},\"potentialAction\":[{\"@type\":\"SearchAction\",\"target\":{\"@type\":\"EntryPoint\",\"urlTemplate\":\"https:\\\/\\\/la-cortigiana.it\\\/?s={search_term_string}\"},\"query-input\":{\"@type\":\"PropertyValueSpecification\",\"valueRequired\":true,\"valueName\":\"search_term_string\"}}],\"inLanguage\":\"fr-FR\"},{\"@type\":\"Organization\",\"@id\":\"https:\\\/\\\/la-cortigiana.it\\\/#organization\",\"name\":\"La Cortigiana\",\"url\":\"https:\\\/\\\/la-cortigiana.it\\\/\",\"logo\":{\"@type\":\"ImageObject\",\"inLanguage\":\"fr-FR\",\"@id\":\"https:\\\/\\\/la-cortigiana.it\\\/#\\\/schema\\\/logo\\\/image\\\/\",\"url\":\"https:\\\/\\\/la-cortigiana.it\\\/wp-content\\\/uploads\\\/2025\\\/01\\\/La-Cortigiana.png\",\"contentUrl\":\"https:\\\/\\\/la-cortigiana.it\\\/wp-content\\\/uploads\\\/2025\\\/01\\\/La-Cortigiana.png\",\"width\":1646,\"height\":575,\"caption\":\"La Cortigiana\"},\"image\":{\"@id\":\"https:\\\/\\\/la-cortigiana.it\\\/#\\\/schema\\\/logo\\\/image\\\/\"},\"sameAs\":[\"https:\\\/\\\/www.facebook.com\\\/LaCortigiana\\\/\",\"https:\\\/\\\/x.com\\\/la_cortigianait\",\"https:\\\/\\\/www.instagram.com\\\/la_cortigiana.it\",\"https:\\\/\\\/substack.com\\\/@lacortigiana\"]}]}<\/script>\n<!-- \/ Yoast SEO Premium plugin. -->","yoast_head_json":{"title":"Couple Set | Symbol Jewelry & Erotic Accessories \u2013 Handmade in Italy","description":"Indulge in Couple Set \u2013 handcrafted in Italy. Discreet symbol jewelry, erotic leather accessories and intimate pieces for hotwife, cuckold and lifestyle dynamics. Worldwide shipping.","robots":{"index":"index","follow":"follow","max-snippet":"max-snippet:-1","max-image-preview":"max-image-preview:large","max-video-preview":"max-video-preview:-1"},"canonical":"https:\/\/la-cortigiana.it\/fr\/prodotto\/couple-set\/","og_locale":"fr_FR","og_type":"article","og_title":"Couple Set | La Cortigiana \u2013 Handcrafted in Italy","og_description":"Luxury handcrafted lingerie & accessories from Italy. Sheer, sensual, made for bold desires. Discreet worldwide delivery.","og_url":"https:\/\/la-cortigiana.it\/fr\/prodotto\/couple-set\/","og_site_name":"La Cortigiana | Handcrafted Leather Accessories for Bold Desires","article_publisher":"https:\/\/www.facebook.com\/LaCortigiana\/","article_modified_time":"2025-12-22T10:39:16+00:00","og_image":[{"width":1600,"height":2000,"url":"https:\/\/la-cortigiana.it\/wp-content\/uploads\/2025\/12\/DSCF5810.jpg","type":"image\/jpeg"}],"twitter_card":"summary_large_image","twitter_site":"@la_cortigianait","twitter_misc":{"Dur\u00e9e de lecture estim\u00e9e":"2 minutes"},"schema":{"@context":"https:\/\/schema.org","@graph":[{"@type":["WebPage","ItemPage"],"@id":"https:\/\/la-cortigiana.it\/it\/prodotto\/couple-set\/","url":"https:\/\/la-cortigiana.it\/it\/prodotto\/couple-set\/","name":"Couple Set | Symbol Jewelry & Erotic Accessories \u2013 Handmade in Italy","isPartOf":{"@id":"https:\/\/la-cortigiana.it\/#website"},"primaryImageOfPage":{"@id":"https:\/\/la-cortigiana.it\/it\/prodotto\/couple-set\/#primaryimage"},"image":{"@id":"https:\/\/la-cortigiana.it\/it\/prodotto\/couple-set\/#primaryimage"},"thumbnailUrl":"https:\/\/la-cortigiana.it\/wp-content\/uploads\/2025\/12\/DSCF5810.jpg","datePublished":"2025-12-22T10:16:54+00:00","dateModified":"2025-12-22T10:39:16+00:00","description":"Indulge in Couple Set \u2013 handcrafted in Italy. Discreet symbol jewelry, erotic leather accessories and intimate pieces for hotwife, cuckold and lifestyle dynamics. Worldwide shipping.","breadcrumb":{"@id":"https:\/\/la-cortigiana.it\/it\/prodotto\/couple-set\/#breadcrumb"},"inLanguage":"fr-FR","potentialAction":[{"@type":"ReadAction","target":["https:\/\/la-cortigiana.it\/it\/prodotto\/couple-set\/"]}]},{"@type":"ImageObject","inLanguage":"fr-FR","@id":"https:\/\/la-cortigiana.it\/it\/prodotto\/couple-set\/#primaryimage","url":"https:\/\/la-cortigiana.it\/wp-content\/uploads\/2025\/12\/DSCF5810.jpg","contentUrl":"https:\/\/la-cortigiana.it\/wp-content\/uploads\/2025\/12\/DSCF5810.jpg","width":1600,"height":2000,"caption":"Couple set by La Cortigiana"},{"@type":"BreadcrumbList","@id":"https:\/\/la-cortigiana.it\/it\/prodotto\/couple-set\/#breadcrumb","itemListElement":[{"@type":"ListItem","position":1,"name":"Home","item":"https:\/\/la-cortigiana.it\/"},{"@type":"ListItem","position":2,"name":"Shop","item":"https:\/\/la-cortigiana.it\/shop\/"},{"@type":"ListItem","position":3,"name":"Couple Set"}]},{"@type":"WebSite","@id":"https:\/\/la-cortigiana.it\/#website","url":"https:\/\/la-cortigiana.it\/","name":"La Cortigiana | Bijoux discrets \u00e0 symboles et maroquinerie \u00e9rotique, fabriqu\u00e9s \u00e0 la main en Italie","description":"Marques discr\u00e8tes d&#039;un d\u00e9sir choisi","publisher":{"@id":"https:\/\/la-cortigiana.it\/#organization"},"potentialAction":[{"@type":"SearchAction","target":{"@type":"EntryPoint","urlTemplate":"https:\/\/la-cortigiana.it\/?s={search_term_string}"},"query-input":{"@type":"PropertyValueSpecification","valueRequired":true,"valueName":"search_term_string"}}],"inLanguage":"fr-FR"},{"@type":"Organization","@id":"https:\/\/la-cortigiana.it\/#organization","name":"La Cortigiana","url":"https:\/\/la-cortigiana.it\/","logo":{"@type":"ImageObject","inLanguage":"fr-FR","@id":"https:\/\/la-cortigiana.it\/#\/schema\/logo\/image\/","url":"https:\/\/la-cortigiana.it\/wp-content\/uploads\/2025\/01\/La-Cortigiana.png","contentUrl":"https:\/\/la-cortigiana.it\/wp-content\/uploads\/2025\/01\/La-Cortigiana.png","width":1646,"height":575,"caption":"La Cortigiana"},"image":{"@id":"https:\/\/la-cortigiana.it\/#\/schema\/logo\/image\/"},"sameAs":["https:\/\/www.facebook.com\/LaCortigiana\/","https:\/\/x.com\/la_cortigianait","https:\/\/www.instagram.com\/la_cortigiana.it","https:\/\/substack.com\/@lacortigiana"]}]}},"_links":{"self":[{"href":"https:\/\/la-cortigiana.it\/fr\/wp-json\/wp\/v2\/product\/2143","targetHints":{"allow":["GET"]}}],"collection":[{"href":"https:\/\/la-cortigiana.it\/fr\/wp-json\/wp\/v2\/product"}],"about":[{"href":"https:\/\/la-cortigiana.it\/fr\/wp-json\/wp\/v2\/types\/product"}],"replies":[{"embeddable":true,"href":"https:\/\/la-cortigiana.it\/fr\/wp-json\/wp\/v2\/comments?post=2143"}],"wp:featuredmedia":[{"embeddable":true,"href":"https:\/\/la-cortigiana.it\/fr\/wp-json\/wp\/v2\/media\/2144"}],"wp:attachment":[{"href":"https:\/\/la-cortigiana.it\/fr\/wp-json\/wp\/v2\/media?parent=2143"}],"wp:term":[{"taxonomy":"product_brand","embeddable":true,"href":"https:\/\/la-cortigiana.it\/fr\/wp-json\/wp\/v2\/product_brand?post=2143"},{"taxonomy":"product_cat","embeddable":true,"href":"https:\/\/la-cortigiana.it\/fr\/wp-json\/wp\/v2\/product_cat?post=2143"},{"taxonomy":"product_tag","embeddable":true,"href":"https:\/\/la-cortigiana.it\/fr\/wp-json\/wp\/v2\/product_tag?post=2143"}],"curies":[{"name":"wp","href":"https:\/\/api.w.org\/{rel}","templated":true}]}}