{"id":2158,"date":"2025-12-24T19:38:50","date_gmt":"2025-12-24T18:38:50","guid":{"rendered":"https:\/\/la-cortigiana.it\/?post_type=product&#038;p=2158"},"modified":"2025-12-24T20:11:14","modified_gmt":"2025-12-24T19:11:14","slug":"paddle-limoted-art-edition-la-cortigiana","status":"publish","type":"product","link":"https:\/\/la-cortigiana.it\/fr\/produit\/paddle-limoted-art-edition-la-cortigiana\/","title":{"rendered":"Pagaie en cuir \u2013 \u00c9dition artistique limit\u00e9e \u201c La Cortigiana \u201d"},"content":{"rendered":"<p data-start=\"1462\" data-end=\"1580\"><strong data-start=\"1462\" data-end=\"1479\">La Cortigiana<\/strong> est une \u00e9dition limit\u00e9e <strong data-start=\"1501\" data-end=\"1532\">pagaie BDSM en cuir italien<\/strong> cr\u00e9\u00e9 comme un objet d&#039;art \u00e0 signification symbolique.<\/p>\n<p data-start=\"1582\" data-end=\"1881\">Fabriqu\u00e9e artisanalement en Italie \u00e0 partir d&#039;un cuir tann\u00e9 v\u00e9g\u00e9tal couleur cognac de premi\u00e8re qualit\u00e9, cette pagaie arbore un motif de courtisane finement grav\u00e9, inspir\u00e9 des estampes italiennes classiques. L&#039;\u0153uvre \u00e9voque des notions historiques de pouvoir, de rituel et d&#039;intimit\u00e9 ma\u00eetris\u00e9e, exprim\u00e9es par une esth\u00e9tique sobre et intemporelle.<\/p>\n<p data-start=\"1883\" data-end=\"2126\">Contrairement aux pagaies BDSM produites en masse, cette pi\u00e8ce est fabriqu\u00e9e dans un <strong data-start=\"1942\" data-end=\"1980\">\u00e9dition strictement limit\u00e9e et num\u00e9rot\u00e9e<\/strong> et ne sera pas reproduite. Chaque pagaie est finie individuellement \u00e0 la main, avec des bords cousus et une dragonne en cuir fix\u00e9e par une cha\u00eenette m\u00e9tallique.<\/p>\n<p data-start=\"2128\" data-end=\"2253\">La surface grav\u00e9e est con\u00e7ue pour \u00eatre visuellement pr\u00e9sente, tandis que la poign\u00e9e reste non grav\u00e9e pour l&#039;\u00e9quilibre et une clart\u00e9 tactile optimale.<\/p>\n<p data-start=\"2255\" data-end=\"2372\">Cette pagaie en cuir italien est destin\u00e9e \u00e0 ceux qui appr\u00e9cient autant le design, le symbolisme et le savoir-faire que la fonctionnalit\u00e9.<\/p>\n<h2 data-start=\"192\" data-end=\"214\">Dimensions et poids<\/h2>\n<p data-start=\"216\" data-end=\"231\"><strong data-start=\"216\" data-end=\"231\">Dimensions:<\/strong><\/p>\n<ul data-start=\"232\" data-end=\"395\">\n<li data-start=\"232\" data-end=\"289\">\n<p data-start=\"234\" data-end=\"289\">Longueur de la pagaie (surface de frappe) : <strong data-start=\"268\" data-end=\"277\">28 cm<\/strong> \/ <strong data-start=\"280\" data-end=\"289\">11 pouces<\/strong><\/p>\n<\/li>\n<li data-start=\"290\" data-end=\"363\">\n<p data-start=\"292\" data-end=\"363\">Longueur totale (cha\u00eene et dragonne comprises) : <strong data-start=\"340\" data-end=\"349\">53 cm<\/strong> \/ <strong data-start=\"352\" data-end=\"363\">20,9 pouces<\/strong><\/p>\n<\/li>\n<li data-start=\"364\" data-end=\"395\">\n<p data-start=\"366\" data-end=\"395\">Largeur: <strong data-start=\"373\" data-end=\"382\">11 cm<\/strong> \/ <strong data-start=\"385\" data-end=\"395\">4,3 pouces<\/strong><\/p>\n<\/li>\n<\/ul>\n<p data-start=\"397\" data-end=\"408\"><strong data-start=\"397\" data-end=\"408\">Poids:<\/strong><\/p>\n<ul data-start=\"409\" data-end=\"433\">\n<li data-start=\"409\" data-end=\"433\">\n<p data-start=\"411\" data-end=\"433\"><strong data-start=\"411\" data-end=\"420\">135 g<\/strong> \/ <strong data-start=\"423\" data-end=\"433\">136 g<\/strong><\/p>\n<\/li>\n<\/ul>\n<p data-start=\"2374\" data-end=\"2386\"><strong data-start=\"2374\" data-end=\"2386\">D\u00e9tails:<\/strong><\/p>\n<ul data-start=\"2387\" data-end=\"2588\">\n<li data-start=\"2387\" data-end=\"2411\">\n<p data-start=\"2389\" data-end=\"2411\">Fabriqu\u00e9 \u00e0 la main en Italie<\/p>\n<\/li>\n<li data-start=\"2412\" data-end=\"2465\">\n<p data-start=\"2414\" data-end=\"2465\">Cuir italien haut de gamme \u00e0 tannage v\u00e9g\u00e9tal (cognac)<\/p>\n<\/li>\n<li data-start=\"2466\" data-end=\"2502\">\n<p data-start=\"2468\" data-end=\"2502\">\u0152uvre d&#039;art de courtisane grav\u00e9e au laser<\/p>\n<\/li>\n<li data-start=\"2503\" data-end=\"2543\">\n<p data-start=\"2505\" data-end=\"2543\">Bracelet en cuir avec cha\u00eene en m\u00e9tal<\/p>\n<\/li>\n<li data-start=\"2544\" data-end=\"2573\">\n<p data-start=\"2546\" data-end=\"2573\">\u00c9dition limit\u00e9e et num\u00e9rot\u00e9e<\/p>\n<\/li>\n<li data-start=\"2574\" data-end=\"2588\">\n<p data-start=\"2576\" data-end=\"2588\">Pas de r\u00e9\u00e9dition<\/p>\n<\/li>\n<\/ul>\n<p data-start=\"2590\" data-end=\"2683\">Il ne s&#039;agit pas d&#039;un accessoire BDSM standard.<br data-start=\"2628\" data-end=\"2631\" \/>Il s&#039;agit d&#039;une pagaie d&#039;art en \u00e9dition limit\u00e9e, con\u00e7ue pour exister en toute libert\u00e9.<\/p>","protected":false},"excerpt":{"rendered":"<p>Palette BDSM artisanale en cuir italien couleur cognac.<br data-start=\"1188\" data-end=\"1191\" \/>\u00c9dition d&#039;art num\u00e9rot\u00e9e et limit\u00e9e pr\u00e9sentant un motif grav\u00e9 de courtisane.<br data-start=\"1259\" data-end=\"1262\" \/>Pagaie de luxe con\u00e7ue comme un objet d&#039;art, et non produite en s\u00e9rie.<\/p>","protected":false},"featured_media":2159,"comment_status":"open","ping_status":"closed","template":"","meta":{"nf_dc_page":"","googlesitekit_rrm_CAowrc_CDA:productID":""},"product_brand":[],"product_cat":[224],"product_tag":[31],"class_list":{"0":"post-2158","1":"product","2":"type-product","3":"status-publish","4":"has-post-thumbnail","6":"product_cat-whips-paddles","7":"product_tag-bdsm","9":"first","10":"instock","11":"shipping-taxable","12":"purchasable","13":"product-type-simple"},"yoast_head":"<!-- This site is optimized with the Yoast SEO Premium plugin v25.6 (Yoast SEO v27.4) - https:\/\/yoast.com\/product\/yoast-seo-premium-wordpress\/ -->\n<title>Leather Paddle - Limited Art Edition &quot;La Cortigiana&quot; | Symbol Jewelry &amp; Erotic Accessories \u2013 Handmade in Italy<\/title>\n<meta name=\"description\" content=\"Indulge in Leather Paddle - Limited Art Edition &quot;La Cortigiana&quot; \u2013 handcrafted in Italy. Discreet symbol jewelry, erotic leather accessories and intimate pieces for hotwife, cuckold and lifestyle dynamics. Worldwide shipping.\" \/>\n<meta name=\"robots\" content=\"index, follow, max-snippet:-1, max-image-preview:large, max-video-preview:-1\" \/>\n<link rel=\"canonical\" href=\"https:\/\/la-cortigiana.it\/fr\/produit\/paddle-limoted-art-edition-la-cortigiana\/\" \/>\n<meta property=\"og:locale\" content=\"fr_FR\" \/>\n<meta property=\"og:type\" content=\"article\" \/>\n<meta property=\"og:title\" content=\"Leather Paddle - Limited Art Edition &quot;La Cortigiana&quot; | La Cortigiana \u2013 Handcrafted in Italy\" \/>\n<meta property=\"og:description\" content=\"Luxury handcrafted lingerie &amp; accessories from Italy. Sheer, sensual, made for bold desires. Discreet worldwide delivery.\" \/>\n<meta property=\"og:url\" content=\"https:\/\/la-cortigiana.it\/fr\/produit\/paddle-limoted-art-edition-la-cortigiana\/\" \/>\n<meta property=\"og:site_name\" content=\"La Cortigiana | Handcrafted Leather Accessories for Bold Desires\" \/>\n<meta property=\"article:publisher\" content=\"https:\/\/www.facebook.com\/LaCortigiana\/\" \/>\n<meta property=\"article:modified_time\" content=\"2025-12-24T19:11:14+00:00\" \/>\n<meta property=\"og:image\" content=\"https:\/\/la-cortigiana.it\/wp-content\/uploads\/2025\/12\/lacortigiana_paddle-e1770155083526.jpg\" \/>\n\t<meta property=\"og:image:width\" content=\"916\" \/>\n\t<meta property=\"og:image:height\" content=\"1144\" \/>\n\t<meta property=\"og:image:type\" content=\"image\/jpeg\" \/>\n<meta name=\"twitter:card\" content=\"summary_large_image\" \/>\n<meta name=\"twitter:site\" content=\"@la_cortigianait\" \/>\n<meta name=\"twitter:label1\" content=\"Dur\u00e9e de lecture estim\u00e9e\" \/>\n\t<meta name=\"twitter:data1\" content=\"2 minutes\" \/>\n<script type=\"application\/ld+json\" class=\"yoast-schema-graph\">{\"@context\":\"https:\\\/\\\/schema.org\",\"@graph\":[{\"@type\":[\"WebPage\",\"ItemPage\"],\"@id\":\"https:\\\/\\\/la-cortigiana.it\\\/product\\\/paddle-limoted-art-edition-la-cortigiana\\\/\",\"url\":\"https:\\\/\\\/la-cortigiana.it\\\/product\\\/paddle-limoted-art-edition-la-cortigiana\\\/\",\"name\":\"Leather Paddle - Limited Art Edition \\\"La Cortigiana\\\" | Symbol Jewelry & Erotic Accessories \u2013 Handmade in Italy\",\"isPartOf\":{\"@id\":\"https:\\\/\\\/la-cortigiana.it\\\/#website\"},\"primaryImageOfPage\":{\"@id\":\"https:\\\/\\\/la-cortigiana.it\\\/product\\\/paddle-limoted-art-edition-la-cortigiana\\\/#primaryimage\"},\"image\":{\"@id\":\"https:\\\/\\\/la-cortigiana.it\\\/product\\\/paddle-limoted-art-edition-la-cortigiana\\\/#primaryimage\"},\"thumbnailUrl\":\"https:\\\/\\\/la-cortigiana.it\\\/wp-content\\\/uploads\\\/2025\\\/12\\\/lacortigiana_paddle-e1770155083526.jpg\",\"datePublished\":\"2025-12-24T18:38:50+00:00\",\"dateModified\":\"2025-12-24T19:11:14+00:00\",\"description\":\"Indulge in Leather Paddle - Limited Art Edition \\\"La Cortigiana\\\" \u2013 handcrafted in Italy. Discreet symbol jewelry, erotic leather accessories and intimate pieces for hotwife, cuckold and lifestyle dynamics. Worldwide shipping.\",\"breadcrumb\":{\"@id\":\"https:\\\/\\\/la-cortigiana.it\\\/product\\\/paddle-limoted-art-edition-la-cortigiana\\\/#breadcrumb\"},\"inLanguage\":\"fr-FR\",\"potentialAction\":[{\"@type\":\"ReadAction\",\"target\":[\"https:\\\/\\\/la-cortigiana.it\\\/product\\\/paddle-limoted-art-edition-la-cortigiana\\\/\"]}]},{\"@type\":\"ImageObject\",\"inLanguage\":\"fr-FR\",\"@id\":\"https:\\\/\\\/la-cortigiana.it\\\/product\\\/paddle-limoted-art-edition-la-cortigiana\\\/#primaryimage\",\"url\":\"https:\\\/\\\/la-cortigiana.it\\\/wp-content\\\/uploads\\\/2025\\\/12\\\/lacortigiana_paddle-e1770155083526.jpg\",\"contentUrl\":\"https:\\\/\\\/la-cortigiana.it\\\/wp-content\\\/uploads\\\/2025\\\/12\\\/lacortigiana_paddle-e1770155083526.jpg\",\"width\":916,\"height\":1144,\"caption\":\"BDSM Art-Paddle by La Cortigiana\"},{\"@type\":\"BreadcrumbList\",\"@id\":\"https:\\\/\\\/la-cortigiana.it\\\/product\\\/paddle-limoted-art-edition-la-cortigiana\\\/#breadcrumb\",\"itemListElement\":[{\"@type\":\"ListItem\",\"position\":1,\"name\":\"Home\",\"item\":\"https:\\\/\\\/la-cortigiana.it\\\/\"},{\"@type\":\"ListItem\",\"position\":2,\"name\":\"Shop\",\"item\":\"https:\\\/\\\/la-cortigiana.it\\\/shop\\\/\"},{\"@type\":\"ListItem\",\"position\":3,\"name\":\"Leather Paddle &#8211; Limited Art Edition &#8220;La Cortigiana&#8221;\"}]},{\"@type\":\"WebSite\",\"@id\":\"https:\\\/\\\/la-cortigiana.it\\\/#website\",\"url\":\"https:\\\/\\\/la-cortigiana.it\\\/\",\"name\":\"La Cortigiana | Discreet Symbol Jewelry & Erotic Leather, Handmade in Italy\",\"description\":\"Quiet Marks of Chosen Desire\",\"publisher\":{\"@id\":\"https:\\\/\\\/la-cortigiana.it\\\/#organization\"},\"potentialAction\":[{\"@type\":\"SearchAction\",\"target\":{\"@type\":\"EntryPoint\",\"urlTemplate\":\"https:\\\/\\\/la-cortigiana.it\\\/?s={search_term_string}\"},\"query-input\":{\"@type\":\"PropertyValueSpecification\",\"valueRequired\":true,\"valueName\":\"search_term_string\"}}],\"inLanguage\":\"fr-FR\"},{\"@type\":\"Organization\",\"@id\":\"https:\\\/\\\/la-cortigiana.it\\\/#organization\",\"name\":\"La Cortigiana\",\"url\":\"https:\\\/\\\/la-cortigiana.it\\\/\",\"logo\":{\"@type\":\"ImageObject\",\"inLanguage\":\"fr-FR\",\"@id\":\"https:\\\/\\\/la-cortigiana.it\\\/#\\\/schema\\\/logo\\\/image\\\/\",\"url\":\"https:\\\/\\\/la-cortigiana.it\\\/wp-content\\\/uploads\\\/2025\\\/01\\\/La-Cortigiana.png\",\"contentUrl\":\"https:\\\/\\\/la-cortigiana.it\\\/wp-content\\\/uploads\\\/2025\\\/01\\\/La-Cortigiana.png\",\"width\":1646,\"height\":575,\"caption\":\"La Cortigiana\"},\"image\":{\"@id\":\"https:\\\/\\\/la-cortigiana.it\\\/#\\\/schema\\\/logo\\\/image\\\/\"},\"sameAs\":[\"https:\\\/\\\/www.facebook.com\\\/LaCortigiana\\\/\",\"https:\\\/\\\/x.com\\\/la_cortigianait\",\"https:\\\/\\\/www.instagram.com\\\/la_cortigiana.it\",\"https:\\\/\\\/substack.com\\\/@lacortigiana\"]}]}<\/script>\n<!-- \/ Yoast SEO Premium plugin. -->","yoast_head_json":{"title":"Leather Paddle - Limited Art Edition \"La Cortigiana\" | Symbol Jewelry & Erotic Accessories \u2013 Handmade in Italy","description":"Indulge in Leather Paddle - Limited Art Edition \"La Cortigiana\" \u2013 handcrafted in Italy. Discreet symbol jewelry, erotic leather accessories and intimate pieces for hotwife, cuckold and lifestyle dynamics. Worldwide shipping.","robots":{"index":"index","follow":"follow","max-snippet":"max-snippet:-1","max-image-preview":"max-image-preview:large","max-video-preview":"max-video-preview:-1"},"canonical":"https:\/\/la-cortigiana.it\/fr\/produit\/paddle-limoted-art-edition-la-cortigiana\/","og_locale":"fr_FR","og_type":"article","og_title":"Leather Paddle - Limited Art Edition \"La Cortigiana\" | La Cortigiana \u2013 Handcrafted in Italy","og_description":"Luxury handcrafted lingerie & accessories from Italy. Sheer, sensual, made for bold desires. Discreet worldwide delivery.","og_url":"https:\/\/la-cortigiana.it\/fr\/produit\/paddle-limoted-art-edition-la-cortigiana\/","og_site_name":"La Cortigiana | Handcrafted Leather Accessories for Bold Desires","article_publisher":"https:\/\/www.facebook.com\/LaCortigiana\/","article_modified_time":"2025-12-24T19:11:14+00:00","og_image":[{"width":916,"height":1144,"url":"https:\/\/la-cortigiana.it\/wp-content\/uploads\/2025\/12\/lacortigiana_paddle-e1770155083526.jpg","type":"image\/jpeg"}],"twitter_card":"summary_large_image","twitter_site":"@la_cortigianait","twitter_misc":{"Dur\u00e9e de lecture estim\u00e9e":"2 minutes"},"schema":{"@context":"https:\/\/schema.org","@graph":[{"@type":["WebPage","ItemPage"],"@id":"https:\/\/la-cortigiana.it\/product\/paddle-limoted-art-edition-la-cortigiana\/","url":"https:\/\/la-cortigiana.it\/product\/paddle-limoted-art-edition-la-cortigiana\/","name":"Leather Paddle - Limited Art Edition \"La Cortigiana\" | Symbol Jewelry & Erotic Accessories \u2013 Handmade in Italy","isPartOf":{"@id":"https:\/\/la-cortigiana.it\/#website"},"primaryImageOfPage":{"@id":"https:\/\/la-cortigiana.it\/product\/paddle-limoted-art-edition-la-cortigiana\/#primaryimage"},"image":{"@id":"https:\/\/la-cortigiana.it\/product\/paddle-limoted-art-edition-la-cortigiana\/#primaryimage"},"thumbnailUrl":"https:\/\/la-cortigiana.it\/wp-content\/uploads\/2025\/12\/lacortigiana_paddle-e1770155083526.jpg","datePublished":"2025-12-24T18:38:50+00:00","dateModified":"2025-12-24T19:11:14+00:00","description":"Indulge in Leather Paddle - Limited Art Edition \"La Cortigiana\" \u2013 handcrafted in Italy. Discreet symbol jewelry, erotic leather accessories and intimate pieces for hotwife, cuckold and lifestyle dynamics. Worldwide shipping.","breadcrumb":{"@id":"https:\/\/la-cortigiana.it\/product\/paddle-limoted-art-edition-la-cortigiana\/#breadcrumb"},"inLanguage":"fr-FR","potentialAction":[{"@type":"ReadAction","target":["https:\/\/la-cortigiana.it\/product\/paddle-limoted-art-edition-la-cortigiana\/"]}]},{"@type":"ImageObject","inLanguage":"fr-FR","@id":"https:\/\/la-cortigiana.it\/product\/paddle-limoted-art-edition-la-cortigiana\/#primaryimage","url":"https:\/\/la-cortigiana.it\/wp-content\/uploads\/2025\/12\/lacortigiana_paddle-e1770155083526.jpg","contentUrl":"https:\/\/la-cortigiana.it\/wp-content\/uploads\/2025\/12\/lacortigiana_paddle-e1770155083526.jpg","width":916,"height":1144,"caption":"BDSM Art-Paddle by La Cortigiana"},{"@type":"BreadcrumbList","@id":"https:\/\/la-cortigiana.it\/product\/paddle-limoted-art-edition-la-cortigiana\/#breadcrumb","itemListElement":[{"@type":"ListItem","position":1,"name":"Home","item":"https:\/\/la-cortigiana.it\/"},{"@type":"ListItem","position":2,"name":"Shop","item":"https:\/\/la-cortigiana.it\/shop\/"},{"@type":"ListItem","position":3,"name":"Leather Paddle &#8211; Limited Art Edition &#8220;La Cortigiana&#8221;"}]},{"@type":"WebSite","@id":"https:\/\/la-cortigiana.it\/#website","url":"https:\/\/la-cortigiana.it\/","name":"La Cortigiana | Bijoux discrets \u00e0 symboles et maroquinerie \u00e9rotique, fabriqu\u00e9s \u00e0 la main en Italie","description":"Marques discr\u00e8tes d&#039;un d\u00e9sir choisi","publisher":{"@id":"https:\/\/la-cortigiana.it\/#organization"},"potentialAction":[{"@type":"SearchAction","target":{"@type":"EntryPoint","urlTemplate":"https:\/\/la-cortigiana.it\/?s={search_term_string}"},"query-input":{"@type":"PropertyValueSpecification","valueRequired":true,"valueName":"search_term_string"}}],"inLanguage":"fr-FR"},{"@type":"Organization","@id":"https:\/\/la-cortigiana.it\/#organization","name":"La Cortigiana","url":"https:\/\/la-cortigiana.it\/","logo":{"@type":"ImageObject","inLanguage":"fr-FR","@id":"https:\/\/la-cortigiana.it\/#\/schema\/logo\/image\/","url":"https:\/\/la-cortigiana.it\/wp-content\/uploads\/2025\/01\/La-Cortigiana.png","contentUrl":"https:\/\/la-cortigiana.it\/wp-content\/uploads\/2025\/01\/La-Cortigiana.png","width":1646,"height":575,"caption":"La Cortigiana"},"image":{"@id":"https:\/\/la-cortigiana.it\/#\/schema\/logo\/image\/"},"sameAs":["https:\/\/www.facebook.com\/LaCortigiana\/","https:\/\/x.com\/la_cortigianait","https:\/\/www.instagram.com\/la_cortigiana.it","https:\/\/substack.com\/@lacortigiana"]}]}},"_links":{"self":[{"href":"https:\/\/la-cortigiana.it\/fr\/wp-json\/wp\/v2\/product\/2158","targetHints":{"allow":["GET"]}}],"collection":[{"href":"https:\/\/la-cortigiana.it\/fr\/wp-json\/wp\/v2\/product"}],"about":[{"href":"https:\/\/la-cortigiana.it\/fr\/wp-json\/wp\/v2\/types\/product"}],"replies":[{"embeddable":true,"href":"https:\/\/la-cortigiana.it\/fr\/wp-json\/wp\/v2\/comments?post=2158"}],"wp:featuredmedia":[{"embeddable":true,"href":"https:\/\/la-cortigiana.it\/fr\/wp-json\/wp\/v2\/media\/2159"}],"wp:attachment":[{"href":"https:\/\/la-cortigiana.it\/fr\/wp-json\/wp\/v2\/media?parent=2158"}],"wp:term":[{"taxonomy":"product_brand","embeddable":true,"href":"https:\/\/la-cortigiana.it\/fr\/wp-json\/wp\/v2\/product_brand?post=2158"},{"taxonomy":"product_cat","embeddable":true,"href":"https:\/\/la-cortigiana.it\/fr\/wp-json\/wp\/v2\/product_cat?post=2158"},{"taxonomy":"product_tag","embeddable":true,"href":"https:\/\/la-cortigiana.it\/fr\/wp-json\/wp\/v2\/product_tag?post=2158"}],"curies":[{"name":"wp","href":"https:\/\/api.w.org\/{rel}","templated":true}]}}