{"id":2178,"date":"2025-12-28T19:49:32","date_gmt":"2025-12-28T18:49:32","guid":{"rendered":"https:\/\/la-cortigiana.it\/?post_type=product&#038;p=2178"},"modified":"2025-12-28T19:49:33","modified_gmt":"2025-12-28T18:49:33","slug":"sheer-mesh-mens-thong-with-personalized-embroidery","status":"publish","type":"product","link":"https:\/\/la-cortigiana.it\/fr\/produit\/sheer-mesh-mens-thong-with-personalized-embroidery\/","title":{"rendered":"String pour homme en maille transparente avec broderie personnalis\u00e9e"},"content":{"rendered":"<p data-start=\"545\" data-end=\"623\">Ce string pour homme est fabriqu\u00e9 en maille transparente qui ne laisse rien au hasard.<\/p>\n<p data-start=\"625\" data-end=\"868\">Elle est l\u00e9g\u00e8re, r\u00e9v\u00e9latrice et d&#039;une franchise assum\u00e9e. Sa coupe, pens\u00e9e pour le corps masculin, minimaliste \u00e0 l&#039;arri\u00e8re et pr\u00e9cise \u00e0 l&#039;avant, laisse le tissu sublimer la silhouette plut\u00f4t que de la dissimuler. Port\u00e9e, elle se fait presque oublier, tout en restant constamment pr\u00e9sente.<\/p>\n<p data-start=\"870\" data-end=\"973\">Ce ne sont pas des sous-v\u00eatements de tous les jours.<br data-start=\"901\" data-end=\"904\" \/>Elle est con\u00e7ue pour les moments o\u00f9 les v\u00eatements deviennent partie int\u00e9grante de l&#039;exp\u00e9rience.<\/p>\n<p data-start=\"975\" data-end=\"1246\">Ce qui rend cette pi\u00e8ce unique, ce sont les broderies.<br data-start=\"1025\" data-end=\"1028\" \/>Vous pouvez choisir un nom, un mot, un symbole ou une marque discr\u00e8te appos\u00e9e intentionnellement sur le v\u00eatement. Quelque chose qui vous appartient. Ou quelque chose choisi pour vous. Une fois ajout\u00e9e, la string cesse d&#039;\u00eatre banale. Elle devient personnalis\u00e9e.<\/p>\n<p data-start=\"1248\" data-end=\"1463\">Certains le portent lors de rituels priv\u00e9s.<br data-start=\"1281\" data-end=\"1284\" \/>Certains pour le frisson discret de savoir ce qu&#039;ils portent sous leurs v\u00eatements.<br data-start=\"1365\" data-end=\"1368\" \/>Certains pour des sc\u00e8nes, des dynamiques de pouvoir, la photographie, ou simplement le plaisir d&#039;\u00eatre vu ou imagin\u00e9.<\/p>\n<p data-start=\"1465\" data-end=\"1663\">Le choix du tissu mesh repose sur les sensations et la visibilit\u00e9, et non sur un confort conventionnel. La coupe string accentue l&#039;exposition et la perception, faisant du mouvement, du toucher et de l&#039;anticipation des \u00e9l\u00e9ments \u00e0 part enti\u00e8re de l&#039;exp\u00e9rience.<\/p>\n<p data-start=\"1665\" data-end=\"1772\">Fabriqu\u00e9 \u00e0 la main en Italie en petites quantit\u00e9s.<br data-start=\"1703\" data-end=\"1706\" \/>Chaque pi\u00e8ce est finie individuellement, surtout lorsqu&#039;elle est personnalis\u00e9e.<\/p>\n<h2 data-start=\"308\" data-end=\"343\"><strong data-start=\"311\" data-end=\"343\">Comment choisir la bonne taille<\/strong><\/h2>\n<p data-start=\"345\" data-end=\"483\">Ce string est con\u00e7u pour le corps masculin et offre un ajustement serr\u00e9 et intentionnel.<br data-start=\"415\" data-end=\"418\" \/>Pour vous assurer qu&#039;il soit bien positionn\u00e9, veuillez mesurer avec soin.<\/p>\n<h3 data-start=\"485\" data-end=\"507\"><strong data-start=\"489\" data-end=\"507\">Comment mesurer<\/strong><\/h3>\n<ol data-start=\"508\" data-end=\"838\">\n<li data-start=\"508\" data-end=\"540\">\n<p data-start=\"511\" data-end=\"540\">Prenez un m\u00e8tre ruban souple.<\/p>\n<\/li>\n<li data-start=\"541\" data-end=\"745\">\n<p data-start=\"544\" data-end=\"745\">Mesure <strong data-start=\"552\" data-end=\"573\">autour de votre taille<\/strong>, au point o\u00f9 vous portez normalement <strong data-start=\"612\" data-end=\"640\">sous-v\u00eatements pour hommes taille basse<\/strong>.<br data-start=\"641\" data-end=\"644\" \/>C&#039;est g\u00e9n\u00e9ralement <strong data-start=\"663\" data-end=\"682\">sous le ventre<\/strong>, ni au niveau des hanches, ni \u00e0 l&#039;endroit le plus \u00e9troit de la taille.<\/p>\n<\/li>\n<li data-start=\"746\" data-end=\"785\">\n<p data-start=\"749\" data-end=\"785\">Maintenez le ruban adh\u00e9sif bien ajust\u00e9, mais pas trop serr\u00e9.<\/p>\n<\/li>\n<li data-start=\"786\" data-end=\"838\">\n<p data-start=\"789\" data-end=\"838\">Mesurez directement sur votre corps, sans porter de v\u00eatements.<\/p>\n<\/li>\n<\/ol>\n<h3 data-start=\"840\" data-end=\"866\"><strong data-start=\"844\" data-end=\"866\">Choisir sa taille<\/strong><\/h3>\n<ul data-start=\"867\" data-end=\"1096\">\n<li data-start=\"867\" data-end=\"933\">\n<p data-start=\"869\" data-end=\"933\">Utilisez votre tour de taille pour s\u00e9lectionner votre taille dans le tableau.<\/p>\n<\/li>\n<li data-start=\"934\" data-end=\"1026\">\n<p data-start=\"936\" data-end=\"1026\">Si vous \u00eates entre deux tailles, <strong data-start=\"962\" data-end=\"989\">choisissez la taille la plus petite<\/strong> pour une coupe plus ajust\u00e9e et plus r\u00e9v\u00e9latrice.<\/p>\n<\/li>\n<li data-start=\"1027\" data-end=\"1096\">\n<p data-start=\"1029\" data-end=\"1096\">Si vous pr\u00e9f\u00e9rez une sensation l\u00e9g\u00e8rement plus d\u00e9contract\u00e9e, choisissez la taille sup\u00e9rieure.<\/p>\n<\/li>\n<\/ul>\n<h3 data-start=\"1098\" data-end=\"1124\"><strong data-start=\"1102\" data-end=\"1124\">Note importante concernant l&#039;\u00e9tat de sant\u00e9<\/strong><\/h3>\n<p data-start=\"1125\" data-end=\"1325\">Il s&#039;agit d&#039;un string ajust\u00e9 pour homme, confectionn\u00e9 en maille transparente.<br data-start=\"1175\" data-end=\"1178\" \/>Il est con\u00e7u pour \u00e9pouser les formes du corps et se faire sentir lorsqu&#039;on le porte.<br data-start=\"1245\" data-end=\"1248\" \/>Si vous avez l&#039;habitude de porter des sous-v\u00eatements amples ou de tous les jours, attendez-vous \u00e0 une sensation diff\u00e9rente.<\/p>\n<p data-start=\"1919\" data-end=\"1930\">\n<table>\n<thead>\n<tr>\n<th>Taille<\/th>\n<th>Tour de taille homme (cm)<\/th>\n<th>Tour de taille homme (en pouces)<\/th>\n<\/tr>\n<\/thead>\n<tbody>\n<tr>\n<td>S<\/td>\n<td>70\u201376<\/td>\n<td>28\u201330<\/td>\n<\/tr>\n<tr>\n<td>M<\/td>\n<td>77\u201384<\/td>\n<td>30\u201333<\/td>\n<\/tr>\n<tr>\n<td>L<\/td>\n<td>85\u201392<\/td>\n<td>33\u201336<\/td>\n<\/tr>\n<tr>\n<td>XL<\/td>\n<td>93\u2013102<\/td>\n<td>36\u201340<\/td>\n<\/tr>\n<tr>\n<td>XXL<\/td>\n<td>103\u2013112<\/td>\n<td>40\u201344<\/td>\n<\/tr>\n<\/tbody>\n<\/table>\n<p data-start=\"1919\" data-end=\"1930\">\n<p data-start=\"1919\" data-end=\"1930\"><strong data-start=\"1919\" data-end=\"1930\">D\u00e9tails<\/strong><\/p>\n<ul data-start=\"1931\" data-end=\"2104\">\n<li data-start=\"1931\" data-end=\"1957\">\n<p data-start=\"1933\" data-end=\"1957\">maille transparente<\/p>\n<\/li>\n<li data-start=\"1958\" data-end=\"1977\">\n<p data-start=\"1960\" data-end=\"1977\">string pour homme<\/p>\n<\/li>\n<li data-start=\"1978\" data-end=\"2031\">\n<p data-start=\"1980\" data-end=\"2031\">Broderie personnalis\u00e9e en option (texte ou symbole)<\/p>\n<\/li>\n<li data-start=\"2032\" data-end=\"2082\">\n<p data-start=\"2034\" data-end=\"2082\">Con\u00e7u pour une utilisation intime, th\u00e9matique ou rituelle<\/p>\n<\/li>\n<li data-start=\"2083\" data-end=\"2104\">\n<p data-start=\"2085\" data-end=\"2104\">Fabriqu\u00e9 \u00e0 la main en Italie<\/p>\n<\/li>\n<\/ul>\n<p data-start=\"2106\" data-end=\"2192\">La Cortigiana cr\u00e9e des objets avec une intention.<br data-start=\"2148\" data-end=\"2151\" \/>Celui-ci est fait pour \u00eatre port\u00e9 consciemment.<\/p>","protected":false},"excerpt":{"rendered":"<p>Un string transparent pour homme, con\u00e7u pour ceux qui choisissent ce qu&#039;ils portent et pourquoi.<br data-start=\"409\" data-end=\"412\" \/>La broderie personnalis\u00e9e transforme un sous-v\u00eatement en quelque chose de personnel, d&#039;intentionnel et destin\u00e9 \u00e0 \u00eatre ressenti.<\/p>","protected":false},"featured_media":2181,"comment_status":"open","ping_status":"closed","template":"","meta":{"nf_dc_page":"","googlesitekit_rrm_CAowrc_CDA:productID":""},"product_brand":[],"product_cat":[62],"product_tag":[229,251,73],"class_list":{"0":"post-2178","1":"product","2":"type-product","3":"status-publish","4":"has-post-thumbnail","6":"product_cat-corsets-lingerie","7":"product_tag-lingerie","8":"product_tag-men","9":"product_tag-panties","11":"first","12":"instock","13":"shipping-taxable","14":"purchasable","15":"product-type-simple"},"yoast_head":"<!-- This site is optimized with the Yoast SEO Premium plugin v25.6 (Yoast SEO v27.4) - https:\/\/yoast.com\/product\/yoast-seo-premium-wordpress\/ -->\n<title>Sheer Mesh Men\u2019s Thong with Personalized Embroidery | Symbol Jewelry &amp; Erotic Accessories \u2013 Handmade in Italy<\/title>\n<meta name=\"description\" content=\"Indulge in Sheer Mesh Men\u2019s Thong with Personalized Embroidery \u2013 handcrafted in Italy. Discreet symbol jewelry, erotic leather accessories and intimate pieces for hotwife, cuckold and lifestyle dynamics. Worldwide shipping.\" \/>\n<meta name=\"robots\" content=\"index, follow, max-snippet:-1, max-image-preview:large, max-video-preview:-1\" \/>\n<link rel=\"canonical\" href=\"https:\/\/la-cortigiana.it\/fr\/produit\/sheer-mesh-mens-thong-with-personalized-embroidery\/\" \/>\n<meta property=\"og:locale\" content=\"fr_FR\" \/>\n<meta property=\"og:type\" content=\"article\" \/>\n<meta property=\"og:title\" content=\"Sheer Mesh Men\u2019s Thong with Personalized Embroidery | La Cortigiana \u2013 Handcrafted in Italy\" \/>\n<meta property=\"og:description\" content=\"Luxury handcrafted lingerie &amp; accessories from Italy. Sheer, sensual, made for bold desires. Discreet worldwide delivery.\" \/>\n<meta property=\"og:url\" content=\"https:\/\/la-cortigiana.it\/fr\/produit\/sheer-mesh-mens-thong-with-personalized-embroidery\/\" \/>\n<meta property=\"og:site_name\" content=\"La Cortigiana | Handcrafted Leather Accessories for Bold Desires\" \/>\n<meta property=\"article:publisher\" content=\"https:\/\/www.facebook.com\/LaCortigiana\/\" \/>\n<meta property=\"article:modified_time\" content=\"2025-12-28T18:49:33+00:00\" \/>\n<meta property=\"og:image\" content=\"https:\/\/la-cortigiana.it\/wp-content\/uploads\/2025\/12\/menspanty.jpg\" \/>\n\t<meta property=\"og:image:width\" content=\"1536\" \/>\n\t<meta property=\"og:image:height\" content=\"1024\" \/>\n\t<meta property=\"og:image:type\" content=\"image\/jpeg\" \/>\n<meta name=\"twitter:card\" content=\"summary_large_image\" \/>\n<meta name=\"twitter:site\" content=\"@la_cortigianait\" \/>\n<meta name=\"twitter:label1\" content=\"Dur\u00e9e de lecture estim\u00e9e\" \/>\n\t<meta name=\"twitter:data1\" content=\"3 minutes\" \/>\n<script type=\"application\/ld+json\" class=\"yoast-schema-graph\">{\"@context\":\"https:\\\/\\\/schema.org\",\"@graph\":[{\"@type\":[\"WebPage\",\"ItemPage\"],\"@id\":\"https:\\\/\\\/la-cortigiana.it\\\/product\\\/sheer-mesh-mens-thong-with-personalized-embroidery\\\/\",\"url\":\"https:\\\/\\\/la-cortigiana.it\\\/product\\\/sheer-mesh-mens-thong-with-personalized-embroidery\\\/\",\"name\":\"Sheer Mesh Men\u2019s Thong with Personalized Embroidery | Symbol Jewelry & Erotic Accessories \u2013 Handmade in Italy\",\"isPartOf\":{\"@id\":\"https:\\\/\\\/la-cortigiana.it\\\/#website\"},\"primaryImageOfPage\":{\"@id\":\"https:\\\/\\\/la-cortigiana.it\\\/product\\\/sheer-mesh-mens-thong-with-personalized-embroidery\\\/#primaryimage\"},\"image\":{\"@id\":\"https:\\\/\\\/la-cortigiana.it\\\/product\\\/sheer-mesh-mens-thong-with-personalized-embroidery\\\/#primaryimage\"},\"thumbnailUrl\":\"https:\\\/\\\/la-cortigiana.it\\\/wp-content\\\/uploads\\\/2025\\\/12\\\/menspanty.jpg\",\"datePublished\":\"2025-12-28T18:49:32+00:00\",\"dateModified\":\"2025-12-28T18:49:33+00:00\",\"description\":\"Indulge in Sheer Mesh Men\u2019s Thong with Personalized Embroidery \u2013 handcrafted in Italy. Discreet symbol jewelry, erotic leather accessories and intimate pieces for hotwife, cuckold and lifestyle dynamics. Worldwide shipping.\",\"breadcrumb\":{\"@id\":\"https:\\\/\\\/la-cortigiana.it\\\/product\\\/sheer-mesh-mens-thong-with-personalized-embroidery\\\/#breadcrumb\"},\"inLanguage\":\"fr-FR\",\"potentialAction\":[{\"@type\":\"ReadAction\",\"target\":[\"https:\\\/\\\/la-cortigiana.it\\\/product\\\/sheer-mesh-mens-thong-with-personalized-embroidery\\\/\"]}]},{\"@type\":\"ImageObject\",\"inLanguage\":\"fr-FR\",\"@id\":\"https:\\\/\\\/la-cortigiana.it\\\/product\\\/sheer-mesh-mens-thong-with-personalized-embroidery\\\/#primaryimage\",\"url\":\"https:\\\/\\\/la-cortigiana.it\\\/wp-content\\\/uploads\\\/2025\\\/12\\\/menspanty.jpg\",\"contentUrl\":\"https:\\\/\\\/la-cortigiana.it\\\/wp-content\\\/uploads\\\/2025\\\/12\\\/menspanty.jpg\",\"width\":1536,\"height\":1024,\"caption\":\"Sheer Mesh Men\u2019s Thong with Personalized Embroidery\"},{\"@type\":\"BreadcrumbList\",\"@id\":\"https:\\\/\\\/la-cortigiana.it\\\/product\\\/sheer-mesh-mens-thong-with-personalized-embroidery\\\/#breadcrumb\",\"itemListElement\":[{\"@type\":\"ListItem\",\"position\":1,\"name\":\"Home\",\"item\":\"https:\\\/\\\/la-cortigiana.it\\\/\"},{\"@type\":\"ListItem\",\"position\":2,\"name\":\"Shop\",\"item\":\"https:\\\/\\\/la-cortigiana.it\\\/shop\\\/\"},{\"@type\":\"ListItem\",\"position\":3,\"name\":\"Sheer Mesh Men\u2019s Thong with Personalized Embroidery\"}]},{\"@type\":\"WebSite\",\"@id\":\"https:\\\/\\\/la-cortigiana.it\\\/#website\",\"url\":\"https:\\\/\\\/la-cortigiana.it\\\/\",\"name\":\"La Cortigiana | Discreet Symbol Jewelry & Erotic Leather, Handmade in Italy\",\"description\":\"Quiet Marks of Chosen Desire\",\"publisher\":{\"@id\":\"https:\\\/\\\/la-cortigiana.it\\\/#organization\"},\"potentialAction\":[{\"@type\":\"SearchAction\",\"target\":{\"@type\":\"EntryPoint\",\"urlTemplate\":\"https:\\\/\\\/la-cortigiana.it\\\/?s={search_term_string}\"},\"query-input\":{\"@type\":\"PropertyValueSpecification\",\"valueRequired\":true,\"valueName\":\"search_term_string\"}}],\"inLanguage\":\"fr-FR\"},{\"@type\":\"Organization\",\"@id\":\"https:\\\/\\\/la-cortigiana.it\\\/#organization\",\"name\":\"La Cortigiana\",\"url\":\"https:\\\/\\\/la-cortigiana.it\\\/\",\"logo\":{\"@type\":\"ImageObject\",\"inLanguage\":\"fr-FR\",\"@id\":\"https:\\\/\\\/la-cortigiana.it\\\/#\\\/schema\\\/logo\\\/image\\\/\",\"url\":\"https:\\\/\\\/la-cortigiana.it\\\/wp-content\\\/uploads\\\/2025\\\/01\\\/La-Cortigiana.png\",\"contentUrl\":\"https:\\\/\\\/la-cortigiana.it\\\/wp-content\\\/uploads\\\/2025\\\/01\\\/La-Cortigiana.png\",\"width\":1646,\"height\":575,\"caption\":\"La Cortigiana\"},\"image\":{\"@id\":\"https:\\\/\\\/la-cortigiana.it\\\/#\\\/schema\\\/logo\\\/image\\\/\"},\"sameAs\":[\"https:\\\/\\\/www.facebook.com\\\/LaCortigiana\\\/\",\"https:\\\/\\\/x.com\\\/la_cortigianait\",\"https:\\\/\\\/www.instagram.com\\\/la_cortigiana.it\",\"https:\\\/\\\/substack.com\\\/@lacortigiana\"]}]}<\/script>\n<!-- \/ Yoast SEO Premium plugin. -->","yoast_head_json":{"title":"Sheer Mesh Men\u2019s Thong with Personalized Embroidery | Symbol Jewelry & Erotic Accessories \u2013 Handmade in Italy","description":"Indulge in Sheer Mesh Men\u2019s Thong with Personalized Embroidery \u2013 handcrafted in Italy. Discreet symbol jewelry, erotic leather accessories and intimate pieces for hotwife, cuckold and lifestyle dynamics. Worldwide shipping.","robots":{"index":"index","follow":"follow","max-snippet":"max-snippet:-1","max-image-preview":"max-image-preview:large","max-video-preview":"max-video-preview:-1"},"canonical":"https:\/\/la-cortigiana.it\/fr\/produit\/sheer-mesh-mens-thong-with-personalized-embroidery\/","og_locale":"fr_FR","og_type":"article","og_title":"Sheer Mesh Men\u2019s Thong with Personalized Embroidery | La Cortigiana \u2013 Handcrafted in Italy","og_description":"Luxury handcrafted lingerie & accessories from Italy. Sheer, sensual, made for bold desires. Discreet worldwide delivery.","og_url":"https:\/\/la-cortigiana.it\/fr\/produit\/sheer-mesh-mens-thong-with-personalized-embroidery\/","og_site_name":"La Cortigiana | Handcrafted Leather Accessories for Bold Desires","article_publisher":"https:\/\/www.facebook.com\/LaCortigiana\/","article_modified_time":"2025-12-28T18:49:33+00:00","og_image":[{"width":1536,"height":1024,"url":"https:\/\/la-cortigiana.it\/wp-content\/uploads\/2025\/12\/menspanty.jpg","type":"image\/jpeg"}],"twitter_card":"summary_large_image","twitter_site":"@la_cortigianait","twitter_misc":{"Dur\u00e9e de lecture estim\u00e9e":"3 minutes"},"schema":{"@context":"https:\/\/schema.org","@graph":[{"@type":["WebPage","ItemPage"],"@id":"https:\/\/la-cortigiana.it\/product\/sheer-mesh-mens-thong-with-personalized-embroidery\/","url":"https:\/\/la-cortigiana.it\/product\/sheer-mesh-mens-thong-with-personalized-embroidery\/","name":"Sheer Mesh Men\u2019s Thong with Personalized Embroidery | Symbol Jewelry & Erotic Accessories \u2013 Handmade in Italy","isPartOf":{"@id":"https:\/\/la-cortigiana.it\/#website"},"primaryImageOfPage":{"@id":"https:\/\/la-cortigiana.it\/product\/sheer-mesh-mens-thong-with-personalized-embroidery\/#primaryimage"},"image":{"@id":"https:\/\/la-cortigiana.it\/product\/sheer-mesh-mens-thong-with-personalized-embroidery\/#primaryimage"},"thumbnailUrl":"https:\/\/la-cortigiana.it\/wp-content\/uploads\/2025\/12\/menspanty.jpg","datePublished":"2025-12-28T18:49:32+00:00","dateModified":"2025-12-28T18:49:33+00:00","description":"Indulge in Sheer Mesh Men\u2019s Thong with Personalized Embroidery \u2013 handcrafted in Italy. Discreet symbol jewelry, erotic leather accessories and intimate pieces for hotwife, cuckold and lifestyle dynamics. Worldwide shipping.","breadcrumb":{"@id":"https:\/\/la-cortigiana.it\/product\/sheer-mesh-mens-thong-with-personalized-embroidery\/#breadcrumb"},"inLanguage":"fr-FR","potentialAction":[{"@type":"ReadAction","target":["https:\/\/la-cortigiana.it\/product\/sheer-mesh-mens-thong-with-personalized-embroidery\/"]}]},{"@type":"ImageObject","inLanguage":"fr-FR","@id":"https:\/\/la-cortigiana.it\/product\/sheer-mesh-mens-thong-with-personalized-embroidery\/#primaryimage","url":"https:\/\/la-cortigiana.it\/wp-content\/uploads\/2025\/12\/menspanty.jpg","contentUrl":"https:\/\/la-cortigiana.it\/wp-content\/uploads\/2025\/12\/menspanty.jpg","width":1536,"height":1024,"caption":"Sheer Mesh Men\u2019s Thong with Personalized Embroidery"},{"@type":"BreadcrumbList","@id":"https:\/\/la-cortigiana.it\/product\/sheer-mesh-mens-thong-with-personalized-embroidery\/#breadcrumb","itemListElement":[{"@type":"ListItem","position":1,"name":"Home","item":"https:\/\/la-cortigiana.it\/"},{"@type":"ListItem","position":2,"name":"Shop","item":"https:\/\/la-cortigiana.it\/shop\/"},{"@type":"ListItem","position":3,"name":"Sheer Mesh Men\u2019s Thong with Personalized Embroidery"}]},{"@type":"WebSite","@id":"https:\/\/la-cortigiana.it\/#website","url":"https:\/\/la-cortigiana.it\/","name":"La Cortigiana | Bijoux discrets \u00e0 symboles et maroquinerie \u00e9rotique, fabriqu\u00e9s \u00e0 la main en Italie","description":"Marques discr\u00e8tes d&#039;un d\u00e9sir choisi","publisher":{"@id":"https:\/\/la-cortigiana.it\/#organization"},"potentialAction":[{"@type":"SearchAction","target":{"@type":"EntryPoint","urlTemplate":"https:\/\/la-cortigiana.it\/?s={search_term_string}"},"query-input":{"@type":"PropertyValueSpecification","valueRequired":true,"valueName":"search_term_string"}}],"inLanguage":"fr-FR"},{"@type":"Organization","@id":"https:\/\/la-cortigiana.it\/#organization","name":"La Cortigiana","url":"https:\/\/la-cortigiana.it\/","logo":{"@type":"ImageObject","inLanguage":"fr-FR","@id":"https:\/\/la-cortigiana.it\/#\/schema\/logo\/image\/","url":"https:\/\/la-cortigiana.it\/wp-content\/uploads\/2025\/01\/La-Cortigiana.png","contentUrl":"https:\/\/la-cortigiana.it\/wp-content\/uploads\/2025\/01\/La-Cortigiana.png","width":1646,"height":575,"caption":"La Cortigiana"},"image":{"@id":"https:\/\/la-cortigiana.it\/#\/schema\/logo\/image\/"},"sameAs":["https:\/\/www.facebook.com\/LaCortigiana\/","https:\/\/x.com\/la_cortigianait","https:\/\/www.instagram.com\/la_cortigiana.it","https:\/\/substack.com\/@lacortigiana"]}]}},"_links":{"self":[{"href":"https:\/\/la-cortigiana.it\/fr\/wp-json\/wp\/v2\/product\/2178","targetHints":{"allow":["GET"]}}],"collection":[{"href":"https:\/\/la-cortigiana.it\/fr\/wp-json\/wp\/v2\/product"}],"about":[{"href":"https:\/\/la-cortigiana.it\/fr\/wp-json\/wp\/v2\/types\/product"}],"replies":[{"embeddable":true,"href":"https:\/\/la-cortigiana.it\/fr\/wp-json\/wp\/v2\/comments?post=2178"}],"wp:featuredmedia":[{"embeddable":true,"href":"https:\/\/la-cortigiana.it\/fr\/wp-json\/wp\/v2\/media\/2181"}],"wp:attachment":[{"href":"https:\/\/la-cortigiana.it\/fr\/wp-json\/wp\/v2\/media?parent=2178"}],"wp:term":[{"taxonomy":"product_brand","embeddable":true,"href":"https:\/\/la-cortigiana.it\/fr\/wp-json\/wp\/v2\/product_brand?post=2178"},{"taxonomy":"product_cat","embeddable":true,"href":"https:\/\/la-cortigiana.it\/fr\/wp-json\/wp\/v2\/product_cat?post=2178"},{"taxonomy":"product_tag","embeddable":true,"href":"https:\/\/la-cortigiana.it\/fr\/wp-json\/wp\/v2\/product_tag?post=2178"}],"curies":[{"name":"wp","href":"https:\/\/api.w.org\/{rel}","templated":true}]}}