{"id":2237,"date":"2026-01-12T17:11:26","date_gmt":"2026-01-12T16:11:26","guid":{"rendered":"https:\/\/la-cortigiana.it\/?post_type=product&#038;p=2237"},"modified":"2026-01-13T18:22:21","modified_gmt":"2026-01-13T17:22:21","slug":"custom-embroidered-panties","status":"publish","type":"product","link":"https:\/\/la-cortigiana.it\/fr\/produit\/custom-embroidered-panties\/","title":{"rendered":"Culottes brod\u00e9es enti\u00e8rement personnalis\u00e9es"},"content":{"rendered":"<p data-start=\"405\" data-end=\"588\">Ces culottes sont fabriqu\u00e9es par nos soins, \u00e0 la main, en Italie, une pi\u00e8ce \u00e0 la fois.<br data-start=\"474\" data-end=\"477\" \/>Rien n&#039;est pr\u00e9fabriqu\u00e9, sous-trait\u00e9 ou produit en s\u00e9rie. Chaque commande est cr\u00e9\u00e9e individuellement, selon vos choix.<\/p>\n<h3 data-start=\"590\" data-end=\"605\">\u00c0 vous de d\u00e9cider\u00a0:<\/h3>\n<ul data-start=\"607\" data-end=\"777\">\n<li data-start=\"607\" data-end=\"634\">\n<p data-start=\"609\" data-end=\"634\">le <strong data-start=\"613\" data-end=\"632\">type de culottes<\/strong><\/p>\n<\/li>\n<li data-start=\"635\" data-end=\"665\">\n<p data-start=\"637\" data-end=\"665\">le <strong data-start=\"641\" data-end=\"663\">mati\u00e8re et couleur<\/strong><\/p>\n<\/li>\n<li data-start=\"666\" data-end=\"777\">\n<p data-start=\"668\" data-end=\"777\">le <strong data-start=\"672\" data-end=\"686\">broderie<\/strong>: un mot, un nom, un r\u00f4le, une promesse ou un signal priv\u00e9 destin\u00e9 uniquement \u00e0 vous ou \u00e0 votre partenaire<\/p>\n<\/li>\n<\/ul>\n<h3 data-start=\"779\" data-end=\"811\">Styles et mat\u00e9riaux disponibles<\/h3>\n<p data-start=\"813\" data-end=\"918\">Chaque mod\u00e8le est intentionnellement confectionn\u00e9 \u00e0 partir d&#039;un mat\u00e9riau diff\u00e9rent, choisi pour un toucher et un effet visuel sp\u00e9cifiques\u00a0:<\/p>\n<ul data-start=\"920\" data-end=\"1690\">\n<li data-start=\"920\" data-end=\"1157\">\n<p data-start=\"922\" data-end=\"1157\"><strong data-start=\"922\" data-end=\"938\">culottes en soie<\/strong><br data-start=\"938\" data-end=\"941\" \/>Confectionn\u00e9 en soie naturelle noire.<br data-start=\"975\" data-end=\"978\" \/>Cette soie est lisse et fluide, mais <strong data-start=\"1015\" data-end=\"1040\">pas totalement transparent<\/strong>.<br data-start=\"1041\" data-end=\"1044\" \/>La coupe est con\u00e7ue pour mettre l&#039;accent sur la forme et le mouvement plut\u00f4t que sur la nudit\u00e9.<br data-start=\"1119\" data-end=\"1122\" \/>\u00c9l\u00e9gant, sobre et tactile.<\/p>\n<\/li>\n<li data-start=\"1159\" data-end=\"1428\">\n<p data-start=\"1161\" data-end=\"1428\"><strong data-start=\"1161\" data-end=\"1181\">culotte \u00e0 nouer sur le c\u00f4t\u00e9<\/strong><br data-start=\"1181\" data-end=\"1184\" \/>Fabriqu\u00e9 \u00e0 partir d&#039;un <strong data-start=\"1198\" data-end=\"1219\">tissu semi-transparent<\/strong> qui laisse passer la lumi\u00e8re sans tout r\u00e9v\u00e9ler.<br data-start=\"1284\" data-end=\"1287\" \/>Les attaches lat\u00e9rales r\u00e9glables favorisent le jeu, le contr\u00f4le et l&#039;interaction.<br data-start=\"1355\" data-end=\"1358\" \/>Plus r\u00e9v\u00e9latrice que la soie, mais toujours suggestive plut\u00f4t qu&#039;explicite.<\/p>\n<\/li>\n<li data-start=\"1430\" data-end=\"1690\">\n<p data-start=\"1432\" data-end=\"1690\"><strong data-start=\"1432\" data-end=\"1458\">Culotte en maille invisible<\/strong><br data-start=\"1458\" data-end=\"1461\" \/>Fabriqu\u00e9 \u00e0 partir de <strong data-start=\"1473\" data-end=\"1509\">maille invisible enti\u00e8rement transparente<\/strong>.<br data-start=\"1510\" data-end=\"1513\" \/>Extr\u00eamement l\u00e9ger, presque imperceptible sur la peau.<br data-start=\"1565\" data-end=\"1568\" \/>Con\u00e7ue sans gousset, cr\u00e9ant une ligne ininterrompue et provocante.<br data-start=\"1641\" data-end=\"1644\" \/>C&#039;est l&#039;option la plus minimaliste et la plus expos\u00e9e.<\/p>\n<\/li>\n<\/ul>\n<p data-start=\"1692\" data-end=\"1786\">Chaque mati\u00e8re r\u00e9agit diff\u00e9remment sur le corps.<br data-start=\"1738\" data-end=\"1741\" \/>Chaque choix communique quelque chose de diff\u00e9rent.<\/p>\n<h3 data-start=\"1788\" data-end=\"1802\">Broderie<\/h3>\n<p data-start=\"1804\" data-end=\"2025\">La broderie est <strong data-start=\"1822\" data-end=\"1847\">cousu, non imprim\u00e9<\/strong>, et soigneusement dispos\u00e9s pour pr\u00e9server le drap\u00e9 naturel du tissu et l&#039;intimit\u00e9 de la pi\u00e8ce.<br data-start=\"1944\" data-end=\"1947\" \/>Chaque point est r\u00e9alis\u00e9 lentement, avec une attention particuli\u00e8re \u00e0 l&#039;\u00e9quilibre, au toucher et \u00e0 la durabilit\u00e9.<\/p>\n<p data-start=\"2027\" data-end=\"2090\">Il ne s&#039;agit pas de lingerie d\u00e9corative.<br data-start=\"2059\" data-end=\"2062\" \/>C&#039;est <strong data-start=\"2068\" data-end=\"2089\">lingerie symbolique<\/strong>.<\/p>\n<p data-start=\"2092\" data-end=\"2172\">Un message port\u00e9 \u00e0 m\u00eame la peau.<br data-start=\"2124\" data-end=\"2127\" \/>Quelque chose qui se ressent avant d&#039;\u00eatre vu.<\/p>\n<hr data-start=\"2174\" data-end=\"2177\" \/>\n<h2 data-start=\"2179\" data-end=\"2205\">Comment fonctionne la personnalisation<\/h2>\n<p data-start=\"2207\" data-end=\"2249\">Apr\u00e8s avoir pass\u00e9 votre commande, vous pouvez pr\u00e9ciser\u00a0:<\/p>\n<ul data-start=\"2251\" data-end=\"2399\">\n<li data-start=\"2251\" data-end=\"2280\">\n<p data-start=\"2253\" data-end=\"2280\">le texte exact de la broderie<\/p>\n<\/li>\n<li data-start=\"2281\" data-end=\"2343\">\n<p data-start=\"2283\" data-end=\"2343\">emplacement pr\u00e9f\u00e9r\u00e9 (avant\/arri\u00e8re, selon le mod\u00e8le)<\/p>\n<\/li>\n<li data-start=\"2344\" data-end=\"2399\">\n<p data-start=\"2346\" data-end=\"2399\">toute note suppl\u00e9mentaire concernant la signification ou l&#039;intention<\/p>\n<\/li>\n<\/ul>\n<p data-start=\"2401\" data-end=\"2461\">Si vous ne savez pas quoi choisir, nous serons heureux de vous guider.<\/p>\n<hr data-start=\"2463\" data-end=\"2466\" \/>\n<h2 data-start=\"2468\" data-end=\"2496\">Mat\u00e9riaux et fabrication<\/h2>\n<ul data-start=\"2498\" data-end=\"2824\">\n<li data-start=\"2498\" data-end=\"2519\">\n<p data-start=\"2500\" data-end=\"2519\">Fabriqu\u00e9 \u00e0 la main en Italie<\/p>\n<\/li>\n<li data-start=\"2520\" data-end=\"2537\">\n<p data-start=\"2522\" data-end=\"2537\">Fabriqu\u00e9 sur commande<\/p>\n<\/li>\n<li data-start=\"2538\" data-end=\"2564\">\n<p data-start=\"2540\" data-end=\"2564\">Production en petits lots<\/p>\n<\/li>\n<li data-start=\"2565\" data-end=\"2618\">\n<p data-start=\"2567\" data-end=\"2618\">Soie naturelle et tissus transparents soigneusement s\u00e9lectionn\u00e9s<\/p>\n<\/li>\n<li data-start=\"2619\" data-end=\"2666\">\n<p data-start=\"2621\" data-end=\"2666\">maille invisible pour pi\u00e8ces enti\u00e8rement transparentes<\/p>\n<\/li>\n<li data-start=\"2667\" data-end=\"2722\">\n<p data-start=\"2669\" data-end=\"2722\">Des finitions \u00e9lastiques douces choisies pour leur confort et leur durabilit\u00e9.<\/p>\n<\/li>\n<li data-start=\"2723\" data-end=\"2771\">\n<p data-start=\"2725\" data-end=\"2771\">Broderie cousue directement dans le tissu<\/p>\n<\/li>\n<li data-start=\"2772\" data-end=\"2824\">\n<p data-start=\"2774\" data-end=\"2824\">Cr\u00e9\u00e9 \u00e0 la main, et non par des cha\u00eenes de production industrielles.<\/p>\n<\/li>\n<\/ul>\n<p data-start=\"2826\" data-end=\"2877\">Chaque pi\u00e8ce est coup\u00e9e, cousue et finie individuellement.<\/p>\n<hr data-start=\"2879\" data-end=\"2882\" \/>\n<h2 data-start=\"2884\" data-end=\"2902\">Remarques importantes<\/h2>\n<ul data-start=\"2904\" data-end=\"3137\">\n<li data-start=\"2904\" data-end=\"2934\">\n<p data-start=\"2906\" data-end=\"2934\">Cet article est fabriqu\u00e9 sur commande.<\/p>\n<\/li>\n<li data-start=\"2935\" data-end=\"2990\">\n<p data-start=\"2937\" data-end=\"2990\">Le d\u00e9lai de production peut varier en fonction de la personnalisation.<\/p>\n<\/li>\n<li data-start=\"2991\" data-end=\"3028\">\n<p data-start=\"2993\" data-end=\"3028\">Un emballage discret est toujours utilis\u00e9.<\/p>\n<\/li>\n<li data-start=\"3029\" data-end=\"3137\">\n<p data-start=\"3031\" data-end=\"3137\">En raison de la nature personnalis\u00e9e du produit, les retours ne sont pas possibles sauf si l&#039;article est d\u00e9fectueux.<\/p>\n<\/li>\n<\/ul>\n<hr data-start=\"3139\" data-end=\"3142\" \/>\n<h2 data-start=\"3144\" data-end=\"3174\">Pour qui cette \u0153uvre est-elle destin\u00e9e ?<\/h2>\n<p data-start=\"3176\" data-end=\"3222\">Pour celles qui savent que la lingerie peut \u00eatre :<\/p>\n<ul data-start=\"3224\" data-end=\"3314\">\n<li data-start=\"3224\" data-end=\"3236\">\n<p data-start=\"3226\" data-end=\"3236\">un signal<\/p>\n<\/li>\n<li data-start=\"3237\" data-end=\"3251\">\n<p data-start=\"3239\" data-end=\"3251\">une limite<\/p>\n<\/li>\n<li data-start=\"3252\" data-end=\"3269\">\n<p data-start=\"3254\" data-end=\"3269\">une invitation<\/p>\n<\/li>\n<li data-start=\"3270\" data-end=\"3314\">\n<p data-start=\"3272\" data-end=\"3314\">ou un langage priv\u00e9 entre deux personnes<\/p>\n<\/li>\n<\/ul>\n<p data-start=\"3316\" data-end=\"3382\">Cette \u0153uvre n&#039;est pas cens\u00e9e \u00eatre expliqu\u00e9e.<br data-start=\"3356\" data-end=\"3359\" \/>Il est fait pour \u00eatre port\u00e9.<\/p>","protected":false},"excerpt":{"rendered":"<p data-start=\"219\" data-end=\"331\">Culottes enti\u00e8rement personnalis\u00e9es, faites main, cousues et brod\u00e9es sur commande en Italie.<br data-start=\"634\" data-end=\"637\" \/>Choisissez le tissu, la coupe et la broderie.<br data-start=\"684\" data-end=\"687\" \/>Une \u0153uvre personnelle cr\u00e9\u00e9e pour l&#039;intimit\u00e9, le symbolisme et une intention priv\u00e9e.<\/p>","protected":false},"featured_media":2238,"comment_status":"open","ping_status":"closed","template":"","meta":{"nf_dc_page":"","googlesitekit_rrm_CAowrc_CDA:productID":""},"product_brand":[],"product_cat":[62],"product_tag":[35,229,73],"class_list":{"0":"post-2237","1":"product","2":"type-product","3":"status-publish","4":"has-post-thumbnail","6":"product_cat-corsets-lingerie","7":"product_tag-hotwife","8":"product_tag-lingerie","9":"product_tag-panties","11":"first","12":"instock","13":"shipping-taxable","14":"purchasable","15":"product-type-simple"},"yoast_head":"<!-- This site is optimized with the Yoast SEO Premium plugin v25.6 (Yoast SEO v27.4) - https:\/\/yoast.com\/product\/yoast-seo-premium-wordpress\/ -->\n<title>Fully Custom Embroidered Panties | Symbol Jewelry &amp; Erotic Accessories \u2013 Handmade in Italy<\/title>\n<meta name=\"description\" content=\"Indulge in Fully Custom Embroidered Panties \u2013 handcrafted in Italy. Discreet symbol jewelry, erotic leather accessories and intimate pieces for hotwife, cuckold and lifestyle dynamics. Worldwide shipping.\" \/>\n<meta name=\"robots\" content=\"index, follow, max-snippet:-1, max-image-preview:large, max-video-preview:-1\" \/>\n<link rel=\"canonical\" href=\"https:\/\/la-cortigiana.it\/fr\/produit\/custom-embroidered-panties\/\" \/>\n<meta property=\"og:locale\" content=\"fr_FR\" \/>\n<meta property=\"og:type\" content=\"article\" \/>\n<meta property=\"og:title\" content=\"Fully Custom Embroidered Panties | La Cortigiana \u2013 Handcrafted in Italy\" \/>\n<meta property=\"og:description\" content=\"Luxury handcrafted lingerie &amp; accessories from Italy. Sheer, sensual, made for bold desires. Discreet worldwide delivery.\" \/>\n<meta property=\"og:url\" content=\"https:\/\/la-cortigiana.it\/fr\/produit\/custom-embroidered-panties\/\" \/>\n<meta property=\"og:site_name\" content=\"La Cortigiana | Handcrafted Leather Accessories for Bold Desires\" \/>\n<meta property=\"article:publisher\" content=\"https:\/\/www.facebook.com\/LaCortigiana\/\" \/>\n<meta property=\"article:modified_time\" content=\"2026-01-13T17:22:21+00:00\" \/>\n<meta property=\"og:image\" content=\"https:\/\/la-cortigiana.it\/wp-content\/uploads\/2026\/01\/panties-deeply-7587.jpg\" \/>\n\t<meta property=\"og:image:width\" content=\"1333\" \/>\n\t<meta property=\"og:image:height\" content=\"2000\" \/>\n\t<meta property=\"og:image:type\" content=\"image\/jpeg\" \/>\n<meta name=\"twitter:card\" content=\"summary_large_image\" \/>\n<meta name=\"twitter:site\" content=\"@la_cortigianait\" \/>\n<meta name=\"twitter:label1\" content=\"Dur\u00e9e de lecture estim\u00e9e\" \/>\n\t<meta name=\"twitter:data1\" content=\"3 minutes\" \/>\n<script type=\"application\/ld+json\" class=\"yoast-schema-graph\">{\"@context\":\"https:\\\/\\\/schema.org\",\"@graph\":[{\"@type\":[\"WebPage\",\"ItemPage\"],\"@id\":\"https:\\\/\\\/la-cortigiana.it\\\/product\\\/custom-embroidered-panties\\\/\",\"url\":\"https:\\\/\\\/la-cortigiana.it\\\/product\\\/custom-embroidered-panties\\\/\",\"name\":\"Fully Custom Embroidered Panties | Symbol Jewelry & Erotic Accessories \u2013 Handmade in Italy\",\"isPartOf\":{\"@id\":\"https:\\\/\\\/la-cortigiana.it\\\/#website\"},\"primaryImageOfPage\":{\"@id\":\"https:\\\/\\\/la-cortigiana.it\\\/product\\\/custom-embroidered-panties\\\/#primaryimage\"},\"image\":{\"@id\":\"https:\\\/\\\/la-cortigiana.it\\\/product\\\/custom-embroidered-panties\\\/#primaryimage\"},\"thumbnailUrl\":\"https:\\\/\\\/la-cortigiana.it\\\/wp-content\\\/uploads\\\/2026\\\/01\\\/panties-deeply-7587.jpg\",\"datePublished\":\"2026-01-12T16:11:26+00:00\",\"dateModified\":\"2026-01-13T17:22:21+00:00\",\"description\":\"Indulge in Fully Custom Embroidered Panties \u2013 handcrafted in Italy. Discreet symbol jewelry, erotic leather accessories and intimate pieces for hotwife, cuckold and lifestyle dynamics. Worldwide shipping.\",\"breadcrumb\":{\"@id\":\"https:\\\/\\\/la-cortigiana.it\\\/product\\\/custom-embroidered-panties\\\/#breadcrumb\"},\"inLanguage\":\"fr-FR\",\"potentialAction\":[{\"@type\":\"ReadAction\",\"target\":[\"https:\\\/\\\/la-cortigiana.it\\\/product\\\/custom-embroidered-panties\\\/\"]}]},{\"@type\":\"ImageObject\",\"inLanguage\":\"fr-FR\",\"@id\":\"https:\\\/\\\/la-cortigiana.it\\\/product\\\/custom-embroidered-panties\\\/#primaryimage\",\"url\":\"https:\\\/\\\/la-cortigiana.it\\\/wp-content\\\/uploads\\\/2026\\\/01\\\/panties-deeply-7587.jpg\",\"contentUrl\":\"https:\\\/\\\/la-cortigiana.it\\\/wp-content\\\/uploads\\\/2026\\\/01\\\/panties-deeply-7587.jpg\",\"width\":1333,\"height\":2000,\"caption\":\"custom panties\"},{\"@type\":\"BreadcrumbList\",\"@id\":\"https:\\\/\\\/la-cortigiana.it\\\/product\\\/custom-embroidered-panties\\\/#breadcrumb\",\"itemListElement\":[{\"@type\":\"ListItem\",\"position\":1,\"name\":\"Home\",\"item\":\"https:\\\/\\\/la-cortigiana.it\\\/\"},{\"@type\":\"ListItem\",\"position\":2,\"name\":\"Shop\",\"item\":\"https:\\\/\\\/la-cortigiana.it\\\/shop\\\/\"},{\"@type\":\"ListItem\",\"position\":3,\"name\":\"Fully Custom Embroidered Panties\"}]},{\"@type\":\"WebSite\",\"@id\":\"https:\\\/\\\/la-cortigiana.it\\\/#website\",\"url\":\"https:\\\/\\\/la-cortigiana.it\\\/\",\"name\":\"La Cortigiana | Discreet Symbol Jewelry & Erotic Leather, Handmade in Italy\",\"description\":\"Quiet Marks of Chosen Desire\",\"publisher\":{\"@id\":\"https:\\\/\\\/la-cortigiana.it\\\/#organization\"},\"potentialAction\":[{\"@type\":\"SearchAction\",\"target\":{\"@type\":\"EntryPoint\",\"urlTemplate\":\"https:\\\/\\\/la-cortigiana.it\\\/?s={search_term_string}\"},\"query-input\":{\"@type\":\"PropertyValueSpecification\",\"valueRequired\":true,\"valueName\":\"search_term_string\"}}],\"inLanguage\":\"fr-FR\"},{\"@type\":\"Organization\",\"@id\":\"https:\\\/\\\/la-cortigiana.it\\\/#organization\",\"name\":\"La Cortigiana\",\"url\":\"https:\\\/\\\/la-cortigiana.it\\\/\",\"logo\":{\"@type\":\"ImageObject\",\"inLanguage\":\"fr-FR\",\"@id\":\"https:\\\/\\\/la-cortigiana.it\\\/#\\\/schema\\\/logo\\\/image\\\/\",\"url\":\"https:\\\/\\\/la-cortigiana.it\\\/wp-content\\\/uploads\\\/2025\\\/01\\\/La-Cortigiana.png\",\"contentUrl\":\"https:\\\/\\\/la-cortigiana.it\\\/wp-content\\\/uploads\\\/2025\\\/01\\\/La-Cortigiana.png\",\"width\":1646,\"height\":575,\"caption\":\"La Cortigiana\"},\"image\":{\"@id\":\"https:\\\/\\\/la-cortigiana.it\\\/#\\\/schema\\\/logo\\\/image\\\/\"},\"sameAs\":[\"https:\\\/\\\/www.facebook.com\\\/LaCortigiana\\\/\",\"https:\\\/\\\/x.com\\\/la_cortigianait\",\"https:\\\/\\\/www.instagram.com\\\/la_cortigiana.it\",\"https:\\\/\\\/substack.com\\\/@lacortigiana\"]}]}<\/script>\n<!-- \/ Yoast SEO Premium plugin. -->","yoast_head_json":{"title":"Fully Custom Embroidered Panties | Symbol Jewelry & Erotic Accessories \u2013 Handmade in Italy","description":"Indulge in Fully Custom Embroidered Panties \u2013 handcrafted in Italy. Discreet symbol jewelry, erotic leather accessories and intimate pieces for hotwife, cuckold and lifestyle dynamics. Worldwide shipping.","robots":{"index":"index","follow":"follow","max-snippet":"max-snippet:-1","max-image-preview":"max-image-preview:large","max-video-preview":"max-video-preview:-1"},"canonical":"https:\/\/la-cortigiana.it\/fr\/produit\/custom-embroidered-panties\/","og_locale":"fr_FR","og_type":"article","og_title":"Fully Custom Embroidered Panties | La Cortigiana \u2013 Handcrafted in Italy","og_description":"Luxury handcrafted lingerie & accessories from Italy. Sheer, sensual, made for bold desires. Discreet worldwide delivery.","og_url":"https:\/\/la-cortigiana.it\/fr\/produit\/custom-embroidered-panties\/","og_site_name":"La Cortigiana | Handcrafted Leather Accessories for Bold Desires","article_publisher":"https:\/\/www.facebook.com\/LaCortigiana\/","article_modified_time":"2026-01-13T17:22:21+00:00","og_image":[{"width":1333,"height":2000,"url":"https:\/\/la-cortigiana.it\/wp-content\/uploads\/2026\/01\/panties-deeply-7587.jpg","type":"image\/jpeg"}],"twitter_card":"summary_large_image","twitter_site":"@la_cortigianait","twitter_misc":{"Dur\u00e9e de lecture estim\u00e9e":"3 minutes"},"schema":{"@context":"https:\/\/schema.org","@graph":[{"@type":["WebPage","ItemPage"],"@id":"https:\/\/la-cortigiana.it\/product\/custom-embroidered-panties\/","url":"https:\/\/la-cortigiana.it\/product\/custom-embroidered-panties\/","name":"Fully Custom Embroidered Panties | Symbol Jewelry & Erotic Accessories \u2013 Handmade in Italy","isPartOf":{"@id":"https:\/\/la-cortigiana.it\/#website"},"primaryImageOfPage":{"@id":"https:\/\/la-cortigiana.it\/product\/custom-embroidered-panties\/#primaryimage"},"image":{"@id":"https:\/\/la-cortigiana.it\/product\/custom-embroidered-panties\/#primaryimage"},"thumbnailUrl":"https:\/\/la-cortigiana.it\/wp-content\/uploads\/2026\/01\/panties-deeply-7587.jpg","datePublished":"2026-01-12T16:11:26+00:00","dateModified":"2026-01-13T17:22:21+00:00","description":"Indulge in Fully Custom Embroidered Panties \u2013 handcrafted in Italy. Discreet symbol jewelry, erotic leather accessories and intimate pieces for hotwife, cuckold and lifestyle dynamics. Worldwide shipping.","breadcrumb":{"@id":"https:\/\/la-cortigiana.it\/product\/custom-embroidered-panties\/#breadcrumb"},"inLanguage":"fr-FR","potentialAction":[{"@type":"ReadAction","target":["https:\/\/la-cortigiana.it\/product\/custom-embroidered-panties\/"]}]},{"@type":"ImageObject","inLanguage":"fr-FR","@id":"https:\/\/la-cortigiana.it\/product\/custom-embroidered-panties\/#primaryimage","url":"https:\/\/la-cortigiana.it\/wp-content\/uploads\/2026\/01\/panties-deeply-7587.jpg","contentUrl":"https:\/\/la-cortigiana.it\/wp-content\/uploads\/2026\/01\/panties-deeply-7587.jpg","width":1333,"height":2000,"caption":"custom panties"},{"@type":"BreadcrumbList","@id":"https:\/\/la-cortigiana.it\/product\/custom-embroidered-panties\/#breadcrumb","itemListElement":[{"@type":"ListItem","position":1,"name":"Home","item":"https:\/\/la-cortigiana.it\/"},{"@type":"ListItem","position":2,"name":"Shop","item":"https:\/\/la-cortigiana.it\/shop\/"},{"@type":"ListItem","position":3,"name":"Fully Custom Embroidered Panties"}]},{"@type":"WebSite","@id":"https:\/\/la-cortigiana.it\/#website","url":"https:\/\/la-cortigiana.it\/","name":"La Cortigiana | Bijoux discrets \u00e0 symboles et maroquinerie \u00e9rotique, fabriqu\u00e9s \u00e0 la main en Italie","description":"Marques discr\u00e8tes d&#039;un d\u00e9sir choisi","publisher":{"@id":"https:\/\/la-cortigiana.it\/#organization"},"potentialAction":[{"@type":"SearchAction","target":{"@type":"EntryPoint","urlTemplate":"https:\/\/la-cortigiana.it\/?s={search_term_string}"},"query-input":{"@type":"PropertyValueSpecification","valueRequired":true,"valueName":"search_term_string"}}],"inLanguage":"fr-FR"},{"@type":"Organization","@id":"https:\/\/la-cortigiana.it\/#organization","name":"La Cortigiana","url":"https:\/\/la-cortigiana.it\/","logo":{"@type":"ImageObject","inLanguage":"fr-FR","@id":"https:\/\/la-cortigiana.it\/#\/schema\/logo\/image\/","url":"https:\/\/la-cortigiana.it\/wp-content\/uploads\/2025\/01\/La-Cortigiana.png","contentUrl":"https:\/\/la-cortigiana.it\/wp-content\/uploads\/2025\/01\/La-Cortigiana.png","width":1646,"height":575,"caption":"La Cortigiana"},"image":{"@id":"https:\/\/la-cortigiana.it\/#\/schema\/logo\/image\/"},"sameAs":["https:\/\/www.facebook.com\/LaCortigiana\/","https:\/\/x.com\/la_cortigianait","https:\/\/www.instagram.com\/la_cortigiana.it","https:\/\/substack.com\/@lacortigiana"]}]}},"_links":{"self":[{"href":"https:\/\/la-cortigiana.it\/fr\/wp-json\/wp\/v2\/product\/2237","targetHints":{"allow":["GET"]}}],"collection":[{"href":"https:\/\/la-cortigiana.it\/fr\/wp-json\/wp\/v2\/product"}],"about":[{"href":"https:\/\/la-cortigiana.it\/fr\/wp-json\/wp\/v2\/types\/product"}],"replies":[{"embeddable":true,"href":"https:\/\/la-cortigiana.it\/fr\/wp-json\/wp\/v2\/comments?post=2237"}],"wp:featuredmedia":[{"embeddable":true,"href":"https:\/\/la-cortigiana.it\/fr\/wp-json\/wp\/v2\/media\/2238"}],"wp:attachment":[{"href":"https:\/\/la-cortigiana.it\/fr\/wp-json\/wp\/v2\/media?parent=2237"}],"wp:term":[{"taxonomy":"product_brand","embeddable":true,"href":"https:\/\/la-cortigiana.it\/fr\/wp-json\/wp\/v2\/product_brand?post=2237"},{"taxonomy":"product_cat","embeddable":true,"href":"https:\/\/la-cortigiana.it\/fr\/wp-json\/wp\/v2\/product_cat?post=2237"},{"taxonomy":"product_tag","embeddable":true,"href":"https:\/\/la-cortigiana.it\/fr\/wp-json\/wp\/v2\/product_tag?post=2237"}],"curies":[{"name":"wp","href":"https:\/\/api.w.org\/{rel}","templated":true}]}}