{"id":2289,"date":"2026-01-17T22:26:43","date_gmt":"2026-01-17T21:26:43","guid":{"rendered":"https:\/\/la-cortigiana.it\/?post_type=product&#038;p=2289"},"modified":"2026-02-02T21:24:56","modified_gmt":"2026-02-02T20:24:56","slug":"invisible-mesh-panties-qos","status":"publish","type":"product","link":"https:\/\/la-cortigiana.it\/fr\/produit\/invisible-mesh-panties-qos\/","title":{"rendered":"Culotte QOS en r\u00e9sille transparente \u2013 Broderie Reine de Pique"},"content":{"rendered":"<table class=\"w-fit min-w-(--thread-content-width)\" data-start=\"69\" data-end=\"601\">\n<thead data-start=\"69\" data-end=\"132\">\n<tr data-start=\"69\" data-end=\"132\">\n<th data-start=\"69\" data-end=\"76\" data-col-size=\"sm\">Taille<\/th>\n<th data-start=\"76\" data-end=\"89\" data-col-size=\"sm\">Tour de taille (cm)<\/th>\n<th data-start=\"89\" data-end=\"104\" data-col-size=\"sm\">Tour de taille (po)<\/th>\n<th data-start=\"104\" data-end=\"116\" data-col-size=\"sm\">Hanches (cm)<\/th>\n<th data-start=\"116\" data-end=\"132\" data-col-size=\"sm\">Hanches (po)<\/th>\n<\/tr>\n<\/thead>\n<tbody data-start=\"200\" data-end=\"601\">\n<tr data-start=\"200\" data-end=\"266\">\n<td data-start=\"200\" data-end=\"207\" data-col-size=\"sm\">XS<\/td>\n<td data-start=\"207\" data-end=\"221\" data-col-size=\"sm\">62\u201366<\/td>\n<td data-col-size=\"sm\" data-start=\"221\" data-end=\"236\">24,5\u201326<\/td>\n<td data-col-size=\"sm\" data-start=\"236\" data-end=\"249\">86\u201390<\/td>\n<td data-col-size=\"sm\" data-start=\"249\" data-end=\"266\">33,5\u201335,5<\/td>\n<\/tr>\n<tr data-start=\"267\" data-end=\"333\">\n<td data-start=\"267\" data-end=\"274\" data-col-size=\"sm\">S<\/td>\n<td data-col-size=\"sm\" data-start=\"274\" data-end=\"288\">66\u201370<\/td>\n<td data-col-size=\"sm\" data-start=\"288\" data-end=\"303\">26\u201327,5<\/td>\n<td data-col-size=\"sm\" data-start=\"303\" data-end=\"316\">90\u201394<\/td>\n<td data-col-size=\"sm\" data-start=\"316\" data-end=\"333\">35,5\u201337<\/td>\n<\/tr>\n<tr data-start=\"334\" data-end=\"400\">\n<td data-start=\"334\" data-end=\"341\" data-col-size=\"sm\">M<\/td>\n<td data-col-size=\"sm\" data-start=\"341\" data-end=\"355\">70\u201374<\/td>\n<td data-col-size=\"sm\" data-start=\"355\" data-end=\"370\">27,5\u201329<\/td>\n<td data-col-size=\"sm\" data-start=\"370\" data-end=\"383\">94\u201398<\/td>\n<td data-col-size=\"sm\" data-start=\"383\" data-end=\"400\">37\u201338,5<\/td>\n<\/tr>\n<tr data-start=\"401\" data-end=\"467\">\n<td data-start=\"401\" data-end=\"408\" data-col-size=\"sm\">L<\/td>\n<td data-start=\"408\" data-end=\"422\" data-col-size=\"sm\">74\u201378<\/td>\n<td data-col-size=\"sm\" data-start=\"422\" data-end=\"437\">29\u201330,5<\/td>\n<td data-col-size=\"sm\" data-start=\"437\" data-end=\"450\">98\u2013102<\/td>\n<td data-col-size=\"sm\" data-start=\"450\" data-end=\"467\">38,5\u201340<\/td>\n<\/tr>\n<tr data-start=\"468\" data-end=\"534\">\n<td data-start=\"468\" data-end=\"475\" data-col-size=\"sm\">XL<\/td>\n<td data-col-size=\"sm\" data-start=\"475\" data-end=\"489\">78\u201382<\/td>\n<td data-col-size=\"sm\" data-start=\"489\" data-end=\"504\">30,5\u201332<\/td>\n<td data-col-size=\"sm\" data-start=\"504\" data-end=\"517\">102\u2013106<\/td>\n<td data-col-size=\"sm\" data-start=\"517\" data-end=\"534\">40\u201341,5<\/td>\n<\/tr>\n<tr data-start=\"535\" data-end=\"601\">\n<td data-start=\"535\" data-end=\"542\" data-col-size=\"sm\">XXL<\/td>\n<td data-col-size=\"sm\" data-start=\"542\" data-end=\"556\">82\u201386<\/td>\n<td data-col-size=\"sm\" data-start=\"556\" data-end=\"571\">32\u201333,5<\/td>\n<td data-col-size=\"sm\" data-start=\"571\" data-end=\"584\">106\u2013110<\/td>\n<td data-col-size=\"sm\" data-start=\"584\" data-end=\"601\">41,5\u201343,5<\/td>\n<\/tr>\n<\/tbody>\n<\/table>\n<p data-start=\"316\" data-end=\"512\">Ces culottes transparentes sont fabriqu\u00e9es \u00e0 partir de <strong data-start=\"359\" data-end=\"377\">maille invisible<\/strong> \u2013 un tissu ultra-l\u00e9ger, presque imperceptible, qui dispara\u00eet visuellement sur le corps tout en restant doux, respirant et sensuel au toucher.<\/p>\n<p data-start=\"514\" data-end=\"741\">Con\u00e7u <strong data-start=\"523\" data-end=\"543\">sans gousset<\/strong>, Elles cr\u00e9ent une ligne continue et provocatrice. L&#039;absence est intentionnelle. Elle \u00e9voque la vuln\u00e9rabilit\u00e9, la confiance et un choix d\u00e9lib\u00e9r\u00e9, loin des conventions rassurantes. Chaque d\u00e9tail a son importance.<\/p>\n<p data-start=\"743\" data-end=\"1087\">Le <strong data-start=\"747\" data-end=\"774\">QOS \u2013 \u201c Reine de pique \u201d<\/strong> Le symbole est brod\u00e9 directement sur le filet. <strong data-start=\"823\" data-end=\"839\">fil noir<\/strong>, Flottant sur la peau avec une pr\u00e9cision discr\u00e8te, ce symbole minimaliste, graphique et charg\u00e9 de sens, fonctionne comme une iconographie personnelle plut\u00f4t que comme un simple ornement. Il est destin\u00e9 \u00e0 \u00eatre reconnu par les initi\u00e9s et simplement admir\u00e9 par les autres.<\/p>\n<p data-start=\"1089\" data-end=\"1268\">Ces culottes sont <strong data-start=\"1107\" data-end=\"1129\">fait main avec soin<\/strong>, cr\u00e9\u00e9e pour les personnes et les couples qui appr\u00e9cient le symbolisme \u00e9rotique raffin\u00e9, le design intentionnel et la lingerie qui communique sans mots.<\/p>\n<p data-start=\"1270\" data-end=\"1333\">Ils ne sont pas cens\u00e9s crier.<br data-start=\"1298\" data-end=\"1301\" \/>Elles sont destin\u00e9es \u00e0 \u00eatre comprises.<\/p>\n<hr data-start=\"1335\" data-end=\"1338\" \/>\n<h3 data-start=\"1340\" data-end=\"1351\">D\u00e9tails<\/h3>\n<ul data-start=\"1353\" data-end=\"1622\">\n<li data-start=\"1353\" data-end=\"1385\">\n<p data-start=\"1355\" data-end=\"1385\">Transparent <strong data-start=\"1367\" data-end=\"1385\">maille invisible<\/strong><\/p>\n<\/li>\n<li data-start=\"1386\" data-end=\"1408\">\n<p data-start=\"1388\" data-end=\"1408\"><strong data-start=\"1388\" data-end=\"1401\">Sans gousset<\/strong> conception<\/p>\n<\/li>\n<li data-start=\"1409\" data-end=\"1461\">\n<p data-start=\"1411\" data-end=\"1461\">Broderie noire : <strong data-start=\"1429\" data-end=\"1461\">Symbole QOS \/ Reine de Pique<\/strong><\/p>\n<\/li>\n<li data-start=\"1462\" data-end=\"1497\">\n<p data-start=\"1464\" data-end=\"1497\">L\u00e9ger, doux et respirant<\/p>\n<\/li>\n<li data-start=\"1498\" data-end=\"1533\">\n<p data-start=\"1500\" data-end=\"1533\">Fait main avec le souci du d\u00e9tail<\/p>\n<\/li>\n<li data-start=\"1534\" data-end=\"1622\">\n<p data-start=\"1536\" data-end=\"1622\">Con\u00e7u pour \u00eatre port\u00e9 pour soi-m\u00eame \u2013 ou pour quelqu&#039;un qui comprend d\u00e9j\u00e0 la langue<\/p>\n<\/li>\n<\/ul>","protected":false},"excerpt":{"rendered":"<p data-start=\"329\" data-end=\"630\">Culotte en r\u00e9sille invisible transparente minimaliste <strong data-start=\"417\" data-end=\"442\">QOS \u201c Reine de pique \u201d<\/strong> Broderie au fil noir. Con\u00e7ue sans gousset pour une ligne fluide et affirm\u00e9e. L\u00e9g\u00e8re, respirante et faite main, pour celles qui appr\u00e9cient la lingerie symbolique et les d\u00e9tails \u00e9rotiques raffin\u00e9s.<\/p>","protected":false},"featured_media":2290,"comment_status":"open","ping_status":"closed","template":"","meta":{"nf_dc_page":"","googlesitekit_rrm_CAowrc_CDA:productID":""},"product_brand":[],"product_cat":[62],"product_tag":[35,229,73],"class_list":{"0":"post-2289","1":"product","2":"type-product","3":"status-publish","4":"has-post-thumbnail","6":"product_cat-corsets-lingerie","7":"product_tag-hotwife","8":"product_tag-lingerie","9":"product_tag-panties","11":"first","12":"instock","13":"shipping-taxable","14":"purchasable","15":"product-type-simple"},"yoast_head":"<!-- This site is optimized with the Yoast SEO Premium plugin v25.6 (Yoast SEO v27.4) - https:\/\/yoast.com\/product\/yoast-seo-premium-wordpress\/ -->\n<title>Sheer Mesh QOS Panties \u2013 Queen of Spades Embroidery | Symbol Jewelry &amp; Erotic Accessories \u2013 Handmade in Italy<\/title>\n<meta name=\"description\" content=\"Indulge in Sheer Mesh QOS Panties \u2013 Queen of Spades Embroidery \u2013 handcrafted in Italy. Discreet symbol jewelry, erotic leather accessories and intimate pieces for hotwife, cuckold and lifestyle dynamics. Worldwide shipping.\" \/>\n<meta name=\"robots\" content=\"index, follow, max-snippet:-1, max-image-preview:large, max-video-preview:-1\" \/>\n<link rel=\"canonical\" href=\"https:\/\/la-cortigiana.it\/fr\/produit\/invisible-mesh-panties-qos\/\" \/>\n<meta property=\"og:locale\" content=\"fr_FR\" \/>\n<meta property=\"og:type\" content=\"article\" \/>\n<meta property=\"og:title\" content=\"Sheer Mesh QOS Panties \u2013 Queen of Spades Embroidery | La Cortigiana \u2013 Handcrafted in Italy\" \/>\n<meta property=\"og:description\" content=\"Luxury handcrafted lingerie &amp; accessories from Italy. Sheer, sensual, made for bold desires. Discreet worldwide delivery.\" \/>\n<meta property=\"og:url\" content=\"https:\/\/la-cortigiana.it\/fr\/produit\/invisible-mesh-panties-qos\/\" \/>\n<meta property=\"og:site_name\" content=\"La Cortigiana | Handcrafted Leather Accessories for Bold Desires\" \/>\n<meta property=\"article:publisher\" content=\"https:\/\/www.facebook.com\/LaCortigiana\/\" \/>\n<meta property=\"article:modified_time\" content=\"2026-02-02T20:24:56+00:00\" \/>\n<meta property=\"og:image\" content=\"https:\/\/la-cortigiana.it\/wp-content\/uploads\/2026\/01\/qos_panties.jpg\" \/>\n\t<meta property=\"og:image:width\" content=\"1024\" \/>\n\t<meta property=\"og:image:height\" content=\"1536\" \/>\n\t<meta property=\"og:image:type\" content=\"image\/jpeg\" \/>\n<meta name=\"twitter:card\" content=\"summary_large_image\" \/>\n<meta name=\"twitter:site\" content=\"@la_cortigianait\" \/>\n<meta name=\"twitter:label1\" content=\"Dur\u00e9e de lecture estim\u00e9e\" \/>\n\t<meta name=\"twitter:data1\" content=\"2 minutes\" \/>\n<script type=\"application\/ld+json\" class=\"yoast-schema-graph\">{\"@context\":\"https:\\\/\\\/schema.org\",\"@graph\":[{\"@type\":[\"WebPage\",\"ItemPage\"],\"@id\":\"https:\\\/\\\/la-cortigiana.it\\\/product\\\/invisible-mesh-panties-qos\\\/\",\"url\":\"https:\\\/\\\/la-cortigiana.it\\\/product\\\/invisible-mesh-panties-qos\\\/\",\"name\":\"Sheer Mesh QOS Panties \u2013 Queen of Spades Embroidery | Symbol Jewelry & Erotic Accessories \u2013 Handmade in Italy\",\"isPartOf\":{\"@id\":\"https:\\\/\\\/la-cortigiana.it\\\/#website\"},\"primaryImageOfPage\":{\"@id\":\"https:\\\/\\\/la-cortigiana.it\\\/product\\\/invisible-mesh-panties-qos\\\/#primaryimage\"},\"image\":{\"@id\":\"https:\\\/\\\/la-cortigiana.it\\\/product\\\/invisible-mesh-panties-qos\\\/#primaryimage\"},\"thumbnailUrl\":\"https:\\\/\\\/la-cortigiana.it\\\/wp-content\\\/uploads\\\/2026\\\/01\\\/qos_panties.jpg\",\"datePublished\":\"2026-01-17T21:26:43+00:00\",\"dateModified\":\"2026-02-02T20:24:56+00:00\",\"description\":\"Indulge in Sheer Mesh QOS Panties \u2013 Queen of Spades Embroidery \u2013 handcrafted in Italy. Discreet symbol jewelry, erotic leather accessories and intimate pieces for hotwife, cuckold and lifestyle dynamics. Worldwide shipping.\",\"breadcrumb\":{\"@id\":\"https:\\\/\\\/la-cortigiana.it\\\/product\\\/invisible-mesh-panties-qos\\\/#breadcrumb\"},\"inLanguage\":\"fr-FR\",\"potentialAction\":[{\"@type\":\"ReadAction\",\"target\":[\"https:\\\/\\\/la-cortigiana.it\\\/product\\\/invisible-mesh-panties-qos\\\/\"]}]},{\"@type\":\"ImageObject\",\"inLanguage\":\"fr-FR\",\"@id\":\"https:\\\/\\\/la-cortigiana.it\\\/product\\\/invisible-mesh-panties-qos\\\/#primaryimage\",\"url\":\"https:\\\/\\\/la-cortigiana.it\\\/wp-content\\\/uploads\\\/2026\\\/01\\\/qos_panties.jpg\",\"contentUrl\":\"https:\\\/\\\/la-cortigiana.it\\\/wp-content\\\/uploads\\\/2026\\\/01\\\/qos_panties.jpg\",\"width\":1024,\"height\":1536,\"caption\":\"Sheer Mesh QOS Panties \u2013 Queen of Spades Embroidery\"},{\"@type\":\"BreadcrumbList\",\"@id\":\"https:\\\/\\\/la-cortigiana.it\\\/product\\\/invisible-mesh-panties-qos\\\/#breadcrumb\",\"itemListElement\":[{\"@type\":\"ListItem\",\"position\":1,\"name\":\"Home\",\"item\":\"https:\\\/\\\/la-cortigiana.it\\\/\"},{\"@type\":\"ListItem\",\"position\":2,\"name\":\"Shop\",\"item\":\"https:\\\/\\\/la-cortigiana.it\\\/shop\\\/\"},{\"@type\":\"ListItem\",\"position\":3,\"name\":\"Sheer Mesh QOS Panties \u2013 Queen of Spades Embroidery\"}]},{\"@type\":\"WebSite\",\"@id\":\"https:\\\/\\\/la-cortigiana.it\\\/#website\",\"url\":\"https:\\\/\\\/la-cortigiana.it\\\/\",\"name\":\"La Cortigiana | Discreet Symbol Jewelry & Erotic Leather, Handmade in Italy\",\"description\":\"Quiet Marks of Chosen Desire\",\"publisher\":{\"@id\":\"https:\\\/\\\/la-cortigiana.it\\\/#organization\"},\"potentialAction\":[{\"@type\":\"SearchAction\",\"target\":{\"@type\":\"EntryPoint\",\"urlTemplate\":\"https:\\\/\\\/la-cortigiana.it\\\/?s={search_term_string}\"},\"query-input\":{\"@type\":\"PropertyValueSpecification\",\"valueRequired\":true,\"valueName\":\"search_term_string\"}}],\"inLanguage\":\"fr-FR\"},{\"@type\":\"Organization\",\"@id\":\"https:\\\/\\\/la-cortigiana.it\\\/#organization\",\"name\":\"La Cortigiana\",\"url\":\"https:\\\/\\\/la-cortigiana.it\\\/\",\"logo\":{\"@type\":\"ImageObject\",\"inLanguage\":\"fr-FR\",\"@id\":\"https:\\\/\\\/la-cortigiana.it\\\/#\\\/schema\\\/logo\\\/image\\\/\",\"url\":\"https:\\\/\\\/la-cortigiana.it\\\/wp-content\\\/uploads\\\/2025\\\/01\\\/La-Cortigiana.png\",\"contentUrl\":\"https:\\\/\\\/la-cortigiana.it\\\/wp-content\\\/uploads\\\/2025\\\/01\\\/La-Cortigiana.png\",\"width\":1646,\"height\":575,\"caption\":\"La Cortigiana\"},\"image\":{\"@id\":\"https:\\\/\\\/la-cortigiana.it\\\/#\\\/schema\\\/logo\\\/image\\\/\"},\"sameAs\":[\"https:\\\/\\\/www.facebook.com\\\/LaCortigiana\\\/\",\"https:\\\/\\\/x.com\\\/la_cortigianait\",\"https:\\\/\\\/www.instagram.com\\\/la_cortigiana.it\",\"https:\\\/\\\/substack.com\\\/@lacortigiana\"]}]}<\/script>\n<!-- \/ Yoast SEO Premium plugin. -->","yoast_head_json":{"title":"Sheer Mesh QOS Panties \u2013 Queen of Spades Embroidery | Symbol Jewelry & Erotic Accessories \u2013 Handmade in Italy","description":"Indulge in Sheer Mesh QOS Panties \u2013 Queen of Spades Embroidery \u2013 handcrafted in Italy. Discreet symbol jewelry, erotic leather accessories and intimate pieces for hotwife, cuckold and lifestyle dynamics. Worldwide shipping.","robots":{"index":"index","follow":"follow","max-snippet":"max-snippet:-1","max-image-preview":"max-image-preview:large","max-video-preview":"max-video-preview:-1"},"canonical":"https:\/\/la-cortigiana.it\/fr\/produit\/invisible-mesh-panties-qos\/","og_locale":"fr_FR","og_type":"article","og_title":"Sheer Mesh QOS Panties \u2013 Queen of Spades Embroidery | La Cortigiana \u2013 Handcrafted in Italy","og_description":"Luxury handcrafted lingerie & accessories from Italy. Sheer, sensual, made for bold desires. Discreet worldwide delivery.","og_url":"https:\/\/la-cortigiana.it\/fr\/produit\/invisible-mesh-panties-qos\/","og_site_name":"La Cortigiana | Handcrafted Leather Accessories for Bold Desires","article_publisher":"https:\/\/www.facebook.com\/LaCortigiana\/","article_modified_time":"2026-02-02T20:24:56+00:00","og_image":[{"width":1024,"height":1536,"url":"https:\/\/la-cortigiana.it\/wp-content\/uploads\/2026\/01\/qos_panties.jpg","type":"image\/jpeg"}],"twitter_card":"summary_large_image","twitter_site":"@la_cortigianait","twitter_misc":{"Dur\u00e9e de lecture estim\u00e9e":"2 minutes"},"schema":{"@context":"https:\/\/schema.org","@graph":[{"@type":["WebPage","ItemPage"],"@id":"https:\/\/la-cortigiana.it\/product\/invisible-mesh-panties-qos\/","url":"https:\/\/la-cortigiana.it\/product\/invisible-mesh-panties-qos\/","name":"Sheer Mesh QOS Panties \u2013 Queen of Spades Embroidery | Symbol Jewelry & Erotic Accessories \u2013 Handmade in Italy","isPartOf":{"@id":"https:\/\/la-cortigiana.it\/#website"},"primaryImageOfPage":{"@id":"https:\/\/la-cortigiana.it\/product\/invisible-mesh-panties-qos\/#primaryimage"},"image":{"@id":"https:\/\/la-cortigiana.it\/product\/invisible-mesh-panties-qos\/#primaryimage"},"thumbnailUrl":"https:\/\/la-cortigiana.it\/wp-content\/uploads\/2026\/01\/qos_panties.jpg","datePublished":"2026-01-17T21:26:43+00:00","dateModified":"2026-02-02T20:24:56+00:00","description":"Indulge in Sheer Mesh QOS Panties \u2013 Queen of Spades Embroidery \u2013 handcrafted in Italy. Discreet symbol jewelry, erotic leather accessories and intimate pieces for hotwife, cuckold and lifestyle dynamics. Worldwide shipping.","breadcrumb":{"@id":"https:\/\/la-cortigiana.it\/product\/invisible-mesh-panties-qos\/#breadcrumb"},"inLanguage":"fr-FR","potentialAction":[{"@type":"ReadAction","target":["https:\/\/la-cortigiana.it\/product\/invisible-mesh-panties-qos\/"]}]},{"@type":"ImageObject","inLanguage":"fr-FR","@id":"https:\/\/la-cortigiana.it\/product\/invisible-mesh-panties-qos\/#primaryimage","url":"https:\/\/la-cortigiana.it\/wp-content\/uploads\/2026\/01\/qos_panties.jpg","contentUrl":"https:\/\/la-cortigiana.it\/wp-content\/uploads\/2026\/01\/qos_panties.jpg","width":1024,"height":1536,"caption":"Sheer Mesh QOS Panties \u2013 Queen of Spades Embroidery"},{"@type":"BreadcrumbList","@id":"https:\/\/la-cortigiana.it\/product\/invisible-mesh-panties-qos\/#breadcrumb","itemListElement":[{"@type":"ListItem","position":1,"name":"Home","item":"https:\/\/la-cortigiana.it\/"},{"@type":"ListItem","position":2,"name":"Shop","item":"https:\/\/la-cortigiana.it\/shop\/"},{"@type":"ListItem","position":3,"name":"Sheer Mesh QOS Panties \u2013 Queen of Spades Embroidery"}]},{"@type":"WebSite","@id":"https:\/\/la-cortigiana.it\/#website","url":"https:\/\/la-cortigiana.it\/","name":"La Cortigiana | Bijoux discrets \u00e0 symboles et maroquinerie \u00e9rotique, fabriqu\u00e9s \u00e0 la main en Italie","description":"Marques discr\u00e8tes d&#039;un d\u00e9sir choisi","publisher":{"@id":"https:\/\/la-cortigiana.it\/#organization"},"potentialAction":[{"@type":"SearchAction","target":{"@type":"EntryPoint","urlTemplate":"https:\/\/la-cortigiana.it\/?s={search_term_string}"},"query-input":{"@type":"PropertyValueSpecification","valueRequired":true,"valueName":"search_term_string"}}],"inLanguage":"fr-FR"},{"@type":"Organization","@id":"https:\/\/la-cortigiana.it\/#organization","name":"La Cortigiana","url":"https:\/\/la-cortigiana.it\/","logo":{"@type":"ImageObject","inLanguage":"fr-FR","@id":"https:\/\/la-cortigiana.it\/#\/schema\/logo\/image\/","url":"https:\/\/la-cortigiana.it\/wp-content\/uploads\/2025\/01\/La-Cortigiana.png","contentUrl":"https:\/\/la-cortigiana.it\/wp-content\/uploads\/2025\/01\/La-Cortigiana.png","width":1646,"height":575,"caption":"La Cortigiana"},"image":{"@id":"https:\/\/la-cortigiana.it\/#\/schema\/logo\/image\/"},"sameAs":["https:\/\/www.facebook.com\/LaCortigiana\/","https:\/\/x.com\/la_cortigianait","https:\/\/www.instagram.com\/la_cortigiana.it","https:\/\/substack.com\/@lacortigiana"]}]}},"_links":{"self":[{"href":"https:\/\/la-cortigiana.it\/fr\/wp-json\/wp\/v2\/product\/2289","targetHints":{"allow":["GET"]}}],"collection":[{"href":"https:\/\/la-cortigiana.it\/fr\/wp-json\/wp\/v2\/product"}],"about":[{"href":"https:\/\/la-cortigiana.it\/fr\/wp-json\/wp\/v2\/types\/product"}],"replies":[{"embeddable":true,"href":"https:\/\/la-cortigiana.it\/fr\/wp-json\/wp\/v2\/comments?post=2289"}],"wp:featuredmedia":[{"embeddable":true,"href":"https:\/\/la-cortigiana.it\/fr\/wp-json\/wp\/v2\/media\/2290"}],"wp:attachment":[{"href":"https:\/\/la-cortigiana.it\/fr\/wp-json\/wp\/v2\/media?parent=2289"}],"wp:term":[{"taxonomy":"product_brand","embeddable":true,"href":"https:\/\/la-cortigiana.it\/fr\/wp-json\/wp\/v2\/product_brand?post=2289"},{"taxonomy":"product_cat","embeddable":true,"href":"https:\/\/la-cortigiana.it\/fr\/wp-json\/wp\/v2\/product_cat?post=2289"},{"taxonomy":"product_tag","embeddable":true,"href":"https:\/\/la-cortigiana.it\/fr\/wp-json\/wp\/v2\/product_tag?post=2289"}],"curies":[{"name":"wp","href":"https:\/\/api.w.org\/{rel}","templated":true}]}}