{"id":2296,"date":"2026-01-19T22:59:33","date_gmt":"2026-01-19T21:59:33","guid":{"rendered":"https:\/\/la-cortigiana.it\/?post_type=product&#038;p=2296"},"modified":"2026-01-26T14:25:01","modified_gmt":"2026-01-26T13:25:01","slug":"tie-side-white-mesh-panties-hotwife","status":"publish","type":"product","link":"https:\/\/la-cortigiana.it\/fr\/produit\/tie-side-white-mesh-panties-hotwife\/","title":{"rendered":"Culotte en r\u00e9sille blanche \u00e0 nouer sur les c\u00f4t\u00e9s, femme mari\u00e9e"},"content":{"rendered":"<p data-start=\"626\" data-end=\"855\">Ces culottes sont fabriqu\u00e9es \u00e0 partir de <strong data-start=\"654\" data-end=\"673\">maille semi-transparente<\/strong> \u2014 un tissu qui n&#039;est pas totalement transparent, mais qui adoucit et d\u00e9voile la peau en dessous avec subtilit\u00e9 et sensualit\u00e9. Ce qui est visible est voulu. Ce qui est cach\u00e9 attire le regard.<\/p>\n<p data-start=\"857\" data-end=\"1057\">Ce mod\u00e8le en maille l\u00e9g\u00e8re est rehauss\u00e9 de d\u00e9licates bordures en dentelle et de liens ajustables sur les hanches. Ces liens peuvent \u00eatre d\u00e9faits lentement, transformant ainsi cette culotte en un \u00e9l\u00e9ment de l&#039;intimit\u00e9, bien plus qu&#039;un simple v\u00eatement.<\/p>\n<p data-start=\"1059\" data-end=\"1259\">Le <strong data-start=\"1063\" data-end=\"1076\">\u201c femme chaude \u201d<\/strong> L&#039;inscription est brod\u00e9e directement dans le tissu, ce qui conf\u00e8re \u00e0 la pi\u00e8ce une identit\u00e9 propre et une grande durabilit\u00e9. Il ne s&#039;agit pas d&#039;une impression\u00a0: c&#039;est une broderie, agr\u00e9able au toucher, con\u00e7ue pour \u00eatre admir\u00e9e de pr\u00e8s.<\/p>\n<h3 data-start=\"1261\" data-end=\"1279\">Tissu et toucher :<\/h3>\n<ul data-start=\"1280\" data-end=\"1420\">\n<li data-start=\"1280\" data-end=\"1329\">\n<p data-start=\"1282\" data-end=\"1329\">Maille semi-transparente (pas totalement transparente)<\/p>\n<\/li>\n<li data-start=\"1330\" data-end=\"1367\">\n<p data-start=\"1332\" data-end=\"1367\">Doux, l\u00e9ger et respirant<\/p>\n<\/li>\n<li data-start=\"1368\" data-end=\"1420\">\n<p data-start=\"1370\" data-end=\"1420\">R\u00e9v\u00e8le la forme et la peau sans d\u00e9voiler enti\u00e8rement le corps.<\/p>\n<\/li>\n<\/ul>\n<h3 data-start=\"1422\" data-end=\"1435\">Caract\u00e9ristiques:<\/h3>\n<ul data-start=\"1436\" data-end=\"1601\">\n<li data-start=\"1436\" data-end=\"1463\">\n<p data-start=\"1438\" data-end=\"1463\">Culotte en r\u00e9sille semi-transparente<\/p>\n<\/li>\n<li data-start=\"1464\" data-end=\"1507\">\n<p data-start=\"1466\" data-end=\"1507\">Liens lat\u00e9raux r\u00e9glables qui peuvent \u00eatre d\u00e9nou\u00e9s<\/p>\n<\/li>\n<li data-start=\"1508\" data-end=\"1538\">\n<p data-start=\"1510\" data-end=\"1538\">brod\u00e9 <em data-start=\"1522\" data-end=\"1531\">femme chaude<\/em> texte<\/p>\n<\/li>\n<li data-start=\"1539\" data-end=\"1568\">\n<p data-start=\"1541\" data-end=\"1568\">Bordure en dentelle sur les bords<\/p>\n<\/li>\n<li data-start=\"1569\" data-end=\"1601\">\n<p data-start=\"1571\" data-end=\"1601\">Coupe provocante mais portable<\/p>\n<\/li>\n<\/ul>\n<h3 data-start=\"1603\" data-end=\"1624\">Couleurs disponibles :<\/h3>\n<ul data-start=\"1625\" data-end=\"1653\">\n<li data-start=\"1625\" data-end=\"1634\">\n<p data-start=\"1627\" data-end=\"1634\">Noir<\/p>\n<\/li>\n<li data-start=\"1635\" data-end=\"1643\">\n<p data-start=\"1637\" data-end=\"1643\">Rose<\/p>\n<\/li>\n<li data-start=\"1644\" data-end=\"1653\">\n<p data-start=\"1646\" data-end=\"1653\">P\u00eache<\/p>\n<\/li>\n<\/ul>\n<h3 data-start=\"1655\" data-end=\"1671\">Id\u00e9al pour :<\/h3>\n<ul data-start=\"1672\" data-end=\"1842\">\n<li data-start=\"1672\" data-end=\"1692\">\n<p data-start=\"1674\" data-end=\"1692\">Lingerie Hotwife<\/p>\n<\/li>\n<li data-start=\"1693\" data-end=\"1720\">\n<p data-start=\"1695\" data-end=\"1720\">Lingerie f\u00e9tichiste Cuckold<\/p>\n<\/li>\n<li data-start=\"1721\" data-end=\"1750\">\n<p data-start=\"1723\" data-end=\"1750\">Sous-v\u00eatements \u00e9rotiques pour jeux de r\u00f4le<\/p>\n<\/li>\n<li data-start=\"1751\" data-end=\"1794\">\n<p data-start=\"1753\" data-end=\"1794\">Culotte \u00e0 message avec texte brod\u00e9<\/p>\n<\/li>\n<li data-start=\"1795\" data-end=\"1842\">\n<p data-start=\"1797\" data-end=\"1842\">Des couples qui explorent les dynamiques du d\u00e9sir et du pouvoir<\/p>\n<\/li>\n<\/ul>\n<p data-start=\"1844\" data-end=\"1985\">Ces culottes sont con\u00e7ues pour sugg\u00e9rer, pas pour crier.<br data-start=\"1893\" data-end=\"1896\" \/>Un ensemble de lingerie \u00e9rotique qui d\u00e9voile juste ce qu&#039;il faut \u2014 et laisse le reste se faire naturellement.<\/p>\n<p>&nbsp;<\/p>","protected":false},"excerpt":{"rendered":"<p data-start=\"219\" data-end=\"331\"><strong>semi-transparent<\/strong> Culotte en r\u00e9sille avec liens lat\u00e9raux et broderie \u201c hotwife \u201d.<\/p>\n<p><strong>Liens lat\u00e9raux r\u00e9glables pour un ajustement parfait (jusqu&#039;\u00e0 110 cm)<\/strong><\/p>\n<p data-start=\"333\" data-end=\"584\">Cette culotte est confectionn\u00e9e en maille semi-transparente qui d\u00e9voile subtilement le corps sans \u00eatre totalement transparente. Elle est orn\u00e9e de dentelle, de liens lat\u00e9raux ajustables et de broderies. <em data-start=\"527\" data-end=\"536\">femme chaude<\/em> Inscription. Disponible en noir, rose et p\u00eache.<\/p>","protected":false},"featured_media":2297,"comment_status":"open","ping_status":"closed","template":"","meta":{"nf_dc_page":"","googlesitekit_rrm_CAowrc_CDA:productID":""},"product_brand":[],"product_cat":[62],"product_tag":[35,229,73],"class_list":{"0":"post-2296","1":"product","2":"type-product","3":"status-publish","4":"has-post-thumbnail","6":"product_cat-corsets-lingerie","7":"product_tag-hotwife","8":"product_tag-lingerie","9":"product_tag-panties","11":"first","12":"instock","13":"shipping-taxable","14":"purchasable","15":"product-type-simple"},"yoast_head":"<!-- This site is optimized with the Yoast SEO Premium plugin v25.6 (Yoast SEO v27.4) - https:\/\/yoast.com\/product\/yoast-seo-premium-wordpress\/ -->\n<title>Tie-Side White Mesh Panties Hotwife | Symbol Jewelry &amp; Erotic Accessories \u2013 Handmade in Italy<\/title>\n<meta name=\"description\" content=\"Indulge in Tie-Side White Mesh Panties Hotwife \u2013 handcrafted in Italy. Discreet symbol jewelry, erotic leather accessories and intimate pieces for hotwife, cuckold and lifestyle dynamics. Worldwide shipping.\" \/>\n<meta name=\"robots\" content=\"index, follow, max-snippet:-1, max-image-preview:large, max-video-preview:-1\" \/>\n<link rel=\"canonical\" href=\"https:\/\/la-cortigiana.it\/fr\/produit\/tie-side-white-mesh-panties-hotwife\/\" \/>\n<meta property=\"og:locale\" content=\"fr_FR\" \/>\n<meta property=\"og:type\" content=\"article\" \/>\n<meta property=\"og:title\" content=\"Tie-Side White Mesh Panties Hotwife | La Cortigiana \u2013 Handcrafted in Italy\" \/>\n<meta property=\"og:description\" content=\"Luxury handcrafted lingerie &amp; accessories from Italy. Sheer, sensual, made for bold desires. Discreet worldwide delivery.\" \/>\n<meta property=\"og:url\" content=\"https:\/\/la-cortigiana.it\/fr\/produit\/tie-side-white-mesh-panties-hotwife\/\" \/>\n<meta property=\"og:site_name\" content=\"La Cortigiana | Handcrafted Leather Accessories for Bold Desires\" \/>\n<meta property=\"article:publisher\" content=\"https:\/\/www.facebook.com\/LaCortigiana\/\" \/>\n<meta property=\"article:modified_time\" content=\"2026-01-26T13:25:01+00:00\" \/>\n<meta property=\"og:image\" content=\"https:\/\/la-cortigiana.it\/wp-content\/uploads\/2026\/01\/DSCF7746.jpg\" \/>\n\t<meta property=\"og:image:width\" content=\"1600\" \/>\n\t<meta property=\"og:image:height\" content=\"2000\" \/>\n\t<meta property=\"og:image:type\" content=\"image\/jpeg\" \/>\n<meta name=\"twitter:card\" content=\"summary_large_image\" \/>\n<meta name=\"twitter:site\" content=\"@la_cortigianait\" \/>\n<meta name=\"twitter:label1\" content=\"Dur\u00e9e de lecture estim\u00e9e\" \/>\n\t<meta name=\"twitter:data1\" content=\"2 minutes\" \/>\n<script type=\"application\/ld+json\" class=\"yoast-schema-graph\">{\"@context\":\"https:\\\/\\\/schema.org\",\"@graph\":[{\"@type\":[\"WebPage\",\"ItemPage\"],\"@id\":\"https:\\\/\\\/la-cortigiana.it\\\/product\\\/tie-side-white-mesh-panties-hotwife\\\/\",\"url\":\"https:\\\/\\\/la-cortigiana.it\\\/product\\\/tie-side-white-mesh-panties-hotwife\\\/\",\"name\":\"Tie-Side White Mesh Panties Hotwife | Symbol Jewelry & Erotic Accessories \u2013 Handmade in Italy\",\"isPartOf\":{\"@id\":\"https:\\\/\\\/la-cortigiana.it\\\/#website\"},\"primaryImageOfPage\":{\"@id\":\"https:\\\/\\\/la-cortigiana.it\\\/product\\\/tie-side-white-mesh-panties-hotwife\\\/#primaryimage\"},\"image\":{\"@id\":\"https:\\\/\\\/la-cortigiana.it\\\/product\\\/tie-side-white-mesh-panties-hotwife\\\/#primaryimage\"},\"thumbnailUrl\":\"https:\\\/\\\/la-cortigiana.it\\\/wp-content\\\/uploads\\\/2026\\\/01\\\/DSCF7746.jpg\",\"datePublished\":\"2026-01-19T21:59:33+00:00\",\"dateModified\":\"2026-01-26T13:25:01+00:00\",\"description\":\"Indulge in Tie-Side White Mesh Panties Hotwife \u2013 handcrafted in Italy. Discreet symbol jewelry, erotic leather accessories and intimate pieces for hotwife, cuckold and lifestyle dynamics. Worldwide shipping.\",\"breadcrumb\":{\"@id\":\"https:\\\/\\\/la-cortigiana.it\\\/product\\\/tie-side-white-mesh-panties-hotwife\\\/#breadcrumb\"},\"inLanguage\":\"fr-FR\",\"potentialAction\":[{\"@type\":\"ReadAction\",\"target\":[\"https:\\\/\\\/la-cortigiana.it\\\/product\\\/tie-side-white-mesh-panties-hotwife\\\/\"]}]},{\"@type\":\"ImageObject\",\"inLanguage\":\"fr-FR\",\"@id\":\"https:\\\/\\\/la-cortigiana.it\\\/product\\\/tie-side-white-mesh-panties-hotwife\\\/#primaryimage\",\"url\":\"https:\\\/\\\/la-cortigiana.it\\\/wp-content\\\/uploads\\\/2026\\\/01\\\/DSCF7746.jpg\",\"contentUrl\":\"https:\\\/\\\/la-cortigiana.it\\\/wp-content\\\/uploads\\\/2026\\\/01\\\/DSCF7746.jpg\",\"width\":1600,\"height\":2000,\"caption\":\"hotwife sheer panties\"},{\"@type\":\"BreadcrumbList\",\"@id\":\"https:\\\/\\\/la-cortigiana.it\\\/product\\\/tie-side-white-mesh-panties-hotwife\\\/#breadcrumb\",\"itemListElement\":[{\"@type\":\"ListItem\",\"position\":1,\"name\":\"Home\",\"item\":\"https:\\\/\\\/la-cortigiana.it\\\/\"},{\"@type\":\"ListItem\",\"position\":2,\"name\":\"Shop\",\"item\":\"https:\\\/\\\/la-cortigiana.it\\\/shop\\\/\"},{\"@type\":\"ListItem\",\"position\":3,\"name\":\"Tie-Side White Mesh Panties Hotwife\"}]},{\"@type\":\"WebSite\",\"@id\":\"https:\\\/\\\/la-cortigiana.it\\\/#website\",\"url\":\"https:\\\/\\\/la-cortigiana.it\\\/\",\"name\":\"La Cortigiana | Discreet Symbol Jewelry & Erotic Leather, Handmade in Italy\",\"description\":\"Quiet Marks of Chosen Desire\",\"publisher\":{\"@id\":\"https:\\\/\\\/la-cortigiana.it\\\/#organization\"},\"potentialAction\":[{\"@type\":\"SearchAction\",\"target\":{\"@type\":\"EntryPoint\",\"urlTemplate\":\"https:\\\/\\\/la-cortigiana.it\\\/?s={search_term_string}\"},\"query-input\":{\"@type\":\"PropertyValueSpecification\",\"valueRequired\":true,\"valueName\":\"search_term_string\"}}],\"inLanguage\":\"fr-FR\"},{\"@type\":\"Organization\",\"@id\":\"https:\\\/\\\/la-cortigiana.it\\\/#organization\",\"name\":\"La Cortigiana\",\"url\":\"https:\\\/\\\/la-cortigiana.it\\\/\",\"logo\":{\"@type\":\"ImageObject\",\"inLanguage\":\"fr-FR\",\"@id\":\"https:\\\/\\\/la-cortigiana.it\\\/#\\\/schema\\\/logo\\\/image\\\/\",\"url\":\"https:\\\/\\\/la-cortigiana.it\\\/wp-content\\\/uploads\\\/2025\\\/01\\\/La-Cortigiana.png\",\"contentUrl\":\"https:\\\/\\\/la-cortigiana.it\\\/wp-content\\\/uploads\\\/2025\\\/01\\\/La-Cortigiana.png\",\"width\":1646,\"height\":575,\"caption\":\"La Cortigiana\"},\"image\":{\"@id\":\"https:\\\/\\\/la-cortigiana.it\\\/#\\\/schema\\\/logo\\\/image\\\/\"},\"sameAs\":[\"https:\\\/\\\/www.facebook.com\\\/LaCortigiana\\\/\",\"https:\\\/\\\/x.com\\\/la_cortigianait\",\"https:\\\/\\\/www.instagram.com\\\/la_cortigiana.it\",\"https:\\\/\\\/substack.com\\\/@lacortigiana\"]}]}<\/script>\n<!-- \/ Yoast SEO Premium plugin. -->","yoast_head_json":{"title":"Tie-Side White Mesh Panties Hotwife | Symbol Jewelry & Erotic Accessories \u2013 Handmade in Italy","description":"Indulge in Tie-Side White Mesh Panties Hotwife \u2013 handcrafted in Italy. Discreet symbol jewelry, erotic leather accessories and intimate pieces for hotwife, cuckold and lifestyle dynamics. Worldwide shipping.","robots":{"index":"index","follow":"follow","max-snippet":"max-snippet:-1","max-image-preview":"max-image-preview:large","max-video-preview":"max-video-preview:-1"},"canonical":"https:\/\/la-cortigiana.it\/fr\/produit\/tie-side-white-mesh-panties-hotwife\/","og_locale":"fr_FR","og_type":"article","og_title":"Tie-Side White Mesh Panties Hotwife | La Cortigiana \u2013 Handcrafted in Italy","og_description":"Luxury handcrafted lingerie & accessories from Italy. Sheer, sensual, made for bold desires. Discreet worldwide delivery.","og_url":"https:\/\/la-cortigiana.it\/fr\/produit\/tie-side-white-mesh-panties-hotwife\/","og_site_name":"La Cortigiana | Handcrafted Leather Accessories for Bold Desires","article_publisher":"https:\/\/www.facebook.com\/LaCortigiana\/","article_modified_time":"2026-01-26T13:25:01+00:00","og_image":[{"width":1600,"height":2000,"url":"https:\/\/la-cortigiana.it\/wp-content\/uploads\/2026\/01\/DSCF7746.jpg","type":"image\/jpeg"}],"twitter_card":"summary_large_image","twitter_site":"@la_cortigianait","twitter_misc":{"Dur\u00e9e de lecture estim\u00e9e":"2 minutes"},"schema":{"@context":"https:\/\/schema.org","@graph":[{"@type":["WebPage","ItemPage"],"@id":"https:\/\/la-cortigiana.it\/product\/tie-side-white-mesh-panties-hotwife\/","url":"https:\/\/la-cortigiana.it\/product\/tie-side-white-mesh-panties-hotwife\/","name":"Tie-Side White Mesh Panties Hotwife | Symbol Jewelry & Erotic Accessories \u2013 Handmade in Italy","isPartOf":{"@id":"https:\/\/la-cortigiana.it\/#website"},"primaryImageOfPage":{"@id":"https:\/\/la-cortigiana.it\/product\/tie-side-white-mesh-panties-hotwife\/#primaryimage"},"image":{"@id":"https:\/\/la-cortigiana.it\/product\/tie-side-white-mesh-panties-hotwife\/#primaryimage"},"thumbnailUrl":"https:\/\/la-cortigiana.it\/wp-content\/uploads\/2026\/01\/DSCF7746.jpg","datePublished":"2026-01-19T21:59:33+00:00","dateModified":"2026-01-26T13:25:01+00:00","description":"Indulge in Tie-Side White Mesh Panties Hotwife \u2013 handcrafted in Italy. Discreet symbol jewelry, erotic leather accessories and intimate pieces for hotwife, cuckold and lifestyle dynamics. Worldwide shipping.","breadcrumb":{"@id":"https:\/\/la-cortigiana.it\/product\/tie-side-white-mesh-panties-hotwife\/#breadcrumb"},"inLanguage":"fr-FR","potentialAction":[{"@type":"ReadAction","target":["https:\/\/la-cortigiana.it\/product\/tie-side-white-mesh-panties-hotwife\/"]}]},{"@type":"ImageObject","inLanguage":"fr-FR","@id":"https:\/\/la-cortigiana.it\/product\/tie-side-white-mesh-panties-hotwife\/#primaryimage","url":"https:\/\/la-cortigiana.it\/wp-content\/uploads\/2026\/01\/DSCF7746.jpg","contentUrl":"https:\/\/la-cortigiana.it\/wp-content\/uploads\/2026\/01\/DSCF7746.jpg","width":1600,"height":2000,"caption":"hotwife sheer panties"},{"@type":"BreadcrumbList","@id":"https:\/\/la-cortigiana.it\/product\/tie-side-white-mesh-panties-hotwife\/#breadcrumb","itemListElement":[{"@type":"ListItem","position":1,"name":"Home","item":"https:\/\/la-cortigiana.it\/"},{"@type":"ListItem","position":2,"name":"Shop","item":"https:\/\/la-cortigiana.it\/shop\/"},{"@type":"ListItem","position":3,"name":"Tie-Side White Mesh Panties Hotwife"}]},{"@type":"WebSite","@id":"https:\/\/la-cortigiana.it\/#website","url":"https:\/\/la-cortigiana.it\/","name":"La Cortigiana | Bijoux discrets \u00e0 symboles et maroquinerie \u00e9rotique, fabriqu\u00e9s \u00e0 la main en Italie","description":"Marques discr\u00e8tes d&#039;un d\u00e9sir choisi","publisher":{"@id":"https:\/\/la-cortigiana.it\/#organization"},"potentialAction":[{"@type":"SearchAction","target":{"@type":"EntryPoint","urlTemplate":"https:\/\/la-cortigiana.it\/?s={search_term_string}"},"query-input":{"@type":"PropertyValueSpecification","valueRequired":true,"valueName":"search_term_string"}}],"inLanguage":"fr-FR"},{"@type":"Organization","@id":"https:\/\/la-cortigiana.it\/#organization","name":"La Cortigiana","url":"https:\/\/la-cortigiana.it\/","logo":{"@type":"ImageObject","inLanguage":"fr-FR","@id":"https:\/\/la-cortigiana.it\/#\/schema\/logo\/image\/","url":"https:\/\/la-cortigiana.it\/wp-content\/uploads\/2025\/01\/La-Cortigiana.png","contentUrl":"https:\/\/la-cortigiana.it\/wp-content\/uploads\/2025\/01\/La-Cortigiana.png","width":1646,"height":575,"caption":"La Cortigiana"},"image":{"@id":"https:\/\/la-cortigiana.it\/#\/schema\/logo\/image\/"},"sameAs":["https:\/\/www.facebook.com\/LaCortigiana\/","https:\/\/x.com\/la_cortigianait","https:\/\/www.instagram.com\/la_cortigiana.it","https:\/\/substack.com\/@lacortigiana"]}]}},"_links":{"self":[{"href":"https:\/\/la-cortigiana.it\/fr\/wp-json\/wp\/v2\/product\/2296","targetHints":{"allow":["GET"]}}],"collection":[{"href":"https:\/\/la-cortigiana.it\/fr\/wp-json\/wp\/v2\/product"}],"about":[{"href":"https:\/\/la-cortigiana.it\/fr\/wp-json\/wp\/v2\/types\/product"}],"replies":[{"embeddable":true,"href":"https:\/\/la-cortigiana.it\/fr\/wp-json\/wp\/v2\/comments?post=2296"}],"wp:featuredmedia":[{"embeddable":true,"href":"https:\/\/la-cortigiana.it\/fr\/wp-json\/wp\/v2\/media\/2297"}],"wp:attachment":[{"href":"https:\/\/la-cortigiana.it\/fr\/wp-json\/wp\/v2\/media?parent=2296"}],"wp:term":[{"taxonomy":"product_brand","embeddable":true,"href":"https:\/\/la-cortigiana.it\/fr\/wp-json\/wp\/v2\/product_brand?post=2296"},{"taxonomy":"product_cat","embeddable":true,"href":"https:\/\/la-cortigiana.it\/fr\/wp-json\/wp\/v2\/product_cat?post=2296"},{"taxonomy":"product_tag","embeddable":true,"href":"https:\/\/la-cortigiana.it\/fr\/wp-json\/wp\/v2\/product_tag?post=2296"}],"curies":[{"name":"wp","href":"https:\/\/api.w.org\/{rel}","templated":true}]}}