{"id":29,"date":"2025-01-03T19:14:55","date_gmt":"2025-01-03T18:14:55","guid":{"rendered":"https:\/\/jcj.qow.mybluehost.me\/?post_type=product&#038;p=29"},"modified":"2025-12-21T19:43:16","modified_gmt":"2025-12-21T18:43:16","slug":"personalised-bracelet-with-silver-o-ring-and-chain","status":"publish","type":"product","link":"https:\/\/la-cortigiana.it\/fr\/produit\/personalised-bracelet-with-silver-o-ring-and-chain\/","title":{"rendered":"Bracelet en cuir avec anneau en argent et gravure personnalis\u00e9e"},"content":{"rendered":"<p><strong>Bracelet en cuir et argent \u2013 Une histoire port\u00e9e sur la peau<\/strong><\/p>\n<p>Ce bracelet allie \u00e9l\u00e9gance intemporelle et sens profond de l&#039;individualit\u00e9. Fabriqu\u00e9 \u00e0 la main avec des mat\u00e9riaux de premi\u00e8re qualit\u00e9. <strong>cuir italien<\/strong>, il s&#039;enroule en douceur autour du poignet, tandis qu&#039;un audacieux <strong>Anneau en argent sterling 925<\/strong> La cha\u00eene et le pendentif ajoutent une touche sculpturale. Le r\u00e9sultat est une pi\u00e8ce \u00e0 la fois raffin\u00e9e et expressive, aussi bien adapt\u00e9e au quotidien qu&#039;en symbole de connexion et d&#039;intention.<\/p>\n<h3>Personnalisation<\/h3>\n<p>La gravure en fait un objet unique. Vous pouvez graver jusqu&#039;\u00e0 30 caract\u00e8res \u00e0 l&#039;int\u00e9rieur ou \u00e0 l&#039;ext\u00e9rieur du cuir\u00a0: un nom, un souvenir, une phrase intime. Choisissez une police serif classique ou demandez-la. <strong>symboles, illustrations ou calligraphies personnalis\u00e9s<\/strong> pour capturer votre style et votre histoire.<\/p>\n<h3>Ajustement et design<\/h3>\n<p>Le bracelet est enti\u00e8rement r\u00e9glable (15 \u00e0 20 cm) et l&#039;anneau en argent est ajustable pour un ajustement parfait. Chaque d\u00e9tail est pens\u00e9 pour garantir confort et \u00e9quilibre, offrant ainsi une sensation naturelle sur le corps tout en \u00e9tant charg\u00e9 de sens.<\/p>\n<h3>Plus que des bijoux<\/h3>\n<p>Qu&#039;il soit offert en cadeau, conserv\u00e9 comme un talisman personnel ou partag\u00e9 comme un secret entre deux personnes, ce bracelet est plus qu&#039;un simple ornement. C&#039;est un <strong>d\u00e9claration<\/strong>, un <strong>histoire<\/strong>, et un rappel port\u00e9 pr\u00e8s du pouls.<\/p>","protected":false},"excerpt":{"rendered":"<p>Un bracelet en cuir fabriqu\u00e9 \u00e0 la main avec un anneau en O et une cha\u00eene en argent sterling, personnalisable avec votre message \u00e0 l&#039;int\u00e9rieur ou \u00e0 l&#039;ext\u00e9rieur.<\/p>","protected":false},"featured_media":102,"comment_status":"open","ping_status":"closed","template":"","meta":{"nf_dc_page":"","googlesitekit_rrm_CAowrc_CDA:productID":""},"product_brand":[],"product_cat":[24],"product_tag":[],"class_list":{"0":"post-29","1":"product","2":"type-product","3":"status-publish","4":"has-post-thumbnail","6":"product_cat-bracelets","8":"first","9":"instock","10":"shipping-taxable","11":"purchasable","12":"product-type-simple"},"yoast_head":"<!-- This site is optimized with the Yoast SEO Premium plugin v25.6 (Yoast SEO v27.4) - https:\/\/yoast.com\/product\/yoast-seo-premium-wordpress\/ -->\n<title>Leather Bracelet with Silver O-Ring and Custom Engraving | Symbol Jewelry &amp; Erotic Accessories \u2013 Handmade in Italy<\/title>\n<meta name=\"description\" content=\"Indulge in Leather Bracelet with Silver O-Ring and Custom Engraving \u2013 handcrafted in Italy. Discreet symbol jewelry, erotic leather accessories and intimate pieces for hotwife, cuckold and lifestyle dynamics. Worldwide shipping.\" \/>\n<meta name=\"robots\" content=\"index, follow, max-snippet:-1, max-image-preview:large, max-video-preview:-1\" \/>\n<link rel=\"canonical\" href=\"https:\/\/la-cortigiana.it\/fr\/produit\/personalised-bracelet-with-silver-o-ring-and-chain\/\" \/>\n<meta property=\"og:locale\" content=\"fr_FR\" \/>\n<meta property=\"og:type\" content=\"article\" \/>\n<meta property=\"og:title\" content=\"Leather Bracelet with Silver O-Ring and Custom Engraving | La Cortigiana \u2013 Handcrafted in Italy\" \/>\n<meta property=\"og:description\" content=\"Luxury handcrafted lingerie &amp; accessories from Italy. Sheer, sensual, made for bold desires. Discreet worldwide delivery.\" \/>\n<meta property=\"og:url\" content=\"https:\/\/la-cortigiana.it\/fr\/produit\/personalised-bracelet-with-silver-o-ring-and-chain\/\" \/>\n<meta property=\"og:site_name\" content=\"La Cortigiana | Handcrafted Leather Accessories for Bold Desires\" \/>\n<meta property=\"article:publisher\" content=\"https:\/\/www.facebook.com\/LaCortigiana\/\" \/>\n<meta property=\"article:modified_time\" content=\"2025-12-21T18:43:16+00:00\" \/>\n<meta property=\"og:image\" content=\"https:\/\/la-cortigiana.it\/wp-content\/uploads\/2025\/01\/ring1.jpg\" \/>\n\t<meta property=\"og:image:width\" content=\"1920\" \/>\n\t<meta property=\"og:image:height\" content=\"1536\" \/>\n\t<meta property=\"og:image:type\" content=\"image\/jpeg\" \/>\n<meta name=\"twitter:card\" content=\"summary_large_image\" \/>\n<meta name=\"twitter:site\" content=\"@la_cortigianait\" \/>\n<meta name=\"twitter:label1\" content=\"Dur\u00e9e de lecture estim\u00e9e\" \/>\n\t<meta name=\"twitter:data1\" content=\"1 minute\" \/>\n<script type=\"application\/ld+json\" class=\"yoast-schema-graph\">{\"@context\":\"https:\\\/\\\/schema.org\",\"@graph\":[{\"@type\":[\"WebPage\",\"ItemPage\"],\"@id\":\"https:\\\/\\\/la-cortigiana.it\\\/product\\\/personalised-bracelet-with-silver-o-ring-and-chain\\\/\",\"url\":\"https:\\\/\\\/la-cortigiana.it\\\/product\\\/personalised-bracelet-with-silver-o-ring-and-chain\\\/\",\"name\":\"Leather Bracelet with Silver O-Ring and Custom Engraving | Symbol Jewelry & Erotic Accessories \u2013 Handmade in Italy\",\"isPartOf\":{\"@id\":\"https:\\\/\\\/la-cortigiana.it\\\/#website\"},\"primaryImageOfPage\":{\"@id\":\"https:\\\/\\\/la-cortigiana.it\\\/product\\\/personalised-bracelet-with-silver-o-ring-and-chain\\\/#primaryimage\"},\"image\":{\"@id\":\"https:\\\/\\\/la-cortigiana.it\\\/product\\\/personalised-bracelet-with-silver-o-ring-and-chain\\\/#primaryimage\"},\"thumbnailUrl\":\"https:\\\/\\\/la-cortigiana.it\\\/wp-content\\\/uploads\\\/2025\\\/01\\\/ring1.jpg\",\"datePublished\":\"2025-01-03T18:14:55+00:00\",\"dateModified\":\"2025-12-21T18:43:16+00:00\",\"description\":\"Indulge in Leather Bracelet with Silver O-Ring and Custom Engraving \u2013 handcrafted in Italy. Discreet symbol jewelry, erotic leather accessories and intimate pieces for hotwife, cuckold and lifestyle dynamics. Worldwide shipping.\",\"breadcrumb\":{\"@id\":\"https:\\\/\\\/la-cortigiana.it\\\/product\\\/personalised-bracelet-with-silver-o-ring-and-chain\\\/#breadcrumb\"},\"inLanguage\":\"fr-FR\",\"potentialAction\":[{\"@type\":\"ReadAction\",\"target\":[\"https:\\\/\\\/la-cortigiana.it\\\/product\\\/personalised-bracelet-with-silver-o-ring-and-chain\\\/\"]}]},{\"@type\":\"ImageObject\",\"inLanguage\":\"fr-FR\",\"@id\":\"https:\\\/\\\/la-cortigiana.it\\\/product\\\/personalised-bracelet-with-silver-o-ring-and-chain\\\/#primaryimage\",\"url\":\"https:\\\/\\\/la-cortigiana.it\\\/wp-content\\\/uploads\\\/2025\\\/01\\\/ring1.jpg\",\"contentUrl\":\"https:\\\/\\\/la-cortigiana.it\\\/wp-content\\\/uploads\\\/2025\\\/01\\\/ring1.jpg\",\"width\":1920,\"height\":1536},{\"@type\":\"BreadcrumbList\",\"@id\":\"https:\\\/\\\/la-cortigiana.it\\\/product\\\/personalised-bracelet-with-silver-o-ring-and-chain\\\/#breadcrumb\",\"itemListElement\":[{\"@type\":\"ListItem\",\"position\":1,\"name\":\"Home\",\"item\":\"https:\\\/\\\/la-cortigiana.it\\\/\"},{\"@type\":\"ListItem\",\"position\":2,\"name\":\"Shop\",\"item\":\"https:\\\/\\\/la-cortigiana.it\\\/shop\\\/\"},{\"@type\":\"ListItem\",\"position\":3,\"name\":\"Leather Bracelet with Silver O-Ring and Custom Engraving\"}]},{\"@type\":\"WebSite\",\"@id\":\"https:\\\/\\\/la-cortigiana.it\\\/#website\",\"url\":\"https:\\\/\\\/la-cortigiana.it\\\/\",\"name\":\"La Cortigiana | Discreet Symbol Jewelry & Erotic Leather, Handmade in Italy\",\"description\":\"Quiet Marks of Chosen Desire\",\"publisher\":{\"@id\":\"https:\\\/\\\/la-cortigiana.it\\\/#organization\"},\"potentialAction\":[{\"@type\":\"SearchAction\",\"target\":{\"@type\":\"EntryPoint\",\"urlTemplate\":\"https:\\\/\\\/la-cortigiana.it\\\/?s={search_term_string}\"},\"query-input\":{\"@type\":\"PropertyValueSpecification\",\"valueRequired\":true,\"valueName\":\"search_term_string\"}}],\"inLanguage\":\"fr-FR\"},{\"@type\":\"Organization\",\"@id\":\"https:\\\/\\\/la-cortigiana.it\\\/#organization\",\"name\":\"La Cortigiana\",\"url\":\"https:\\\/\\\/la-cortigiana.it\\\/\",\"logo\":{\"@type\":\"ImageObject\",\"inLanguage\":\"fr-FR\",\"@id\":\"https:\\\/\\\/la-cortigiana.it\\\/#\\\/schema\\\/logo\\\/image\\\/\",\"url\":\"https:\\\/\\\/la-cortigiana.it\\\/wp-content\\\/uploads\\\/2025\\\/01\\\/La-Cortigiana.png\",\"contentUrl\":\"https:\\\/\\\/la-cortigiana.it\\\/wp-content\\\/uploads\\\/2025\\\/01\\\/La-Cortigiana.png\",\"width\":1646,\"height\":575,\"caption\":\"La Cortigiana\"},\"image\":{\"@id\":\"https:\\\/\\\/la-cortigiana.it\\\/#\\\/schema\\\/logo\\\/image\\\/\"},\"sameAs\":[\"https:\\\/\\\/www.facebook.com\\\/LaCortigiana\\\/\",\"https:\\\/\\\/x.com\\\/la_cortigianait\",\"https:\\\/\\\/www.instagram.com\\\/la_cortigiana.it\",\"https:\\\/\\\/substack.com\\\/@lacortigiana\"]}]}<\/script>\n<!-- \/ Yoast SEO Premium plugin. -->","yoast_head_json":{"title":"Leather Bracelet with Silver O-Ring and Custom Engraving | Symbol Jewelry & Erotic Accessories \u2013 Handmade in Italy","description":"Indulge in Leather Bracelet with Silver O-Ring and Custom Engraving \u2013 handcrafted in Italy. Discreet symbol jewelry, erotic leather accessories and intimate pieces for hotwife, cuckold and lifestyle dynamics. Worldwide shipping.","robots":{"index":"index","follow":"follow","max-snippet":"max-snippet:-1","max-image-preview":"max-image-preview:large","max-video-preview":"max-video-preview:-1"},"canonical":"https:\/\/la-cortigiana.it\/fr\/produit\/personalised-bracelet-with-silver-o-ring-and-chain\/","og_locale":"fr_FR","og_type":"article","og_title":"Leather Bracelet with Silver O-Ring and Custom Engraving | La Cortigiana \u2013 Handcrafted in Italy","og_description":"Luxury handcrafted lingerie & accessories from Italy. Sheer, sensual, made for bold desires. Discreet worldwide delivery.","og_url":"https:\/\/la-cortigiana.it\/fr\/produit\/personalised-bracelet-with-silver-o-ring-and-chain\/","og_site_name":"La Cortigiana | Handcrafted Leather Accessories for Bold Desires","article_publisher":"https:\/\/www.facebook.com\/LaCortigiana\/","article_modified_time":"2025-12-21T18:43:16+00:00","og_image":[{"width":1920,"height":1536,"url":"https:\/\/la-cortigiana.it\/wp-content\/uploads\/2025\/01\/ring1.jpg","type":"image\/jpeg"}],"twitter_card":"summary_large_image","twitter_site":"@la_cortigianait","twitter_misc":{"Dur\u00e9e de lecture estim\u00e9e":"1 minute"},"schema":{"@context":"https:\/\/schema.org","@graph":[{"@type":["WebPage","ItemPage"],"@id":"https:\/\/la-cortigiana.it\/product\/personalised-bracelet-with-silver-o-ring-and-chain\/","url":"https:\/\/la-cortigiana.it\/product\/personalised-bracelet-with-silver-o-ring-and-chain\/","name":"Leather Bracelet with Silver O-Ring and Custom Engraving | Symbol Jewelry & Erotic Accessories \u2013 Handmade in Italy","isPartOf":{"@id":"https:\/\/la-cortigiana.it\/#website"},"primaryImageOfPage":{"@id":"https:\/\/la-cortigiana.it\/product\/personalised-bracelet-with-silver-o-ring-and-chain\/#primaryimage"},"image":{"@id":"https:\/\/la-cortigiana.it\/product\/personalised-bracelet-with-silver-o-ring-and-chain\/#primaryimage"},"thumbnailUrl":"https:\/\/la-cortigiana.it\/wp-content\/uploads\/2025\/01\/ring1.jpg","datePublished":"2025-01-03T18:14:55+00:00","dateModified":"2025-12-21T18:43:16+00:00","description":"Indulge in Leather Bracelet with Silver O-Ring and Custom Engraving \u2013 handcrafted in Italy. Discreet symbol jewelry, erotic leather accessories and intimate pieces for hotwife, cuckold and lifestyle dynamics. Worldwide shipping.","breadcrumb":{"@id":"https:\/\/la-cortigiana.it\/product\/personalised-bracelet-with-silver-o-ring-and-chain\/#breadcrumb"},"inLanguage":"fr-FR","potentialAction":[{"@type":"ReadAction","target":["https:\/\/la-cortigiana.it\/product\/personalised-bracelet-with-silver-o-ring-and-chain\/"]}]},{"@type":"ImageObject","inLanguage":"fr-FR","@id":"https:\/\/la-cortigiana.it\/product\/personalised-bracelet-with-silver-o-ring-and-chain\/#primaryimage","url":"https:\/\/la-cortigiana.it\/wp-content\/uploads\/2025\/01\/ring1.jpg","contentUrl":"https:\/\/la-cortigiana.it\/wp-content\/uploads\/2025\/01\/ring1.jpg","width":1920,"height":1536},{"@type":"BreadcrumbList","@id":"https:\/\/la-cortigiana.it\/product\/personalised-bracelet-with-silver-o-ring-and-chain\/#breadcrumb","itemListElement":[{"@type":"ListItem","position":1,"name":"Home","item":"https:\/\/la-cortigiana.it\/"},{"@type":"ListItem","position":2,"name":"Shop","item":"https:\/\/la-cortigiana.it\/shop\/"},{"@type":"ListItem","position":3,"name":"Leather Bracelet with Silver O-Ring and Custom Engraving"}]},{"@type":"WebSite","@id":"https:\/\/la-cortigiana.it\/#website","url":"https:\/\/la-cortigiana.it\/","name":"La Cortigiana | Bijoux discrets \u00e0 symboles et maroquinerie \u00e9rotique, fabriqu\u00e9s \u00e0 la main en Italie","description":"Marques discr\u00e8tes d&#039;un d\u00e9sir choisi","publisher":{"@id":"https:\/\/la-cortigiana.it\/#organization"},"potentialAction":[{"@type":"SearchAction","target":{"@type":"EntryPoint","urlTemplate":"https:\/\/la-cortigiana.it\/?s={search_term_string}"},"query-input":{"@type":"PropertyValueSpecification","valueRequired":true,"valueName":"search_term_string"}}],"inLanguage":"fr-FR"},{"@type":"Organization","@id":"https:\/\/la-cortigiana.it\/#organization","name":"La Cortigiana","url":"https:\/\/la-cortigiana.it\/","logo":{"@type":"ImageObject","inLanguage":"fr-FR","@id":"https:\/\/la-cortigiana.it\/#\/schema\/logo\/image\/","url":"https:\/\/la-cortigiana.it\/wp-content\/uploads\/2025\/01\/La-Cortigiana.png","contentUrl":"https:\/\/la-cortigiana.it\/wp-content\/uploads\/2025\/01\/La-Cortigiana.png","width":1646,"height":575,"caption":"La Cortigiana"},"image":{"@id":"https:\/\/la-cortigiana.it\/#\/schema\/logo\/image\/"},"sameAs":["https:\/\/www.facebook.com\/LaCortigiana\/","https:\/\/x.com\/la_cortigianait","https:\/\/www.instagram.com\/la_cortigiana.it","https:\/\/substack.com\/@lacortigiana"]}]}},"_links":{"self":[{"href":"https:\/\/la-cortigiana.it\/fr\/wp-json\/wp\/v2\/product\/29","targetHints":{"allow":["GET"]}}],"collection":[{"href":"https:\/\/la-cortigiana.it\/fr\/wp-json\/wp\/v2\/product"}],"about":[{"href":"https:\/\/la-cortigiana.it\/fr\/wp-json\/wp\/v2\/types\/product"}],"replies":[{"embeddable":true,"href":"https:\/\/la-cortigiana.it\/fr\/wp-json\/wp\/v2\/comments?post=29"}],"wp:featuredmedia":[{"embeddable":true,"href":"https:\/\/la-cortigiana.it\/fr\/wp-json\/wp\/v2\/media\/102"}],"wp:attachment":[{"href":"https:\/\/la-cortigiana.it\/fr\/wp-json\/wp\/v2\/media?parent=29"}],"wp:term":[{"taxonomy":"product_brand","embeddable":true,"href":"https:\/\/la-cortigiana.it\/fr\/wp-json\/wp\/v2\/product_brand?post=29"},{"taxonomy":"product_cat","embeddable":true,"href":"https:\/\/la-cortigiana.it\/fr\/wp-json\/wp\/v2\/product_cat?post=29"},{"taxonomy":"product_tag","embeddable":true,"href":"https:\/\/la-cortigiana.it\/fr\/wp-json\/wp\/v2\/product_tag?post=29"}],"curies":[{"name":"wp","href":"https:\/\/api.w.org\/{rel}","templated":true}]}}