{"id":36,"date":"2025-01-03T19:14:55","date_gmt":"2025-01-03T18:14:55","guid":{"rendered":"https:\/\/jcj.qow.mybluehost.me\/?post_type=product&#038;p=36"},"modified":"2025-10-10T02:51:02","modified_gmt":"2025-10-10T01:51:02","slug":"enleather-belt-bag-with-michelangelos-david","status":"publish","type":"product","link":"https:\/\/la-cortigiana.it\/fr\/produit\/enleather-belt-bag-with-michelangelos-david\/","title":{"rendered":"Un sac ceinture en cuir italien fabriqu\u00e9 \u00e0 la main inspir\u00e9 du David de Michel-Ange - fonctionnel, polyvalent et personnalisable avec votre propre gravure."},"content":{"rendered":"<p><strong>Sac ceinture en cuir \u2013 L&#039;art rencontre la fonction<\/strong><\/p>\n<p>Ce sac ceinture allie inspiration classique et praticit\u00e9 contemporaine. Fabriqu\u00e9 \u00e0 la main en Italie \u00e0 partir de mat\u00e9riaux de premi\u00e8re qualit\u00e9. <strong>cuir toscan<\/strong>Con\u00e7u pour contenir vos essentiels \u2014 de votre t\u00e9l\u00e9phone et cartes \u00e0 vos cl\u00e9s ou petits accessoires \u2014 tout en sublimant votre style au quotidien. Son cuir noir lisse d\u00e9veloppe une riche <strong>patine<\/strong> au fil du temps, en veillant \u00e0 ce que chaque pi\u00e8ce devienne uniquement la v\u00f4tre.<\/p>\n<h3>Design et polyvalence<\/h3>\n<p>La ceinture amovible permet au sac de se transformer facilement d&#039;une fonction \u00e0 l&#039;autre\u00a0: portez-le \u00e0 la taille ou \u00e0 la hanche pour avoir les mains libres, ou d\u00e9tachez la bandouli\u00e8re pour l&#039;utiliser comme une pochette \u00e9l\u00e9gante, un sac \u00e0 main minimaliste ou un \u00e9tui pour iPhone. Inspir\u00e9 par <strong>Le David de Michel-Ange<\/strong>, il porte une pr\u00e9sence artistique subtile tiss\u00e9e dans une forme fonctionnelle.<\/p>\n<h3>D\u00e9tails et coupe<\/h3>\n<p>Disponible en deux tailles \u2014 <strong>petit<\/strong> (180 \u00d7 90 \u00d7 20 mm) et <strong>grand<\/strong> (220 \u00d7 100 \u00d7 20 mm) \u2014 il offre l&#039;espace id\u00e9al pour vos essentiels du quotidien sans compromettre l&#039;\u00e9l\u00e9gance. Une gravure ou une personnalisation personnalis\u00e9e sont possibles, transformant un bel objet en un objet profond\u00e9ment personnel.<\/p>","protected":false},"excerpt":{"rendered":"<p>Un sac ceinture en cuir italien fabriqu\u00e9 \u00e0 la main inspir\u00e9 du David de Michel-Ange \u2014 fonctionnel, polyvalent et personnalisable avec votre propre gravure.<\/p>","protected":false},"featured_media":144,"comment_status":"open","ping_status":"closed","template":"","meta":{"nf_dc_page":"","googlesitekit_rrm_CAowrc_CDA:productID":""},"product_brand":[],"product_cat":[20],"product_tag":[],"class_list":{"0":"post-36","1":"product","2":"type-product","3":"status-publish","4":"has-post-thumbnail","6":"product_cat-uncategorized","8":"first","9":"outofstock","10":"shipping-taxable","11":"purchasable","12":"product-type-simple"},"yoast_head":"<!-- This site is optimized with the Yoast SEO Premium plugin v25.6 (Yoast SEO v27.4) - https:\/\/yoast.com\/product\/yoast-seo-premium-wordpress\/ -->\n<title>A handcrafted Italian leather belt bag inspired by Michelangelo\u2019s David - functional, versatile, and customizable with your own engraving. | Symbol Jewelry &amp; Erotic Accessories \u2013 Handmade in Italy<\/title>\n<meta name=\"description\" content=\"Indulge in A handcrafted Italian leather belt bag inspired by Michelangelo\u2019s David - functional, versatile, and customizable with your own engraving. \u2013 handcrafted in Italy. Discreet symbol jewelry, erotic leather accessories and intimate pieces for hotwife, cuckold and lifestyle dynamics. Worldwide shipping.\" \/>\n<meta name=\"robots\" content=\"index, follow, max-snippet:-1, max-image-preview:large, max-video-preview:-1\" \/>\n<link rel=\"canonical\" href=\"https:\/\/la-cortigiana.it\/fr\/produit\/enleather-belt-bag-with-michelangelos-david\/\" \/>\n<meta property=\"og:locale\" content=\"fr_FR\" \/>\n<meta property=\"og:type\" content=\"article\" \/>\n<meta property=\"og:title\" content=\"A handcrafted Italian leather belt bag inspired by Michelangelo\u2019s David - functional, versatile, and customizable with your own engraving. | La Cortigiana \u2013 Handcrafted in Italy\" \/>\n<meta property=\"og:description\" content=\"Luxury handcrafted lingerie &amp; accessories from Italy. Sheer, sensual, made for bold desires. Discreet worldwide delivery.\" \/>\n<meta property=\"og:url\" content=\"https:\/\/la-cortigiana.it\/fr\/produit\/enleather-belt-bag-with-michelangelos-david\/\" \/>\n<meta property=\"og:site_name\" content=\"La Cortigiana | Handcrafted Leather Accessories for Bold Desires\" \/>\n<meta property=\"article:publisher\" content=\"https:\/\/www.facebook.com\/LaCortigiana\/\" \/>\n<meta property=\"article:modified_time\" content=\"2025-10-10T01:51:02+00:00\" \/>\n<meta property=\"og:image\" content=\"https:\/\/la-cortigiana.it\/wp-content\/uploads\/2025\/01\/C77A0446.jpg\" \/>\n\t<meta property=\"og:image:width\" content=\"2000\" \/>\n\t<meta property=\"og:image:height\" content=\"2000\" \/>\n\t<meta property=\"og:image:type\" content=\"image\/jpeg\" \/>\n<meta name=\"twitter:card\" content=\"summary_large_image\" \/>\n<meta name=\"twitter:site\" content=\"@la_cortigianait\" \/>\n<meta name=\"twitter:label1\" content=\"Dur\u00e9e de lecture estim\u00e9e\" \/>\n\t<meta name=\"twitter:data1\" content=\"1 minute\" \/>\n<script type=\"application\/ld+json\" class=\"yoast-schema-graph\">{\"@context\":\"https:\\\/\\\/schema.org\",\"@graph\":[{\"@type\":[\"WebPage\",\"ItemPage\"],\"@id\":\"https:\\\/\\\/la-cortigiana.it\\\/product\\\/enleather-belt-bag-with-michelangelos-david\\\/\",\"url\":\"https:\\\/\\\/la-cortigiana.it\\\/product\\\/enleather-belt-bag-with-michelangelos-david\\\/\",\"name\":\"A handcrafted Italian leather belt bag inspired by Michelangelo\u2019s David - functional, versatile, and customizable with your own engraving. | Symbol Jewelry & Erotic Accessories \u2013 Handmade in Italy\",\"isPartOf\":{\"@id\":\"https:\\\/\\\/la-cortigiana.it\\\/#website\"},\"primaryImageOfPage\":{\"@id\":\"https:\\\/\\\/la-cortigiana.it\\\/product\\\/enleather-belt-bag-with-michelangelos-david\\\/#primaryimage\"},\"image\":{\"@id\":\"https:\\\/\\\/la-cortigiana.it\\\/product\\\/enleather-belt-bag-with-michelangelos-david\\\/#primaryimage\"},\"thumbnailUrl\":\"https:\\\/\\\/la-cortigiana.it\\\/wp-content\\\/uploads\\\/2025\\\/01\\\/C77A0446.jpg\",\"datePublished\":\"2025-01-03T18:14:55+00:00\",\"dateModified\":\"2025-10-10T01:51:02+00:00\",\"description\":\"Indulge in A handcrafted Italian leather belt bag inspired by Michelangelo\u2019s David - functional, versatile, and customizable with your own engraving. \u2013 handcrafted in Italy. Discreet symbol jewelry, erotic leather accessories and intimate pieces for hotwife, cuckold and lifestyle dynamics. Worldwide shipping.\",\"breadcrumb\":{\"@id\":\"https:\\\/\\\/la-cortigiana.it\\\/product\\\/enleather-belt-bag-with-michelangelos-david\\\/#breadcrumb\"},\"inLanguage\":\"fr-FR\",\"potentialAction\":[{\"@type\":\"ReadAction\",\"target\":[\"https:\\\/\\\/la-cortigiana.it\\\/product\\\/enleather-belt-bag-with-michelangelos-david\\\/\"]}]},{\"@type\":\"ImageObject\",\"inLanguage\":\"fr-FR\",\"@id\":\"https:\\\/\\\/la-cortigiana.it\\\/product\\\/enleather-belt-bag-with-michelangelos-david\\\/#primaryimage\",\"url\":\"https:\\\/\\\/la-cortigiana.it\\\/wp-content\\\/uploads\\\/2025\\\/01\\\/C77A0446.jpg\",\"contentUrl\":\"https:\\\/\\\/la-cortigiana.it\\\/wp-content\\\/uploads\\\/2025\\\/01\\\/C77A0446.jpg\",\"width\":2000,\"height\":2000},{\"@type\":\"BreadcrumbList\",\"@id\":\"https:\\\/\\\/la-cortigiana.it\\\/product\\\/enleather-belt-bag-with-michelangelos-david\\\/#breadcrumb\",\"itemListElement\":[{\"@type\":\"ListItem\",\"position\":1,\"name\":\"Home\",\"item\":\"https:\\\/\\\/la-cortigiana.it\\\/\"},{\"@type\":\"ListItem\",\"position\":2,\"name\":\"Shop\",\"item\":\"https:\\\/\\\/la-cortigiana.it\\\/shop\\\/\"},{\"@type\":\"ListItem\",\"position\":3,\"name\":\"A handcrafted Italian leather belt bag inspired by Michelangelo\u2019s David &#8211; functional, versatile, and customizable with your own engraving.\"}]},{\"@type\":\"WebSite\",\"@id\":\"https:\\\/\\\/la-cortigiana.it\\\/#website\",\"url\":\"https:\\\/\\\/la-cortigiana.it\\\/\",\"name\":\"La Cortigiana | Discreet Symbol Jewelry & Erotic Leather, Handmade in Italy\",\"description\":\"Quiet Marks of Chosen Desire\",\"publisher\":{\"@id\":\"https:\\\/\\\/la-cortigiana.it\\\/#organization\"},\"potentialAction\":[{\"@type\":\"SearchAction\",\"target\":{\"@type\":\"EntryPoint\",\"urlTemplate\":\"https:\\\/\\\/la-cortigiana.it\\\/?s={search_term_string}\"},\"query-input\":{\"@type\":\"PropertyValueSpecification\",\"valueRequired\":true,\"valueName\":\"search_term_string\"}}],\"inLanguage\":\"fr-FR\"},{\"@type\":\"Organization\",\"@id\":\"https:\\\/\\\/la-cortigiana.it\\\/#organization\",\"name\":\"La Cortigiana\",\"url\":\"https:\\\/\\\/la-cortigiana.it\\\/\",\"logo\":{\"@type\":\"ImageObject\",\"inLanguage\":\"fr-FR\",\"@id\":\"https:\\\/\\\/la-cortigiana.it\\\/#\\\/schema\\\/logo\\\/image\\\/\",\"url\":\"https:\\\/\\\/la-cortigiana.it\\\/wp-content\\\/uploads\\\/2025\\\/01\\\/La-Cortigiana.png\",\"contentUrl\":\"https:\\\/\\\/la-cortigiana.it\\\/wp-content\\\/uploads\\\/2025\\\/01\\\/La-Cortigiana.png\",\"width\":1646,\"height\":575,\"caption\":\"La Cortigiana\"},\"image\":{\"@id\":\"https:\\\/\\\/la-cortigiana.it\\\/#\\\/schema\\\/logo\\\/image\\\/\"},\"sameAs\":[\"https:\\\/\\\/www.facebook.com\\\/LaCortigiana\\\/\",\"https:\\\/\\\/x.com\\\/la_cortigianait\",\"https:\\\/\\\/www.instagram.com\\\/la_cortigiana.it\",\"https:\\\/\\\/substack.com\\\/@lacortigiana\"]}]}<\/script>\n<!-- \/ Yoast SEO Premium plugin. -->","yoast_head_json":{"title":"A handcrafted Italian leather belt bag inspired by Michelangelo\u2019s David - functional, versatile, and customizable with your own engraving. | Symbol Jewelry & Erotic Accessories \u2013 Handmade in Italy","description":"Indulge in A handcrafted Italian leather belt bag inspired by Michelangelo\u2019s David - functional, versatile, and customizable with your own engraving. \u2013 handcrafted in Italy. Discreet symbol jewelry, erotic leather accessories and intimate pieces for hotwife, cuckold and lifestyle dynamics. Worldwide shipping.","robots":{"index":"index","follow":"follow","max-snippet":"max-snippet:-1","max-image-preview":"max-image-preview:large","max-video-preview":"max-video-preview:-1"},"canonical":"https:\/\/la-cortigiana.it\/fr\/produit\/enleather-belt-bag-with-michelangelos-david\/","og_locale":"fr_FR","og_type":"article","og_title":"A handcrafted Italian leather belt bag inspired by Michelangelo\u2019s David - functional, versatile, and customizable with your own engraving. | La Cortigiana \u2013 Handcrafted in Italy","og_description":"Luxury handcrafted lingerie & accessories from Italy. Sheer, sensual, made for bold desires. Discreet worldwide delivery.","og_url":"https:\/\/la-cortigiana.it\/fr\/produit\/enleather-belt-bag-with-michelangelos-david\/","og_site_name":"La Cortigiana | Handcrafted Leather Accessories for Bold Desires","article_publisher":"https:\/\/www.facebook.com\/LaCortigiana\/","article_modified_time":"2025-10-10T01:51:02+00:00","og_image":[{"width":2000,"height":2000,"url":"https:\/\/la-cortigiana.it\/wp-content\/uploads\/2025\/01\/C77A0446.jpg","type":"image\/jpeg"}],"twitter_card":"summary_large_image","twitter_site":"@la_cortigianait","twitter_misc":{"Dur\u00e9e de lecture estim\u00e9e":"1 minute"},"schema":{"@context":"https:\/\/schema.org","@graph":[{"@type":["WebPage","ItemPage"],"@id":"https:\/\/la-cortigiana.it\/product\/enleather-belt-bag-with-michelangelos-david\/","url":"https:\/\/la-cortigiana.it\/product\/enleather-belt-bag-with-michelangelos-david\/","name":"A handcrafted Italian leather belt bag inspired by Michelangelo\u2019s David - functional, versatile, and customizable with your own engraving. | Symbol Jewelry & Erotic Accessories \u2013 Handmade in Italy","isPartOf":{"@id":"https:\/\/la-cortigiana.it\/#website"},"primaryImageOfPage":{"@id":"https:\/\/la-cortigiana.it\/product\/enleather-belt-bag-with-michelangelos-david\/#primaryimage"},"image":{"@id":"https:\/\/la-cortigiana.it\/product\/enleather-belt-bag-with-michelangelos-david\/#primaryimage"},"thumbnailUrl":"https:\/\/la-cortigiana.it\/wp-content\/uploads\/2025\/01\/C77A0446.jpg","datePublished":"2025-01-03T18:14:55+00:00","dateModified":"2025-10-10T01:51:02+00:00","description":"Indulge in A handcrafted Italian leather belt bag inspired by Michelangelo\u2019s David - functional, versatile, and customizable with your own engraving. \u2013 handcrafted in Italy. Discreet symbol jewelry, erotic leather accessories and intimate pieces for hotwife, cuckold and lifestyle dynamics. Worldwide shipping.","breadcrumb":{"@id":"https:\/\/la-cortigiana.it\/product\/enleather-belt-bag-with-michelangelos-david\/#breadcrumb"},"inLanguage":"fr-FR","potentialAction":[{"@type":"ReadAction","target":["https:\/\/la-cortigiana.it\/product\/enleather-belt-bag-with-michelangelos-david\/"]}]},{"@type":"ImageObject","inLanguage":"fr-FR","@id":"https:\/\/la-cortigiana.it\/product\/enleather-belt-bag-with-michelangelos-david\/#primaryimage","url":"https:\/\/la-cortigiana.it\/wp-content\/uploads\/2025\/01\/C77A0446.jpg","contentUrl":"https:\/\/la-cortigiana.it\/wp-content\/uploads\/2025\/01\/C77A0446.jpg","width":2000,"height":2000},{"@type":"BreadcrumbList","@id":"https:\/\/la-cortigiana.it\/product\/enleather-belt-bag-with-michelangelos-david\/#breadcrumb","itemListElement":[{"@type":"ListItem","position":1,"name":"Home","item":"https:\/\/la-cortigiana.it\/"},{"@type":"ListItem","position":2,"name":"Shop","item":"https:\/\/la-cortigiana.it\/shop\/"},{"@type":"ListItem","position":3,"name":"A handcrafted Italian leather belt bag inspired by Michelangelo\u2019s David &#8211; functional, versatile, and customizable with your own engraving."}]},{"@type":"WebSite","@id":"https:\/\/la-cortigiana.it\/#website","url":"https:\/\/la-cortigiana.it\/","name":"La Cortigiana | Bijoux discrets \u00e0 symboles et maroquinerie \u00e9rotique, fabriqu\u00e9s \u00e0 la main en Italie","description":"Marques discr\u00e8tes d&#039;un d\u00e9sir choisi","publisher":{"@id":"https:\/\/la-cortigiana.it\/#organization"},"potentialAction":[{"@type":"SearchAction","target":{"@type":"EntryPoint","urlTemplate":"https:\/\/la-cortigiana.it\/?s={search_term_string}"},"query-input":{"@type":"PropertyValueSpecification","valueRequired":true,"valueName":"search_term_string"}}],"inLanguage":"fr-FR"},{"@type":"Organization","@id":"https:\/\/la-cortigiana.it\/#organization","name":"La Cortigiana","url":"https:\/\/la-cortigiana.it\/","logo":{"@type":"ImageObject","inLanguage":"fr-FR","@id":"https:\/\/la-cortigiana.it\/#\/schema\/logo\/image\/","url":"https:\/\/la-cortigiana.it\/wp-content\/uploads\/2025\/01\/La-Cortigiana.png","contentUrl":"https:\/\/la-cortigiana.it\/wp-content\/uploads\/2025\/01\/La-Cortigiana.png","width":1646,"height":575,"caption":"La Cortigiana"},"image":{"@id":"https:\/\/la-cortigiana.it\/#\/schema\/logo\/image\/"},"sameAs":["https:\/\/www.facebook.com\/LaCortigiana\/","https:\/\/x.com\/la_cortigianait","https:\/\/www.instagram.com\/la_cortigiana.it","https:\/\/substack.com\/@lacortigiana"]}]}},"_links":{"self":[{"href":"https:\/\/la-cortigiana.it\/fr\/wp-json\/wp\/v2\/product\/36","targetHints":{"allow":["GET"]}}],"collection":[{"href":"https:\/\/la-cortigiana.it\/fr\/wp-json\/wp\/v2\/product"}],"about":[{"href":"https:\/\/la-cortigiana.it\/fr\/wp-json\/wp\/v2\/types\/product"}],"replies":[{"embeddable":true,"href":"https:\/\/la-cortigiana.it\/fr\/wp-json\/wp\/v2\/comments?post=36"}],"wp:featuredmedia":[{"embeddable":true,"href":"https:\/\/la-cortigiana.it\/fr\/wp-json\/wp\/v2\/media\/144"}],"wp:attachment":[{"href":"https:\/\/la-cortigiana.it\/fr\/wp-json\/wp\/v2\/media?parent=36"}],"wp:term":[{"taxonomy":"product_brand","embeddable":true,"href":"https:\/\/la-cortigiana.it\/fr\/wp-json\/wp\/v2\/product_brand?post=36"},{"taxonomy":"product_cat","embeddable":true,"href":"https:\/\/la-cortigiana.it\/fr\/wp-json\/wp\/v2\/product_cat?post=36"},{"taxonomy":"product_tag","embeddable":true,"href":"https:\/\/la-cortigiana.it\/fr\/wp-json\/wp\/v2\/product_tag?post=36"}],"curies":[{"name":"wp","href":"https:\/\/api.w.org\/{rel}","templated":true}]}}