{"id":42,"date":"2025-01-03T19:14:56","date_gmt":"2025-01-03T18:14:56","guid":{"rendered":"https:\/\/jcj.qow.mybluehost.me\/?post_type=product&#038;p=42"},"modified":"2025-10-10T02:51:02","modified_gmt":"2025-10-10T01:51:02","slug":"enleather-shoulder-bag-with-skulldelederumhangetasche-mit-totenkopf","status":"publish","type":"product","link":"https:\/\/la-cortigiana.it\/fr\/produit\/enleather-shoulder-bag-with-skulldelederumhangetasche-mit-totenkopf\/","title":{"rendered":"Sac bandouli\u00e8re en cuir avec t\u00eate de mort"},"content":{"rendered":"<p><strong>Sac en cuir tout-en-un \u2013 Du jour au d\u00e9sir<\/strong><\/p>\n<p>Cette pi\u00e8ce polyvalente est plus qu&#039;un sac\u00a0: c&#039;est un accessoire qui s&#039;adapte \u00e0 votre humeur et \u00e0 vos envies. Fabriqu\u00e9 \u00e0 la main en Italie avec des mat\u00e9riaux de premi\u00e8re qualit\u00e9. <strong>cuir de veau matelass\u00e9 noir<\/strong>, il fonctionne comme un <strong>sac \u00e0 bandouli\u00e8re<\/strong>, <strong>bandouli\u00e8re<\/strong>, ou <strong>pochette de soir\u00e9e<\/strong>, s&#039;adaptant \u00e0 votre style des sorties d\u00e9contract\u00e9es aux soir\u00e9es intimes.<\/p>\n<h3>Trois fa\u00e7ons de le porter<\/h3>\n<ul>\n<li>\n<p>En tant que <strong>bandouli\u00e8re<\/strong> ou port\u00e9 sur toute la longueur de l&#039;\u00e9paule \u2014 \u00e9l\u00e9gant et fonctionnel pour un usage quotidien.<\/p>\n<\/li>\n<li>\n<p>En tant que <strong>pochette de soir\u00e9e \u00e9l\u00e9gante<\/strong> \u2014 une pi\u00e8ce minimaliste pour les occasions nocturnes.<\/p>\n<\/li>\n<li>\n<p><strong>Verrouill\u00e9 au poignet<\/strong> \u2014 associez-le \u00e0 des menottes en cuir en option pour une touche audacieuse et ludique.<\/p>\n<\/li>\n<\/ul>\n<h3>Conception et d\u00e9tails<\/h3>\n<p>Sa silhouette classique est rehauss\u00e9e par un <strong>motif grav\u00e9 unique<\/strong> et un <strong>cr\u00e2ne en sucre en bronze<\/strong>, transformant une pi\u00e8ce intemporelle en une expression audacieuse d&#039;individualit\u00e9. \u00c0 l&#039;int\u00e9rieur, vous trouverez un espace g\u00e9n\u00e9reux pour vos essentiels (t\u00e9l\u00e9phone, portefeuille, cl\u00e9s, etc.) sans sacrifier l&#039;\u00e9l\u00e9gance ni le confort.<\/p>\n<h3>Caract\u00e9ristiques<\/h3>\n<ul>\n<li>Fabriqu\u00e9 \u00e0 la main \u00e0 partir de mat\u00e9riaux de premi\u00e8re qualit\u00e9 <strong>Cuir de veau matelass\u00e9 italien<\/strong><\/li>\n<li><strong>Bandouli\u00e8re en cha\u00eene en bronze amovible et r\u00e9glable<\/strong> pour un style polyvalent<\/li>\n<li><strong>Menottes en cuir en option<\/strong> pour plus de tranchant<\/li>\n<li><strong>Fermeture magn\u00e9tique s\u00e9curis\u00e9e<\/strong> garde le contenu en s\u00e9curit\u00e9<\/li>\n<li>Pr\u00e9sent\u00e9 dans un <strong>coffret cadeau luxueux en bois<\/strong><\/li>\n<\/ul>\n<h3>Taille<\/h3>\n<p>Dimensions : 28 \u00d7 16 cm (11\u2033 \u00d7 6\u2033) \u2014 compact mais suffisamment spacieux pour les essentiels du quotidien.<\/p>\n<h3>Production et entretien<\/h3>\n<p>Chaque sac est <strong>100% fait main<\/strong>, ce qui signifie que le d\u00e9lai de production peut varier. Les commandes sont g\u00e9n\u00e9ralement trait\u00e9es et exp\u00e9di\u00e9es sous 5 \u00e0 10 jours ouvr\u00e9s. Veuillez nous contacter si vous avez besoin de votre article avant une date pr\u00e9cise.<\/p>\n<p><em>Note:<\/em> En raison des variations dans les param\u00e8tres de l&#039;\u00e9cran, la couleur r\u00e9elle du sac peut diff\u00e9rer l\u00e9g\u00e8rement des photos.<\/p>","protected":false},"excerpt":{"rendered":"<p>[:de]Alles in einem: Umh\u00e4ngetasche aus Leder, Cross Body Bag und eine Abendkupplung, die in Italien aus dem hochwertigen schwarzen italienischen Leder handgefertigt wird.[:]<\/p>\n","protected":false},"featured_media":170,"comment_status":"open","ping_status":"closed","template":"","meta":{"nf_dc_page":"","googlesitekit_rrm_CAowrc_CDA:productID":""},"product_brand":[],"product_cat":[20],"product_tag":[],"class_list":{"0":"post-42","1":"product","2":"type-product","3":"status-publish","4":"has-post-thumbnail","6":"product_cat-uncategorized","8":"first","9":"outofstock","10":"shipping-taxable","11":"product-type-simple"},"yoast_head":"<!-- This site is optimized with the Yoast SEO Premium plugin v25.6 (Yoast SEO v27.4) - https:\/\/yoast.com\/product\/yoast-seo-premium-wordpress\/ -->\n<title>Leather shoulder bag with skull | Symbol Jewelry &amp; Erotic Accessories \u2013 Handmade in Italy<\/title>\n<meta name=\"description\" content=\"Indulge in Leather shoulder bag with skull \u2013 handcrafted in Italy. Discreet symbol jewelry, erotic leather accessories and intimate pieces for hotwife, cuckold and lifestyle dynamics. Worldwide shipping.\" \/>\n<meta name=\"robots\" content=\"index, follow, max-snippet:-1, max-image-preview:large, max-video-preview:-1\" \/>\n<link rel=\"canonical\" href=\"https:\/\/la-cortigiana.it\/fr\/produit\/enleather-shoulder-bag-with-skulldelederumhangetasche-mit-totenkopf\/\" \/>\n<meta property=\"og:locale\" content=\"fr_FR\" \/>\n<meta property=\"og:type\" content=\"article\" \/>\n<meta property=\"og:title\" content=\"Leather shoulder bag with skull | La Cortigiana \u2013 Handcrafted in Italy\" \/>\n<meta property=\"og:description\" content=\"Luxury handcrafted lingerie &amp; accessories from Italy. Sheer, sensual, made for bold desires. Discreet worldwide delivery.\" \/>\n<meta property=\"og:url\" content=\"https:\/\/la-cortigiana.it\/fr\/produit\/enleather-shoulder-bag-with-skulldelederumhangetasche-mit-totenkopf\/\" \/>\n<meta property=\"og:site_name\" content=\"La Cortigiana | Handcrafted Leather Accessories for Bold Desires\" \/>\n<meta property=\"article:publisher\" content=\"https:\/\/www.facebook.com\/LaCortigiana\/\" \/>\n<meta property=\"article:modified_time\" content=\"2025-10-10T01:51:02+00:00\" \/>\n<meta property=\"og:image\" content=\"https:\/\/la-cortigiana.it\/wp-content\/uploads\/2025\/01\/Leather-cross-body-bag4.jpg\" \/>\n\t<meta property=\"og:image:width\" content=\"1000\" \/>\n\t<meta property=\"og:image:height\" content=\"667\" \/>\n\t<meta property=\"og:image:type\" content=\"image\/jpeg\" \/>\n<meta name=\"twitter:card\" content=\"summary_large_image\" \/>\n<meta name=\"twitter:site\" content=\"@la_cortigianait\" \/>\n<meta name=\"twitter:label1\" content=\"Dur\u00e9e de lecture estim\u00e9e\" \/>\n\t<meta name=\"twitter:data1\" content=\"1 minute\" \/>\n<script type=\"application\/ld+json\" class=\"yoast-schema-graph\">{\"@context\":\"https:\\\/\\\/schema.org\",\"@graph\":[{\"@type\":[\"WebPage\",\"ItemPage\"],\"@id\":\"https:\\\/\\\/la-cortigiana.it\\\/product\\\/enleather-shoulder-bag-with-skulldelederumhangetasche-mit-totenkopf\\\/\",\"url\":\"https:\\\/\\\/la-cortigiana.it\\\/product\\\/enleather-shoulder-bag-with-skulldelederumhangetasche-mit-totenkopf\\\/\",\"name\":\"Leather shoulder bag with skull | Symbol Jewelry & Erotic Accessories \u2013 Handmade in Italy\",\"isPartOf\":{\"@id\":\"https:\\\/\\\/la-cortigiana.it\\\/#website\"},\"primaryImageOfPage\":{\"@id\":\"https:\\\/\\\/la-cortigiana.it\\\/product\\\/enleather-shoulder-bag-with-skulldelederumhangetasche-mit-totenkopf\\\/#primaryimage\"},\"image\":{\"@id\":\"https:\\\/\\\/la-cortigiana.it\\\/product\\\/enleather-shoulder-bag-with-skulldelederumhangetasche-mit-totenkopf\\\/#primaryimage\"},\"thumbnailUrl\":\"https:\\\/\\\/la-cortigiana.it\\\/wp-content\\\/uploads\\\/2025\\\/01\\\/Leather-cross-body-bag4.jpg\",\"datePublished\":\"2025-01-03T18:14:56+00:00\",\"dateModified\":\"2025-10-10T01:51:02+00:00\",\"description\":\"Indulge in Leather shoulder bag with skull \u2013 handcrafted in Italy. Discreet symbol jewelry, erotic leather accessories and intimate pieces for hotwife, cuckold and lifestyle dynamics. Worldwide shipping.\",\"breadcrumb\":{\"@id\":\"https:\\\/\\\/la-cortigiana.it\\\/product\\\/enleather-shoulder-bag-with-skulldelederumhangetasche-mit-totenkopf\\\/#breadcrumb\"},\"inLanguage\":\"fr-FR\",\"potentialAction\":[{\"@type\":\"ReadAction\",\"target\":[\"https:\\\/\\\/la-cortigiana.it\\\/product\\\/enleather-shoulder-bag-with-skulldelederumhangetasche-mit-totenkopf\\\/\"]}]},{\"@type\":\"ImageObject\",\"inLanguage\":\"fr-FR\",\"@id\":\"https:\\\/\\\/la-cortigiana.it\\\/product\\\/enleather-shoulder-bag-with-skulldelederumhangetasche-mit-totenkopf\\\/#primaryimage\",\"url\":\"https:\\\/\\\/la-cortigiana.it\\\/wp-content\\\/uploads\\\/2025\\\/01\\\/Leather-cross-body-bag4.jpg\",\"contentUrl\":\"https:\\\/\\\/la-cortigiana.it\\\/wp-content\\\/uploads\\\/2025\\\/01\\\/Leather-cross-body-bag4.jpg\",\"width\":1000,\"height\":667},{\"@type\":\"BreadcrumbList\",\"@id\":\"https:\\\/\\\/la-cortigiana.it\\\/product\\\/enleather-shoulder-bag-with-skulldelederumhangetasche-mit-totenkopf\\\/#breadcrumb\",\"itemListElement\":[{\"@type\":\"ListItem\",\"position\":1,\"name\":\"Home\",\"item\":\"https:\\\/\\\/la-cortigiana.it\\\/\"},{\"@type\":\"ListItem\",\"position\":2,\"name\":\"Shop\",\"item\":\"https:\\\/\\\/la-cortigiana.it\\\/shop\\\/\"},{\"@type\":\"ListItem\",\"position\":3,\"name\":\"Leather shoulder bag with skull\"}]},{\"@type\":\"WebSite\",\"@id\":\"https:\\\/\\\/la-cortigiana.it\\\/#website\",\"url\":\"https:\\\/\\\/la-cortigiana.it\\\/\",\"name\":\"La Cortigiana | Discreet Symbol Jewelry & Erotic Leather, Handmade in Italy\",\"description\":\"Quiet Marks of Chosen Desire\",\"publisher\":{\"@id\":\"https:\\\/\\\/la-cortigiana.it\\\/#organization\"},\"potentialAction\":[{\"@type\":\"SearchAction\",\"target\":{\"@type\":\"EntryPoint\",\"urlTemplate\":\"https:\\\/\\\/la-cortigiana.it\\\/?s={search_term_string}\"},\"query-input\":{\"@type\":\"PropertyValueSpecification\",\"valueRequired\":true,\"valueName\":\"search_term_string\"}}],\"inLanguage\":\"fr-FR\"},{\"@type\":\"Organization\",\"@id\":\"https:\\\/\\\/la-cortigiana.it\\\/#organization\",\"name\":\"La Cortigiana\",\"url\":\"https:\\\/\\\/la-cortigiana.it\\\/\",\"logo\":{\"@type\":\"ImageObject\",\"inLanguage\":\"fr-FR\",\"@id\":\"https:\\\/\\\/la-cortigiana.it\\\/#\\\/schema\\\/logo\\\/image\\\/\",\"url\":\"https:\\\/\\\/la-cortigiana.it\\\/wp-content\\\/uploads\\\/2025\\\/01\\\/La-Cortigiana.png\",\"contentUrl\":\"https:\\\/\\\/la-cortigiana.it\\\/wp-content\\\/uploads\\\/2025\\\/01\\\/La-Cortigiana.png\",\"width\":1646,\"height\":575,\"caption\":\"La Cortigiana\"},\"image\":{\"@id\":\"https:\\\/\\\/la-cortigiana.it\\\/#\\\/schema\\\/logo\\\/image\\\/\"},\"sameAs\":[\"https:\\\/\\\/www.facebook.com\\\/LaCortigiana\\\/\",\"https:\\\/\\\/x.com\\\/la_cortigianait\",\"https:\\\/\\\/www.instagram.com\\\/la_cortigiana.it\",\"https:\\\/\\\/substack.com\\\/@lacortigiana\"]}]}<\/script>\n<!-- \/ Yoast SEO Premium plugin. -->","yoast_head_json":{"title":"Leather shoulder bag with skull | Symbol Jewelry & Erotic Accessories \u2013 Handmade in Italy","description":"Indulge in Leather shoulder bag with skull \u2013 handcrafted in Italy. Discreet symbol jewelry, erotic leather accessories and intimate pieces for hotwife, cuckold and lifestyle dynamics. Worldwide shipping.","robots":{"index":"index","follow":"follow","max-snippet":"max-snippet:-1","max-image-preview":"max-image-preview:large","max-video-preview":"max-video-preview:-1"},"canonical":"https:\/\/la-cortigiana.it\/fr\/produit\/enleather-shoulder-bag-with-skulldelederumhangetasche-mit-totenkopf\/","og_locale":"fr_FR","og_type":"article","og_title":"Leather shoulder bag with skull | La Cortigiana \u2013 Handcrafted in Italy","og_description":"Luxury handcrafted lingerie & accessories from Italy. Sheer, sensual, made for bold desires. Discreet worldwide delivery.","og_url":"https:\/\/la-cortigiana.it\/fr\/produit\/enleather-shoulder-bag-with-skulldelederumhangetasche-mit-totenkopf\/","og_site_name":"La Cortigiana | Handcrafted Leather Accessories for Bold Desires","article_publisher":"https:\/\/www.facebook.com\/LaCortigiana\/","article_modified_time":"2025-10-10T01:51:02+00:00","og_image":[{"width":1000,"height":667,"url":"https:\/\/la-cortigiana.it\/wp-content\/uploads\/2025\/01\/Leather-cross-body-bag4.jpg","type":"image\/jpeg"}],"twitter_card":"summary_large_image","twitter_site":"@la_cortigianait","twitter_misc":{"Dur\u00e9e de lecture estim\u00e9e":"1 minute"},"schema":{"@context":"https:\/\/schema.org","@graph":[{"@type":["WebPage","ItemPage"],"@id":"https:\/\/la-cortigiana.it\/product\/enleather-shoulder-bag-with-skulldelederumhangetasche-mit-totenkopf\/","url":"https:\/\/la-cortigiana.it\/product\/enleather-shoulder-bag-with-skulldelederumhangetasche-mit-totenkopf\/","name":"Leather shoulder bag with skull | Symbol Jewelry & Erotic Accessories \u2013 Handmade in Italy","isPartOf":{"@id":"https:\/\/la-cortigiana.it\/#website"},"primaryImageOfPage":{"@id":"https:\/\/la-cortigiana.it\/product\/enleather-shoulder-bag-with-skulldelederumhangetasche-mit-totenkopf\/#primaryimage"},"image":{"@id":"https:\/\/la-cortigiana.it\/product\/enleather-shoulder-bag-with-skulldelederumhangetasche-mit-totenkopf\/#primaryimage"},"thumbnailUrl":"https:\/\/la-cortigiana.it\/wp-content\/uploads\/2025\/01\/Leather-cross-body-bag4.jpg","datePublished":"2025-01-03T18:14:56+00:00","dateModified":"2025-10-10T01:51:02+00:00","description":"Indulge in Leather shoulder bag with skull \u2013 handcrafted in Italy. Discreet symbol jewelry, erotic leather accessories and intimate pieces for hotwife, cuckold and lifestyle dynamics. Worldwide shipping.","breadcrumb":{"@id":"https:\/\/la-cortigiana.it\/product\/enleather-shoulder-bag-with-skulldelederumhangetasche-mit-totenkopf\/#breadcrumb"},"inLanguage":"fr-FR","potentialAction":[{"@type":"ReadAction","target":["https:\/\/la-cortigiana.it\/product\/enleather-shoulder-bag-with-skulldelederumhangetasche-mit-totenkopf\/"]}]},{"@type":"ImageObject","inLanguage":"fr-FR","@id":"https:\/\/la-cortigiana.it\/product\/enleather-shoulder-bag-with-skulldelederumhangetasche-mit-totenkopf\/#primaryimage","url":"https:\/\/la-cortigiana.it\/wp-content\/uploads\/2025\/01\/Leather-cross-body-bag4.jpg","contentUrl":"https:\/\/la-cortigiana.it\/wp-content\/uploads\/2025\/01\/Leather-cross-body-bag4.jpg","width":1000,"height":667},{"@type":"BreadcrumbList","@id":"https:\/\/la-cortigiana.it\/product\/enleather-shoulder-bag-with-skulldelederumhangetasche-mit-totenkopf\/#breadcrumb","itemListElement":[{"@type":"ListItem","position":1,"name":"Home","item":"https:\/\/la-cortigiana.it\/"},{"@type":"ListItem","position":2,"name":"Shop","item":"https:\/\/la-cortigiana.it\/shop\/"},{"@type":"ListItem","position":3,"name":"Leather shoulder bag with skull"}]},{"@type":"WebSite","@id":"https:\/\/la-cortigiana.it\/#website","url":"https:\/\/la-cortigiana.it\/","name":"La Cortigiana | Bijoux discrets \u00e0 symboles et maroquinerie \u00e9rotique, fabriqu\u00e9s \u00e0 la main en Italie","description":"Marques discr\u00e8tes d&#039;un d\u00e9sir choisi","publisher":{"@id":"https:\/\/la-cortigiana.it\/#organization"},"potentialAction":[{"@type":"SearchAction","target":{"@type":"EntryPoint","urlTemplate":"https:\/\/la-cortigiana.it\/?s={search_term_string}"},"query-input":{"@type":"PropertyValueSpecification","valueRequired":true,"valueName":"search_term_string"}}],"inLanguage":"fr-FR"},{"@type":"Organization","@id":"https:\/\/la-cortigiana.it\/#organization","name":"La Cortigiana","url":"https:\/\/la-cortigiana.it\/","logo":{"@type":"ImageObject","inLanguage":"fr-FR","@id":"https:\/\/la-cortigiana.it\/#\/schema\/logo\/image\/","url":"https:\/\/la-cortigiana.it\/wp-content\/uploads\/2025\/01\/La-Cortigiana.png","contentUrl":"https:\/\/la-cortigiana.it\/wp-content\/uploads\/2025\/01\/La-Cortigiana.png","width":1646,"height":575,"caption":"La Cortigiana"},"image":{"@id":"https:\/\/la-cortigiana.it\/#\/schema\/logo\/image\/"},"sameAs":["https:\/\/www.facebook.com\/LaCortigiana\/","https:\/\/x.com\/la_cortigianait","https:\/\/www.instagram.com\/la_cortigiana.it","https:\/\/substack.com\/@lacortigiana"]}]}},"_links":{"self":[{"href":"https:\/\/la-cortigiana.it\/fr\/wp-json\/wp\/v2\/product\/42","targetHints":{"allow":["GET"]}}],"collection":[{"href":"https:\/\/la-cortigiana.it\/fr\/wp-json\/wp\/v2\/product"}],"about":[{"href":"https:\/\/la-cortigiana.it\/fr\/wp-json\/wp\/v2\/types\/product"}],"replies":[{"embeddable":true,"href":"https:\/\/la-cortigiana.it\/fr\/wp-json\/wp\/v2\/comments?post=42"}],"wp:featuredmedia":[{"embeddable":true,"href":"https:\/\/la-cortigiana.it\/fr\/wp-json\/wp\/v2\/media\/170"}],"wp:attachment":[{"href":"https:\/\/la-cortigiana.it\/fr\/wp-json\/wp\/v2\/media?parent=42"}],"wp:term":[{"taxonomy":"product_brand","embeddable":true,"href":"https:\/\/la-cortigiana.it\/fr\/wp-json\/wp\/v2\/product_brand?post=42"},{"taxonomy":"product_cat","embeddable":true,"href":"https:\/\/la-cortigiana.it\/fr\/wp-json\/wp\/v2\/product_cat?post=42"},{"taxonomy":"product_tag","embeddable":true,"href":"https:\/\/la-cortigiana.it\/fr\/wp-json\/wp\/v2\/product_tag?post=42"}],"curies":[{"name":"wp","href":"https:\/\/api.w.org\/{rel}","templated":true}]}}