{"id":1332,"date":"2025-03-23T13:46:04","date_gmt":"2025-03-23T12:46:04","guid":{"rendered":"https:\/\/la-cortigiana.it\/?post_type=product&#038;p=1332"},"modified":"2025-10-10T02:51:16","modified_gmt":"2025-10-10T01:51:16","slug":"structured-waist-corset-with-ribbon","status":"publish","type":"product","link":"https:\/\/la-cortigiana.it\/it\/prodotto\/structured-waist-corset-with-ribbon\/","title":{"rendered":"Corsetto strutturato con lacci a nastro"},"content":{"rendered":"<ul>\n<li>\n<h3 class=\"\" data-start=\"928\" data-end=\"944\"><strong data-start=\"935\" data-end=\"944\">MISURARE:<\/strong><\/h3>\n<div class=\"overflow-x-auto contain-inline-size\">\n<table data-start=\"946\" data-end=\"1230\">\n<thead data-start=\"946\" data-end=\"987\">\n<tr data-start=\"946\" data-end=\"987\">\n<th data-start=\"946\" data-end=\"953\">Misurare<\/th>\n<th data-start=\"953\" data-end=\"965\">Sottoseno<\/th>\n<th data-start=\"965\" data-end=\"973\">Vita<\/th>\n<th data-start=\"973\" data-end=\"987\">Anca media<\/th>\n<\/tr>\n<\/thead>\n<tbody data-start=\"1034\" data-end=\"1230\">\n<tr data-start=\"1034\" data-end=\"1073\">\n<td>Taglia XS<\/td>\n<td>68\u201372 centimetri<\/td>\n<td>60\u201364 centimetri<\/td>\n<td>75\u201379 centimetri<\/td>\n<\/tr>\n<tr data-start=\"1074\" data-end=\"1112\">\n<td>S<\/td>\n<td>73\u201377 centimetri<\/td>\n<td>65\u201369 centimetri<\/td>\n<td>80\u201384 centimetri<\/td>\n<\/tr>\n<tr data-start=\"1113\" data-end=\"1151\">\n<td>M<\/td>\n<td>78\u201382 centimetri<\/td>\n<td>70\u201374 centimetri<\/td>\n<td>85\u201389 centimetri<\/td>\n<\/tr>\n<tr data-start=\"1152\" data-end=\"1190\">\n<td>L<\/td>\n<td>83\u201387 centimetri<\/td>\n<td>75\u201379 centimetri<\/td>\n<td>90\u201394 centimetri<\/td>\n<\/tr>\n<tr data-start=\"1191\" data-end=\"1230\">\n<td>Grande<\/td>\n<td>88\u201392 centimetri<\/td>\n<td>80\u201384 centimetri<\/td>\n<td>95\u201399 centimetri<\/td>\n<\/tr>\n<\/tbody>\n<\/table>\n<\/div>\n<hr class=\"\" data-start=\"1232\" data-end=\"1235\" \/>\n<h3 class=\"\" data-start=\"1237\" data-end=\"1272\">\u2702\ufe0f <strong data-start=\"1244\" data-end=\"1272\">Come prendere le misure<\/strong><\/h3>\n<p class=\"\" data-start=\"1274\" data-end=\"1336\">Per selezionare la taglia corretta, prendi queste tre misure chiave:<\/p>\n<ul data-start=\"1338\" data-end=\"1563\">\n<li class=\"\" data-start=\"1338\" data-end=\"1398\">\n<p class=\"\" data-start=\"1340\" data-end=\"1398\"><strong data-start=\"1340\" data-end=\"1349\">Vita<\/strong> \u2013 Misura la parte pi\u00f9 stretta del tuo busto.<\/p>\n<\/li>\n<li class=\"\" data-start=\"1399\" data-end=\"1481\">\n<p class=\"\" data-start=\"1401\" data-end=\"1481\"><strong data-start=\"1401\" data-end=\"1414\">Sottoseno<\/strong> \u2013 Misurare direttamente sotto il seno, mantenendo il metro in orizzontale.<\/p>\n<\/li>\n<li class=\"\" data-start=\"1482\" data-end=\"1563\">\n<p class=\"\" data-start=\"1484\" data-end=\"1563\"><strong data-start=\"1484\" data-end=\"1498\">Anca media<\/strong> \u2013 Misura la circonferenza superiore dei fianchi, circa 8-10 cm sotto la vita.<\/p>\n<\/li>\n<\/ul>\n<p class=\"\" data-start=\"1565\" data-end=\"1597\"><strong data-start=\"1565\" data-end=\"1597\">Suggerimenti per una misurazione accurata:<\/strong><\/p>\n<ul data-start=\"1598\" data-end=\"1734\">\n<li class=\"\" data-start=\"1598\" data-end=\"1646\">\n<p class=\"\" data-start=\"1600\" data-end=\"1646\">Misurare sopra biancheria intima sottile o sulla pelle nuda.<\/p>\n<\/li>\n<li class=\"\" data-start=\"1647\" data-end=\"1681\">\n<p class=\"\" data-start=\"1649\" data-end=\"1681\">Mantenere il nastro ben aderente, non troppo stretto.<\/p>\n<\/li>\n<li class=\"\" data-start=\"1682\" data-end=\"1734\">\n<p class=\"\" data-start=\"1684\" data-end=\"1734\">Mettetevi in posizione eretta, usate uno specchio o chiedete aiuto.<\/p>\n<\/li>\n<\/ul>\n<hr class=\"\" data-start=\"1736\" data-end=\"1739\" \/>\n<h3 class=\"\" data-start=\"1741\" data-end=\"1764\">\ud83e\uddf5 <strong data-start=\"1748\" data-end=\"1764\">Dimensioni personalizzate:<\/strong><\/h3>\n<p class=\"\" data-start=\"1766\" data-end=\"1986\">Se le tue misure rientrano in pi\u00f9 taglie (ad esempio, vita = S, circonferenza fianchi = L), offriamo modifiche su misura.<br data-start=\"1886\" data-end=\"1889\" \/>Inviaci un messaggio prima di ordinare e ti aiuteremo a trovare la soluzione perfetta per il tuo corpo e per la tua fantasia.<\/p>\n<hr class=\"\" data-start=\"1988\" data-end=\"1991\" \/>\n<h3 class=\"\" data-start=\"1993\" data-end=\"2018\">\ud83d\udd01 <strong data-start=\"2000\" data-end=\"2018\">Politica di ritorno:<\/strong><\/h3>\n<p class=\"\" data-start=\"2020\" data-end=\"2095\">Ogni corsetto \u00e8 realizzato a mano su ordinazione, pertanto non accettiamo resi o cambi.<\/p>\n<p class=\"\" data-start=\"2097\" data-end=\"2250\">Detto questo, se non sei sicuro della taglia o della vestibilit\u00e0, contattaci prima di effettuare un ordine. Siamo qui per guidarti e assicurarci che il tuo corsetto ti calzi come un sogno.<\/p>\n<hr class=\"\" data-start=\"2252\" data-end=\"2255\" \/>\n<p class=\"\" data-start=\"2257\" data-end=\"2341\"><strong data-start=\"2257\" data-end=\"2339\">Grazie per il tuo sostegno alla moda lenta, all&#039;artigianato e all&#039;espressione intima.<\/strong><\/p>\n<\/li>\n<\/ul>","protected":false},"excerpt":{"rendered":"<p class=\"\" data-start=\"175\" data-end=\"270\"><strong data-start=\"175\" data-end=\"270\">Realizzato per dare forma, eleganza e comfort, questo corsetto \u00e8 una silhouette senza tempo rivisitata.<\/strong><\/p>\n<p class=\"\" data-start=\"272\" data-end=\"526\">Realizzato artigianalmente in twill di cotone di alta qualit\u00e0, questo corsetto \u00e8 strutturato, traspirante e progettato per abbracciare le tue curve senza compromettere la flessibilit\u00e0. La sua doppia allacciatura laterale e la chiusura anteriore a busk offrono sia adattabilit\u00e0 che impatto visivo.<\/p>\n<p class=\"\" data-start=\"528\" data-end=\"679\">Disponibile in una vasta gamma di colori, questo pezzo pu\u00f2 essere personalizzato per riflettere il tuo stile personale: dal bianco cerimoniale al nero provocante o ai tenui colori pastello.<\/p>\n<p class=\"\" data-start=\"681\" data-end=\"816\">Che venga indossato come lingerie, come capo di abbigliamento o come parte di un rituale, \u00e8 fatto per diventare una seconda pelle: elegante, resistente e irresistibilmente piacevole al tatto.<\/p>\n<h3 class=\"\" data-start=\"823\" data-end=\"852\"><strong data-start=\"830\" data-end=\"850\">Tempo di elaborazione:<\/strong><\/h3>\n<p class=\"\" data-start=\"853\" data-end=\"921\"><strong>2-3 settimane, ma potrebbe volerci pi\u00f9 tempo a seconda della complessit\u00e0 e del carico di lavoro.<\/strong><\/p>","protected":false},"featured_media":1745,"comment_status":"open","ping_status":"closed","template":"","meta":{"nf_dc_page":"","googlesitekit_rrm_CAowrc_CDA:productID":""},"product_brand":[],"product_cat":[62],"product_tag":[230],"class_list":{"0":"post-1332","1":"product","2":"type-product","3":"status-publish","4":"has-post-thumbnail","6":"product_cat-corsets-lingerie","7":"product_tag-corsets","9":"first","10":"instock","11":"shipping-taxable","12":"purchasable","13":"product-type-simple"},"yoast_head":"<!-- This site is optimized with the Yoast SEO Premium plugin v25.6 (Yoast SEO v27.4) - https:\/\/yoast.com\/product\/yoast-seo-premium-wordpress\/ -->\n<title>Structured Waist Corset with Ribbon Ties | Symbol Jewelry &amp; Erotic Accessories \u2013 Handmade in Italy<\/title>\n<meta name=\"description\" content=\"Indulge in Structured Waist Corset with Ribbon Ties \u2013 handcrafted in Italy. Discreet symbol jewelry, erotic leather accessories and intimate pieces for hotwife, cuckold and lifestyle dynamics. Worldwide shipping.\" \/>\n<meta name=\"robots\" content=\"index, follow, max-snippet:-1, max-image-preview:large, max-video-preview:-1\" \/>\n<link rel=\"canonical\" href=\"https:\/\/la-cortigiana.it\/it\/prodotto\/structured-waist-corset-with-ribbon\/\" \/>\n<meta property=\"og:locale\" content=\"it_IT\" \/>\n<meta property=\"og:type\" content=\"article\" \/>\n<meta property=\"og:title\" content=\"Structured Waist Corset with Ribbon Ties | La Cortigiana \u2013 Handcrafted in Italy\" \/>\n<meta property=\"og:description\" content=\"Luxury handcrafted lingerie &amp; accessories from Italy. Sheer, sensual, made for bold desires. Discreet worldwide delivery.\" \/>\n<meta property=\"og:url\" content=\"https:\/\/la-cortigiana.it\/it\/prodotto\/structured-waist-corset-with-ribbon\/\" \/>\n<meta property=\"og:site_name\" content=\"La Cortigiana | Handcrafted Leather Accessories for Bold Desires\" \/>\n<meta property=\"article:publisher\" content=\"https:\/\/www.facebook.com\/LaCortigiana\/\" \/>\n<meta property=\"article:modified_time\" content=\"2025-10-10T01:51:16+00:00\" \/>\n<meta property=\"og:image\" content=\"https:\/\/la-cortigiana.it\/wp-content\/uploads\/2025\/03\/DSCF7332.jpg\" \/>\n\t<meta property=\"og:image:width\" content=\"1600\" \/>\n\t<meta property=\"og:image:height\" content=\"2000\" \/>\n\t<meta property=\"og:image:type\" content=\"image\/jpeg\" \/>\n<meta name=\"twitter:card\" content=\"summary_large_image\" \/>\n<meta name=\"twitter:site\" content=\"@la_cortigianait\" \/>\n<meta name=\"twitter:label1\" content=\"Tempo di lettura stimato\" \/>\n\t<meta name=\"twitter:data1\" content=\"2 minuti\" \/>\n<script type=\"application\/ld+json\" class=\"yoast-schema-graph\">{\"@context\":\"https:\\\/\\\/schema.org\",\"@graph\":[{\"@type\":[\"WebPage\",\"ItemPage\"],\"@id\":\"https:\\\/\\\/la-cortigiana.it\\\/product\\\/structured-waist-corset-with-ribbon\\\/\",\"url\":\"https:\\\/\\\/la-cortigiana.it\\\/product\\\/structured-waist-corset-with-ribbon\\\/\",\"name\":\"Structured Waist Corset with Ribbon Ties | Symbol Jewelry & Erotic Accessories \u2013 Handmade in Italy\",\"isPartOf\":{\"@id\":\"https:\\\/\\\/la-cortigiana.it\\\/#website\"},\"primaryImageOfPage\":{\"@id\":\"https:\\\/\\\/la-cortigiana.it\\\/product\\\/structured-waist-corset-with-ribbon\\\/#primaryimage\"},\"image\":{\"@id\":\"https:\\\/\\\/la-cortigiana.it\\\/product\\\/structured-waist-corset-with-ribbon\\\/#primaryimage\"},\"thumbnailUrl\":\"https:\\\/\\\/la-cortigiana.it\\\/wp-content\\\/uploads\\\/2025\\\/03\\\/DSCF7332.jpg\",\"datePublished\":\"2025-03-23T12:46:04+00:00\",\"dateModified\":\"2025-10-10T01:51:16+00:00\",\"description\":\"Indulge in Structured Waist Corset with Ribbon Ties \u2013 handcrafted in Italy. Discreet symbol jewelry, erotic leather accessories and intimate pieces for hotwife, cuckold and lifestyle dynamics. Worldwide shipping.\",\"breadcrumb\":{\"@id\":\"https:\\\/\\\/la-cortigiana.it\\\/product\\\/structured-waist-corset-with-ribbon\\\/#breadcrumb\"},\"inLanguage\":\"it-IT\",\"potentialAction\":[{\"@type\":\"ReadAction\",\"target\":[\"https:\\\/\\\/la-cortigiana.it\\\/product\\\/structured-waist-corset-with-ribbon\\\/\"]}]},{\"@type\":\"ImageObject\",\"inLanguage\":\"it-IT\",\"@id\":\"https:\\\/\\\/la-cortigiana.it\\\/product\\\/structured-waist-corset-with-ribbon\\\/#primaryimage\",\"url\":\"https:\\\/\\\/la-cortigiana.it\\\/wp-content\\\/uploads\\\/2025\\\/03\\\/DSCF7332.jpg\",\"contentUrl\":\"https:\\\/\\\/la-cortigiana.it\\\/wp-content\\\/uploads\\\/2025\\\/03\\\/DSCF7332.jpg\",\"width\":1600,\"height\":2000,\"caption\":\"corsette by La Cortigiana\"},{\"@type\":\"BreadcrumbList\",\"@id\":\"https:\\\/\\\/la-cortigiana.it\\\/product\\\/structured-waist-corset-with-ribbon\\\/#breadcrumb\",\"itemListElement\":[{\"@type\":\"ListItem\",\"position\":1,\"name\":\"Home\",\"item\":\"https:\\\/\\\/la-cortigiana.it\\\/\"},{\"@type\":\"ListItem\",\"position\":2,\"name\":\"Shop\",\"item\":\"https:\\\/\\\/la-cortigiana.it\\\/shop\\\/\"},{\"@type\":\"ListItem\",\"position\":3,\"name\":\"Structured Waist Corset with Ribbon Ties\"}]},{\"@type\":\"WebSite\",\"@id\":\"https:\\\/\\\/la-cortigiana.it\\\/#website\",\"url\":\"https:\\\/\\\/la-cortigiana.it\\\/\",\"name\":\"La Cortigiana | Discreet Symbol Jewelry & Erotic Leather, Handmade in Italy\",\"description\":\"Quiet Marks of Chosen Desire\",\"publisher\":{\"@id\":\"https:\\\/\\\/la-cortigiana.it\\\/#organization\"},\"potentialAction\":[{\"@type\":\"SearchAction\",\"target\":{\"@type\":\"EntryPoint\",\"urlTemplate\":\"https:\\\/\\\/la-cortigiana.it\\\/?s={search_term_string}\"},\"query-input\":{\"@type\":\"PropertyValueSpecification\",\"valueRequired\":true,\"valueName\":\"search_term_string\"}}],\"inLanguage\":\"it-IT\"},{\"@type\":\"Organization\",\"@id\":\"https:\\\/\\\/la-cortigiana.it\\\/#organization\",\"name\":\"La Cortigiana\",\"url\":\"https:\\\/\\\/la-cortigiana.it\\\/\",\"logo\":{\"@type\":\"ImageObject\",\"inLanguage\":\"it-IT\",\"@id\":\"https:\\\/\\\/la-cortigiana.it\\\/#\\\/schema\\\/logo\\\/image\\\/\",\"url\":\"https:\\\/\\\/la-cortigiana.it\\\/wp-content\\\/uploads\\\/2025\\\/01\\\/La-Cortigiana.png\",\"contentUrl\":\"https:\\\/\\\/la-cortigiana.it\\\/wp-content\\\/uploads\\\/2025\\\/01\\\/La-Cortigiana.png\",\"width\":1646,\"height\":575,\"caption\":\"La Cortigiana\"},\"image\":{\"@id\":\"https:\\\/\\\/la-cortigiana.it\\\/#\\\/schema\\\/logo\\\/image\\\/\"},\"sameAs\":[\"https:\\\/\\\/www.facebook.com\\\/LaCortigiana\\\/\",\"https:\\\/\\\/x.com\\\/la_cortigianait\",\"https:\\\/\\\/www.instagram.com\\\/la_cortigiana.it\",\"https:\\\/\\\/substack.com\\\/@lacortigiana\"]}]}<\/script>\n<!-- \/ Yoast SEO Premium plugin. -->","yoast_head_json":{"title":"Structured Waist Corset with Ribbon Ties | Symbol Jewelry & Erotic Accessories \u2013 Handmade in Italy","description":"Indulge in Structured Waist Corset with Ribbon Ties \u2013 handcrafted in Italy. Discreet symbol jewelry, erotic leather accessories and intimate pieces for hotwife, cuckold and lifestyle dynamics. Worldwide shipping.","robots":{"index":"index","follow":"follow","max-snippet":"max-snippet:-1","max-image-preview":"max-image-preview:large","max-video-preview":"max-video-preview:-1"},"canonical":"https:\/\/la-cortigiana.it\/it\/prodotto\/structured-waist-corset-with-ribbon\/","og_locale":"it_IT","og_type":"article","og_title":"Structured Waist Corset with Ribbon Ties | La Cortigiana \u2013 Handcrafted in Italy","og_description":"Luxury handcrafted lingerie & accessories from Italy. Sheer, sensual, made for bold desires. Discreet worldwide delivery.","og_url":"https:\/\/la-cortigiana.it\/it\/prodotto\/structured-waist-corset-with-ribbon\/","og_site_name":"La Cortigiana | Handcrafted Leather Accessories for Bold Desires","article_publisher":"https:\/\/www.facebook.com\/LaCortigiana\/","article_modified_time":"2025-10-10T01:51:16+00:00","og_image":[{"width":1600,"height":2000,"url":"https:\/\/la-cortigiana.it\/wp-content\/uploads\/2025\/03\/DSCF7332.jpg","type":"image\/jpeg"}],"twitter_card":"summary_large_image","twitter_site":"@la_cortigianait","twitter_misc":{"Tempo di lettura stimato":"2 minuti"},"schema":{"@context":"https:\/\/schema.org","@graph":[{"@type":["WebPage","ItemPage"],"@id":"https:\/\/la-cortigiana.it\/product\/structured-waist-corset-with-ribbon\/","url":"https:\/\/la-cortigiana.it\/product\/structured-waist-corset-with-ribbon\/","name":"Structured Waist Corset with Ribbon Ties | Symbol Jewelry & Erotic Accessories \u2013 Handmade in Italy","isPartOf":{"@id":"https:\/\/la-cortigiana.it\/#website"},"primaryImageOfPage":{"@id":"https:\/\/la-cortigiana.it\/product\/structured-waist-corset-with-ribbon\/#primaryimage"},"image":{"@id":"https:\/\/la-cortigiana.it\/product\/structured-waist-corset-with-ribbon\/#primaryimage"},"thumbnailUrl":"https:\/\/la-cortigiana.it\/wp-content\/uploads\/2025\/03\/DSCF7332.jpg","datePublished":"2025-03-23T12:46:04+00:00","dateModified":"2025-10-10T01:51:16+00:00","description":"Indulge in Structured Waist Corset with Ribbon Ties \u2013 handcrafted in Italy. Discreet symbol jewelry, erotic leather accessories and intimate pieces for hotwife, cuckold and lifestyle dynamics. Worldwide shipping.","breadcrumb":{"@id":"https:\/\/la-cortigiana.it\/product\/structured-waist-corset-with-ribbon\/#breadcrumb"},"inLanguage":"it-IT","potentialAction":[{"@type":"ReadAction","target":["https:\/\/la-cortigiana.it\/product\/structured-waist-corset-with-ribbon\/"]}]},{"@type":"ImageObject","inLanguage":"it-IT","@id":"https:\/\/la-cortigiana.it\/product\/structured-waist-corset-with-ribbon\/#primaryimage","url":"https:\/\/la-cortigiana.it\/wp-content\/uploads\/2025\/03\/DSCF7332.jpg","contentUrl":"https:\/\/la-cortigiana.it\/wp-content\/uploads\/2025\/03\/DSCF7332.jpg","width":1600,"height":2000,"caption":"corsette by La Cortigiana"},{"@type":"BreadcrumbList","@id":"https:\/\/la-cortigiana.it\/product\/structured-waist-corset-with-ribbon\/#breadcrumb","itemListElement":[{"@type":"ListItem","position":1,"name":"Home","item":"https:\/\/la-cortigiana.it\/"},{"@type":"ListItem","position":2,"name":"Shop","item":"https:\/\/la-cortigiana.it\/shop\/"},{"@type":"ListItem","position":3,"name":"Structured Waist Corset with Ribbon Ties"}]},{"@type":"WebSite","@id":"https:\/\/la-cortigiana.it\/#website","url":"https:\/\/la-cortigiana.it\/","name":"La Cortigiana | Gioielli con simboli discreti e pelle erotica, fatti a mano in Italia","description":"Segni silenziosi del desiderio scelto","publisher":{"@id":"https:\/\/la-cortigiana.it\/#organization"},"potentialAction":[{"@type":"SearchAction","target":{"@type":"EntryPoint","urlTemplate":"https:\/\/la-cortigiana.it\/?s={search_term_string}"},"query-input":{"@type":"PropertyValueSpecification","valueRequired":true,"valueName":"search_term_string"}}],"inLanguage":"it-IT"},{"@type":"Organization","@id":"https:\/\/la-cortigiana.it\/#organization","name":"La Cortigiana","url":"https:\/\/la-cortigiana.it\/","logo":{"@type":"ImageObject","inLanguage":"it-IT","@id":"https:\/\/la-cortigiana.it\/#\/schema\/logo\/image\/","url":"https:\/\/la-cortigiana.it\/wp-content\/uploads\/2025\/01\/La-Cortigiana.png","contentUrl":"https:\/\/la-cortigiana.it\/wp-content\/uploads\/2025\/01\/La-Cortigiana.png","width":1646,"height":575,"caption":"La Cortigiana"},"image":{"@id":"https:\/\/la-cortigiana.it\/#\/schema\/logo\/image\/"},"sameAs":["https:\/\/www.facebook.com\/LaCortigiana\/","https:\/\/x.com\/la_cortigianait","https:\/\/www.instagram.com\/la_cortigiana.it","https:\/\/substack.com\/@lacortigiana"]}]}},"_links":{"self":[{"href":"https:\/\/la-cortigiana.it\/it\/wp-json\/wp\/v2\/product\/1332","targetHints":{"allow":["GET"]}}],"collection":[{"href":"https:\/\/la-cortigiana.it\/it\/wp-json\/wp\/v2\/product"}],"about":[{"href":"https:\/\/la-cortigiana.it\/it\/wp-json\/wp\/v2\/types\/product"}],"replies":[{"embeddable":true,"href":"https:\/\/la-cortigiana.it\/it\/wp-json\/wp\/v2\/comments?post=1332"}],"wp:featuredmedia":[{"embeddable":true,"href":"https:\/\/la-cortigiana.it\/it\/wp-json\/wp\/v2\/media\/1745"}],"wp:attachment":[{"href":"https:\/\/la-cortigiana.it\/it\/wp-json\/wp\/v2\/media?parent=1332"}],"wp:term":[{"taxonomy":"product_brand","embeddable":true,"href":"https:\/\/la-cortigiana.it\/it\/wp-json\/wp\/v2\/product_brand?post=1332"},{"taxonomy":"product_cat","embeddable":true,"href":"https:\/\/la-cortigiana.it\/it\/wp-json\/wp\/v2\/product_cat?post=1332"},{"taxonomy":"product_tag","embeddable":true,"href":"https:\/\/la-cortigiana.it\/it\/wp-json\/wp\/v2\/product_tag?post=1332"}],"curies":[{"name":"wp","href":"https:\/\/api.w.org\/{rel}","templated":true}]}}